{"id":22639,"date":"2021-06-04T09:03:39","date_gmt":"2021-06-04T09:03:39","guid":{"rendered":"https:\/\/laxvox-institute.eu\/?post_type=product&#038;p=22639"},"modified":"2025-11-28T09:05:03","modified_gmt":"2025-11-28T08:05:03","slug":"videokurs-lax-vox-introduction-die-grundlagen","status":"publish","type":"product","link":"https:\/\/laxvox-institute.eu\/en\/product\/videokurs-lax-vox-introduction-die-grundlagen\/","title":{"rendered":"Videokurs: LAX VOX\u00ae Introduction \u2013 Die Grundlagen"},"content":{"rendered":"<h3><span style=\"color: #1db8dd;\">LAX VOX\u00ae Videokurs \u2013 Grundlagen<\/span><\/h3>\n<p>Lerne die Grundlagen und Wirkung von LAX VOX\u00ae Schritt f\u00fcr Schritt in diesem zweist\u00fcndigen Videokurs.<br \/>\nIn 20 kurzen und leicht verst\u00e4ndlichen Videos erkl\u00e4rt dir Stephanie A. Kurse, Inhaberin des LAX VOX\u00ae Institute, die Grundlagen, Hintergr\u00fcnde und die korrekte Anwendung von LAX VOX\u00ae.<\/p>\n<div class=\"gap\" style=\"line-height: 10px; height: 10px;\"><\/div>\n<h4><span style=\"color: #1db8dd;\"><strong>Was dich erwartet:<\/strong><\/span><\/h4>\n<p><strong>5 Lektionen mit insgesamt 20 Videos, Handout und \u00dcbungen<br \/>\n<\/strong><br \/>\n<strong>Lektion 1:<\/strong> Inhalte und Vorbereitung<br \/>\n<strong>Lektion 2:<\/strong> Das ist LAX VOX\u00ae \u2013 Geschichte, \u00dcberblick<br \/>\n<strong>Lektion 3:<\/strong> So geht\u2019s \u2013 \u00a0Anwendung<br \/>\n<strong>Lektion 4<\/strong>: Die LAX VOX\u00ae-Einstellungsoptionen \u2013 Haltung, Schlauchtiefe, Luftmenge, Tonh\u00f6he, Winkel, Position im Mund, Atmung<br \/>\n<strong>Lektion 5:<\/strong> Die Wirkweise \u2013 Instrument, Physik, Effekte<\/p>\n<p><strong>\u00dcbungen:<\/strong> Gaumensegel aktivieren, Kiefer l\u00f6sen<br \/>\n<strong>Gratis Videos:<\/strong> \u00dcbungsanleitung LAX VOX\u00ae, LAX VOX\u00ae Produkte<br \/>\n<strong>Bonus:<\/strong> LAX VOX\u00ae Track CALM<\/p>\n<h4><strong><span style=\"color: #1db8dd;\">Das sagen unsere Kund*innen:<\/span><\/strong><\/h4>\n<p>\u2b50 \u201eDer Kurs ist eine absolute Bereicherung! Ich habe ihn komplett durchgearbeitet und bin begeistert.\u201c<br \/>\n\u2b50 \u201eMan kann gezielt einzelne Themen wiederholen, ohne den ganzen Kurs anschauen zu m\u00fcssen.\u201c<br \/>\n\u2b50 \u201eBesonders die Kiefer\u00fcbung hat mir gefallen \u2013 dazu w\u00fcrde ich mir weitere \u00dcbungsvideos w\u00fcnschen.\u201c<br \/>\n\u2b50 \u201eIm eigenen Tempo \u00fcben \u2013 ein freies Min\u00fctchen reicht, um zu \u2018laxvoxen\u2019. Absolut empfehlenswert!\u201c<br \/>\n<div class=\"gap\" style=\"line-height: 10px; height: 10px;\"><\/div><\/p>\n<h4 style=\"color: #1db8dd;\"><strong>Zielgruppe:<\/strong><\/h4>\n<p>Logop\u00e4d*innen, Vocal Coaches, S\u00e4nger*innen, Stimmtrainer*innen und alle, die LAX VOX\u00ae sicher und effektiv anwenden m\u00f6chten.<br \/>\n<div class=\"gap\" style=\"line-height: 10px; height: 10px;\"><\/div><\/p>\n<h4><span style=\"color: #1db8dd;\"><strong><span style=\"caret-color: #1db8dd;\">Dozentin:<\/span><\/strong><\/span><\/h4>\n<p><img decoding=\"async\" class=\"wp-image-50272 alignleft\" src=\"https:\/\/laxvox-institute.eu\/wp-content\/uploads\/2020\/04\/1-300x300.png\" alt=\"\" width=\"100\" height=\"100\" srcset=\"https:\/\/laxvox-institute.eu\/wp-content\/uploads\/2020\/04\/1-300x300.png 300w, https:\/\/laxvox-institute.eu\/wp-content\/uploads\/2020\/04\/1-150x150.png 150w, https:\/\/laxvox-institute.eu\/wp-content\/uploads\/2020\/04\/1-768x768.png 768w, https:\/\/laxvox-institute.eu\/wp-content\/uploads\/2020\/04\/1-500x500.png 500w, https:\/\/laxvox-institute.eu\/wp-content\/uploads\/2020\/04\/1-157x157.png 157w, https:\/\/laxvox-institute.eu\/wp-content\/uploads\/2020\/04\/1-200x200.png 200w, https:\/\/laxvox-institute.eu\/wp-content\/uploads\/2020\/04\/1-400x400.png 400w, https:\/\/laxvox-institute.eu\/wp-content\/uploads\/2020\/04\/1.png 842w\" sizes=\"(max-width: 100px) 100vw, 100px\" \/>Stephanie A. Kurse ist Logop\u00e4din (Bachelor of Health), Estill Voice\u00ae Master Trainerin, Mit-Begr\u00fcnderin der LaKru\u00ae-Stimmtransition, Vocal Coach, S\u00e4ngerin und Gr\u00fcnderin des LAX VOX\u00ae Institutes. Seit 2012 widmet sie sich LAX VOX\u00ae und vermittelt ihr Wissen in Workshops und Fortbildungen. Sie unterrichtet klar, lebendig und mit Humor.<\/p>\n<p>&nbsp;<\/p>\n<p>&nbsp;<\/p>\n<h4><strong><span style=\"color: #1db8dd;\">\u00dcberblick:<\/span><\/strong><\/h4>\n<p><strong>\u2713 20 Videos &amp; 2 Gratisvideos<\/strong><br \/>\n<strong>\u2713 \u00a0inkl. Handout<\/strong><br \/>\n<strong>\u2713 Direkt online im Kundenkonto verf\u00fcgbar<\/strong><br \/>\n<strong>\u2713 F\u00fcr Therapie, Gesang, Stimmbildung, Vocal Coaching und t\u00e4gliches Stimmtraining<\/strong><\/p>\n","protected":false},"excerpt":{"rendered":"<div class=\"icon-text-block\"><i class=\"fa fa-user\"><\/i>Stephanie A. Kruse<\/div>\n<div class=\"icon-text-block\"><i class=\"fa fa-video\"><\/i>20 Videos<\/div>\n<div class=\"icon-text-block\"><i class=\"fa fa-clock\"><\/i>2 Stunden<\/div>\n<div class=\"icon-text-block\"><i class=\"fa fa-infinity\"><\/i>Lebenslanger Zugang<\/div>\n<div class=\"icon-text-block\"><i class=\"fa fa-file-alt\"><\/i>Inklusive Handout<\/div>\n<div class=\"icon-text-block\"><i class=\"fa fa-key\"><\/i>jederzeit verf\u00fcgbar im Kundenkonto<\/div>\n","protected":false},"featured_media":45656,"template":"","meta":[],"product_brand":[],"product_cat":[323,390],"product_tag":[],"class_list":{"0":"post-22639","1":"product","2":"type-product","3":"status-publish","4":"has-post-thumbnail","6":"product_cat-videokurse","7":"product_cat-de-workshop","8":"description-off","10":"first","11":"instock","12":"virtual","13":"sold-individually","14":"taxable","15":"purchasable","16":"product-type-simple"},"bundled_by":["34543","34365","34376","34649","36389"],"bundle_stock_status":"instock","bundle_stock_quantity":null,"bundle_virtual":false,"bundle_layout":"","bundle_add_to_cart_form_location":"","bundle_editable_in_cart":false,"bundle_sold_individually_context":"","bundle_item_grouping":"","bundle_min_size":"","bundle_max_size":"","bundle_price":[],"bundled_items":[],"bundle_sell_ids":[],"yoast_head":"<!-- This site is optimized with the Yoast SEO plugin v27.3 - https:\/\/yoast.com\/product\/yoast-seo-wordpress\/ -->\n<title>Videokurs: LAX VOX\u00ae Introduction - Die Grundlagen<\/title>\n<meta name=\"description\" content=\"Lerne die Grundlagen, die Herkunft, die Wirkweise und die Anwendung von LAX VOX\u00ae in diesem zweist\u00fcndigen Videokurs \u2013 wann, wo und so oft du willst.\" \/>\n<meta name=\"robots\" content=\"index, follow, max-snippet:-1, max-image-preview:large, max-video-preview:-1\" \/>\n<link rel=\"canonical\" href=\"https:\/\/laxvox-institute.eu\/en\/product\/videokurs-lax-vox-introduction-die-grundlagen\/\" \/>\n<meta property=\"og:locale\" content=\"en_US\" \/>\n<meta property=\"og:type\" content=\"article\" \/>\n<meta property=\"og:title\" content=\"Videokurs: LAX VOX\u00ae Introduction - Die Grundlagen\" \/>\n<meta property=\"og:description\" content=\"Lerne die Grundlagen, die Herkunft, die Wirkweise und die Anwendung von LAX VOX\u00ae in diesem zweist\u00fcndigen Videokurs \u2013 wann, wo und so oft du willst.\" \/>\n<meta property=\"og:url\" content=\"https:\/\/laxvox-institute.eu\/en\/product\/videokurs-lax-vox-introduction-die-grundlagen\/\" \/>\n<meta property=\"og:site_name\" content=\"LAX VOX\u00ae Institute by Stephanie A. Kruse\" \/>\n<meta property=\"article:modified_time\" content=\"2025-11-28T08:05:03+00:00\" \/>\n<meta property=\"og:image\" content=\"https:\/\/laxvox-institute.eu\/wp-content\/uploads\/2024\/11\/3.webp\" \/>\n\t<meta property=\"og:image:width\" content=\"1080\" \/>\n\t<meta property=\"og:image:height\" content=\"1080\" \/>\n\t<meta property=\"og:image:type\" content=\"image\/webp\" \/>\n<meta name=\"twitter:card\" content=\"summary_large_image\" \/>\n<meta name=\"twitter:label1\" content=\"Est. reading time\" \/>\n\t<meta name=\"twitter:data1\" content=\"2 minutes\" \/>\n<script type=\"application\/ld+json\" class=\"yoast-schema-graph\">{\"@context\":\"https:\\\/\\\/schema.org\",\"@graph\":[{\"@type\":\"WebPage\",\"@id\":\"https:\\\/\\\/laxvox-institute.eu\\\/en\\\/product\\\/videokurs-lax-vox-introduction-die-grundlagen\\\/\",\"url\":\"https:\\\/\\\/laxvox-institute.eu\\\/en\\\/product\\\/videokurs-lax-vox-introduction-die-grundlagen\\\/\",\"name\":\"Videokurs: LAX VOX\u00ae Introduction - Die Grundlagen\",\"isPartOf\":{\"@id\":\"https:\\\/\\\/laxvox-institute.eu\\\/en\\\/#website\"},\"primaryImageOfPage\":{\"@id\":\"https:\\\/\\\/laxvox-institute.eu\\\/en\\\/product\\\/videokurs-lax-vox-introduction-die-grundlagen\\\/#primaryimage\"},\"image\":{\"@id\":\"https:\\\/\\\/laxvox-institute.eu\\\/en\\\/product\\\/videokurs-lax-vox-introduction-die-grundlagen\\\/#primaryimage\"},\"thumbnailUrl\":\"https:\\\/\\\/laxvox-institute.eu\\\/wp-content\\\/uploads\\\/2024\\\/11\\\/3.webp\",\"datePublished\":\"2021-06-04T09:03:39+00:00\",\"dateModified\":\"2025-11-28T08:05:03+00:00\",\"description\":\"Lerne die Grundlagen, die Herkunft, die Wirkweise und die Anwendung von LAX VOX\u00ae in diesem zweist\u00fcndigen Videokurs \u2013 wann, wo und so oft du willst.\",\"breadcrumb\":{\"@id\":\"https:\\\/\\\/laxvox-institute.eu\\\/en\\\/product\\\/videokurs-lax-vox-introduction-die-grundlagen\\\/#breadcrumb\"},\"inLanguage\":\"en-US\",\"potentialAction\":[{\"@type\":\"ReadAction\",\"target\":[\"https:\\\/\\\/laxvox-institute.eu\\\/en\\\/product\\\/videokurs-lax-vox-introduction-die-grundlagen\\\/\"]}]},{\"@type\":\"ImageObject\",\"inLanguage\":\"en-US\",\"@id\":\"https:\\\/\\\/laxvox-institute.eu\\\/en\\\/product\\\/videokurs-lax-vox-introduction-die-grundlagen\\\/#primaryimage\",\"url\":\"https:\\\/\\\/laxvox-institute.eu\\\/wp-content\\\/uploads\\\/2024\\\/11\\\/3.webp\",\"contentUrl\":\"https:\\\/\\\/laxvox-institute.eu\\\/wp-content\\\/uploads\\\/2024\\\/11\\\/3.webp\",\"width\":1080,\"height\":1080,\"caption\":\"Videokurs: LAX VOX Introduction mit Stephanie Kruse\"},{\"@type\":\"BreadcrumbList\",\"@id\":\"https:\\\/\\\/laxvox-institute.eu\\\/en\\\/product\\\/videokurs-lax-vox-introduction-die-grundlagen\\\/#breadcrumb\",\"itemListElement\":[{\"@type\":\"ListItem\",\"position\":1,\"name\":\"Startseite\",\"item\":\"https:\\\/\\\/laxvox-institute.eu\\\/en\\\/\"},{\"@type\":\"ListItem\",\"position\":2,\"name\":\"Shop\",\"item\":\"https:\\\/\\\/laxvox-institute.eu\\\/en\\\/produkt-archiv\\\/\"},{\"@type\":\"ListItem\",\"position\":3,\"name\":\"Videokurs: LAX VOX\u00ae Introduction \u2013 Die Grundlagen\"}]},{\"@type\":\"WebSite\",\"@id\":\"https:\\\/\\\/laxvox-institute.eu\\\/en\\\/#website\",\"url\":\"https:\\\/\\\/laxvox-institute.eu\\\/en\\\/\",\"name\":\"LAX VOX\u00ae Institute by Stephanie A. Kruse\",\"description\":\"Wissen, das hilft! Lerne alles \u00fcber Stimme!\",\"publisher\":{\"@id\":\"https:\\\/\\\/laxvox-institute.eu\\\/en\\\/#organization\"},\"potentialAction\":[{\"@type\":\"SearchAction\",\"target\":{\"@type\":\"EntryPoint\",\"urlTemplate\":\"https:\\\/\\\/laxvox-institute.eu\\\/en\\\/?s={search_term_string}\"},\"query-input\":{\"@type\":\"PropertyValueSpecification\",\"valueRequired\":true,\"valueName\":\"search_term_string\"}}],\"inLanguage\":\"en-US\"},{\"@type\":\"Organization\",\"@id\":\"https:\\\/\\\/laxvox-institute.eu\\\/en\\\/#organization\",\"name\":\"LAX VOX\u00ae Institute by Stephanie A. Kruse\",\"url\":\"https:\\\/\\\/laxvox-institute.eu\\\/en\\\/\",\"logo\":{\"@type\":\"ImageObject\",\"inLanguage\":\"en-US\",\"@id\":\"https:\\\/\\\/laxvox-institute.eu\\\/en\\\/#\\\/schema\\\/logo\\\/image\\\/\",\"url\":\"https:\\\/\\\/laxvox-institute.eu\\\/wp-content\\\/uploads\\\/2021\\\/01\\\/LANDINGPAGE_200px_INSTITUTE.webp\",\"contentUrl\":\"https:\\\/\\\/laxvox-institute.eu\\\/wp-content\\\/uploads\\\/2021\\\/01\\\/LANDINGPAGE_200px_INSTITUTE.webp\",\"width\":200,\"height\":65,\"caption\":\"LAX VOX\u00ae Institute by Stephanie A. Kruse\"},\"image\":{\"@id\":\"https:\\\/\\\/laxvox-institute.eu\\\/en\\\/#\\\/schema\\\/logo\\\/image\\\/\"},\"sameAs\":[\"https:\\\/\\\/www.instagram.com\\\/laxvox_official\\\/\"]}]}<\/script>\n<!-- \/ Yoast SEO plugin. -->","yoast_head_json":{"title":"Videokurs: LAX VOX\u00ae Introduction - Die Grundlagen","description":"Lerne die Grundlagen, die Herkunft, die Wirkweise und die Anwendung von LAX VOX\u00ae in diesem zweist\u00fcndigen Videokurs \u2013 wann, wo und so oft du willst.","robots":{"index":"index","follow":"follow","max-snippet":"max-snippet:-1","max-image-preview":"max-image-preview:large","max-video-preview":"max-video-preview:-1"},"canonical":"https:\/\/laxvox-institute.eu\/en\/product\/videokurs-lax-vox-introduction-die-grundlagen\/","og_locale":"en_US","og_type":"article","og_title":"Videokurs: LAX VOX\u00ae Introduction - Die Grundlagen","og_description":"Lerne die Grundlagen, die Herkunft, die Wirkweise und die Anwendung von LAX VOX\u00ae in diesem zweist\u00fcndigen Videokurs \u2013 wann, wo und so oft du willst.","og_url":"https:\/\/laxvox-institute.eu\/en\/product\/videokurs-lax-vox-introduction-die-grundlagen\/","og_site_name":"LAX VOX\u00ae Institute by Stephanie A. Kruse","article_modified_time":"2025-11-28T08:05:03+00:00","og_image":[{"width":1080,"height":1080,"url":"https:\/\/laxvox-institute.eu\/wp-content\/uploads\/2024\/11\/3.webp","type":"image\/webp"}],"twitter_card":"summary_large_image","twitter_misc":{"Est. reading time":"2 minutes"},"schema":{"@context":"https:\/\/schema.org","@graph":[{"@type":"WebPage","@id":"https:\/\/laxvox-institute.eu\/en\/product\/videokurs-lax-vox-introduction-die-grundlagen\/","url":"https:\/\/laxvox-institute.eu\/en\/product\/videokurs-lax-vox-introduction-die-grundlagen\/","name":"Videokurs: LAX VOX\u00ae Introduction - Die Grundlagen","isPartOf":{"@id":"https:\/\/laxvox-institute.eu\/en\/#website"},"primaryImageOfPage":{"@id":"https:\/\/laxvox-institute.eu\/en\/product\/videokurs-lax-vox-introduction-die-grundlagen\/#primaryimage"},"image":{"@id":"https:\/\/laxvox-institute.eu\/en\/product\/videokurs-lax-vox-introduction-die-grundlagen\/#primaryimage"},"thumbnailUrl":"https:\/\/laxvox-institute.eu\/wp-content\/uploads\/2024\/11\/3.webp","datePublished":"2021-06-04T09:03:39+00:00","dateModified":"2025-11-28T08:05:03+00:00","description":"Lerne die Grundlagen, die Herkunft, die Wirkweise und die Anwendung von LAX VOX\u00ae in diesem zweist\u00fcndigen Videokurs \u2013 wann, wo und so oft du willst.","breadcrumb":{"@id":"https:\/\/laxvox-institute.eu\/en\/product\/videokurs-lax-vox-introduction-die-grundlagen\/#breadcrumb"},"inLanguage":"en-US","potentialAction":[{"@type":"ReadAction","target":["https:\/\/laxvox-institute.eu\/en\/product\/videokurs-lax-vox-introduction-die-grundlagen\/"]}]},{"@type":"ImageObject","inLanguage":"en-US","@id":"https:\/\/laxvox-institute.eu\/en\/product\/videokurs-lax-vox-introduction-die-grundlagen\/#primaryimage","url":"https:\/\/laxvox-institute.eu\/wp-content\/uploads\/2024\/11\/3.webp","contentUrl":"https:\/\/laxvox-institute.eu\/wp-content\/uploads\/2024\/11\/3.webp","width":1080,"height":1080,"caption":"Videokurs: LAX VOX Introduction mit Stephanie Kruse"},{"@type":"BreadcrumbList","@id":"https:\/\/laxvox-institute.eu\/en\/product\/videokurs-lax-vox-introduction-die-grundlagen\/#breadcrumb","itemListElement":[{"@type":"ListItem","position":1,"name":"Startseite","item":"https:\/\/laxvox-institute.eu\/en\/"},{"@type":"ListItem","position":2,"name":"Shop","item":"https:\/\/laxvox-institute.eu\/en\/produkt-archiv\/"},{"@type":"ListItem","position":3,"name":"Videokurs: LAX VOX\u00ae Introduction \u2013 Die Grundlagen"}]},{"@type":"WebSite","@id":"https:\/\/laxvox-institute.eu\/en\/#website","url":"https:\/\/laxvox-institute.eu\/en\/","name":"LAX VOX\u00ae Institute by Stephanie A. Kruse","description":"Wissen, das hilft! Lerne alles \u00fcber Stimme!","publisher":{"@id":"https:\/\/laxvox-institute.eu\/en\/#organization"},"potentialAction":[{"@type":"SearchAction","target":{"@type":"EntryPoint","urlTemplate":"https:\/\/laxvox-institute.eu\/en\/?s={search_term_string}"},"query-input":{"@type":"PropertyValueSpecification","valueRequired":true,"valueName":"search_term_string"}}],"inLanguage":"en-US"},{"@type":"Organization","@id":"https:\/\/laxvox-institute.eu\/en\/#organization","name":"LAX VOX\u00ae Institute by Stephanie A. Kruse","url":"https:\/\/laxvox-institute.eu\/en\/","logo":{"@type":"ImageObject","inLanguage":"en-US","@id":"https:\/\/laxvox-institute.eu\/en\/#\/schema\/logo\/image\/","url":"https:\/\/laxvox-institute.eu\/wp-content\/uploads\/2021\/01\/LANDINGPAGE_200px_INSTITUTE.webp","contentUrl":"https:\/\/laxvox-institute.eu\/wp-content\/uploads\/2021\/01\/LANDINGPAGE_200px_INSTITUTE.webp","width":200,"height":65,"caption":"LAX VOX\u00ae Institute by Stephanie A. Kruse"},"image":{"@id":"https:\/\/laxvox-institute.eu\/en\/#\/schema\/logo\/image\/"},"sameAs":["https:\/\/www.instagram.com\/laxvox_official\/"]}]}},"_links":{"self":[{"href":"https:\/\/laxvox-institute.eu\/en\/wp-json\/wp\/v2\/product\/22639","targetHints":{"allow":["GET"]}}],"collection":[{"href":"https:\/\/laxvox-institute.eu\/en\/wp-json\/wp\/v2\/product"}],"about":[{"href":"https:\/\/laxvox-institute.eu\/en\/wp-json\/wp\/v2\/types\/product"}],"wp:featuredmedia":[{"embeddable":true,"href":"https:\/\/laxvox-institute.eu\/en\/wp-json\/wp\/v2\/media\/45656"}],"wp:attachment":[{"href":"https:\/\/laxvox-institute.eu\/en\/wp-json\/wp\/v2\/media?parent=22639"}],"wp:term":[{"taxonomy":"product_brand","embeddable":true,"href":"https:\/\/laxvox-institute.eu\/en\/wp-json\/wp\/v2\/product_brand?post=22639"},{"taxonomy":"product_cat","embeddable":true,"href":"https:\/\/laxvox-institute.eu\/en\/wp-json\/wp\/v2\/product_cat?post=22639"},{"taxonomy":"product_tag","embeddable":true,"href":"https:\/\/laxvox-institute.eu\/en\/wp-json\/wp\/v2\/product_tag?post=22639"}],"curies":[{"name":"wp","href":"https:\/\/api.w.org\/{rel}","templated":true}]}}