{"id":40782,"date":"2023-10-13T11:54:02","date_gmt":"2023-10-13T11:54:02","guid":{"rendered":"https:\/\/laxvox-institute.eu\/produkt\/lax-vox-soundtrack-all-in-one\/"},"modified":"2025-11-27T23:07:33","modified_gmt":"2025-11-27T22:07:33","slug":"lax-vox-soundtrack-all-in-one","status":"publish","type":"product","link":"https:\/\/laxvox-institute.eu\/en\/product\/lax-vox-soundtrack-all-in-one\/","title":{"rendered":"LAX VOX\u00ae Soundtrack ALL IN ONE"},"content":{"rendered":"<h3><span style=\"color: #1db8dd;\">LAX VOX\u00ae Soundtrack ALL IN ONE \u2013 Stimmtraining, das Spa\u00df macht<\/span><\/h3>\n<p>Der LAX VOX\u00ae Soundtrack ALL IN ONE beinhaltet 19 speziell f\u00fcr die Stimmarbeit mit LAX VOX\u00ae komponierten Tracks.<br \/>\nLAX VOX\u00ae Institute Inhaberin Stephanie Kruse hat sie mit Blick auf die passende \u00dcbungsdauer, die passende Tonlage und die Wirkung auf das Nervensystem komponiert.<br \/>\nSchnapp dir deinen LAX VOX\u00ae-Schlauch, ein Gef\u00e4\u00df mit Wasser, und lass dich von der Musik durch dein Stimmtraining f\u00fchren.<br \/>\n<div class=\"gap\" style=\"line-height: 10px; height: 10px;\"><\/div><\/p>\n<div class=\"hr-thin\"><\/div>\n<h4><strong><span style=\"color: #1db8dd;\">Was dich erwartet:<\/span><\/strong><\/h4>\n<p><strong>5 Warm-Up &amp; Cool-Down-Tracks<br \/>\nF\u00f6rdern Entspannung, Aktivierung und ganzk\u00f6rperliche Regulation<br \/>\n<\/strong><br \/>\n\u2713 Speziell f\u00fcr LAX VOX\u00ae Basics entwickelt<br \/>\n\u2713 Perfekte L\u00e4nge: 3\u20135 Minuten<br \/>\n\u2713 Mittlere Sprechstimmlage<br \/>\n\u2713 Zwei Tracks genderneutral f\u00fcr Stimmtransitionen<br \/>\n\u2713 Sanfte Check-In-M\u00f6glichkeit<\/p>\n<p>&nbsp;<\/p>\n<p><strong>14 Trainings-Tracks f\u00fcr<br \/>\ngezieltes Stimmtraining f\u00fcr Flexibilit\u00e4t und Stimmgesundheit im Gesang und f\u00fcr die Sprechstimme<br \/>\n<\/strong><br \/>\n\u2713 Dicke Masse: Vollschwingung der Stimmlippen, klare Bruststimme, stabile Atem-Stimmkopplung, optimale Sprech- und Gesangsstimme<br \/>\n\u2713 D\u00fcnne Masse: Kopfstimme, weicher Stimmeinsatz, flexible Register, leise klare Stimme, klassischer Gesang<br \/>\n\u2713 3 sanfte Einsing\u00fcbungen f\u00fcr Beweglichkeit, Agilit\u00e4t und Vokal-Intervalltraining<\/p>\n<div class=\"gap\" style=\"line-height: 10px; height: 10px;\"><\/div>\n<div class=\"hr-thin\"><\/div>\n<h4><strong><span style=\"color: #1db8dd;\">Anwendungsbereiche:<\/span><\/strong><\/h4>\n<p>\u2713 T\u00e4gliche Stimmpflege<br \/>\n\u2713 Regeneration nach stimmlicher Belastung<br \/>\n\u2713 Rehabilitation bei Stimmst\u00f6rungen<br \/>\n\u2713 Singstimmtraining, Vocal Coaching, Stimmbildung<br \/>\n\u2713 Ideal f\u00fcr Logop\u00e4dinnen, S\u00e4ngerinnen, Vocal Coaches, Sprecher*innen und alle, die ihre Stimme nachhaltig verbessern m\u00f6chten<br \/>\n<div class=\"gap\" style=\"line-height: 10px; height: 10px;\"><\/div><\/p>\n<div class=\"hr-thin\"><\/div>\n<h4><strong><span style=\"color: #1db8dd;\">Was andere sagen:<\/span><\/strong><\/h4>\n<p>\u2b50 \u201eSo machen Stimm\u00fcbungen richtig Spa\u00df! Nie mehr ohne\u2026\u201c \u2013 Gabriele Wohlgemuth, Vocal Coach<br \/>\n\u2b50 \u201eDie Tracks k\u00f6nnen individuell an Stimmziele angepasst werden \u2013 bereichernd und empfehlenswert!\u201c \u2013 Anne Barth, Logop\u00e4din &amp; S\u00e4ngerin<br \/>\n\u2b50 \u201eF\u00fcr jede Stimmung ist etwas Passendes dabei. Es macht einfach Freude, damit zu arbeiten.\u201c \u2013 Stefanie Wellner, Logop\u00e4din &amp; S\u00e4ngerin<br \/>\n\u2b50 \u201eDer Soundtrack motiviert und bringt Coachees schnell in Schwung \u2013 absolute Empfehlung!\u201c \u2013 Claudia Mundi, Vocal Coach<br \/>\n<div class=\"gap\" style=\"line-height: 10px; height: 10px;\"><\/div><\/p>\n<div class=\"hr-thin\"><\/div>\n<h4 style=\"color: #1db8dd;\"><strong>Zielgruppe:<\/strong><\/h4>\n<p>Logop\u00e4d*innen, Vocal Coaches, Singende, Gesangslehrende und alle, die ihre Stimme gezielt trainieren und pflegen m\u00f6chten<br \/>\n<div class=\"gap\" style=\"line-height: 10px; height: 10px;\"><\/div><\/p>\n<h4 style=\"color: #1db8dd;\"><strong>Die kreativen K\u00f6pfe:<\/strong><\/h4>\n<p>Stephanie A. Kruse \u2013 Logop\u00e4din, Estill Voice\u00ae Master Trainerin, Vocal Coach, S\u00e4ngerin und Gr\u00fcnderin des LAX VOX\u00ae Institutes. Entwickelte den Soundtrack gemeinsam mit Musiker<br \/>\nLukas H\u00e4fner, der alle Instrumente live einspielte und f\u00fcr die besondere Klangatmosph\u00e4re sorgte<br \/>\n<div class=\"gap\" style=\"line-height: 10px; height: 10px;\"><\/div><\/p>\n<div class=\"hr-thin\"><\/div>\n<h4 style=\"color: #1db8dd;\"><strong>\u00dcberblick:<\/strong><\/h4>\n<p><strong>\u2713 19 \u00dcbe-Tracks<\/strong><br \/>\n<strong>\u2713 Direkt online im Kundenkonto abspielbar (kein Download, keine CD)<\/strong><br \/>\n<strong>\u2713 F\u00fcr Therapie, Gesang, Stimmbildung, Vocal Coaching und t\u00e4gliche Stimmpflege<\/strong><\/p>\n","protected":false},"excerpt":{"rendered":"<div class=\"icon-text-block\"><i class=\"fa fa-music\"><\/i>19 Tracks f\u00fcr die Stimmarbeit mit LAX VOX\u00ae<\/div>\n<div class=\"icon-text-block\"><i class=\"fa fa-play\"><\/i>Direkt im Kundenkonto abspielbar (kein Download, keine CD)<\/div>\n<div class=\"icon-text-block\"><i class=\"fa fa-check\"><\/i>F\u00fcr Therapie, Stimmbildung, Vocal Coaching und t\u00e4gliche Stimmpflege<\/div>\n","protected":false},"featured_media":40362,"template":"","meta":[],"product_brand":[],"product_cat":[258],"product_tag":[],"class_list":{"0":"post-40782","1":"product","2":"type-product","3":"status-publish","4":"has-post-thumbnail","6":"product_cat-uncategorized-en","7":"description-off","9":"first","10":"instock","11":"virtual","12":"sold-individually","13":"taxable","14":"purchasable","15":"product-type-simple"},"bundled_by":[],"bundle_stock_status":"instock","bundle_stock_quantity":null,"bundle_virtual":false,"bundle_layout":"","bundle_add_to_cart_form_location":"","bundle_editable_in_cart":false,"bundle_sold_individually_context":"","bundle_item_grouping":"","bundle_min_size":"","bundle_max_size":"","bundle_price":[],"bundled_items":[],"bundle_sell_ids":[],"yoast_head":"<!-- This site is optimized with the Yoast SEO plugin v27.4 - https:\/\/yoast.com\/product\/yoast-seo-wordpress\/ -->\n<title>LAX VOX\u00ae Soundtrack ALL IN ONE<\/title>\n<meta name=\"description\" content=\"LAX VOX\u00ae Soundtrack ALL IN ONE \u2013 Stimmtraining, das Spa\u00df macht: mit 19 speziell f\u00fcr die Stimmarbeit mit LAX VOX\u00ae komponierten Tracks.\" \/>\n<meta name=\"robots\" content=\"index, follow, max-snippet:-1, max-image-preview:large, max-video-preview:-1\" \/>\n<link rel=\"canonical\" href=\"https:\/\/laxvox-institute.eu\/en\/product\/lax-vox-soundtrack-all-in-one\/\" \/>\n<meta property=\"og:locale\" content=\"en_US\" \/>\n<meta property=\"og:type\" content=\"article\" \/>\n<meta property=\"og:title\" content=\"LAX VOX\u00ae Soundtrack ALL IN ONE\" \/>\n<meta property=\"og:description\" content=\"LAX VOX\u00ae Soundtrack ALL IN ONE \u2013 Stimmtraining, das Spa\u00df macht: mit 19 speziell f\u00fcr die Stimmarbeit mit LAX VOX\u00ae komponierten Tracks.\" \/>\n<meta property=\"og:url\" content=\"https:\/\/laxvox-institute.eu\/en\/product\/lax-vox-soundtrack-all-in-one\/\" \/>\n<meta property=\"og:site_name\" content=\"LAX VOX\u00ae Institute by Stephanie A. Kruse\" \/>\n<meta property=\"article:modified_time\" content=\"2025-11-27T22:07:33+00:00\" \/>\n<meta property=\"og:image\" content=\"https:\/\/laxvox-institute.eu\/wp-content\/uploads\/2023\/10\/1-3-1.webp\" \/>\n\t<meta property=\"og:image:width\" content=\"540\" \/>\n\t<meta property=\"og:image:height\" content=\"540\" \/>\n\t<meta property=\"og:image:type\" content=\"image\/png\" \/>\n<meta name=\"twitter:card\" content=\"summary_large_image\" \/>\n<meta name=\"twitter:label1\" content=\"Est. reading time\" \/>\n\t<meta name=\"twitter:data1\" content=\"5 minutes\" \/>\n<script type=\"application\/ld+json\" class=\"yoast-schema-graph\">{\"@context\":\"https:\\\/\\\/schema.org\",\"@graph\":[{\"@type\":\"WebPage\",\"@id\":\"https:\\\/\\\/laxvox-institute.eu\\\/en\\\/product\\\/lax-vox-soundtrack-all-in-one\\\/\",\"url\":\"https:\\\/\\\/laxvox-institute.eu\\\/en\\\/product\\\/lax-vox-soundtrack-all-in-one\\\/\",\"name\":\"LAX VOX\u00ae Soundtrack ALL IN ONE\",\"isPartOf\":{\"@id\":\"https:\\\/\\\/laxvox-institute.eu\\\/en\\\/#website\"},\"primaryImageOfPage\":{\"@id\":\"https:\\\/\\\/laxvox-institute.eu\\\/en\\\/product\\\/lax-vox-soundtrack-all-in-one\\\/#primaryimage\"},\"image\":{\"@id\":\"https:\\\/\\\/laxvox-institute.eu\\\/en\\\/product\\\/lax-vox-soundtrack-all-in-one\\\/#primaryimage\"},\"thumbnailUrl\":\"https:\\\/\\\/laxvox-institute.eu\\\/wp-content\\\/uploads\\\/2023\\\/10\\\/1-3-1.webp\",\"datePublished\":\"2023-10-13T11:54:02+00:00\",\"dateModified\":\"2025-11-27T22:07:33+00:00\",\"description\":\"LAX VOX\u00ae Soundtrack ALL IN ONE \u2013 Stimmtraining, das Spa\u00df macht: mit 19 speziell f\u00fcr die Stimmarbeit mit LAX VOX\u00ae komponierten Tracks.\",\"breadcrumb\":{\"@id\":\"https:\\\/\\\/laxvox-institute.eu\\\/en\\\/product\\\/lax-vox-soundtrack-all-in-one\\\/#breadcrumb\"},\"inLanguage\":\"en-US\",\"potentialAction\":[{\"@type\":\"ReadAction\",\"target\":[\"https:\\\/\\\/laxvox-institute.eu\\\/en\\\/product\\\/lax-vox-soundtrack-all-in-one\\\/\"]}]},{\"@type\":\"ImageObject\",\"inLanguage\":\"en-US\",\"@id\":\"https:\\\/\\\/laxvox-institute.eu\\\/en\\\/product\\\/lax-vox-soundtrack-all-in-one\\\/#primaryimage\",\"url\":\"https:\\\/\\\/laxvox-institute.eu\\\/wp-content\\\/uploads\\\/2023\\\/10\\\/1-3-1.webp\",\"contentUrl\":\"https:\\\/\\\/laxvox-institute.eu\\\/wp-content\\\/uploads\\\/2023\\\/10\\\/1-3-1.webp\",\"width\":540,\"height\":540},{\"@type\":\"BreadcrumbList\",\"@id\":\"https:\\\/\\\/laxvox-institute.eu\\\/en\\\/product\\\/lax-vox-soundtrack-all-in-one\\\/#breadcrumb\",\"itemListElement\":[{\"@type\":\"ListItem\",\"position\":1,\"name\":\"Startseite\",\"item\":\"https:\\\/\\\/laxvox-institute.eu\\\/en\\\/\"},{\"@type\":\"ListItem\",\"position\":2,\"name\":\"Shop\",\"item\":\"https:\\\/\\\/laxvox-institute.eu\\\/en\\\/produkt-archiv\\\/\"},{\"@type\":\"ListItem\",\"position\":3,\"name\":\"LAX VOX\u00ae Soundtrack ALL IN ONE\"}]},{\"@type\":\"WebSite\",\"@id\":\"https:\\\/\\\/laxvox-institute.eu\\\/en\\\/#website\",\"url\":\"https:\\\/\\\/laxvox-institute.eu\\\/en\\\/\",\"name\":\"LAX VOX\u00ae Institute by Stephanie A. Kruse\",\"description\":\"Wissen, das hilft! Lerne alles \u00fcber Stimme!\",\"publisher\":{\"@id\":\"https:\\\/\\\/laxvox-institute.eu\\\/en\\\/#organization\"},\"potentialAction\":[{\"@type\":\"SearchAction\",\"target\":{\"@type\":\"EntryPoint\",\"urlTemplate\":\"https:\\\/\\\/laxvox-institute.eu\\\/en\\\/?s={search_term_string}\"},\"query-input\":{\"@type\":\"PropertyValueSpecification\",\"valueRequired\":true,\"valueName\":\"search_term_string\"}}],\"inLanguage\":\"en-US\"},{\"@type\":\"Organization\",\"@id\":\"https:\\\/\\\/laxvox-institute.eu\\\/en\\\/#organization\",\"name\":\"LAX VOX\u00ae Institute by Stephanie A. Kruse\",\"url\":\"https:\\\/\\\/laxvox-institute.eu\\\/en\\\/\",\"logo\":{\"@type\":\"ImageObject\",\"inLanguage\":\"en-US\",\"@id\":\"https:\\\/\\\/laxvox-institute.eu\\\/en\\\/#\\\/schema\\\/logo\\\/image\\\/\",\"url\":\"https:\\\/\\\/laxvox-institute.eu\\\/wp-content\\\/uploads\\\/2021\\\/01\\\/LANDINGPAGE_200px_INSTITUTE.webp\",\"contentUrl\":\"https:\\\/\\\/laxvox-institute.eu\\\/wp-content\\\/uploads\\\/2021\\\/01\\\/LANDINGPAGE_200px_INSTITUTE.webp\",\"width\":200,\"height\":65,\"caption\":\"LAX VOX\u00ae Institute by Stephanie A. Kruse\"},\"image\":{\"@id\":\"https:\\\/\\\/laxvox-institute.eu\\\/en\\\/#\\\/schema\\\/logo\\\/image\\\/\"},\"sameAs\":[\"https:\\\/\\\/www.instagram.com\\\/laxvox_official\\\/\"]}]}<\/script>\n<!-- \/ Yoast SEO plugin. -->","yoast_head_json":{"title":"LAX VOX\u00ae Soundtrack ALL IN ONE","description":"LAX VOX\u00ae Soundtrack ALL IN ONE \u2013 Stimmtraining, das Spa\u00df macht: mit 19 speziell f\u00fcr die Stimmarbeit mit LAX VOX\u00ae komponierten Tracks.","robots":{"index":"index","follow":"follow","max-snippet":"max-snippet:-1","max-image-preview":"max-image-preview:large","max-video-preview":"max-video-preview:-1"},"canonical":"https:\/\/laxvox-institute.eu\/en\/product\/lax-vox-soundtrack-all-in-one\/","og_locale":"en_US","og_type":"article","og_title":"LAX VOX\u00ae Soundtrack ALL IN ONE","og_description":"LAX VOX\u00ae Soundtrack ALL IN ONE \u2013 Stimmtraining, das Spa\u00df macht: mit 19 speziell f\u00fcr die Stimmarbeit mit LAX VOX\u00ae komponierten Tracks.","og_url":"https:\/\/laxvox-institute.eu\/en\/product\/lax-vox-soundtrack-all-in-one\/","og_site_name":"LAX VOX\u00ae Institute by Stephanie A. Kruse","article_modified_time":"2025-11-27T22:07:33+00:00","og_image":[{"width":540,"height":540,"url":"https:\/\/laxvox-institute.eu\/wp-content\/uploads\/2023\/10\/1-3-1.webp","type":"image\/png"}],"twitter_card":"summary_large_image","twitter_misc":{"Est. reading time":"5 minutes"},"schema":{"@context":"https:\/\/schema.org","@graph":[{"@type":"WebPage","@id":"https:\/\/laxvox-institute.eu\/en\/product\/lax-vox-soundtrack-all-in-one\/","url":"https:\/\/laxvox-institute.eu\/en\/product\/lax-vox-soundtrack-all-in-one\/","name":"LAX VOX\u00ae Soundtrack ALL IN ONE","isPartOf":{"@id":"https:\/\/laxvox-institute.eu\/en\/#website"},"primaryImageOfPage":{"@id":"https:\/\/laxvox-institute.eu\/en\/product\/lax-vox-soundtrack-all-in-one\/#primaryimage"},"image":{"@id":"https:\/\/laxvox-institute.eu\/en\/product\/lax-vox-soundtrack-all-in-one\/#primaryimage"},"thumbnailUrl":"https:\/\/laxvox-institute.eu\/wp-content\/uploads\/2023\/10\/1-3-1.webp","datePublished":"2023-10-13T11:54:02+00:00","dateModified":"2025-11-27T22:07:33+00:00","description":"LAX VOX\u00ae Soundtrack ALL IN ONE \u2013 Stimmtraining, das Spa\u00df macht: mit 19 speziell f\u00fcr die Stimmarbeit mit LAX VOX\u00ae komponierten Tracks.","breadcrumb":{"@id":"https:\/\/laxvox-institute.eu\/en\/product\/lax-vox-soundtrack-all-in-one\/#breadcrumb"},"inLanguage":"en-US","potentialAction":[{"@type":"ReadAction","target":["https:\/\/laxvox-institute.eu\/en\/product\/lax-vox-soundtrack-all-in-one\/"]}]},{"@type":"ImageObject","inLanguage":"en-US","@id":"https:\/\/laxvox-institute.eu\/en\/product\/lax-vox-soundtrack-all-in-one\/#primaryimage","url":"https:\/\/laxvox-institute.eu\/wp-content\/uploads\/2023\/10\/1-3-1.webp","contentUrl":"https:\/\/laxvox-institute.eu\/wp-content\/uploads\/2023\/10\/1-3-1.webp","width":540,"height":540},{"@type":"BreadcrumbList","@id":"https:\/\/laxvox-institute.eu\/en\/product\/lax-vox-soundtrack-all-in-one\/#breadcrumb","itemListElement":[{"@type":"ListItem","position":1,"name":"Startseite","item":"https:\/\/laxvox-institute.eu\/en\/"},{"@type":"ListItem","position":2,"name":"Shop","item":"https:\/\/laxvox-institute.eu\/en\/produkt-archiv\/"},{"@type":"ListItem","position":3,"name":"LAX VOX\u00ae Soundtrack ALL IN ONE"}]},{"@type":"WebSite","@id":"https:\/\/laxvox-institute.eu\/en\/#website","url":"https:\/\/laxvox-institute.eu\/en\/","name":"LAX VOX\u00ae Institute by Stephanie A. Kruse","description":"Wissen, das hilft! Lerne alles \u00fcber Stimme!","publisher":{"@id":"https:\/\/laxvox-institute.eu\/en\/#organization"},"potentialAction":[{"@type":"SearchAction","target":{"@type":"EntryPoint","urlTemplate":"https:\/\/laxvox-institute.eu\/en\/?s={search_term_string}"},"query-input":{"@type":"PropertyValueSpecification","valueRequired":true,"valueName":"search_term_string"}}],"inLanguage":"en-US"},{"@type":"Organization","@id":"https:\/\/laxvox-institute.eu\/en\/#organization","name":"LAX VOX\u00ae Institute by Stephanie A. Kruse","url":"https:\/\/laxvox-institute.eu\/en\/","logo":{"@type":"ImageObject","inLanguage":"en-US","@id":"https:\/\/laxvox-institute.eu\/en\/#\/schema\/logo\/image\/","url":"https:\/\/laxvox-institute.eu\/wp-content\/uploads\/2021\/01\/LANDINGPAGE_200px_INSTITUTE.webp","contentUrl":"https:\/\/laxvox-institute.eu\/wp-content\/uploads\/2021\/01\/LANDINGPAGE_200px_INSTITUTE.webp","width":200,"height":65,"caption":"LAX VOX\u00ae Institute by Stephanie A. Kruse"},"image":{"@id":"https:\/\/laxvox-institute.eu\/en\/#\/schema\/logo\/image\/"},"sameAs":["https:\/\/www.instagram.com\/laxvox_official\/"]}]}},"_links":{"self":[{"href":"https:\/\/laxvox-institute.eu\/en\/wp-json\/wp\/v2\/product\/40782","targetHints":{"allow":["GET"]}}],"collection":[{"href":"https:\/\/laxvox-institute.eu\/en\/wp-json\/wp\/v2\/product"}],"about":[{"href":"https:\/\/laxvox-institute.eu\/en\/wp-json\/wp\/v2\/types\/product"}],"wp:featuredmedia":[{"embeddable":true,"href":"https:\/\/laxvox-institute.eu\/en\/wp-json\/wp\/v2\/media\/40362"}],"wp:attachment":[{"href":"https:\/\/laxvox-institute.eu\/en\/wp-json\/wp\/v2\/media?parent=40782"}],"wp:term":[{"taxonomy":"product_brand","embeddable":true,"href":"https:\/\/laxvox-institute.eu\/en\/wp-json\/wp\/v2\/product_brand?post=40782"},{"taxonomy":"product_cat","embeddable":true,"href":"https:\/\/laxvox-institute.eu\/en\/wp-json\/wp\/v2\/product_cat?post=40782"},{"taxonomy":"product_tag","embeddable":true,"href":"https:\/\/laxvox-institute.eu\/en\/wp-json\/wp\/v2\/product_tag?post=40782"}],"curies":[{"name":"wp","href":"https:\/\/api.w.org\/{rel}","templated":true}]}}