{"id":46935,"date":"2025-02-27T15:37:23","date_gmt":"2025-02-27T14:37:23","guid":{"rendered":"https:\/\/laxvox-institute.eu\/?post_type=product&#038;p=46935"},"modified":"2025-07-21T12:22:45","modified_gmt":"2025-07-21T10:22:45","slug":"04-07-25-07-2025-lets-sing-summer-camp","status":"publish","type":"product","link":"https:\/\/laxvox-institute.eu\/en\/product\/04-07-25-07-2025-lets-sing-summer-camp\/","title":{"rendered":"04.07.-25.07.2025 |\u00a0LET\u2019S SING \u2013 Summer Camp"},"content":{"rendered":"<h4>LET\u2019S SING \u2013 Summer Camp<\/h4>\n<p data-start=\"32\" data-end=\"181\">Du willst deine Stimme gezielt verbessern und mit mehr Leichtigkeit singen?<br \/>\nDu st\u00f6\u00dft immer an die gleichen Grenzen?<br \/>\nDann ist dieses Intensivtraining genau das Richtige f\u00fcr dich!<\/p>\n<p data-start=\"183\" data-end=\"409\">In jeder der vier Sessions (je 90 Minuten) erwarten dich<\/p>\n<ul>\n<li data-start=\"183\" data-end=\"409\">60 Minuten <strong>effektive \u00dcbungen<\/strong> zu einem bestimmten Thema und<\/li>\n<li data-start=\"183\" data-end=\"409\">30 Minuten <strong>individuelles Coaching\u00a0<\/strong><br \/>\nDu entscheidest, ob du aktiv gecoacht werden m\u00f6chtest \u2013 Vorsingen ist kein Muss! Du kannst auch nur zuh\u00f6ren.<\/li>\n<li data-start=\"183\" data-end=\"409\">In jeder Session arbeiten wir in der Gruppe an einem Song (aus den Genren Pop \/ Soul \/ Jazz \u00a0\/ Musical).<\/li>\n<\/ul>\n<div class=\"gap\" style=\"line-height: 10px; height: 10px;\"><\/div>\n<div class=\"hr-thin\"><\/div>\n<h4>Das erwartet dich:<\/h4>\n<div class=\"gap\" style=\"line-height: 10px; height: 10px;\"><\/div>\n<p><strong data-start=\"439\" data-end=\"459\">Termin 1: 04.07.2025<br \/>\nDie klare Stimme<\/strong> \u2013 Lerne einen klaren, ausgeglichenen und stabilen Klang zu erzeugen \u00fcber deine ganze Range. Wir machen \u00dcbungen zum Stimmlippenschluss, der Atem-Stimm-Kontrolle und dem \u00dcbergang zwischen dicker und d\u00fcnner Masse (auch als &#8220;Bruch&#8221; bekannt.)<\/p>\n<p><strong>Termin 2: 11.07.2025<br \/>\nDie H\u00f6he &amp; die Tiefe<\/strong> \u2013 Entdecke, wie du deine gesamte Range entspannt nutzen kannst und die Stimme je nach Tonh\u00f6he so anpasst, dass sie m\u00fchelos erzeugt wird. Entdecke auch ein paar Tonlagen, die du bisher nicht kanntest.<\/p>\n<p><strong>Termin 3: 18.07.2025<br \/>\nLautst\u00e4rke \/ Dynamik<\/strong> \u2013 Lerne, wie du deine Lautst\u00e4rke gezielt steuerst und in deinem Song von leise und sanft zu laut und tragf\u00e4hig. Nat\u00fcrlich schauen wir uns hier auch das &#8220;Belting&#8221; an.<\/p>\n<p><strong>Termin 4: 25.07.2025<br \/>\nVibrato &amp; Flexibilit\u00e4t<\/strong> \u2013 Vibrato l\u00e4sst den Gesang erst &#8220;gesungen&#8221; klingen. Wir \u00fcben, wie wir das Vibrato an und aus stellen k\u00f6nnen wie wir es geschmackvoll einsetzen. F\u00fcr mehr Flexibilit\u00e4t zeigt dir Stephanie noch Scoops, Slides und andere Variationen. So kannst du deinen Gesang noch ausdrucksst\u00e4rker gestalten.<\/p>\n<p data-start=\"835\" data-end=\"927\"><strong>Wichtig:<\/strong> Die Sessions bauen aufeinander auf und k\u00f6nnen nur als Gesamtpaket gebucht werden.<\/p>\n<p data-start=\"929\" data-end=\"1041\" data-is-last-node=\"\" data-is-only-node=\"\">Erweitere deine gesanglichen F\u00e4higkeiten &#8211; <strong>ohne Leistungsdruck und mit viel Freude.<\/strong><br \/>\nStephanie ist bekannt f\u00fcr ihre humorvolle und zugewandte Art zu unterrichten. Sie schafft Raum f\u00fcr Nervosit\u00e4t, Angst und Scham und baut diese spielerisch mit dir ab.<br \/>\nSie holt jede Person da ab, wo sie steht, ob Beginnende oder Profi. Wir alle lernen ein Leben lang &#8211; jede Person in ihrem Tempo.<\/p>\n<div class=\"gap\" style=\"line-height: 10px; height: 10px;\"><\/div>\n<div class=\"hr-thin\"><\/div>\n<h4>Das lernst du nicht:<\/h4>\n<p>Es wird keine ausf\u00fchrliche Einf\u00fchrung in LAX VOX\u00ae geben, aber LAX VOX\u00ae wird als \u00dcbung benutzt.<br \/>\nWenn du LAX VOX\u00ae noch gar nicht kennst, kannst du als Vorbereitung den <a href=\"https:\/\/laxvox-institute.eu\/produkt\/lax-vox-introduction-videokurs\/\">LV\u00ae Introduction Videokurs<\/a> anschauen.<div class=\"gap\" style=\"line-height: 10px; height: 10px;\"><\/div><\/p>\n<div class=\"hr-thin\"><\/div>\n<h4>F\u00fcr wen ist dieses Workout geeignet?<\/h4>\n<p>F\u00fcr alle, die Lust haben sich intensiv ihrer Singstimme zu widmen und schnelle Fortschritte machen m\u00f6chten.<\/p>\n<p><span style=\"font-weight: normal;\"><div class=\"gap\" style=\"line-height: 10px; height: 10px;\"><\/div><\/p>\n<div class=\"hr-thin\"><\/div>\n<p><\/span><\/p>\n<h4>Kann ich was vorbereiten?<\/h4>\n<p>Bereite gern Songs vor, die du gern singen k\u00f6nnen m\u00f6chtest.<br \/>\nAn denen arbeitest du dann in den Einzelcoachings am Ende jedes Termins.<\/p>\n<div class=\"gap\" style=\"line-height: 10px; height: 10px;\"><\/div>\n<div class=\"hr-thin\"><\/div>\n<h4>Du brauchst:<\/h4>\n<p>Einen LAX VOX\u00ae-Schlauch (<a href=\"http:\/\/shop.laxvox.de\">shop.laxvox.de<\/a>) und eine 0,5-l-Wasserflasche.<br \/>\nEine Webcam und ein Mikro, die funktionieren. Die Kamera wird eingeschaltet.<\/p>\n<div class=\"hr-thin\"><\/div>\n<div class=\"gap\" style=\"line-height: 10px; height: 10px;\"><\/div>\n<h4>\u00dcber deine Dozentin:<br \/>\n<div class=\"gap\" style=\"line-height: 10px; height: 10px;\"><\/div><\/h4>\n<p><a href=\"https:\/\/laxvox-institute.eu\/das-lvi-team\/stephanie-a-kruse\/\">Stephanie A. Kruse<\/a> ist Stimmtherapeutin, S\u00e4ngerin und Vocal Coach. Sie arbeitet seit 20 Jahren mit Singenden aus allen m\u00f6glichen Genren an ihren Stimmzielen. Dabei arbeitet sie u. a. nach dem Estill Voice Training und nat\u00fcrlich mit LAX VOX\u00ae . Als Stimmtherapeutin achtet sie zudem darauf, dass eine gesunde Stimmtechnik erarbeitet wird.<\/p>\n<div class=\"gap\" style=\"line-height: 10px; height: 10px;\"><\/div>\n<div class=\"hr-thin\"><\/div>\n<p><strong>Termine: 04.07.2025, 11.07.2025, 18.07.2025, 25.07.2025\u00a0<\/strong><br \/>\n<strong>Uhrzeit:<\/strong> je 10.00-11.30 Uhr<br \/>\n<strong>Veranstaltungsort:<\/strong> Online via ZOOM<br \/>\nDu kannst also auch prima aus dem urlaub mitmachen ; )<\/p>\n<p><strong>Es wird von jeder Session eine Aufnahme gemacht, die du bis 7 Tage nach dem Termin anschauen kannst.<\/strong><\/p>\n<p><strong>Sprache:<\/strong> Deutsch<\/p>\n<p><strong>Gruppengr\u00f6\u00dfe:<\/strong><br \/>\nMin. Teilnehmende: 8<br \/>\nMax. Teilnehmende: 15<\/p>\n<p><strong>Teilnahmegeb\u00fchr:<\/strong> 220,00 \u20ac<\/p>\n<p><strong>Unterrichtseinheiten:<\/strong> 8 x 45 Min.<br \/>\n<strong><br \/>\n<\/strong><\/p>\n<p><strong>Du brauchst stabiles Internet, eine funktionierende Webcam und ein Mikro.<\/strong><\/p>\n<p>&nbsp;<\/p>\n<div>\n<p>&nbsp;<\/p>\n<\/div>\n","protected":false},"excerpt":{"rendered":"<h5>mit Stephanie A. Kruse<br \/>\n<strong>Termine: 04.07.2025, 11.07.2025, 18.07.2025, 25.07.2025\u00a0\u00a0<\/strong><br \/>\n<strong>Uhrzeit:<\/strong> je 10.00-11.30 Uhr<br \/>\nONLINE<\/h5>\n<p>Buche den Introduction Videokurs und den LAX VOX\u00ae Soundtrack mit 25% Rabatt direkt zu diesem Kurs dazu:<\/p>\n<p>&nbsp;<\/p>\n<h5><\/h5>\n","protected":false},"featured_media":0,"template":"","meta":[],"product_brand":[],"product_cat":[390,249],"product_tag":[],"class_list":{"0":"post-46935","1":"product","2":"type-product","3":"status-publish","5":"product_cat-de-workshop","6":"product_cat-lax-vox-singers-training","7":"description-off","9":"first","10":"instock","11":"virtual","12":"purchasable","13":"product-type-simple"},"bundled_by":[],"bundle_stock_status":"instock","bundle_stock_quantity":6,"bundle_virtual":false,"bundle_layout":"","bundle_add_to_cart_form_location":"","bundle_editable_in_cart":false,"bundle_sold_individually_context":"","bundle_item_grouping":"","bundle_min_size":"","bundle_max_size":"","bundle_price":[],"bundled_items":[],"bundle_sell_ids":[22639,40347],"yoast_head":"<!-- This site is optimized with the Yoast SEO plugin v27.4 - https:\/\/yoast.com\/product\/yoast-seo-wordpress\/ -->\n<title>04.07.-25.07.2025 |\u00a0LET\u2019S SING \u2013 Summer Camp<\/title>\n<meta name=\"description\" content=\"LET\u2019S SING \u2013 Summer Camp im LAX VOX\u00ae Institute: Verbessere deinen Gesang in diesem Intensiv-Vocal Coaching mit Stephanie Kruse.\" \/>\n<meta name=\"robots\" content=\"index, follow, max-snippet:-1, max-image-preview:large, max-video-preview:-1\" \/>\n<link rel=\"canonical\" href=\"https:\/\/laxvox-institute.eu\/en\/product\/04-07-25-07-2025-lets-sing-summer-camp\/\" \/>\n<meta property=\"og:locale\" content=\"en_US\" \/>\n<meta property=\"og:type\" content=\"article\" \/>\n<meta property=\"og:title\" content=\"04.07.-25.07.2025 |\u00a0LET\u2019S SING \u2013 Summer Camp\" \/>\n<meta property=\"og:description\" content=\"LET\u2019S SING \u2013 Summer Camp im LAX VOX\u00ae Institute: Verbessere deinen Gesang in diesem Intensiv-Vocal Coaching mit Stephanie Kruse.\" \/>\n<meta property=\"og:url\" content=\"https:\/\/laxvox-institute.eu\/en\/product\/04-07-25-07-2025-lets-sing-summer-camp\/\" \/>\n<meta property=\"og:site_name\" content=\"LAX VOX\u00ae Institute by Stephanie A. Kruse\" \/>\n<meta property=\"article:modified_time\" content=\"2025-07-21T10:22:45+00:00\" \/>\n<meta property=\"og:image\" content=\"https:\/\/laxvox-institute.eu\/wp-content\/uploads\/2024\/11\/Bildschirmfoto-2025-01-05-um-11.56.55-e1747676233641.webp\" \/>\n\t<meta property=\"og:image:width\" content=\"500\" \/>\n\t<meta property=\"og:image:height\" content=\"673\" \/>\n\t<meta property=\"og:image:type\" content=\"image\/webp\" \/>\n<meta name=\"twitter:card\" content=\"summary_large_image\" \/>\n<meta name=\"twitter:label1\" content=\"Est. reading time\" \/>\n\t<meta name=\"twitter:data1\" content=\"4 minutes\" \/>\n<script type=\"application\/ld+json\" class=\"yoast-schema-graph\">{\"@context\":\"https:\\\/\\\/schema.org\",\"@graph\":[{\"@type\":\"WebPage\",\"@id\":\"https:\\\/\\\/laxvox-institute.eu\\\/en\\\/product\\\/04-07-25-07-2025-lets-sing-summer-camp\\\/\",\"url\":\"https:\\\/\\\/laxvox-institute.eu\\\/en\\\/product\\\/04-07-25-07-2025-lets-sing-summer-camp\\\/\",\"name\":\"04.07.-25.07.2025 |\u00a0LET\u2019S SING \u2013 Summer Camp\",\"isPartOf\":{\"@id\":\"https:\\\/\\\/laxvox-institute.eu\\\/en\\\/#website\"},\"datePublished\":\"2025-02-27T14:37:23+00:00\",\"dateModified\":\"2025-07-21T10:22:45+00:00\",\"description\":\"LET\u2019S SING \u2013 Summer Camp im LAX VOX\u00ae Institute: Verbessere deinen Gesang in diesem Intensiv-Vocal Coaching mit Stephanie Kruse.\",\"breadcrumb\":{\"@id\":\"https:\\\/\\\/laxvox-institute.eu\\\/en\\\/product\\\/04-07-25-07-2025-lets-sing-summer-camp\\\/#breadcrumb\"},\"inLanguage\":\"en-US\",\"potentialAction\":[{\"@type\":\"ReadAction\",\"target\":[\"https:\\\/\\\/laxvox-institute.eu\\\/en\\\/product\\\/04-07-25-07-2025-lets-sing-summer-camp\\\/\"]}]},{\"@type\":\"BreadcrumbList\",\"@id\":\"https:\\\/\\\/laxvox-institute.eu\\\/en\\\/product\\\/04-07-25-07-2025-lets-sing-summer-camp\\\/#breadcrumb\",\"itemListElement\":[{\"@type\":\"ListItem\",\"position\":1,\"name\":\"Startseite\",\"item\":\"https:\\\/\\\/laxvox-institute.eu\\\/en\\\/\"},{\"@type\":\"ListItem\",\"position\":2,\"name\":\"Shop\",\"item\":\"https:\\\/\\\/laxvox-institute.eu\\\/en\\\/produkt-archiv\\\/\"},{\"@type\":\"ListItem\",\"position\":3,\"name\":\"04.07.-25.07.2025 |\u00a0LET\u2019S SING \u2013 Summer Camp\"}]},{\"@type\":\"WebSite\",\"@id\":\"https:\\\/\\\/laxvox-institute.eu\\\/en\\\/#website\",\"url\":\"https:\\\/\\\/laxvox-institute.eu\\\/en\\\/\",\"name\":\"LAX VOX\u00ae Institute by Stephanie A. Kruse\",\"description\":\"Wissen, das hilft! Lerne alles \u00fcber Stimme!\",\"publisher\":{\"@id\":\"https:\\\/\\\/laxvox-institute.eu\\\/en\\\/#organization\"},\"potentialAction\":[{\"@type\":\"SearchAction\",\"target\":{\"@type\":\"EntryPoint\",\"urlTemplate\":\"https:\\\/\\\/laxvox-institute.eu\\\/en\\\/?s={search_term_string}\"},\"query-input\":{\"@type\":\"PropertyValueSpecification\",\"valueRequired\":true,\"valueName\":\"search_term_string\"}}],\"inLanguage\":\"en-US\"},{\"@type\":\"Organization\",\"@id\":\"https:\\\/\\\/laxvox-institute.eu\\\/en\\\/#organization\",\"name\":\"LAX VOX\u00ae Institute by Stephanie A. Kruse\",\"url\":\"https:\\\/\\\/laxvox-institute.eu\\\/en\\\/\",\"logo\":{\"@type\":\"ImageObject\",\"inLanguage\":\"en-US\",\"@id\":\"https:\\\/\\\/laxvox-institute.eu\\\/en\\\/#\\\/schema\\\/logo\\\/image\\\/\",\"url\":\"https:\\\/\\\/laxvox-institute.eu\\\/wp-content\\\/uploads\\\/2021\\\/01\\\/LANDINGPAGE_200px_INSTITUTE.webp\",\"contentUrl\":\"https:\\\/\\\/laxvox-institute.eu\\\/wp-content\\\/uploads\\\/2021\\\/01\\\/LANDINGPAGE_200px_INSTITUTE.webp\",\"width\":200,\"height\":65,\"caption\":\"LAX VOX\u00ae Institute by Stephanie A. Kruse\"},\"image\":{\"@id\":\"https:\\\/\\\/laxvox-institute.eu\\\/en\\\/#\\\/schema\\\/logo\\\/image\\\/\"},\"sameAs\":[\"https:\\\/\\\/www.instagram.com\\\/laxvox_official\\\/\"]}]}<\/script>\n<!-- \/ Yoast SEO plugin. -->","yoast_head_json":{"title":"04.07.-25.07.2025 |\u00a0LET\u2019S SING \u2013 Summer Camp","description":"LET\u2019S SING \u2013 Summer Camp im LAX VOX\u00ae Institute: Verbessere deinen Gesang in diesem Intensiv-Vocal Coaching mit Stephanie Kruse.","robots":{"index":"index","follow":"follow","max-snippet":"max-snippet:-1","max-image-preview":"max-image-preview:large","max-video-preview":"max-video-preview:-1"},"canonical":"https:\/\/laxvox-institute.eu\/en\/product\/04-07-25-07-2025-lets-sing-summer-camp\/","og_locale":"en_US","og_type":"article","og_title":"04.07.-25.07.2025 |\u00a0LET\u2019S SING \u2013 Summer Camp","og_description":"LET\u2019S SING \u2013 Summer Camp im LAX VOX\u00ae Institute: Verbessere deinen Gesang in diesem Intensiv-Vocal Coaching mit Stephanie Kruse.","og_url":"https:\/\/laxvox-institute.eu\/en\/product\/04-07-25-07-2025-lets-sing-summer-camp\/","og_site_name":"LAX VOX\u00ae Institute by Stephanie A. Kruse","article_modified_time":"2025-07-21T10:22:45+00:00","og_image":[{"width":500,"height":673,"url":"https:\/\/laxvox-institute.eu\/wp-content\/uploads\/2024\/11\/Bildschirmfoto-2025-01-05-um-11.56.55-e1747676233641.webp","type":"image\/webp"}],"twitter_card":"summary_large_image","twitter_misc":{"Est. reading time":"4 minutes"},"schema":{"@context":"https:\/\/schema.org","@graph":[{"@type":"WebPage","@id":"https:\/\/laxvox-institute.eu\/en\/product\/04-07-25-07-2025-lets-sing-summer-camp\/","url":"https:\/\/laxvox-institute.eu\/en\/product\/04-07-25-07-2025-lets-sing-summer-camp\/","name":"04.07.-25.07.2025 |\u00a0LET\u2019S SING \u2013 Summer Camp","isPartOf":{"@id":"https:\/\/laxvox-institute.eu\/en\/#website"},"datePublished":"2025-02-27T14:37:23+00:00","dateModified":"2025-07-21T10:22:45+00:00","description":"LET\u2019S SING \u2013 Summer Camp im LAX VOX\u00ae Institute: Verbessere deinen Gesang in diesem Intensiv-Vocal Coaching mit Stephanie Kruse.","breadcrumb":{"@id":"https:\/\/laxvox-institute.eu\/en\/product\/04-07-25-07-2025-lets-sing-summer-camp\/#breadcrumb"},"inLanguage":"en-US","potentialAction":[{"@type":"ReadAction","target":["https:\/\/laxvox-institute.eu\/en\/product\/04-07-25-07-2025-lets-sing-summer-camp\/"]}]},{"@type":"BreadcrumbList","@id":"https:\/\/laxvox-institute.eu\/en\/product\/04-07-25-07-2025-lets-sing-summer-camp\/#breadcrumb","itemListElement":[{"@type":"ListItem","position":1,"name":"Startseite","item":"https:\/\/laxvox-institute.eu\/en\/"},{"@type":"ListItem","position":2,"name":"Shop","item":"https:\/\/laxvox-institute.eu\/en\/produkt-archiv\/"},{"@type":"ListItem","position":3,"name":"04.07.-25.07.2025 |\u00a0LET\u2019S SING \u2013 Summer Camp"}]},{"@type":"WebSite","@id":"https:\/\/laxvox-institute.eu\/en\/#website","url":"https:\/\/laxvox-institute.eu\/en\/","name":"LAX VOX\u00ae Institute by Stephanie A. Kruse","description":"Wissen, das hilft! Lerne alles \u00fcber Stimme!","publisher":{"@id":"https:\/\/laxvox-institute.eu\/en\/#organization"},"potentialAction":[{"@type":"SearchAction","target":{"@type":"EntryPoint","urlTemplate":"https:\/\/laxvox-institute.eu\/en\/?s={search_term_string}"},"query-input":{"@type":"PropertyValueSpecification","valueRequired":true,"valueName":"search_term_string"}}],"inLanguage":"en-US"},{"@type":"Organization","@id":"https:\/\/laxvox-institute.eu\/en\/#organization","name":"LAX VOX\u00ae Institute by Stephanie A. Kruse","url":"https:\/\/laxvox-institute.eu\/en\/","logo":{"@type":"ImageObject","inLanguage":"en-US","@id":"https:\/\/laxvox-institute.eu\/en\/#\/schema\/logo\/image\/","url":"https:\/\/laxvox-institute.eu\/wp-content\/uploads\/2021\/01\/LANDINGPAGE_200px_INSTITUTE.webp","contentUrl":"https:\/\/laxvox-institute.eu\/wp-content\/uploads\/2021\/01\/LANDINGPAGE_200px_INSTITUTE.webp","width":200,"height":65,"caption":"LAX VOX\u00ae Institute by Stephanie A. Kruse"},"image":{"@id":"https:\/\/laxvox-institute.eu\/en\/#\/schema\/logo\/image\/"},"sameAs":["https:\/\/www.instagram.com\/laxvox_official\/"]}]}},"_links":{"self":[{"href":"https:\/\/laxvox-institute.eu\/en\/wp-json\/wp\/v2\/product\/46935","targetHints":{"allow":["GET"]}}],"collection":[{"href":"https:\/\/laxvox-institute.eu\/en\/wp-json\/wp\/v2\/product"}],"about":[{"href":"https:\/\/laxvox-institute.eu\/en\/wp-json\/wp\/v2\/types\/product"}],"wp:attachment":[{"href":"https:\/\/laxvox-institute.eu\/en\/wp-json\/wp\/v2\/media?parent=46935"}],"wp:term":[{"taxonomy":"product_brand","embeddable":true,"href":"https:\/\/laxvox-institute.eu\/en\/wp-json\/wp\/v2\/product_brand?post=46935"},{"taxonomy":"product_cat","embeddable":true,"href":"https:\/\/laxvox-institute.eu\/en\/wp-json\/wp\/v2\/product_cat?post=46935"},{"taxonomy":"product_tag","embeddable":true,"href":"https:\/\/laxvox-institute.eu\/en\/wp-json\/wp\/v2\/product_tag?post=46935"}],"curies":[{"name":"wp","href":"https:\/\/api.w.org\/{rel}","templated":true}]}}