{"id":46939,"date":"2025-02-27T17:43:18","date_gmt":"2025-02-27T16:43:18","guid":{"rendered":"https:\/\/laxvox-institute.eu\/?post_type=product&#038;p=46939"},"modified":"2025-07-21T11:59:09","modified_gmt":"2025-07-21T09:59:09","slug":"27-10-2025-atmung-stuetze-im-wandel-von-garcia-bis-estill","status":"publish","type":"product","link":"https:\/\/laxvox-institute.eu\/en\/product\/27-10-2025-atmung-stuetze-im-wandel-von-garcia-bis-estill\/","title":{"rendered":"27.10.2025 | Atmung &#038; St\u00fctze im Wandel &#8211; von Garcia bis Estill"},"content":{"rendered":"<h3><strong><span style=\"color: #1db8dd;\">Missverst\u00e4ndnis &#8220;St\u00fctze&#8221;?!: Atmung und St\u00fctze im Gesang neu verstehen<\/span><\/strong><\/h3>\n<div class=\"gap\" style=\"line-height: 10px; height: 10px;\"><\/div>\n<h3><span style=\"color: #1db8dd;\">&#8220;Was wissen wir aus der Forschung und wie k\u00f6nnen Gesangsp\u00e4dagog*innen heute S\u00e4ngeratmung und &#8216;St\u00fctze&#8217; verstehen?&#8221;<\/span><\/h3>\n<p data-start=\"73\" data-end=\"225\">Die Auseinandersetzung mit der s\u00e4ngerischen Atmung und &#8220;der St\u00fctze&#8221; geh\u00f6rt zu den missverst\u00e4ndlichsten und umstrittensten Gebieten der Gesangsp\u00e4dagogik. In diesem Workshop werfen wir einen Blick auf die Historie und verschiedenste L\u00f6sungsans\u00e4tze. Prof. Marc Secara beantwortet die Frage, wie wir heute basierend auf aktueller Forschung S\u00e4ngeratmung und St\u00fctze verstehen, trainieren und coachen k\u00f6nnen. Als zertifizierter ESTILL MENTOR COURSE INSTRUCTOR stellt er zudem die Sicht des Estill Voice Trainings vor und zeigt praktische \u00dcbungen.<\/p>\n<p><strong>Wissenschaftlich fundiert. Praxisnah und inspirierend.<\/strong><\/p>\n<div class=\"gap\" style=\"line-height: 10px; height: 10px;\"><\/div>\n<h4><strong><span style=\"color: #1db8dd;\">Du lernst:<\/span><\/strong><\/h4>\n<p data-start=\"131\" data-end=\"274\"><strong>\u2713 Historische und aktuelle Perspektiven<\/strong> auf Atmung und St\u00fctze im Gesang<br \/>\n<strong>\u2713 Forschungsergebnisse<\/strong> zur S\u00e4ngeratmung verst\u00e4ndlich erkl\u00e4rt<br \/>\n<strong>\u2713 Praktische Anwendung<\/strong> des Estill Voice Trainings im Kontext der St\u00fctze<br \/>\n<strong>\u2713 Wie du S\u00e4nger*innen<\/strong> gezielt und sicher coachst und trainierst<\/p>\n<p><strong>Praxisnah, fundiert und direkt umsetzbar.<\/strong><\/p>\n<div class=\"gap\" style=\"line-height: 10px; height: 10px;\"><\/div>\n<h4 style=\"color: #1db8dd;\"><span style=\"color: #1db8dd;\"><strong>Zielgruppe:<\/strong><\/span><\/h4>\n<p>Gesangsp\u00e4dagog*innen, Singende, Logop\u00e4d*innen, Stimmtherapeut*innen sowie Interessierte am Thema S\u00e4ngeratmung und St\u00fctze<\/p>\n<div class=\"gap\" style=\"line-height: 10px; height: 10px;\"><\/div>\n<h4 style=\"color: #1db8dd;\"><strong>Dein Dozent:<\/strong><\/h4>\n<p><strong><img decoding=\"async\" class=\"alignleft wp-image-49743\" src=\"https:\/\/laxvox-institute.eu\/wp-content\/uploads\/2025\/02\/4-1-300x300.png\" alt=\"\" width=\"100\" height=\"100\" \/> Prof. Marc Secara<\/strong> ist S\u00e4nger und Gesangsp\u00e4dagoge. Er studierte an der Hochschule f\u00fcr Musik \u201eHanns Eisler\u201c Berlin und erhielt ein IASJ-Stipendium am Berklee College of Music in Boston. Als Gastsolist arbeitete er mit renommierten Orchestern und Bands und steht f\u00fcr eine fundierte, praxisorientierte Gesangsausbildung. Er leitet den Studiengang Popularmusik an der SRH Berlin University of Applied Sciences und ist ESTILL MENTOR COURSE INSTRUCTOR. Prof. Secara engagiert sich intensiv in der Weiterentwicklung der Gesangsausbildung in den popul\u00e4ren Stilen.<\/p>\n<h4><\/h4>\n<h4><\/h4>\n<h4><strong><br \/>\n<span style=\"color: #1db8dd;\">\u00dcberblick:<\/span><\/strong><\/h4>\n<p><strong>\u2713 2 Fortbildungspunkte<\/strong><br \/>\n<strong>\u2713 Zoom live, keine Aufzeichnung<\/strong><br \/>\n<strong>\u2713 Link &amp; Skript nach Zahlungseingang im Kundenkonto<\/strong><br \/>\n<strong>\u2713 Teilnahme per PC\/Laptop empfohlen<\/strong><br \/>\n<strong>\u2713 Kamera an &amp; Klarname erforderlich<\/strong><\/p>\n","protected":false},"excerpt":{"rendered":"<div class=\"icon-text-block\"><i class=\"fa fa-calendar\"><\/i> Montag, 27.10.2025<\/div>\n<div class=\"icon-text-block\"><i class=\"fa fa-clock-o\"><\/i> 18:00\u201321:00 Uhr<\/div>\n<div class=\"icon-text-block\"><i class=\"fa fa-user-o\"><\/i> Prof. Marc Secara<\/div>\n<div class=\"icon-text-block\"><i class=\"fa fa-certificate\"><\/i> 2 Fortbildungspunkte<\/div>\n<div class=\"icon-text-block\"><i class=\"fa fa-laptop\"><\/i> Online via Zoom<\/div>\n","protected":false},"featured_media":45523,"template":"","meta":[],"product_brand":[],"product_cat":[247,390],"product_tag":[],"class_list":{"0":"post-46939","1":"product","2":"type-product","3":"status-publish","4":"has-post-thumbnail","6":"product_cat-lax-vox-voice-therapy","7":"product_cat-de-workshop","8":"description-off","10":"first","11":"instock","12":"virtual","13":"sold-individually","14":"purchasable","15":"product-type-simple"},"bundled_by":[],"bundle_stock_status":"instock","bundle_stock_quantity":null,"bundle_virtual":false,"bundle_layout":"","bundle_add_to_cart_form_location":"","bundle_editable_in_cart":false,"bundle_sold_individually_context":"","bundle_item_grouping":"","bundle_min_size":"","bundle_max_size":"","bundle_price":[],"bundled_items":[],"bundle_sell_ids":[],"yoast_head":"<!-- This site is optimized with the Yoast SEO plugin v27.4 - https:\/\/yoast.com\/product\/yoast-seo-wordpress\/ -->\n<title>27.10.2025 | Atmung &amp; St\u00fctze im Wandel - von Garcia bis Estill<\/title>\n<meta name=\"description\" content=\"Das LVI freut sich sehr, dass Prof. Marc Secara zu Gast sein wird, um sein Wissen \u00fcber das wichtige Thema &quot;St\u00fctze&quot; mit uns zu teilen.\" \/>\n<meta name=\"robots\" content=\"index, follow, max-snippet:-1, max-image-preview:large, max-video-preview:-1\" \/>\n<link rel=\"canonical\" href=\"https:\/\/laxvox-institute.eu\/en\/product\/27-10-2025-atmung-stuetze-im-wandel-von-garcia-bis-estill\/\" \/>\n<meta property=\"og:locale\" content=\"en_US\" \/>\n<meta property=\"og:type\" content=\"article\" \/>\n<meta property=\"og:title\" content=\"27.10.2025 | Atmung &amp; St\u00fctze im Wandel - von Garcia bis Estill\" \/>\n<meta property=\"og:description\" content=\"Das LVI freut sich sehr, dass Prof. Marc Secara zu Gast sein wird, um sein Wissen \u00fcber das wichtige Thema &quot;St\u00fctze&quot; mit uns zu teilen.\" \/>\n<meta property=\"og:url\" content=\"https:\/\/laxvox-institute.eu\/en\/product\/27-10-2025-atmung-stuetze-im-wandel-von-garcia-bis-estill\/\" \/>\n<meta property=\"og:site_name\" content=\"LAX VOX\u00ae Institute by Stephanie A. Kruse\" \/>\n<meta property=\"article:modified_time\" content=\"2025-07-21T09:59:09+00:00\" \/>\n<meta property=\"og:image\" content=\"https:\/\/laxvox-institute.eu\/wp-content\/uploads\/2024\/11\/Bildschirmfoto-2024-11-04-um-15.05.00.webp\" \/>\n\t<meta property=\"og:image:width\" content=\"1372\" \/>\n\t<meta property=\"og:image:height\" content=\"1734\" \/>\n\t<meta property=\"og:image:type\" content=\"image\/webp\" \/>\n<meta name=\"twitter:card\" content=\"summary_large_image\" \/>\n<meta name=\"twitter:label1\" content=\"Est. reading time\" \/>\n\t<meta name=\"twitter:data1\" content=\"2 minutes\" \/>\n<script type=\"application\/ld+json\" class=\"yoast-schema-graph\">{\"@context\":\"https:\\\/\\\/schema.org\",\"@graph\":[{\"@type\":\"WebPage\",\"@id\":\"https:\\\/\\\/laxvox-institute.eu\\\/en\\\/product\\\/27-10-2025-atmung-stuetze-im-wandel-von-garcia-bis-estill\\\/\",\"url\":\"https:\\\/\\\/laxvox-institute.eu\\\/en\\\/product\\\/27-10-2025-atmung-stuetze-im-wandel-von-garcia-bis-estill\\\/\",\"name\":\"27.10.2025 | Atmung & St\u00fctze im Wandel - von Garcia bis Estill\",\"isPartOf\":{\"@id\":\"https:\\\/\\\/laxvox-institute.eu\\\/en\\\/#website\"},\"primaryImageOfPage\":{\"@id\":\"https:\\\/\\\/laxvox-institute.eu\\\/en\\\/product\\\/27-10-2025-atmung-stuetze-im-wandel-von-garcia-bis-estill\\\/#primaryimage\"},\"image\":{\"@id\":\"https:\\\/\\\/laxvox-institute.eu\\\/en\\\/product\\\/27-10-2025-atmung-stuetze-im-wandel-von-garcia-bis-estill\\\/#primaryimage\"},\"thumbnailUrl\":\"https:\\\/\\\/laxvox-institute.eu\\\/wp-content\\\/uploads\\\/2024\\\/11\\\/Bildschirmfoto-2024-11-04-um-15.05.00.webp\",\"datePublished\":\"2025-02-27T16:43:18+00:00\",\"dateModified\":\"2025-07-21T09:59:09+00:00\",\"description\":\"Das LVI freut sich sehr, dass Prof. Marc Secara zu Gast sein wird, um sein Wissen \u00fcber das wichtige Thema \\\"St\u00fctze\\\" mit uns zu teilen.\",\"breadcrumb\":{\"@id\":\"https:\\\/\\\/laxvox-institute.eu\\\/en\\\/product\\\/27-10-2025-atmung-stuetze-im-wandel-von-garcia-bis-estill\\\/#breadcrumb\"},\"inLanguage\":\"en-US\",\"potentialAction\":[{\"@type\":\"ReadAction\",\"target\":[\"https:\\\/\\\/laxvox-institute.eu\\\/en\\\/product\\\/27-10-2025-atmung-stuetze-im-wandel-von-garcia-bis-estill\\\/\"]}]},{\"@type\":\"ImageObject\",\"inLanguage\":\"en-US\",\"@id\":\"https:\\\/\\\/laxvox-institute.eu\\\/en\\\/product\\\/27-10-2025-atmung-stuetze-im-wandel-von-garcia-bis-estill\\\/#primaryimage\",\"url\":\"https:\\\/\\\/laxvox-institute.eu\\\/wp-content\\\/uploads\\\/2024\\\/11\\\/Bildschirmfoto-2024-11-04-um-15.05.00.webp\",\"contentUrl\":\"https:\\\/\\\/laxvox-institute.eu\\\/wp-content\\\/uploads\\\/2024\\\/11\\\/Bildschirmfoto-2024-11-04-um-15.05.00.webp\",\"width\":1372,\"height\":1734,\"caption\":\"Prof. Marc Secara_LAX VOX Institute\"},{\"@type\":\"BreadcrumbList\",\"@id\":\"https:\\\/\\\/laxvox-institute.eu\\\/en\\\/product\\\/27-10-2025-atmung-stuetze-im-wandel-von-garcia-bis-estill\\\/#breadcrumb\",\"itemListElement\":[{\"@type\":\"ListItem\",\"position\":1,\"name\":\"Startseite\",\"item\":\"https:\\\/\\\/laxvox-institute.eu\\\/en\\\/\"},{\"@type\":\"ListItem\",\"position\":2,\"name\":\"Shop\",\"item\":\"https:\\\/\\\/laxvox-institute.eu\\\/en\\\/produkt-archiv\\\/\"},{\"@type\":\"ListItem\",\"position\":3,\"name\":\"27.10.2025 | Atmung &#038; St\u00fctze im Wandel &#8211; von Garcia bis Estill\"}]},{\"@type\":\"WebSite\",\"@id\":\"https:\\\/\\\/laxvox-institute.eu\\\/en\\\/#website\",\"url\":\"https:\\\/\\\/laxvox-institute.eu\\\/en\\\/\",\"name\":\"LAX VOX\u00ae Institute by Stephanie A. Kruse\",\"description\":\"Wissen, das hilft! Lerne alles \u00fcber Stimme!\",\"publisher\":{\"@id\":\"https:\\\/\\\/laxvox-institute.eu\\\/en\\\/#organization\"},\"potentialAction\":[{\"@type\":\"SearchAction\",\"target\":{\"@type\":\"EntryPoint\",\"urlTemplate\":\"https:\\\/\\\/laxvox-institute.eu\\\/en\\\/?s={search_term_string}\"},\"query-input\":{\"@type\":\"PropertyValueSpecification\",\"valueRequired\":true,\"valueName\":\"search_term_string\"}}],\"inLanguage\":\"en-US\"},{\"@type\":\"Organization\",\"@id\":\"https:\\\/\\\/laxvox-institute.eu\\\/en\\\/#organization\",\"name\":\"LAX VOX\u00ae Institute by Stephanie A. Kruse\",\"url\":\"https:\\\/\\\/laxvox-institute.eu\\\/en\\\/\",\"logo\":{\"@type\":\"ImageObject\",\"inLanguage\":\"en-US\",\"@id\":\"https:\\\/\\\/laxvox-institute.eu\\\/en\\\/#\\\/schema\\\/logo\\\/image\\\/\",\"url\":\"https:\\\/\\\/laxvox-institute.eu\\\/wp-content\\\/uploads\\\/2021\\\/01\\\/LANDINGPAGE_200px_INSTITUTE.webp\",\"contentUrl\":\"https:\\\/\\\/laxvox-institute.eu\\\/wp-content\\\/uploads\\\/2021\\\/01\\\/LANDINGPAGE_200px_INSTITUTE.webp\",\"width\":200,\"height\":65,\"caption\":\"LAX VOX\u00ae Institute by Stephanie A. Kruse\"},\"image\":{\"@id\":\"https:\\\/\\\/laxvox-institute.eu\\\/en\\\/#\\\/schema\\\/logo\\\/image\\\/\"},\"sameAs\":[\"https:\\\/\\\/www.instagram.com\\\/laxvox_official\\\/\"]}]}<\/script>\n<!-- \/ Yoast SEO plugin. -->","yoast_head_json":{"title":"27.10.2025 | Atmung & St\u00fctze im Wandel - von Garcia bis Estill","description":"Das LVI freut sich sehr, dass Prof. Marc Secara zu Gast sein wird, um sein Wissen \u00fcber das wichtige Thema \"St\u00fctze\" mit uns zu teilen.","robots":{"index":"index","follow":"follow","max-snippet":"max-snippet:-1","max-image-preview":"max-image-preview:large","max-video-preview":"max-video-preview:-1"},"canonical":"https:\/\/laxvox-institute.eu\/en\/product\/27-10-2025-atmung-stuetze-im-wandel-von-garcia-bis-estill\/","og_locale":"en_US","og_type":"article","og_title":"27.10.2025 | Atmung & St\u00fctze im Wandel - von Garcia bis Estill","og_description":"Das LVI freut sich sehr, dass Prof. Marc Secara zu Gast sein wird, um sein Wissen \u00fcber das wichtige Thema \"St\u00fctze\" mit uns zu teilen.","og_url":"https:\/\/laxvox-institute.eu\/en\/product\/27-10-2025-atmung-stuetze-im-wandel-von-garcia-bis-estill\/","og_site_name":"LAX VOX\u00ae Institute by Stephanie A. Kruse","article_modified_time":"2025-07-21T09:59:09+00:00","og_image":[{"width":1372,"height":1734,"url":"https:\/\/laxvox-institute.eu\/wp-content\/uploads\/2024\/11\/Bildschirmfoto-2024-11-04-um-15.05.00.webp","type":"image\/webp"}],"twitter_card":"summary_large_image","twitter_misc":{"Est. reading time":"2 minutes"},"schema":{"@context":"https:\/\/schema.org","@graph":[{"@type":"WebPage","@id":"https:\/\/laxvox-institute.eu\/en\/product\/27-10-2025-atmung-stuetze-im-wandel-von-garcia-bis-estill\/","url":"https:\/\/laxvox-institute.eu\/en\/product\/27-10-2025-atmung-stuetze-im-wandel-von-garcia-bis-estill\/","name":"27.10.2025 | Atmung & St\u00fctze im Wandel - von Garcia bis Estill","isPartOf":{"@id":"https:\/\/laxvox-institute.eu\/en\/#website"},"primaryImageOfPage":{"@id":"https:\/\/laxvox-institute.eu\/en\/product\/27-10-2025-atmung-stuetze-im-wandel-von-garcia-bis-estill\/#primaryimage"},"image":{"@id":"https:\/\/laxvox-institute.eu\/en\/product\/27-10-2025-atmung-stuetze-im-wandel-von-garcia-bis-estill\/#primaryimage"},"thumbnailUrl":"https:\/\/laxvox-institute.eu\/wp-content\/uploads\/2024\/11\/Bildschirmfoto-2024-11-04-um-15.05.00.webp","datePublished":"2025-02-27T16:43:18+00:00","dateModified":"2025-07-21T09:59:09+00:00","description":"Das LVI freut sich sehr, dass Prof. Marc Secara zu Gast sein wird, um sein Wissen \u00fcber das wichtige Thema \"St\u00fctze\" mit uns zu teilen.","breadcrumb":{"@id":"https:\/\/laxvox-institute.eu\/en\/product\/27-10-2025-atmung-stuetze-im-wandel-von-garcia-bis-estill\/#breadcrumb"},"inLanguage":"en-US","potentialAction":[{"@type":"ReadAction","target":["https:\/\/laxvox-institute.eu\/en\/product\/27-10-2025-atmung-stuetze-im-wandel-von-garcia-bis-estill\/"]}]},{"@type":"ImageObject","inLanguage":"en-US","@id":"https:\/\/laxvox-institute.eu\/en\/product\/27-10-2025-atmung-stuetze-im-wandel-von-garcia-bis-estill\/#primaryimage","url":"https:\/\/laxvox-institute.eu\/wp-content\/uploads\/2024\/11\/Bildschirmfoto-2024-11-04-um-15.05.00.webp","contentUrl":"https:\/\/laxvox-institute.eu\/wp-content\/uploads\/2024\/11\/Bildschirmfoto-2024-11-04-um-15.05.00.webp","width":1372,"height":1734,"caption":"Prof. Marc Secara_LAX VOX Institute"},{"@type":"BreadcrumbList","@id":"https:\/\/laxvox-institute.eu\/en\/product\/27-10-2025-atmung-stuetze-im-wandel-von-garcia-bis-estill\/#breadcrumb","itemListElement":[{"@type":"ListItem","position":1,"name":"Startseite","item":"https:\/\/laxvox-institute.eu\/en\/"},{"@type":"ListItem","position":2,"name":"Shop","item":"https:\/\/laxvox-institute.eu\/en\/produkt-archiv\/"},{"@type":"ListItem","position":3,"name":"27.10.2025 | Atmung &#038; St\u00fctze im Wandel &#8211; von Garcia bis Estill"}]},{"@type":"WebSite","@id":"https:\/\/laxvox-institute.eu\/en\/#website","url":"https:\/\/laxvox-institute.eu\/en\/","name":"LAX VOX\u00ae Institute by Stephanie A. Kruse","description":"Wissen, das hilft! Lerne alles \u00fcber Stimme!","publisher":{"@id":"https:\/\/laxvox-institute.eu\/en\/#organization"},"potentialAction":[{"@type":"SearchAction","target":{"@type":"EntryPoint","urlTemplate":"https:\/\/laxvox-institute.eu\/en\/?s={search_term_string}"},"query-input":{"@type":"PropertyValueSpecification","valueRequired":true,"valueName":"search_term_string"}}],"inLanguage":"en-US"},{"@type":"Organization","@id":"https:\/\/laxvox-institute.eu\/en\/#organization","name":"LAX VOX\u00ae Institute by Stephanie A. Kruse","url":"https:\/\/laxvox-institute.eu\/en\/","logo":{"@type":"ImageObject","inLanguage":"en-US","@id":"https:\/\/laxvox-institute.eu\/en\/#\/schema\/logo\/image\/","url":"https:\/\/laxvox-institute.eu\/wp-content\/uploads\/2021\/01\/LANDINGPAGE_200px_INSTITUTE.webp","contentUrl":"https:\/\/laxvox-institute.eu\/wp-content\/uploads\/2021\/01\/LANDINGPAGE_200px_INSTITUTE.webp","width":200,"height":65,"caption":"LAX VOX\u00ae Institute by Stephanie A. Kruse"},"image":{"@id":"https:\/\/laxvox-institute.eu\/en\/#\/schema\/logo\/image\/"},"sameAs":["https:\/\/www.instagram.com\/laxvox_official\/"]}]}},"_links":{"self":[{"href":"https:\/\/laxvox-institute.eu\/en\/wp-json\/wp\/v2\/product\/46939","targetHints":{"allow":["GET"]}}],"collection":[{"href":"https:\/\/laxvox-institute.eu\/en\/wp-json\/wp\/v2\/product"}],"about":[{"href":"https:\/\/laxvox-institute.eu\/en\/wp-json\/wp\/v2\/types\/product"}],"wp:featuredmedia":[{"embeddable":true,"href":"https:\/\/laxvox-institute.eu\/en\/wp-json\/wp\/v2\/media\/45523"}],"wp:attachment":[{"href":"https:\/\/laxvox-institute.eu\/en\/wp-json\/wp\/v2\/media?parent=46939"}],"wp:term":[{"taxonomy":"product_brand","embeddable":true,"href":"https:\/\/laxvox-institute.eu\/en\/wp-json\/wp\/v2\/product_brand?post=46939"},{"taxonomy":"product_cat","embeddable":true,"href":"https:\/\/laxvox-institute.eu\/en\/wp-json\/wp\/v2\/product_cat?post=46939"},{"taxonomy":"product_tag","embeddable":true,"href":"https:\/\/laxvox-institute.eu\/en\/wp-json\/wp\/v2\/product_tag?post=46939"}],"curies":[{"name":"wp","href":"https:\/\/api.w.org\/{rel}","templated":true}]}}