{"id":49012,"date":"2025-07-16T18:35:24","date_gmt":"2025-07-16T16:35:24","guid":{"rendered":"https:\/\/laxvox-institute.eu\/?post_type=product&#038;p=49012"},"modified":"2025-09-16T17:37:23","modified_gmt":"2025-09-16T15:37:23","slug":"16-09-2025-so-geht-lax-vox-wirkung-und-anwendung","status":"publish","type":"product","link":"https:\/\/laxvox-institute.eu\/en\/product\/16-09-2025-so-geht-lax-vox-wirkung-und-anwendung\/","title":{"rendered":"Wie funktioniert LAX VOX\u00ae? Wirkung &#038; Anwendung erkl\u00e4rt"},"content":{"rendered":"<h3><\/h3>\n<h3><span style=\"color: #1db8dd;\"><strong data-start=\"46\" data-end=\"107\">Wirkung verstehen \u2013 gezielt einsetzen<\/strong><\/span><\/h3>\n<h3><span style=\"color: #1db8dd;\">&#8220;Und was mach ich jetzt mit dem Schlauch?&#8221;<\/span><\/h3>\n<p data-start=\"471\" data-end=\"698\">Du hast LAX VOX\u00ae empfohlen bekommen oder bist Logop\u00e4d*in und m\u00f6chtest endlich verstehen, wie es wirkt und wie du es gezielt anwendest?<br \/>\nIn dieser Fortbildung erf\u00e4hrst du, was beim Laxvoxen passiert und wie es Stimme, Atmung und Nervensystem unterst\u00fctzt.<\/p>\n<p data-start=\"471\" data-end=\"698\"><strong>Einfach erkl\u00e4rt, praxisnah und sofort anwendbar.<\/strong><\/p>\n<p data-start=\"471\" data-end=\"698\"><div class=\"gap\" style=\"line-height: 10px; height: 10px;\"><\/div><\/p>\n<h4><strong><span style=\"color: #1db8dd;\">Du lernst<\/span><\/strong><\/h4>\n<p>\u2713 <strong data-start=\"90\" data-end=\"112\">Wirkung verstehen:<\/strong> Wie LAX VOX\u00ae Atmung, Stimme und Nervensystem positiv beeinflusst und warum es funktioniert.<br data-start=\"204\" data-end=\"207\" \/>\u2713 <strong data-start=\"209\" data-end=\"230\">Anwendung lernen:<\/strong> So nutzt du LAX VOX\u00ae gezielt und effektiv f\u00fcr dich und andere.<br data-start=\"293\" data-end=\"296\" data-is-only-node=\"\" \/>\u2713 <strong data-start=\"298\" data-end=\"319\">\u00dcbungen anpassen:<\/strong> Pass die \u00dcbungen individuell an, damit sie wirklich helfen.<br data-start=\"379\" data-end=\"382\" \/>\u2713 <strong data-start=\"384\" data-end=\"408\">Varianten entdecken:<\/strong> Verschiedene \u00dcbungen f\u00fcr mehr Abwechslung und besseren Effekt.<br data-start=\"471\" data-end=\"474\" \/>\u2713 <strong data-start=\"476\" data-end=\"505\">Einstellungen optimieren:<\/strong> Erkenne ung\u00fcnstige Einstellungen und passe sie optimal an dein Stimmziel an.<\/p>\n<p><strong>Mit klarem Fokus, vielen Aha-Momenten und ganz viel Praxis.<\/strong><\/p>\n<div class=\"gap\" style=\"line-height: 10px; height: 10px;\"><\/div>\n<h4 style=\"color: #1db8dd;\"><strong>Material:<\/strong><\/h4>\n<p>Du ben\u00f6tigst einen originalen LAX VOX\u00ae-Schlauch und ein Gef\u00e4\u00df mit Wasser.<\/p>\n<div class=\"gap\" style=\"line-height: 10px; height: 10px;\"><\/div>\n<h4 style=\"color: #1db8dd;\"><strong>Zielgruppe:<\/strong><\/h4>\n<p>Alle, die LAX VOX\u00ae kennenlernen, verstehen und effektiv f\u00fcr die eigene Stimme oder die therapeutische Arbeit nutzen m\u00f6chten.<\/p>\n<div class=\"gap\" style=\"line-height: 10px; height: 10px;\"><\/div>\n<h4 style=\"color: #1db8dd;\"><strong>Deine Dozentin:<\/strong><\/h4>\n<p><strong><img decoding=\"async\" class=\"wp-image-49711 alignleft\" src=\"https:\/\/laxvox-institute.eu\/wp-content\/uploads\/2025\/07\/Stephanie_Kruse-LVI-Dozentin-300x300.png\" alt=\"\" width=\"100\" height=\"100\" \/><\/strong><\/p>\n<p><strong>Stephanie A. Kruse<\/strong><br \/>\nist Stimmtherapeutin, S\u00e4ngerin, Vocal Coach, Estill Voice Master Trainerin, arbeitet polyvagal informiert und ist die Gr\u00fcnderin und Inhaberin des LAX VOX\u00ae Institutes. Seit \u00fcber 20 Jahren bildet sie Menschen im Bereich Stimme aus \u2013 mit Herz, Humor und jede Menge Fachwissen.<\/p>\n<p>&nbsp;<\/p>\n<p>\u00dcberblick:<\/p>\n<p><strong data-start=\"105\" data-end=\"131\">\u2713 1 Fortbildungspunkt<\/strong><br data-start=\"153\" data-end=\"156\" \/><strong data-start=\"156\" data-end=\"191\">\u2713 Zoom live, keine Aufzeichnung<\/strong><br data-start=\"191\" data-end=\"194\" \/><strong data-start=\"194\" data-end=\"228\">\u2713 Link &amp; Skript nach Zahlungseingang im Kundenkonto<\/strong><br data-start=\"228\" data-end=\"231\" \/><strong data-start=\"231\" data-end=\"270\">\u2713 Teilnahme per PC\/Laptop empfohlen<\/strong><br data-start=\"270\" data-end=\"273\" \/><strong data-start=\"273\" data-end=\"310\">\u2713 Kamera an &amp; Klarname erforderlich<\/strong><\/p>\n","protected":false},"excerpt":{"rendered":"<p><strong>INTENSE Kurzworkshop<\/strong><br \/>\n<strong>NEU:<\/strong> Jetzt 2 Stunden &amp; inkl. Handout<\/p>\n<div class=\"icon-text-block\"><i class=\"fa fa-calendar\"><\/i>Dienstag, 16.09.2025<\/div>\n<div class=\"icon-text-block\"><i class=\"fa fa-clock-o\"><\/i>18:00\u201320:00 Uhr<\/div>\n<div class=\"icon-text-block\"><i class=\"fa fa-user-o\"><\/i>Stephanie A. Kruse<\/div>\n<div class=\"icon-text-block\"><i class=\"fa fa-certificate\"><\/i>1 Fortbildungspunkt<\/div>\n<div class=\"icon-text-block\"><i class=\"fa fa-laptop\"><\/i>Online via Zoom<\/div>\n","protected":false},"featured_media":49672,"template":"","meta":[],"product_brand":[],"product_cat":[767,247,752],"product_tag":[],"class_list":{"0":"post-49012","1":"product","2":"type-product","3":"status-publish","4":"has-post-thumbnail","6":"product_cat-lv-in-der-logopaedie","7":"product_cat-lax-vox-voice-therapy","8":"product_cat-lax-vox-intense","9":"description-off","11":"first","12":"instock","13":"virtual","14":"sold-individually","15":"product-type-simple"},"bundled_by":[],"bundle_stock_status":"instock","bundle_stock_quantity":null,"bundle_virtual":false,"bundle_layout":"","bundle_add_to_cart_form_location":"","bundle_editable_in_cart":false,"bundle_sold_individually_context":"","bundle_item_grouping":"","bundle_min_size":"","bundle_max_size":"","bundle_price":[],"bundled_items":[],"bundle_sell_ids":[],"yoast_head":"<!-- This site is optimized with the Yoast SEO plugin v27.4 - https:\/\/yoast.com\/product\/yoast-seo-wordpress\/ -->\n<title>Wie funktioniert LAX VOX\u00ae? Wirkung &amp; Anwendung erkl\u00e4rt<\/title>\n<meta name=\"description\" content=\"Lerne in dieser Fortbildung, wie du LAX VOX\u00ae gezielt einsetzt \u2013 f\u00fcr h\u00f6rbare Wirkung, individuelle Anpassung und sp\u00fcrbare Erfolge.\" \/>\n<meta name=\"robots\" content=\"index, follow, max-snippet:-1, max-image-preview:large, max-video-preview:-1\" \/>\n<link rel=\"canonical\" href=\"https:\/\/laxvox-institute.eu\/en\/product\/16-09-2025-so-geht-lax-vox-wirkung-und-anwendung\/\" \/>\n<meta property=\"og:locale\" content=\"en_US\" \/>\n<meta property=\"og:type\" content=\"article\" \/>\n<meta property=\"og:title\" content=\"Wie funktioniert LAX VOX\u00ae? Wirkung &amp; Anwendung erkl\u00e4rt\" \/>\n<meta property=\"og:description\" content=\"Lerne in dieser Fortbildung, wie du LAX VOX\u00ae gezielt einsetzt \u2013 f\u00fcr h\u00f6rbare Wirkung, individuelle Anpassung und sp\u00fcrbare Erfolge.\" \/>\n<meta property=\"og:url\" content=\"https:\/\/laxvox-institute.eu\/en\/product\/16-09-2025-so-geht-lax-vox-wirkung-und-anwendung\/\" \/>\n<meta property=\"og:site_name\" content=\"LAX VOX\u00ae Institute by Stephanie A. Kruse\" \/>\n<meta property=\"article:modified_time\" content=\"2025-09-16T15:37:23+00:00\" \/>\n<meta property=\"og:image\" content=\"https:\/\/laxvox-institute.eu\/wp-content\/uploads\/2025\/07\/6.png\" \/>\n\t<meta property=\"og:image:width\" content=\"1000\" \/>\n\t<meta property=\"og:image:height\" content=\"1000\" \/>\n\t<meta property=\"og:image:type\" content=\"image\/png\" \/>\n<meta name=\"twitter:card\" content=\"summary_large_image\" \/>\n<meta name=\"twitter:label1\" content=\"Est. reading time\" \/>\n\t<meta name=\"twitter:data1\" content=\"2 minutes\" \/>\n<script type=\"application\/ld+json\" class=\"yoast-schema-graph\">{\"@context\":\"https:\\\/\\\/schema.org\",\"@graph\":[{\"@type\":\"WebPage\",\"@id\":\"https:\\\/\\\/laxvox-institute.eu\\\/en\\\/product\\\/16-09-2025-so-geht-lax-vox-wirkung-und-anwendung\\\/\",\"url\":\"https:\\\/\\\/laxvox-institute.eu\\\/en\\\/product\\\/16-09-2025-so-geht-lax-vox-wirkung-und-anwendung\\\/\",\"name\":\"Wie funktioniert LAX VOX\u00ae? Wirkung & Anwendung erkl\u00e4rt\",\"isPartOf\":{\"@id\":\"https:\\\/\\\/laxvox-institute.eu\\\/en\\\/#website\"},\"primaryImageOfPage\":{\"@id\":\"https:\\\/\\\/laxvox-institute.eu\\\/en\\\/product\\\/16-09-2025-so-geht-lax-vox-wirkung-und-anwendung\\\/#primaryimage\"},\"image\":{\"@id\":\"https:\\\/\\\/laxvox-institute.eu\\\/en\\\/product\\\/16-09-2025-so-geht-lax-vox-wirkung-und-anwendung\\\/#primaryimage\"},\"thumbnailUrl\":\"https:\\\/\\\/laxvox-institute.eu\\\/wp-content\\\/uploads\\\/2025\\\/07\\\/6.png\",\"datePublished\":\"2025-07-16T16:35:24+00:00\",\"dateModified\":\"2025-09-16T15:37:23+00:00\",\"description\":\"Lerne in dieser Fortbildung, wie du LAX VOX\u00ae gezielt einsetzt \u2013 f\u00fcr h\u00f6rbare Wirkung, individuelle Anpassung und sp\u00fcrbare Erfolge.\",\"breadcrumb\":{\"@id\":\"https:\\\/\\\/laxvox-institute.eu\\\/en\\\/product\\\/16-09-2025-so-geht-lax-vox-wirkung-und-anwendung\\\/#breadcrumb\"},\"inLanguage\":\"en-US\",\"potentialAction\":[{\"@type\":\"ReadAction\",\"target\":[\"https:\\\/\\\/laxvox-institute.eu\\\/en\\\/product\\\/16-09-2025-so-geht-lax-vox-wirkung-und-anwendung\\\/\"]}]},{\"@type\":\"ImageObject\",\"inLanguage\":\"en-US\",\"@id\":\"https:\\\/\\\/laxvox-institute.eu\\\/en\\\/product\\\/16-09-2025-so-geht-lax-vox-wirkung-und-anwendung\\\/#primaryimage\",\"url\":\"https:\\\/\\\/laxvox-institute.eu\\\/wp-content\\\/uploads\\\/2025\\\/07\\\/6.png\",\"contentUrl\":\"https:\\\/\\\/laxvox-institute.eu\\\/wp-content\\\/uploads\\\/2025\\\/07\\\/6.png\",\"width\":1000,\"height\":1000},{\"@type\":\"BreadcrumbList\",\"@id\":\"https:\\\/\\\/laxvox-institute.eu\\\/en\\\/product\\\/16-09-2025-so-geht-lax-vox-wirkung-und-anwendung\\\/#breadcrumb\",\"itemListElement\":[{\"@type\":\"ListItem\",\"position\":1,\"name\":\"Startseite\",\"item\":\"https:\\\/\\\/laxvox-institute.eu\\\/en\\\/\"},{\"@type\":\"ListItem\",\"position\":2,\"name\":\"Shop\",\"item\":\"https:\\\/\\\/laxvox-institute.eu\\\/en\\\/produkt-archiv\\\/\"},{\"@type\":\"ListItem\",\"position\":3,\"name\":\"Wie funktioniert LAX VOX\u00ae? Wirkung &#038; Anwendung erkl\u00e4rt\"}]},{\"@type\":\"WebSite\",\"@id\":\"https:\\\/\\\/laxvox-institute.eu\\\/en\\\/#website\",\"url\":\"https:\\\/\\\/laxvox-institute.eu\\\/en\\\/\",\"name\":\"LAX VOX\u00ae Institute by Stephanie A. Kruse\",\"description\":\"Wissen, das hilft! Lerne alles \u00fcber Stimme!\",\"publisher\":{\"@id\":\"https:\\\/\\\/laxvox-institute.eu\\\/en\\\/#organization\"},\"potentialAction\":[{\"@type\":\"SearchAction\",\"target\":{\"@type\":\"EntryPoint\",\"urlTemplate\":\"https:\\\/\\\/laxvox-institute.eu\\\/en\\\/?s={search_term_string}\"},\"query-input\":{\"@type\":\"PropertyValueSpecification\",\"valueRequired\":true,\"valueName\":\"search_term_string\"}}],\"inLanguage\":\"en-US\"},{\"@type\":\"Organization\",\"@id\":\"https:\\\/\\\/laxvox-institute.eu\\\/en\\\/#organization\",\"name\":\"LAX VOX\u00ae Institute by Stephanie A. Kruse\",\"url\":\"https:\\\/\\\/laxvox-institute.eu\\\/en\\\/\",\"logo\":{\"@type\":\"ImageObject\",\"inLanguage\":\"en-US\",\"@id\":\"https:\\\/\\\/laxvox-institute.eu\\\/en\\\/#\\\/schema\\\/logo\\\/image\\\/\",\"url\":\"https:\\\/\\\/laxvox-institute.eu\\\/wp-content\\\/uploads\\\/2021\\\/01\\\/LANDINGPAGE_200px_INSTITUTE.webp\",\"contentUrl\":\"https:\\\/\\\/laxvox-institute.eu\\\/wp-content\\\/uploads\\\/2021\\\/01\\\/LANDINGPAGE_200px_INSTITUTE.webp\",\"width\":200,\"height\":65,\"caption\":\"LAX VOX\u00ae Institute by Stephanie A. Kruse\"},\"image\":{\"@id\":\"https:\\\/\\\/laxvox-institute.eu\\\/en\\\/#\\\/schema\\\/logo\\\/image\\\/\"},\"sameAs\":[\"https:\\\/\\\/www.instagram.com\\\/laxvox_official\\\/\"]}]}<\/script>\n<!-- \/ Yoast SEO plugin. -->","yoast_head_json":{"title":"Wie funktioniert LAX VOX\u00ae? Wirkung & Anwendung erkl\u00e4rt","description":"Lerne in dieser Fortbildung, wie du LAX VOX\u00ae gezielt einsetzt \u2013 f\u00fcr h\u00f6rbare Wirkung, individuelle Anpassung und sp\u00fcrbare Erfolge.","robots":{"index":"index","follow":"follow","max-snippet":"max-snippet:-1","max-image-preview":"max-image-preview:large","max-video-preview":"max-video-preview:-1"},"canonical":"https:\/\/laxvox-institute.eu\/en\/product\/16-09-2025-so-geht-lax-vox-wirkung-und-anwendung\/","og_locale":"en_US","og_type":"article","og_title":"Wie funktioniert LAX VOX\u00ae? Wirkung & Anwendung erkl\u00e4rt","og_description":"Lerne in dieser Fortbildung, wie du LAX VOX\u00ae gezielt einsetzt \u2013 f\u00fcr h\u00f6rbare Wirkung, individuelle Anpassung und sp\u00fcrbare Erfolge.","og_url":"https:\/\/laxvox-institute.eu\/en\/product\/16-09-2025-so-geht-lax-vox-wirkung-und-anwendung\/","og_site_name":"LAX VOX\u00ae Institute by Stephanie A. Kruse","article_modified_time":"2025-09-16T15:37:23+00:00","og_image":[{"width":1000,"height":1000,"url":"https:\/\/laxvox-institute.eu\/wp-content\/uploads\/2025\/07\/6.png","type":"image\/png"}],"twitter_card":"summary_large_image","twitter_misc":{"Est. reading time":"2 minutes"},"schema":{"@context":"https:\/\/schema.org","@graph":[{"@type":"WebPage","@id":"https:\/\/laxvox-institute.eu\/en\/product\/16-09-2025-so-geht-lax-vox-wirkung-und-anwendung\/","url":"https:\/\/laxvox-institute.eu\/en\/product\/16-09-2025-so-geht-lax-vox-wirkung-und-anwendung\/","name":"Wie funktioniert LAX VOX\u00ae? Wirkung & Anwendung erkl\u00e4rt","isPartOf":{"@id":"https:\/\/laxvox-institute.eu\/en\/#website"},"primaryImageOfPage":{"@id":"https:\/\/laxvox-institute.eu\/en\/product\/16-09-2025-so-geht-lax-vox-wirkung-und-anwendung\/#primaryimage"},"image":{"@id":"https:\/\/laxvox-institute.eu\/en\/product\/16-09-2025-so-geht-lax-vox-wirkung-und-anwendung\/#primaryimage"},"thumbnailUrl":"https:\/\/laxvox-institute.eu\/wp-content\/uploads\/2025\/07\/6.png","datePublished":"2025-07-16T16:35:24+00:00","dateModified":"2025-09-16T15:37:23+00:00","description":"Lerne in dieser Fortbildung, wie du LAX VOX\u00ae gezielt einsetzt \u2013 f\u00fcr h\u00f6rbare Wirkung, individuelle Anpassung und sp\u00fcrbare Erfolge.","breadcrumb":{"@id":"https:\/\/laxvox-institute.eu\/en\/product\/16-09-2025-so-geht-lax-vox-wirkung-und-anwendung\/#breadcrumb"},"inLanguage":"en-US","potentialAction":[{"@type":"ReadAction","target":["https:\/\/laxvox-institute.eu\/en\/product\/16-09-2025-so-geht-lax-vox-wirkung-und-anwendung\/"]}]},{"@type":"ImageObject","inLanguage":"en-US","@id":"https:\/\/laxvox-institute.eu\/en\/product\/16-09-2025-so-geht-lax-vox-wirkung-und-anwendung\/#primaryimage","url":"https:\/\/laxvox-institute.eu\/wp-content\/uploads\/2025\/07\/6.png","contentUrl":"https:\/\/laxvox-institute.eu\/wp-content\/uploads\/2025\/07\/6.png","width":1000,"height":1000},{"@type":"BreadcrumbList","@id":"https:\/\/laxvox-institute.eu\/en\/product\/16-09-2025-so-geht-lax-vox-wirkung-und-anwendung\/#breadcrumb","itemListElement":[{"@type":"ListItem","position":1,"name":"Startseite","item":"https:\/\/laxvox-institute.eu\/en\/"},{"@type":"ListItem","position":2,"name":"Shop","item":"https:\/\/laxvox-institute.eu\/en\/produkt-archiv\/"},{"@type":"ListItem","position":3,"name":"Wie funktioniert LAX VOX\u00ae? Wirkung &#038; Anwendung erkl\u00e4rt"}]},{"@type":"WebSite","@id":"https:\/\/laxvox-institute.eu\/en\/#website","url":"https:\/\/laxvox-institute.eu\/en\/","name":"LAX VOX\u00ae Institute by Stephanie A. Kruse","description":"Wissen, das hilft! Lerne alles \u00fcber Stimme!","publisher":{"@id":"https:\/\/laxvox-institute.eu\/en\/#organization"},"potentialAction":[{"@type":"SearchAction","target":{"@type":"EntryPoint","urlTemplate":"https:\/\/laxvox-institute.eu\/en\/?s={search_term_string}"},"query-input":{"@type":"PropertyValueSpecification","valueRequired":true,"valueName":"search_term_string"}}],"inLanguage":"en-US"},{"@type":"Organization","@id":"https:\/\/laxvox-institute.eu\/en\/#organization","name":"LAX VOX\u00ae Institute by Stephanie A. Kruse","url":"https:\/\/laxvox-institute.eu\/en\/","logo":{"@type":"ImageObject","inLanguage":"en-US","@id":"https:\/\/laxvox-institute.eu\/en\/#\/schema\/logo\/image\/","url":"https:\/\/laxvox-institute.eu\/wp-content\/uploads\/2021\/01\/LANDINGPAGE_200px_INSTITUTE.webp","contentUrl":"https:\/\/laxvox-institute.eu\/wp-content\/uploads\/2021\/01\/LANDINGPAGE_200px_INSTITUTE.webp","width":200,"height":65,"caption":"LAX VOX\u00ae Institute by Stephanie A. Kruse"},"image":{"@id":"https:\/\/laxvox-institute.eu\/en\/#\/schema\/logo\/image\/"},"sameAs":["https:\/\/www.instagram.com\/laxvox_official\/"]}]}},"_links":{"self":[{"href":"https:\/\/laxvox-institute.eu\/en\/wp-json\/wp\/v2\/product\/49012","targetHints":{"allow":["GET"]}}],"collection":[{"href":"https:\/\/laxvox-institute.eu\/en\/wp-json\/wp\/v2\/product"}],"about":[{"href":"https:\/\/laxvox-institute.eu\/en\/wp-json\/wp\/v2\/types\/product"}],"wp:featuredmedia":[{"embeddable":true,"href":"https:\/\/laxvox-institute.eu\/en\/wp-json\/wp\/v2\/media\/49672"}],"wp:attachment":[{"href":"https:\/\/laxvox-institute.eu\/en\/wp-json\/wp\/v2\/media?parent=49012"}],"wp:term":[{"taxonomy":"product_brand","embeddable":true,"href":"https:\/\/laxvox-institute.eu\/en\/wp-json\/wp\/v2\/product_brand?post=49012"},{"taxonomy":"product_cat","embeddable":true,"href":"https:\/\/laxvox-institute.eu\/en\/wp-json\/wp\/v2\/product_cat?post=49012"},{"taxonomy":"product_tag","embeddable":true,"href":"https:\/\/laxvox-institute.eu\/en\/wp-json\/wp\/v2\/product_tag?post=49012"}],"curies":[{"name":"wp","href":"https:\/\/api.w.org\/{rel}","templated":true}]}}