{"id":49144,"date":"2025-07-18T12:25:35","date_gmt":"2025-07-18T10:25:35","guid":{"rendered":"https:\/\/laxvox-institute.eu\/?post_type=product&#038;p=49144"},"modified":"2025-07-20T21:54:48","modified_gmt":"2025-07-20T19:54:48","slug":"pop-singen-lernen-dynamik-sounds-riffs","status":"publish","type":"product","link":"https:\/\/laxvox-institute.eu\/en\/product\/pop-singen-lernen-dynamik-sounds-riffs\/","title":{"rendered":"Poppiger singen lernen: Dynamik, Sounds &#038; Riffs"},"content":{"rendered":"<h3><span style=\"color: #1db8dd;\">Poppiger singen mit Dynamik, Sounds &amp; Riffs<\/span><\/h3>\n<h3><span style=\"color: #1db8dd;\"><strong>Raus aus dem langweiligen Klang \u2013 rein in den facettenreichen Ausdruck<\/strong><\/span><\/h3>\n<p>Dein Gesang klingt dir zu brav, zu klassisch oder zu langweilig? In diesem Workshop lernst du, wie du mit Dynamik, Klangfarben und Pop-Riffs moderner, lebendiger und stilvoller singst.<br \/>\nMit \u00dcbungen, die Spa\u00df machen, \u00a0LAX VOX\u00ae als \u00dcbungs-Tool und ganz vielen praktischen L\u00f6sungen.<\/p>\n<p><strong>Sofort h\u00f6rbar. Direkt umsetzbar.<\/strong><\/p>\n<div class=\"gap\" style=\"line-height: 10px; height: 10px;\"><\/div>\n<h4><strong><span style=\"color: #1db8dd;\">Du lernst<\/span><\/strong><\/h4>\n<p>\u2713 <strong>Mehr Ausdruck:<\/strong> So klingt dein Gesang lebendig und spannend<br \/>\n\u2713 <strong>Pop-Riffs &amp; Runs:<\/strong> Schritt f\u00fcr Schritt erkl\u00e4rt und ge\u00fcbt<br \/>\n\u2713 <strong>Dynamik &amp; Klangfarben:<\/strong> F\u00fcr mehr Stil und Emotion<br \/>\n\u2713 <strong>LAX VOX\u00ae clever nutzen:<\/strong> Als Tool f\u00fcr mehr Freiheit und Sound<br \/>\n\u2713 <strong>\u00dcbungen mit Effekt:<\/strong> F\u00fcr B\u00fchne, Unterricht oder Studio<\/p>\n<p><strong>Mit klarem Fokus, vielen Aha-Momenten und ganz viel Praxis.<\/strong><\/p>\n<div class=\"gap\" style=\"line-height: 10px; height: 10px;\"><\/div>\n<h4 style=\"color: #1db8dd;\"><strong>Material:<\/strong><\/h4>\n<p>Du brauchst einen originalen LAX VOX\u00ae-Schlauch und ein Gef\u00e4\u00df mit Wasser.<\/p>\n<div class=\"gap\" style=\"line-height: 10px; height: 10px;\"><\/div>\n<h4 style=\"color: #1db8dd;\"><strong>Zielgruppe:<\/strong><\/h4>\n<p>F\u00fcr Singende und Vocal Coaches aus jedem Genre und auf jedem Level.<\/p>\n<div class=\"gap\" style=\"line-height: 10px; height: 10px;\"><\/div>\n<h4 style=\"color: #1db8dd;\"><strong>Deine <span style=\"color: #1db8dd;\">Dozentin:<\/span><\/strong><\/h4>\n<p><strong><img decoding=\"async\" class=\"alignleft wp-image-49711\" src=\"https:\/\/laxvox-institute.eu\/wp-content\/uploads\/2025\/07\/Stephanie_Kruse-LVI-Dozentin-300x300.webp\" alt=\"\" width=\"100\" height=\"100\" srcset=\"https:\/\/laxvox-institute.eu\/wp-content\/uploads\/2025\/07\/Stephanie_Kruse-LVI-Dozentin-300x300.webp 300w, https:\/\/laxvox-institute.eu\/wp-content\/uploads\/2025\/07\/Stephanie_Kruse-LVI-Dozentin-150x150.webp 150w, https:\/\/laxvox-institute.eu\/wp-content\/uploads\/2025\/07\/Stephanie_Kruse-LVI-Dozentin-500x500.webp 500w, https:\/\/laxvox-institute.eu\/wp-content\/uploads\/2025\/07\/Stephanie_Kruse-LVI-Dozentin-157x157.webp 157w, https:\/\/laxvox-institute.eu\/wp-content\/uploads\/2025\/07\/Stephanie_Kruse-LVI-Dozentin-200x200.webp 200w, https:\/\/laxvox-institute.eu\/wp-content\/uploads\/2025\/07\/Stephanie_Kruse-LVI-Dozentin-400x400.webp 400w, https:\/\/laxvox-institute.eu\/wp-content\/uploads\/2025\/07\/Stephanie_Kruse-LVI-Dozentin.webp 531w\" sizes=\"(max-width: 100px) 100vw, 100px\" \/>Stephanie A. Kruse<br \/>\n<\/strong> ist Stimmtherapeutin, S\u00e4ngerin, Vocal Coach, Estill Voice Master Trainerin seit 2014, arbeitet polyvagal informiert und ist die Gr\u00fcnderin und Inhaberin des LAX VOX\u00ae Institutes. Seit \u00fcber 20 Jahren bildet sie Menschen im Bereich Stimme aus \u2013 mit Herz, Humor und jede Menge Fachwissen.<\/p>\n<h4><\/h4>\n<h4><\/h4>\n<h4><span style=\"color: #1db8dd;\"><strong>\u00dcberblick:<\/strong><\/span><\/h4>\n<p><strong>\u2713 2,5 Fortbildungspunkte<\/strong><br \/>\n<strong>\u2713 Zoom live, keine Aufzeichnung<\/strong><br \/>\n<strong>\u2713 Link &amp; Skript nach Zahlungseingang im Kundenkonto<\/strong><br \/>\n<strong>\u2713 Teilnahme per PC\/Laptop empfohlen<\/strong><br \/>\n<strong>\u2713 Kamera an &amp; Klarname erforderlich<\/strong><\/p>\n","protected":false},"excerpt":{"rendered":"<div class=\"icon-text-block\"><i class=\"fa fa-calendar\"><\/i>Montag, 29.09.2025<\/div>\n<div class=\"icon-text-block\"><i class=\"fa fa-clock-o\"><\/i>10:00\u201314:00 Uhr<\/div>\n<div class=\"icon-text-block\"><i class=\"fa fa-user-o\"><\/i>Stephanie A. Kruse<\/div>\n<div class=\"icon-text-block\"><i class=\"fa fa-certificate\"><\/I>2,5 Fortbildungspunkte<\/div>\n<div class=\"icon-text-block\"><i class=\"fa fa-laptop\"><\/i>Online via Zoom<\/div>\n","protected":false},"featured_media":40468,"template":"","meta":[],"product_brand":[],"product_cat":[249,944],"product_tag":[],"class_list":{"0":"post-49144","1":"product","2":"type-product","3":"status-publish","4":"has-post-thumbnail","6":"product_cat-lax-vox-singers-training","7":"product_cat-fuer-deine-stimme","8":"description-off","10":"first","11":"instock","12":"virtual","13":"sold-individually","14":"purchasable","15":"product-type-simple"},"bundled_by":[],"bundle_stock_status":"instock","bundle_stock_quantity":null,"bundle_virtual":false,"bundle_layout":"","bundle_add_to_cart_form_location":"","bundle_editable_in_cart":false,"bundle_sold_individually_context":"","bundle_item_grouping":"","bundle_min_size":"","bundle_max_size":"","bundle_price":[],"bundled_items":[],"bundle_sell_ids":[],"yoast_head":"<!-- This site is optimized with the Yoast SEO plugin v27.4 - https:\/\/yoast.com\/product\/yoast-seo-wordpress\/ -->\n<title>Pop-Singen lernen: Dynamik, Sounds &amp; Riffs<\/title>\n<meta name=\"description\" content=\"\u201eLerne in diesem Online-Workshop, wie du mit Pop-Riffs, mehr Dynamik und Sounds deinen Gesang modern, lebendig und ausdrucksstark gestaltest.\u201c\" \/>\n<meta name=\"robots\" content=\"index, follow, max-snippet:-1, max-image-preview:large, max-video-preview:-1\" \/>\n<link rel=\"canonical\" href=\"https:\/\/laxvox-institute.eu\/en\/product\/pop-singen-lernen-dynamik-sounds-riffs\/\" \/>\n<meta property=\"og:locale\" content=\"en_US\" \/>\n<meta property=\"og:type\" content=\"article\" \/>\n<meta property=\"og:title\" content=\"Pop-Singen lernen: Dynamik, Sounds &amp; Riffs\" \/>\n<meta property=\"og:description\" content=\"\u201eLerne in diesem Online-Workshop, wie du mit Pop-Riffs, mehr Dynamik und Sounds deinen Gesang modern, lebendig und ausdrucksstark gestaltest.\u201c\" \/>\n<meta property=\"og:url\" content=\"https:\/\/laxvox-institute.eu\/en\/product\/pop-singen-lernen-dynamik-sounds-riffs\/\" \/>\n<meta property=\"og:site_name\" content=\"LAX VOX\u00ae Institute by Stephanie A. Kruse\" \/>\n<meta property=\"article:modified_time\" content=\"2025-07-20T19:54:48+00:00\" \/>\n<meta property=\"og:image\" content=\"https:\/\/laxvox-institute.eu\/wp-content\/uploads\/2023\/10\/Bildschirmfoto-2023-10-14-um-00.55.56.webp\" \/>\n\t<meta property=\"og:image:width\" content=\"836\" \/>\n\t<meta property=\"og:image:height\" content=\"842\" \/>\n\t<meta property=\"og:image:type\" content=\"image\/webp\" \/>\n<meta name=\"twitter:card\" content=\"summary_large_image\" \/>\n<meta name=\"twitter:label1\" content=\"Est. reading time\" \/>\n\t<meta name=\"twitter:data1\" content=\"2 minutes\" \/>\n<script type=\"application\/ld+json\" class=\"yoast-schema-graph\">{\"@context\":\"https:\\\/\\\/schema.org\",\"@graph\":[{\"@type\":\"WebPage\",\"@id\":\"https:\\\/\\\/laxvox-institute.eu\\\/en\\\/product\\\/pop-singen-lernen-dynamik-sounds-riffs\\\/\",\"url\":\"https:\\\/\\\/laxvox-institute.eu\\\/en\\\/product\\\/pop-singen-lernen-dynamik-sounds-riffs\\\/\",\"name\":\"Pop-Singen lernen: Dynamik, Sounds & Riffs\",\"isPartOf\":{\"@id\":\"https:\\\/\\\/laxvox-institute.eu\\\/en\\\/#website\"},\"primaryImageOfPage\":{\"@id\":\"https:\\\/\\\/laxvox-institute.eu\\\/en\\\/product\\\/pop-singen-lernen-dynamik-sounds-riffs\\\/#primaryimage\"},\"image\":{\"@id\":\"https:\\\/\\\/laxvox-institute.eu\\\/en\\\/product\\\/pop-singen-lernen-dynamik-sounds-riffs\\\/#primaryimage\"},\"thumbnailUrl\":\"https:\\\/\\\/laxvox-institute.eu\\\/wp-content\\\/uploads\\\/2023\\\/10\\\/Bildschirmfoto-2023-10-14-um-00.55.56.webp\",\"datePublished\":\"2025-07-18T10:25:35+00:00\",\"dateModified\":\"2025-07-20T19:54:48+00:00\",\"description\":\"\u201eLerne in diesem Online-Workshop, wie du mit Pop-Riffs, mehr Dynamik und Sounds deinen Gesang modern, lebendig und ausdrucksstark gestaltest.\u201c\",\"breadcrumb\":{\"@id\":\"https:\\\/\\\/laxvox-institute.eu\\\/en\\\/product\\\/pop-singen-lernen-dynamik-sounds-riffs\\\/#breadcrumb\"},\"inLanguage\":\"en-US\",\"potentialAction\":[{\"@type\":\"ReadAction\",\"target\":[\"https:\\\/\\\/laxvox-institute.eu\\\/en\\\/product\\\/pop-singen-lernen-dynamik-sounds-riffs\\\/\"]}]},{\"@type\":\"ImageObject\",\"inLanguage\":\"en-US\",\"@id\":\"https:\\\/\\\/laxvox-institute.eu\\\/en\\\/product\\\/pop-singen-lernen-dynamik-sounds-riffs\\\/#primaryimage\",\"url\":\"https:\\\/\\\/laxvox-institute.eu\\\/wp-content\\\/uploads\\\/2023\\\/10\\\/Bildschirmfoto-2023-10-14-um-00.55.56.webp\",\"contentUrl\":\"https:\\\/\\\/laxvox-institute.eu\\\/wp-content\\\/uploads\\\/2023\\\/10\\\/Bildschirmfoto-2023-10-14-um-00.55.56.webp\",\"width\":836,\"height\":842},{\"@type\":\"BreadcrumbList\",\"@id\":\"https:\\\/\\\/laxvox-institute.eu\\\/en\\\/product\\\/pop-singen-lernen-dynamik-sounds-riffs\\\/#breadcrumb\",\"itemListElement\":[{\"@type\":\"ListItem\",\"position\":1,\"name\":\"Startseite\",\"item\":\"https:\\\/\\\/laxvox-institute.eu\\\/en\\\/\"},{\"@type\":\"ListItem\",\"position\":2,\"name\":\"Shop\",\"item\":\"https:\\\/\\\/laxvox-institute.eu\\\/en\\\/produkt-archiv\\\/\"},{\"@type\":\"ListItem\",\"position\":3,\"name\":\"Poppiger singen lernen: Dynamik, Sounds &#038; Riffs\"}]},{\"@type\":\"WebSite\",\"@id\":\"https:\\\/\\\/laxvox-institute.eu\\\/en\\\/#website\",\"url\":\"https:\\\/\\\/laxvox-institute.eu\\\/en\\\/\",\"name\":\"LAX VOX\u00ae Institute by Stephanie A. Kruse\",\"description\":\"Wissen, das hilft! Lerne alles \u00fcber Stimme!\",\"publisher\":{\"@id\":\"https:\\\/\\\/laxvox-institute.eu\\\/en\\\/#organization\"},\"potentialAction\":[{\"@type\":\"SearchAction\",\"target\":{\"@type\":\"EntryPoint\",\"urlTemplate\":\"https:\\\/\\\/laxvox-institute.eu\\\/en\\\/?s={search_term_string}\"},\"query-input\":{\"@type\":\"PropertyValueSpecification\",\"valueRequired\":true,\"valueName\":\"search_term_string\"}}],\"inLanguage\":\"en-US\"},{\"@type\":\"Organization\",\"@id\":\"https:\\\/\\\/laxvox-institute.eu\\\/en\\\/#organization\",\"name\":\"LAX VOX\u00ae Institute by Stephanie A. Kruse\",\"url\":\"https:\\\/\\\/laxvox-institute.eu\\\/en\\\/\",\"logo\":{\"@type\":\"ImageObject\",\"inLanguage\":\"en-US\",\"@id\":\"https:\\\/\\\/laxvox-institute.eu\\\/en\\\/#\\\/schema\\\/logo\\\/image\\\/\",\"url\":\"https:\\\/\\\/laxvox-institute.eu\\\/wp-content\\\/uploads\\\/2021\\\/01\\\/LANDINGPAGE_200px_INSTITUTE.webp\",\"contentUrl\":\"https:\\\/\\\/laxvox-institute.eu\\\/wp-content\\\/uploads\\\/2021\\\/01\\\/LANDINGPAGE_200px_INSTITUTE.webp\",\"width\":200,\"height\":65,\"caption\":\"LAX VOX\u00ae Institute by Stephanie A. Kruse\"},\"image\":{\"@id\":\"https:\\\/\\\/laxvox-institute.eu\\\/en\\\/#\\\/schema\\\/logo\\\/image\\\/\"},\"sameAs\":[\"https:\\\/\\\/www.instagram.com\\\/laxvox_official\\\/\"]}]}<\/script>\n<!-- \/ Yoast SEO plugin. -->","yoast_head_json":{"title":"Pop-Singen lernen: Dynamik, Sounds & Riffs","description":"\u201eLerne in diesem Online-Workshop, wie du mit Pop-Riffs, mehr Dynamik und Sounds deinen Gesang modern, lebendig und ausdrucksstark gestaltest.\u201c","robots":{"index":"index","follow":"follow","max-snippet":"max-snippet:-1","max-image-preview":"max-image-preview:large","max-video-preview":"max-video-preview:-1"},"canonical":"https:\/\/laxvox-institute.eu\/en\/product\/pop-singen-lernen-dynamik-sounds-riffs\/","og_locale":"en_US","og_type":"article","og_title":"Pop-Singen lernen: Dynamik, Sounds & Riffs","og_description":"\u201eLerne in diesem Online-Workshop, wie du mit Pop-Riffs, mehr Dynamik und Sounds deinen Gesang modern, lebendig und ausdrucksstark gestaltest.\u201c","og_url":"https:\/\/laxvox-institute.eu\/en\/product\/pop-singen-lernen-dynamik-sounds-riffs\/","og_site_name":"LAX VOX\u00ae Institute by Stephanie A. Kruse","article_modified_time":"2025-07-20T19:54:48+00:00","og_image":[{"width":836,"height":842,"url":"https:\/\/laxvox-institute.eu\/wp-content\/uploads\/2023\/10\/Bildschirmfoto-2023-10-14-um-00.55.56.webp","type":"image\/webp"}],"twitter_card":"summary_large_image","twitter_misc":{"Est. reading time":"2 minutes"},"schema":{"@context":"https:\/\/schema.org","@graph":[{"@type":"WebPage","@id":"https:\/\/laxvox-institute.eu\/en\/product\/pop-singen-lernen-dynamik-sounds-riffs\/","url":"https:\/\/laxvox-institute.eu\/en\/product\/pop-singen-lernen-dynamik-sounds-riffs\/","name":"Pop-Singen lernen: Dynamik, Sounds & Riffs","isPartOf":{"@id":"https:\/\/laxvox-institute.eu\/en\/#website"},"primaryImageOfPage":{"@id":"https:\/\/laxvox-institute.eu\/en\/product\/pop-singen-lernen-dynamik-sounds-riffs\/#primaryimage"},"image":{"@id":"https:\/\/laxvox-institute.eu\/en\/product\/pop-singen-lernen-dynamik-sounds-riffs\/#primaryimage"},"thumbnailUrl":"https:\/\/laxvox-institute.eu\/wp-content\/uploads\/2023\/10\/Bildschirmfoto-2023-10-14-um-00.55.56.webp","datePublished":"2025-07-18T10:25:35+00:00","dateModified":"2025-07-20T19:54:48+00:00","description":"\u201eLerne in diesem Online-Workshop, wie du mit Pop-Riffs, mehr Dynamik und Sounds deinen Gesang modern, lebendig und ausdrucksstark gestaltest.\u201c","breadcrumb":{"@id":"https:\/\/laxvox-institute.eu\/en\/product\/pop-singen-lernen-dynamik-sounds-riffs\/#breadcrumb"},"inLanguage":"en-US","potentialAction":[{"@type":"ReadAction","target":["https:\/\/laxvox-institute.eu\/en\/product\/pop-singen-lernen-dynamik-sounds-riffs\/"]}]},{"@type":"ImageObject","inLanguage":"en-US","@id":"https:\/\/laxvox-institute.eu\/en\/product\/pop-singen-lernen-dynamik-sounds-riffs\/#primaryimage","url":"https:\/\/laxvox-institute.eu\/wp-content\/uploads\/2023\/10\/Bildschirmfoto-2023-10-14-um-00.55.56.webp","contentUrl":"https:\/\/laxvox-institute.eu\/wp-content\/uploads\/2023\/10\/Bildschirmfoto-2023-10-14-um-00.55.56.webp","width":836,"height":842},{"@type":"BreadcrumbList","@id":"https:\/\/laxvox-institute.eu\/en\/product\/pop-singen-lernen-dynamik-sounds-riffs\/#breadcrumb","itemListElement":[{"@type":"ListItem","position":1,"name":"Startseite","item":"https:\/\/laxvox-institute.eu\/en\/"},{"@type":"ListItem","position":2,"name":"Shop","item":"https:\/\/laxvox-institute.eu\/en\/produkt-archiv\/"},{"@type":"ListItem","position":3,"name":"Poppiger singen lernen: Dynamik, Sounds &#038; Riffs"}]},{"@type":"WebSite","@id":"https:\/\/laxvox-institute.eu\/en\/#website","url":"https:\/\/laxvox-institute.eu\/en\/","name":"LAX VOX\u00ae Institute by Stephanie A. Kruse","description":"Wissen, das hilft! Lerne alles \u00fcber Stimme!","publisher":{"@id":"https:\/\/laxvox-institute.eu\/en\/#organization"},"potentialAction":[{"@type":"SearchAction","target":{"@type":"EntryPoint","urlTemplate":"https:\/\/laxvox-institute.eu\/en\/?s={search_term_string}"},"query-input":{"@type":"PropertyValueSpecification","valueRequired":true,"valueName":"search_term_string"}}],"inLanguage":"en-US"},{"@type":"Organization","@id":"https:\/\/laxvox-institute.eu\/en\/#organization","name":"LAX VOX\u00ae Institute by Stephanie A. Kruse","url":"https:\/\/laxvox-institute.eu\/en\/","logo":{"@type":"ImageObject","inLanguage":"en-US","@id":"https:\/\/laxvox-institute.eu\/en\/#\/schema\/logo\/image\/","url":"https:\/\/laxvox-institute.eu\/wp-content\/uploads\/2021\/01\/LANDINGPAGE_200px_INSTITUTE.webp","contentUrl":"https:\/\/laxvox-institute.eu\/wp-content\/uploads\/2021\/01\/LANDINGPAGE_200px_INSTITUTE.webp","width":200,"height":65,"caption":"LAX VOX\u00ae Institute by Stephanie A. Kruse"},"image":{"@id":"https:\/\/laxvox-institute.eu\/en\/#\/schema\/logo\/image\/"},"sameAs":["https:\/\/www.instagram.com\/laxvox_official\/"]}]}},"_links":{"self":[{"href":"https:\/\/laxvox-institute.eu\/en\/wp-json\/wp\/v2\/product\/49144","targetHints":{"allow":["GET"]}}],"collection":[{"href":"https:\/\/laxvox-institute.eu\/en\/wp-json\/wp\/v2\/product"}],"about":[{"href":"https:\/\/laxvox-institute.eu\/en\/wp-json\/wp\/v2\/types\/product"}],"wp:featuredmedia":[{"embeddable":true,"href":"https:\/\/laxvox-institute.eu\/en\/wp-json\/wp\/v2\/media\/40468"}],"wp:attachment":[{"href":"https:\/\/laxvox-institute.eu\/en\/wp-json\/wp\/v2\/media?parent=49144"}],"wp:term":[{"taxonomy":"product_brand","embeddable":true,"href":"https:\/\/laxvox-institute.eu\/en\/wp-json\/wp\/v2\/product_brand?post=49144"},{"taxonomy":"product_cat","embeddable":true,"href":"https:\/\/laxvox-institute.eu\/en\/wp-json\/wp\/v2\/product_cat?post=49144"},{"taxonomy":"product_tag","embeddable":true,"href":"https:\/\/laxvox-institute.eu\/en\/wp-json\/wp\/v2\/product_tag?post=49144"}],"curies":[{"name":"wp","href":"https:\/\/api.w.org\/{rel}","templated":true}]}}