{"id":49157,"date":"2025-07-18T19:20:38","date_gmt":"2025-07-18T17:20:38","guid":{"rendered":"https:\/\/laxvox-institute.eu\/?post_type=product&#038;p=49157"},"modified":"2025-09-30T17:41:22","modified_gmt":"2025-09-30T15:41:22","slug":"gezielt-einsingen-mit-lax-vox-deine-neue-uebe-routine","status":"publish","type":"product","link":"https:\/\/laxvox-institute.eu\/en\/product\/gezielt-einsingen-mit-lax-vox-deine-neue-uebe-routine\/","title":{"rendered":"Gezielt Einsingen mit LAX VOX\u00ae &#8211; Deine neue \u00dcbe-Routine"},"content":{"rendered":"<h3><span style=\"color: #1db8dd;\"><strong>Zielgerichtet Einsingen mit LAX VOX\u00ae<\/strong><\/span><\/h3>\n<h3><span style=\"color: #1db8dd;\">\u201eIch blubber mich son bisschen warm. Geht da noch mehr?\u201c<\/span><\/h3>\n<p>Du willst dich mit LAX VOX\u00ae einsingen, wei\u00dft aber nicht genau, wie? Hier lernst du zielgerichtete \u00dcbungen und einen klaren \u00dcbungsablauf zum Nachmachen.<\/p>\n<p><strong>Lerne jetzt deine neue Einsing-Routine \u2013 f\u00fcr eine freie, klare und flexible Stimme.<\/strong><\/p>\n<div class=\"gap\" style=\"line-height: 10px; height: 10px;\"><\/div>\n<h4><strong><span style=\"color: #1db8dd;\">Du lernst<\/span><\/strong><\/h4>\n<p><strong>\u2713 Wie du deine Stimme gezielt aufw\u00e4rmst<\/strong>: passend zu deinen individuellen Zielen<br \/>\n<strong>\u2713 Zielgerichtete LAX VOX\u00ae-\u00dcbungen<\/strong>: f\u00fcr mehr Freiheit und Flexibilit\u00e4t<br \/>\n<strong>\u2713 Klarer Schritt-f\u00fcr-Schritt-Einsingablauf<\/strong><br \/>\n<strong>\u2713 Tipps f\u00fcr die t\u00e4gliche Routine:<\/strong> So macht Einsingen Spa\u00df<br \/>\n<strong>\u2713 Mehr Leichtigkeit und Sicherheit<\/strong> beim Singen<\/p>\n<p><strong>Mit effektiven \u00dcbungen, klaren Anleitungen und viel Freude am Stimmtraining.<\/strong><\/p>\n<div class=\"gap\" style=\"line-height: 10px; height: 10px;\"><\/div>\n<h4 style=\"color: #1db8dd;\"><strong>Material:<\/strong><\/h4>\n<p>Originaler LAX VOX\u00ae-Schlauch und 0,5-l-Flasche mit Wasser.<\/p>\n<div class=\"gap\" style=\"line-height: 10px; height: 10px;\"><\/div>\n<h4 style=\"color: #1db8dd;\"><strong>Zielgruppe:<\/strong><\/h4>\n<p>F\u00fcr alle, die ihre Stimme gezielt und effektiv aufw\u00e4rmen m\u00f6chten \u2013 egal ob Anf\u00e4nger*innen oder erfahrene S\u00e4nger*innen.<\/p>\n<div class=\"gap\" style=\"line-height: 10px; height: 10px;\"><\/div>\n<h4 style=\"color: #1db8dd;\"><strong>Deine Dozentin:<\/strong><\/h4>\n<p><strong><img decoding=\"async\" class=\"alignleft wp-image-49714\" src=\"https:\/\/laxvox-institute.eu\/wp-content\/uploads\/2025\/07\/Gbriele-Wohlgemuth_LVI-Dozierenden-fotos-klein-300x300.webp\" alt=\"\" width=\"100\" height=\"100\" srcset=\"https:\/\/laxvox-institute.eu\/wp-content\/uploads\/2025\/07\/Gbriele-Wohlgemuth_LVI-Dozierenden-fotos-klein-300x300.webp 300w, https:\/\/laxvox-institute.eu\/wp-content\/uploads\/2025\/07\/Gbriele-Wohlgemuth_LVI-Dozierenden-fotos-klein-150x150.png 150w, https:\/\/laxvox-institute.eu\/wp-content\/uploads\/2025\/07\/Gbriele-Wohlgemuth_LVI-Dozierenden-fotos-klein-500x500.png 500w, https:\/\/laxvox-institute.eu\/wp-content\/uploads\/2025\/07\/Gbriele-Wohlgemuth_LVI-Dozierenden-fotos-klein-157x157.png 157w, https:\/\/laxvox-institute.eu\/wp-content\/uploads\/2025\/07\/Gbriele-Wohlgemuth_LVI-Dozierenden-fotos-klein-200x200.png 200w, https:\/\/laxvox-institute.eu\/wp-content\/uploads\/2025\/07\/Gbriele-Wohlgemuth_LVI-Dozierenden-fotos-klein-400x400.png 400w, https:\/\/laxvox-institute.eu\/wp-content\/uploads\/2025\/07\/Gbriele-Wohlgemuth_LVI-Dozierenden-fotos-klein.webp 576w\" sizes=\"(max-width: 100px) 100vw, 100px\" \/>Gabriele Wohlgemuth<br \/>\n<\/strong> ist Stimmbildnerin, Chorleiterin und LAX VOX\u00ae Master Trainerin. \u00a0Sie verbindet kreative Leichtigkeit mit klarer Struktur und sorgt so f\u00fcr schnelle, sp\u00fcrbare Erfolge. Ihre Arbeit macht nicht nur Spa\u00df, sondern begeistert und motiviert, die eigene Stimme voll zu entfalten.<\/p>\n<p>&nbsp;<\/p>\n<p>&nbsp;<\/p>\n<h4 style=\"color: #1db8dd;\"><strong>\u00dcberblick:<\/strong><\/h4>\n<p><strong>\u2713 1 Fortbildungspunkt<\/strong><br \/>\n<strong>\u2713 Zoom live, keine Aufzeichnung<\/strong><br \/>\n<strong>\u2713 Link &amp; Skript nach Zahlungseingang im Kundenkonto<\/strong><br \/>\n<strong>\u2713 Teilnahme per PC\/Laptop empfohlen<\/strong><br \/>\n<strong>\u2713 Kamera an &amp; Klarname erforderlich<\/strong><\/p>\n","protected":false},"excerpt":{"rendered":"<p><strong>INTENSE Kurzworkshop<\/strong><br \/>\n<strong>NEU:<\/strong> Jetzt 2 Stunden &amp; inkl. Handout<\/p>\n<div class=\"icon-text-block\"><i class=\"fa fa-calendar\"><\/i> Dienstag, 30.09.2025<\/div>\n<div class=\"icon-text-block\"><i class=\"fa fa-clock-o\"><\/i> 18:00\u201320:00 Uhr<\/div>\n<div class=\"icon-text-block\"><i class=\"fa fa-user-o\"><\/i> Gabriele Wohlgemuth<\/div>\n<div class=\"icon-text-block\"><i class=\"fa fa-certificate\"><\/i> 1 Fortbildungspunkt<\/div>\n<div class=\"icon-text-block\"><i class=\"fa fa-laptop\"><\/i> Online via Zoom<\/div>\n","protected":false},"featured_media":49660,"template":"","meta":[],"product_brand":[],"product_cat":[249,752,944],"product_tag":[],"class_list":{"0":"post-49157","1":"product","2":"type-product","3":"status-publish","4":"has-post-thumbnail","6":"product_cat-lax-vox-singers-training","7":"product_cat-lax-vox-intense","8":"product_cat-fuer-deine-stimme","9":"description-off","11":"first","12":"instock","13":"virtual","14":"sold-individually","15":"product-type-simple"},"bundled_by":[],"bundle_stock_status":"instock","bundle_stock_quantity":null,"bundle_virtual":false,"bundle_layout":"","bundle_add_to_cart_form_location":"","bundle_editable_in_cart":false,"bundle_sold_individually_context":"","bundle_item_grouping":"","bundle_min_size":"","bundle_max_size":"","bundle_price":[],"bundled_items":[],"bundle_sell_ids":[],"yoast_head":"<!-- This site is optimized with the Yoast SEO plugin v27.4 - https:\/\/yoast.com\/product\/yoast-seo-wordpress\/ -->\n<title>Gezielt Einsingen mit LAX VOX\u00ae - Deine neue \u00dcbe-Routine<\/title>\n<meta name=\"description\" content=\"Lerne jetzt deine zielgerichtete Einsing-Routine mit konkreten LAX VOX\u00ae-\u00dcbungen f\u00fcr eine freie, flexible und tragf\u00e4hige Singstimme.\" \/>\n<meta name=\"robots\" content=\"index, follow, max-snippet:-1, max-image-preview:large, max-video-preview:-1\" \/>\n<link rel=\"canonical\" href=\"https:\/\/laxvox-institute.eu\/en\/product\/gezielt-einsingen-mit-lax-vox-deine-neue-uebe-routine\/\" \/>\n<meta property=\"og:locale\" content=\"en_US\" \/>\n<meta property=\"og:type\" content=\"article\" \/>\n<meta property=\"og:title\" content=\"Gezielt Einsingen mit LAX VOX\u00ae - Deine neue \u00dcbe-Routine\" \/>\n<meta property=\"og:description\" content=\"Lerne jetzt deine zielgerichtete Einsing-Routine mit konkreten LAX VOX\u00ae-\u00dcbungen f\u00fcr eine freie, flexible und tragf\u00e4hige Singstimme.\" \/>\n<meta property=\"og:url\" content=\"https:\/\/laxvox-institute.eu\/en\/product\/gezielt-einsingen-mit-lax-vox-deine-neue-uebe-routine\/\" \/>\n<meta property=\"og:site_name\" content=\"LAX VOX\u00ae Institute by Stephanie A. Kruse\" \/>\n<meta property=\"article:modified_time\" content=\"2025-09-30T15:41:22+00:00\" \/>\n<meta property=\"og:image\" content=\"https:\/\/laxvox-institute.eu\/wp-content\/uploads\/2025\/07\/2.png\" \/>\n\t<meta property=\"og:image:width\" content=\"1000\" \/>\n\t<meta property=\"og:image:height\" content=\"1000\" \/>\n\t<meta property=\"og:image:type\" content=\"image\/png\" \/>\n<meta name=\"twitter:card\" content=\"summary_large_image\" \/>\n<meta name=\"twitter:label1\" content=\"Est. reading time\" \/>\n\t<meta name=\"twitter:data1\" content=\"2 minutes\" \/>\n<script type=\"application\/ld+json\" class=\"yoast-schema-graph\">{\"@context\":\"https:\\\/\\\/schema.org\",\"@graph\":[{\"@type\":\"WebPage\",\"@id\":\"https:\\\/\\\/laxvox-institute.eu\\\/en\\\/product\\\/gezielt-einsingen-mit-lax-vox-deine-neue-uebe-routine\\\/\",\"url\":\"https:\\\/\\\/laxvox-institute.eu\\\/en\\\/product\\\/gezielt-einsingen-mit-lax-vox-deine-neue-uebe-routine\\\/\",\"name\":\"Gezielt Einsingen mit LAX VOX\u00ae - Deine neue \u00dcbe-Routine\",\"isPartOf\":{\"@id\":\"https:\\\/\\\/laxvox-institute.eu\\\/en\\\/#website\"},\"primaryImageOfPage\":{\"@id\":\"https:\\\/\\\/laxvox-institute.eu\\\/en\\\/product\\\/gezielt-einsingen-mit-lax-vox-deine-neue-uebe-routine\\\/#primaryimage\"},\"image\":{\"@id\":\"https:\\\/\\\/laxvox-institute.eu\\\/en\\\/product\\\/gezielt-einsingen-mit-lax-vox-deine-neue-uebe-routine\\\/#primaryimage\"},\"thumbnailUrl\":\"https:\\\/\\\/laxvox-institute.eu\\\/wp-content\\\/uploads\\\/2025\\\/07\\\/2.png\",\"datePublished\":\"2025-07-18T17:20:38+00:00\",\"dateModified\":\"2025-09-30T15:41:22+00:00\",\"description\":\"Lerne jetzt deine zielgerichtete Einsing-Routine mit konkreten LAX VOX\u00ae-\u00dcbungen f\u00fcr eine freie, flexible und tragf\u00e4hige Singstimme.\",\"breadcrumb\":{\"@id\":\"https:\\\/\\\/laxvox-institute.eu\\\/en\\\/product\\\/gezielt-einsingen-mit-lax-vox-deine-neue-uebe-routine\\\/#breadcrumb\"},\"inLanguage\":\"en-US\",\"potentialAction\":[{\"@type\":\"ReadAction\",\"target\":[\"https:\\\/\\\/laxvox-institute.eu\\\/en\\\/product\\\/gezielt-einsingen-mit-lax-vox-deine-neue-uebe-routine\\\/\"]}]},{\"@type\":\"ImageObject\",\"inLanguage\":\"en-US\",\"@id\":\"https:\\\/\\\/laxvox-institute.eu\\\/en\\\/product\\\/gezielt-einsingen-mit-lax-vox-deine-neue-uebe-routine\\\/#primaryimage\",\"url\":\"https:\\\/\\\/laxvox-institute.eu\\\/wp-content\\\/uploads\\\/2025\\\/07\\\/2.png\",\"contentUrl\":\"https:\\\/\\\/laxvox-institute.eu\\\/wp-content\\\/uploads\\\/2025\\\/07\\\/2.png\",\"width\":1000,\"height\":1000},{\"@type\":\"BreadcrumbList\",\"@id\":\"https:\\\/\\\/laxvox-institute.eu\\\/en\\\/product\\\/gezielt-einsingen-mit-lax-vox-deine-neue-uebe-routine\\\/#breadcrumb\",\"itemListElement\":[{\"@type\":\"ListItem\",\"position\":1,\"name\":\"Startseite\",\"item\":\"https:\\\/\\\/laxvox-institute.eu\\\/en\\\/\"},{\"@type\":\"ListItem\",\"position\":2,\"name\":\"Shop\",\"item\":\"https:\\\/\\\/laxvox-institute.eu\\\/en\\\/produkt-archiv\\\/\"},{\"@type\":\"ListItem\",\"position\":3,\"name\":\"Gezielt Einsingen mit LAX VOX\u00ae &#8211; Deine neue \u00dcbe-Routine\"}]},{\"@type\":\"WebSite\",\"@id\":\"https:\\\/\\\/laxvox-institute.eu\\\/en\\\/#website\",\"url\":\"https:\\\/\\\/laxvox-institute.eu\\\/en\\\/\",\"name\":\"LAX VOX\u00ae Institute by Stephanie A. Kruse\",\"description\":\"Wissen, das hilft! Lerne alles \u00fcber Stimme!\",\"publisher\":{\"@id\":\"https:\\\/\\\/laxvox-institute.eu\\\/en\\\/#organization\"},\"potentialAction\":[{\"@type\":\"SearchAction\",\"target\":{\"@type\":\"EntryPoint\",\"urlTemplate\":\"https:\\\/\\\/laxvox-institute.eu\\\/en\\\/?s={search_term_string}\"},\"query-input\":{\"@type\":\"PropertyValueSpecification\",\"valueRequired\":true,\"valueName\":\"search_term_string\"}}],\"inLanguage\":\"en-US\"},{\"@type\":\"Organization\",\"@id\":\"https:\\\/\\\/laxvox-institute.eu\\\/en\\\/#organization\",\"name\":\"LAX VOX\u00ae Institute by Stephanie A. Kruse\",\"url\":\"https:\\\/\\\/laxvox-institute.eu\\\/en\\\/\",\"logo\":{\"@type\":\"ImageObject\",\"inLanguage\":\"en-US\",\"@id\":\"https:\\\/\\\/laxvox-institute.eu\\\/en\\\/#\\\/schema\\\/logo\\\/image\\\/\",\"url\":\"https:\\\/\\\/laxvox-institute.eu\\\/wp-content\\\/uploads\\\/2021\\\/01\\\/LANDINGPAGE_200px_INSTITUTE.webp\",\"contentUrl\":\"https:\\\/\\\/laxvox-institute.eu\\\/wp-content\\\/uploads\\\/2021\\\/01\\\/LANDINGPAGE_200px_INSTITUTE.webp\",\"width\":200,\"height\":65,\"caption\":\"LAX VOX\u00ae Institute by Stephanie A. Kruse\"},\"image\":{\"@id\":\"https:\\\/\\\/laxvox-institute.eu\\\/en\\\/#\\\/schema\\\/logo\\\/image\\\/\"},\"sameAs\":[\"https:\\\/\\\/www.instagram.com\\\/laxvox_official\\\/\"]}]}<\/script>\n<!-- \/ Yoast SEO plugin. -->","yoast_head_json":{"title":"Gezielt Einsingen mit LAX VOX\u00ae - Deine neue \u00dcbe-Routine","description":"Lerne jetzt deine zielgerichtete Einsing-Routine mit konkreten LAX VOX\u00ae-\u00dcbungen f\u00fcr eine freie, flexible und tragf\u00e4hige Singstimme.","robots":{"index":"index","follow":"follow","max-snippet":"max-snippet:-1","max-image-preview":"max-image-preview:large","max-video-preview":"max-video-preview:-1"},"canonical":"https:\/\/laxvox-institute.eu\/en\/product\/gezielt-einsingen-mit-lax-vox-deine-neue-uebe-routine\/","og_locale":"en_US","og_type":"article","og_title":"Gezielt Einsingen mit LAX VOX\u00ae - Deine neue \u00dcbe-Routine","og_description":"Lerne jetzt deine zielgerichtete Einsing-Routine mit konkreten LAX VOX\u00ae-\u00dcbungen f\u00fcr eine freie, flexible und tragf\u00e4hige Singstimme.","og_url":"https:\/\/laxvox-institute.eu\/en\/product\/gezielt-einsingen-mit-lax-vox-deine-neue-uebe-routine\/","og_site_name":"LAX VOX\u00ae Institute by Stephanie A. Kruse","article_modified_time":"2025-09-30T15:41:22+00:00","og_image":[{"width":1000,"height":1000,"url":"https:\/\/laxvox-institute.eu\/wp-content\/uploads\/2025\/07\/2.png","type":"image\/png"}],"twitter_card":"summary_large_image","twitter_misc":{"Est. reading time":"2 minutes"},"schema":{"@context":"https:\/\/schema.org","@graph":[{"@type":"WebPage","@id":"https:\/\/laxvox-institute.eu\/en\/product\/gezielt-einsingen-mit-lax-vox-deine-neue-uebe-routine\/","url":"https:\/\/laxvox-institute.eu\/en\/product\/gezielt-einsingen-mit-lax-vox-deine-neue-uebe-routine\/","name":"Gezielt Einsingen mit LAX VOX\u00ae - Deine neue \u00dcbe-Routine","isPartOf":{"@id":"https:\/\/laxvox-institute.eu\/en\/#website"},"primaryImageOfPage":{"@id":"https:\/\/laxvox-institute.eu\/en\/product\/gezielt-einsingen-mit-lax-vox-deine-neue-uebe-routine\/#primaryimage"},"image":{"@id":"https:\/\/laxvox-institute.eu\/en\/product\/gezielt-einsingen-mit-lax-vox-deine-neue-uebe-routine\/#primaryimage"},"thumbnailUrl":"https:\/\/laxvox-institute.eu\/wp-content\/uploads\/2025\/07\/2.png","datePublished":"2025-07-18T17:20:38+00:00","dateModified":"2025-09-30T15:41:22+00:00","description":"Lerne jetzt deine zielgerichtete Einsing-Routine mit konkreten LAX VOX\u00ae-\u00dcbungen f\u00fcr eine freie, flexible und tragf\u00e4hige Singstimme.","breadcrumb":{"@id":"https:\/\/laxvox-institute.eu\/en\/product\/gezielt-einsingen-mit-lax-vox-deine-neue-uebe-routine\/#breadcrumb"},"inLanguage":"en-US","potentialAction":[{"@type":"ReadAction","target":["https:\/\/laxvox-institute.eu\/en\/product\/gezielt-einsingen-mit-lax-vox-deine-neue-uebe-routine\/"]}]},{"@type":"ImageObject","inLanguage":"en-US","@id":"https:\/\/laxvox-institute.eu\/en\/product\/gezielt-einsingen-mit-lax-vox-deine-neue-uebe-routine\/#primaryimage","url":"https:\/\/laxvox-institute.eu\/wp-content\/uploads\/2025\/07\/2.png","contentUrl":"https:\/\/laxvox-institute.eu\/wp-content\/uploads\/2025\/07\/2.png","width":1000,"height":1000},{"@type":"BreadcrumbList","@id":"https:\/\/laxvox-institute.eu\/en\/product\/gezielt-einsingen-mit-lax-vox-deine-neue-uebe-routine\/#breadcrumb","itemListElement":[{"@type":"ListItem","position":1,"name":"Startseite","item":"https:\/\/laxvox-institute.eu\/en\/"},{"@type":"ListItem","position":2,"name":"Shop","item":"https:\/\/laxvox-institute.eu\/en\/produkt-archiv\/"},{"@type":"ListItem","position":3,"name":"Gezielt Einsingen mit LAX VOX\u00ae &#8211; Deine neue \u00dcbe-Routine"}]},{"@type":"WebSite","@id":"https:\/\/laxvox-institute.eu\/en\/#website","url":"https:\/\/laxvox-institute.eu\/en\/","name":"LAX VOX\u00ae Institute by Stephanie A. Kruse","description":"Wissen, das hilft! Lerne alles \u00fcber Stimme!","publisher":{"@id":"https:\/\/laxvox-institute.eu\/en\/#organization"},"potentialAction":[{"@type":"SearchAction","target":{"@type":"EntryPoint","urlTemplate":"https:\/\/laxvox-institute.eu\/en\/?s={search_term_string}"},"query-input":{"@type":"PropertyValueSpecification","valueRequired":true,"valueName":"search_term_string"}}],"inLanguage":"en-US"},{"@type":"Organization","@id":"https:\/\/laxvox-institute.eu\/en\/#organization","name":"LAX VOX\u00ae Institute by Stephanie A. Kruse","url":"https:\/\/laxvox-institute.eu\/en\/","logo":{"@type":"ImageObject","inLanguage":"en-US","@id":"https:\/\/laxvox-institute.eu\/en\/#\/schema\/logo\/image\/","url":"https:\/\/laxvox-institute.eu\/wp-content\/uploads\/2021\/01\/LANDINGPAGE_200px_INSTITUTE.webp","contentUrl":"https:\/\/laxvox-institute.eu\/wp-content\/uploads\/2021\/01\/LANDINGPAGE_200px_INSTITUTE.webp","width":200,"height":65,"caption":"LAX VOX\u00ae Institute by Stephanie A. Kruse"},"image":{"@id":"https:\/\/laxvox-institute.eu\/en\/#\/schema\/logo\/image\/"},"sameAs":["https:\/\/www.instagram.com\/laxvox_official\/"]}]}},"_links":{"self":[{"href":"https:\/\/laxvox-institute.eu\/en\/wp-json\/wp\/v2\/product\/49157","targetHints":{"allow":["GET"]}}],"collection":[{"href":"https:\/\/laxvox-institute.eu\/en\/wp-json\/wp\/v2\/product"}],"about":[{"href":"https:\/\/laxvox-institute.eu\/en\/wp-json\/wp\/v2\/types\/product"}],"wp:featuredmedia":[{"embeddable":true,"href":"https:\/\/laxvox-institute.eu\/en\/wp-json\/wp\/v2\/media\/49660"}],"wp:attachment":[{"href":"https:\/\/laxvox-institute.eu\/en\/wp-json\/wp\/v2\/media?parent=49157"}],"wp:term":[{"taxonomy":"product_brand","embeddable":true,"href":"https:\/\/laxvox-institute.eu\/en\/wp-json\/wp\/v2\/product_brand?post=49157"},{"taxonomy":"product_cat","embeddable":true,"href":"https:\/\/laxvox-institute.eu\/en\/wp-json\/wp\/v2\/product_cat?post=49157"},{"taxonomy":"product_tag","embeddable":true,"href":"https:\/\/laxvox-institute.eu\/en\/wp-json\/wp\/v2\/product_tag?post=49157"}],"curies":[{"name":"wp","href":"https:\/\/api.w.org\/{rel}","templated":true}]}}