{"id":49544,"date":"2025-07-19T22:49:31","date_gmt":"2025-07-19T20:49:31","guid":{"rendered":"https:\/\/laxvox-institute.eu\/?post_type=product&#038;p=49544"},"modified":"2025-10-06T09:34:29","modified_gmt":"2025-10-06T07:34:29","slug":"lax-vox-in-der-atemtherapie","status":"publish","type":"product","link":"https:\/\/laxvox-institute.eu\/en\/product\/lax-vox-in-der-atemtherapie\/","title":{"rendered":"LAX VOX\u00ae in der Atemtherapie"},"content":{"rendered":"<h3><strong><span style=\"color: #1db8dd;\">LAX VOX\u00ae in der Atemtherapie \u2013 fundiert, wirksam, zielgerichtet<\/span><\/strong><\/h3>\n<div class=\"gap\" style=\"line-height: 10px; height: 10px;\"><\/div>\n<h3><span style=\"color: #1db8dd;\">&#8220;Welche \u00dcbungen k\u00f6nnen meinen Patient*innen schnell Erleichterung verschaffen?&#8221;<\/span><\/h3>\n<p data-start=\"73\" data-end=\"225\">Atemwegserkrankungen wie COPD, Postcovid, Emphysem oder Lungenfibrose f\u00fchren zu Atemnot, eingeschr\u00e4nkter Vitalkapazit\u00e4t und h\u00e4ufig auch zu Stimmbeschwerden. Du willst deine Patient*innen wirksam und sicher begleiten \u2013 mit fundiertem Wissen und \u00dcbungen, die wirklich helfen? In dieser Fortbildung lernst du, welche Ma\u00dfnahmen sinnvoll sind, und wann du besser darauf verzichtest. F\u00fcr eine evidenzbasierte Therapie, die wirkt und deine Patient*innen nachhaltig unterst\u00fctzt.<\/p>\n<p><strong>Wissenschaftlich fundiert. Therapeutisch wirksam.<\/strong><\/p>\n<div class=\"gap\" style=\"line-height: 10px; height: 10px;\"><\/div>\n<h4><strong><span style=\"color: #1db8dd;\">Du lernst:<\/span><\/strong><\/h4>\n<p data-start=\"131\" data-end=\"274\"><strong>\u2713 Atemwegserkrankungen verstehen: <\/strong>Ursachen, Symptome und aktuelle wissenschaftliche Erkenntnisse \u2013 verst\u00e4ndlich und praxisnah.<br \/>\n\u2713 <strong>PEP- und SOVT-Tools gezielt einsetzen:<\/strong> M\u00f6glichkeiten und Grenzen von Tools wie LAX VOX\u00ae kennen, f\u00fcr einen sicheren und wirksamen Einsatz in der Therapie.<br \/>\n<strong>\u2713 \u00dcbungen gezielt ausw\u00e4hlen und begr\u00fcnden: <\/strong>Wie du individuell passende \u00dcbungen findest, sicher anwendest und fachlich fundiert begr\u00fcndest.<br \/>\n<strong>\u2713 Therapieplanung mit Tiefe: <\/strong>Warum das kritische Hinterfragen des eigenen Vorgehens zur evidenzbasierten und erfolgreichen Therapie geh\u00f6rt.<\/p>\n<p><strong>Therapeutisch fundiert und praxisnah.<\/strong><\/p>\n<div class=\"gap\" style=\"line-height: 10px; height: 10px;\"><\/div>\n<h4 style=\"color: #1db8dd;\"><strong>Material:<\/strong><\/h4>\n<p>Ein originaler LAX VOX\u00ae-Schlauch und eine 0,5-l-Wasserflasche empfohlen.<\/p>\n<div class=\"gap\" style=\"line-height: 10px; height: 10px;\"><\/div>\n<h4 style=\"color: #1db8dd;\"><strong>Zielgruppe:<\/strong><\/h4>\n<p>F\u00fcr Logop\u00e4d*innen, Atemtherapeut*innen sowie Atem- und Stimmlehrer*innen<\/p>\n<div class=\"gap\" style=\"line-height: 10px; height: 10px;\"><\/div>\n<h4 style=\"color: #1db8dd;\"><strong>Dein Dozent:<\/strong><\/h4>\n<p><strong><img decoding=\"async\" class=\"alignleft wp-image-49719\" src=\"https:\/\/laxvox-institute.eu\/wp-content\/uploads\/2025\/07\/Michel-Helbing-LVI-Dozent-300x300.png\" alt=\"\" width=\"100\" height=\"100\" \/>Michael Helbing<br \/>\n<\/strong> ist Atem-, Sprech- und Stimmlehrer nach Schlaffhorst-Andersen. Er geh\u00f6rt zu den f\u00fchrenden Expert*innen im Bereich der Atemtherapie, der Behandlung neurologischer Erkrankungen sowie der palliativen Versorgung. Freu dich auf ein Wissensgewitter mit wissenschaftlichem Fundament.<\/p>\n<p><span style=\"color: #1db8dd;\"><strong>\u00dcberblick:<\/strong><\/span><\/p>\n<p><strong>\u2713 2,5 Fortbildungspunkte<\/strong><br \/>\n<strong>\u2713 Zoom live, keine Aufzeichnung<\/strong><br \/>\n<strong>\u2713 Link &amp; Skript nach Zahlungseingang im Kundenkonto<\/strong><br \/>\n<strong>\u2713 Teilnahme per PC\/Laptop empfohlen<\/strong><br \/>\n<strong>\u2713 Kamera an &amp; Klarname erforderlich<\/strong><\/p>\n","protected":false},"excerpt":{"rendered":"<div class=\"icon-text-block\"><i class=\"fa fa-calendar\"><\/i> Montag, 06.10.2025<\/div>\n<div class=\"icon-text-block\"><i class=\"fa fa-clock-o\"><\/i> 10:00\u201314:00 Uhr<\/div>\n<div class=\"icon-text-block\"><i class=\"fa fa-user-o\"><\/i> Michael Helbing<\/div>\n<div class=\"icon-text-block\"><i class=\"fa fa-certificate\"><\/i> 2,5 Fortbildungspunkte<\/div>\n<div class=\"icon-text-block\"><i class=\"fa fa-laptop\"><\/i> Online via Zoom<\/div>\n","protected":false},"featured_media":49657,"template":"","meta":[],"product_brand":[],"product_cat":[249,752,944],"product_tag":[],"class_list":{"0":"post-49544","1":"product","2":"type-product","3":"status-publish","4":"has-post-thumbnail","6":"product_cat-lax-vox-singers-training","7":"product_cat-lax-vox-intense","8":"product_cat-fuer-deine-stimme","9":"description-off","11":"first","12":"instock","13":"virtual","14":"sold-individually","15":"product-type-simple"},"bundled_by":[],"bundle_stock_status":"instock","bundle_stock_quantity":null,"bundle_virtual":false,"bundle_layout":"","bundle_add_to_cart_form_location":"","bundle_editable_in_cart":false,"bundle_sold_individually_context":"","bundle_item_grouping":"","bundle_min_size":"","bundle_max_size":"","bundle_price":[],"bundled_items":[],"bundle_sell_ids":[],"yoast_head":"<!-- This site is optimized with the Yoast SEO plugin v27.4 - https:\/\/yoast.com\/product\/yoast-seo-wordpress\/ -->\n<title>LAX VOX\u00ae in der Atemtherapie<\/title>\n<meta name=\"description\" content=\"Lerne,wie du LAX VOX\u00ae gezielt in die Atemarbeit integrierst. Du bekommst klare therapeutische Ans\u00e4tze, fundiertes Hintergrundwissen und praktische \u00dcbungen.\" \/>\n<meta name=\"robots\" content=\"index, follow, max-snippet:-1, max-image-preview:large, max-video-preview:-1\" \/>\n<link rel=\"canonical\" href=\"https:\/\/laxvox-institute.eu\/en\/product\/lax-vox-in-der-atemtherapie\/\" \/>\n<meta property=\"og:locale\" content=\"en_US\" \/>\n<meta property=\"og:type\" content=\"article\" \/>\n<meta property=\"og:title\" content=\"LAX VOX\u00ae in der Atemtherapie\" \/>\n<meta property=\"og:description\" content=\"Lerne,wie du LAX VOX\u00ae gezielt in die Atemarbeit integrierst. Du bekommst klare therapeutische Ans\u00e4tze, fundiertes Hintergrundwissen und praktische \u00dcbungen.\" \/>\n<meta property=\"og:url\" content=\"https:\/\/laxvox-institute.eu\/en\/product\/lax-vox-in-der-atemtherapie\/\" \/>\n<meta property=\"og:site_name\" content=\"LAX VOX\u00ae Institute by Stephanie A. Kruse\" \/>\n<meta property=\"article:modified_time\" content=\"2025-10-06T07:34:29+00:00\" \/>\n<meta property=\"og:image\" content=\"https:\/\/laxvox-institute.eu\/wp-content\/uploads\/2025\/07\/1.png\" \/>\n\t<meta property=\"og:image:width\" content=\"1000\" \/>\n\t<meta property=\"og:image:height\" content=\"1000\" \/>\n\t<meta property=\"og:image:type\" content=\"image\/png\" \/>\n<meta name=\"twitter:card\" content=\"summary_large_image\" \/>\n<meta name=\"twitter:label1\" content=\"Est. reading time\" \/>\n\t<meta name=\"twitter:data1\" content=\"2 minutes\" \/>\n<script type=\"application\/ld+json\" class=\"yoast-schema-graph\">{\"@context\":\"https:\\\/\\\/schema.org\",\"@graph\":[{\"@type\":\"WebPage\",\"@id\":\"https:\\\/\\\/laxvox-institute.eu\\\/en\\\/product\\\/lax-vox-in-der-atemtherapie\\\/\",\"url\":\"https:\\\/\\\/laxvox-institute.eu\\\/en\\\/product\\\/lax-vox-in-der-atemtherapie\\\/\",\"name\":\"LAX VOX\u00ae in der Atemtherapie\",\"isPartOf\":{\"@id\":\"https:\\\/\\\/laxvox-institute.eu\\\/en\\\/#website\"},\"primaryImageOfPage\":{\"@id\":\"https:\\\/\\\/laxvox-institute.eu\\\/en\\\/product\\\/lax-vox-in-der-atemtherapie\\\/#primaryimage\"},\"image\":{\"@id\":\"https:\\\/\\\/laxvox-institute.eu\\\/en\\\/product\\\/lax-vox-in-der-atemtherapie\\\/#primaryimage\"},\"thumbnailUrl\":\"https:\\\/\\\/laxvox-institute.eu\\\/wp-content\\\/uploads\\\/2025\\\/07\\\/1.png\",\"datePublished\":\"2025-07-19T20:49:31+00:00\",\"dateModified\":\"2025-10-06T07:34:29+00:00\",\"description\":\"Lerne,wie du LAX VOX\u00ae gezielt in die Atemarbeit integrierst. Du bekommst klare therapeutische Ans\u00e4tze, fundiertes Hintergrundwissen und praktische \u00dcbungen.\",\"breadcrumb\":{\"@id\":\"https:\\\/\\\/laxvox-institute.eu\\\/en\\\/product\\\/lax-vox-in-der-atemtherapie\\\/#breadcrumb\"},\"inLanguage\":\"en-US\",\"potentialAction\":[{\"@type\":\"ReadAction\",\"target\":[\"https:\\\/\\\/laxvox-institute.eu\\\/en\\\/product\\\/lax-vox-in-der-atemtherapie\\\/\"]}]},{\"@type\":\"ImageObject\",\"inLanguage\":\"en-US\",\"@id\":\"https:\\\/\\\/laxvox-institute.eu\\\/en\\\/product\\\/lax-vox-in-der-atemtherapie\\\/#primaryimage\",\"url\":\"https:\\\/\\\/laxvox-institute.eu\\\/wp-content\\\/uploads\\\/2025\\\/07\\\/1.png\",\"contentUrl\":\"https:\\\/\\\/laxvox-institute.eu\\\/wp-content\\\/uploads\\\/2025\\\/07\\\/1.png\",\"width\":1000,\"height\":1000},{\"@type\":\"BreadcrumbList\",\"@id\":\"https:\\\/\\\/laxvox-institute.eu\\\/en\\\/product\\\/lax-vox-in-der-atemtherapie\\\/#breadcrumb\",\"itemListElement\":[{\"@type\":\"ListItem\",\"position\":1,\"name\":\"Startseite\",\"item\":\"https:\\\/\\\/laxvox-institute.eu\\\/en\\\/\"},{\"@type\":\"ListItem\",\"position\":2,\"name\":\"Shop\",\"item\":\"https:\\\/\\\/laxvox-institute.eu\\\/en\\\/produkt-archiv\\\/\"},{\"@type\":\"ListItem\",\"position\":3,\"name\":\"LAX VOX\u00ae in der Atemtherapie\"}]},{\"@type\":\"WebSite\",\"@id\":\"https:\\\/\\\/laxvox-institute.eu\\\/en\\\/#website\",\"url\":\"https:\\\/\\\/laxvox-institute.eu\\\/en\\\/\",\"name\":\"LAX VOX\u00ae Institute by Stephanie A. Kruse\",\"description\":\"Wissen, das hilft! Lerne alles \u00fcber Stimme!\",\"publisher\":{\"@id\":\"https:\\\/\\\/laxvox-institute.eu\\\/en\\\/#organization\"},\"potentialAction\":[{\"@type\":\"SearchAction\",\"target\":{\"@type\":\"EntryPoint\",\"urlTemplate\":\"https:\\\/\\\/laxvox-institute.eu\\\/en\\\/?s={search_term_string}\"},\"query-input\":{\"@type\":\"PropertyValueSpecification\",\"valueRequired\":true,\"valueName\":\"search_term_string\"}}],\"inLanguage\":\"en-US\"},{\"@type\":\"Organization\",\"@id\":\"https:\\\/\\\/laxvox-institute.eu\\\/en\\\/#organization\",\"name\":\"LAX VOX\u00ae Institute by Stephanie A. Kruse\",\"url\":\"https:\\\/\\\/laxvox-institute.eu\\\/en\\\/\",\"logo\":{\"@type\":\"ImageObject\",\"inLanguage\":\"en-US\",\"@id\":\"https:\\\/\\\/laxvox-institute.eu\\\/en\\\/#\\\/schema\\\/logo\\\/image\\\/\",\"url\":\"https:\\\/\\\/laxvox-institute.eu\\\/wp-content\\\/uploads\\\/2021\\\/01\\\/LANDINGPAGE_200px_INSTITUTE.webp\",\"contentUrl\":\"https:\\\/\\\/laxvox-institute.eu\\\/wp-content\\\/uploads\\\/2021\\\/01\\\/LANDINGPAGE_200px_INSTITUTE.webp\",\"width\":200,\"height\":65,\"caption\":\"LAX VOX\u00ae Institute by Stephanie A. Kruse\"},\"image\":{\"@id\":\"https:\\\/\\\/laxvox-institute.eu\\\/en\\\/#\\\/schema\\\/logo\\\/image\\\/\"},\"sameAs\":[\"https:\\\/\\\/www.instagram.com\\\/laxvox_official\\\/\"]}]}<\/script>\n<!-- \/ Yoast SEO plugin. -->","yoast_head_json":{"title":"LAX VOX\u00ae in der Atemtherapie","description":"Lerne,wie du LAX VOX\u00ae gezielt in die Atemarbeit integrierst. Du bekommst klare therapeutische Ans\u00e4tze, fundiertes Hintergrundwissen und praktische \u00dcbungen.","robots":{"index":"index","follow":"follow","max-snippet":"max-snippet:-1","max-image-preview":"max-image-preview:large","max-video-preview":"max-video-preview:-1"},"canonical":"https:\/\/laxvox-institute.eu\/en\/product\/lax-vox-in-der-atemtherapie\/","og_locale":"en_US","og_type":"article","og_title":"LAX VOX\u00ae in der Atemtherapie","og_description":"Lerne,wie du LAX VOX\u00ae gezielt in die Atemarbeit integrierst. Du bekommst klare therapeutische Ans\u00e4tze, fundiertes Hintergrundwissen und praktische \u00dcbungen.","og_url":"https:\/\/laxvox-institute.eu\/en\/product\/lax-vox-in-der-atemtherapie\/","og_site_name":"LAX VOX\u00ae Institute by Stephanie A. Kruse","article_modified_time":"2025-10-06T07:34:29+00:00","og_image":[{"width":1000,"height":1000,"url":"https:\/\/laxvox-institute.eu\/wp-content\/uploads\/2025\/07\/1.png","type":"image\/png"}],"twitter_card":"summary_large_image","twitter_misc":{"Est. reading time":"2 minutes"},"schema":{"@context":"https:\/\/schema.org","@graph":[{"@type":"WebPage","@id":"https:\/\/laxvox-institute.eu\/en\/product\/lax-vox-in-der-atemtherapie\/","url":"https:\/\/laxvox-institute.eu\/en\/product\/lax-vox-in-der-atemtherapie\/","name":"LAX VOX\u00ae in der Atemtherapie","isPartOf":{"@id":"https:\/\/laxvox-institute.eu\/en\/#website"},"primaryImageOfPage":{"@id":"https:\/\/laxvox-institute.eu\/en\/product\/lax-vox-in-der-atemtherapie\/#primaryimage"},"image":{"@id":"https:\/\/laxvox-institute.eu\/en\/product\/lax-vox-in-der-atemtherapie\/#primaryimage"},"thumbnailUrl":"https:\/\/laxvox-institute.eu\/wp-content\/uploads\/2025\/07\/1.png","datePublished":"2025-07-19T20:49:31+00:00","dateModified":"2025-10-06T07:34:29+00:00","description":"Lerne,wie du LAX VOX\u00ae gezielt in die Atemarbeit integrierst. Du bekommst klare therapeutische Ans\u00e4tze, fundiertes Hintergrundwissen und praktische \u00dcbungen.","breadcrumb":{"@id":"https:\/\/laxvox-institute.eu\/en\/product\/lax-vox-in-der-atemtherapie\/#breadcrumb"},"inLanguage":"en-US","potentialAction":[{"@type":"ReadAction","target":["https:\/\/laxvox-institute.eu\/en\/product\/lax-vox-in-der-atemtherapie\/"]}]},{"@type":"ImageObject","inLanguage":"en-US","@id":"https:\/\/laxvox-institute.eu\/en\/product\/lax-vox-in-der-atemtherapie\/#primaryimage","url":"https:\/\/laxvox-institute.eu\/wp-content\/uploads\/2025\/07\/1.png","contentUrl":"https:\/\/laxvox-institute.eu\/wp-content\/uploads\/2025\/07\/1.png","width":1000,"height":1000},{"@type":"BreadcrumbList","@id":"https:\/\/laxvox-institute.eu\/en\/product\/lax-vox-in-der-atemtherapie\/#breadcrumb","itemListElement":[{"@type":"ListItem","position":1,"name":"Startseite","item":"https:\/\/laxvox-institute.eu\/en\/"},{"@type":"ListItem","position":2,"name":"Shop","item":"https:\/\/laxvox-institute.eu\/en\/produkt-archiv\/"},{"@type":"ListItem","position":3,"name":"LAX VOX\u00ae in der Atemtherapie"}]},{"@type":"WebSite","@id":"https:\/\/laxvox-institute.eu\/en\/#website","url":"https:\/\/laxvox-institute.eu\/en\/","name":"LAX VOX\u00ae Institute by Stephanie A. Kruse","description":"Wissen, das hilft! Lerne alles \u00fcber Stimme!","publisher":{"@id":"https:\/\/laxvox-institute.eu\/en\/#organization"},"potentialAction":[{"@type":"SearchAction","target":{"@type":"EntryPoint","urlTemplate":"https:\/\/laxvox-institute.eu\/en\/?s={search_term_string}"},"query-input":{"@type":"PropertyValueSpecification","valueRequired":true,"valueName":"search_term_string"}}],"inLanguage":"en-US"},{"@type":"Organization","@id":"https:\/\/laxvox-institute.eu\/en\/#organization","name":"LAX VOX\u00ae Institute by Stephanie A. Kruse","url":"https:\/\/laxvox-institute.eu\/en\/","logo":{"@type":"ImageObject","inLanguage":"en-US","@id":"https:\/\/laxvox-institute.eu\/en\/#\/schema\/logo\/image\/","url":"https:\/\/laxvox-institute.eu\/wp-content\/uploads\/2021\/01\/LANDINGPAGE_200px_INSTITUTE.webp","contentUrl":"https:\/\/laxvox-institute.eu\/wp-content\/uploads\/2021\/01\/LANDINGPAGE_200px_INSTITUTE.webp","width":200,"height":65,"caption":"LAX VOX\u00ae Institute by Stephanie A. Kruse"},"image":{"@id":"https:\/\/laxvox-institute.eu\/en\/#\/schema\/logo\/image\/"},"sameAs":["https:\/\/www.instagram.com\/laxvox_official\/"]}]}},"_links":{"self":[{"href":"https:\/\/laxvox-institute.eu\/en\/wp-json\/wp\/v2\/product\/49544","targetHints":{"allow":["GET"]}}],"collection":[{"href":"https:\/\/laxvox-institute.eu\/en\/wp-json\/wp\/v2\/product"}],"about":[{"href":"https:\/\/laxvox-institute.eu\/en\/wp-json\/wp\/v2\/types\/product"}],"wp:featuredmedia":[{"embeddable":true,"href":"https:\/\/laxvox-institute.eu\/en\/wp-json\/wp\/v2\/media\/49657"}],"wp:attachment":[{"href":"https:\/\/laxvox-institute.eu\/en\/wp-json\/wp\/v2\/media?parent=49544"}],"wp:term":[{"taxonomy":"product_brand","embeddable":true,"href":"https:\/\/laxvox-institute.eu\/en\/wp-json\/wp\/v2\/product_brand?post=49544"},{"taxonomy":"product_cat","embeddable":true,"href":"https:\/\/laxvox-institute.eu\/en\/wp-json\/wp\/v2\/product_cat?post=49544"},{"taxonomy":"product_tag","embeddable":true,"href":"https:\/\/laxvox-institute.eu\/en\/wp-json\/wp\/v2\/product_tag?post=49544"}],"curies":[{"name":"wp","href":"https:\/\/api.w.org\/{rel}","templated":true}]}}