{"id":49586,"date":"2025-07-20T09:42:08","date_gmt":"2025-07-20T07:42:08","guid":{"rendered":"https:\/\/laxvox-institute.eu\/?post_type=product&#038;p=49586"},"modified":"2025-07-22T16:45:44","modified_gmt":"2025-07-22T14:45:44","slug":"estill-voice-training-practice-group-2025-alle-4-termine","status":"publish","type":"product","link":"https:\/\/laxvox-institute.eu\/en\/product\/estill-voice-training-practice-group-2025-alle-4-termine\/","title":{"rendered":"Estill Voice Training Practice Group 2025: alle 4 Termine"},"content":{"rendered":"<h3><span style=\"color: #1db8dd;\">Estill Practice Group 2025 \u00a0\u2013 Das Gesamtpaket<\/span><\/h3>\n<h3><strong><span style=\"color: #1db8dd;\"><span style=\"caret-color: #1db8dd;\">Du willst richtig ins Estill Voice Training einsteigen?<\/span><\/span><\/strong><\/h3>\n<p>Dann ist diese Practice Group genau das Richtige f\u00fcr dich.<\/p>\n<p>In einer <strong>exklusiv kleinen Gruppe von 8-10 Personen<\/strong> trainierst du die Estill-Figuren intensiv \u2013 mit klarer Anleitung, direktem Coaching und Raum f\u00fcr deine Fragen. Du \u00fcbst alle Figuren aktiv vor der Gruppe, bekommst gezieltes Feedback und erlebst sofort, wie du durch kleine Ver\u00e4nderungen gro\u00dfe Wirkung erzielst.<\/p>\n<p><strong>Bleib dran \u2013 und entwickle mit jedem Termin mehr Sicherheit, Klarheit und Kontrolle.<\/strong><\/p>\n<p><strong data-start=\"825\" data-end=\"923\">Perfekte Vorbereitung auf den EFP-Test \u2013 ideal f\u00fcr alle, die in die Ausbildung starten wollen.<\/strong><\/p>\n<div class=\"gap\" style=\"line-height: 10px; height: 10px;\"><\/div>\n<h4><strong><span style=\"color: #1db8dd;\">Du lernst<\/span><\/strong><\/h4>\n<p>\u2713 <strong>Figuren verstehen:<\/strong> Was die jeweilige Einstellung bewirkt \u2013 und wie du sie zuverl\u00e4ssig abrufen kannst.<br \/>\n\u2713 <strong>Pr\u00e4zise umsetzen:<\/strong> Du trainierst die Figuren isoliert und im Zusammenhang \u2013 bis du sie sicher beherrschst.<br \/>\n\u2713 <strong>H\u00f6ren &amp; unterscheiden:<\/strong> Du lernst, die Unterschiede bei dir und anderen zu erkennen und zu beschreiben.<br \/>\n\u2713 <strong>Im K\u00f6rper verankern:<\/strong> Du \u00fcbst mit deinem ganzen System \u2013 f\u00fcr sp\u00fcrbare, tragf\u00e4hige und gesunde Stimmgebung.<br \/>\n\u2713 <strong>Praxisnah anwenden:<\/strong> Alles, was du hier lernst, kannst du direkt in Gesang, Therapie oder Alltag umsetzen.<strong data-start=\"684\" data-end=\"748\">.<\/strong><br data-start=\"748\" data-end=\"751\" \/><strong data-start=\"751\" data-end=\"822\">\u2713 Stimme sehen mit Voice Print: <\/strong>du siehst, was du tust, und wirst pr\u00e4ziser.<br data-start=\"989\" data-end=\"992\" \/><div class=\"gap\" style=\"line-height: 10px; height: 10px;\"><\/div><\/p>\n<h4><strong><span style=\"color: #1db8dd;\">Termine &amp; Inhalte<\/span><\/strong><\/h4>\n<p><strong>Jeweils 10:00\u201313:00 Uhr | Zoom live<\/strong><b><br \/>\nGesamtpaket: Du buchst alle vier Termine<\/b><\/p>\n<p><strong>26.09.2025<\/strong><br \/>\n\u2013 True Vocal Folds \u2013 Onsets &amp; Offsets<br \/>\n\u2013 False Vocal Folds \u2013 Taschenfalten<br \/>\n\u2013 Body-Cover<\/p>\n<p><strong>24.10.2025<\/strong><br \/>\n\u2013 Larynx Height<br \/>\n\u2013 Velum Control<br \/>\n\u2013 Tongue Control<\/p>\n<p><strong>21.11.2025<\/strong><br \/>\n\u2013 Jaw Control<br \/>\n\u2013 Lips Control<br \/>\n\u2013 AES (Aryepiglottic Sphincter)<br \/>\n\u2013 Thyroid Tilt<\/p>\n<p><strong>12.12.2025<\/strong><br \/>\n\u2013 Head &amp; Neck Anchoring<br \/>\n\u2013 Torso Anchoring<br \/>\n\u2013 Cricoid Tilt<\/p>\n<h4><strong><span><span style=\"color: #1db8dd;\">Zielgruppe &amp; <span style=\"caret-color: #1db8dd;\">Voraussetzung zur Teilnahme:<\/span><\/span><\/span><\/strong><\/h4>\n<p data-start=\"97\" data-end=\"336\"><strong>Estill Voice Training Level 1 &amp; 2 Absolvent:innen<\/strong>, die Figuren praktisch vertiefen m\u00f6chten.<br data-start=\"188\" data-end=\"191\" \/>Zur optimalen Vorbereitung auf den EFP-Test und den Start der Master Trainer Ausbildung.<br data-start=\"279\" data-end=\"282\" \/>Zur Auffrischung nach l\u00e4ngerer Pause nach Level 1 &amp; 2.<\/p>\n<div class=\"gap\" style=\"line-height: 10px; height: 10px;\"><\/div>\n<h4><strong><span style=\"color: #1db8dd;\">Deine Dozentin<br \/>\n<\/span><\/strong><\/h4>\n<p>Stephanie A. Kruse ist Logop\u00e4din, S\u00e4ngerin, Estill Voice Master Trainerin seit 2014, Vocal Coach und Gr\u00fcnderin des LAX VOX\u00ae Institutes.<br \/>\nSeit \u00fcber 20 Jahren unterrichtet sie Stimme mit klarem Blick f\u00fcr individuelle Entwicklung, pr\u00e4zises H\u00f6ren \u2013 und jede Menge Praxisn\u00e4he.<\/p>\n<p>&nbsp;<\/p>\n<p><img decoding=\"async\" class=\"alignnone wp-image-49125\" src=\"https:\/\/laxvox-institute.eu\/wp-content\/uploads\/2025\/07\/CertificationBadges_2020-FigureProficiency-1-272x300.webp\" alt=\"\" width=\"100\" height=\"110\" srcset=\"https:\/\/laxvox-institute.eu\/wp-content\/uploads\/2025\/07\/CertificationBadges_2020-FigureProficiency-1-272x300.webp 272w, https:\/\/laxvox-institute.eu\/wp-content\/uploads\/2025\/07\/CertificationBadges_2020-FigureProficiency-1-1000x1103.webp 1000w, https:\/\/laxvox-institute.eu\/wp-content\/uploads\/2025\/07\/CertificationBadges_2020-FigureProficiency-1-929x1024.webp 929w, https:\/\/laxvox-institute.eu\/wp-content\/uploads\/2025\/07\/CertificationBadges_2020-FigureProficiency-1-768x847.webp 768w, https:\/\/laxvox-institute.eu\/wp-content\/uploads\/2025\/07\/CertificationBadges_2020-FigureProficiency-1.png 1200w\" sizes=\"(max-width: 100px) 100vw, 100px\" \/> <img decoding=\"async\" class=\"alignnone wp-image-49128\" src=\"https:\/\/laxvox-institute.eu\/wp-content\/uploads\/2025\/07\/CertificationBadges_2020-MasterTrainer-1-272x300.webp\" alt=\"\" width=\"100\" height=\"110\" srcset=\"https:\/\/laxvox-institute.eu\/wp-content\/uploads\/2025\/07\/CertificationBadges_2020-MasterTrainer-1-272x300.webp 272w, https:\/\/laxvox-institute.eu\/wp-content\/uploads\/2025\/07\/CertificationBadges_2020-MasterTrainer-1-1000x1102.webp 1000w, https:\/\/laxvox-institute.eu\/wp-content\/uploads\/2025\/07\/CertificationBadges_2020-MasterTrainer-1-930x1024.webp 930w, https:\/\/laxvox-institute.eu\/wp-content\/uploads\/2025\/07\/CertificationBadges_2020-MasterTrainer-1-768x846.webp 768w, https:\/\/laxvox-institute.eu\/wp-content\/uploads\/2025\/07\/CertificationBadges_2020-MasterTrainer-1.png 1201w\" sizes=\"(max-width: 100px) 100vw, 100px\" \/><\/p>\n<div class=\"gap\" style=\"line-height: 10px; height: 10px;\"><\/div>\n<h4><strong><span style=\"color: #1db8dd;\">\u00dcbersicht:<\/span><\/strong><span style=\"font-size: 14px; font-weight: normal;\">\u00a0<\/span><\/h4>\n<p><strong>\u2713 Zoom live, keine Aufzeichnung<\/strong><br \/>\n<strong>\u2713 \u00dcben in exklusiv kleiner Gruppe: 8-10 Personen<\/strong><br \/>\n<strong>\u2713 Teilnahme per Laptop oder PC empfohlen<\/strong><br \/>\n<strong>\u2713 Kamera an &amp; Klarname erforderlich<\/strong><br \/>\n<strong>\u2713 Zugangsdaten nach Zahlungseingang im Kundenkonto<\/strong><\/p>\n","protected":false},"excerpt":{"rendered":"<div class=\"icon-text-block\"><i class=\"fa fa-calendar\"><\/i>Freitags: 26.09., 24.10., 21.11., 12.12.25<\/div>\n<div class=\"icon-text-block\"><i class=\"fa fa-clock-o\"><\/i>10:00\u201313:00 Uhr<\/div>\n<div class=\"icon-text-block\"><i class=\"fa fa-user-o\"><\/i>Stephanie A. Kruse<\/div>\n<div class=\"icon-text-block\"><i class=\"fa fa-laptop\"><\/i>Online via Zoom<\/div>\n","protected":false},"featured_media":49666,"template":"","meta":[],"product_brand":[],"product_cat":[249,944,945],"product_tag":[],"class_list":{"0":"post-49586","1":"product","2":"type-product","3":"status-publish","4":"has-post-thumbnail","6":"product_cat-lax-vox-singers-training","7":"product_cat-fuer-deine-stimme","8":"product_cat-estill-voice-training","9":"description-off","11":"first","12":"instock","13":"sale","14":"virtual","15":"sold-individually","16":"purchasable","17":"product-type-simple"},"bundled_by":[],"bundle_stock_status":"instock","bundle_stock_quantity":null,"bundle_virtual":false,"bundle_layout":"","bundle_add_to_cart_form_location":"","bundle_editable_in_cart":false,"bundle_sold_individually_context":"","bundle_item_grouping":"","bundle_min_size":"","bundle_max_size":"","bundle_price":[],"bundled_items":[],"bundle_sell_ids":[],"yoast_head":"<!-- This site is optimized with the Yoast SEO plugin v27.4 - https:\/\/yoast.com\/product\/yoast-seo-wordpress\/ -->\n<title>Estill Voice Training Practice Group 2025 - Gesamtpaket<\/title>\n<meta name=\"description\" content=\"Estill Voice Training Practice Group: Exklusives \u00dcben und Coaching f\u00fcr Stimmfiguren in kleiner Gruppe mit EVT Master Trainer Stephanie A. Kruse.\" \/>\n<meta name=\"robots\" content=\"index, follow, max-snippet:-1, max-image-preview:large, max-video-preview:-1\" \/>\n<link rel=\"canonical\" href=\"https:\/\/laxvox-institute.eu\/en\/product\/estill-voice-training-practice-group-2025-alle-4-termine\/\" \/>\n<meta property=\"og:locale\" content=\"en_US\" \/>\n<meta property=\"og:type\" content=\"article\" \/>\n<meta property=\"og:title\" content=\"Estill Voice Training Practice Group 2025 - Gesamtpaket\" \/>\n<meta property=\"og:description\" content=\"Estill Voice Training Practice Group: Exklusives \u00dcben und Coaching f\u00fcr Stimmfiguren in kleiner Gruppe mit EVT Master Trainer Stephanie A. Kruse.\" \/>\n<meta property=\"og:url\" content=\"https:\/\/laxvox-institute.eu\/en\/product\/estill-voice-training-practice-group-2025-alle-4-termine\/\" \/>\n<meta property=\"og:site_name\" content=\"LAX VOX\u00ae Institute by Stephanie A. Kruse\" \/>\n<meta property=\"article:modified_time\" content=\"2025-07-22T14:45:44+00:00\" \/>\n<meta property=\"og:image\" content=\"https:\/\/laxvox-institute.eu\/wp-content\/uploads\/2025\/07\/4.png\" \/>\n\t<meta property=\"og:image:width\" content=\"1000\" \/>\n\t<meta property=\"og:image:height\" content=\"1000\" \/>\n\t<meta property=\"og:image:type\" content=\"image\/png\" \/>\n<meta name=\"twitter:card\" content=\"summary_large_image\" \/>\n<meta name=\"twitter:label1\" content=\"Est. reading time\" \/>\n\t<meta name=\"twitter:data1\" content=\"3 minutes\" \/>\n<script type=\"application\/ld+json\" class=\"yoast-schema-graph\">{\"@context\":\"https:\\\/\\\/schema.org\",\"@graph\":[{\"@type\":\"WebPage\",\"@id\":\"https:\\\/\\\/laxvox-institute.eu\\\/en\\\/product\\\/estill-voice-training-practice-group-2025-alle-4-termine\\\/\",\"url\":\"https:\\\/\\\/laxvox-institute.eu\\\/en\\\/product\\\/estill-voice-training-practice-group-2025-alle-4-termine\\\/\",\"name\":\"Estill Voice Training Practice Group 2025 - Gesamtpaket\",\"isPartOf\":{\"@id\":\"https:\\\/\\\/laxvox-institute.eu\\\/en\\\/#website\"},\"primaryImageOfPage\":{\"@id\":\"https:\\\/\\\/laxvox-institute.eu\\\/en\\\/product\\\/estill-voice-training-practice-group-2025-alle-4-termine\\\/#primaryimage\"},\"image\":{\"@id\":\"https:\\\/\\\/laxvox-institute.eu\\\/en\\\/product\\\/estill-voice-training-practice-group-2025-alle-4-termine\\\/#primaryimage\"},\"thumbnailUrl\":\"https:\\\/\\\/laxvox-institute.eu\\\/wp-content\\\/uploads\\\/2025\\\/07\\\/4.png\",\"datePublished\":\"2025-07-20T07:42:08+00:00\",\"dateModified\":\"2025-07-22T14:45:44+00:00\",\"description\":\"Estill Voice Training Practice Group: Exklusives \u00dcben und Coaching f\u00fcr Stimmfiguren in kleiner Gruppe mit EVT Master Trainer Stephanie A. Kruse.\",\"breadcrumb\":{\"@id\":\"https:\\\/\\\/laxvox-institute.eu\\\/en\\\/product\\\/estill-voice-training-practice-group-2025-alle-4-termine\\\/#breadcrumb\"},\"inLanguage\":\"en-US\",\"potentialAction\":[{\"@type\":\"ReadAction\",\"target\":[\"https:\\\/\\\/laxvox-institute.eu\\\/en\\\/product\\\/estill-voice-training-practice-group-2025-alle-4-termine\\\/\"]}]},{\"@type\":\"ImageObject\",\"inLanguage\":\"en-US\",\"@id\":\"https:\\\/\\\/laxvox-institute.eu\\\/en\\\/product\\\/estill-voice-training-practice-group-2025-alle-4-termine\\\/#primaryimage\",\"url\":\"https:\\\/\\\/laxvox-institute.eu\\\/wp-content\\\/uploads\\\/2025\\\/07\\\/4.png\",\"contentUrl\":\"https:\\\/\\\/laxvox-institute.eu\\\/wp-content\\\/uploads\\\/2025\\\/07\\\/4.png\",\"width\":1000,\"height\":1000},{\"@type\":\"BreadcrumbList\",\"@id\":\"https:\\\/\\\/laxvox-institute.eu\\\/en\\\/product\\\/estill-voice-training-practice-group-2025-alle-4-termine\\\/#breadcrumb\",\"itemListElement\":[{\"@type\":\"ListItem\",\"position\":1,\"name\":\"Startseite\",\"item\":\"https:\\\/\\\/laxvox-institute.eu\\\/en\\\/\"},{\"@type\":\"ListItem\",\"position\":2,\"name\":\"Shop\",\"item\":\"https:\\\/\\\/laxvox-institute.eu\\\/en\\\/produkt-archiv\\\/\"},{\"@type\":\"ListItem\",\"position\":3,\"name\":\"Estill Voice Training Practice Group 2025: alle 4 Termine\"}]},{\"@type\":\"WebSite\",\"@id\":\"https:\\\/\\\/laxvox-institute.eu\\\/en\\\/#website\",\"url\":\"https:\\\/\\\/laxvox-institute.eu\\\/en\\\/\",\"name\":\"LAX VOX\u00ae Institute by Stephanie A. Kruse\",\"description\":\"Wissen, das hilft! Lerne alles \u00fcber Stimme!\",\"publisher\":{\"@id\":\"https:\\\/\\\/laxvox-institute.eu\\\/en\\\/#organization\"},\"potentialAction\":[{\"@type\":\"SearchAction\",\"target\":{\"@type\":\"EntryPoint\",\"urlTemplate\":\"https:\\\/\\\/laxvox-institute.eu\\\/en\\\/?s={search_term_string}\"},\"query-input\":{\"@type\":\"PropertyValueSpecification\",\"valueRequired\":true,\"valueName\":\"search_term_string\"}}],\"inLanguage\":\"en-US\"},{\"@type\":\"Organization\",\"@id\":\"https:\\\/\\\/laxvox-institute.eu\\\/en\\\/#organization\",\"name\":\"LAX VOX\u00ae Institute by Stephanie A. Kruse\",\"url\":\"https:\\\/\\\/laxvox-institute.eu\\\/en\\\/\",\"logo\":{\"@type\":\"ImageObject\",\"inLanguage\":\"en-US\",\"@id\":\"https:\\\/\\\/laxvox-institute.eu\\\/en\\\/#\\\/schema\\\/logo\\\/image\\\/\",\"url\":\"https:\\\/\\\/laxvox-institute.eu\\\/wp-content\\\/uploads\\\/2021\\\/01\\\/LANDINGPAGE_200px_INSTITUTE.webp\",\"contentUrl\":\"https:\\\/\\\/laxvox-institute.eu\\\/wp-content\\\/uploads\\\/2021\\\/01\\\/LANDINGPAGE_200px_INSTITUTE.webp\",\"width\":200,\"height\":65,\"caption\":\"LAX VOX\u00ae Institute by Stephanie A. Kruse\"},\"image\":{\"@id\":\"https:\\\/\\\/laxvox-institute.eu\\\/en\\\/#\\\/schema\\\/logo\\\/image\\\/\"},\"sameAs\":[\"https:\\\/\\\/www.instagram.com\\\/laxvox_official\\\/\"]}]}<\/script>\n<!-- \/ Yoast SEO plugin. -->","yoast_head_json":{"title":"Estill Voice Training Practice Group 2025 - Gesamtpaket","description":"Estill Voice Training Practice Group: Exklusives \u00dcben und Coaching f\u00fcr Stimmfiguren in kleiner Gruppe mit EVT Master Trainer Stephanie A. Kruse.","robots":{"index":"index","follow":"follow","max-snippet":"max-snippet:-1","max-image-preview":"max-image-preview:large","max-video-preview":"max-video-preview:-1"},"canonical":"https:\/\/laxvox-institute.eu\/en\/product\/estill-voice-training-practice-group-2025-alle-4-termine\/","og_locale":"en_US","og_type":"article","og_title":"Estill Voice Training Practice Group 2025 - Gesamtpaket","og_description":"Estill Voice Training Practice Group: Exklusives \u00dcben und Coaching f\u00fcr Stimmfiguren in kleiner Gruppe mit EVT Master Trainer Stephanie A. Kruse.","og_url":"https:\/\/laxvox-institute.eu\/en\/product\/estill-voice-training-practice-group-2025-alle-4-termine\/","og_site_name":"LAX VOX\u00ae Institute by Stephanie A. Kruse","article_modified_time":"2025-07-22T14:45:44+00:00","og_image":[{"width":1000,"height":1000,"url":"https:\/\/laxvox-institute.eu\/wp-content\/uploads\/2025\/07\/4.png","type":"image\/png"}],"twitter_card":"summary_large_image","twitter_misc":{"Est. reading time":"3 minutes"},"schema":{"@context":"https:\/\/schema.org","@graph":[{"@type":"WebPage","@id":"https:\/\/laxvox-institute.eu\/en\/product\/estill-voice-training-practice-group-2025-alle-4-termine\/","url":"https:\/\/laxvox-institute.eu\/en\/product\/estill-voice-training-practice-group-2025-alle-4-termine\/","name":"Estill Voice Training Practice Group 2025 - Gesamtpaket","isPartOf":{"@id":"https:\/\/laxvox-institute.eu\/en\/#website"},"primaryImageOfPage":{"@id":"https:\/\/laxvox-institute.eu\/en\/product\/estill-voice-training-practice-group-2025-alle-4-termine\/#primaryimage"},"image":{"@id":"https:\/\/laxvox-institute.eu\/en\/product\/estill-voice-training-practice-group-2025-alle-4-termine\/#primaryimage"},"thumbnailUrl":"https:\/\/laxvox-institute.eu\/wp-content\/uploads\/2025\/07\/4.png","datePublished":"2025-07-20T07:42:08+00:00","dateModified":"2025-07-22T14:45:44+00:00","description":"Estill Voice Training Practice Group: Exklusives \u00dcben und Coaching f\u00fcr Stimmfiguren in kleiner Gruppe mit EVT Master Trainer Stephanie A. Kruse.","breadcrumb":{"@id":"https:\/\/laxvox-institute.eu\/en\/product\/estill-voice-training-practice-group-2025-alle-4-termine\/#breadcrumb"},"inLanguage":"en-US","potentialAction":[{"@type":"ReadAction","target":["https:\/\/laxvox-institute.eu\/en\/product\/estill-voice-training-practice-group-2025-alle-4-termine\/"]}]},{"@type":"ImageObject","inLanguage":"en-US","@id":"https:\/\/laxvox-institute.eu\/en\/product\/estill-voice-training-practice-group-2025-alle-4-termine\/#primaryimage","url":"https:\/\/laxvox-institute.eu\/wp-content\/uploads\/2025\/07\/4.png","contentUrl":"https:\/\/laxvox-institute.eu\/wp-content\/uploads\/2025\/07\/4.png","width":1000,"height":1000},{"@type":"BreadcrumbList","@id":"https:\/\/laxvox-institute.eu\/en\/product\/estill-voice-training-practice-group-2025-alle-4-termine\/#breadcrumb","itemListElement":[{"@type":"ListItem","position":1,"name":"Startseite","item":"https:\/\/laxvox-institute.eu\/en\/"},{"@type":"ListItem","position":2,"name":"Shop","item":"https:\/\/laxvox-institute.eu\/en\/produkt-archiv\/"},{"@type":"ListItem","position":3,"name":"Estill Voice Training Practice Group 2025: alle 4 Termine"}]},{"@type":"WebSite","@id":"https:\/\/laxvox-institute.eu\/en\/#website","url":"https:\/\/laxvox-institute.eu\/en\/","name":"LAX VOX\u00ae Institute by Stephanie A. Kruse","description":"Wissen, das hilft! Lerne alles \u00fcber Stimme!","publisher":{"@id":"https:\/\/laxvox-institute.eu\/en\/#organization"},"potentialAction":[{"@type":"SearchAction","target":{"@type":"EntryPoint","urlTemplate":"https:\/\/laxvox-institute.eu\/en\/?s={search_term_string}"},"query-input":{"@type":"PropertyValueSpecification","valueRequired":true,"valueName":"search_term_string"}}],"inLanguage":"en-US"},{"@type":"Organization","@id":"https:\/\/laxvox-institute.eu\/en\/#organization","name":"LAX VOX\u00ae Institute by Stephanie A. Kruse","url":"https:\/\/laxvox-institute.eu\/en\/","logo":{"@type":"ImageObject","inLanguage":"en-US","@id":"https:\/\/laxvox-institute.eu\/en\/#\/schema\/logo\/image\/","url":"https:\/\/laxvox-institute.eu\/wp-content\/uploads\/2021\/01\/LANDINGPAGE_200px_INSTITUTE.webp","contentUrl":"https:\/\/laxvox-institute.eu\/wp-content\/uploads\/2021\/01\/LANDINGPAGE_200px_INSTITUTE.webp","width":200,"height":65,"caption":"LAX VOX\u00ae Institute by Stephanie A. Kruse"},"image":{"@id":"https:\/\/laxvox-institute.eu\/en\/#\/schema\/logo\/image\/"},"sameAs":["https:\/\/www.instagram.com\/laxvox_official\/"]}]}},"_links":{"self":[{"href":"https:\/\/laxvox-institute.eu\/en\/wp-json\/wp\/v2\/product\/49586","targetHints":{"allow":["GET"]}}],"collection":[{"href":"https:\/\/laxvox-institute.eu\/en\/wp-json\/wp\/v2\/product"}],"about":[{"href":"https:\/\/laxvox-institute.eu\/en\/wp-json\/wp\/v2\/types\/product"}],"wp:featuredmedia":[{"embeddable":true,"href":"https:\/\/laxvox-institute.eu\/en\/wp-json\/wp\/v2\/media\/49666"}],"wp:attachment":[{"href":"https:\/\/laxvox-institute.eu\/en\/wp-json\/wp\/v2\/media?parent=49586"}],"wp:term":[{"taxonomy":"product_brand","embeddable":true,"href":"https:\/\/laxvox-institute.eu\/en\/wp-json\/wp\/v2\/product_brand?post=49586"},{"taxonomy":"product_cat","embeddable":true,"href":"https:\/\/laxvox-institute.eu\/en\/wp-json\/wp\/v2\/product_cat?post=49586"},{"taxonomy":"product_tag","embeddable":true,"href":"https:\/\/laxvox-institute.eu\/en\/wp-json\/wp\/v2\/product_tag?post=49586"}],"curies":[{"name":"wp","href":"https:\/\/api.w.org\/{rel}","templated":true}]}}