{"id":49784,"date":"2025-07-21T20:42:13","date_gmt":"2025-07-21T18:42:13","guid":{"rendered":"https:\/\/laxvox-institute.eu\/?post_type=product&#038;p=49784"},"modified":"2025-07-22T08:03:32","modified_gmt":"2025-07-22T06:03:32","slug":"faszination-taschenfalten-schutzmechanismus-troublemaker-und-soundmacher","status":"publish","type":"product","link":"https:\/\/laxvox-institute.eu\/en\/product\/faszination-taschenfalten-schutzmechanismus-troublemaker-und-soundmacher\/","title":{"rendered":"Faszination Taschenfalten \u2013 So wird&#8217;s endlich weit im Hals"},"content":{"rendered":"<h3><span style=\"color: #1db8dd;\"><strong>Mit Wissen und Kontrolle zu mehr <\/strong><\/span><span style=\"color: #1db8dd;\"><strong>Flexibilit\u00e4t<\/strong><\/span><\/h3>\n<h3><span style=\"color: #1db8dd;\">&#8220;Es ist immer so eng im Hals, als w\u00e4re da eine Blockade.&#8221;<\/span><\/h3>\n<p>Du hast oft ein Klo\u00dfgef\u00fchl im Hals, deine Stimme klingt rau, eng oder heiser, obwohl du eigentlich gesund bist? Beim Singen sp\u00fcrst du eine Blockade, als w\u00fcrde dich etwas innerlich zur\u00fcckhalten? In diesem Workshop erf\u00e4hrst du, was deine Taschenfalten damit zu tun haben \u2013 und wie du lernst, sie bewusst wahrzunehmen, zu steuern und gezielt einzusetzen. Du bekommst praxisnahes Wissen, einfache \u00dcbungen und neue Impulse f\u00fcr mehr Freiheit in deiner Stimme.<\/p>\n<p><strong>Verstehen. Steuern. Frei singen.<\/strong><\/p>\n<h4><strong><span style=\"color: #1db8dd;\">Du lernst:<\/span><\/strong><\/h4>\n<p>\u2714 <strong>Was Taschenfalten sind und wo sie sich befinden:<\/strong> ein Blick auf ihre Anatomie und Funktion<br \/>\n<span style=\"font-size: 14px;\">\u2714 <\/span><strong style=\"font-size: 14px;\">Welche Aufgaben sie erf\u00fcllen:<\/strong><span style=\"font-size: 14px;\"> dein nat\u00fcrlicher \u201eT\u00fcrsteher\u201c zur Luftr\u00f6hre<br \/>\n<\/span><span style=\"font-size: 14px;\">\u2714 <\/span><strong style=\"font-size: 14px;\">Welche Probleme sie verursachen k\u00f6nnen:<\/strong><span style=\"font-size: 14px;\"> z.\u202fB. Heiserkeit, Enge, Globusgef\u00fchl oder eingeschr\u00e4nkter Stimmumfang<br \/>\n<\/span><span style=\"font-size: 14px;\">\u2714 <\/span><strong style=\"font-size: 14px;\">Welche klanglichen M\u00f6glichkeiten sie dir bieten:<\/strong><span style=\"font-size: 14px;\"> Sounds wie Rauigkeit, Distortion oder die klassische Taschenfaltenstimme<br \/>\n<\/span><span style=\"font-size: 14px;\">\u2714 <\/span><strong style=\"font-size: 14px;\">Wie du sie kontrolliert einsetzt:<\/strong><span style=\"font-size: 14px;\"> und lernst, sie bewusst und gezielt f\u00fcr dich zu nutzen. Dabei hilft u.a. LAX VOX\u00ae.<\/span><\/p>\n<h4 style=\"color: #1db8dd;\"><strong>Material:<\/strong><\/h4>\n<p>Originaler LAX VOX\u00ae-Schlauch und\u00a00,5-l-Flasche mit Wasser<\/p>\n<h4 style=\"color: #1db8dd;\"><strong>Zielgruppe:<\/strong><\/h4>\n<p>Stimmtherapeut*innen, <span style=\"font-size: 14px;\">Vocal Coaches, <\/span><span style=\"font-size: 14px;\">Singende, f<\/span><span style=\"font-size: 14px;\">\u00fcr deine eigene Stimme<\/span><\/p>\n<h4 style=\"color: #1db8dd;\"><strong>Deine Dozentin:<\/strong><\/h4>\n<p><strong><img decoding=\"async\" class=\"alignleft wp-image-49711\" src=\"https:\/\/laxvox-institute.eu\/wp-content\/uploads\/2025\/07\/Stephanie_Kruse-LVI-Dozentin-300x300.webp\" alt=\"Stephanie A. Kruse\" width=\"100\" height=\"100\" srcset=\"https:\/\/laxvox-institute.eu\/wp-content\/uploads\/2025\/07\/Stephanie_Kruse-LVI-Dozentin-300x300.webp 300w, https:\/\/laxvox-institute.eu\/wp-content\/uploads\/2025\/07\/Stephanie_Kruse-LVI-Dozentin-150x150.webp 150w, https:\/\/laxvox-institute.eu\/wp-content\/uploads\/2025\/07\/Stephanie_Kruse-LVI-Dozentin-500x500.webp 500w, https:\/\/laxvox-institute.eu\/wp-content\/uploads\/2025\/07\/Stephanie_Kruse-LVI-Dozentin-157x157.webp 157w, https:\/\/laxvox-institute.eu\/wp-content\/uploads\/2025\/07\/Stephanie_Kruse-LVI-Dozentin-200x200.webp 200w, https:\/\/laxvox-institute.eu\/wp-content\/uploads\/2025\/07\/Stephanie_Kruse-LVI-Dozentin-400x400.webp 400w, https:\/\/laxvox-institute.eu\/wp-content\/uploads\/2025\/07\/Stephanie_Kruse-LVI-Dozentin.webp 531w\" sizes=\"(max-width: 100px) 100vw, 100px\" \/>Stephanie A. Kruse<\/strong> ist Stimmtherapeutin, S\u00e4ngerin, Vocal Coach, Estill Voice Master Trainerin seit 2014, arbeitet polyvagal informiert und ist die Gr\u00fcnderin und Inhaberin des LAX VOX\u00ae Institutes. Seit \u00fcber 20 Jahren bildet sie Menschen im Bereich Stimme aus \u2013 mit Herz, Humor und jeder Menge Fachwissen.<\/p>\n<h4 style=\"color: #1db8dd;\"><strong>\u00dcberblick:<\/strong><\/h4>\n<p>\u2714 <strong>1 Fortbildungspunkt<br \/>\n<\/strong><span style=\"font-size: 14px;\">\u2714 <\/span><strong style=\"font-size: 14px;\">Zoom live \u2013 keine Aufzeichnung<br \/>\n<\/strong><span style=\"font-size: 14px;\">\u2714 <\/span><strong style=\"font-size: 14px;\">Link &amp; Skript nach Zahlungseingang im Kundenkonto<br \/>\n<\/strong><span style=\"font-size: 14px;\">\u2714 <\/span><strong style=\"font-size: 14px;\">Teilnahme per PC\/Laptop empfohlen<br \/>\n<\/strong><span style=\"font-size: 14px;\">\u2714 <\/span><strong style=\"font-size: 14px;\">Kamera an &amp; Klarname erforderlich<\/strong><\/p>\n","protected":false},"excerpt":{"rendered":"<p><strong>INTENSE Kurzworkshop:<\/strong><br \/>\n<strong>NEU:<\/strong> Jetzt 2 Stunden &amp; inkl. Handout<\/p>\n<div class=\"icon-text-block\"><i class=\"fa fa-calendar\"><\/i>Dienstag, 14.10.2025<\/div>\n<div class=\"icon-text-block\"><i class=\"fa fa-clock-o\"><\/i>18:00\u201320:00 Uhr<\/div>\n<div class=\"icon-text-block\"><i class=\"fa fa-user-o\"><\/i>Stephanie A. Kruse<\/div>\n<div class=\"icon-text-block\"><i class=\"fa fa-certificate\"><\/i>1 Fortbildungspunkt<\/div>\n<div class=\"icon-text-block\"><i class=\"fa fa-laptop\"><\/i>Online via Zoom<\/div>\n","protected":false},"featured_media":49691,"template":"","meta":[],"product_brand":[],"product_cat":[247,752,767,944],"product_tag":[],"class_list":{"0":"post-49784","1":"product","2":"type-product","3":"status-publish","4":"has-post-thumbnail","6":"product_cat-lax-vox-voice-therapy","7":"product_cat-lax-vox-intense","8":"product_cat-lv-in-der-logopaedie","9":"product_cat-fuer-deine-stimme","10":"description-off","12":"first","13":"instock","14":"virtual","15":"sold-individually","16":"purchasable","17":"product-type-simple"},"bundled_by":[],"bundle_stock_status":"instock","bundle_stock_quantity":null,"bundle_virtual":false,"bundle_layout":"","bundle_add_to_cart_form_location":"","bundle_editable_in_cart":false,"bundle_sold_individually_context":"","bundle_item_grouping":"","bundle_min_size":"","bundle_max_size":"","bundle_price":[],"bundled_items":[],"bundle_sell_ids":[],"yoast_head":"<!-- This site is optimized with the Yoast SEO plugin v27.4 - https:\/\/yoast.com\/product\/yoast-seo-wordpress\/ -->\n<title>Faszination Taschenfalten \u2013 So wird&#039;s endlich weit im Hals<\/title>\n<meta name=\"description\" content=\"Lerne, deine Taschenfalten bewusst zu steuern, um Enge im Hals zu l\u00f6sen und mehr Klangfreiheit sowie Leichtigkeit in deiner Stimme zu gewinnen.\" \/>\n<meta name=\"robots\" content=\"index, follow, max-snippet:-1, max-image-preview:large, max-video-preview:-1\" \/>\n<link rel=\"canonical\" href=\"https:\/\/laxvox-institute.eu\/en\/product\/faszination-taschenfalten-schutzmechanismus-troublemaker-und-soundmacher\/\" \/>\n<meta property=\"og:locale\" content=\"en_US\" \/>\n<meta property=\"og:type\" content=\"article\" \/>\n<meta property=\"og:title\" content=\"Faszination Taschenfalten \u2013 So wird&#039;s endlich weit im Hals\" \/>\n<meta property=\"og:description\" content=\"Lerne, deine Taschenfalten bewusst zu steuern, um Enge im Hals zu l\u00f6sen und mehr Klangfreiheit sowie Leichtigkeit in deiner Stimme zu gewinnen.\" \/>\n<meta property=\"og:url\" content=\"https:\/\/laxvox-institute.eu\/en\/product\/faszination-taschenfalten-schutzmechanismus-troublemaker-und-soundmacher\/\" \/>\n<meta property=\"og:site_name\" content=\"LAX VOX\u00ae Institute by Stephanie A. Kruse\" \/>\n<meta property=\"article:modified_time\" content=\"2025-07-22T06:03:32+00:00\" \/>\n<meta property=\"og:image\" content=\"https:\/\/laxvox-institute.eu\/wp-content\/uploads\/2025\/07\/7-1.png\" \/>\n\t<meta property=\"og:image:width\" content=\"1000\" \/>\n\t<meta property=\"og:image:height\" content=\"1000\" \/>\n\t<meta property=\"og:image:type\" content=\"image\/png\" \/>\n<meta name=\"twitter:card\" content=\"summary_large_image\" \/>\n<meta name=\"twitter:label1\" content=\"Est. reading time\" \/>\n\t<meta name=\"twitter:data1\" content=\"2 minutes\" \/>\n<script type=\"application\/ld+json\" class=\"yoast-schema-graph\">{\"@context\":\"https:\\\/\\\/schema.org\",\"@graph\":[{\"@type\":\"WebPage\",\"@id\":\"https:\\\/\\\/laxvox-institute.eu\\\/en\\\/product\\\/faszination-taschenfalten-schutzmechanismus-troublemaker-und-soundmacher\\\/\",\"url\":\"https:\\\/\\\/laxvox-institute.eu\\\/en\\\/product\\\/faszination-taschenfalten-schutzmechanismus-troublemaker-und-soundmacher\\\/\",\"name\":\"Faszination Taschenfalten \u2013 So wird's endlich weit im Hals\",\"isPartOf\":{\"@id\":\"https:\\\/\\\/laxvox-institute.eu\\\/en\\\/#website\"},\"primaryImageOfPage\":{\"@id\":\"https:\\\/\\\/laxvox-institute.eu\\\/en\\\/product\\\/faszination-taschenfalten-schutzmechanismus-troublemaker-und-soundmacher\\\/#primaryimage\"},\"image\":{\"@id\":\"https:\\\/\\\/laxvox-institute.eu\\\/en\\\/product\\\/faszination-taschenfalten-schutzmechanismus-troublemaker-und-soundmacher\\\/#primaryimage\"},\"thumbnailUrl\":\"https:\\\/\\\/laxvox-institute.eu\\\/wp-content\\\/uploads\\\/2025\\\/07\\\/7-1.png\",\"datePublished\":\"2025-07-21T18:42:13+00:00\",\"dateModified\":\"2025-07-22T06:03:32+00:00\",\"description\":\"Lerne, deine Taschenfalten bewusst zu steuern, um Enge im Hals zu l\u00f6sen und mehr Klangfreiheit sowie Leichtigkeit in deiner Stimme zu gewinnen.\",\"breadcrumb\":{\"@id\":\"https:\\\/\\\/laxvox-institute.eu\\\/en\\\/product\\\/faszination-taschenfalten-schutzmechanismus-troublemaker-und-soundmacher\\\/#breadcrumb\"},\"inLanguage\":\"en-US\",\"potentialAction\":[{\"@type\":\"ReadAction\",\"target\":[\"https:\\\/\\\/laxvox-institute.eu\\\/en\\\/product\\\/faszination-taschenfalten-schutzmechanismus-troublemaker-und-soundmacher\\\/\"]}]},{\"@type\":\"ImageObject\",\"inLanguage\":\"en-US\",\"@id\":\"https:\\\/\\\/laxvox-institute.eu\\\/en\\\/product\\\/faszination-taschenfalten-schutzmechanismus-troublemaker-und-soundmacher\\\/#primaryimage\",\"url\":\"https:\\\/\\\/laxvox-institute.eu\\\/wp-content\\\/uploads\\\/2025\\\/07\\\/7-1.png\",\"contentUrl\":\"https:\\\/\\\/laxvox-institute.eu\\\/wp-content\\\/uploads\\\/2025\\\/07\\\/7-1.png\",\"width\":1000,\"height\":1000},{\"@type\":\"BreadcrumbList\",\"@id\":\"https:\\\/\\\/laxvox-institute.eu\\\/en\\\/product\\\/faszination-taschenfalten-schutzmechanismus-troublemaker-und-soundmacher\\\/#breadcrumb\",\"itemListElement\":[{\"@type\":\"ListItem\",\"position\":1,\"name\":\"Startseite\",\"item\":\"https:\\\/\\\/laxvox-institute.eu\\\/en\\\/\"},{\"@type\":\"ListItem\",\"position\":2,\"name\":\"Shop\",\"item\":\"https:\\\/\\\/laxvox-institute.eu\\\/en\\\/produkt-archiv\\\/\"},{\"@type\":\"ListItem\",\"position\":3,\"name\":\"Faszination Taschenfalten \u2013 So wird&#8217;s endlich weit im Hals\"}]},{\"@type\":\"WebSite\",\"@id\":\"https:\\\/\\\/laxvox-institute.eu\\\/en\\\/#website\",\"url\":\"https:\\\/\\\/laxvox-institute.eu\\\/en\\\/\",\"name\":\"LAX VOX\u00ae Institute by Stephanie A. Kruse\",\"description\":\"Wissen, das hilft! Lerne alles \u00fcber Stimme!\",\"publisher\":{\"@id\":\"https:\\\/\\\/laxvox-institute.eu\\\/en\\\/#organization\"},\"potentialAction\":[{\"@type\":\"SearchAction\",\"target\":{\"@type\":\"EntryPoint\",\"urlTemplate\":\"https:\\\/\\\/laxvox-institute.eu\\\/en\\\/?s={search_term_string}\"},\"query-input\":{\"@type\":\"PropertyValueSpecification\",\"valueRequired\":true,\"valueName\":\"search_term_string\"}}],\"inLanguage\":\"en-US\"},{\"@type\":\"Organization\",\"@id\":\"https:\\\/\\\/laxvox-institute.eu\\\/en\\\/#organization\",\"name\":\"LAX VOX\u00ae Institute by Stephanie A. Kruse\",\"url\":\"https:\\\/\\\/laxvox-institute.eu\\\/en\\\/\",\"logo\":{\"@type\":\"ImageObject\",\"inLanguage\":\"en-US\",\"@id\":\"https:\\\/\\\/laxvox-institute.eu\\\/en\\\/#\\\/schema\\\/logo\\\/image\\\/\",\"url\":\"https:\\\/\\\/laxvox-institute.eu\\\/wp-content\\\/uploads\\\/2021\\\/01\\\/LANDINGPAGE_200px_INSTITUTE.webp\",\"contentUrl\":\"https:\\\/\\\/laxvox-institute.eu\\\/wp-content\\\/uploads\\\/2021\\\/01\\\/LANDINGPAGE_200px_INSTITUTE.webp\",\"width\":200,\"height\":65,\"caption\":\"LAX VOX\u00ae Institute by Stephanie A. Kruse\"},\"image\":{\"@id\":\"https:\\\/\\\/laxvox-institute.eu\\\/en\\\/#\\\/schema\\\/logo\\\/image\\\/\"},\"sameAs\":[\"https:\\\/\\\/www.instagram.com\\\/laxvox_official\\\/\"]}]}<\/script>\n<!-- \/ Yoast SEO plugin. -->","yoast_head_json":{"title":"Faszination Taschenfalten \u2013 So wird's endlich weit im Hals","description":"Lerne, deine Taschenfalten bewusst zu steuern, um Enge im Hals zu l\u00f6sen und mehr Klangfreiheit sowie Leichtigkeit in deiner Stimme zu gewinnen.","robots":{"index":"index","follow":"follow","max-snippet":"max-snippet:-1","max-image-preview":"max-image-preview:large","max-video-preview":"max-video-preview:-1"},"canonical":"https:\/\/laxvox-institute.eu\/en\/product\/faszination-taschenfalten-schutzmechanismus-troublemaker-und-soundmacher\/","og_locale":"en_US","og_type":"article","og_title":"Faszination Taschenfalten \u2013 So wird's endlich weit im Hals","og_description":"Lerne, deine Taschenfalten bewusst zu steuern, um Enge im Hals zu l\u00f6sen und mehr Klangfreiheit sowie Leichtigkeit in deiner Stimme zu gewinnen.","og_url":"https:\/\/laxvox-institute.eu\/en\/product\/faszination-taschenfalten-schutzmechanismus-troublemaker-und-soundmacher\/","og_site_name":"LAX VOX\u00ae Institute by Stephanie A. Kruse","article_modified_time":"2025-07-22T06:03:32+00:00","og_image":[{"width":1000,"height":1000,"url":"https:\/\/laxvox-institute.eu\/wp-content\/uploads\/2025\/07\/7-1.png","type":"image\/png"}],"twitter_card":"summary_large_image","twitter_misc":{"Est. reading time":"2 minutes"},"schema":{"@context":"https:\/\/schema.org","@graph":[{"@type":"WebPage","@id":"https:\/\/laxvox-institute.eu\/en\/product\/faszination-taschenfalten-schutzmechanismus-troublemaker-und-soundmacher\/","url":"https:\/\/laxvox-institute.eu\/en\/product\/faszination-taschenfalten-schutzmechanismus-troublemaker-und-soundmacher\/","name":"Faszination Taschenfalten \u2013 So wird's endlich weit im Hals","isPartOf":{"@id":"https:\/\/laxvox-institute.eu\/en\/#website"},"primaryImageOfPage":{"@id":"https:\/\/laxvox-institute.eu\/en\/product\/faszination-taschenfalten-schutzmechanismus-troublemaker-und-soundmacher\/#primaryimage"},"image":{"@id":"https:\/\/laxvox-institute.eu\/en\/product\/faszination-taschenfalten-schutzmechanismus-troublemaker-und-soundmacher\/#primaryimage"},"thumbnailUrl":"https:\/\/laxvox-institute.eu\/wp-content\/uploads\/2025\/07\/7-1.png","datePublished":"2025-07-21T18:42:13+00:00","dateModified":"2025-07-22T06:03:32+00:00","description":"Lerne, deine Taschenfalten bewusst zu steuern, um Enge im Hals zu l\u00f6sen und mehr Klangfreiheit sowie Leichtigkeit in deiner Stimme zu gewinnen.","breadcrumb":{"@id":"https:\/\/laxvox-institute.eu\/en\/product\/faszination-taschenfalten-schutzmechanismus-troublemaker-und-soundmacher\/#breadcrumb"},"inLanguage":"en-US","potentialAction":[{"@type":"ReadAction","target":["https:\/\/laxvox-institute.eu\/en\/product\/faszination-taschenfalten-schutzmechanismus-troublemaker-und-soundmacher\/"]}]},{"@type":"ImageObject","inLanguage":"en-US","@id":"https:\/\/laxvox-institute.eu\/en\/product\/faszination-taschenfalten-schutzmechanismus-troublemaker-und-soundmacher\/#primaryimage","url":"https:\/\/laxvox-institute.eu\/wp-content\/uploads\/2025\/07\/7-1.png","contentUrl":"https:\/\/laxvox-institute.eu\/wp-content\/uploads\/2025\/07\/7-1.png","width":1000,"height":1000},{"@type":"BreadcrumbList","@id":"https:\/\/laxvox-institute.eu\/en\/product\/faszination-taschenfalten-schutzmechanismus-troublemaker-und-soundmacher\/#breadcrumb","itemListElement":[{"@type":"ListItem","position":1,"name":"Startseite","item":"https:\/\/laxvox-institute.eu\/en\/"},{"@type":"ListItem","position":2,"name":"Shop","item":"https:\/\/laxvox-institute.eu\/en\/produkt-archiv\/"},{"@type":"ListItem","position":3,"name":"Faszination Taschenfalten \u2013 So wird&#8217;s endlich weit im Hals"}]},{"@type":"WebSite","@id":"https:\/\/laxvox-institute.eu\/en\/#website","url":"https:\/\/laxvox-institute.eu\/en\/","name":"LAX VOX\u00ae Institute by Stephanie A. Kruse","description":"Wissen, das hilft! Lerne alles \u00fcber Stimme!","publisher":{"@id":"https:\/\/laxvox-institute.eu\/en\/#organization"},"potentialAction":[{"@type":"SearchAction","target":{"@type":"EntryPoint","urlTemplate":"https:\/\/laxvox-institute.eu\/en\/?s={search_term_string}"},"query-input":{"@type":"PropertyValueSpecification","valueRequired":true,"valueName":"search_term_string"}}],"inLanguage":"en-US"},{"@type":"Organization","@id":"https:\/\/laxvox-institute.eu\/en\/#organization","name":"LAX VOX\u00ae Institute by Stephanie A. Kruse","url":"https:\/\/laxvox-institute.eu\/en\/","logo":{"@type":"ImageObject","inLanguage":"en-US","@id":"https:\/\/laxvox-institute.eu\/en\/#\/schema\/logo\/image\/","url":"https:\/\/laxvox-institute.eu\/wp-content\/uploads\/2021\/01\/LANDINGPAGE_200px_INSTITUTE.webp","contentUrl":"https:\/\/laxvox-institute.eu\/wp-content\/uploads\/2021\/01\/LANDINGPAGE_200px_INSTITUTE.webp","width":200,"height":65,"caption":"LAX VOX\u00ae Institute by Stephanie A. Kruse"},"image":{"@id":"https:\/\/laxvox-institute.eu\/en\/#\/schema\/logo\/image\/"},"sameAs":["https:\/\/www.instagram.com\/laxvox_official\/"]}]}},"_links":{"self":[{"href":"https:\/\/laxvox-institute.eu\/en\/wp-json\/wp\/v2\/product\/49784","targetHints":{"allow":["GET"]}}],"collection":[{"href":"https:\/\/laxvox-institute.eu\/en\/wp-json\/wp\/v2\/product"}],"about":[{"href":"https:\/\/laxvox-institute.eu\/en\/wp-json\/wp\/v2\/types\/product"}],"wp:featuredmedia":[{"embeddable":true,"href":"https:\/\/laxvox-institute.eu\/en\/wp-json\/wp\/v2\/media\/49691"}],"wp:attachment":[{"href":"https:\/\/laxvox-institute.eu\/en\/wp-json\/wp\/v2\/media?parent=49784"}],"wp:term":[{"taxonomy":"product_brand","embeddable":true,"href":"https:\/\/laxvox-institute.eu\/en\/wp-json\/wp\/v2\/product_brand?post=49784"},{"taxonomy":"product_cat","embeddable":true,"href":"https:\/\/laxvox-institute.eu\/en\/wp-json\/wp\/v2\/product_cat?post=49784"},{"taxonomy":"product_tag","embeddable":true,"href":"https:\/\/laxvox-institute.eu\/en\/wp-json\/wp\/v2\/product_tag?post=49784"}],"curies":[{"name":"wp","href":"https:\/\/api.w.org\/{rel}","templated":true}]}}