{"id":49785,"date":"2025-07-21T20:42:13","date_gmt":"2025-07-21T18:42:13","guid":{"rendered":"https:\/\/laxvox-institute.eu\/?post_type=product&#038;p=49785"},"modified":"2025-11-04T21:08:48","modified_gmt":"2025-11-04T20:08:48","slug":"blending-ensembleklang-wie-stimmen-verschmelzen","status":"publish","type":"product","link":"https:\/\/laxvox-institute.eu\/en\/product\/blending-ensembleklang-wie-stimmen-verschmelzen\/","title":{"rendered":"Blending &#038; Ensembleklang \u2013 Wie Stimmen verschmelzen"},"content":{"rendered":"<h3><strong><span style=\"color: #1db8dd;\">Differenzierter h\u00f6ren. Besser mischen. Klanglich verbinden.<\/span><\/strong><\/h3>\n<h3><span style=\"color: #1db8dd;\">&#8220;Wow, der Chor klingt ja wie eine Stimme. Wie geht das?&#8221;<\/span><\/h3>\n<p>Warum klingt ein Ensemble mal zusammengew\u00fcrfelt \u2013 ein anderes wie aus einem Guss?<br \/>\nDu willst wissen, wie dieser besondere Ensembleklang entsteht, der G\u00e4nsehaut macht? Wie Stimmen wirklich verschmelzen \u2013 und was \u201eBlending\u201c jenseits von Intonation und Timing bedeutet?<\/p>\n<p>In diesem Workshop lernst du, wie du mit gezieltem H\u00f6ren, Klangbewusstsein und musikalischer Feinabstimmung deinen Ensembleklang bewusst gestalten kannst. Mit Live-H\u00f6rbeispielen, konkreten Tools und Aha-Momenten aus der Praxis.<\/p>\n<p><strong>Mit wertvollem Wissen aus Praxis und Theorie \u2013 direkt umsetzbar f\u00fcr B\u00fchne, Chor oder Probenarbeit.<\/strong><\/p>\n<div class=\"gap\" style=\"line-height: 10px; height: 10px;\"><\/div>\n<h4><strong><span style=\"color: #1db8dd;\">Du lernst<\/span><\/strong><\/h4>\n<p>\u2713 <strong>Was \u201eBlending\u201c im Ensemblegesang wirklich bedeutet<\/strong><br \/>\n\u2713 <strong>Wie Stimmen aufeinander abgestimmt werden \u2013 klanglich &amp; musikalisch<\/strong><br \/>\n\u2713 <strong>Die 9 wichtigsten Parameter f\u00fcr Ensembleklang<\/strong><br \/>\n\u2713 <strong>Wie du Klangfarbe, Tuning und Dynamik bewusst einsetzt<\/strong><br \/>\n\u2713 <strong>Klanganalyse an einem professionellen A-cappella-Beispiel<\/strong><\/p>\n<p><strong>Hinweis:<\/strong> Online k\u00f6nnen wir nicht gemeinsam mehrstimmig singen. In diesem Workshop liegt der Fokus auf der Analyse der Blending-Parameter. Ein praktischer Folge-Workshop, der auf diesem vermittelten Wissen basiert, ist f\u00fcr 2026 geplant.<strong><br \/>\n<\/strong><\/p>\n<div class=\"gap\" style=\"line-height: 10px; height: 10px;\"><\/div>\n<h4 style=\"color: #1db8dd;\"><strong>Zielgruppe:<\/strong><\/h4>\n<p>F\u00fcr S\u00e4nger:innen, Chorleiter:innen, A-Cappella-Gruppen &amp; alle, die tiefer h\u00f6ren, feiner singen und ihren Ensembleklang verbessern wollen.<\/p>\n<h4 style=\"color: #1db8dd;\"><strong>Deine Dozentin:<\/strong><\/h4>\n<p><strong><img decoding=\"async\" class=\"alignleft wp-image-50028\" src=\"https:\/\/laxvox-institute.eu\/wp-content\/uploads\/2025\/07\/Dozierenden-fotos-klein-300x300.png\" alt=\"\" width=\"100\" height=\"100\" \/>Liza John<br data-start=\"82\" data-end=\"85\" \/><\/strong>ist Diplom-Gesangslehrerin, Musikp\u00e4dagogin (M.Ed.), freiberufliche S\u00e4ngerin und LAX VOX\u00ae Master Trainerin.<br data-start=\"191\" data-end=\"194\" \/>Sie coacht S\u00e4nger:innen, Ch\u00f6re und Ensembles mit Fokus auf gesunden Klang, Blending und effektive Stimmpflege \u2013 praxisnah, musikalisch und mit viel Erfahrung aus \u00fcber 20 Jahren B\u00fchnenarbeit.<strong><br \/>\n<\/strong><\/p>\n<h4 style=\"color: #1db8dd;\"><strong>\u00a0<\/strong><\/h4>\n<h4 style=\"color: #1db8dd;\"><strong>\u00dcberblick:<\/strong><\/h4>\n<p><strong>\u2713 1 Fortbildungspunkt<\/strong><br \/>\n<strong>\u2713 Zoom live \u2013 keine Aufzeichnung<\/strong><br \/>\n<strong>\u2713 Link &amp; Skript nach Zahlungseingang im Kundenkonto<\/strong><br \/>\n<strong>\u2713 Teilnahme per PC\/Laptop empfohlen<\/strong><br \/>\n<strong>\u2713 Kamera an &amp; Klarname erforderlich<\/strong><\/p>\n<p>Produktfoto: Helge Kr\u00fcckeberg,<strong> Ensemble <\/strong>str8voices<strong><br \/>\n<\/strong><\/p>\n","protected":false},"excerpt":{"rendered":"<p><strong>INTENSE Kurzworkshop:<\/strong><br \/>\n<strong>NEU:<\/strong> Jetzt 2 Stunden &amp; inkl. Handout<\/p>\n<div class=\"icon-text-block\"><i class=\"fa fa-calendar\"><\/i>Dienstag, 28.10.2025<\/div>\n<div class=\"icon-text-block\"><i class=\"fa fa-clock-o\"><\/i>18:00\u201320:00 Uhr<\/div>\n<div class=\"icon-text-block\"><i class=\"fa fa-user-o\"><\/i>Liza John<\/div>\n<div class=\"icon-text-block\"><i class=\"fa fa-certificate\"><\/i>1 Fortbildungspunkt<\/div>\n<div class=\"icon-text-block\"><i class=\"fa fa-laptop\"><\/i>Online via Zoom<\/div>\n","protected":false},"featured_media":50031,"template":"","meta":[],"product_brand":[],"product_cat":[247,752,767,944],"product_tag":[],"class_list":{"0":"post-49785","1":"product","2":"type-product","3":"status-publish","4":"has-post-thumbnail","6":"product_cat-lax-vox-voice-therapy","7":"product_cat-lax-vox-intense","8":"product_cat-lv-in-der-logopaedie","9":"product_cat-fuer-deine-stimme","10":"description-off","12":"first","13":"instock","14":"virtual","15":"sold-individually","16":"purchasable","17":"product-type-simple"},"bundled_by":[],"bundle_stock_status":"instock","bundle_stock_quantity":23,"bundle_virtual":false,"bundle_layout":"","bundle_add_to_cart_form_location":"","bundle_editable_in_cart":false,"bundle_sold_individually_context":"","bundle_item_grouping":"","bundle_min_size":"","bundle_max_size":"","bundle_price":[],"bundled_items":[],"bundle_sell_ids":[],"yoast_head":"<!-- This site is optimized with the Yoast SEO plugin v27.4 - https:\/\/yoast.com\/product\/yoast-seo-wordpress\/ -->\n<title>Blending &amp; Ensembleklang \u2013 Wie Stimmen verschmelzen<\/title>\n<meta name=\"description\" content=\"Lerne, wie du Ensembleklang gezielt gestaltest \u2013 mit klanglicher Analyse, Blending-Strategien und Tipps f\u00fcr mehr Verschmelzung im Gesang.\" \/>\n<meta name=\"robots\" content=\"index, follow, max-snippet:-1, max-image-preview:large, max-video-preview:-1\" \/>\n<link rel=\"canonical\" href=\"https:\/\/laxvox-institute.eu\/en\/product\/blending-ensembleklang-wie-stimmen-verschmelzen\/\" \/>\n<meta property=\"og:locale\" content=\"en_US\" \/>\n<meta property=\"og:type\" content=\"article\" \/>\n<meta property=\"og:title\" content=\"Blending &amp; Ensembleklang \u2013 Wie Stimmen verschmelzen\" \/>\n<meta property=\"og:description\" content=\"Lerne, wie du Ensembleklang gezielt gestaltest \u2013 mit klanglicher Analyse, Blending-Strategien und Tipps f\u00fcr mehr Verschmelzung im Gesang.\" \/>\n<meta property=\"og:url\" content=\"https:\/\/laxvox-institute.eu\/en\/product\/blending-ensembleklang-wie-stimmen-verschmelzen\/\" \/>\n<meta property=\"og:site_name\" content=\"LAX VOX\u00ae Institute by Stephanie A. Kruse\" \/>\n<meta property=\"article:modified_time\" content=\"2025-11-04T20:08:48+00:00\" \/>\n<meta property=\"og:image\" content=\"https:\/\/laxvox-institute.eu\/wp-content\/uploads\/2025\/07\/Design-ohne-Titel-5.webp\" \/>\n\t<meta property=\"og:image:width\" content=\"1242\" \/>\n\t<meta property=\"og:image:height\" content=\"1278\" \/>\n\t<meta property=\"og:image:type\" content=\"image\/webp\" \/>\n<meta name=\"twitter:card\" content=\"summary_large_image\" \/>\n<meta name=\"twitter:label1\" content=\"Est. reading time\" \/>\n\t<meta name=\"twitter:data1\" content=\"2 minutes\" \/>\n<script type=\"application\/ld+json\" class=\"yoast-schema-graph\">{\"@context\":\"https:\\\/\\\/schema.org\",\"@graph\":[{\"@type\":\"WebPage\",\"@id\":\"https:\\\/\\\/laxvox-institute.eu\\\/en\\\/product\\\/blending-ensembleklang-wie-stimmen-verschmelzen\\\/\",\"url\":\"https:\\\/\\\/laxvox-institute.eu\\\/en\\\/product\\\/blending-ensembleklang-wie-stimmen-verschmelzen\\\/\",\"name\":\"Blending & Ensembleklang \u2013 Wie Stimmen verschmelzen\",\"isPartOf\":{\"@id\":\"https:\\\/\\\/laxvox-institute.eu\\\/en\\\/#website\"},\"primaryImageOfPage\":{\"@id\":\"https:\\\/\\\/laxvox-institute.eu\\\/en\\\/product\\\/blending-ensembleklang-wie-stimmen-verschmelzen\\\/#primaryimage\"},\"image\":{\"@id\":\"https:\\\/\\\/laxvox-institute.eu\\\/en\\\/product\\\/blending-ensembleklang-wie-stimmen-verschmelzen\\\/#primaryimage\"},\"thumbnailUrl\":\"https:\\\/\\\/laxvox-institute.eu\\\/wp-content\\\/uploads\\\/2025\\\/07\\\/Design-ohne-Titel-5.webp\",\"datePublished\":\"2025-07-21T18:42:13+00:00\",\"dateModified\":\"2025-11-04T20:08:48+00:00\",\"description\":\"Lerne, wie du Ensembleklang gezielt gestaltest \u2013 mit klanglicher Analyse, Blending-Strategien und Tipps f\u00fcr mehr Verschmelzung im Gesang.\",\"breadcrumb\":{\"@id\":\"https:\\\/\\\/laxvox-institute.eu\\\/en\\\/product\\\/blending-ensembleklang-wie-stimmen-verschmelzen\\\/#breadcrumb\"},\"inLanguage\":\"en-US\",\"potentialAction\":[{\"@type\":\"ReadAction\",\"target\":[\"https:\\\/\\\/laxvox-institute.eu\\\/en\\\/product\\\/blending-ensembleklang-wie-stimmen-verschmelzen\\\/\"]}]},{\"@type\":\"ImageObject\",\"inLanguage\":\"en-US\",\"@id\":\"https:\\\/\\\/laxvox-institute.eu\\\/en\\\/product\\\/blending-ensembleklang-wie-stimmen-verschmelzen\\\/#primaryimage\",\"url\":\"https:\\\/\\\/laxvox-institute.eu\\\/wp-content\\\/uploads\\\/2025\\\/07\\\/Design-ohne-Titel-5.webp\",\"contentUrl\":\"https:\\\/\\\/laxvox-institute.eu\\\/wp-content\\\/uploads\\\/2025\\\/07\\\/Design-ohne-Titel-5.webp\",\"width\":1242,\"height\":1278},{\"@type\":\"BreadcrumbList\",\"@id\":\"https:\\\/\\\/laxvox-institute.eu\\\/en\\\/product\\\/blending-ensembleklang-wie-stimmen-verschmelzen\\\/#breadcrumb\",\"itemListElement\":[{\"@type\":\"ListItem\",\"position\":1,\"name\":\"Startseite\",\"item\":\"https:\\\/\\\/laxvox-institute.eu\\\/en\\\/\"},{\"@type\":\"ListItem\",\"position\":2,\"name\":\"Shop\",\"item\":\"https:\\\/\\\/laxvox-institute.eu\\\/en\\\/produkt-archiv\\\/\"},{\"@type\":\"ListItem\",\"position\":3,\"name\":\"Blending &#038; Ensembleklang \u2013 Wie Stimmen verschmelzen\"}]},{\"@type\":\"WebSite\",\"@id\":\"https:\\\/\\\/laxvox-institute.eu\\\/en\\\/#website\",\"url\":\"https:\\\/\\\/laxvox-institute.eu\\\/en\\\/\",\"name\":\"LAX VOX\u00ae Institute by Stephanie A. Kruse\",\"description\":\"Wissen, das hilft! Lerne alles \u00fcber Stimme!\",\"publisher\":{\"@id\":\"https:\\\/\\\/laxvox-institute.eu\\\/en\\\/#organization\"},\"potentialAction\":[{\"@type\":\"SearchAction\",\"target\":{\"@type\":\"EntryPoint\",\"urlTemplate\":\"https:\\\/\\\/laxvox-institute.eu\\\/en\\\/?s={search_term_string}\"},\"query-input\":{\"@type\":\"PropertyValueSpecification\",\"valueRequired\":true,\"valueName\":\"search_term_string\"}}],\"inLanguage\":\"en-US\"},{\"@type\":\"Organization\",\"@id\":\"https:\\\/\\\/laxvox-institute.eu\\\/en\\\/#organization\",\"name\":\"LAX VOX\u00ae Institute by Stephanie A. Kruse\",\"url\":\"https:\\\/\\\/laxvox-institute.eu\\\/en\\\/\",\"logo\":{\"@type\":\"ImageObject\",\"inLanguage\":\"en-US\",\"@id\":\"https:\\\/\\\/laxvox-institute.eu\\\/en\\\/#\\\/schema\\\/logo\\\/image\\\/\",\"url\":\"https:\\\/\\\/laxvox-institute.eu\\\/wp-content\\\/uploads\\\/2021\\\/01\\\/LANDINGPAGE_200px_INSTITUTE.webp\",\"contentUrl\":\"https:\\\/\\\/laxvox-institute.eu\\\/wp-content\\\/uploads\\\/2021\\\/01\\\/LANDINGPAGE_200px_INSTITUTE.webp\",\"width\":200,\"height\":65,\"caption\":\"LAX VOX\u00ae Institute by Stephanie A. Kruse\"},\"image\":{\"@id\":\"https:\\\/\\\/laxvox-institute.eu\\\/en\\\/#\\\/schema\\\/logo\\\/image\\\/\"},\"sameAs\":[\"https:\\\/\\\/www.instagram.com\\\/laxvox_official\\\/\"]}]}<\/script>\n<!-- \/ Yoast SEO plugin. -->","yoast_head_json":{"title":"Blending & Ensembleklang \u2013 Wie Stimmen verschmelzen","description":"Lerne, wie du Ensembleklang gezielt gestaltest \u2013 mit klanglicher Analyse, Blending-Strategien und Tipps f\u00fcr mehr Verschmelzung im Gesang.","robots":{"index":"index","follow":"follow","max-snippet":"max-snippet:-1","max-image-preview":"max-image-preview:large","max-video-preview":"max-video-preview:-1"},"canonical":"https:\/\/laxvox-institute.eu\/en\/product\/blending-ensembleklang-wie-stimmen-verschmelzen\/","og_locale":"en_US","og_type":"article","og_title":"Blending & Ensembleklang \u2013 Wie Stimmen verschmelzen","og_description":"Lerne, wie du Ensembleklang gezielt gestaltest \u2013 mit klanglicher Analyse, Blending-Strategien und Tipps f\u00fcr mehr Verschmelzung im Gesang.","og_url":"https:\/\/laxvox-institute.eu\/en\/product\/blending-ensembleklang-wie-stimmen-verschmelzen\/","og_site_name":"LAX VOX\u00ae Institute by Stephanie A. Kruse","article_modified_time":"2025-11-04T20:08:48+00:00","og_image":[{"width":1242,"height":1278,"url":"https:\/\/laxvox-institute.eu\/wp-content\/uploads\/2025\/07\/Design-ohne-Titel-5.webp","type":"image\/webp"}],"twitter_card":"summary_large_image","twitter_misc":{"Est. reading time":"2 minutes"},"schema":{"@context":"https:\/\/schema.org","@graph":[{"@type":"WebPage","@id":"https:\/\/laxvox-institute.eu\/en\/product\/blending-ensembleklang-wie-stimmen-verschmelzen\/","url":"https:\/\/laxvox-institute.eu\/en\/product\/blending-ensembleklang-wie-stimmen-verschmelzen\/","name":"Blending & Ensembleklang \u2013 Wie Stimmen verschmelzen","isPartOf":{"@id":"https:\/\/laxvox-institute.eu\/en\/#website"},"primaryImageOfPage":{"@id":"https:\/\/laxvox-institute.eu\/en\/product\/blending-ensembleklang-wie-stimmen-verschmelzen\/#primaryimage"},"image":{"@id":"https:\/\/laxvox-institute.eu\/en\/product\/blending-ensembleklang-wie-stimmen-verschmelzen\/#primaryimage"},"thumbnailUrl":"https:\/\/laxvox-institute.eu\/wp-content\/uploads\/2025\/07\/Design-ohne-Titel-5.webp","datePublished":"2025-07-21T18:42:13+00:00","dateModified":"2025-11-04T20:08:48+00:00","description":"Lerne, wie du Ensembleklang gezielt gestaltest \u2013 mit klanglicher Analyse, Blending-Strategien und Tipps f\u00fcr mehr Verschmelzung im Gesang.","breadcrumb":{"@id":"https:\/\/laxvox-institute.eu\/en\/product\/blending-ensembleklang-wie-stimmen-verschmelzen\/#breadcrumb"},"inLanguage":"en-US","potentialAction":[{"@type":"ReadAction","target":["https:\/\/laxvox-institute.eu\/en\/product\/blending-ensembleklang-wie-stimmen-verschmelzen\/"]}]},{"@type":"ImageObject","inLanguage":"en-US","@id":"https:\/\/laxvox-institute.eu\/en\/product\/blending-ensembleklang-wie-stimmen-verschmelzen\/#primaryimage","url":"https:\/\/laxvox-institute.eu\/wp-content\/uploads\/2025\/07\/Design-ohne-Titel-5.webp","contentUrl":"https:\/\/laxvox-institute.eu\/wp-content\/uploads\/2025\/07\/Design-ohne-Titel-5.webp","width":1242,"height":1278},{"@type":"BreadcrumbList","@id":"https:\/\/laxvox-institute.eu\/en\/product\/blending-ensembleklang-wie-stimmen-verschmelzen\/#breadcrumb","itemListElement":[{"@type":"ListItem","position":1,"name":"Startseite","item":"https:\/\/laxvox-institute.eu\/en\/"},{"@type":"ListItem","position":2,"name":"Shop","item":"https:\/\/laxvox-institute.eu\/en\/produkt-archiv\/"},{"@type":"ListItem","position":3,"name":"Blending &#038; Ensembleklang \u2013 Wie Stimmen verschmelzen"}]},{"@type":"WebSite","@id":"https:\/\/laxvox-institute.eu\/en\/#website","url":"https:\/\/laxvox-institute.eu\/en\/","name":"LAX VOX\u00ae Institute by Stephanie A. Kruse","description":"Wissen, das hilft! Lerne alles \u00fcber Stimme!","publisher":{"@id":"https:\/\/laxvox-institute.eu\/en\/#organization"},"potentialAction":[{"@type":"SearchAction","target":{"@type":"EntryPoint","urlTemplate":"https:\/\/laxvox-institute.eu\/en\/?s={search_term_string}"},"query-input":{"@type":"PropertyValueSpecification","valueRequired":true,"valueName":"search_term_string"}}],"inLanguage":"en-US"},{"@type":"Organization","@id":"https:\/\/laxvox-institute.eu\/en\/#organization","name":"LAX VOX\u00ae Institute by Stephanie A. Kruse","url":"https:\/\/laxvox-institute.eu\/en\/","logo":{"@type":"ImageObject","inLanguage":"en-US","@id":"https:\/\/laxvox-institute.eu\/en\/#\/schema\/logo\/image\/","url":"https:\/\/laxvox-institute.eu\/wp-content\/uploads\/2021\/01\/LANDINGPAGE_200px_INSTITUTE.webp","contentUrl":"https:\/\/laxvox-institute.eu\/wp-content\/uploads\/2021\/01\/LANDINGPAGE_200px_INSTITUTE.webp","width":200,"height":65,"caption":"LAX VOX\u00ae Institute by Stephanie A. Kruse"},"image":{"@id":"https:\/\/laxvox-institute.eu\/en\/#\/schema\/logo\/image\/"},"sameAs":["https:\/\/www.instagram.com\/laxvox_official\/"]}]}},"_links":{"self":[{"href":"https:\/\/laxvox-institute.eu\/en\/wp-json\/wp\/v2\/product\/49785","targetHints":{"allow":["GET"]}}],"collection":[{"href":"https:\/\/laxvox-institute.eu\/en\/wp-json\/wp\/v2\/product"}],"about":[{"href":"https:\/\/laxvox-institute.eu\/en\/wp-json\/wp\/v2\/types\/product"}],"wp:featuredmedia":[{"embeddable":true,"href":"https:\/\/laxvox-institute.eu\/en\/wp-json\/wp\/v2\/media\/50031"}],"wp:attachment":[{"href":"https:\/\/laxvox-institute.eu\/en\/wp-json\/wp\/v2\/media?parent=49785"}],"wp:term":[{"taxonomy":"product_brand","embeddable":true,"href":"https:\/\/laxvox-institute.eu\/en\/wp-json\/wp\/v2\/product_brand?post=49785"},{"taxonomy":"product_cat","embeddable":true,"href":"https:\/\/laxvox-institute.eu\/en\/wp-json\/wp\/v2\/product_cat?post=49785"},{"taxonomy":"product_tag","embeddable":true,"href":"https:\/\/laxvox-institute.eu\/en\/wp-json\/wp\/v2\/product_tag?post=49785"}],"curies":[{"name":"wp","href":"https:\/\/api.w.org\/{rel}","templated":true}]}}