{"id":49856,"date":"2025-07-22T10:08:23","date_gmt":"2025-07-22T08:08:23","guid":{"rendered":"https:\/\/laxvox-institute.eu\/?post_type=product&#038;p=49856"},"modified":"2025-07-22T13:19:56","modified_gmt":"2025-07-22T11:19:56","slug":"stimme-scham-ein-blick-durch-die-polyvagale-brille","status":"publish","type":"product","link":"https:\/\/laxvox-institute.eu\/en\/product\/stimme-scham-ein-blick-durch-die-polyvagale-brille\/","title":{"rendered":"Stimme &#038; Scham &#8211; Ein Blick durch die polyvagale Brille"},"content":{"rendered":"<h3><strong><span style=\"color: #1db8dd;\">Der rosa <span style=\"caret-color: #1db8dd;\">Elefant<\/span> in jedem Unterricht \u2013 Scham.<\/span><\/strong><br \/>\n<span style=\"color: #1db8dd;\">&#8220;Und was, wenn ich mich blamiere?&#8221;<\/span><\/h3>\n<div class=\"gap\" style=\"line-height: 10px; height: 10px;\"><\/div>\n<p>Unser Gegen\u00fcber w\u00fcnscht sich eine freie, klare, laute Stimme, brillante H\u00f6hen im Gesang und einen ausdrucksstarken Klang.<\/p>\n<p>Doch bieten wir passend dazu \u00dcbungen an, werden diese meist eher zaghaft ausprobiert \u2013 manchmal sogar gar nicht.<br \/>\nDas Gegen\u00fcber z\u00f6gert, beginnt zu kichern, muss noch eben was trinken, stellt R\u00fcckfragen, z.B. \u00fcber die Nachbarn oder die Dicke der W\u00e4nde, oder erkl\u00e4rt, warum das gerade wegen &#8220;der Allergie&#8221; nicht geht.<\/p>\n<p><strong>Der Grund? Scham.<\/strong><\/p>\n<p>Scham ist fast in jeder Zusammenarbeit mal mehr, mal weniger pr\u00e4sent \u2013 wird aber nur selten angesprochen oder bewusst in die Stimmarbeit integriert.<\/p>\n<p>In diesem Workshop schauen wir auf die Scham durch die <strong>polyvagale Brille<\/strong>.<br \/>\nWir verstehen, wie Scham entsteht, welche Verhaltensweisen Menschen zeigen, die sich sch\u00e4men, und wie wir mit einfachen und niedrigschwelligen Tools schnelle Erleichterung und eine sichere Verbindung schaffen k\u00f6nnen.<\/p>\n<div class=\"gap\" style=\"line-height: 10px; height: 10px;\"><\/div>\n<h4><strong><span style=\"color: #1db8dd;\">Du lernst:<\/span><\/strong><\/h4>\n<p>\u2714 <strong>Scham verstehen:<\/strong> Warum tritt sie auf und wie will sie mir helfen?<br \/>\n\u2714 <strong>Welche Rolle das Nervensystem dabei spielt:<\/strong> Einf\u00fchrung in die Polyvagaltheorie und neurophysiologische Prozesse<br \/>\n\u2714 <strong>Wie du Scham erkennst:<\/strong> So zeigt sich der Zustand des Nervensystems in Stimme, Verhalten, Mimik, Gestik, Hautfarbe etc.<br \/>\n\u2714 <strong>Niedrigschwellige Tools aus der Polyvagal Theorie:<\/strong> F\u00fcr mehr Sicherheit, mehr Verbindung und Integration von Scham<br \/>\n\u2714 <strong>Wie du Menschen sicher begleitest:<\/strong> Ohne zu \u00fcbergehen oder emotional zu \u00fcberfordern<\/p>\n<div class=\"gap\" style=\"line-height: 10px; height: 10px;\"><\/div>\n<h4 style=\"color: #1db8dd;\"><strong>Material:<\/strong><\/h4>\n<p>Ein original LAX VOX\u00ae-Schlauch und ein Gef\u00e4\u00df mit Wasser, Papier und bunte Stifte<\/p>\n<div class=\"gap\" style=\"line-height: 10px; height: 10px;\"><\/div>\n<h4 style=\"color: #1db8dd;\"><strong>Zielgruppe:<\/strong><\/h4>\n<p>F\u00fcr Vocal Coaches und Stimmtherapeut*innen<br \/>\nNat\u00fcrlich kannst du auch teilnehmen, wenn du deine Scham besser verstehen m\u00f6chtest<\/p>\n<div class=\"gap\" style=\"line-height: 10px; height: 10px;\"><\/div>\n<h4 style=\"color: #1db8dd;\"><strong>Deine Dozentin:<\/strong><\/h4>\n<p><strong><img decoding=\"async\" class=\"alignleft wp-image-49711\" src=\"https:\/\/laxvox-institute.eu\/wp-content\/uploads\/2025\/07\/Stephanie_Kruse-LVI-Dozentin-300x300.webp\" alt=\"Stephanie A. Kruse\" width=\"100\" height=\"100\" srcset=\"https:\/\/laxvox-institute.eu\/wp-content\/uploads\/2025\/07\/Stephanie_Kruse-LVI-Dozentin-300x300.webp 300w, https:\/\/laxvox-institute.eu\/wp-content\/uploads\/2025\/07\/Stephanie_Kruse-LVI-Dozentin-150x150.webp 150w, https:\/\/laxvox-institute.eu\/wp-content\/uploads\/2025\/07\/Stephanie_Kruse-LVI-Dozentin-500x500.webp 500w, https:\/\/laxvox-institute.eu\/wp-content\/uploads\/2025\/07\/Stephanie_Kruse-LVI-Dozentin-157x157.webp 157w, https:\/\/laxvox-institute.eu\/wp-content\/uploads\/2025\/07\/Stephanie_Kruse-LVI-Dozentin-200x200.webp 200w, https:\/\/laxvox-institute.eu\/wp-content\/uploads\/2025\/07\/Stephanie_Kruse-LVI-Dozentin-400x400.webp 400w, https:\/\/laxvox-institute.eu\/wp-content\/uploads\/2025\/07\/Stephanie_Kruse-LVI-Dozentin.webp 531w\" sizes=\"(max-width: 100px) 100vw, 100px\" \/>Stephanie A. Kruse<\/strong> ist Stimmtherapeutin, S\u00e4ngerin, Vocal Coach, Estill Voice Master Trainerin seit 2014, arbeitet seit polyvagal informiert und ist die Gr\u00fcnderin und Inhaberin des LAX VOX\u00ae Institutes. Seit \u00fcber 20 Jahren bildet sie Menschen im Bereich Stimme aus \u2013 mit Herz, Humor und jeder Menge Fachwissen.<\/p>\n<div class=\"gap\" style=\"line-height: 10px; height: 10px;\"><\/div>\n<h4 style=\"color: #1db8dd;\"><strong>\u00dcberblick:<\/strong><\/h4>\n<p><strong>\u2713 2,5 Fortbildungspunkte<\/strong><br \/>\n<strong>\u2713 Zoom live \u2013 keine Aufzeichnung<\/strong><br \/>\n<strong>\u2713 Link &amp; Skript nach Zahlungseingang im Kundenkonto<\/strong><br \/>\n<strong>\u2713 Teilnahme per PC\/Laptop empfohlen<\/strong><br \/>\n<strong>\u2713 Kamera an &amp; Klarname erforderlich<\/strong><\/p>\n","protected":false},"excerpt":{"rendered":"<div class=\"icon-text-block\"><i class=\"fa fa-calendar\"><\/i>Freitag, 17.10.2025<\/div>\n<div class=\"icon-text-block\"><i class=\"fa fa-clock-o\"><\/i>10:00\u201314:00 Uhr<\/div>\n<div class=\"icon-text-block\"><i class=\"fa fa-user-o\"><\/i>Stephanie A. Kruse<\/div>\n<div class=\"icon-text-block\"><i class=\"fa fa-certificate\"><\/i>2,5 Fortbildungspunkte<\/div>\n<div class=\"icon-text-block\"><i class=\"fa fa-laptop\"><\/i>Online via Zoom<\/div>\n","protected":false},"featured_media":49859,"template":"","meta":[],"product_brand":[],"product_cat":[247,752,767],"product_tag":[],"class_list":{"0":"post-49856","1":"product","2":"type-product","3":"status-publish","4":"has-post-thumbnail","6":"product_cat-lax-vox-voice-therapy","7":"product_cat-lax-vox-intense","8":"product_cat-lv-in-der-logopaedie","9":"description-off","11":"first","12":"instock","13":"virtual","14":"sold-individually","15":"purchasable","16":"product-type-simple"},"bundled_by":[],"bundle_stock_status":"instock","bundle_stock_quantity":null,"bundle_virtual":false,"bundle_layout":"","bundle_add_to_cart_form_location":"","bundle_editable_in_cart":false,"bundle_sold_individually_context":"","bundle_item_grouping":"","bundle_min_size":"","bundle_max_size":"","bundle_price":[],"bundled_items":[],"bundle_sell_ids":[],"yoast_head":"<!-- This site is optimized with the Yoast SEO plugin v27.4 - https:\/\/yoast.com\/product\/yoast-seo-wordpress\/ -->\n<title>Stimme &amp; Scham - Ein Blick durch die polyvagale Brille<\/title>\n<meta name=\"description\" content=\"Lerne, wie du Scham in der Stimmtherapie erkennst, verstehst und mit Tools aus der Polyvagaltheorie sicher und wirksam begleitest.\" \/>\n<meta name=\"robots\" content=\"index, follow, max-snippet:-1, max-image-preview:large, max-video-preview:-1\" \/>\n<link rel=\"canonical\" href=\"https:\/\/laxvox-institute.eu\/en\/product\/stimme-scham-ein-blick-durch-die-polyvagale-brille\/\" \/>\n<meta property=\"og:locale\" content=\"en_US\" \/>\n<meta property=\"og:type\" content=\"article\" \/>\n<meta property=\"og:title\" content=\"Stimme &amp; Scham - Ein Blick durch die polyvagale Brille\" \/>\n<meta property=\"og:description\" content=\"Lerne, wie du Scham in der Stimmtherapie erkennst, verstehst und mit Tools aus der Polyvagaltheorie sicher und wirksam begleitest.\" \/>\n<meta property=\"og:url\" content=\"https:\/\/laxvox-institute.eu\/en\/product\/stimme-scham-ein-blick-durch-die-polyvagale-brille\/\" \/>\n<meta property=\"og:site_name\" content=\"LAX VOX\u00ae Institute by Stephanie A. Kruse\" \/>\n<meta property=\"article:modified_time\" content=\"2025-07-22T11:19:56+00:00\" \/>\n<meta property=\"og:image\" content=\"https:\/\/laxvox-institute.eu\/wp-content\/uploads\/2025\/07\/Design-ohne-Titel-2.webp\" \/>\n\t<meta property=\"og:image:width\" content=\"1656\" \/>\n\t<meta property=\"og:image:height\" content=\"1704\" \/>\n\t<meta property=\"og:image:type\" content=\"image\/webp\" \/>\n<meta name=\"twitter:card\" content=\"summary_large_image\" \/>\n<meta name=\"twitter:label1\" content=\"Est. reading time\" \/>\n\t<meta name=\"twitter:data1\" content=\"3 minutes\" \/>\n<script type=\"application\/ld+json\" class=\"yoast-schema-graph\">{\"@context\":\"https:\\\/\\\/schema.org\",\"@graph\":[{\"@type\":\"WebPage\",\"@id\":\"https:\\\/\\\/laxvox-institute.eu\\\/en\\\/product\\\/stimme-scham-ein-blick-durch-die-polyvagale-brille\\\/\",\"url\":\"https:\\\/\\\/laxvox-institute.eu\\\/en\\\/product\\\/stimme-scham-ein-blick-durch-die-polyvagale-brille\\\/\",\"name\":\"Stimme & Scham - Ein Blick durch die polyvagale Brille\",\"isPartOf\":{\"@id\":\"https:\\\/\\\/laxvox-institute.eu\\\/en\\\/#website\"},\"primaryImageOfPage\":{\"@id\":\"https:\\\/\\\/laxvox-institute.eu\\\/en\\\/product\\\/stimme-scham-ein-blick-durch-die-polyvagale-brille\\\/#primaryimage\"},\"image\":{\"@id\":\"https:\\\/\\\/laxvox-institute.eu\\\/en\\\/product\\\/stimme-scham-ein-blick-durch-die-polyvagale-brille\\\/#primaryimage\"},\"thumbnailUrl\":\"https:\\\/\\\/laxvox-institute.eu\\\/wp-content\\\/uploads\\\/2025\\\/07\\\/Design-ohne-Titel-2.webp\",\"datePublished\":\"2025-07-22T08:08:23+00:00\",\"dateModified\":\"2025-07-22T11:19:56+00:00\",\"description\":\"Lerne, wie du Scham in der Stimmtherapie erkennst, verstehst und mit Tools aus der Polyvagaltheorie sicher und wirksam begleitest.\",\"breadcrumb\":{\"@id\":\"https:\\\/\\\/laxvox-institute.eu\\\/en\\\/product\\\/stimme-scham-ein-blick-durch-die-polyvagale-brille\\\/#breadcrumb\"},\"inLanguage\":\"en-US\",\"potentialAction\":[{\"@type\":\"ReadAction\",\"target\":[\"https:\\\/\\\/laxvox-institute.eu\\\/en\\\/product\\\/stimme-scham-ein-blick-durch-die-polyvagale-brille\\\/\"]}]},{\"@type\":\"ImageObject\",\"inLanguage\":\"en-US\",\"@id\":\"https:\\\/\\\/laxvox-institute.eu\\\/en\\\/product\\\/stimme-scham-ein-blick-durch-die-polyvagale-brille\\\/#primaryimage\",\"url\":\"https:\\\/\\\/laxvox-institute.eu\\\/wp-content\\\/uploads\\\/2025\\\/07\\\/Design-ohne-Titel-2.webp\",\"contentUrl\":\"https:\\\/\\\/laxvox-institute.eu\\\/wp-content\\\/uploads\\\/2025\\\/07\\\/Design-ohne-Titel-2.webp\",\"width\":1656,\"height\":1704},{\"@type\":\"BreadcrumbList\",\"@id\":\"https:\\\/\\\/laxvox-institute.eu\\\/en\\\/product\\\/stimme-scham-ein-blick-durch-die-polyvagale-brille\\\/#breadcrumb\",\"itemListElement\":[{\"@type\":\"ListItem\",\"position\":1,\"name\":\"Startseite\",\"item\":\"https:\\\/\\\/laxvox-institute.eu\\\/en\\\/\"},{\"@type\":\"ListItem\",\"position\":2,\"name\":\"Shop\",\"item\":\"https:\\\/\\\/laxvox-institute.eu\\\/en\\\/produkt-archiv\\\/\"},{\"@type\":\"ListItem\",\"position\":3,\"name\":\"Stimme &#038; Scham &#8211; Ein Blick durch die polyvagale Brille\"}]},{\"@type\":\"WebSite\",\"@id\":\"https:\\\/\\\/laxvox-institute.eu\\\/en\\\/#website\",\"url\":\"https:\\\/\\\/laxvox-institute.eu\\\/en\\\/\",\"name\":\"LAX VOX\u00ae Institute by Stephanie A. Kruse\",\"description\":\"Wissen, das hilft! Lerne alles \u00fcber Stimme!\",\"publisher\":{\"@id\":\"https:\\\/\\\/laxvox-institute.eu\\\/en\\\/#organization\"},\"potentialAction\":[{\"@type\":\"SearchAction\",\"target\":{\"@type\":\"EntryPoint\",\"urlTemplate\":\"https:\\\/\\\/laxvox-institute.eu\\\/en\\\/?s={search_term_string}\"},\"query-input\":{\"@type\":\"PropertyValueSpecification\",\"valueRequired\":true,\"valueName\":\"search_term_string\"}}],\"inLanguage\":\"en-US\"},{\"@type\":\"Organization\",\"@id\":\"https:\\\/\\\/laxvox-institute.eu\\\/en\\\/#organization\",\"name\":\"LAX VOX\u00ae Institute by Stephanie A. Kruse\",\"url\":\"https:\\\/\\\/laxvox-institute.eu\\\/en\\\/\",\"logo\":{\"@type\":\"ImageObject\",\"inLanguage\":\"en-US\",\"@id\":\"https:\\\/\\\/laxvox-institute.eu\\\/en\\\/#\\\/schema\\\/logo\\\/image\\\/\",\"url\":\"https:\\\/\\\/laxvox-institute.eu\\\/wp-content\\\/uploads\\\/2021\\\/01\\\/LANDINGPAGE_200px_INSTITUTE.webp\",\"contentUrl\":\"https:\\\/\\\/laxvox-institute.eu\\\/wp-content\\\/uploads\\\/2021\\\/01\\\/LANDINGPAGE_200px_INSTITUTE.webp\",\"width\":200,\"height\":65,\"caption\":\"LAX VOX\u00ae Institute by Stephanie A. Kruse\"},\"image\":{\"@id\":\"https:\\\/\\\/laxvox-institute.eu\\\/en\\\/#\\\/schema\\\/logo\\\/image\\\/\"},\"sameAs\":[\"https:\\\/\\\/www.instagram.com\\\/laxvox_official\\\/\"]}]}<\/script>\n<!-- \/ Yoast SEO plugin. -->","yoast_head_json":{"title":"Stimme & Scham - Ein Blick durch die polyvagale Brille","description":"Lerne, wie du Scham in der Stimmtherapie erkennst, verstehst und mit Tools aus der Polyvagaltheorie sicher und wirksam begleitest.","robots":{"index":"index","follow":"follow","max-snippet":"max-snippet:-1","max-image-preview":"max-image-preview:large","max-video-preview":"max-video-preview:-1"},"canonical":"https:\/\/laxvox-institute.eu\/en\/product\/stimme-scham-ein-blick-durch-die-polyvagale-brille\/","og_locale":"en_US","og_type":"article","og_title":"Stimme & Scham - Ein Blick durch die polyvagale Brille","og_description":"Lerne, wie du Scham in der Stimmtherapie erkennst, verstehst und mit Tools aus der Polyvagaltheorie sicher und wirksam begleitest.","og_url":"https:\/\/laxvox-institute.eu\/en\/product\/stimme-scham-ein-blick-durch-die-polyvagale-brille\/","og_site_name":"LAX VOX\u00ae Institute by Stephanie A. Kruse","article_modified_time":"2025-07-22T11:19:56+00:00","og_image":[{"width":1656,"height":1704,"url":"https:\/\/laxvox-institute.eu\/wp-content\/uploads\/2025\/07\/Design-ohne-Titel-2.webp","type":"image\/webp"}],"twitter_card":"summary_large_image","twitter_misc":{"Est. reading time":"3 minutes"},"schema":{"@context":"https:\/\/schema.org","@graph":[{"@type":"WebPage","@id":"https:\/\/laxvox-institute.eu\/en\/product\/stimme-scham-ein-blick-durch-die-polyvagale-brille\/","url":"https:\/\/laxvox-institute.eu\/en\/product\/stimme-scham-ein-blick-durch-die-polyvagale-brille\/","name":"Stimme & Scham - Ein Blick durch die polyvagale Brille","isPartOf":{"@id":"https:\/\/laxvox-institute.eu\/en\/#website"},"primaryImageOfPage":{"@id":"https:\/\/laxvox-institute.eu\/en\/product\/stimme-scham-ein-blick-durch-die-polyvagale-brille\/#primaryimage"},"image":{"@id":"https:\/\/laxvox-institute.eu\/en\/product\/stimme-scham-ein-blick-durch-die-polyvagale-brille\/#primaryimage"},"thumbnailUrl":"https:\/\/laxvox-institute.eu\/wp-content\/uploads\/2025\/07\/Design-ohne-Titel-2.webp","datePublished":"2025-07-22T08:08:23+00:00","dateModified":"2025-07-22T11:19:56+00:00","description":"Lerne, wie du Scham in der Stimmtherapie erkennst, verstehst und mit Tools aus der Polyvagaltheorie sicher und wirksam begleitest.","breadcrumb":{"@id":"https:\/\/laxvox-institute.eu\/en\/product\/stimme-scham-ein-blick-durch-die-polyvagale-brille\/#breadcrumb"},"inLanguage":"en-US","potentialAction":[{"@type":"ReadAction","target":["https:\/\/laxvox-institute.eu\/en\/product\/stimme-scham-ein-blick-durch-die-polyvagale-brille\/"]}]},{"@type":"ImageObject","inLanguage":"en-US","@id":"https:\/\/laxvox-institute.eu\/en\/product\/stimme-scham-ein-blick-durch-die-polyvagale-brille\/#primaryimage","url":"https:\/\/laxvox-institute.eu\/wp-content\/uploads\/2025\/07\/Design-ohne-Titel-2.webp","contentUrl":"https:\/\/laxvox-institute.eu\/wp-content\/uploads\/2025\/07\/Design-ohne-Titel-2.webp","width":1656,"height":1704},{"@type":"BreadcrumbList","@id":"https:\/\/laxvox-institute.eu\/en\/product\/stimme-scham-ein-blick-durch-die-polyvagale-brille\/#breadcrumb","itemListElement":[{"@type":"ListItem","position":1,"name":"Startseite","item":"https:\/\/laxvox-institute.eu\/en\/"},{"@type":"ListItem","position":2,"name":"Shop","item":"https:\/\/laxvox-institute.eu\/en\/produkt-archiv\/"},{"@type":"ListItem","position":3,"name":"Stimme &#038; Scham &#8211; Ein Blick durch die polyvagale Brille"}]},{"@type":"WebSite","@id":"https:\/\/laxvox-institute.eu\/en\/#website","url":"https:\/\/laxvox-institute.eu\/en\/","name":"LAX VOX\u00ae Institute by Stephanie A. Kruse","description":"Wissen, das hilft! Lerne alles \u00fcber Stimme!","publisher":{"@id":"https:\/\/laxvox-institute.eu\/en\/#organization"},"potentialAction":[{"@type":"SearchAction","target":{"@type":"EntryPoint","urlTemplate":"https:\/\/laxvox-institute.eu\/en\/?s={search_term_string}"},"query-input":{"@type":"PropertyValueSpecification","valueRequired":true,"valueName":"search_term_string"}}],"inLanguage":"en-US"},{"@type":"Organization","@id":"https:\/\/laxvox-institute.eu\/en\/#organization","name":"LAX VOX\u00ae Institute by Stephanie A. Kruse","url":"https:\/\/laxvox-institute.eu\/en\/","logo":{"@type":"ImageObject","inLanguage":"en-US","@id":"https:\/\/laxvox-institute.eu\/en\/#\/schema\/logo\/image\/","url":"https:\/\/laxvox-institute.eu\/wp-content\/uploads\/2021\/01\/LANDINGPAGE_200px_INSTITUTE.webp","contentUrl":"https:\/\/laxvox-institute.eu\/wp-content\/uploads\/2021\/01\/LANDINGPAGE_200px_INSTITUTE.webp","width":200,"height":65,"caption":"LAX VOX\u00ae Institute by Stephanie A. Kruse"},"image":{"@id":"https:\/\/laxvox-institute.eu\/en\/#\/schema\/logo\/image\/"},"sameAs":["https:\/\/www.instagram.com\/laxvox_official\/"]}]}},"_links":{"self":[{"href":"https:\/\/laxvox-institute.eu\/en\/wp-json\/wp\/v2\/product\/49856","targetHints":{"allow":["GET"]}}],"collection":[{"href":"https:\/\/laxvox-institute.eu\/en\/wp-json\/wp\/v2\/product"}],"about":[{"href":"https:\/\/laxvox-institute.eu\/en\/wp-json\/wp\/v2\/types\/product"}],"wp:featuredmedia":[{"embeddable":true,"href":"https:\/\/laxvox-institute.eu\/en\/wp-json\/wp\/v2\/media\/49859"}],"wp:attachment":[{"href":"https:\/\/laxvox-institute.eu\/en\/wp-json\/wp\/v2\/media?parent=49856"}],"wp:term":[{"taxonomy":"product_brand","embeddable":true,"href":"https:\/\/laxvox-institute.eu\/en\/wp-json\/wp\/v2\/product_brand?post=49856"},{"taxonomy":"product_cat","embeddable":true,"href":"https:\/\/laxvox-institute.eu\/en\/wp-json\/wp\/v2\/product_cat?post=49856"},{"taxonomy":"product_tag","embeddable":true,"href":"https:\/\/laxvox-institute.eu\/en\/wp-json\/wp\/v2\/product_tag?post=49856"}],"curies":[{"name":"wp","href":"https:\/\/api.w.org\/{rel}","templated":true}]}}