{"id":50110,"date":"2025-07-24T20:56:15","date_gmt":"2025-07-24T18:56:15","guid":{"rendered":"https:\/\/laxvox-institute.eu\/?post_type=product&#038;p=50110"},"modified":"2025-07-24T21:19:46","modified_gmt":"2025-07-24T19:19:46","slug":"calm-down-uebung-fuer-vagus-stimme","status":"publish","type":"product","link":"https:\/\/laxvox-institute.eu\/en\/product\/calm-down-uebung-fuer-vagus-stimme\/","title":{"rendered":"Calm down \u2013 \u00dcbung f\u00fcr Vagus &#038; Stimme"},"content":{"rendered":"<h3><span style=\"color: #1db8dd;\"><strong>Regenerieren, entspannen und stimmlich loslassen<\/strong><\/span><\/h3>\n<h3><span style=\"color: #1db8dd;\">Ein Abend zum Runterkommen \u2013 mit und ohne LAX VOX\u00ae<\/span><\/h3>\n<p>Du bist oft angespannt, ersch\u00f6pft oder deine Stimme f\u00fchlt sich m\u00fcde an?<br \/>\nDann ist dieser Workshop deine Einladung zum Innehalten und Regenerieren \u2013 ganz ohne Leistungsdruck.<\/p>\n<p>Mit gezielten \u00dcbungen f\u00fcr K\u00f6rper, Stimme und Nervensystem findest du zur\u00fcck in deine Mitte. Gemeinsam aktivierst du den Nervus Vagus, st\u00e4rkst deine stimmliche Pr\u00e4senz und g\u00f6nnst dir bewusste Auszeit.<\/p>\n<p><strong>Tiefe Entspannung. Sp\u00fcrbare Wirkung. Zeit f\u00fcr dich.<\/strong><\/p>\n<div class=\"gap\" style=\"line-height: 10px; height: 10px;\"><\/div>\n<h4><strong><span style=\"color: #1db8dd;\">Du lernst<\/span><\/strong><\/h4>\n<ul>\n<li><strong>Calm Down mit LAX VOX\u00ae:<\/strong> \u00dcbungen zur Stimulation des Nervus Vagus<\/li>\n<li><strong>Regeneration f\u00fcr K\u00f6rper &amp; Stimme:<\/strong> Effektive Atem- und Stimm\u00fcbungen<\/li>\n<li><strong>Mit Leichtigkeit entspannen:<\/strong> Ohne Druck, ohne M\u00fcssen<\/li>\n<li><strong>Stille &amp; Bewegung:<\/strong> F\u00fcr innere Ruhe und stimmliche Balance<\/li>\n<li><strong>Alltagstaugliche Impulse:<\/strong> F\u00fcr deine pers\u00f6nliche Stimmhygiene<\/li>\n<\/ul>\n<p><strong>Ein Abend voller Pr\u00e4senz, Ruhe und Selbstf\u00fcrsorge.<\/strong><\/p>\n<div class=\"gap\" style=\"line-height: 10px; height: 10px;\"><\/div>\n<h4 style=\"color: #1db8dd;\"><strong>Material:<\/strong><\/h4>\n<p>Du brauchst einen originalen LAX VOX\u00ae-Schlauch und eine 0,5-l-Flasche mit Wasser.<\/p>\n<div class=\"gap\" style=\"line-height: 10px; height: 10px;\"><\/div>\n<h4 style=\"color: #1db8dd;\"><strong>Zielgruppe:<\/strong><\/h4>\n<p>F\u00fcr alle\u2013 ganz ohne Vorkenntnisse.<\/p>\n<div class=\"gap\" style=\"line-height: 10px; height: 10px;\"><\/div>\n<h4 style=\"color: #1db8dd;\"><strong>Deine Dozentin:<\/strong><\/h4>\n<p><strong><img decoding=\"async\" class=\"alignleft wp-image-49711\" src=\"https:\/\/laxvox-institute.eu\/wp-content\/uploads\/2025\/07\/Stephanie_Kruse-LVI-Dozentin-300x300.webp\" alt=\"\" width=\"100\" height=\"100\" srcset=\"https:\/\/laxvox-institute.eu\/wp-content\/uploads\/2025\/07\/Stephanie_Kruse-LVI-Dozentin-300x300.webp 300w, https:\/\/laxvox-institute.eu\/wp-content\/uploads\/2025\/07\/Stephanie_Kruse-LVI-Dozentin-150x150.webp 150w, https:\/\/laxvox-institute.eu\/wp-content\/uploads\/2025\/07\/Stephanie_Kruse-LVI-Dozentin-500x500.webp 500w, https:\/\/laxvox-institute.eu\/wp-content\/uploads\/2025\/07\/Stephanie_Kruse-LVI-Dozentin-157x157.webp 157w, https:\/\/laxvox-institute.eu\/wp-content\/uploads\/2025\/07\/Stephanie_Kruse-LVI-Dozentin-200x200.webp 200w, https:\/\/laxvox-institute.eu\/wp-content\/uploads\/2025\/07\/Stephanie_Kruse-LVI-Dozentin-400x400.webp 400w, https:\/\/laxvox-institute.eu\/wp-content\/uploads\/2025\/07\/Stephanie_Kruse-LVI-Dozentin.webp 531w\" sizes=\"(max-width: 100px) 100vw, 100px\" \/>Stephanie A. Kruse<\/strong><br \/>\nist Stimmtherapeutin, S\u00e4ngerin, Vocal Coach und Dozentin. Sie ist die Gr\u00fcnderin und Inhaberin des LAX VOX\u00ae Institutes.<br \/>\nMit ihrer ruhigen, achtsamen Art begleitet sie dich durch 90 Minuten der bewussten Regeneration.<\/p>\n<p>&nbsp;<\/p>\n<p>&nbsp;<\/p>\n<h4 style=\"color: #1db8dd;\"><strong>\u00dcberblick:<\/strong><\/h4>\n<p><strong>\u2713 1 Fortbildungspunkt<\/strong><br \/>\n<strong>\u2713 Zoom live, keine Aufzeichnung<\/strong><br \/>\n<strong>\u2713 Link &amp; Skript nach Zahlungseingang im Kundenkonto<\/strong><br \/>\n<strong>\u2713 Teilnahme per PC\/Laptop empfohlen<\/strong><br \/>\n<strong>\u2713 Kamera an &amp; Klarname erforderlich<\/strong><\/p>\n","protected":false},"excerpt":{"rendered":"<p><strong>INTENSE Kurzworkshop:<\/strong><br \/>\n<strong>NEU:<\/strong> Jetzt 2 Stunden &amp; inkl. Handout<\/p>\n<div class=\"icon-text-block\"><i class=\"fa fa-calendar\"><\/i>Dienstag, 25.11.2025<\/div>\n<div class=\"icon-text-block\"><i class=\"fa fa-clock-o\"><\/i>18:00\u201320:00 Uhr<\/div>\n<div class=\"icon-text-block\"><i class=\"fa fa-user-o\"><\/i>Stephanie A. Kruse<\/div>\n<div class=\"icon-text-block\"><i class=\"fa fa-certificate\"><\/i>1 Fortbildungspunkt<\/div>\n<div class=\"icon-text-block\"><i class=\"fa fa-laptop\"><\/i>Online via Zoom<\/div>\n","protected":false},"featured_media":50112,"template":"","meta":[],"product_brand":[],"product_cat":[944,247,752,767],"product_tag":[],"class_list":{"0":"post-50110","1":"product","2":"type-product","3":"status-publish","4":"has-post-thumbnail","6":"product_cat-fuer-deine-stimme","7":"product_cat-lax-vox-voice-therapy","8":"product_cat-lax-vox-intense","9":"product_cat-lv-in-der-logopaedie","10":"description-off","12":"first","13":"instock","14":"virtual","15":"sold-individually","16":"purchasable","17":"product-type-simple"},"bundled_by":[],"bundle_stock_status":"instock","bundle_stock_quantity":null,"bundle_virtual":false,"bundle_layout":"","bundle_add_to_cart_form_location":"","bundle_editable_in_cart":false,"bundle_sold_individually_context":"","bundle_item_grouping":"","bundle_min_size":"","bundle_max_size":"","bundle_price":[],"bundled_items":[],"bundle_sell_ids":[],"yoast_head":"<!-- This site is optimized with the Yoast SEO plugin v27.4 - https:\/\/yoast.com\/product\/yoast-seo-wordpress\/ -->\n<title>Calm down \u2013 \u00dcbung f\u00fcr Vagus &amp; Stimme<\/title>\n<meta name=\"description\" content=\"G\u00f6nn dir Entspannung f\u00fcr K\u00f6rper und Stimme mit gezielten LAX VOX\u00ae-\u00dcbungen zur Aktivierung des Nervus Vagus \u2013 live, online und ohne Vorkenntnisse.\" \/>\n<meta name=\"robots\" content=\"index, follow, max-snippet:-1, max-image-preview:large, max-video-preview:-1\" \/>\n<link rel=\"canonical\" href=\"https:\/\/laxvox-institute.eu\/en\/product\/calm-down-uebung-fuer-vagus-stimme\/\" \/>\n<meta property=\"og:locale\" content=\"en_US\" \/>\n<meta property=\"og:type\" content=\"article\" \/>\n<meta property=\"og:title\" content=\"Calm down \u2013 \u00dcbung f\u00fcr Vagus &amp; Stimme\" \/>\n<meta property=\"og:description\" content=\"G\u00f6nn dir Entspannung f\u00fcr K\u00f6rper und Stimme mit gezielten LAX VOX\u00ae-\u00dcbungen zur Aktivierung des Nervus Vagus \u2013 live, online und ohne Vorkenntnisse.\" \/>\n<meta property=\"og:url\" content=\"https:\/\/laxvox-institute.eu\/en\/product\/calm-down-uebung-fuer-vagus-stimme\/\" \/>\n<meta property=\"og:site_name\" content=\"LAX VOX\u00ae Institute by Stephanie A. Kruse\" \/>\n<meta property=\"article:modified_time\" content=\"2025-07-24T19:19:46+00:00\" \/>\n<meta property=\"og:image\" content=\"https:\/\/laxvox-institute.eu\/wp-content\/uploads\/2025\/07\/INTENSE-TICKET-SEPTEMBER-2025-4.webp\" \/>\n\t<meta property=\"og:image:width\" content=\"1000\" \/>\n\t<meta property=\"og:image:height\" content=\"1000\" \/>\n\t<meta property=\"og:image:type\" content=\"image\/webp\" \/>\n<meta name=\"twitter:card\" content=\"summary_large_image\" \/>\n<meta name=\"twitter:label1\" content=\"Est. reading time\" \/>\n\t<meta name=\"twitter:data1\" content=\"2 minutes\" \/>\n<script type=\"application\/ld+json\" class=\"yoast-schema-graph\">{\"@context\":\"https:\\\/\\\/schema.org\",\"@graph\":[{\"@type\":\"WebPage\",\"@id\":\"https:\\\/\\\/laxvox-institute.eu\\\/en\\\/product\\\/calm-down-uebung-fuer-vagus-stimme\\\/\",\"url\":\"https:\\\/\\\/laxvox-institute.eu\\\/en\\\/product\\\/calm-down-uebung-fuer-vagus-stimme\\\/\",\"name\":\"Calm down \u2013 \u00dcbung f\u00fcr Vagus & Stimme\",\"isPartOf\":{\"@id\":\"https:\\\/\\\/laxvox-institute.eu\\\/en\\\/#website\"},\"primaryImageOfPage\":{\"@id\":\"https:\\\/\\\/laxvox-institute.eu\\\/en\\\/product\\\/calm-down-uebung-fuer-vagus-stimme\\\/#primaryimage\"},\"image\":{\"@id\":\"https:\\\/\\\/laxvox-institute.eu\\\/en\\\/product\\\/calm-down-uebung-fuer-vagus-stimme\\\/#primaryimage\"},\"thumbnailUrl\":\"https:\\\/\\\/laxvox-institute.eu\\\/wp-content\\\/uploads\\\/2025\\\/07\\\/INTENSE-TICKET-SEPTEMBER-2025-4.webp\",\"datePublished\":\"2025-07-24T18:56:15+00:00\",\"dateModified\":\"2025-07-24T19:19:46+00:00\",\"description\":\"G\u00f6nn dir Entspannung f\u00fcr K\u00f6rper und Stimme mit gezielten LAX VOX\u00ae-\u00dcbungen zur Aktivierung des Nervus Vagus \u2013 live, online und ohne Vorkenntnisse.\",\"breadcrumb\":{\"@id\":\"https:\\\/\\\/laxvox-institute.eu\\\/en\\\/product\\\/calm-down-uebung-fuer-vagus-stimme\\\/#breadcrumb\"},\"inLanguage\":\"en-US\",\"potentialAction\":[{\"@type\":\"ReadAction\",\"target\":[\"https:\\\/\\\/laxvox-institute.eu\\\/en\\\/product\\\/calm-down-uebung-fuer-vagus-stimme\\\/\"]}]},{\"@type\":\"ImageObject\",\"inLanguage\":\"en-US\",\"@id\":\"https:\\\/\\\/laxvox-institute.eu\\\/en\\\/product\\\/calm-down-uebung-fuer-vagus-stimme\\\/#primaryimage\",\"url\":\"https:\\\/\\\/laxvox-institute.eu\\\/wp-content\\\/uploads\\\/2025\\\/07\\\/INTENSE-TICKET-SEPTEMBER-2025-4.webp\",\"contentUrl\":\"https:\\\/\\\/laxvox-institute.eu\\\/wp-content\\\/uploads\\\/2025\\\/07\\\/INTENSE-TICKET-SEPTEMBER-2025-4.webp\",\"width\":1000,\"height\":1000},{\"@type\":\"BreadcrumbList\",\"@id\":\"https:\\\/\\\/laxvox-institute.eu\\\/en\\\/product\\\/calm-down-uebung-fuer-vagus-stimme\\\/#breadcrumb\",\"itemListElement\":[{\"@type\":\"ListItem\",\"position\":1,\"name\":\"Startseite\",\"item\":\"https:\\\/\\\/laxvox-institute.eu\\\/en\\\/\"},{\"@type\":\"ListItem\",\"position\":2,\"name\":\"Shop\",\"item\":\"https:\\\/\\\/laxvox-institute.eu\\\/en\\\/produkt-archiv\\\/\"},{\"@type\":\"ListItem\",\"position\":3,\"name\":\"Calm down \u2013 \u00dcbung f\u00fcr Vagus &#038; Stimme\"}]},{\"@type\":\"WebSite\",\"@id\":\"https:\\\/\\\/laxvox-institute.eu\\\/en\\\/#website\",\"url\":\"https:\\\/\\\/laxvox-institute.eu\\\/en\\\/\",\"name\":\"LAX VOX\u00ae Institute by Stephanie A. Kruse\",\"description\":\"Wissen, das hilft! Lerne alles \u00fcber Stimme!\",\"publisher\":{\"@id\":\"https:\\\/\\\/laxvox-institute.eu\\\/en\\\/#organization\"},\"potentialAction\":[{\"@type\":\"SearchAction\",\"target\":{\"@type\":\"EntryPoint\",\"urlTemplate\":\"https:\\\/\\\/laxvox-institute.eu\\\/en\\\/?s={search_term_string}\"},\"query-input\":{\"@type\":\"PropertyValueSpecification\",\"valueRequired\":true,\"valueName\":\"search_term_string\"}}],\"inLanguage\":\"en-US\"},{\"@type\":\"Organization\",\"@id\":\"https:\\\/\\\/laxvox-institute.eu\\\/en\\\/#organization\",\"name\":\"LAX VOX\u00ae Institute by Stephanie A. Kruse\",\"url\":\"https:\\\/\\\/laxvox-institute.eu\\\/en\\\/\",\"logo\":{\"@type\":\"ImageObject\",\"inLanguage\":\"en-US\",\"@id\":\"https:\\\/\\\/laxvox-institute.eu\\\/en\\\/#\\\/schema\\\/logo\\\/image\\\/\",\"url\":\"https:\\\/\\\/laxvox-institute.eu\\\/wp-content\\\/uploads\\\/2021\\\/01\\\/LANDINGPAGE_200px_INSTITUTE.webp\",\"contentUrl\":\"https:\\\/\\\/laxvox-institute.eu\\\/wp-content\\\/uploads\\\/2021\\\/01\\\/LANDINGPAGE_200px_INSTITUTE.webp\",\"width\":200,\"height\":65,\"caption\":\"LAX VOX\u00ae Institute by Stephanie A. Kruse\"},\"image\":{\"@id\":\"https:\\\/\\\/laxvox-institute.eu\\\/en\\\/#\\\/schema\\\/logo\\\/image\\\/\"},\"sameAs\":[\"https:\\\/\\\/www.instagram.com\\\/laxvox_official\\\/\"]}]}<\/script>\n<!-- \/ Yoast SEO plugin. -->","yoast_head_json":{"title":"Calm down \u2013 \u00dcbung f\u00fcr Vagus & Stimme","description":"G\u00f6nn dir Entspannung f\u00fcr K\u00f6rper und Stimme mit gezielten LAX VOX\u00ae-\u00dcbungen zur Aktivierung des Nervus Vagus \u2013 live, online und ohne Vorkenntnisse.","robots":{"index":"index","follow":"follow","max-snippet":"max-snippet:-1","max-image-preview":"max-image-preview:large","max-video-preview":"max-video-preview:-1"},"canonical":"https:\/\/laxvox-institute.eu\/en\/product\/calm-down-uebung-fuer-vagus-stimme\/","og_locale":"en_US","og_type":"article","og_title":"Calm down \u2013 \u00dcbung f\u00fcr Vagus & Stimme","og_description":"G\u00f6nn dir Entspannung f\u00fcr K\u00f6rper und Stimme mit gezielten LAX VOX\u00ae-\u00dcbungen zur Aktivierung des Nervus Vagus \u2013 live, online und ohne Vorkenntnisse.","og_url":"https:\/\/laxvox-institute.eu\/en\/product\/calm-down-uebung-fuer-vagus-stimme\/","og_site_name":"LAX VOX\u00ae Institute by Stephanie A. Kruse","article_modified_time":"2025-07-24T19:19:46+00:00","og_image":[{"width":1000,"height":1000,"url":"https:\/\/laxvox-institute.eu\/wp-content\/uploads\/2025\/07\/INTENSE-TICKET-SEPTEMBER-2025-4.webp","type":"image\/webp"}],"twitter_card":"summary_large_image","twitter_misc":{"Est. reading time":"2 minutes"},"schema":{"@context":"https:\/\/schema.org","@graph":[{"@type":"WebPage","@id":"https:\/\/laxvox-institute.eu\/en\/product\/calm-down-uebung-fuer-vagus-stimme\/","url":"https:\/\/laxvox-institute.eu\/en\/product\/calm-down-uebung-fuer-vagus-stimme\/","name":"Calm down \u2013 \u00dcbung f\u00fcr Vagus & Stimme","isPartOf":{"@id":"https:\/\/laxvox-institute.eu\/en\/#website"},"primaryImageOfPage":{"@id":"https:\/\/laxvox-institute.eu\/en\/product\/calm-down-uebung-fuer-vagus-stimme\/#primaryimage"},"image":{"@id":"https:\/\/laxvox-institute.eu\/en\/product\/calm-down-uebung-fuer-vagus-stimme\/#primaryimage"},"thumbnailUrl":"https:\/\/laxvox-institute.eu\/wp-content\/uploads\/2025\/07\/INTENSE-TICKET-SEPTEMBER-2025-4.webp","datePublished":"2025-07-24T18:56:15+00:00","dateModified":"2025-07-24T19:19:46+00:00","description":"G\u00f6nn dir Entspannung f\u00fcr K\u00f6rper und Stimme mit gezielten LAX VOX\u00ae-\u00dcbungen zur Aktivierung des Nervus Vagus \u2013 live, online und ohne Vorkenntnisse.","breadcrumb":{"@id":"https:\/\/laxvox-institute.eu\/en\/product\/calm-down-uebung-fuer-vagus-stimme\/#breadcrumb"},"inLanguage":"en-US","potentialAction":[{"@type":"ReadAction","target":["https:\/\/laxvox-institute.eu\/en\/product\/calm-down-uebung-fuer-vagus-stimme\/"]}]},{"@type":"ImageObject","inLanguage":"en-US","@id":"https:\/\/laxvox-institute.eu\/en\/product\/calm-down-uebung-fuer-vagus-stimme\/#primaryimage","url":"https:\/\/laxvox-institute.eu\/wp-content\/uploads\/2025\/07\/INTENSE-TICKET-SEPTEMBER-2025-4.webp","contentUrl":"https:\/\/laxvox-institute.eu\/wp-content\/uploads\/2025\/07\/INTENSE-TICKET-SEPTEMBER-2025-4.webp","width":1000,"height":1000},{"@type":"BreadcrumbList","@id":"https:\/\/laxvox-institute.eu\/en\/product\/calm-down-uebung-fuer-vagus-stimme\/#breadcrumb","itemListElement":[{"@type":"ListItem","position":1,"name":"Startseite","item":"https:\/\/laxvox-institute.eu\/en\/"},{"@type":"ListItem","position":2,"name":"Shop","item":"https:\/\/laxvox-institute.eu\/en\/produkt-archiv\/"},{"@type":"ListItem","position":3,"name":"Calm down \u2013 \u00dcbung f\u00fcr Vagus &#038; Stimme"}]},{"@type":"WebSite","@id":"https:\/\/laxvox-institute.eu\/en\/#website","url":"https:\/\/laxvox-institute.eu\/en\/","name":"LAX VOX\u00ae Institute by Stephanie A. Kruse","description":"Wissen, das hilft! Lerne alles \u00fcber Stimme!","publisher":{"@id":"https:\/\/laxvox-institute.eu\/en\/#organization"},"potentialAction":[{"@type":"SearchAction","target":{"@type":"EntryPoint","urlTemplate":"https:\/\/laxvox-institute.eu\/en\/?s={search_term_string}"},"query-input":{"@type":"PropertyValueSpecification","valueRequired":true,"valueName":"search_term_string"}}],"inLanguage":"en-US"},{"@type":"Organization","@id":"https:\/\/laxvox-institute.eu\/en\/#organization","name":"LAX VOX\u00ae Institute by Stephanie A. Kruse","url":"https:\/\/laxvox-institute.eu\/en\/","logo":{"@type":"ImageObject","inLanguage":"en-US","@id":"https:\/\/laxvox-institute.eu\/en\/#\/schema\/logo\/image\/","url":"https:\/\/laxvox-institute.eu\/wp-content\/uploads\/2021\/01\/LANDINGPAGE_200px_INSTITUTE.webp","contentUrl":"https:\/\/laxvox-institute.eu\/wp-content\/uploads\/2021\/01\/LANDINGPAGE_200px_INSTITUTE.webp","width":200,"height":65,"caption":"LAX VOX\u00ae Institute by Stephanie A. Kruse"},"image":{"@id":"https:\/\/laxvox-institute.eu\/en\/#\/schema\/logo\/image\/"},"sameAs":["https:\/\/www.instagram.com\/laxvox_official\/"]}]}},"_links":{"self":[{"href":"https:\/\/laxvox-institute.eu\/en\/wp-json\/wp\/v2\/product\/50110","targetHints":{"allow":["GET"]}}],"collection":[{"href":"https:\/\/laxvox-institute.eu\/en\/wp-json\/wp\/v2\/product"}],"about":[{"href":"https:\/\/laxvox-institute.eu\/en\/wp-json\/wp\/v2\/types\/product"}],"wp:featuredmedia":[{"embeddable":true,"href":"https:\/\/laxvox-institute.eu\/en\/wp-json\/wp\/v2\/media\/50112"}],"wp:attachment":[{"href":"https:\/\/laxvox-institute.eu\/en\/wp-json\/wp\/v2\/media?parent=50110"}],"wp:term":[{"taxonomy":"product_brand","embeddable":true,"href":"https:\/\/laxvox-institute.eu\/en\/wp-json\/wp\/v2\/product_brand?post=50110"},{"taxonomy":"product_cat","embeddable":true,"href":"https:\/\/laxvox-institute.eu\/en\/wp-json\/wp\/v2\/product_cat?post=50110"},{"taxonomy":"product_tag","embeddable":true,"href":"https:\/\/laxvox-institute.eu\/en\/wp-json\/wp\/v2\/product_tag?post=50110"}],"curies":[{"name":"wp","href":"https:\/\/api.w.org\/{rel}","templated":true}]}}