{"id":50154,"date":"2025-07-28T09:49:16","date_gmt":"2025-07-28T07:49:16","guid":{"rendered":"https:\/\/laxvox-institute.eu\/?post_type=product&#038;p=50154"},"modified":"2025-07-28T15:09:15","modified_gmt":"2025-07-28T13:09:15","slug":"belting-mix","status":"publish","type":"product","link":"https:\/\/laxvox-institute.eu\/en\/product\/belting-mix\/","title":{"rendered":"Belting &#038; Mixed Voice verstehen und singen"},"content":{"rendered":"<h3><strong><span style=\"color: #1db8dd;\">Belting &amp; Mixed Voice: Klangwelten verstehen und gezielt aufbauen<\/span><\/strong><\/h3>\n<div class=\"gap\" style=\"line-height: 10px; height: 10px;\"><\/div>\n<h3><span style=\"color: #1db8dd;\">&#8220;Was ist eigentlich Belting \u2013 und ist Mixed Voice ein eigenes Register?&#8221;<\/span><\/h3>\n<p>Begriffe wie <em>Belting<\/em>, <em>Mixed Voice<\/em> oder <em>Head Mix<\/em> sind in der Gesangsp\u00e4dagogik allgegenw\u00e4rtig \u2013 doch ihre Definition variiert je nach Methode. In diesem Workshop erkl\u00e4rt Toni Linke systematisch, was genau hinter diesen Begriffen steckt, wie verschiedene Gesangssysteme wie EVT und CVT Belting beschreiben \u2013 und was das f\u00fcr deine Arbeit mit S\u00e4nger*innen bedeutet.<\/p>\n<p>Du bekommst ein klares Bild davon, welche stimmlichen Klangoptionen es im oberen Register gibt, wie sich Belting und Mixed Voice voneinander abgrenzen \u2013 oder auch \u00fcberlappen \u2013 und wie du diese Kl\u00e4nge mit deinen S\u00e4nger*innen sicher, funktional und ressourcenschonend aufbauen kannst.<\/p>\n<p><strong>Fundiert. Vergleichend. Praxisnah.<\/strong><\/p>\n<div class=\"gap\" style=\"line-height: 10px; height: 10px;\"><\/div>\n<h4><strong><span style=\"color: #1db8dd;\">Du lernst:<\/span><\/strong><\/h4>\n<p><strong>\u2713 Was ist Belting? <\/strong>Begriffsbestimmung, klangliche Merkmale und physiologische Grundlagen.<br \/>\n<strong>\u2713 Wie beschreiben EVT, CVT &amp; Co. Belting? <\/strong>Systemvergleich mit Praxisbezug.<br \/>\n<strong>\u2713 Was ist Mixed Voice? <\/strong>Register, \u00dcbergang oder etwas ganz anderes?<br \/>\n<strong>\u2713 Klangvielfalt verstehen: <\/strong>Wie sich Belting &amp; Mixed Voice \u00fcberlappen \u2013 oder unterscheiden.<br \/>\n<strong>\u2713 Effizient &amp; nachhaltig singen: <\/strong>Strategien f\u00fcr Klangaufbau, Tragf\u00e4higkeit &amp; Schutz der Stimme.<\/p>\n<p><strong>Stimmarbeit, die Wissen vertieft \u2013 mit klarem Fokus auf Klang, Funktion &amp; Technik.<\/strong><\/p>\n<div class=\"gap\" style=\"line-height: 10px; height: 10px;\"><\/div>\n<h4 style=\"color: #1db8dd;\"><strong>Material:<\/strong><\/h4>\n<p>Ein original LAX VOX\u00ae-Schlauch und eine 0,5-l-Wasserflasche<\/p>\n<div class=\"gap\" style=\"line-height: 10px; height: 10px;\"><\/div>\n<h4 style=\"color: #1db8dd;\"><strong>Zielgruppe:<\/strong><\/h4>\n<p>F\u00fcr Singende, Vocal Coaches und Gesangsp\u00e4dagog*innen und an Gesang interessierte Stimmtherapeut*innen<\/p>\n<div class=\"gap\" style=\"line-height: 10px; height: 10px;\"><\/div>\n<h4 style=\"color: #1db8dd;\"><strong>Dein Dozent:<\/strong><\/h4>\n<p><strong><img decoding=\"async\" class=\"alignleft wp-image-50183\" src=\"https:\/\/laxvox-institute.eu\/wp-content\/uploads\/2025\/07\/Dozierenden-fotos-klein-3-300x300.webp\" alt=\"\" width=\"100\" height=\"100\" srcset=\"https:\/\/laxvox-institute.eu\/wp-content\/uploads\/2025\/07\/Dozierenden-fotos-klein-3-300x300.webp 300w, https:\/\/laxvox-institute.eu\/wp-content\/uploads\/2025\/07\/Dozierenden-fotos-klein-3-150x150.webp 150w, https:\/\/laxvox-institute.eu\/wp-content\/uploads\/2025\/07\/Dozierenden-fotos-klein-3-500x500.webp 500w, https:\/\/laxvox-institute.eu\/wp-content\/uploads\/2025\/07\/Dozierenden-fotos-klein-3-157x157.webp 157w, https:\/\/laxvox-institute.eu\/wp-content\/uploads\/2025\/07\/Dozierenden-fotos-klein-3-200x200.webp 200w, https:\/\/laxvox-institute.eu\/wp-content\/uploads\/2025\/07\/Dozierenden-fotos-klein-3-400x400.webp 400w, https:\/\/laxvox-institute.eu\/wp-content\/uploads\/2025\/07\/Dozierenden-fotos-klein-3.webp 576w\" sizes=\"(max-width: 100px) 100vw, 100px\" \/>Toni Linke<\/strong><br \/>\nhat an der HMT Leipzig Schulmusik mit Hauptfach Populargesang studiert und sich intensiv mit EVT und CVT weitergebildet. Er ist S\u00e4nger, Vocal Coach und Spezialist f\u00fcr moderne Gesangstechniken \u2013 auf der B\u00fchne zuhause in Jazz, Folk, Pop, Rock, Metal und Hardcore.<br \/>\nSeit 2019 unterrichtet er Gesang mit Fokus auf Klangvielfalt und Stimmeffekte. Als Dozent war er u. a. f\u00fcr den Bundesverband Deutscher Gesangsp\u00e4dagogen sowie an mehreren Musikhochschulen t\u00e4tig. Freu dich auf einen Workshop mit Tiefgang, Differenzierung und jeder Menge Praxis.<\/p>\n<p><span style=\"color: #1db8dd;\"><strong>\u00dcberblick:<\/strong><\/span><br \/>\n<strong>\u2713 2 Fortbildungspunkte<\/strong><br \/>\n<strong>\u2713 Zoom live \u2013\u00a0keine Aufzeichnung<\/strong><br \/>\n<strong>\u2713 Link &amp; Skript nach Zahlungseingang im Kundenkonto<\/strong><br \/>\n<strong>\u2713 Teilnahme per PC\/Laptop empfohlen<\/strong><br \/>\n<strong>\u2713 Kamera an &amp; Klarname erforderlich<\/strong><\/p>\n","protected":false},"excerpt":{"rendered":"<div class=\"icon-text-block\"><i class=\"fa fa-calendar\"><\/i> Sonntag, 23.11.2025<\/div>\n<div class=\"icon-text-block\"><i class=\"fa fa-clock-o\"><\/i> 10.00\u201315:00 Uhr<\/div>\n<div class=\"icon-text-block\"><i class=\"fa fa-user-o\"><\/i> Toni Linke<\/div>\n<div class=\"icon-text-block\"><i class=\"fa fa-certificate\"><\/i>3 Fortbildungspunkte<\/div>\n<div class=\"icon-text-block\"><i class=\"fa fa-laptop\"><\/i> Online via Zoom<\/div>\n","protected":false},"featured_media":50155,"template":"","meta":[],"product_brand":[],"product_cat":[249,752,944],"product_tag":[],"class_list":{"0":"post-50154","1":"product","2":"type-product","3":"status-publish","4":"has-post-thumbnail","6":"product_cat-lax-vox-singers-training","7":"product_cat-lax-vox-intense","8":"product_cat-fuer-deine-stimme","9":"description-off","11":"first","12":"instock","13":"virtual","14":"sold-individually","15":"purchasable","16":"product-type-simple"},"bundled_by":[],"bundle_stock_status":"instock","bundle_stock_quantity":null,"bundle_virtual":false,"bundle_layout":"","bundle_add_to_cart_form_location":"","bundle_editable_in_cart":false,"bundle_sold_individually_context":"","bundle_item_grouping":"","bundle_min_size":"","bundle_max_size":"","bundle_price":[],"bundled_items":[],"bundle_sell_ids":[],"yoast_head":"<!-- This site is optimized with the Yoast SEO plugin v27.3 - https:\/\/yoast.com\/product\/yoast-seo-wordpress\/ -->\n<title>Belting &amp; Mixed Voice verstehen und singen<\/title>\n<meta name=\"description\" content=\"Lerne von Toni Linke, was Belting und Mixed Voice bedeuten \u2013 und wie du diese klangvoll und stimmschonend in deinem Gesang anwendest.\" \/>\n<meta name=\"robots\" content=\"index, follow, max-snippet:-1, max-image-preview:large, max-video-preview:-1\" \/>\n<link rel=\"canonical\" href=\"https:\/\/laxvox-institute.eu\/en\/product\/belting-mix\/\" \/>\n<meta property=\"og:locale\" content=\"en_US\" \/>\n<meta property=\"og:type\" content=\"article\" \/>\n<meta property=\"og:title\" content=\"Belting &amp; Mixed Voice verstehen und singen\" \/>\n<meta property=\"og:description\" content=\"Lerne von Toni Linke, was Belting und Mixed Voice bedeuten \u2013 und wie du diese klangvoll und stimmschonend in deinem Gesang anwendest.\" \/>\n<meta property=\"og:url\" content=\"https:\/\/laxvox-institute.eu\/en\/product\/belting-mix\/\" \/>\n<meta property=\"og:site_name\" content=\"LAX VOX\u00ae Institute by Stephanie A. Kruse\" \/>\n<meta property=\"article:modified_time\" content=\"2025-07-28T13:09:15+00:00\" \/>\n<meta property=\"og:image\" content=\"https:\/\/laxvox-institute.eu\/wp-content\/uploads\/2025\/07\/INTENSE-TICKET-SEPTEMBER-2025-8.webp\" \/>\n\t<meta property=\"og:image:width\" content=\"1000\" \/>\n\t<meta property=\"og:image:height\" content=\"1000\" \/>\n\t<meta property=\"og:image:type\" content=\"image\/webp\" \/>\n<meta name=\"twitter:card\" content=\"summary_large_image\" \/>\n<meta name=\"twitter:label1\" content=\"Est. reading time\" \/>\n\t<meta name=\"twitter:data1\" content=\"3 minutes\" \/>\n<script type=\"application\/ld+json\" class=\"yoast-schema-graph\">{\"@context\":\"https:\\\/\\\/schema.org\",\"@graph\":[{\"@type\":\"WebPage\",\"@id\":\"https:\\\/\\\/laxvox-institute.eu\\\/en\\\/product\\\/belting-mix\\\/\",\"url\":\"https:\\\/\\\/laxvox-institute.eu\\\/en\\\/product\\\/belting-mix\\\/\",\"name\":\"Belting & Mixed Voice verstehen und singen\",\"isPartOf\":{\"@id\":\"https:\\\/\\\/laxvox-institute.eu\\\/en\\\/#website\"},\"primaryImageOfPage\":{\"@id\":\"https:\\\/\\\/laxvox-institute.eu\\\/en\\\/product\\\/belting-mix\\\/#primaryimage\"},\"image\":{\"@id\":\"https:\\\/\\\/laxvox-institute.eu\\\/en\\\/product\\\/belting-mix\\\/#primaryimage\"},\"thumbnailUrl\":\"https:\\\/\\\/laxvox-institute.eu\\\/wp-content\\\/uploads\\\/2025\\\/07\\\/INTENSE-TICKET-SEPTEMBER-2025-8.webp\",\"datePublished\":\"2025-07-28T07:49:16+00:00\",\"dateModified\":\"2025-07-28T13:09:15+00:00\",\"description\":\"Lerne von Toni Linke, was Belting und Mixed Voice bedeuten \u2013 und wie du diese klangvoll und stimmschonend in deinem Gesang anwendest.\",\"breadcrumb\":{\"@id\":\"https:\\\/\\\/laxvox-institute.eu\\\/en\\\/product\\\/belting-mix\\\/#breadcrumb\"},\"inLanguage\":\"en-US\",\"potentialAction\":[{\"@type\":\"ReadAction\",\"target\":[\"https:\\\/\\\/laxvox-institute.eu\\\/en\\\/product\\\/belting-mix\\\/\"]}]},{\"@type\":\"ImageObject\",\"inLanguage\":\"en-US\",\"@id\":\"https:\\\/\\\/laxvox-institute.eu\\\/en\\\/product\\\/belting-mix\\\/#primaryimage\",\"url\":\"https:\\\/\\\/laxvox-institute.eu\\\/wp-content\\\/uploads\\\/2025\\\/07\\\/INTENSE-TICKET-SEPTEMBER-2025-8.webp\",\"contentUrl\":\"https:\\\/\\\/laxvox-institute.eu\\\/wp-content\\\/uploads\\\/2025\\\/07\\\/INTENSE-TICKET-SEPTEMBER-2025-8.webp\",\"width\":1000,\"height\":1000},{\"@type\":\"BreadcrumbList\",\"@id\":\"https:\\\/\\\/laxvox-institute.eu\\\/en\\\/product\\\/belting-mix\\\/#breadcrumb\",\"itemListElement\":[{\"@type\":\"ListItem\",\"position\":1,\"name\":\"Startseite\",\"item\":\"https:\\\/\\\/laxvox-institute.eu\\\/en\\\/\"},{\"@type\":\"ListItem\",\"position\":2,\"name\":\"Shop\",\"item\":\"https:\\\/\\\/laxvox-institute.eu\\\/en\\\/produkt-archiv\\\/\"},{\"@type\":\"ListItem\",\"position\":3,\"name\":\"Belting &#038; Mixed Voice verstehen und singen\"}]},{\"@type\":\"WebSite\",\"@id\":\"https:\\\/\\\/laxvox-institute.eu\\\/en\\\/#website\",\"url\":\"https:\\\/\\\/laxvox-institute.eu\\\/en\\\/\",\"name\":\"LAX VOX\u00ae Institute by Stephanie A. Kruse\",\"description\":\"Wissen, das hilft! Lerne alles \u00fcber Stimme!\",\"publisher\":{\"@id\":\"https:\\\/\\\/laxvox-institute.eu\\\/en\\\/#organization\"},\"potentialAction\":[{\"@type\":\"SearchAction\",\"target\":{\"@type\":\"EntryPoint\",\"urlTemplate\":\"https:\\\/\\\/laxvox-institute.eu\\\/en\\\/?s={search_term_string}\"},\"query-input\":{\"@type\":\"PropertyValueSpecification\",\"valueRequired\":true,\"valueName\":\"search_term_string\"}}],\"inLanguage\":\"en-US\"},{\"@type\":\"Organization\",\"@id\":\"https:\\\/\\\/laxvox-institute.eu\\\/en\\\/#organization\",\"name\":\"LAX VOX\u00ae Institute by Stephanie A. Kruse\",\"url\":\"https:\\\/\\\/laxvox-institute.eu\\\/en\\\/\",\"logo\":{\"@type\":\"ImageObject\",\"inLanguage\":\"en-US\",\"@id\":\"https:\\\/\\\/laxvox-institute.eu\\\/en\\\/#\\\/schema\\\/logo\\\/image\\\/\",\"url\":\"https:\\\/\\\/laxvox-institute.eu\\\/wp-content\\\/uploads\\\/2021\\\/01\\\/LANDINGPAGE_200px_INSTITUTE.webp\",\"contentUrl\":\"https:\\\/\\\/laxvox-institute.eu\\\/wp-content\\\/uploads\\\/2021\\\/01\\\/LANDINGPAGE_200px_INSTITUTE.webp\",\"width\":200,\"height\":65,\"caption\":\"LAX VOX\u00ae Institute by Stephanie A. Kruse\"},\"image\":{\"@id\":\"https:\\\/\\\/laxvox-institute.eu\\\/en\\\/#\\\/schema\\\/logo\\\/image\\\/\"},\"sameAs\":[\"https:\\\/\\\/www.instagram.com\\\/laxvox_official\\\/\"]}]}<\/script>\n<!-- \/ Yoast SEO plugin. -->","yoast_head_json":{"title":"Belting & Mixed Voice verstehen und singen","description":"Lerne von Toni Linke, was Belting und Mixed Voice bedeuten \u2013 und wie du diese klangvoll und stimmschonend in deinem Gesang anwendest.","robots":{"index":"index","follow":"follow","max-snippet":"max-snippet:-1","max-image-preview":"max-image-preview:large","max-video-preview":"max-video-preview:-1"},"canonical":"https:\/\/laxvox-institute.eu\/en\/product\/belting-mix\/","og_locale":"en_US","og_type":"article","og_title":"Belting & Mixed Voice verstehen und singen","og_description":"Lerne von Toni Linke, was Belting und Mixed Voice bedeuten \u2013 und wie du diese klangvoll und stimmschonend in deinem Gesang anwendest.","og_url":"https:\/\/laxvox-institute.eu\/en\/product\/belting-mix\/","og_site_name":"LAX VOX\u00ae Institute by Stephanie A. Kruse","article_modified_time":"2025-07-28T13:09:15+00:00","og_image":[{"width":1000,"height":1000,"url":"https:\/\/laxvox-institute.eu\/wp-content\/uploads\/2025\/07\/INTENSE-TICKET-SEPTEMBER-2025-8.webp","type":"image\/webp"}],"twitter_card":"summary_large_image","twitter_misc":{"Est. reading time":"3 minutes"},"schema":{"@context":"https:\/\/schema.org","@graph":[{"@type":"WebPage","@id":"https:\/\/laxvox-institute.eu\/en\/product\/belting-mix\/","url":"https:\/\/laxvox-institute.eu\/en\/product\/belting-mix\/","name":"Belting & Mixed Voice verstehen und singen","isPartOf":{"@id":"https:\/\/laxvox-institute.eu\/en\/#website"},"primaryImageOfPage":{"@id":"https:\/\/laxvox-institute.eu\/en\/product\/belting-mix\/#primaryimage"},"image":{"@id":"https:\/\/laxvox-institute.eu\/en\/product\/belting-mix\/#primaryimage"},"thumbnailUrl":"https:\/\/laxvox-institute.eu\/wp-content\/uploads\/2025\/07\/INTENSE-TICKET-SEPTEMBER-2025-8.webp","datePublished":"2025-07-28T07:49:16+00:00","dateModified":"2025-07-28T13:09:15+00:00","description":"Lerne von Toni Linke, was Belting und Mixed Voice bedeuten \u2013 und wie du diese klangvoll und stimmschonend in deinem Gesang anwendest.","breadcrumb":{"@id":"https:\/\/laxvox-institute.eu\/en\/product\/belting-mix\/#breadcrumb"},"inLanguage":"en-US","potentialAction":[{"@type":"ReadAction","target":["https:\/\/laxvox-institute.eu\/en\/product\/belting-mix\/"]}]},{"@type":"ImageObject","inLanguage":"en-US","@id":"https:\/\/laxvox-institute.eu\/en\/product\/belting-mix\/#primaryimage","url":"https:\/\/laxvox-institute.eu\/wp-content\/uploads\/2025\/07\/INTENSE-TICKET-SEPTEMBER-2025-8.webp","contentUrl":"https:\/\/laxvox-institute.eu\/wp-content\/uploads\/2025\/07\/INTENSE-TICKET-SEPTEMBER-2025-8.webp","width":1000,"height":1000},{"@type":"BreadcrumbList","@id":"https:\/\/laxvox-institute.eu\/en\/product\/belting-mix\/#breadcrumb","itemListElement":[{"@type":"ListItem","position":1,"name":"Startseite","item":"https:\/\/laxvox-institute.eu\/en\/"},{"@type":"ListItem","position":2,"name":"Shop","item":"https:\/\/laxvox-institute.eu\/en\/produkt-archiv\/"},{"@type":"ListItem","position":3,"name":"Belting &#038; Mixed Voice verstehen und singen"}]},{"@type":"WebSite","@id":"https:\/\/laxvox-institute.eu\/en\/#website","url":"https:\/\/laxvox-institute.eu\/en\/","name":"LAX VOX\u00ae Institute by Stephanie A. Kruse","description":"Wissen, das hilft! Lerne alles \u00fcber Stimme!","publisher":{"@id":"https:\/\/laxvox-institute.eu\/en\/#organization"},"potentialAction":[{"@type":"SearchAction","target":{"@type":"EntryPoint","urlTemplate":"https:\/\/laxvox-institute.eu\/en\/?s={search_term_string}"},"query-input":{"@type":"PropertyValueSpecification","valueRequired":true,"valueName":"search_term_string"}}],"inLanguage":"en-US"},{"@type":"Organization","@id":"https:\/\/laxvox-institute.eu\/en\/#organization","name":"LAX VOX\u00ae Institute by Stephanie A. Kruse","url":"https:\/\/laxvox-institute.eu\/en\/","logo":{"@type":"ImageObject","inLanguage":"en-US","@id":"https:\/\/laxvox-institute.eu\/en\/#\/schema\/logo\/image\/","url":"https:\/\/laxvox-institute.eu\/wp-content\/uploads\/2021\/01\/LANDINGPAGE_200px_INSTITUTE.webp","contentUrl":"https:\/\/laxvox-institute.eu\/wp-content\/uploads\/2021\/01\/LANDINGPAGE_200px_INSTITUTE.webp","width":200,"height":65,"caption":"LAX VOX\u00ae Institute by Stephanie A. Kruse"},"image":{"@id":"https:\/\/laxvox-institute.eu\/en\/#\/schema\/logo\/image\/"},"sameAs":["https:\/\/www.instagram.com\/laxvox_official\/"]}]}},"_links":{"self":[{"href":"https:\/\/laxvox-institute.eu\/en\/wp-json\/wp\/v2\/product\/50154","targetHints":{"allow":["GET"]}}],"collection":[{"href":"https:\/\/laxvox-institute.eu\/en\/wp-json\/wp\/v2\/product"}],"about":[{"href":"https:\/\/laxvox-institute.eu\/en\/wp-json\/wp\/v2\/types\/product"}],"wp:featuredmedia":[{"embeddable":true,"href":"https:\/\/laxvox-institute.eu\/en\/wp-json\/wp\/v2\/media\/50155"}],"wp:attachment":[{"href":"https:\/\/laxvox-institute.eu\/en\/wp-json\/wp\/v2\/media?parent=50154"}],"wp:term":[{"taxonomy":"product_brand","embeddable":true,"href":"https:\/\/laxvox-institute.eu\/en\/wp-json\/wp\/v2\/product_brand?post=50154"},{"taxonomy":"product_cat","embeddable":true,"href":"https:\/\/laxvox-institute.eu\/en\/wp-json\/wp\/v2\/product_cat?post=50154"},{"taxonomy":"product_tag","embeddable":true,"href":"https:\/\/laxvox-institute.eu\/en\/wp-json\/wp\/v2\/product_tag?post=50154"}],"curies":[{"name":"wp","href":"https:\/\/api.w.org\/{rel}","templated":true}]}}