{"id":50159,"date":"2025-07-28T10:21:05","date_gmt":"2025-07-28T08:21:05","guid":{"rendered":"https:\/\/laxvox-institute.eu\/?post_type=product&#038;p=50159"},"modified":"2025-07-28T15:25:15","modified_gmt":"2025-07-28T13:25:15","slug":"songs-schreiben-lernen-kreativitaet-entfalten-und-blockaden-loesen","status":"publish","type":"product","link":"https:\/\/laxvox-institute.eu\/en\/product\/songs-schreiben-lernen-kreativitaet-entfalten-und-blockaden-loesen\/","title":{"rendered":"Songs schreiben lernen: Kreativit\u00e4t entfalten und Blockaden l\u00f6sen"},"content":{"rendered":"<h3><strong><span style=\"color: #1db8dd;\">Songs endlich fertig schreiben<\/span><\/strong><\/h3>\n<div class=\"gap\" style=\"line-height: 10px; height: 10px;\"><\/div>\n<h3><span style=\"color: #1db8dd;\">&#8220;Ich w\u00fcrd gern &#8216;nen Song schreiben, wei\u00df aber nicht wie!&#8221;<\/span><\/h3>\n<p>Sabeth zeigt dir ihre simple, jedoch ausgefuchste Songwriting-Formel. Sie hilft dir innerhalb k\u00fcrzester Zeit intuitiv und mit Klarheit deine Gef\u00fchle, Geschichten und Gedanken zu Songs zu machen. Du lernst, welche Bestandteile dein Song braucht, wie du eine kleine Idee zum fertigen Song schreibst und deinen inneren Kritiker \u00fcberwindest.<\/p>\n<p>Bring Papier, deinen Lieblingsstift und bunte Marker mit. Unfertige Songideen aus deiner Schublade sind herzlich willkommen \u2013 vielleicht werden diese schon bald als fertiger Song das Licht der Welt erblicken? Keine Sorge, wenn du keine hast, findest du im Workshop mithilfe der \u00dcbungen schnell neue Ideen.<\/p>\n<p>Dieser Workshop legt den Fokus auf Textdichten. Melodien und Harmonien werden aus Zeitgr\u00fcnden nur gestreift.<\/p>\n<p><strong>Praktisch. Kreativ. Direkt umsetzbar.<\/strong><\/p>\n<div class=\"gap\" style=\"line-height: 10px; height: 10px;\"><\/div>\n<h4><strong><span style=\"color: #1db8dd;\">Du lernst:<\/span><\/strong><\/h4>\n<p><strong>\u2713 Songstruktur verstehen:<\/strong> Welche Bestandteile braucht ein fertiger Song?<br \/>\n<strong>\u2713 Ideen entwickeln:<\/strong> Von der kleinen Idee zum kompletten Song.<br \/>\n<strong>\u2713 Kreativit\u00e4t aktivieren:<\/strong> Schreibblockaden \u00fcberwinden und Inspiration finden.<br \/>\n<strong>\u2713 Selbstbewusst schreiben:<\/strong> Deinen inneren Kritiker \u00fcberwinden und deine Songs fertigstellen.<\/p>\n<p><strong>Songwriting mit Herz, Kopf und Praxisbezug.<\/strong><\/p>\n<div class=\"gap\" style=\"line-height: 10px; height: 10px;\"><\/div>\n<h4 style=\"color: #1db8dd;\"><strong>Zielgruppe:<\/strong><\/h4>\n<p>F\u00fcr alle, die Songs schreiben oder anfangen wollen, ihre Kreativit\u00e4t ankurbeln und Schreibblockaden \u00fcberwinden sowie ihre Songs endlich fertigstellen m\u00f6chten.<\/p>\n<div class=\"gap\" style=\"line-height: 10px; height: 10px;\"><\/div>\n<h4 style=\"color: #1db8dd;\"><strong>Deine Dozentin:<\/strong><\/h4>\n<p><strong><img decoding=\"async\" class=\"alignleft wp-image-50167\" src=\"https:\/\/laxvox-institute.eu\/wp-content\/uploads\/2025\/07\/Dozierenden-fotos-klein-2-300x300.png\" alt=\"\" width=\"100\" height=\"100\" \/>Sabeth Puri-Jobi<\/strong><br \/>\nSabeth Puri-Jobi ist S\u00e4ngerin, Multi-Instrumentalistin, Vocal Coach und Songwriterin aus Hamburg. Sie absolvierte 2018 ihr Gesangsstudium in Jazz und improvisierter Musik und nahm 2018\/19 am Popkurs der Hochschule f\u00fcr Musik und Theater Hamburg teil. \u00a0Seit 2020 unterrichtet sie Gesang am Popkurs Hamburg und ist seit 2023 LAX VOX\u00ae Master Trainerin.<\/p>\n<p><span style=\"color: #1db8dd;\"><strong>\u00dcberblick:<\/strong><\/span><\/p>\n<p><strong>\u2713 Zoom live \u2013 keine Aufzeichnung<\/strong><br \/>\n<strong>\u2713 Link &amp; Skript nach Zahlungseingang im Kundenkonto<\/strong><br \/>\n<strong>\u2713 Teilnahme per PC\/Laptop empfohlen<\/strong><br \/>\n<strong>\u2713 Kamera an &amp; Klarname erforderlich<\/strong><\/p>\n","protected":false},"excerpt":{"rendered":"<div class=\"icon-text-block\"><i class=\"fa fa-calendar\"><\/i> Montag, 17.11.2025<\/div>\n<div class=\"icon-text-block\"><i class=\"fa fa-clock-o\"><\/i> 18.30\u201321:30 Uhr<\/div>\n<div class=\"icon-text-block\"><i class=\"fa fa-user-o\"><\/i> Sabeth Puri-Jobi<\/div>\n<div class=\"icon-text-block\"><i class=\"fa fa-laptop\"><\/i> Online via Zoom<\/div>\n","protected":false},"featured_media":50163,"template":"","meta":[],"product_brand":[],"product_cat":[752,944,249],"product_tag":[],"class_list":{"0":"post-50159","1":"product","2":"type-product","3":"status-publish","4":"has-post-thumbnail","6":"product_cat-lax-vox-intense","7":"product_cat-fuer-deine-stimme","8":"product_cat-lax-vox-singers-training","9":"description-off","11":"first","12":"instock","13":"virtual","14":"sold-individually","15":"purchasable","16":"product-type-simple"},"bundled_by":[],"bundle_stock_status":"instock","bundle_stock_quantity":null,"bundle_virtual":false,"bundle_layout":"","bundle_add_to_cart_form_location":"","bundle_editable_in_cart":false,"bundle_sold_individually_context":"","bundle_item_grouping":"","bundle_min_size":"","bundle_max_size":"","bundle_price":[],"bundled_items":[],"bundle_sell_ids":[],"yoast_head":"<!-- This site is optimized with the Yoast SEO plugin v27.4 - https:\/\/yoast.com\/product\/yoast-seo-wordpress\/ -->\n<title>Songs schreiben lernen: Kreativit\u00e4t entfalten und Blockaden l\u00f6sen<\/title>\n<meta name=\"description\" content=\"Lerne von Sabeth Puri-Jobi, wie du deine Kreativit\u00e4t entfaltest und Schreibblockaden \u00fcberwindest \u2013 und so endlich deine Songs fertig schreibst.\" \/>\n<meta name=\"robots\" content=\"index, follow, max-snippet:-1, max-image-preview:large, max-video-preview:-1\" \/>\n<link rel=\"canonical\" href=\"https:\/\/laxvox-institute.eu\/en\/product\/songs-schreiben-lernen-kreativitaet-entfalten-und-blockaden-loesen\/\" \/>\n<meta property=\"og:locale\" content=\"en_US\" \/>\n<meta property=\"og:type\" content=\"article\" \/>\n<meta property=\"og:title\" content=\"Songs schreiben lernen: Kreativit\u00e4t entfalten und Blockaden l\u00f6sen\" \/>\n<meta property=\"og:description\" content=\"Lerne von Sabeth Puri-Jobi, wie du deine Kreativit\u00e4t entfaltest und Schreibblockaden \u00fcberwindest \u2013 und so endlich deine Songs fertig schreibst.\" \/>\n<meta property=\"og:url\" content=\"https:\/\/laxvox-institute.eu\/en\/product\/songs-schreiben-lernen-kreativitaet-entfalten-und-blockaden-loesen\/\" \/>\n<meta property=\"og:site_name\" content=\"LAX VOX\u00ae Institute by Stephanie A. Kruse\" \/>\n<meta property=\"article:modified_time\" content=\"2025-07-28T13:25:15+00:00\" \/>\n<meta property=\"og:image\" content=\"https:\/\/laxvox-institute.eu\/wp-content\/uploads\/2025\/07\/INTENSE-TICKET-SEPTEMBER-2025-11.webp\" \/>\n\t<meta property=\"og:image:width\" content=\"1000\" \/>\n\t<meta property=\"og:image:height\" content=\"1000\" \/>\n\t<meta property=\"og:image:type\" content=\"image\/webp\" \/>\n<meta name=\"twitter:card\" content=\"summary_large_image\" \/>\n<meta name=\"twitter:label1\" content=\"Est. reading time\" \/>\n\t<meta name=\"twitter:data1\" content=\"2 minutes\" \/>\n<script type=\"application\/ld+json\" class=\"yoast-schema-graph\">{\"@context\":\"https:\\\/\\\/schema.org\",\"@graph\":[{\"@type\":\"WebPage\",\"@id\":\"https:\\\/\\\/laxvox-institute.eu\\\/en\\\/product\\\/songs-schreiben-lernen-kreativitaet-entfalten-und-blockaden-loesen\\\/\",\"url\":\"https:\\\/\\\/laxvox-institute.eu\\\/en\\\/product\\\/songs-schreiben-lernen-kreativitaet-entfalten-und-blockaden-loesen\\\/\",\"name\":\"Songs schreiben lernen: Kreativit\u00e4t entfalten und Blockaden l\u00f6sen\",\"isPartOf\":{\"@id\":\"https:\\\/\\\/laxvox-institute.eu\\\/en\\\/#website\"},\"primaryImageOfPage\":{\"@id\":\"https:\\\/\\\/laxvox-institute.eu\\\/en\\\/product\\\/songs-schreiben-lernen-kreativitaet-entfalten-und-blockaden-loesen\\\/#primaryimage\"},\"image\":{\"@id\":\"https:\\\/\\\/laxvox-institute.eu\\\/en\\\/product\\\/songs-schreiben-lernen-kreativitaet-entfalten-und-blockaden-loesen\\\/#primaryimage\"},\"thumbnailUrl\":\"https:\\\/\\\/laxvox-institute.eu\\\/wp-content\\\/uploads\\\/2025\\\/07\\\/INTENSE-TICKET-SEPTEMBER-2025-11.webp\",\"datePublished\":\"2025-07-28T08:21:05+00:00\",\"dateModified\":\"2025-07-28T13:25:15+00:00\",\"description\":\"Lerne von Sabeth Puri-Jobi, wie du deine Kreativit\u00e4t entfaltest und Schreibblockaden \u00fcberwindest \u2013 und so endlich deine Songs fertig schreibst.\",\"breadcrumb\":{\"@id\":\"https:\\\/\\\/laxvox-institute.eu\\\/en\\\/product\\\/songs-schreiben-lernen-kreativitaet-entfalten-und-blockaden-loesen\\\/#breadcrumb\"},\"inLanguage\":\"en-US\",\"potentialAction\":[{\"@type\":\"ReadAction\",\"target\":[\"https:\\\/\\\/laxvox-institute.eu\\\/en\\\/product\\\/songs-schreiben-lernen-kreativitaet-entfalten-und-blockaden-loesen\\\/\"]}]},{\"@type\":\"ImageObject\",\"inLanguage\":\"en-US\",\"@id\":\"https:\\\/\\\/laxvox-institute.eu\\\/en\\\/product\\\/songs-schreiben-lernen-kreativitaet-entfalten-und-blockaden-loesen\\\/#primaryimage\",\"url\":\"https:\\\/\\\/laxvox-institute.eu\\\/wp-content\\\/uploads\\\/2025\\\/07\\\/INTENSE-TICKET-SEPTEMBER-2025-11.webp\",\"contentUrl\":\"https:\\\/\\\/laxvox-institute.eu\\\/wp-content\\\/uploads\\\/2025\\\/07\\\/INTENSE-TICKET-SEPTEMBER-2025-11.webp\",\"width\":1000,\"height\":1000},{\"@type\":\"BreadcrumbList\",\"@id\":\"https:\\\/\\\/laxvox-institute.eu\\\/en\\\/product\\\/songs-schreiben-lernen-kreativitaet-entfalten-und-blockaden-loesen\\\/#breadcrumb\",\"itemListElement\":[{\"@type\":\"ListItem\",\"position\":1,\"name\":\"Startseite\",\"item\":\"https:\\\/\\\/laxvox-institute.eu\\\/en\\\/\"},{\"@type\":\"ListItem\",\"position\":2,\"name\":\"Shop\",\"item\":\"https:\\\/\\\/laxvox-institute.eu\\\/en\\\/produkt-archiv\\\/\"},{\"@type\":\"ListItem\",\"position\":3,\"name\":\"Songs schreiben lernen: Kreativit\u00e4t entfalten und Blockaden l\u00f6sen\"}]},{\"@type\":\"WebSite\",\"@id\":\"https:\\\/\\\/laxvox-institute.eu\\\/en\\\/#website\",\"url\":\"https:\\\/\\\/laxvox-institute.eu\\\/en\\\/\",\"name\":\"LAX VOX\u00ae Institute by Stephanie A. Kruse\",\"description\":\"Wissen, das hilft! Lerne alles \u00fcber Stimme!\",\"publisher\":{\"@id\":\"https:\\\/\\\/laxvox-institute.eu\\\/en\\\/#organization\"},\"potentialAction\":[{\"@type\":\"SearchAction\",\"target\":{\"@type\":\"EntryPoint\",\"urlTemplate\":\"https:\\\/\\\/laxvox-institute.eu\\\/en\\\/?s={search_term_string}\"},\"query-input\":{\"@type\":\"PropertyValueSpecification\",\"valueRequired\":true,\"valueName\":\"search_term_string\"}}],\"inLanguage\":\"en-US\"},{\"@type\":\"Organization\",\"@id\":\"https:\\\/\\\/laxvox-institute.eu\\\/en\\\/#organization\",\"name\":\"LAX VOX\u00ae Institute by Stephanie A. Kruse\",\"url\":\"https:\\\/\\\/laxvox-institute.eu\\\/en\\\/\",\"logo\":{\"@type\":\"ImageObject\",\"inLanguage\":\"en-US\",\"@id\":\"https:\\\/\\\/laxvox-institute.eu\\\/en\\\/#\\\/schema\\\/logo\\\/image\\\/\",\"url\":\"https:\\\/\\\/laxvox-institute.eu\\\/wp-content\\\/uploads\\\/2021\\\/01\\\/LANDINGPAGE_200px_INSTITUTE.webp\",\"contentUrl\":\"https:\\\/\\\/laxvox-institute.eu\\\/wp-content\\\/uploads\\\/2021\\\/01\\\/LANDINGPAGE_200px_INSTITUTE.webp\",\"width\":200,\"height\":65,\"caption\":\"LAX VOX\u00ae Institute by Stephanie A. Kruse\"},\"image\":{\"@id\":\"https:\\\/\\\/laxvox-institute.eu\\\/en\\\/#\\\/schema\\\/logo\\\/image\\\/\"},\"sameAs\":[\"https:\\\/\\\/www.instagram.com\\\/laxvox_official\\\/\"]}]}<\/script>\n<!-- \/ Yoast SEO plugin. -->","yoast_head_json":{"title":"Songs schreiben lernen: Kreativit\u00e4t entfalten und Blockaden l\u00f6sen","description":"Lerne von Sabeth Puri-Jobi, wie du deine Kreativit\u00e4t entfaltest und Schreibblockaden \u00fcberwindest \u2013 und so endlich deine Songs fertig schreibst.","robots":{"index":"index","follow":"follow","max-snippet":"max-snippet:-1","max-image-preview":"max-image-preview:large","max-video-preview":"max-video-preview:-1"},"canonical":"https:\/\/laxvox-institute.eu\/en\/product\/songs-schreiben-lernen-kreativitaet-entfalten-und-blockaden-loesen\/","og_locale":"en_US","og_type":"article","og_title":"Songs schreiben lernen: Kreativit\u00e4t entfalten und Blockaden l\u00f6sen","og_description":"Lerne von Sabeth Puri-Jobi, wie du deine Kreativit\u00e4t entfaltest und Schreibblockaden \u00fcberwindest \u2013 und so endlich deine Songs fertig schreibst.","og_url":"https:\/\/laxvox-institute.eu\/en\/product\/songs-schreiben-lernen-kreativitaet-entfalten-und-blockaden-loesen\/","og_site_name":"LAX VOX\u00ae Institute by Stephanie A. Kruse","article_modified_time":"2025-07-28T13:25:15+00:00","og_image":[{"width":1000,"height":1000,"url":"https:\/\/laxvox-institute.eu\/wp-content\/uploads\/2025\/07\/INTENSE-TICKET-SEPTEMBER-2025-11.webp","type":"image\/webp"}],"twitter_card":"summary_large_image","twitter_misc":{"Est. reading time":"2 minutes"},"schema":{"@context":"https:\/\/schema.org","@graph":[{"@type":"WebPage","@id":"https:\/\/laxvox-institute.eu\/en\/product\/songs-schreiben-lernen-kreativitaet-entfalten-und-blockaden-loesen\/","url":"https:\/\/laxvox-institute.eu\/en\/product\/songs-schreiben-lernen-kreativitaet-entfalten-und-blockaden-loesen\/","name":"Songs schreiben lernen: Kreativit\u00e4t entfalten und Blockaden l\u00f6sen","isPartOf":{"@id":"https:\/\/laxvox-institute.eu\/en\/#website"},"primaryImageOfPage":{"@id":"https:\/\/laxvox-institute.eu\/en\/product\/songs-schreiben-lernen-kreativitaet-entfalten-und-blockaden-loesen\/#primaryimage"},"image":{"@id":"https:\/\/laxvox-institute.eu\/en\/product\/songs-schreiben-lernen-kreativitaet-entfalten-und-blockaden-loesen\/#primaryimage"},"thumbnailUrl":"https:\/\/laxvox-institute.eu\/wp-content\/uploads\/2025\/07\/INTENSE-TICKET-SEPTEMBER-2025-11.webp","datePublished":"2025-07-28T08:21:05+00:00","dateModified":"2025-07-28T13:25:15+00:00","description":"Lerne von Sabeth Puri-Jobi, wie du deine Kreativit\u00e4t entfaltest und Schreibblockaden \u00fcberwindest \u2013 und so endlich deine Songs fertig schreibst.","breadcrumb":{"@id":"https:\/\/laxvox-institute.eu\/en\/product\/songs-schreiben-lernen-kreativitaet-entfalten-und-blockaden-loesen\/#breadcrumb"},"inLanguage":"en-US","potentialAction":[{"@type":"ReadAction","target":["https:\/\/laxvox-institute.eu\/en\/product\/songs-schreiben-lernen-kreativitaet-entfalten-und-blockaden-loesen\/"]}]},{"@type":"ImageObject","inLanguage":"en-US","@id":"https:\/\/laxvox-institute.eu\/en\/product\/songs-schreiben-lernen-kreativitaet-entfalten-und-blockaden-loesen\/#primaryimage","url":"https:\/\/laxvox-institute.eu\/wp-content\/uploads\/2025\/07\/INTENSE-TICKET-SEPTEMBER-2025-11.webp","contentUrl":"https:\/\/laxvox-institute.eu\/wp-content\/uploads\/2025\/07\/INTENSE-TICKET-SEPTEMBER-2025-11.webp","width":1000,"height":1000},{"@type":"BreadcrumbList","@id":"https:\/\/laxvox-institute.eu\/en\/product\/songs-schreiben-lernen-kreativitaet-entfalten-und-blockaden-loesen\/#breadcrumb","itemListElement":[{"@type":"ListItem","position":1,"name":"Startseite","item":"https:\/\/laxvox-institute.eu\/en\/"},{"@type":"ListItem","position":2,"name":"Shop","item":"https:\/\/laxvox-institute.eu\/en\/produkt-archiv\/"},{"@type":"ListItem","position":3,"name":"Songs schreiben lernen: Kreativit\u00e4t entfalten und Blockaden l\u00f6sen"}]},{"@type":"WebSite","@id":"https:\/\/laxvox-institute.eu\/en\/#website","url":"https:\/\/laxvox-institute.eu\/en\/","name":"LAX VOX\u00ae Institute by Stephanie A. Kruse","description":"Wissen, das hilft! Lerne alles \u00fcber Stimme!","publisher":{"@id":"https:\/\/laxvox-institute.eu\/en\/#organization"},"potentialAction":[{"@type":"SearchAction","target":{"@type":"EntryPoint","urlTemplate":"https:\/\/laxvox-institute.eu\/en\/?s={search_term_string}"},"query-input":{"@type":"PropertyValueSpecification","valueRequired":true,"valueName":"search_term_string"}}],"inLanguage":"en-US"},{"@type":"Organization","@id":"https:\/\/laxvox-institute.eu\/en\/#organization","name":"LAX VOX\u00ae Institute by Stephanie A. Kruse","url":"https:\/\/laxvox-institute.eu\/en\/","logo":{"@type":"ImageObject","inLanguage":"en-US","@id":"https:\/\/laxvox-institute.eu\/en\/#\/schema\/logo\/image\/","url":"https:\/\/laxvox-institute.eu\/wp-content\/uploads\/2021\/01\/LANDINGPAGE_200px_INSTITUTE.webp","contentUrl":"https:\/\/laxvox-institute.eu\/wp-content\/uploads\/2021\/01\/LANDINGPAGE_200px_INSTITUTE.webp","width":200,"height":65,"caption":"LAX VOX\u00ae Institute by Stephanie A. Kruse"},"image":{"@id":"https:\/\/laxvox-institute.eu\/en\/#\/schema\/logo\/image\/"},"sameAs":["https:\/\/www.instagram.com\/laxvox_official\/"]}]}},"_links":{"self":[{"href":"https:\/\/laxvox-institute.eu\/en\/wp-json\/wp\/v2\/product\/50159","targetHints":{"allow":["GET"]}}],"collection":[{"href":"https:\/\/laxvox-institute.eu\/en\/wp-json\/wp\/v2\/product"}],"about":[{"href":"https:\/\/laxvox-institute.eu\/en\/wp-json\/wp\/v2\/types\/product"}],"wp:featuredmedia":[{"embeddable":true,"href":"https:\/\/laxvox-institute.eu\/en\/wp-json\/wp\/v2\/media\/50163"}],"wp:attachment":[{"href":"https:\/\/laxvox-institute.eu\/en\/wp-json\/wp\/v2\/media?parent=50159"}],"wp:term":[{"taxonomy":"product_brand","embeddable":true,"href":"https:\/\/laxvox-institute.eu\/en\/wp-json\/wp\/v2\/product_brand?post=50159"},{"taxonomy":"product_cat","embeddable":true,"href":"https:\/\/laxvox-institute.eu\/en\/wp-json\/wp\/v2\/product_cat?post=50159"},{"taxonomy":"product_tag","embeddable":true,"href":"https:\/\/laxvox-institute.eu\/en\/wp-json\/wp\/v2\/product_tag?post=50159"}],"curies":[{"name":"wp","href":"https:\/\/api.w.org\/{rel}","templated":true}]}}