{"id":50170,"date":"2025-07-28T10:53:21","date_gmt":"2025-07-28T08:53:21","guid":{"rendered":"https:\/\/laxvox-institute.eu\/?post_type=product&#038;p=50170"},"modified":"2025-07-28T11:14:49","modified_gmt":"2025-07-28T09:14:49","slug":"sos-so-loest-du-die-top-3-stimmprobleme","status":"publish","type":"product","link":"https:\/\/laxvox-institute.eu\/en\/product\/sos-so-loest-du-die-top-3-stimmprobleme\/","title":{"rendered":"SOS! So l\u00f6st du die Top 3 Stimmprobleme"},"content":{"rendered":"<h3><span style=\"color: #1db8dd;\"><strong>Schnelle L\u00f6sungen \u2013 konkrete \u00dcbungen<\/strong><\/span><\/h3>\n<h3><span style=\"color: #1db8dd;\">\u201eIch dr\u00fcck, ich hauch, ich kipp \u2013 was kann ich tun?!\u201c<\/span><\/h3>\n<p>Gabriele zeigt dir ihre erprobten Quickfixes f\u00fcr die drei h\u00e4ufigsten Stimmprobleme: Pressen, Luft auf der Stimme und der Bruch zwischen den Registern. Du bekommst effektive Tools, mit denen du sofort etwas ver\u00e4ndern kannst \u2013 ohne viel Theorie, aber mit sp\u00fcrbarem Effekt.<\/p>\n<p><strong>Sp\u00fcr sofort, was sich ver\u00e4ndert \u2013 und nimm neue Leichtigkeit mit in deinen Stimmalltag.<\/strong><\/p>\n<div class=\"gap\" style=\"line-height: 10px; height: 10px;\"><\/div>\n<h4><strong><span style=\"color: #1db8dd;\">Du lernst<\/span><\/strong><\/h4>\n<p><strong>\u2713 Pressen erkennen und l\u00f6sen<\/strong>: Wie Duden Druck rausnimmst und tragf\u00e4higer klingst<br \/>\n<strong>\u2713 \u00a0Hauch auf der Stimme reduzieren:<\/strong>\u00a0F\u00fcr mehr Klang, Stabilit\u00e4t und Pr\u00e4senz<br \/>\n<strong>\u2713 Den Bruch \u00fcberwinden<\/strong>: Register\u00fcberg\u00e4nge geschmeidig gestalten<br \/>\n<strong>\u2713 Erste Hilfe f\u00fcr den Stimmalltag<\/strong>: Klar, wirksam und direkt umsetzbar<\/p>\n<p><strong>Mit praktischen \u00dcbungen, verst\u00e4ndlichen Erkl\u00e4rungen und Aha-Momenten f\u00fcr deine Stimme.<\/strong><\/p>\n<div class=\"gap\" style=\"line-height: 10px; height: 10px;\"><\/div>\n<h4 style=\"color: #1db8dd;\"><strong>Material:<\/strong><\/h4>\n<p>Ein original LAX VOX\u00ae-Schlauch und ein Gef\u00e4\u00df mit Wasser<\/p>\n<div class=\"gap\" style=\"line-height: 10px; height: 10px;\"><\/div>\n<h4 style=\"color: #1db8dd;\"><strong>Zielgruppe:<\/strong><\/h4>\n<p>Stimmtherapeut*innen, Vocal Coaches, Singende und Menschen, die dieses Thema anspricht<\/p>\n<div class=\"gap\" style=\"line-height: 10px; height: 10px;\"><\/div>\n<h4 style=\"color: #1db8dd;\"><strong>Deine Dozentin:<\/strong><\/h4>\n<p><strong><img decoding=\"async\" class=\"alignleft wp-image-49714\" src=\"https:\/\/laxvox-institute.eu\/wp-content\/uploads\/2025\/07\/Gbriele-Wohlgemuth_LVI-Dozierenden-fotos-klein-300x300.webp\" alt=\"\" width=\"100\" height=\"100\" srcset=\"https:\/\/laxvox-institute.eu\/wp-content\/uploads\/2025\/07\/Gbriele-Wohlgemuth_LVI-Dozierenden-fotos-klein-300x300.webp 300w, https:\/\/laxvox-institute.eu\/wp-content\/uploads\/2025\/07\/Gbriele-Wohlgemuth_LVI-Dozierenden-fotos-klein-150x150.png 150w, https:\/\/laxvox-institute.eu\/wp-content\/uploads\/2025\/07\/Gbriele-Wohlgemuth_LVI-Dozierenden-fotos-klein-500x500.png 500w, https:\/\/laxvox-institute.eu\/wp-content\/uploads\/2025\/07\/Gbriele-Wohlgemuth_LVI-Dozierenden-fotos-klein-157x157.png 157w, https:\/\/laxvox-institute.eu\/wp-content\/uploads\/2025\/07\/Gbriele-Wohlgemuth_LVI-Dozierenden-fotos-klein-200x200.png 200w, https:\/\/laxvox-institute.eu\/wp-content\/uploads\/2025\/07\/Gbriele-Wohlgemuth_LVI-Dozierenden-fotos-klein-400x400.png 400w, https:\/\/laxvox-institute.eu\/wp-content\/uploads\/2025\/07\/Gbriele-Wohlgemuth_LVI-Dozierenden-fotos-klein.webp 576w\" sizes=\"(max-width: 100px) 100vw, 100px\" \/>Gabriele Wohlgemuth<br \/>\n<\/strong> ist Stimmbildnerin, S\u00e4ngerin und zertifizierte LAX VOX\u00ae Master Trainerin. Sie begleitet dich mit Expertise und Einf\u00fchlungsverm\u00f6gen \u2013 und zeigt dir, wie du deine Stimme nachhaltig und mit Freude pflegen kannst.<\/p>\n<p>&nbsp;<\/p>\n<h4 style=\"color: #1db8dd;\"><strong>\u00dcberblick:<\/strong><\/h4>\n<p><strong>\u2713 2 Fortbildungspunkte<\/strong><br \/>\n<strong>\u2713 Zoom live \u2013 keine Aufzeichnung<\/strong><br \/>\n<strong>\u2713 Link &amp; Skript nach Zahlungseingang im Kundenkonto<\/strong><br \/>\n<strong>\u2713 Teilnahme per PC\/Laptop empfohlen<\/strong><br \/>\n<strong>\u2713 Kamera an &amp; Klarname erforderlich<\/strong><\/p>\n","protected":false},"excerpt":{"rendered":"<div class=\"icon-text-block\"><i class=\"fa fa-calendar\"><\/i> Freitag, 28.11.2025<\/div>\n<div class=\"icon-text-block\"><i class=\"fa fa-clock-o\"><\/i> 10:00\u201313:00 Uhr<\/div>\n<div class=\"icon-text-block\"><i class=\"fa fa-user-o\"><\/i> Gabriele Wohlgemuth<\/div>\n<div class=\"icon-text-block\"><i class=\"fa fa-certificate\"><\/i> 2 Fortbildungspunkte<\/div>\n<div class=\"icon-text-block\"><i class=\"fa fa-laptop\"><\/i> Online via Zoom<\/div>\n","protected":false},"featured_media":49660,"template":"","meta":[],"product_brand":[],"product_cat":[249,752,944],"product_tag":[],"class_list":{"0":"post-50170","1":"product","2":"type-product","3":"status-publish","4":"has-post-thumbnail","6":"product_cat-lax-vox-singers-training","7":"product_cat-lax-vox-intense","8":"product_cat-fuer-deine-stimme","9":"description-off","11":"first","12":"instock","13":"virtual","14":"sold-individually","15":"purchasable","16":"product-type-simple"},"bundled_by":[],"bundle_stock_status":"instock","bundle_stock_quantity":null,"bundle_virtual":false,"bundle_layout":"","bundle_add_to_cart_form_location":"","bundle_editable_in_cart":false,"bundle_sold_individually_context":"","bundle_item_grouping":"","bundle_min_size":"","bundle_max_size":"","bundle_price":[],"bundled_items":[],"bundle_sell_ids":[],"yoast_head":"<!-- This site is optimized with the Yoast SEO plugin v27.4 - https:\/\/yoast.com\/product\/yoast-seo-wordpress\/ -->\n<title>SOS! So l\u00f6st du die Top 3 Stimmprobleme<\/title>\n<meta name=\"description\" content=\"In diesem kompakten Workshop lernst du, wie du drei typische Stimmprobleme schnell erkennst, wirksam angehst und deine Stimme gezielt entlastest.\" \/>\n<meta name=\"robots\" content=\"index, follow, max-snippet:-1, max-image-preview:large, max-video-preview:-1\" \/>\n<link rel=\"canonical\" href=\"https:\/\/laxvox-institute.eu\/en\/product\/sos-so-loest-du-die-top-3-stimmprobleme\/\" \/>\n<meta property=\"og:locale\" content=\"en_US\" \/>\n<meta property=\"og:type\" content=\"article\" \/>\n<meta property=\"og:title\" content=\"SOS! So l\u00f6st du die Top 3 Stimmprobleme\" \/>\n<meta property=\"og:description\" content=\"In diesem kompakten Workshop lernst du, wie du drei typische Stimmprobleme schnell erkennst, wirksam angehst und deine Stimme gezielt entlastest.\" \/>\n<meta property=\"og:url\" content=\"https:\/\/laxvox-institute.eu\/en\/product\/sos-so-loest-du-die-top-3-stimmprobleme\/\" \/>\n<meta property=\"og:site_name\" content=\"LAX VOX\u00ae Institute by Stephanie A. Kruse\" \/>\n<meta property=\"article:modified_time\" content=\"2025-07-28T09:14:49+00:00\" \/>\n<meta property=\"og:image\" content=\"https:\/\/laxvox-institute.eu\/wp-content\/uploads\/2025\/07\/2.png\" \/>\n\t<meta property=\"og:image:width\" content=\"1000\" \/>\n\t<meta property=\"og:image:height\" content=\"1000\" \/>\n\t<meta property=\"og:image:type\" content=\"image\/png\" \/>\n<meta name=\"twitter:card\" content=\"summary_large_image\" \/>\n<meta name=\"twitter:label1\" content=\"Est. reading time\" \/>\n\t<meta name=\"twitter:data1\" content=\"2 minutes\" \/>\n<script type=\"application\/ld+json\" class=\"yoast-schema-graph\">{\"@context\":\"https:\\\/\\\/schema.org\",\"@graph\":[{\"@type\":\"WebPage\",\"@id\":\"https:\\\/\\\/laxvox-institute.eu\\\/en\\\/product\\\/sos-so-loest-du-die-top-3-stimmprobleme\\\/\",\"url\":\"https:\\\/\\\/laxvox-institute.eu\\\/en\\\/product\\\/sos-so-loest-du-die-top-3-stimmprobleme\\\/\",\"name\":\"SOS! So l\u00f6st du die Top 3 Stimmprobleme\",\"isPartOf\":{\"@id\":\"https:\\\/\\\/laxvox-institute.eu\\\/en\\\/#website\"},\"primaryImageOfPage\":{\"@id\":\"https:\\\/\\\/laxvox-institute.eu\\\/en\\\/product\\\/sos-so-loest-du-die-top-3-stimmprobleme\\\/#primaryimage\"},\"image\":{\"@id\":\"https:\\\/\\\/laxvox-institute.eu\\\/en\\\/product\\\/sos-so-loest-du-die-top-3-stimmprobleme\\\/#primaryimage\"},\"thumbnailUrl\":\"https:\\\/\\\/laxvox-institute.eu\\\/wp-content\\\/uploads\\\/2025\\\/07\\\/2.png\",\"datePublished\":\"2025-07-28T08:53:21+00:00\",\"dateModified\":\"2025-07-28T09:14:49+00:00\",\"description\":\"In diesem kompakten Workshop lernst du, wie du drei typische Stimmprobleme schnell erkennst, wirksam angehst und deine Stimme gezielt entlastest.\",\"breadcrumb\":{\"@id\":\"https:\\\/\\\/laxvox-institute.eu\\\/en\\\/product\\\/sos-so-loest-du-die-top-3-stimmprobleme\\\/#breadcrumb\"},\"inLanguage\":\"en-US\",\"potentialAction\":[{\"@type\":\"ReadAction\",\"target\":[\"https:\\\/\\\/laxvox-institute.eu\\\/en\\\/product\\\/sos-so-loest-du-die-top-3-stimmprobleme\\\/\"]}]},{\"@type\":\"ImageObject\",\"inLanguage\":\"en-US\",\"@id\":\"https:\\\/\\\/laxvox-institute.eu\\\/en\\\/product\\\/sos-so-loest-du-die-top-3-stimmprobleme\\\/#primaryimage\",\"url\":\"https:\\\/\\\/laxvox-institute.eu\\\/wp-content\\\/uploads\\\/2025\\\/07\\\/2.png\",\"contentUrl\":\"https:\\\/\\\/laxvox-institute.eu\\\/wp-content\\\/uploads\\\/2025\\\/07\\\/2.png\",\"width\":1000,\"height\":1000},{\"@type\":\"BreadcrumbList\",\"@id\":\"https:\\\/\\\/laxvox-institute.eu\\\/en\\\/product\\\/sos-so-loest-du-die-top-3-stimmprobleme\\\/#breadcrumb\",\"itemListElement\":[{\"@type\":\"ListItem\",\"position\":1,\"name\":\"Startseite\",\"item\":\"https:\\\/\\\/laxvox-institute.eu\\\/en\\\/\"},{\"@type\":\"ListItem\",\"position\":2,\"name\":\"Shop\",\"item\":\"https:\\\/\\\/laxvox-institute.eu\\\/en\\\/produkt-archiv\\\/\"},{\"@type\":\"ListItem\",\"position\":3,\"name\":\"SOS! So l\u00f6st du die Top 3 Stimmprobleme\"}]},{\"@type\":\"WebSite\",\"@id\":\"https:\\\/\\\/laxvox-institute.eu\\\/en\\\/#website\",\"url\":\"https:\\\/\\\/laxvox-institute.eu\\\/en\\\/\",\"name\":\"LAX VOX\u00ae Institute by Stephanie A. Kruse\",\"description\":\"Wissen, das hilft! Lerne alles \u00fcber Stimme!\",\"publisher\":{\"@id\":\"https:\\\/\\\/laxvox-institute.eu\\\/en\\\/#organization\"},\"potentialAction\":[{\"@type\":\"SearchAction\",\"target\":{\"@type\":\"EntryPoint\",\"urlTemplate\":\"https:\\\/\\\/laxvox-institute.eu\\\/en\\\/?s={search_term_string}\"},\"query-input\":{\"@type\":\"PropertyValueSpecification\",\"valueRequired\":true,\"valueName\":\"search_term_string\"}}],\"inLanguage\":\"en-US\"},{\"@type\":\"Organization\",\"@id\":\"https:\\\/\\\/laxvox-institute.eu\\\/en\\\/#organization\",\"name\":\"LAX VOX\u00ae Institute by Stephanie A. Kruse\",\"url\":\"https:\\\/\\\/laxvox-institute.eu\\\/en\\\/\",\"logo\":{\"@type\":\"ImageObject\",\"inLanguage\":\"en-US\",\"@id\":\"https:\\\/\\\/laxvox-institute.eu\\\/en\\\/#\\\/schema\\\/logo\\\/image\\\/\",\"url\":\"https:\\\/\\\/laxvox-institute.eu\\\/wp-content\\\/uploads\\\/2021\\\/01\\\/LANDINGPAGE_200px_INSTITUTE.webp\",\"contentUrl\":\"https:\\\/\\\/laxvox-institute.eu\\\/wp-content\\\/uploads\\\/2021\\\/01\\\/LANDINGPAGE_200px_INSTITUTE.webp\",\"width\":200,\"height\":65,\"caption\":\"LAX VOX\u00ae Institute by Stephanie A. Kruse\"},\"image\":{\"@id\":\"https:\\\/\\\/laxvox-institute.eu\\\/en\\\/#\\\/schema\\\/logo\\\/image\\\/\"},\"sameAs\":[\"https:\\\/\\\/www.instagram.com\\\/laxvox_official\\\/\"]}]}<\/script>\n<!-- \/ Yoast SEO plugin. -->","yoast_head_json":{"title":"SOS! So l\u00f6st du die Top 3 Stimmprobleme","description":"In diesem kompakten Workshop lernst du, wie du drei typische Stimmprobleme schnell erkennst, wirksam angehst und deine Stimme gezielt entlastest.","robots":{"index":"index","follow":"follow","max-snippet":"max-snippet:-1","max-image-preview":"max-image-preview:large","max-video-preview":"max-video-preview:-1"},"canonical":"https:\/\/laxvox-institute.eu\/en\/product\/sos-so-loest-du-die-top-3-stimmprobleme\/","og_locale":"en_US","og_type":"article","og_title":"SOS! So l\u00f6st du die Top 3 Stimmprobleme","og_description":"In diesem kompakten Workshop lernst du, wie du drei typische Stimmprobleme schnell erkennst, wirksam angehst und deine Stimme gezielt entlastest.","og_url":"https:\/\/laxvox-institute.eu\/en\/product\/sos-so-loest-du-die-top-3-stimmprobleme\/","og_site_name":"LAX VOX\u00ae Institute by Stephanie A. Kruse","article_modified_time":"2025-07-28T09:14:49+00:00","og_image":[{"width":1000,"height":1000,"url":"https:\/\/laxvox-institute.eu\/wp-content\/uploads\/2025\/07\/2.png","type":"image\/png"}],"twitter_card":"summary_large_image","twitter_misc":{"Est. reading time":"2 minutes"},"schema":{"@context":"https:\/\/schema.org","@graph":[{"@type":"WebPage","@id":"https:\/\/laxvox-institute.eu\/en\/product\/sos-so-loest-du-die-top-3-stimmprobleme\/","url":"https:\/\/laxvox-institute.eu\/en\/product\/sos-so-loest-du-die-top-3-stimmprobleme\/","name":"SOS! So l\u00f6st du die Top 3 Stimmprobleme","isPartOf":{"@id":"https:\/\/laxvox-institute.eu\/en\/#website"},"primaryImageOfPage":{"@id":"https:\/\/laxvox-institute.eu\/en\/product\/sos-so-loest-du-die-top-3-stimmprobleme\/#primaryimage"},"image":{"@id":"https:\/\/laxvox-institute.eu\/en\/product\/sos-so-loest-du-die-top-3-stimmprobleme\/#primaryimage"},"thumbnailUrl":"https:\/\/laxvox-institute.eu\/wp-content\/uploads\/2025\/07\/2.png","datePublished":"2025-07-28T08:53:21+00:00","dateModified":"2025-07-28T09:14:49+00:00","description":"In diesem kompakten Workshop lernst du, wie du drei typische Stimmprobleme schnell erkennst, wirksam angehst und deine Stimme gezielt entlastest.","breadcrumb":{"@id":"https:\/\/laxvox-institute.eu\/en\/product\/sos-so-loest-du-die-top-3-stimmprobleme\/#breadcrumb"},"inLanguage":"en-US","potentialAction":[{"@type":"ReadAction","target":["https:\/\/laxvox-institute.eu\/en\/product\/sos-so-loest-du-die-top-3-stimmprobleme\/"]}]},{"@type":"ImageObject","inLanguage":"en-US","@id":"https:\/\/laxvox-institute.eu\/en\/product\/sos-so-loest-du-die-top-3-stimmprobleme\/#primaryimage","url":"https:\/\/laxvox-institute.eu\/wp-content\/uploads\/2025\/07\/2.png","contentUrl":"https:\/\/laxvox-institute.eu\/wp-content\/uploads\/2025\/07\/2.png","width":1000,"height":1000},{"@type":"BreadcrumbList","@id":"https:\/\/laxvox-institute.eu\/en\/product\/sos-so-loest-du-die-top-3-stimmprobleme\/#breadcrumb","itemListElement":[{"@type":"ListItem","position":1,"name":"Startseite","item":"https:\/\/laxvox-institute.eu\/en\/"},{"@type":"ListItem","position":2,"name":"Shop","item":"https:\/\/laxvox-institute.eu\/en\/produkt-archiv\/"},{"@type":"ListItem","position":3,"name":"SOS! So l\u00f6st du die Top 3 Stimmprobleme"}]},{"@type":"WebSite","@id":"https:\/\/laxvox-institute.eu\/en\/#website","url":"https:\/\/laxvox-institute.eu\/en\/","name":"LAX VOX\u00ae Institute by Stephanie A. Kruse","description":"Wissen, das hilft! Lerne alles \u00fcber Stimme!","publisher":{"@id":"https:\/\/laxvox-institute.eu\/en\/#organization"},"potentialAction":[{"@type":"SearchAction","target":{"@type":"EntryPoint","urlTemplate":"https:\/\/laxvox-institute.eu\/en\/?s={search_term_string}"},"query-input":{"@type":"PropertyValueSpecification","valueRequired":true,"valueName":"search_term_string"}}],"inLanguage":"en-US"},{"@type":"Organization","@id":"https:\/\/laxvox-institute.eu\/en\/#organization","name":"LAX VOX\u00ae Institute by Stephanie A. Kruse","url":"https:\/\/laxvox-institute.eu\/en\/","logo":{"@type":"ImageObject","inLanguage":"en-US","@id":"https:\/\/laxvox-institute.eu\/en\/#\/schema\/logo\/image\/","url":"https:\/\/laxvox-institute.eu\/wp-content\/uploads\/2021\/01\/LANDINGPAGE_200px_INSTITUTE.webp","contentUrl":"https:\/\/laxvox-institute.eu\/wp-content\/uploads\/2021\/01\/LANDINGPAGE_200px_INSTITUTE.webp","width":200,"height":65,"caption":"LAX VOX\u00ae Institute by Stephanie A. Kruse"},"image":{"@id":"https:\/\/laxvox-institute.eu\/en\/#\/schema\/logo\/image\/"},"sameAs":["https:\/\/www.instagram.com\/laxvox_official\/"]}]}},"_links":{"self":[{"href":"https:\/\/laxvox-institute.eu\/en\/wp-json\/wp\/v2\/product\/50170","targetHints":{"allow":["GET"]}}],"collection":[{"href":"https:\/\/laxvox-institute.eu\/en\/wp-json\/wp\/v2\/product"}],"about":[{"href":"https:\/\/laxvox-institute.eu\/en\/wp-json\/wp\/v2\/types\/product"}],"wp:featuredmedia":[{"embeddable":true,"href":"https:\/\/laxvox-institute.eu\/en\/wp-json\/wp\/v2\/media\/49660"}],"wp:attachment":[{"href":"https:\/\/laxvox-institute.eu\/en\/wp-json\/wp\/v2\/media?parent=50170"}],"wp:term":[{"taxonomy":"product_brand","embeddable":true,"href":"https:\/\/laxvox-institute.eu\/en\/wp-json\/wp\/v2\/product_brand?post=50170"},{"taxonomy":"product_cat","embeddable":true,"href":"https:\/\/laxvox-institute.eu\/en\/wp-json\/wp\/v2\/product_cat?post=50170"},{"taxonomy":"product_tag","embeddable":true,"href":"https:\/\/laxvox-institute.eu\/en\/wp-json\/wp\/v2\/product_tag?post=50170"}],"curies":[{"name":"wp","href":"https:\/\/api.w.org\/{rel}","templated":true}]}}