{"id":52963,"date":"2025-10-31T09:18:00","date_gmt":"2025-10-31T08:18:00","guid":{"rendered":"https:\/\/laxvox-institute.eu\/?post_type=product&#038;p=52963"},"modified":"2025-10-31T09:42:21","modified_gmt":"2025-10-31T08:42:21","slug":"modern-voice-summit-aufzeichnungen-praesentationen","status":"publish","type":"product","link":"https:\/\/laxvox-institute.eu\/en\/product\/modern-voice-summit-aufzeichnungen-praesentationen\/","title":{"rendered":"MODERN VOICE SUMMIT | Aufzeichnungen &#038; Pr\u00e4sentationen"},"content":{"rendered":"<h3><span style=\"color: #1db8dd;\">MODERN VOICE SUMMIT<br \/>\nAufzeichnungen &amp; <span style=\"color: #1db8dd;\">Pr\u00e4sentationen<\/span><\/span><\/h3>\n<p><strong>In diesem Videokurs sind alle Aufzeichnungen und Pr\u00e4sentationen der Workshops des MODERN VOICE SUMMIT 2025 enthalten.<\/strong><br \/>\nDu findest den Videokurs nach Zahlungseingang in deinem Kundenkonto auf www.laxvox-institute.eu.<\/p>\n<p>\u2714 12 Workshop-Aufzeichnungen kompakt in einem \u00fcbersichtlichen Videokurs<br \/>\n\u2714 Alle Pr\u00e4sentationen als pdf zum Herunterladen<br \/>\n\u2714 Lebenslanger Zugriff<\/p>\n<p><strong><\/p>\n<p><span style=\"color: #1db8dd;\">INHALT:<\/span><\/p>\n<p><\/strong><\/p>\n<p><strong><\/p>\n<p>Aufzeichnung und Pr\u00e4sentationen folgender Workshops (je 45 Minuten):<\/p>\n<p><\/strong><\/p>\n<div>\n<div style=\"margin-bottom: 16px;\"><strong>Wake-up-Warm-up mit LAX VOX\u00ae<\/strong><br \/>\nStephanie A. Kruse | Deutsch<br \/>\nBefreie deine Stimme von Schleim, Kratzen und Kratzen und l\u00f6se den vom n\u00e4chtlichen Pressen verspannten Kiefer mit dieser effektiven Warm-up-Routine! Du brauchst: einen LAX VOX\u00ae-Schlauch, eine 0,5\u202fL-Wasserflasche und einen Suppenl\u00f6ffel.<\/div>\n<div style=\"margin-bottom: 16px;\"><strong>Gender Affirming Voice Work<\/strong><br \/>\nThomas Lascheit | Deutsch<br \/>\nLerne, wie die Einstellungen des Vokaltrakts und die Funktion der Stimmlippen die Wahrnehmung des Genders einer Stimme beeinflussen und wie du mit diesem Wissen trans*, inter- und non-bin\u00e4ren Menschen helfen kannst, ihren individuellen Stimmklang zu finden.<\/div>\n<div style=\"margin-bottom: 16px;\"><strong>How to become &#8220;Glinda&#8221; \u2013 Ein Interview<\/strong><br \/>\nSophia Riedl | Deutsch<br \/>\nErhalte exklusive Einblicke hinter die Kulissen: Erfahre, wie S\u00e4ngerin und Musicaldarstellerin Sophia Riedl die deutsche Stimme von Glinda (Wicked), Arielle und Schneewittchen wurde, wie sie ihren Stimmklang an die Charaktere anpasst und ihre Stimme w\u00e4hrend der stimmintensiven Studioproduktionen gesund h\u00e4lt.<\/div>\n<div style=\"margin-bottom: 16px;\"><strong>Vocal Registers \u2013 An Update<\/strong><br \/>\nMauro Fiuza | English<br \/>\nHead, chest, and falsetto registers are common terms in voice lessons, but their explanations vary widely. Get an update on what registers really are, what we already know, and what still remains a scientific mystery.<\/div>\n<div style=\"margin-bottom: 16px;\"><strong>Specificities about the female voice<\/strong><br \/>\nProf. Filipa L\u00e3 | English<br \/>\nExplore the physiological differences and specificities of the female voice in comparison to the male voice and why it requires different care and training.<\/div>\n<div style=\"margin-bottom: 16px;\"><strong>SOVT Tools &#8211; Which Tool For Which Goal?<\/strong><br \/>\nProf. Marco Guzman | English<br \/>\nSemi-occluded vocal tract exercises and tools are everywhere\u2014but welche ist am besten f\u00fcr welche Sch\u00fcler*innen und welches Ziel? Prof. Marco Guzman erl\u00e4utert die Ergebnisse.<\/div>\n<div style=\"margin-bottom: 16px;\"><strong>&#8220;Say it from your chest&#8221; &#8211; Workout<\/strong><br \/>\nStephanie A. Kruse | Deutsch<br \/>\nLerne eine effektive \u00dcbungsabfolge aus dem Estill Voice Training, mit der du deine klare, lockere und resonante Bruststimme findest \u2013 keine Vorerfahrung n\u00f6tig.<\/div>\n<div style=\"margin-bottom: 16px;\"><strong>Variations of Vocal Fry<\/strong><br \/>\nToni Linke | Deutsch<br \/>\nVocal Fry bezeichnet viele verschiedene Klangvariationen. Gemeinsam mit Dr. Nathalie Henrich und der Sing-&amp;-Scream-Gruppe hat Toni Linke unterschiedliche Arten von Fry untersucht.<\/div>\n<div style=\"margin-bottom: 16px;\"><strong>Stimmst\u00f6rungen bei Singenden<\/strong><br \/>\nMichael Helbing | Deutsch<br \/>\nDer Beruf des Singenden ist Hochleistungssport und verlangt maximale Leistung \u2013 hier k\u00f6nnen Stimmst\u00f6rungen entstehen. Michael Helbing beleuchtet die Ursachen und zeigt Wege auf, wie Singende ihre Leistungsf\u00e4higkeit zur\u00fcckgewinnen k\u00f6nnen.<\/div>\n<div style=\"margin-bottom: 16px;\"><strong>Stimme &amp; Scham \u2013 Warum singen oft so viel \u00dcberwindung kostet<\/strong><br \/>\nStephanie Kruse | Deutsch<br \/>\nIn der Stimmarbeit steht oft ein rosa Elefant im Raum \u2013 die Scham. Entdecke eine neurophysiologische Perspektive, die zeigt, was deine Sch\u00fcler*innen erleben und wie du sie begleiten kannst.<\/div>\n<div style=\"margin-bottom: 16px;\"><strong>Neue Melodien ohne Noten lernen<\/strong><br \/>\nGabriele Wohlgemuth | Deutsch<br \/>\nDas Erlernen neuer St\u00fccke beginnt oft damit, dass man die Notenbl\u00e4tter aush\u00e4ndigt \u2013 doch viele Singende k\u00f6nnen keine Noten lesen. Gabriele zeigt ihre Technik, neue Melodien ohne Noten zu vermitteln.<\/div>\n<div style=\"margin-bottom: 16px;\"><strong>Prepare your Belt \u2013 mit LAX VOX\u00ae<\/strong><br \/>\nStephanie Kruse | Deutsch<br \/>\nLerne, wie du deine Stimme mit gezielten LAX VOX\u00ae-\u00dcbungen auf das Belting vorbereitest und so das Pushen in der H\u00f6he vermeidest.<\/div>\n","protected":false},"excerpt":{"rendered":"<div class=\"icon-text-container\" style=\"display: flex; flex-direction: column; gap: 8px; font-family: sans-serif;\">\n<div class=\"icon-text-block\" style=\"display: flex; align-items: center; gap: 8px;\">\n    <i class=\"fa fa-video-camera\"><\/i><br \/>\n    <span>Aufzeichnung aller 12 Workshops<\/span>\n  <\/div>\n<div class=\"icon-text-block\" style=\"display: flex; align-items: center; gap: 8px;\">\n    <i class=\"fa fa-file-alt\"><\/i><br \/>\n    <span>Alle Handouts<\/span>\n  <\/div>\n<div class=\"icon-text-block\" style=\"display: flex; align-items: center; gap: 8px;\">\n    <i class=\"fa fa-infinity\"><\/i><br \/>\n    <span>Lebenslanger Zugang<\/span>\n  <\/div>\n<div class=\"icon-text-block\" style=\"display: flex; align-items: center; gap: 8px;\">\n    <i class=\"fa fa-play-circle\"><\/i><br \/>\n    <span>So oft ansehen, wie du willst<\/span>\n  <\/div>\n<\/div>\n","protected":false},"featured_media":51222,"template":"","meta":[],"product_brand":[],"product_cat":[752,944,249],"product_tag":[],"class_list":{"0":"post-52963","1":"product","2":"type-product","3":"status-publish","4":"has-post-thumbnail","6":"product_cat-lax-vox-intense","7":"product_cat-fuer-deine-stimme","8":"product_cat-lax-vox-singers-training","9":"description-off","11":"first","12":"instock","13":"virtual","14":"sold-individually","15":"taxable","16":"purchasable","17":"product-type-simple"},"bundled_by":[],"bundle_stock_status":"instock","bundle_stock_quantity":null,"bundle_virtual":false,"bundle_layout":"","bundle_add_to_cart_form_location":"","bundle_editable_in_cart":false,"bundle_sold_individually_context":"","bundle_item_grouping":"","bundle_min_size":"","bundle_max_size":"","bundle_price":[],"bundled_items":[],"bundle_sell_ids":[],"yoast_head":"<!-- This site is optimized with the Yoast SEO plugin v27.3 - https:\/\/yoast.com\/product\/yoast-seo-wordpress\/ -->\n<title>MODERN VOICE SUMMIT | Aufzeichnungen &amp; Pr\u00e4sentationen<\/title>\n<meta name=\"description\" content=\"Erlebe 12 Workshops voller Impulse, die deine Sicht auf Stimme ver\u00e4ndern werden. Lass dich begeistern von unseren Top-Stimm-Expert*innen.\" \/>\n<meta name=\"robots\" content=\"index, follow, max-snippet:-1, max-image-preview:large, max-video-preview:-1\" \/>\n<link rel=\"canonical\" href=\"https:\/\/laxvox-institute.eu\/en\/product\/modern-voice-summit-aufzeichnungen-praesentationen\/\" \/>\n<meta property=\"og:locale\" content=\"en_US\" \/>\n<meta property=\"og:type\" content=\"article\" \/>\n<meta property=\"og:title\" content=\"MODERN VOICE SUMMIT | Aufzeichnungen &amp; Pr\u00e4sentationen\" \/>\n<meta property=\"og:description\" content=\"Erlebe 12 Workshops voller Impulse, die deine Sicht auf Stimme ver\u00e4ndern werden. Lass dich begeistern von unseren Top-Stimm-Expert*innen.\" \/>\n<meta property=\"og:url\" content=\"https:\/\/laxvox-institute.eu\/en\/product\/modern-voice-summit-aufzeichnungen-praesentationen\/\" \/>\n<meta property=\"og:site_name\" content=\"LAX VOX\u00ae Institute by Stephanie A. Kruse\" \/>\n<meta property=\"article:modified_time\" content=\"2025-10-31T08:42:21+00:00\" \/>\n<meta property=\"og:image\" content=\"https:\/\/laxvox-institute.eu\/wp-content\/uploads\/2025\/09\/1.png\" \/>\n\t<meta property=\"og:image:width\" content=\"875\" \/>\n\t<meta property=\"og:image:height\" content=\"875\" \/>\n\t<meta property=\"og:image:type\" content=\"image\/png\" \/>\n<meta name=\"twitter:card\" content=\"summary_large_image\" \/>\n<meta name=\"twitter:label1\" content=\"Est. reading time\" \/>\n\t<meta name=\"twitter:data1\" content=\"4 minutes\" \/>\n<script type=\"application\/ld+json\" class=\"yoast-schema-graph\">{\"@context\":\"https:\\\/\\\/schema.org\",\"@graph\":[{\"@type\":\"WebPage\",\"@id\":\"https:\\\/\\\/laxvox-institute.eu\\\/en\\\/product\\\/modern-voice-summit-aufzeichnungen-praesentationen\\\/\",\"url\":\"https:\\\/\\\/laxvox-institute.eu\\\/en\\\/product\\\/modern-voice-summit-aufzeichnungen-praesentationen\\\/\",\"name\":\"MODERN VOICE SUMMIT | Aufzeichnungen & Pr\u00e4sentationen\",\"isPartOf\":{\"@id\":\"https:\\\/\\\/laxvox-institute.eu\\\/en\\\/#website\"},\"primaryImageOfPage\":{\"@id\":\"https:\\\/\\\/laxvox-institute.eu\\\/en\\\/product\\\/modern-voice-summit-aufzeichnungen-praesentationen\\\/#primaryimage\"},\"image\":{\"@id\":\"https:\\\/\\\/laxvox-institute.eu\\\/en\\\/product\\\/modern-voice-summit-aufzeichnungen-praesentationen\\\/#primaryimage\"},\"thumbnailUrl\":\"https:\\\/\\\/laxvox-institute.eu\\\/wp-content\\\/uploads\\\/2025\\\/09\\\/1.png\",\"datePublished\":\"2025-10-31T08:18:00+00:00\",\"dateModified\":\"2025-10-31T08:42:21+00:00\",\"description\":\"Erlebe 12 Workshops voller Impulse, die deine Sicht auf Stimme ver\u00e4ndern werden. Lass dich begeistern von unseren Top-Stimm-Expert*innen.\",\"breadcrumb\":{\"@id\":\"https:\\\/\\\/laxvox-institute.eu\\\/en\\\/product\\\/modern-voice-summit-aufzeichnungen-praesentationen\\\/#breadcrumb\"},\"inLanguage\":\"en-US\",\"potentialAction\":[{\"@type\":\"ReadAction\",\"target\":[\"https:\\\/\\\/laxvox-institute.eu\\\/en\\\/product\\\/modern-voice-summit-aufzeichnungen-praesentationen\\\/\"]}]},{\"@type\":\"ImageObject\",\"inLanguage\":\"en-US\",\"@id\":\"https:\\\/\\\/laxvox-institute.eu\\\/en\\\/product\\\/modern-voice-summit-aufzeichnungen-praesentationen\\\/#primaryimage\",\"url\":\"https:\\\/\\\/laxvox-institute.eu\\\/wp-content\\\/uploads\\\/2025\\\/09\\\/1.png\",\"contentUrl\":\"https:\\\/\\\/laxvox-institute.eu\\\/wp-content\\\/uploads\\\/2025\\\/09\\\/1.png\",\"width\":875,\"height\":875},{\"@type\":\"BreadcrumbList\",\"@id\":\"https:\\\/\\\/laxvox-institute.eu\\\/en\\\/product\\\/modern-voice-summit-aufzeichnungen-praesentationen\\\/#breadcrumb\",\"itemListElement\":[{\"@type\":\"ListItem\",\"position\":1,\"name\":\"Startseite\",\"item\":\"https:\\\/\\\/laxvox-institute.eu\\\/en\\\/\"},{\"@type\":\"ListItem\",\"position\":2,\"name\":\"Shop\",\"item\":\"https:\\\/\\\/laxvox-institute.eu\\\/en\\\/produkt-archiv\\\/\"},{\"@type\":\"ListItem\",\"position\":3,\"name\":\"MODERN VOICE SUMMIT | Aufzeichnungen &#038; Pr\u00e4sentationen\"}]},{\"@type\":\"WebSite\",\"@id\":\"https:\\\/\\\/laxvox-institute.eu\\\/en\\\/#website\",\"url\":\"https:\\\/\\\/laxvox-institute.eu\\\/en\\\/\",\"name\":\"LAX VOX\u00ae Institute by Stephanie A. Kruse\",\"description\":\"Wissen, das hilft! Lerne alles \u00fcber Stimme!\",\"publisher\":{\"@id\":\"https:\\\/\\\/laxvox-institute.eu\\\/en\\\/#organization\"},\"potentialAction\":[{\"@type\":\"SearchAction\",\"target\":{\"@type\":\"EntryPoint\",\"urlTemplate\":\"https:\\\/\\\/laxvox-institute.eu\\\/en\\\/?s={search_term_string}\"},\"query-input\":{\"@type\":\"PropertyValueSpecification\",\"valueRequired\":true,\"valueName\":\"search_term_string\"}}],\"inLanguage\":\"en-US\"},{\"@type\":\"Organization\",\"@id\":\"https:\\\/\\\/laxvox-institute.eu\\\/en\\\/#organization\",\"name\":\"LAX VOX\u00ae Institute by Stephanie A. Kruse\",\"url\":\"https:\\\/\\\/laxvox-institute.eu\\\/en\\\/\",\"logo\":{\"@type\":\"ImageObject\",\"inLanguage\":\"en-US\",\"@id\":\"https:\\\/\\\/laxvox-institute.eu\\\/en\\\/#\\\/schema\\\/logo\\\/image\\\/\",\"url\":\"https:\\\/\\\/laxvox-institute.eu\\\/wp-content\\\/uploads\\\/2021\\\/01\\\/LANDINGPAGE_200px_INSTITUTE.webp\",\"contentUrl\":\"https:\\\/\\\/laxvox-institute.eu\\\/wp-content\\\/uploads\\\/2021\\\/01\\\/LANDINGPAGE_200px_INSTITUTE.webp\",\"width\":200,\"height\":65,\"caption\":\"LAX VOX\u00ae Institute by Stephanie A. Kruse\"},\"image\":{\"@id\":\"https:\\\/\\\/laxvox-institute.eu\\\/en\\\/#\\\/schema\\\/logo\\\/image\\\/\"},\"sameAs\":[\"https:\\\/\\\/www.instagram.com\\\/laxvox_official\\\/\"]}]}<\/script>\n<!-- \/ Yoast SEO plugin. -->","yoast_head_json":{"title":"MODERN VOICE SUMMIT | Aufzeichnungen & Pr\u00e4sentationen","description":"Erlebe 12 Workshops voller Impulse, die deine Sicht auf Stimme ver\u00e4ndern werden. Lass dich begeistern von unseren Top-Stimm-Expert*innen.","robots":{"index":"index","follow":"follow","max-snippet":"max-snippet:-1","max-image-preview":"max-image-preview:large","max-video-preview":"max-video-preview:-1"},"canonical":"https:\/\/laxvox-institute.eu\/en\/product\/modern-voice-summit-aufzeichnungen-praesentationen\/","og_locale":"en_US","og_type":"article","og_title":"MODERN VOICE SUMMIT | Aufzeichnungen & Pr\u00e4sentationen","og_description":"Erlebe 12 Workshops voller Impulse, die deine Sicht auf Stimme ver\u00e4ndern werden. Lass dich begeistern von unseren Top-Stimm-Expert*innen.","og_url":"https:\/\/laxvox-institute.eu\/en\/product\/modern-voice-summit-aufzeichnungen-praesentationen\/","og_site_name":"LAX VOX\u00ae Institute by Stephanie A. Kruse","article_modified_time":"2025-10-31T08:42:21+00:00","og_image":[{"width":875,"height":875,"url":"https:\/\/laxvox-institute.eu\/wp-content\/uploads\/2025\/09\/1.png","type":"image\/png"}],"twitter_card":"summary_large_image","twitter_misc":{"Est. reading time":"4 minutes"},"schema":{"@context":"https:\/\/schema.org","@graph":[{"@type":"WebPage","@id":"https:\/\/laxvox-institute.eu\/en\/product\/modern-voice-summit-aufzeichnungen-praesentationen\/","url":"https:\/\/laxvox-institute.eu\/en\/product\/modern-voice-summit-aufzeichnungen-praesentationen\/","name":"MODERN VOICE SUMMIT | Aufzeichnungen & Pr\u00e4sentationen","isPartOf":{"@id":"https:\/\/laxvox-institute.eu\/en\/#website"},"primaryImageOfPage":{"@id":"https:\/\/laxvox-institute.eu\/en\/product\/modern-voice-summit-aufzeichnungen-praesentationen\/#primaryimage"},"image":{"@id":"https:\/\/laxvox-institute.eu\/en\/product\/modern-voice-summit-aufzeichnungen-praesentationen\/#primaryimage"},"thumbnailUrl":"https:\/\/laxvox-institute.eu\/wp-content\/uploads\/2025\/09\/1.png","datePublished":"2025-10-31T08:18:00+00:00","dateModified":"2025-10-31T08:42:21+00:00","description":"Erlebe 12 Workshops voller Impulse, die deine Sicht auf Stimme ver\u00e4ndern werden. Lass dich begeistern von unseren Top-Stimm-Expert*innen.","breadcrumb":{"@id":"https:\/\/laxvox-institute.eu\/en\/product\/modern-voice-summit-aufzeichnungen-praesentationen\/#breadcrumb"},"inLanguage":"en-US","potentialAction":[{"@type":"ReadAction","target":["https:\/\/laxvox-institute.eu\/en\/product\/modern-voice-summit-aufzeichnungen-praesentationen\/"]}]},{"@type":"ImageObject","inLanguage":"en-US","@id":"https:\/\/laxvox-institute.eu\/en\/product\/modern-voice-summit-aufzeichnungen-praesentationen\/#primaryimage","url":"https:\/\/laxvox-institute.eu\/wp-content\/uploads\/2025\/09\/1.png","contentUrl":"https:\/\/laxvox-institute.eu\/wp-content\/uploads\/2025\/09\/1.png","width":875,"height":875},{"@type":"BreadcrumbList","@id":"https:\/\/laxvox-institute.eu\/en\/product\/modern-voice-summit-aufzeichnungen-praesentationen\/#breadcrumb","itemListElement":[{"@type":"ListItem","position":1,"name":"Startseite","item":"https:\/\/laxvox-institute.eu\/en\/"},{"@type":"ListItem","position":2,"name":"Shop","item":"https:\/\/laxvox-institute.eu\/en\/produkt-archiv\/"},{"@type":"ListItem","position":3,"name":"MODERN VOICE SUMMIT | Aufzeichnungen &#038; Pr\u00e4sentationen"}]},{"@type":"WebSite","@id":"https:\/\/laxvox-institute.eu\/en\/#website","url":"https:\/\/laxvox-institute.eu\/en\/","name":"LAX VOX\u00ae Institute by Stephanie A. Kruse","description":"Wissen, das hilft! Lerne alles \u00fcber Stimme!","publisher":{"@id":"https:\/\/laxvox-institute.eu\/en\/#organization"},"potentialAction":[{"@type":"SearchAction","target":{"@type":"EntryPoint","urlTemplate":"https:\/\/laxvox-institute.eu\/en\/?s={search_term_string}"},"query-input":{"@type":"PropertyValueSpecification","valueRequired":true,"valueName":"search_term_string"}}],"inLanguage":"en-US"},{"@type":"Organization","@id":"https:\/\/laxvox-institute.eu\/en\/#organization","name":"LAX VOX\u00ae Institute by Stephanie A. Kruse","url":"https:\/\/laxvox-institute.eu\/en\/","logo":{"@type":"ImageObject","inLanguage":"en-US","@id":"https:\/\/laxvox-institute.eu\/en\/#\/schema\/logo\/image\/","url":"https:\/\/laxvox-institute.eu\/wp-content\/uploads\/2021\/01\/LANDINGPAGE_200px_INSTITUTE.webp","contentUrl":"https:\/\/laxvox-institute.eu\/wp-content\/uploads\/2021\/01\/LANDINGPAGE_200px_INSTITUTE.webp","width":200,"height":65,"caption":"LAX VOX\u00ae Institute by Stephanie A. Kruse"},"image":{"@id":"https:\/\/laxvox-institute.eu\/en\/#\/schema\/logo\/image\/"},"sameAs":["https:\/\/www.instagram.com\/laxvox_official\/"]}]}},"_links":{"self":[{"href":"https:\/\/laxvox-institute.eu\/en\/wp-json\/wp\/v2\/product\/52963","targetHints":{"allow":["GET"]}}],"collection":[{"href":"https:\/\/laxvox-institute.eu\/en\/wp-json\/wp\/v2\/product"}],"about":[{"href":"https:\/\/laxvox-institute.eu\/en\/wp-json\/wp\/v2\/types\/product"}],"wp:featuredmedia":[{"embeddable":true,"href":"https:\/\/laxvox-institute.eu\/en\/wp-json\/wp\/v2\/media\/51222"}],"wp:attachment":[{"href":"https:\/\/laxvox-institute.eu\/en\/wp-json\/wp\/v2\/media?parent=52963"}],"wp:term":[{"taxonomy":"product_brand","embeddable":true,"href":"https:\/\/laxvox-institute.eu\/en\/wp-json\/wp\/v2\/product_brand?post=52963"},{"taxonomy":"product_cat","embeddable":true,"href":"https:\/\/laxvox-institute.eu\/en\/wp-json\/wp\/v2\/product_cat?post=52963"},{"taxonomy":"product_tag","embeddable":true,"href":"https:\/\/laxvox-institute.eu\/en\/wp-json\/wp\/v2\/product_tag?post=52963"}],"curies":[{"name":"wp","href":"https:\/\/api.w.org\/{rel}","templated":true}]}}