{"id":53285,"date":"2025-11-18T11:11:58","date_gmt":"2025-11-18T10:11:58","guid":{"rendered":"https:\/\/laxvox-institute.eu\/?post_type=product&#038;p=53285"},"modified":"2026-01-22T09:58:37","modified_gmt":"2026-01-22T08:58:37","slug":"kurs-stimmpflege-mit-lax-vox-2","status":"publish","type":"product","link":"https:\/\/laxvox-institute.eu\/en\/product\/kurs-stimmpflege-mit-lax-vox-2\/","title":{"rendered":"KURS: Stimmpflege mit LAX VOX\u00ae"},"content":{"rendered":"<h3><strong><span style=\"color: #1db8dd;\">Genie\u00dfe t\u00e4glich eine klare, stabile und verl\u00e4ssliche Stimme \u2013 dank <span style=\"caret-color: #1db8dd;\">gezielter<\/span> Stimmpflege mit LAX VOX\u00ae<\/span><\/strong><\/h3>\n<p data-start=\"210\" data-end=\"366\">Morgens klingst du kratzig und belegt, der Kiefer ist eng und mittags ist deine Stimme bereits ersch\u00f6pft?<br \/>\nDu h\u00fcstelst st\u00e4ndig, r\u00e4usperst vor dich hin und deine Stimme ist kippelig?<\/p>\n<p data-start=\"575\" data-end=\"731\">Dann brauchst du eine t\u00e4gliche Stimmpflege-Routine, die deine Stimme klar und frei klingen l\u00e4sst und verl\u00e4sslich funktioniert.<\/p>\n<p data-start=\"733\" data-end=\"1030\">I<strong>n diesem vierw\u00f6chigen Kurs, je am Mittwoch Abend, zeigt dir Logop\u00e4din und LAX VOX\u00ae Master Trainerin Stefanie Wellner, wie du mit LAX VOX\u00ae eine pers\u00f6nliche \u00dcbe-Routine entwickelst.<\/strong><br \/>\nDenn nur zu wissen, was dir gut tun w\u00fcrde, reicht nicht. Du musst es auch regelm\u00e4\u00dfig machen, damit es wirkt. Durch die w\u00f6chentlichen Termine des Stimmpflege-Kurses wird deine Stimme regelm\u00e4\u00dfig trainiert und du wirst sp\u00fcren, wie sie von Termin zu Termin belastbarer und freier wird.<\/p>\n<p><strong>Entwickle deine t\u00e4gliche Stimmroutine \u2013 f\u00fcr mehr Leichtigkeit, Belastbarkeit und Wohlbefinden.<\/strong><\/p>\n<div class=\"gap\" style=\"line-height: 10px; height: 10px;\"><\/div>\n<h4><strong><span style=\"color: #1db8dd;\">Du lernst<\/span><\/strong><\/h4>\n<p><strong>\u2713 Stimme gezielt pflegen<\/strong>: \u00dcbungen f\u00fcr Alltag, Beruf und Regeneration z. B. nach Infekten oder in der Menopause<br \/>\n<strong>\u2713 Effektive LAX VOX\u00ae-\u00dcbungen<\/strong>: zur Stimmbalance, Prophylaxe und St\u00e4rkung f\u00fcr die Sprechstimme von Viel-Sprechenden<br \/>\n<strong>\u2713 Stimmhygiene leicht umsetzen<\/strong>: Tipps f\u00fcr Lehrende, Therapierende oder Profisprechende am Mikro und auf der B\u00fchne<br \/>\n<strong>\u2713 Pers\u00f6nliche \u00dcbungsrituale entwickeln,<\/strong> die du wirklich regelm\u00e4\u00dfig nutzen willst, weil sie sofort wirken<br \/>\n<strong>\u2713 Individuelle Kurz-Coachings &amp; Tipps, <\/strong>individuell auf deine Stimme zugeschnitten<\/p>\n<p><strong>Mit klaren Anleitungen, Fachwissen und praktischem \u00dcben, das direkt im Alltag umsetzbar ist.<\/strong><\/p>\n<div class=\"gap\" style=\"line-height: 10px; height: 10px;\"><\/div>\n<h4 style=\"color: #1db8dd;\"><strong>Material:<\/strong><\/h4>\n<p>Ein original LAX VOX\u00ae-Schlauch und ein Gef\u00e4\u00df mit Wasser (ca. 0,5 l).<br \/>\nBequemer Sitzplatz, etwas Bewegungsraum, Webcam, Mikrofon und stabiles Internet.<\/p>\n<div class=\"gap\" style=\"line-height: 10px; height: 10px;\"><\/div>\n<h4 style=\"color: #1db8dd;\"><strong>Zielgruppe:<\/strong><\/h4>\n<p>F\u00fcr alle, die ihre Stimme gesund erhalten, regenerieren oder gezielt pflegen m\u00f6chten \u2013 besonders nach Infekten, starker Belastung oder in der Menopause.<\/p>\n<div class=\"gap\" style=\"line-height: 10px; height: 10px;\"><\/div>\n<h4 style=\"color: #1db8dd;\"><strong>Deine Dozentin:<\/strong><\/h4>\n<p><strong><img decoding=\"async\" class=\"alignleft wp-image-50506\" src=\"https:\/\/laxvox-institute.eu\/wp-content\/uploads\/2025\/08\/13-150x150.png\" alt=\"\" width=\"100\" height=\"100\" srcset=\"https:\/\/laxvox-institute.eu\/wp-content\/uploads\/2025\/08\/13-150x150.png 150w, https:\/\/laxvox-institute.eu\/wp-content\/uploads\/2025\/08\/13-300x300.png 300w, https:\/\/laxvox-institute.eu\/wp-content\/uploads\/2025\/08\/13-768x768.png 768w, https:\/\/laxvox-institute.eu\/wp-content\/uploads\/2025\/08\/13-500x500.png 500w, https:\/\/laxvox-institute.eu\/wp-content\/uploads\/2025\/08\/13-157x157.png 157w, https:\/\/laxvox-institute.eu\/wp-content\/uploads\/2025\/08\/13-200x200.png 200w, https:\/\/laxvox-institute.eu\/wp-content\/uploads\/2025\/08\/13.png 797w\" sizes=\"(max-width: 100px) 100vw, 100px\" \/>Stefanie Wellner<br \/>\n<\/strong> ist Logop\u00e4din, S\u00e4ngerin und LAX VOX\u00ae Master Trainerin. Sie begleitet dich mit Fokus auf Stimmgesundheit, Regulation und mit ihrer wunderbar herzlichen, ruhigen und strukturierten Didaktik.<\/p>\n<h4><\/h4>\n<p>&nbsp;<\/p>\n<h4 style=\"color: #1db8dd;\"><strong>\u00dcberblick:<\/strong><\/h4>\n<p><strong>\u2713 5 Fortbildungspunkte<\/strong><br \/>\n<strong>\u2713 Zoom live \u2013 keine Aufzeichnung<\/strong><br \/>\n<strong>\u2713 Link &amp; Skript nach Zahlungseingang im Kundenkonto<\/strong><br \/>\n<strong>\u2713 Teilnahme per PC\/Laptop empfohlen<\/strong><br \/>\n<strong>\u2713 Kamera an &amp; Klarname erforderlich<\/strong><\/p>\n","protected":false},"excerpt":{"rendered":"<div class=\"icon-text-block\"><i class=\"fa fa-calendar\"><\/i> Mittwochs: 21.01., 28.01., 04.02., 11.02.2026<\/div>\n<div class=\"icon-text-block\"><i class=\"fa fa-clock-o\"><\/i> 18:00\u201319:00 Uhr<\/div>\n<div class=\"icon-text-block\"><i class=\"fa fa-user-o\"><\/i> Stefanie Wellner<\/div>\n<div class=\"icon-text-block\"><i class=\"fa fa-certificate\"><\/i>5 Fortbildungspunkte<\/div>\n<div class=\"icon-text-block\"><i class=\"fa fa-laptop\"><\/i> Online via Zoom<\/div>\n<div class=\"icon-text-block\"><i class=\"fa fa-folder-open\"><\/i>Zoom-Link &amp; Handout im Kundenkonto<\/div>\n","protected":false},"featured_media":49672,"template":"","meta":[],"product_brand":[],"product_cat":[249,752,944],"product_tag":[],"class_list":{"0":"post-53285","1":"product","2":"type-product","3":"status-publish","4":"has-post-thumbnail","6":"product_cat-lax-vox-singers-training","7":"product_cat-lax-vox-intense","8":"product_cat-fuer-deine-stimme","9":"description-off","11":"first","12":"instock","13":"virtual","14":"sold-individually","15":"product-type-simple"},"bundled_by":[],"bundle_stock_status":"instock","bundle_stock_quantity":null,"bundle_virtual":false,"bundle_layout":"","bundle_add_to_cart_form_location":"","bundle_editable_in_cart":false,"bundle_sold_individually_context":"","bundle_item_grouping":"","bundle_min_size":"","bundle_max_size":"","bundle_price":[],"bundled_items":[],"bundle_sell_ids":[],"yoast_head":"<!-- This site is optimized with the Yoast SEO plugin v27.4 - https:\/\/yoast.com\/product\/yoast-seo-wordpress\/ -->\n<title>KURS: Stimmpflege mit LAX VOX\u00ae<\/title>\n<meta name=\"description\" content=\"In diesem vierw\u00f6chigen Kurs lernst du, wie du deine Stimme mit LAX VOX\u00ae pflegen kannst, die Regeneration f\u00f6rderst und Stimmproblemen vorbeugst.\" \/>\n<meta name=\"robots\" content=\"index, follow, max-snippet:-1, max-image-preview:large, max-video-preview:-1\" \/>\n<link rel=\"canonical\" href=\"https:\/\/laxvox-institute.eu\/en\/product\/kurs-stimmpflege-mit-lax-vox-2\/\" \/>\n<meta property=\"og:locale\" content=\"en_US\" \/>\n<meta property=\"og:type\" content=\"article\" \/>\n<meta property=\"og:title\" content=\"KURS: Stimmpflege mit LAX VOX\u00ae\" \/>\n<meta property=\"og:description\" content=\"In diesem vierw\u00f6chigen Kurs lernst du, wie du deine Stimme mit LAX VOX\u00ae pflegen kannst, die Regeneration f\u00f6rderst und Stimmproblemen vorbeugst.\" \/>\n<meta property=\"og:url\" content=\"https:\/\/laxvox-institute.eu\/en\/product\/kurs-stimmpflege-mit-lax-vox-2\/\" \/>\n<meta property=\"og:site_name\" content=\"LAX VOX\u00ae Institute by Stephanie A. Kruse\" \/>\n<meta property=\"article:modified_time\" content=\"2026-01-22T08:58:37+00:00\" \/>\n<meta property=\"og:image\" content=\"https:\/\/laxvox-institute.eu\/wp-content\/uploads\/2025\/07\/6.png\" \/>\n\t<meta property=\"og:image:width\" content=\"1000\" \/>\n\t<meta property=\"og:image:height\" content=\"1000\" \/>\n\t<meta property=\"og:image:type\" content=\"image\/png\" \/>\n<meta name=\"twitter:card\" content=\"summary_large_image\" \/>\n<meta name=\"twitter:label1\" content=\"Est. reading time\" \/>\n\t<meta name=\"twitter:data1\" content=\"3 minutes\" \/>\n<script type=\"application\/ld+json\" class=\"yoast-schema-graph\">{\"@context\":\"https:\\\/\\\/schema.org\",\"@graph\":[{\"@type\":\"WebPage\",\"@id\":\"https:\\\/\\\/laxvox-institute.eu\\\/en\\\/product\\\/kurs-stimmpflege-mit-lax-vox-2\\\/\",\"url\":\"https:\\\/\\\/laxvox-institute.eu\\\/en\\\/product\\\/kurs-stimmpflege-mit-lax-vox-2\\\/\",\"name\":\"KURS: Stimmpflege mit LAX VOX\u00ae\",\"isPartOf\":{\"@id\":\"https:\\\/\\\/laxvox-institute.eu\\\/en\\\/#website\"},\"primaryImageOfPage\":{\"@id\":\"https:\\\/\\\/laxvox-institute.eu\\\/en\\\/product\\\/kurs-stimmpflege-mit-lax-vox-2\\\/#primaryimage\"},\"image\":{\"@id\":\"https:\\\/\\\/laxvox-institute.eu\\\/en\\\/product\\\/kurs-stimmpflege-mit-lax-vox-2\\\/#primaryimage\"},\"thumbnailUrl\":\"https:\\\/\\\/laxvox-institute.eu\\\/wp-content\\\/uploads\\\/2025\\\/07\\\/6.png\",\"datePublished\":\"2025-11-18T10:11:58+00:00\",\"dateModified\":\"2026-01-22T08:58:37+00:00\",\"description\":\"In diesem vierw\u00f6chigen Kurs lernst du, wie du deine Stimme mit LAX VOX\u00ae pflegen kannst, die Regeneration f\u00f6rderst und Stimmproblemen vorbeugst.\",\"breadcrumb\":{\"@id\":\"https:\\\/\\\/laxvox-institute.eu\\\/en\\\/product\\\/kurs-stimmpflege-mit-lax-vox-2\\\/#breadcrumb\"},\"inLanguage\":\"en-US\",\"potentialAction\":[{\"@type\":\"ReadAction\",\"target\":[\"https:\\\/\\\/laxvox-institute.eu\\\/en\\\/product\\\/kurs-stimmpflege-mit-lax-vox-2\\\/\"]}]},{\"@type\":\"ImageObject\",\"inLanguage\":\"en-US\",\"@id\":\"https:\\\/\\\/laxvox-institute.eu\\\/en\\\/product\\\/kurs-stimmpflege-mit-lax-vox-2\\\/#primaryimage\",\"url\":\"https:\\\/\\\/laxvox-institute.eu\\\/wp-content\\\/uploads\\\/2025\\\/07\\\/6.png\",\"contentUrl\":\"https:\\\/\\\/laxvox-institute.eu\\\/wp-content\\\/uploads\\\/2025\\\/07\\\/6.png\",\"width\":1000,\"height\":1000},{\"@type\":\"BreadcrumbList\",\"@id\":\"https:\\\/\\\/laxvox-institute.eu\\\/en\\\/product\\\/kurs-stimmpflege-mit-lax-vox-2\\\/#breadcrumb\",\"itemListElement\":[{\"@type\":\"ListItem\",\"position\":1,\"name\":\"Startseite\",\"item\":\"https:\\\/\\\/laxvox-institute.eu\\\/en\\\/\"},{\"@type\":\"ListItem\",\"position\":2,\"name\":\"Shop\",\"item\":\"https:\\\/\\\/laxvox-institute.eu\\\/en\\\/produkt-archiv\\\/\"},{\"@type\":\"ListItem\",\"position\":3,\"name\":\"KURS: Stimmpflege mit LAX VOX\u00ae\"}]},{\"@type\":\"WebSite\",\"@id\":\"https:\\\/\\\/laxvox-institute.eu\\\/en\\\/#website\",\"url\":\"https:\\\/\\\/laxvox-institute.eu\\\/en\\\/\",\"name\":\"LAX VOX\u00ae Institute by Stephanie A. Kruse\",\"description\":\"Wissen, das hilft! Lerne alles \u00fcber Stimme!\",\"publisher\":{\"@id\":\"https:\\\/\\\/laxvox-institute.eu\\\/en\\\/#organization\"},\"potentialAction\":[{\"@type\":\"SearchAction\",\"target\":{\"@type\":\"EntryPoint\",\"urlTemplate\":\"https:\\\/\\\/laxvox-institute.eu\\\/en\\\/?s={search_term_string}\"},\"query-input\":{\"@type\":\"PropertyValueSpecification\",\"valueRequired\":true,\"valueName\":\"search_term_string\"}}],\"inLanguage\":\"en-US\"},{\"@type\":\"Organization\",\"@id\":\"https:\\\/\\\/laxvox-institute.eu\\\/en\\\/#organization\",\"name\":\"LAX VOX\u00ae Institute by Stephanie A. Kruse\",\"url\":\"https:\\\/\\\/laxvox-institute.eu\\\/en\\\/\",\"logo\":{\"@type\":\"ImageObject\",\"inLanguage\":\"en-US\",\"@id\":\"https:\\\/\\\/laxvox-institute.eu\\\/en\\\/#\\\/schema\\\/logo\\\/image\\\/\",\"url\":\"https:\\\/\\\/laxvox-institute.eu\\\/wp-content\\\/uploads\\\/2021\\\/01\\\/LANDINGPAGE_200px_INSTITUTE.webp\",\"contentUrl\":\"https:\\\/\\\/laxvox-institute.eu\\\/wp-content\\\/uploads\\\/2021\\\/01\\\/LANDINGPAGE_200px_INSTITUTE.webp\",\"width\":200,\"height\":65,\"caption\":\"LAX VOX\u00ae Institute by Stephanie A. Kruse\"},\"image\":{\"@id\":\"https:\\\/\\\/laxvox-institute.eu\\\/en\\\/#\\\/schema\\\/logo\\\/image\\\/\"},\"sameAs\":[\"https:\\\/\\\/www.instagram.com\\\/laxvox_official\\\/\"]}]}<\/script>\n<!-- \/ Yoast SEO plugin. -->","yoast_head_json":{"title":"KURS: Stimmpflege mit LAX VOX\u00ae","description":"In diesem vierw\u00f6chigen Kurs lernst du, wie du deine Stimme mit LAX VOX\u00ae pflegen kannst, die Regeneration f\u00f6rderst und Stimmproblemen vorbeugst.","robots":{"index":"index","follow":"follow","max-snippet":"max-snippet:-1","max-image-preview":"max-image-preview:large","max-video-preview":"max-video-preview:-1"},"canonical":"https:\/\/laxvox-institute.eu\/en\/product\/kurs-stimmpflege-mit-lax-vox-2\/","og_locale":"en_US","og_type":"article","og_title":"KURS: Stimmpflege mit LAX VOX\u00ae","og_description":"In diesem vierw\u00f6chigen Kurs lernst du, wie du deine Stimme mit LAX VOX\u00ae pflegen kannst, die Regeneration f\u00f6rderst und Stimmproblemen vorbeugst.","og_url":"https:\/\/laxvox-institute.eu\/en\/product\/kurs-stimmpflege-mit-lax-vox-2\/","og_site_name":"LAX VOX\u00ae Institute by Stephanie A. Kruse","article_modified_time":"2026-01-22T08:58:37+00:00","og_image":[{"width":1000,"height":1000,"url":"https:\/\/laxvox-institute.eu\/wp-content\/uploads\/2025\/07\/6.png","type":"image\/png"}],"twitter_card":"summary_large_image","twitter_misc":{"Est. reading time":"3 minutes"},"schema":{"@context":"https:\/\/schema.org","@graph":[{"@type":"WebPage","@id":"https:\/\/laxvox-institute.eu\/en\/product\/kurs-stimmpflege-mit-lax-vox-2\/","url":"https:\/\/laxvox-institute.eu\/en\/product\/kurs-stimmpflege-mit-lax-vox-2\/","name":"KURS: Stimmpflege mit LAX VOX\u00ae","isPartOf":{"@id":"https:\/\/laxvox-institute.eu\/en\/#website"},"primaryImageOfPage":{"@id":"https:\/\/laxvox-institute.eu\/en\/product\/kurs-stimmpflege-mit-lax-vox-2\/#primaryimage"},"image":{"@id":"https:\/\/laxvox-institute.eu\/en\/product\/kurs-stimmpflege-mit-lax-vox-2\/#primaryimage"},"thumbnailUrl":"https:\/\/laxvox-institute.eu\/wp-content\/uploads\/2025\/07\/6.png","datePublished":"2025-11-18T10:11:58+00:00","dateModified":"2026-01-22T08:58:37+00:00","description":"In diesem vierw\u00f6chigen Kurs lernst du, wie du deine Stimme mit LAX VOX\u00ae pflegen kannst, die Regeneration f\u00f6rderst und Stimmproblemen vorbeugst.","breadcrumb":{"@id":"https:\/\/laxvox-institute.eu\/en\/product\/kurs-stimmpflege-mit-lax-vox-2\/#breadcrumb"},"inLanguage":"en-US","potentialAction":[{"@type":"ReadAction","target":["https:\/\/laxvox-institute.eu\/en\/product\/kurs-stimmpflege-mit-lax-vox-2\/"]}]},{"@type":"ImageObject","inLanguage":"en-US","@id":"https:\/\/laxvox-institute.eu\/en\/product\/kurs-stimmpflege-mit-lax-vox-2\/#primaryimage","url":"https:\/\/laxvox-institute.eu\/wp-content\/uploads\/2025\/07\/6.png","contentUrl":"https:\/\/laxvox-institute.eu\/wp-content\/uploads\/2025\/07\/6.png","width":1000,"height":1000},{"@type":"BreadcrumbList","@id":"https:\/\/laxvox-institute.eu\/en\/product\/kurs-stimmpflege-mit-lax-vox-2\/#breadcrumb","itemListElement":[{"@type":"ListItem","position":1,"name":"Startseite","item":"https:\/\/laxvox-institute.eu\/en\/"},{"@type":"ListItem","position":2,"name":"Shop","item":"https:\/\/laxvox-institute.eu\/en\/produkt-archiv\/"},{"@type":"ListItem","position":3,"name":"KURS: Stimmpflege mit LAX VOX\u00ae"}]},{"@type":"WebSite","@id":"https:\/\/laxvox-institute.eu\/en\/#website","url":"https:\/\/laxvox-institute.eu\/en\/","name":"LAX VOX\u00ae Institute by Stephanie A. Kruse","description":"Wissen, das hilft! Lerne alles \u00fcber Stimme!","publisher":{"@id":"https:\/\/laxvox-institute.eu\/en\/#organization"},"potentialAction":[{"@type":"SearchAction","target":{"@type":"EntryPoint","urlTemplate":"https:\/\/laxvox-institute.eu\/en\/?s={search_term_string}"},"query-input":{"@type":"PropertyValueSpecification","valueRequired":true,"valueName":"search_term_string"}}],"inLanguage":"en-US"},{"@type":"Organization","@id":"https:\/\/laxvox-institute.eu\/en\/#organization","name":"LAX VOX\u00ae Institute by Stephanie A. Kruse","url":"https:\/\/laxvox-institute.eu\/en\/","logo":{"@type":"ImageObject","inLanguage":"en-US","@id":"https:\/\/laxvox-institute.eu\/en\/#\/schema\/logo\/image\/","url":"https:\/\/laxvox-institute.eu\/wp-content\/uploads\/2021\/01\/LANDINGPAGE_200px_INSTITUTE.webp","contentUrl":"https:\/\/laxvox-institute.eu\/wp-content\/uploads\/2021\/01\/LANDINGPAGE_200px_INSTITUTE.webp","width":200,"height":65,"caption":"LAX VOX\u00ae Institute by Stephanie A. Kruse"},"image":{"@id":"https:\/\/laxvox-institute.eu\/en\/#\/schema\/logo\/image\/"},"sameAs":["https:\/\/www.instagram.com\/laxvox_official\/"]}]}},"_links":{"self":[{"href":"https:\/\/laxvox-institute.eu\/en\/wp-json\/wp\/v2\/product\/53285","targetHints":{"allow":["GET"]}}],"collection":[{"href":"https:\/\/laxvox-institute.eu\/en\/wp-json\/wp\/v2\/product"}],"about":[{"href":"https:\/\/laxvox-institute.eu\/en\/wp-json\/wp\/v2\/types\/product"}],"wp:featuredmedia":[{"embeddable":true,"href":"https:\/\/laxvox-institute.eu\/en\/wp-json\/wp\/v2\/media\/49672"}],"wp:attachment":[{"href":"https:\/\/laxvox-institute.eu\/en\/wp-json\/wp\/v2\/media?parent=53285"}],"wp:term":[{"taxonomy":"product_brand","embeddable":true,"href":"https:\/\/laxvox-institute.eu\/en\/wp-json\/wp\/v2\/product_brand?post=53285"},{"taxonomy":"product_cat","embeddable":true,"href":"https:\/\/laxvox-institute.eu\/en\/wp-json\/wp\/v2\/product_cat?post=53285"},{"taxonomy":"product_tag","embeddable":true,"href":"https:\/\/laxvox-institute.eu\/en\/wp-json\/wp\/v2\/product_tag?post=53285"}],"curies":[{"name":"wp","href":"https:\/\/api.w.org\/{rel}","templated":true}]}}