{"id":53317,"date":"2025-11-19T22:07:05","date_gmt":"2025-11-19T21:07:05","guid":{"rendered":"https:\/\/laxvox-institute.eu\/?post_type=product&#038;p=53317"},"modified":"2026-01-14T10:37:35","modified_gmt":"2026-01-14T09:37:35","slug":"positive-psychologie-als-tool-in-der-stimmarbeit","status":"publish","type":"product","link":"https:\/\/laxvox-institute.eu\/en\/product\/positive-psychologie-als-tool-in-der-stimmarbeit\/","title":{"rendered":"Positive Psychologie als Tool in der Stimmarbeit"},"content":{"rendered":"<h3><span style=\"color: #1db8dd;\">\u201eFrust in der Stimmarbeit? Zeit, die Perspektive zu wechseln.\u201c<\/span><\/h3>\n<p data-start=\"91\" data-end=\"525\">Wenn Stagnation und Frust in der Stimmarbeit auftreten, lohnt es sich, die Zusammenarbeit aus einem neuen Blickwinkel zu betrachten. Lerne, wie Tools und \u00dcbungen aus der wissenschaftlich fundierten Positiven Psychologie das tats\u00e4chliche Ziel der Person kl\u00e4ren und dir erm\u00f6glichen, gezielt an den richtigen Punkten anzusetzen \u2013 mit Leichtigkeit, Freude am Lernen und schnellen Aha-Momenten.<\/p>\n<p data-start=\"527\" data-end=\"866\">Die einfachen, niedrigschwelligen \u00dcbungen lassen sich leicht in die Stimmarbeit integrieren, ohne dich oder dein Gegen\u00fcber zu \u00fcberfordern. Die Positive Psychologie konzentriert sich dabei nicht auf Probleme oder Defizite, sondern darauf, Menschen zu st\u00e4rken, Zufriedenheit zu f\u00f6rdern und Lernen sowie Entwicklung gezielt zu unterst\u00fctzen.<\/p>\n<p data-start=\"868\" data-end=\"1073\">Durch die Integration in dein didaktisches Handeln kannst du Blockaden reduzieren, Selbstabwertung vermeiden und deine Stimmarbeit noch wirksamer gestalten \u2013 f\u00fcr bessere Ergebnisse und mehr Wohlbefinden.<\/p>\n<div class=\"gap\" style=\"line-height: 10px; height: 10px;\"><\/div>\n<h4><strong><span style=\"color: #1db8dd;\">Du lernst<\/span><\/strong><\/h4>\n<p><strong>\u2713 Integration von Positiver Psychologie<\/strong>: direkt anwendbar in der Stimmarbeit<br \/>\n<strong>\u2713 Mindset-Tools und \u00dcbungen<\/strong>: um Blockaden und Schw\u00e4chenfokussierung zu reduzieren<br \/>\n<strong>\u2713 Steigerung von Wohlbefinden<\/strong>: bei dir und anderen<br \/>\n<strong>\u2713 Positive Einstellung zum Lernen<\/strong>: Motivation und Freude im Coaching<\/p>\n<div class=\"gap\" style=\"line-height: 10px; height: 10px;\"><\/div>\n<p><strong>Bitte beachte: dieser Workshop ersetzt keine psychologische Beratung!<br \/>\n<\/strong><\/p>\n<p data-start=\"55\" data-end=\"180\"><strong data-start=\"55\" data-end=\"178\">Die Positive Psychologie ist kein psychotherapeutischer Ansatz, sondern ein wissenschaftlicher Bereich der Psychologie.<\/strong><\/p>\n<h4 style=\"color: #1db8dd;\"><strong>Zielgruppe:<\/strong><\/h4>\n<p>F\u00fcr alle, die mit Menschen an deren Stimmen arbeiten (in der Stimmtherapie, dem Gesang oder der Sprechstimme) oder stimmliche Herausforderungen meistern m\u00f6chten \u2013 egal ob Anf\u00e4nger*innen oder erfahrene Coaches.<\/p>\n<div class=\"gap\" style=\"line-height: 10px; height: 10px;\"><\/div>\n<h4 style=\"color: #1db8dd;\"><strong>Deine Dozentin:<\/strong><\/h4>\n<p><strong><img decoding=\"async\" class=\"alignleft wp-image-53047\" src=\"https:\/\/laxvox-institute.eu\/wp-content\/uploads\/2025\/11\/4-1-300x300.png\" alt=\"\" width=\"100\" height=\"100\" srcset=\"https:\/\/laxvox-institute.eu\/wp-content\/uploads\/2025\/11\/4-1-300x300.png 300w, https:\/\/laxvox-institute.eu\/wp-content\/uploads\/2025\/11\/4-1-150x150.png 150w, https:\/\/laxvox-institute.eu\/wp-content\/uploads\/2025\/11\/4-1-768x768.png 768w, https:\/\/laxvox-institute.eu\/wp-content\/uploads\/2025\/11\/4-1-500x500.png 500w, https:\/\/laxvox-institute.eu\/wp-content\/uploads\/2025\/11\/4-1-157x157.png 157w, https:\/\/laxvox-institute.eu\/wp-content\/uploads\/2025\/11\/4-1-200x200.png 200w, https:\/\/laxvox-institute.eu\/wp-content\/uploads\/2025\/11\/4-1.png 886w\" sizes=\"(max-width: 100px) 100vw, 100px\" \/>Gabriele Wohlgemuth<\/strong> ist LAX VOX\u00ae Master Trainerin und hat eine Zusatzqualifikation in Positiver Psychologie. Sie zeigt dir praxisnah, wie Mindset-Blockaden, Selbstabwertung und Schw\u00e4chenfokussierung reduziert werden k\u00f6nnen \u2013 f\u00fcr schnellere und bessere Ergebnisse im Stimmcoaching.<\/p>\n<div class=\"gap\" style=\"line-height: 10px; height: 10px;\"><\/div>\n<p>&nbsp;<\/p>\n<h4 style=\"color: #1db8dd;\"><strong>\u00dcberblick:<\/strong><\/h4>\n<p><strong>\u2713 5 Fortbildungspunkte<\/strong><br \/>\n<strong>\u2713 Zoom live, keine Aufzeichnung<\/strong><br \/>\n<strong>\u2713 Link &amp; Skript nach Zahlungseingang im Kundenkonto<\/strong><br \/>\n<strong>\u2713 Teilnahme per PC\/Laptop empfohlen<\/strong><br \/>\n<strong>\u2713 Kamera an &amp; Klarname erforderlich<\/strong><\/p>\n","protected":false},"excerpt":{"rendered":"<div class=\"icon-text-block\">Freitag, 23.01.2026<\/div>\n<div class=\"icon-text-block\"><i class=\"fa fa-clock-o\"><\/i> 10:00\u201314:00 Uhr<\/div>\n<div class=\"icon-text-block\"><i class=\"fa fa-user-o\"><\/i> Gabriele Wohlgemuth<\/div>\n<div class=\"icon-text-block\"><i class=\"fa fa-certificate\"><\/i>5 Fortbildungspunkte<\/div>\n<div class=\"icon-text-block\"><i class=\"fa fa-laptop\"><\/i> Online via Zoom<\/div>\n<div class=\"icon-text-block\"><i class=\"fa fa-folder-open\"><\/i>Zoom-Link &amp; Handout im Kundenkonto<\/div>\n","protected":false},"featured_media":49660,"template":"","meta":[],"product_brand":[],"product_cat":[752,944,249],"product_tag":[],"class_list":{"0":"post-53317","1":"product","2":"type-product","3":"status-publish","4":"has-post-thumbnail","6":"product_cat-lax-vox-intense","7":"product_cat-fuer-deine-stimme","8":"product_cat-lax-vox-singers-training","9":"description-off","11":"first","12":"instock","13":"virtual","14":"sold-individually","15":"purchasable","16":"product-type-simple"},"bundled_by":[],"bundle_stock_status":"instock","bundle_stock_quantity":null,"bundle_virtual":false,"bundle_layout":"","bundle_add_to_cart_form_location":"","bundle_editable_in_cart":false,"bundle_sold_individually_context":"","bundle_item_grouping":"","bundle_min_size":"","bundle_max_size":"","bundle_price":[],"bundled_items":[],"bundle_sell_ids":[],"yoast_head":"<!-- This site is optimized with the Yoast SEO plugin v27.4 - https:\/\/yoast.com\/product\/yoast-seo-wordpress\/ -->\n<title>Positive Psychologie als Tool in der Stimmarbeit<\/title>\n<meta name=\"description\" content=\"Lerne in diesem Online-Workshop, wie Tools und \u00dcbungen aus der Positiven Psychologie deine Stimmarbeit klarer und effektiver gestalten.\" \/>\n<meta name=\"robots\" content=\"index, follow, max-snippet:-1, max-image-preview:large, max-video-preview:-1\" \/>\n<link rel=\"canonical\" href=\"https:\/\/laxvox-institute.eu\/en\/product\/positive-psychologie-als-tool-in-der-stimmarbeit\/\" \/>\n<meta property=\"og:locale\" content=\"en_US\" \/>\n<meta property=\"og:type\" content=\"article\" \/>\n<meta property=\"og:title\" content=\"Positive Psychologie als Tool in der Stimmarbeit\" \/>\n<meta property=\"og:description\" content=\"Lerne in diesem Online-Workshop, wie Tools und \u00dcbungen aus der Positiven Psychologie deine Stimmarbeit klarer und effektiver gestalten.\" \/>\n<meta property=\"og:url\" content=\"https:\/\/laxvox-institute.eu\/en\/product\/positive-psychologie-als-tool-in-der-stimmarbeit\/\" \/>\n<meta property=\"og:site_name\" content=\"LAX VOX\u00ae Institute by Stephanie A. Kruse\" \/>\n<meta property=\"article:modified_time\" content=\"2026-01-14T09:37:35+00:00\" \/>\n<meta property=\"og:image\" content=\"https:\/\/laxvox-institute.eu\/wp-content\/uploads\/2025\/07\/2.png\" \/>\n\t<meta property=\"og:image:width\" content=\"1000\" \/>\n\t<meta property=\"og:image:height\" content=\"1000\" \/>\n\t<meta property=\"og:image:type\" content=\"image\/png\" \/>\n<meta name=\"twitter:card\" content=\"summary_large_image\" \/>\n<meta name=\"twitter:label1\" content=\"Est. reading time\" \/>\n\t<meta name=\"twitter:data1\" content=\"3 minutes\" \/>\n<script type=\"application\/ld+json\" class=\"yoast-schema-graph\">{\"@context\":\"https:\\\/\\\/schema.org\",\"@graph\":[{\"@type\":\"WebPage\",\"@id\":\"https:\\\/\\\/laxvox-institute.eu\\\/en\\\/product\\\/positive-psychologie-als-tool-in-der-stimmarbeit\\\/\",\"url\":\"https:\\\/\\\/laxvox-institute.eu\\\/en\\\/product\\\/positive-psychologie-als-tool-in-der-stimmarbeit\\\/\",\"name\":\"Positive Psychologie als Tool in der Stimmarbeit\",\"isPartOf\":{\"@id\":\"https:\\\/\\\/laxvox-institute.eu\\\/en\\\/#website\"},\"primaryImageOfPage\":{\"@id\":\"https:\\\/\\\/laxvox-institute.eu\\\/en\\\/product\\\/positive-psychologie-als-tool-in-der-stimmarbeit\\\/#primaryimage\"},\"image\":{\"@id\":\"https:\\\/\\\/laxvox-institute.eu\\\/en\\\/product\\\/positive-psychologie-als-tool-in-der-stimmarbeit\\\/#primaryimage\"},\"thumbnailUrl\":\"https:\\\/\\\/laxvox-institute.eu\\\/wp-content\\\/uploads\\\/2025\\\/07\\\/2.png\",\"datePublished\":\"2025-11-19T21:07:05+00:00\",\"dateModified\":\"2026-01-14T09:37:35+00:00\",\"description\":\"Lerne in diesem Online-Workshop, wie Tools und \u00dcbungen aus der Positiven Psychologie deine Stimmarbeit klarer und effektiver gestalten.\",\"breadcrumb\":{\"@id\":\"https:\\\/\\\/laxvox-institute.eu\\\/en\\\/product\\\/positive-psychologie-als-tool-in-der-stimmarbeit\\\/#breadcrumb\"},\"inLanguage\":\"en-US\",\"potentialAction\":[{\"@type\":\"ReadAction\",\"target\":[\"https:\\\/\\\/laxvox-institute.eu\\\/en\\\/product\\\/positive-psychologie-als-tool-in-der-stimmarbeit\\\/\"]}]},{\"@type\":\"ImageObject\",\"inLanguage\":\"en-US\",\"@id\":\"https:\\\/\\\/laxvox-institute.eu\\\/en\\\/product\\\/positive-psychologie-als-tool-in-der-stimmarbeit\\\/#primaryimage\",\"url\":\"https:\\\/\\\/laxvox-institute.eu\\\/wp-content\\\/uploads\\\/2025\\\/07\\\/2.png\",\"contentUrl\":\"https:\\\/\\\/laxvox-institute.eu\\\/wp-content\\\/uploads\\\/2025\\\/07\\\/2.png\",\"width\":1000,\"height\":1000},{\"@type\":\"BreadcrumbList\",\"@id\":\"https:\\\/\\\/laxvox-institute.eu\\\/en\\\/product\\\/positive-psychologie-als-tool-in-der-stimmarbeit\\\/#breadcrumb\",\"itemListElement\":[{\"@type\":\"ListItem\",\"position\":1,\"name\":\"Startseite\",\"item\":\"https:\\\/\\\/laxvox-institute.eu\\\/en\\\/\"},{\"@type\":\"ListItem\",\"position\":2,\"name\":\"Shop\",\"item\":\"https:\\\/\\\/laxvox-institute.eu\\\/en\\\/produkt-archiv\\\/\"},{\"@type\":\"ListItem\",\"position\":3,\"name\":\"Positive Psychologie als Tool in der Stimmarbeit\"}]},{\"@type\":\"WebSite\",\"@id\":\"https:\\\/\\\/laxvox-institute.eu\\\/en\\\/#website\",\"url\":\"https:\\\/\\\/laxvox-institute.eu\\\/en\\\/\",\"name\":\"LAX VOX\u00ae Institute by Stephanie A. Kruse\",\"description\":\"Wissen, das hilft! Lerne alles \u00fcber Stimme!\",\"publisher\":{\"@id\":\"https:\\\/\\\/laxvox-institute.eu\\\/en\\\/#organization\"},\"potentialAction\":[{\"@type\":\"SearchAction\",\"target\":{\"@type\":\"EntryPoint\",\"urlTemplate\":\"https:\\\/\\\/laxvox-institute.eu\\\/en\\\/?s={search_term_string}\"},\"query-input\":{\"@type\":\"PropertyValueSpecification\",\"valueRequired\":true,\"valueName\":\"search_term_string\"}}],\"inLanguage\":\"en-US\"},{\"@type\":\"Organization\",\"@id\":\"https:\\\/\\\/laxvox-institute.eu\\\/en\\\/#organization\",\"name\":\"LAX VOX\u00ae Institute by Stephanie A. Kruse\",\"url\":\"https:\\\/\\\/laxvox-institute.eu\\\/en\\\/\",\"logo\":{\"@type\":\"ImageObject\",\"inLanguage\":\"en-US\",\"@id\":\"https:\\\/\\\/laxvox-institute.eu\\\/en\\\/#\\\/schema\\\/logo\\\/image\\\/\",\"url\":\"https:\\\/\\\/laxvox-institute.eu\\\/wp-content\\\/uploads\\\/2021\\\/01\\\/LANDINGPAGE_200px_INSTITUTE.webp\",\"contentUrl\":\"https:\\\/\\\/laxvox-institute.eu\\\/wp-content\\\/uploads\\\/2021\\\/01\\\/LANDINGPAGE_200px_INSTITUTE.webp\",\"width\":200,\"height\":65,\"caption\":\"LAX VOX\u00ae Institute by Stephanie A. Kruse\"},\"image\":{\"@id\":\"https:\\\/\\\/laxvox-institute.eu\\\/en\\\/#\\\/schema\\\/logo\\\/image\\\/\"},\"sameAs\":[\"https:\\\/\\\/www.instagram.com\\\/laxvox_official\\\/\"]}]}<\/script>\n<!-- \/ Yoast SEO plugin. -->","yoast_head_json":{"title":"Positive Psychologie als Tool in der Stimmarbeit","description":"Lerne in diesem Online-Workshop, wie Tools und \u00dcbungen aus der Positiven Psychologie deine Stimmarbeit klarer und effektiver gestalten.","robots":{"index":"index","follow":"follow","max-snippet":"max-snippet:-1","max-image-preview":"max-image-preview:large","max-video-preview":"max-video-preview:-1"},"canonical":"https:\/\/laxvox-institute.eu\/en\/product\/positive-psychologie-als-tool-in-der-stimmarbeit\/","og_locale":"en_US","og_type":"article","og_title":"Positive Psychologie als Tool in der Stimmarbeit","og_description":"Lerne in diesem Online-Workshop, wie Tools und \u00dcbungen aus der Positiven Psychologie deine Stimmarbeit klarer und effektiver gestalten.","og_url":"https:\/\/laxvox-institute.eu\/en\/product\/positive-psychologie-als-tool-in-der-stimmarbeit\/","og_site_name":"LAX VOX\u00ae Institute by Stephanie A. Kruse","article_modified_time":"2026-01-14T09:37:35+00:00","og_image":[{"width":1000,"height":1000,"url":"https:\/\/laxvox-institute.eu\/wp-content\/uploads\/2025\/07\/2.png","type":"image\/png"}],"twitter_card":"summary_large_image","twitter_misc":{"Est. reading time":"3 minutes"},"schema":{"@context":"https:\/\/schema.org","@graph":[{"@type":"WebPage","@id":"https:\/\/laxvox-institute.eu\/en\/product\/positive-psychologie-als-tool-in-der-stimmarbeit\/","url":"https:\/\/laxvox-institute.eu\/en\/product\/positive-psychologie-als-tool-in-der-stimmarbeit\/","name":"Positive Psychologie als Tool in der Stimmarbeit","isPartOf":{"@id":"https:\/\/laxvox-institute.eu\/en\/#website"},"primaryImageOfPage":{"@id":"https:\/\/laxvox-institute.eu\/en\/product\/positive-psychologie-als-tool-in-der-stimmarbeit\/#primaryimage"},"image":{"@id":"https:\/\/laxvox-institute.eu\/en\/product\/positive-psychologie-als-tool-in-der-stimmarbeit\/#primaryimage"},"thumbnailUrl":"https:\/\/laxvox-institute.eu\/wp-content\/uploads\/2025\/07\/2.png","datePublished":"2025-11-19T21:07:05+00:00","dateModified":"2026-01-14T09:37:35+00:00","description":"Lerne in diesem Online-Workshop, wie Tools und \u00dcbungen aus der Positiven Psychologie deine Stimmarbeit klarer und effektiver gestalten.","breadcrumb":{"@id":"https:\/\/laxvox-institute.eu\/en\/product\/positive-psychologie-als-tool-in-der-stimmarbeit\/#breadcrumb"},"inLanguage":"en-US","potentialAction":[{"@type":"ReadAction","target":["https:\/\/laxvox-institute.eu\/en\/product\/positive-psychologie-als-tool-in-der-stimmarbeit\/"]}]},{"@type":"ImageObject","inLanguage":"en-US","@id":"https:\/\/laxvox-institute.eu\/en\/product\/positive-psychologie-als-tool-in-der-stimmarbeit\/#primaryimage","url":"https:\/\/laxvox-institute.eu\/wp-content\/uploads\/2025\/07\/2.png","contentUrl":"https:\/\/laxvox-institute.eu\/wp-content\/uploads\/2025\/07\/2.png","width":1000,"height":1000},{"@type":"BreadcrumbList","@id":"https:\/\/laxvox-institute.eu\/en\/product\/positive-psychologie-als-tool-in-der-stimmarbeit\/#breadcrumb","itemListElement":[{"@type":"ListItem","position":1,"name":"Startseite","item":"https:\/\/laxvox-institute.eu\/en\/"},{"@type":"ListItem","position":2,"name":"Shop","item":"https:\/\/laxvox-institute.eu\/en\/produkt-archiv\/"},{"@type":"ListItem","position":3,"name":"Positive Psychologie als Tool in der Stimmarbeit"}]},{"@type":"WebSite","@id":"https:\/\/laxvox-institute.eu\/en\/#website","url":"https:\/\/laxvox-institute.eu\/en\/","name":"LAX VOX\u00ae Institute by Stephanie A. Kruse","description":"Wissen, das hilft! Lerne alles \u00fcber Stimme!","publisher":{"@id":"https:\/\/laxvox-institute.eu\/en\/#organization"},"potentialAction":[{"@type":"SearchAction","target":{"@type":"EntryPoint","urlTemplate":"https:\/\/laxvox-institute.eu\/en\/?s={search_term_string}"},"query-input":{"@type":"PropertyValueSpecification","valueRequired":true,"valueName":"search_term_string"}}],"inLanguage":"en-US"},{"@type":"Organization","@id":"https:\/\/laxvox-institute.eu\/en\/#organization","name":"LAX VOX\u00ae Institute by Stephanie A. Kruse","url":"https:\/\/laxvox-institute.eu\/en\/","logo":{"@type":"ImageObject","inLanguage":"en-US","@id":"https:\/\/laxvox-institute.eu\/en\/#\/schema\/logo\/image\/","url":"https:\/\/laxvox-institute.eu\/wp-content\/uploads\/2021\/01\/LANDINGPAGE_200px_INSTITUTE.webp","contentUrl":"https:\/\/laxvox-institute.eu\/wp-content\/uploads\/2021\/01\/LANDINGPAGE_200px_INSTITUTE.webp","width":200,"height":65,"caption":"LAX VOX\u00ae Institute by Stephanie A. Kruse"},"image":{"@id":"https:\/\/laxvox-institute.eu\/en\/#\/schema\/logo\/image\/"},"sameAs":["https:\/\/www.instagram.com\/laxvox_official\/"]}]}},"_links":{"self":[{"href":"https:\/\/laxvox-institute.eu\/en\/wp-json\/wp\/v2\/product\/53317","targetHints":{"allow":["GET"]}}],"collection":[{"href":"https:\/\/laxvox-institute.eu\/en\/wp-json\/wp\/v2\/product"}],"about":[{"href":"https:\/\/laxvox-institute.eu\/en\/wp-json\/wp\/v2\/types\/product"}],"wp:featuredmedia":[{"embeddable":true,"href":"https:\/\/laxvox-institute.eu\/en\/wp-json\/wp\/v2\/media\/49660"}],"wp:attachment":[{"href":"https:\/\/laxvox-institute.eu\/en\/wp-json\/wp\/v2\/media?parent=53317"}],"wp:term":[{"taxonomy":"product_brand","embeddable":true,"href":"https:\/\/laxvox-institute.eu\/en\/wp-json\/wp\/v2\/product_brand?post=53317"},{"taxonomy":"product_cat","embeddable":true,"href":"https:\/\/laxvox-institute.eu\/en\/wp-json\/wp\/v2\/product_cat?post=53317"},{"taxonomy":"product_tag","embeddable":true,"href":"https:\/\/laxvox-institute.eu\/en\/wp-json\/wp\/v2\/product_tag?post=53317"}],"curies":[{"name":"wp","href":"https:\/\/api.w.org\/{rel}","templated":true}]}}