{"id":53338,"date":"2025-11-19T23:59:59","date_gmt":"2025-11-19T22:59:59","guid":{"rendered":"https:\/\/laxvox-institute.eu\/?post_type=product&#038;p=53338"},"modified":"2026-01-14T10:35:24","modified_gmt":"2026-01-14T09:35:24","slug":"rueckverlagerter-stimmsitz-so-bringst-du-die-stimme-nach-vorn","status":"publish","type":"product","link":"https:\/\/laxvox-institute.eu\/en\/product\/rueckverlagerter-stimmsitz-so-bringst-du-die-stimme-nach-vorn\/","title":{"rendered":"R\u00fcckverlagerter Stimmsitz: So bringst du die Stimme nach vorn"},"content":{"rendered":"<h3><strong><span style=\"color: #1db8dd;\">Mit Zunge &amp; Gaumensegel zu mehr Resonanz, Leichtigkeit &amp; Stimmfreiheit<\/span><\/strong><strong><span style=\"color: #1db8dd;\"><br \/>\n<\/span><\/strong><\/h3>\n<div class=\"gap\" style=\"line-height: 10px; height: 10px;\"><\/div>\n<h3><span style=\"color: #1db8dd;\">&#8220;Meine Stimme steckt im Hals fest.&#8221;<\/span><\/h3>\n<p>Diese R\u00fcckmeldung begegnet uns in der Stimmtherapie und im Gesang regelm\u00e4\u00dfig. H\u00e4ufig steht dahinter ein r\u00fcckverlagerter Stimmsitz \u2013 verbunden mit Druckgef\u00fchl, eingeschr\u00e4nkter Resonanz und schneller Stimmerm\u00fcdung.<\/p>\n<p>In dieser Fortbildung lernst du, wie du die zentralen anatomisch-funktionellen Faktoren hinter dem r\u00fcckverlagerten Stimmsitz erkennst, einordnest und gezielt bearbeitest. Zunge, Kiefer und Gaumensegel stehen dabei im Fokus \u2013 und damit ein Schl\u00fcssel zu mehr Leichtigkeit, Tragf\u00e4higkeit und Flexibilit\u00e4t in der Stimmgebung.<\/p>\n<p><strong>H\u00f6rbar klarer. Sp\u00fcrbar freier. Direkt umsetzbar.<\/strong><\/p>\n<div class=\"gap\" style=\"line-height: 10px; height: 10px;\"><\/div>\n<h4><strong><span style=\"color: #1db8dd;\">Du lernst:<\/span><\/strong><\/h4>\n<p><strong>\u2713 R\u00fcckverlagerter Stimmsit<\/strong>z: erkennen, verstehen und gezielt l\u00f6sen<br data-start=\"139\" data-end=\"142\" \/><strong>\u2713 Zungen- und Kieferarbeit:<\/strong> f\u00fcr mehr Klang, H\u00f6he und m\u00fchelose Stimmgebung<br data-start=\"215\" data-end=\"218\" \/><strong>\u2713 Gaumensegel aktivieren:<\/strong> f\u00fcr tragf\u00e4hige, resonanzreiche und flexible Stimme<br data-start=\"294\" data-end=\"297\" \/><strong>\u2713 LAX VOX\u00ae gezielt einsetzen:<\/strong> zur Reduktion von Druck und zur Klangoptimierung<br data-start=\"375\" data-end=\"378\" \/><strong>\u2713 \u00dcbungen mit Soforteffekt:<\/strong> direkt integrierbar in deine Therapiearbeit<\/p>\n<p><strong>Mit Klartext, Handwerkszeug und jeder Menge Aha.<\/strong><\/p>\n<div class=\"gap\" style=\"line-height: 10px; height: 10px;\"><\/div>\n<h4 style=\"color: #1db8dd;\"><strong>Material:<\/strong><\/h4>\n<p>Ein originaler LAX VOX\u00ae-Schlauch und ein Gef\u00e4\u00df mit Wasser.<\/p>\n<div class=\"gap\" style=\"line-height: 10px; height: 10px;\"><\/div>\n<h4 style=\"color: #1db8dd;\"><strong>Zielgruppe:<\/strong><\/h4>\n<p>F\u00fcr Stimmtherapeut*innen und Gesangsp\u00e4dagog*innen<\/p>\n<div class=\"gap\" style=\"line-height: 10px; height: 10px;\"><\/div>\n<h4 style=\"color: #1db8dd;\"><strong>Deine Dozentin:<\/strong><\/h4>\n<p><strong><img decoding=\"async\" class=\"alignleft wp-image-49711\" src=\"https:\/\/laxvox-institute.eu\/wp-content\/uploads\/2025\/07\/Stephanie_Kruse-LVI-Dozentin-300x300.webp\" alt=\"\" width=\"100\" height=\"100\" srcset=\"https:\/\/laxvox-institute.eu\/wp-content\/uploads\/2025\/07\/Stephanie_Kruse-LVI-Dozentin-300x300.webp 300w, https:\/\/laxvox-institute.eu\/wp-content\/uploads\/2025\/07\/Stephanie_Kruse-LVI-Dozentin-150x150.webp 150w, https:\/\/laxvox-institute.eu\/wp-content\/uploads\/2025\/07\/Stephanie_Kruse-LVI-Dozentin-500x500.webp 500w, https:\/\/laxvox-institute.eu\/wp-content\/uploads\/2025\/07\/Stephanie_Kruse-LVI-Dozentin-157x157.webp 157w, https:\/\/laxvox-institute.eu\/wp-content\/uploads\/2025\/07\/Stephanie_Kruse-LVI-Dozentin-200x200.webp 200w, https:\/\/laxvox-institute.eu\/wp-content\/uploads\/2025\/07\/Stephanie_Kruse-LVI-Dozentin-400x400.webp 400w, https:\/\/laxvox-institute.eu\/wp-content\/uploads\/2025\/07\/Stephanie_Kruse-LVI-Dozentin.webp 531w\" sizes=\"(max-width: 100px) 100vw, 100px\" \/>Stephanie A. Kruse<br \/>\n<\/strong> ist Stimmtherapeutin, S\u00e4ngerin, Vocal Coach, Estill Voice Master Trainerin seit 2014, arbeitet polyvagal informiert und ist die Gr\u00fcnderin und Inhaberin des LAX VOX\u00ae Institutes. Seit \u00fcber 20 Jahren bildet sie Menschen im Bereich Stimme aus \u2013 mit Herz, Humor und jede Menge Fachwissen.<\/p>\n<h4 style=\"color: #1db8dd;\"><strong>\u00dcberblick:<\/strong><\/h4>\n<p><strong>\u2713 5 Fortbildungspunkte<\/strong><br \/>\n<strong>\u2713 Zoom live, keine Aufzeichnung<\/strong><br \/>\n<strong>\u2713 Link &amp; Skript nach Zahlungseingang im Kundenkonto<\/strong><br \/>\n<strong>\u2713 Teilnahme per PC\/Laptop empfohlen<\/strong><br \/>\n<strong>\u2713 Kamera an &amp; Klarname erforderlich<\/strong><\/p>\n","protected":false},"excerpt":{"rendered":"<div class=\"icon-text-block\"><i class=\"fa fa-calendar\"><\/i>Montag, 26.01.2026<\/div>\n<div class=\"icon-text-block\"><i class=\"fa fa-clock-o\"><\/i>10:00\u201314:00 Uhr<\/div>\n<div class=\"icon-text-block\"><i class=\"fa fa-user-o\"><\/i>Stephanie A. Kruse<\/div>\n<div class=\"icon-text-block\"><i class=\"fa fa-certificate\"><\/i>5 Fortbildungspunkte<\/div>\n<div class=\"icon-text-block\"><i class=\"fa fa-laptop\"><\/i>Online via Zoom<\/div>\n<div class=\"icon-text-block\"><i class=\"fa fa-folder-open\"><\/i>Zoom-Link &amp; Handout im Kundenkonto<\/div>\n","protected":false},"featured_media":49691,"template":"","meta":[],"product_brand":[],"product_cat":[247,752,767],"product_tag":[],"class_list":{"0":"post-53338","1":"product","2":"type-product","3":"status-publish","4":"has-post-thumbnail","6":"product_cat-lax-vox-voice-therapy","7":"product_cat-lax-vox-intense","8":"product_cat-lv-in-der-logopaedie","9":"description-off","11":"first","12":"instock","13":"virtual","14":"sold-individually","15":"purchasable","16":"product-type-simple"},"bundled_by":[],"bundle_stock_status":"instock","bundle_stock_quantity":null,"bundle_virtual":false,"bundle_layout":"","bundle_add_to_cart_form_location":"","bundle_editable_in_cart":false,"bundle_sold_individually_context":"","bundle_item_grouping":"","bundle_min_size":"","bundle_max_size":"","bundle_price":[],"bundled_items":[],"bundle_sell_ids":[],"yoast_head":"<!-- This site is optimized with the Yoast SEO plugin v27.4 - https:\/\/yoast.com\/product\/yoast-seo-wordpress\/ -->\n<title>R\u00fcckverlagerter Stimmsitz: So bringst du die Stimme nach vorn<\/title>\n<meta name=\"description\" content=\"Lerne, wie du den r\u00fcckverlagerten Stimmsitz in der Stimmtherapie und dem Gesang gezielt erkennst, verstehst und die Stimme nach vorne holst.\" \/>\n<meta name=\"robots\" content=\"index, follow, max-snippet:-1, max-image-preview:large, max-video-preview:-1\" \/>\n<link rel=\"canonical\" href=\"https:\/\/laxvox-institute.eu\/en\/product\/rueckverlagerter-stimmsitz-so-bringst-du-die-stimme-nach-vorn\/\" \/>\n<meta property=\"og:locale\" content=\"en_US\" \/>\n<meta property=\"og:type\" content=\"article\" \/>\n<meta property=\"og:title\" content=\"R\u00fcckverlagerter Stimmsitz: So bringst du die Stimme nach vorn\" \/>\n<meta property=\"og:description\" content=\"Lerne, wie du den r\u00fcckverlagerten Stimmsitz in der Stimmtherapie und dem Gesang gezielt erkennst, verstehst und die Stimme nach vorne holst.\" \/>\n<meta property=\"og:url\" content=\"https:\/\/laxvox-institute.eu\/en\/product\/rueckverlagerter-stimmsitz-so-bringst-du-die-stimme-nach-vorn\/\" \/>\n<meta property=\"og:site_name\" content=\"LAX VOX\u00ae Institute by Stephanie A. Kruse\" \/>\n<meta property=\"article:modified_time\" content=\"2026-01-14T09:35:24+00:00\" \/>\n<meta property=\"og:image\" content=\"https:\/\/laxvox-institute.eu\/wp-content\/uploads\/2025\/07\/7-1.png\" \/>\n\t<meta property=\"og:image:width\" content=\"1000\" \/>\n\t<meta property=\"og:image:height\" content=\"1000\" \/>\n\t<meta property=\"og:image:type\" content=\"image\/png\" \/>\n<meta name=\"twitter:card\" content=\"summary_large_image\" \/>\n<meta name=\"twitter:label1\" content=\"Est. reading time\" \/>\n\t<meta name=\"twitter:data1\" content=\"2 minutes\" \/>\n<script type=\"application\/ld+json\" class=\"yoast-schema-graph\">{\"@context\":\"https:\\\/\\\/schema.org\",\"@graph\":[{\"@type\":\"WebPage\",\"@id\":\"https:\\\/\\\/laxvox-institute.eu\\\/en\\\/product\\\/rueckverlagerter-stimmsitz-so-bringst-du-die-stimme-nach-vorn\\\/\",\"url\":\"https:\\\/\\\/laxvox-institute.eu\\\/en\\\/product\\\/rueckverlagerter-stimmsitz-so-bringst-du-die-stimme-nach-vorn\\\/\",\"name\":\"R\u00fcckverlagerter Stimmsitz: So bringst du die Stimme nach vorn\",\"isPartOf\":{\"@id\":\"https:\\\/\\\/laxvox-institute.eu\\\/en\\\/#website\"},\"primaryImageOfPage\":{\"@id\":\"https:\\\/\\\/laxvox-institute.eu\\\/en\\\/product\\\/rueckverlagerter-stimmsitz-so-bringst-du-die-stimme-nach-vorn\\\/#primaryimage\"},\"image\":{\"@id\":\"https:\\\/\\\/laxvox-institute.eu\\\/en\\\/product\\\/rueckverlagerter-stimmsitz-so-bringst-du-die-stimme-nach-vorn\\\/#primaryimage\"},\"thumbnailUrl\":\"https:\\\/\\\/laxvox-institute.eu\\\/wp-content\\\/uploads\\\/2025\\\/07\\\/7-1.png\",\"datePublished\":\"2025-11-19T22:59:59+00:00\",\"dateModified\":\"2026-01-14T09:35:24+00:00\",\"description\":\"Lerne, wie du den r\u00fcckverlagerten Stimmsitz in der Stimmtherapie und dem Gesang gezielt erkennst, verstehst und die Stimme nach vorne holst.\",\"breadcrumb\":{\"@id\":\"https:\\\/\\\/laxvox-institute.eu\\\/en\\\/product\\\/rueckverlagerter-stimmsitz-so-bringst-du-die-stimme-nach-vorn\\\/#breadcrumb\"},\"inLanguage\":\"en-US\",\"potentialAction\":[{\"@type\":\"ReadAction\",\"target\":[\"https:\\\/\\\/laxvox-institute.eu\\\/en\\\/product\\\/rueckverlagerter-stimmsitz-so-bringst-du-die-stimme-nach-vorn\\\/\"]}]},{\"@type\":\"ImageObject\",\"inLanguage\":\"en-US\",\"@id\":\"https:\\\/\\\/laxvox-institute.eu\\\/en\\\/product\\\/rueckverlagerter-stimmsitz-so-bringst-du-die-stimme-nach-vorn\\\/#primaryimage\",\"url\":\"https:\\\/\\\/laxvox-institute.eu\\\/wp-content\\\/uploads\\\/2025\\\/07\\\/7-1.png\",\"contentUrl\":\"https:\\\/\\\/laxvox-institute.eu\\\/wp-content\\\/uploads\\\/2025\\\/07\\\/7-1.png\",\"width\":1000,\"height\":1000},{\"@type\":\"BreadcrumbList\",\"@id\":\"https:\\\/\\\/laxvox-institute.eu\\\/en\\\/product\\\/rueckverlagerter-stimmsitz-so-bringst-du-die-stimme-nach-vorn\\\/#breadcrumb\",\"itemListElement\":[{\"@type\":\"ListItem\",\"position\":1,\"name\":\"Startseite\",\"item\":\"https:\\\/\\\/laxvox-institute.eu\\\/en\\\/\"},{\"@type\":\"ListItem\",\"position\":2,\"name\":\"Shop\",\"item\":\"https:\\\/\\\/laxvox-institute.eu\\\/en\\\/produkt-archiv\\\/\"},{\"@type\":\"ListItem\",\"position\":3,\"name\":\"R\u00fcckverlagerter Stimmsitz: So bringst du die Stimme nach vorn\"}]},{\"@type\":\"WebSite\",\"@id\":\"https:\\\/\\\/laxvox-institute.eu\\\/en\\\/#website\",\"url\":\"https:\\\/\\\/laxvox-institute.eu\\\/en\\\/\",\"name\":\"LAX VOX\u00ae Institute by Stephanie A. Kruse\",\"description\":\"Wissen, das hilft! Lerne alles \u00fcber Stimme!\",\"publisher\":{\"@id\":\"https:\\\/\\\/laxvox-institute.eu\\\/en\\\/#organization\"},\"potentialAction\":[{\"@type\":\"SearchAction\",\"target\":{\"@type\":\"EntryPoint\",\"urlTemplate\":\"https:\\\/\\\/laxvox-institute.eu\\\/en\\\/?s={search_term_string}\"},\"query-input\":{\"@type\":\"PropertyValueSpecification\",\"valueRequired\":true,\"valueName\":\"search_term_string\"}}],\"inLanguage\":\"en-US\"},{\"@type\":\"Organization\",\"@id\":\"https:\\\/\\\/laxvox-institute.eu\\\/en\\\/#organization\",\"name\":\"LAX VOX\u00ae Institute by Stephanie A. Kruse\",\"url\":\"https:\\\/\\\/laxvox-institute.eu\\\/en\\\/\",\"logo\":{\"@type\":\"ImageObject\",\"inLanguage\":\"en-US\",\"@id\":\"https:\\\/\\\/laxvox-institute.eu\\\/en\\\/#\\\/schema\\\/logo\\\/image\\\/\",\"url\":\"https:\\\/\\\/laxvox-institute.eu\\\/wp-content\\\/uploads\\\/2021\\\/01\\\/LANDINGPAGE_200px_INSTITUTE.webp\",\"contentUrl\":\"https:\\\/\\\/laxvox-institute.eu\\\/wp-content\\\/uploads\\\/2021\\\/01\\\/LANDINGPAGE_200px_INSTITUTE.webp\",\"width\":200,\"height\":65,\"caption\":\"LAX VOX\u00ae Institute by Stephanie A. Kruse\"},\"image\":{\"@id\":\"https:\\\/\\\/laxvox-institute.eu\\\/en\\\/#\\\/schema\\\/logo\\\/image\\\/\"},\"sameAs\":[\"https:\\\/\\\/www.instagram.com\\\/laxvox_official\\\/\"]}]}<\/script>\n<!-- \/ Yoast SEO plugin. -->","yoast_head_json":{"title":"R\u00fcckverlagerter Stimmsitz: So bringst du die Stimme nach vorn","description":"Lerne, wie du den r\u00fcckverlagerten Stimmsitz in der Stimmtherapie und dem Gesang gezielt erkennst, verstehst und die Stimme nach vorne holst.","robots":{"index":"index","follow":"follow","max-snippet":"max-snippet:-1","max-image-preview":"max-image-preview:large","max-video-preview":"max-video-preview:-1"},"canonical":"https:\/\/laxvox-institute.eu\/en\/product\/rueckverlagerter-stimmsitz-so-bringst-du-die-stimme-nach-vorn\/","og_locale":"en_US","og_type":"article","og_title":"R\u00fcckverlagerter Stimmsitz: So bringst du die Stimme nach vorn","og_description":"Lerne, wie du den r\u00fcckverlagerten Stimmsitz in der Stimmtherapie und dem Gesang gezielt erkennst, verstehst und die Stimme nach vorne holst.","og_url":"https:\/\/laxvox-institute.eu\/en\/product\/rueckverlagerter-stimmsitz-so-bringst-du-die-stimme-nach-vorn\/","og_site_name":"LAX VOX\u00ae Institute by Stephanie A. Kruse","article_modified_time":"2026-01-14T09:35:24+00:00","og_image":[{"width":1000,"height":1000,"url":"https:\/\/laxvox-institute.eu\/wp-content\/uploads\/2025\/07\/7-1.png","type":"image\/png"}],"twitter_card":"summary_large_image","twitter_misc":{"Est. reading time":"2 minutes"},"schema":{"@context":"https:\/\/schema.org","@graph":[{"@type":"WebPage","@id":"https:\/\/laxvox-institute.eu\/en\/product\/rueckverlagerter-stimmsitz-so-bringst-du-die-stimme-nach-vorn\/","url":"https:\/\/laxvox-institute.eu\/en\/product\/rueckverlagerter-stimmsitz-so-bringst-du-die-stimme-nach-vorn\/","name":"R\u00fcckverlagerter Stimmsitz: So bringst du die Stimme nach vorn","isPartOf":{"@id":"https:\/\/laxvox-institute.eu\/en\/#website"},"primaryImageOfPage":{"@id":"https:\/\/laxvox-institute.eu\/en\/product\/rueckverlagerter-stimmsitz-so-bringst-du-die-stimme-nach-vorn\/#primaryimage"},"image":{"@id":"https:\/\/laxvox-institute.eu\/en\/product\/rueckverlagerter-stimmsitz-so-bringst-du-die-stimme-nach-vorn\/#primaryimage"},"thumbnailUrl":"https:\/\/laxvox-institute.eu\/wp-content\/uploads\/2025\/07\/7-1.png","datePublished":"2025-11-19T22:59:59+00:00","dateModified":"2026-01-14T09:35:24+00:00","description":"Lerne, wie du den r\u00fcckverlagerten Stimmsitz in der Stimmtherapie und dem Gesang gezielt erkennst, verstehst und die Stimme nach vorne holst.","breadcrumb":{"@id":"https:\/\/laxvox-institute.eu\/en\/product\/rueckverlagerter-stimmsitz-so-bringst-du-die-stimme-nach-vorn\/#breadcrumb"},"inLanguage":"en-US","potentialAction":[{"@type":"ReadAction","target":["https:\/\/laxvox-institute.eu\/en\/product\/rueckverlagerter-stimmsitz-so-bringst-du-die-stimme-nach-vorn\/"]}]},{"@type":"ImageObject","inLanguage":"en-US","@id":"https:\/\/laxvox-institute.eu\/en\/product\/rueckverlagerter-stimmsitz-so-bringst-du-die-stimme-nach-vorn\/#primaryimage","url":"https:\/\/laxvox-institute.eu\/wp-content\/uploads\/2025\/07\/7-1.png","contentUrl":"https:\/\/laxvox-institute.eu\/wp-content\/uploads\/2025\/07\/7-1.png","width":1000,"height":1000},{"@type":"BreadcrumbList","@id":"https:\/\/laxvox-institute.eu\/en\/product\/rueckverlagerter-stimmsitz-so-bringst-du-die-stimme-nach-vorn\/#breadcrumb","itemListElement":[{"@type":"ListItem","position":1,"name":"Startseite","item":"https:\/\/laxvox-institute.eu\/en\/"},{"@type":"ListItem","position":2,"name":"Shop","item":"https:\/\/laxvox-institute.eu\/en\/produkt-archiv\/"},{"@type":"ListItem","position":3,"name":"R\u00fcckverlagerter Stimmsitz: So bringst du die Stimme nach vorn"}]},{"@type":"WebSite","@id":"https:\/\/laxvox-institute.eu\/en\/#website","url":"https:\/\/laxvox-institute.eu\/en\/","name":"LAX VOX\u00ae Institute by Stephanie A. Kruse","description":"Wissen, das hilft! Lerne alles \u00fcber Stimme!","publisher":{"@id":"https:\/\/laxvox-institute.eu\/en\/#organization"},"potentialAction":[{"@type":"SearchAction","target":{"@type":"EntryPoint","urlTemplate":"https:\/\/laxvox-institute.eu\/en\/?s={search_term_string}"},"query-input":{"@type":"PropertyValueSpecification","valueRequired":true,"valueName":"search_term_string"}}],"inLanguage":"en-US"},{"@type":"Organization","@id":"https:\/\/laxvox-institute.eu\/en\/#organization","name":"LAX VOX\u00ae Institute by Stephanie A. Kruse","url":"https:\/\/laxvox-institute.eu\/en\/","logo":{"@type":"ImageObject","inLanguage":"en-US","@id":"https:\/\/laxvox-institute.eu\/en\/#\/schema\/logo\/image\/","url":"https:\/\/laxvox-institute.eu\/wp-content\/uploads\/2021\/01\/LANDINGPAGE_200px_INSTITUTE.webp","contentUrl":"https:\/\/laxvox-institute.eu\/wp-content\/uploads\/2021\/01\/LANDINGPAGE_200px_INSTITUTE.webp","width":200,"height":65,"caption":"LAX VOX\u00ae Institute by Stephanie A. Kruse"},"image":{"@id":"https:\/\/laxvox-institute.eu\/en\/#\/schema\/logo\/image\/"},"sameAs":["https:\/\/www.instagram.com\/laxvox_official\/"]}]}},"_links":{"self":[{"href":"https:\/\/laxvox-institute.eu\/en\/wp-json\/wp\/v2\/product\/53338","targetHints":{"allow":["GET"]}}],"collection":[{"href":"https:\/\/laxvox-institute.eu\/en\/wp-json\/wp\/v2\/product"}],"about":[{"href":"https:\/\/laxvox-institute.eu\/en\/wp-json\/wp\/v2\/types\/product"}],"wp:featuredmedia":[{"embeddable":true,"href":"https:\/\/laxvox-institute.eu\/en\/wp-json\/wp\/v2\/media\/49691"}],"wp:attachment":[{"href":"https:\/\/laxvox-institute.eu\/en\/wp-json\/wp\/v2\/media?parent=53338"}],"wp:term":[{"taxonomy":"product_brand","embeddable":true,"href":"https:\/\/laxvox-institute.eu\/en\/wp-json\/wp\/v2\/product_brand?post=53338"},{"taxonomy":"product_cat","embeddable":true,"href":"https:\/\/laxvox-institute.eu\/en\/wp-json\/wp\/v2\/product_cat?post=53338"},{"taxonomy":"product_tag","embeddable":true,"href":"https:\/\/laxvox-institute.eu\/en\/wp-json\/wp\/v2\/product_tag?post=53338"}],"curies":[{"name":"wp","href":"https:\/\/api.w.org\/{rel}","templated":true}]}}