{"id":53365,"date":"2025-11-22T10:00:38","date_gmt":"2025-11-22T09:00:38","guid":{"rendered":"https:\/\/laxvox-institute.eu\/?post_type=product&#038;p=53365"},"modified":"2026-01-26T17:26:27","modified_gmt":"2026-01-26T16:26:27","slug":"riffs-runs-lernen-mit-der-riff-it-baby-methode","status":"publish","type":"product","link":"https:\/\/laxvox-institute.eu\/en\/product\/riffs-runs-lernen-mit-der-riff-it-baby-methode\/","title":{"rendered":"Riffs &#038; Runs lernen mit der &#8220;Riff it, Baby \u2013 Methode&#8221;"},"content":{"rendered":"<h3><strong><span style=\"color: #1db8dd;\">Lerne schnelle <span style=\"caret-color: #1db8dd;\">Verzierungen<\/span> im Pop-Gesang zu singen \u2013 ganz einfach!<\/span><\/strong><\/h3>\n<div class=\"gap\" style=\"line-height: 10px; height: 10px;\"><\/div>\n<div class=\"hr-thin\"><\/div>\n<p>Riffs &amp; Runs sind schnelle melodische Verzierungen, die Pop-, R&amp;B- und Soul-Gesang ausdrucksst\u00e4rker, moderner und flexibler machen \u2013 und genau diese stimmliche Beweglichkeit (Agilit\u00e4t) lernst du in diesem Workshop kontrolliert aufzubauen.<br \/>\nRiffs und Runs wirken oft wie ein Mysterium, aber mit der <strong>Riff it, Baby-Methode<\/strong> von Sabeth Puri-Jobi lernst du in nur drei einfachen Schritten, wie du sie sicher und souver\u00e4n singst.<br \/>\nIn diesem interaktiven Workshop zeigt dir Sabeth, wie du deine Stimme gezielt aufw\u00e4rmst, schwierige Passagen knackst und sogar eigene Riffs &amp; Runs erfindest. Die Theorie der Riff it, Baby-Methode wird praktisch durchleuchtet und ist damit universell an allen Riffs &amp; Runs anwendbar.<\/p>\n<p><strong>F\u00fcr alle, die melodische Verzierungen endlich bewusst, kontrolliert und kreativ einsetzen wollen. F\u00fcr mehr stimmliche Agilit\u00e4t und <\/strong><b>Flexibilit\u00e4t.<\/b><\/p>\n<div class=\"gap\" style=\"line-height: 10px; height: 10px;\"><\/div>\n<h4><strong><span style=\"color: #1db8dd;\">Du lernst:<\/span><\/strong><\/h4>\n<p><strong>\u2713 Die drei Schritte der Riff it, Baby-Methode<\/strong> \u2013 klar, strukturiert &amp; sofort anwendbar<br \/>\n<strong>\u2713 Stimme gezielt aufw\u00e4rmen,<\/strong> um Runs sicher und flexibel zu singen<br \/>\n<strong>\u2713 Schwierige Passagen aufschl\u00fcsseln<\/strong> und sauber in Tempo bringen<br \/>\n<strong>\u2713 Eigene Riffs &amp; Runs kreieren<\/strong> \u2013 kreativ, stilistisch und technisch fundiert<br \/>\n<strong>\u2713 Theorie verstehen, Praxis umsetzen:<\/strong> universell anwendbar auf jedes Riff &amp; jeden Run<\/p>\n<p>Interaktiv. Praxisorientiert. Direkt umsetzbar.<\/p>\n<h4><strong><span style=\"color: #1db8dd;\">Das brauchst du:<\/span><\/strong><\/h4>\n<p>Stift und Papier<br \/>\n10\u201315 kleine Gegenst\u00e4nde (z. B. M\u00fcnzen, Steinchen, Papierklammern, Papierschnipsel)<br \/>\nEinen originalen LAX VOX\u00ae Schlauch und Gef\u00e4\u00df mit Wasser (falls vorhanden)<\/p>\n<div class=\"gap\" style=\"line-height: 10px; height: 10px;\"><\/div>\n<h4><strong><span style=\"color: #1db8dd;\">Zielgruppe:<\/span><\/strong><\/h4>\n<p>F\u00fcr S\u00e4nger*innen und Gesangsp\u00e4dagog*innen, die Riffs &amp; Runs effektiv vermitteln wollen.<\/p>\n<div class=\"gap\" style=\"line-height: 10px; height: 10px;\"><\/div>\n<h4><strong><span style=\"color: #1db8dd;\">Deine Dozentin:<\/span><\/strong><\/h4>\n<p><strong><img decoding=\"async\" class=\"wp-image-50284 alignleft\" src=\"https:\/\/laxvox-institute.eu\/wp-content\/uploads\/2020\/04\/5-300x300.png\" alt=\"\" width=\"100\" height=\"100\" srcset=\"https:\/\/laxvox-institute.eu\/wp-content\/uploads\/2020\/04\/5-300x300.png 300w, https:\/\/laxvox-institute.eu\/wp-content\/uploads\/2020\/04\/5-150x150.png 150w, https:\/\/laxvox-institute.eu\/wp-content\/uploads\/2020\/04\/5-768x768.png 768w, https:\/\/laxvox-institute.eu\/wp-content\/uploads\/2020\/04\/5-500x500.png 500w, https:\/\/laxvox-institute.eu\/wp-content\/uploads\/2020\/04\/5-157x157.png 157w, https:\/\/laxvox-institute.eu\/wp-content\/uploads\/2020\/04\/5-200x200.png 200w, https:\/\/laxvox-institute.eu\/wp-content\/uploads\/2020\/04\/5-400x400.png 400w, https:\/\/laxvox-institute.eu\/wp-content\/uploads\/2020\/04\/5.png 842w\" sizes=\"(max-width: 100px) 100vw, 100px\" \/>Sabeth Puri-Jobi<\/strong><br \/>\nSabeth Puri-Jobi ist S\u00e4ngerin, Multi-Instrumentalistin, Vocal Coachin und Songwriterin aus Hamburg. Sie unterrichtet u. a. seit 2020 Gesang am Popkurs der Hochschule f\u00fcr Musik und Theater Hamburg und ist zertifizierte LAX VOX\u00ae Master Trainerin \u2013 mit ihr lernst du strukturiert, ruhig und praxisnah.<\/p>\n<div class=\"gap\" style=\"line-height: 10px; height: 10px;\"><\/div>\n<h4><span style=\"color: #1db8dd;\"><strong><br \/>\nRiff it, Baby-Practice Group:<\/strong><\/span><\/h4>\n<p><b>Du m\u00f6chtest schneller besser werden?<\/b><br \/>\nDann besuche auch die monatliche Riff it, Baby-Practice Group:<strong><br \/>\n<\/strong><br \/>\nDie <strong data-start=\"144\" data-end=\"176\">Riff it, Baby Practice Group<\/strong>\u00a0 baut auf den Inhalten dieses Workshops auf. Sie ist eine monatliche Gruppen-Gesangseinheit, bei der jedes Mal ein neues Riff erlernt wird.<br \/>\n<a href=\"https:\/\/laxvox-institute.eu\/produkt\/riff-it-baby-practice-group\/\"><strong>Mehr Infos zur Practice Group<\/strong><\/a><\/p>\n<div class=\"gap\" style=\"line-height: 10px; height: 10px;\"><\/div>\n<h4><strong><span style=\"color: #1db8dd;\">\u00dcberblick:<\/span><\/strong><\/h4>\n<p><strong>\u2713 Zoom live \u2013\u00a0keine Aufzeichnung<\/strong><br \/>\n<strong>\u2713 Link &amp; Skript nach Zahlungseingang im Kundenkonto<\/strong><br \/>\n<strong>\u2713 Teilnahme per PC\/Laptop empfohlen<\/strong><br \/>\n<strong>\u2713 Kamera an &amp; Klarname erforderlich<\/strong><\/p>\n","protected":false},"excerpt":{"rendered":"<div class=\"icon-text-block\"><i class=\"fa fa-calendar\"><\/i>Montag, 26.01.2026<\/div>\n<div class=\"icon-text-block\"><i class=\"fa fa-clock-o\"><\/i>18:00\u201321:00 Uhr<\/div>\n<div class=\"icon-text-block\"><i class=\"fa fa-user-o\"><\/i>Sabeth Puri-Jobi<\/div>\n<div class=\"icon-text-block\"><i class=\"fa fa-laptop\"><\/i>Online via Zoom<\/div>\n<div class=\"icon-text-block\"><i class=\"fa fa-folder-open\"><\/i>Zoom-Link &amp; Handout im Kundenkonto<\/div>\n","protected":false},"featured_media":53367,"template":"","meta":[],"product_brand":[],"product_cat":[247,752,767],"product_tag":[],"class_list":{"0":"post-53365","1":"product","2":"type-product","3":"status-publish","4":"has-post-thumbnail","6":"product_cat-lax-vox-voice-therapy","7":"product_cat-lax-vox-intense","8":"product_cat-lv-in-der-logopaedie","9":"description-off","11":"first","12":"instock","13":"virtual","14":"sold-individually","15":"product-type-simple"},"bundled_by":[],"bundle_stock_status":"instock","bundle_stock_quantity":null,"bundle_virtual":false,"bundle_layout":"","bundle_add_to_cart_form_location":"","bundle_editable_in_cart":false,"bundle_sold_individually_context":"","bundle_item_grouping":"","bundle_min_size":"","bundle_max_size":"","bundle_price":[],"bundled_items":[],"bundle_sell_ids":[],"yoast_head":"<!-- This site is optimized with the Yoast SEO plugin v27.4 - https:\/\/yoast.com\/product\/yoast-seo-wordpress\/ -->\n<title>Riffs &amp; Runs lernen mit der &quot;Riff it, Baby \u2013 Methode&quot;<\/title>\n<meta name=\"description\" content=\"Lerne in diesem Online-Workshop schnelle Verzierungen im Pop-Gesang zu singen \u2013 ganz einfach mit der &quot;Riff it, Baby-Methode&quot; nach Sabeth Puri-Jobi.\" \/>\n<meta name=\"robots\" content=\"index, follow, max-snippet:-1, max-image-preview:large, max-video-preview:-1\" \/>\n<link rel=\"canonical\" href=\"https:\/\/laxvox-institute.eu\/en\/product\/riffs-runs-lernen-mit-der-riff-it-baby-methode\/\" \/>\n<meta property=\"og:locale\" content=\"en_US\" \/>\n<meta property=\"og:type\" content=\"article\" \/>\n<meta property=\"og:title\" content=\"Riffs &amp; Runs lernen mit der &quot;Riff it, Baby \u2013 Methode&quot;\" \/>\n<meta property=\"og:description\" content=\"Lerne in diesem Online-Workshop schnelle Verzierungen im Pop-Gesang zu singen \u2013 ganz einfach mit der &quot;Riff it, Baby-Methode&quot; nach Sabeth Puri-Jobi.\" \/>\n<meta property=\"og:url\" content=\"https:\/\/laxvox-institute.eu\/en\/product\/riffs-runs-lernen-mit-der-riff-it-baby-methode\/\" \/>\n<meta property=\"og:site_name\" content=\"LAX VOX\u00ae Institute by Stephanie A. Kruse\" \/>\n<meta property=\"article:modified_time\" content=\"2026-01-26T16:26:27+00:00\" \/>\n<meta property=\"og:image\" content=\"https:\/\/laxvox-institute.eu\/wp-content\/uploads\/2025\/11\/Design-ohne-Titel.png\" \/>\n\t<meta property=\"og:image:width\" content=\"828\" \/>\n\t<meta property=\"og:image:height\" content=\"852\" \/>\n\t<meta property=\"og:image:type\" content=\"image\/png\" \/>\n<meta name=\"twitter:card\" content=\"summary_large_image\" \/>\n<meta name=\"twitter:label1\" content=\"Est. reading time\" \/>\n\t<meta name=\"twitter:data1\" content=\"3 minutes\" \/>\n<script type=\"application\/ld+json\" class=\"yoast-schema-graph\">{\"@context\":\"https:\\\/\\\/schema.org\",\"@graph\":[{\"@type\":\"WebPage\",\"@id\":\"https:\\\/\\\/laxvox-institute.eu\\\/en\\\/product\\\/riffs-runs-lernen-mit-der-riff-it-baby-methode\\\/\",\"url\":\"https:\\\/\\\/laxvox-institute.eu\\\/en\\\/product\\\/riffs-runs-lernen-mit-der-riff-it-baby-methode\\\/\",\"name\":\"Riffs & Runs lernen mit der \\\"Riff it, Baby \u2013 Methode\\\"\",\"isPartOf\":{\"@id\":\"https:\\\/\\\/laxvox-institute.eu\\\/en\\\/#website\"},\"primaryImageOfPage\":{\"@id\":\"https:\\\/\\\/laxvox-institute.eu\\\/en\\\/product\\\/riffs-runs-lernen-mit-der-riff-it-baby-methode\\\/#primaryimage\"},\"image\":{\"@id\":\"https:\\\/\\\/laxvox-institute.eu\\\/en\\\/product\\\/riffs-runs-lernen-mit-der-riff-it-baby-methode\\\/#primaryimage\"},\"thumbnailUrl\":\"https:\\\/\\\/laxvox-institute.eu\\\/wp-content\\\/uploads\\\/2025\\\/11\\\/Design-ohne-Titel.png\",\"datePublished\":\"2025-11-22T09:00:38+00:00\",\"dateModified\":\"2026-01-26T16:26:27+00:00\",\"description\":\"Lerne in diesem Online-Workshop schnelle Verzierungen im Pop-Gesang zu singen \u2013 ganz einfach mit der \\\"Riff it, Baby-Methode\\\" nach Sabeth Puri-Jobi.\",\"breadcrumb\":{\"@id\":\"https:\\\/\\\/laxvox-institute.eu\\\/en\\\/product\\\/riffs-runs-lernen-mit-der-riff-it-baby-methode\\\/#breadcrumb\"},\"inLanguage\":\"en-US\",\"potentialAction\":[{\"@type\":\"ReadAction\",\"target\":[\"https:\\\/\\\/laxvox-institute.eu\\\/en\\\/product\\\/riffs-runs-lernen-mit-der-riff-it-baby-methode\\\/\"]}]},{\"@type\":\"ImageObject\",\"inLanguage\":\"en-US\",\"@id\":\"https:\\\/\\\/laxvox-institute.eu\\\/en\\\/product\\\/riffs-runs-lernen-mit-der-riff-it-baby-methode\\\/#primaryimage\",\"url\":\"https:\\\/\\\/laxvox-institute.eu\\\/wp-content\\\/uploads\\\/2025\\\/11\\\/Design-ohne-Titel.png\",\"contentUrl\":\"https:\\\/\\\/laxvox-institute.eu\\\/wp-content\\\/uploads\\\/2025\\\/11\\\/Design-ohne-Titel.png\",\"width\":828,\"height\":852},{\"@type\":\"BreadcrumbList\",\"@id\":\"https:\\\/\\\/laxvox-institute.eu\\\/en\\\/product\\\/riffs-runs-lernen-mit-der-riff-it-baby-methode\\\/#breadcrumb\",\"itemListElement\":[{\"@type\":\"ListItem\",\"position\":1,\"name\":\"Startseite\",\"item\":\"https:\\\/\\\/laxvox-institute.eu\\\/en\\\/\"},{\"@type\":\"ListItem\",\"position\":2,\"name\":\"Shop\",\"item\":\"https:\\\/\\\/laxvox-institute.eu\\\/en\\\/produkt-archiv\\\/\"},{\"@type\":\"ListItem\",\"position\":3,\"name\":\"Riffs &#038; Runs lernen mit der &#8220;Riff it, Baby \u2013 Methode&#8221;\"}]},{\"@type\":\"WebSite\",\"@id\":\"https:\\\/\\\/laxvox-institute.eu\\\/en\\\/#website\",\"url\":\"https:\\\/\\\/laxvox-institute.eu\\\/en\\\/\",\"name\":\"LAX VOX\u00ae Institute by Stephanie A. Kruse\",\"description\":\"Wissen, das hilft! Lerne alles \u00fcber Stimme!\",\"publisher\":{\"@id\":\"https:\\\/\\\/laxvox-institute.eu\\\/en\\\/#organization\"},\"potentialAction\":[{\"@type\":\"SearchAction\",\"target\":{\"@type\":\"EntryPoint\",\"urlTemplate\":\"https:\\\/\\\/laxvox-institute.eu\\\/en\\\/?s={search_term_string}\"},\"query-input\":{\"@type\":\"PropertyValueSpecification\",\"valueRequired\":true,\"valueName\":\"search_term_string\"}}],\"inLanguage\":\"en-US\"},{\"@type\":\"Organization\",\"@id\":\"https:\\\/\\\/laxvox-institute.eu\\\/en\\\/#organization\",\"name\":\"LAX VOX\u00ae Institute by Stephanie A. Kruse\",\"url\":\"https:\\\/\\\/laxvox-institute.eu\\\/en\\\/\",\"logo\":{\"@type\":\"ImageObject\",\"inLanguage\":\"en-US\",\"@id\":\"https:\\\/\\\/laxvox-institute.eu\\\/en\\\/#\\\/schema\\\/logo\\\/image\\\/\",\"url\":\"https:\\\/\\\/laxvox-institute.eu\\\/wp-content\\\/uploads\\\/2021\\\/01\\\/LANDINGPAGE_200px_INSTITUTE.webp\",\"contentUrl\":\"https:\\\/\\\/laxvox-institute.eu\\\/wp-content\\\/uploads\\\/2021\\\/01\\\/LANDINGPAGE_200px_INSTITUTE.webp\",\"width\":200,\"height\":65,\"caption\":\"LAX VOX\u00ae Institute by Stephanie A. Kruse\"},\"image\":{\"@id\":\"https:\\\/\\\/laxvox-institute.eu\\\/en\\\/#\\\/schema\\\/logo\\\/image\\\/\"},\"sameAs\":[\"https:\\\/\\\/www.instagram.com\\\/laxvox_official\\\/\"]}]}<\/script>\n<!-- \/ Yoast SEO plugin. -->","yoast_head_json":{"title":"Riffs & Runs lernen mit der \"Riff it, Baby \u2013 Methode\"","description":"Lerne in diesem Online-Workshop schnelle Verzierungen im Pop-Gesang zu singen \u2013 ganz einfach mit der \"Riff it, Baby-Methode\" nach Sabeth Puri-Jobi.","robots":{"index":"index","follow":"follow","max-snippet":"max-snippet:-1","max-image-preview":"max-image-preview:large","max-video-preview":"max-video-preview:-1"},"canonical":"https:\/\/laxvox-institute.eu\/en\/product\/riffs-runs-lernen-mit-der-riff-it-baby-methode\/","og_locale":"en_US","og_type":"article","og_title":"Riffs & Runs lernen mit der \"Riff it, Baby \u2013 Methode\"","og_description":"Lerne in diesem Online-Workshop schnelle Verzierungen im Pop-Gesang zu singen \u2013 ganz einfach mit der \"Riff it, Baby-Methode\" nach Sabeth Puri-Jobi.","og_url":"https:\/\/laxvox-institute.eu\/en\/product\/riffs-runs-lernen-mit-der-riff-it-baby-methode\/","og_site_name":"LAX VOX\u00ae Institute by Stephanie A. Kruse","article_modified_time":"2026-01-26T16:26:27+00:00","og_image":[{"width":828,"height":852,"url":"https:\/\/laxvox-institute.eu\/wp-content\/uploads\/2025\/11\/Design-ohne-Titel.png","type":"image\/png"}],"twitter_card":"summary_large_image","twitter_misc":{"Est. reading time":"3 minutes"},"schema":{"@context":"https:\/\/schema.org","@graph":[{"@type":"WebPage","@id":"https:\/\/laxvox-institute.eu\/en\/product\/riffs-runs-lernen-mit-der-riff-it-baby-methode\/","url":"https:\/\/laxvox-institute.eu\/en\/product\/riffs-runs-lernen-mit-der-riff-it-baby-methode\/","name":"Riffs & Runs lernen mit der \"Riff it, Baby \u2013 Methode\"","isPartOf":{"@id":"https:\/\/laxvox-institute.eu\/en\/#website"},"primaryImageOfPage":{"@id":"https:\/\/laxvox-institute.eu\/en\/product\/riffs-runs-lernen-mit-der-riff-it-baby-methode\/#primaryimage"},"image":{"@id":"https:\/\/laxvox-institute.eu\/en\/product\/riffs-runs-lernen-mit-der-riff-it-baby-methode\/#primaryimage"},"thumbnailUrl":"https:\/\/laxvox-institute.eu\/wp-content\/uploads\/2025\/11\/Design-ohne-Titel.png","datePublished":"2025-11-22T09:00:38+00:00","dateModified":"2026-01-26T16:26:27+00:00","description":"Lerne in diesem Online-Workshop schnelle Verzierungen im Pop-Gesang zu singen \u2013 ganz einfach mit der \"Riff it, Baby-Methode\" nach Sabeth Puri-Jobi.","breadcrumb":{"@id":"https:\/\/laxvox-institute.eu\/en\/product\/riffs-runs-lernen-mit-der-riff-it-baby-methode\/#breadcrumb"},"inLanguage":"en-US","potentialAction":[{"@type":"ReadAction","target":["https:\/\/laxvox-institute.eu\/en\/product\/riffs-runs-lernen-mit-der-riff-it-baby-methode\/"]}]},{"@type":"ImageObject","inLanguage":"en-US","@id":"https:\/\/laxvox-institute.eu\/en\/product\/riffs-runs-lernen-mit-der-riff-it-baby-methode\/#primaryimage","url":"https:\/\/laxvox-institute.eu\/wp-content\/uploads\/2025\/11\/Design-ohne-Titel.png","contentUrl":"https:\/\/laxvox-institute.eu\/wp-content\/uploads\/2025\/11\/Design-ohne-Titel.png","width":828,"height":852},{"@type":"BreadcrumbList","@id":"https:\/\/laxvox-institute.eu\/en\/product\/riffs-runs-lernen-mit-der-riff-it-baby-methode\/#breadcrumb","itemListElement":[{"@type":"ListItem","position":1,"name":"Startseite","item":"https:\/\/laxvox-institute.eu\/en\/"},{"@type":"ListItem","position":2,"name":"Shop","item":"https:\/\/laxvox-institute.eu\/en\/produkt-archiv\/"},{"@type":"ListItem","position":3,"name":"Riffs &#038; Runs lernen mit der &#8220;Riff it, Baby \u2013 Methode&#8221;"}]},{"@type":"WebSite","@id":"https:\/\/laxvox-institute.eu\/en\/#website","url":"https:\/\/laxvox-institute.eu\/en\/","name":"LAX VOX\u00ae Institute by Stephanie A. Kruse","description":"Wissen, das hilft! Lerne alles \u00fcber Stimme!","publisher":{"@id":"https:\/\/laxvox-institute.eu\/en\/#organization"},"potentialAction":[{"@type":"SearchAction","target":{"@type":"EntryPoint","urlTemplate":"https:\/\/laxvox-institute.eu\/en\/?s={search_term_string}"},"query-input":{"@type":"PropertyValueSpecification","valueRequired":true,"valueName":"search_term_string"}}],"inLanguage":"en-US"},{"@type":"Organization","@id":"https:\/\/laxvox-institute.eu\/en\/#organization","name":"LAX VOX\u00ae Institute by Stephanie A. Kruse","url":"https:\/\/laxvox-institute.eu\/en\/","logo":{"@type":"ImageObject","inLanguage":"en-US","@id":"https:\/\/laxvox-institute.eu\/en\/#\/schema\/logo\/image\/","url":"https:\/\/laxvox-institute.eu\/wp-content\/uploads\/2021\/01\/LANDINGPAGE_200px_INSTITUTE.webp","contentUrl":"https:\/\/laxvox-institute.eu\/wp-content\/uploads\/2021\/01\/LANDINGPAGE_200px_INSTITUTE.webp","width":200,"height":65,"caption":"LAX VOX\u00ae Institute by Stephanie A. Kruse"},"image":{"@id":"https:\/\/laxvox-institute.eu\/en\/#\/schema\/logo\/image\/"},"sameAs":["https:\/\/www.instagram.com\/laxvox_official\/"]}]}},"_links":{"self":[{"href":"https:\/\/laxvox-institute.eu\/en\/wp-json\/wp\/v2\/product\/53365","targetHints":{"allow":["GET"]}}],"collection":[{"href":"https:\/\/laxvox-institute.eu\/en\/wp-json\/wp\/v2\/product"}],"about":[{"href":"https:\/\/laxvox-institute.eu\/en\/wp-json\/wp\/v2\/types\/product"}],"wp:featuredmedia":[{"embeddable":true,"href":"https:\/\/laxvox-institute.eu\/en\/wp-json\/wp\/v2\/media\/53367"}],"wp:attachment":[{"href":"https:\/\/laxvox-institute.eu\/en\/wp-json\/wp\/v2\/media?parent=53365"}],"wp:term":[{"taxonomy":"product_brand","embeddable":true,"href":"https:\/\/laxvox-institute.eu\/en\/wp-json\/wp\/v2\/product_brand?post=53365"},{"taxonomy":"product_cat","embeddable":true,"href":"https:\/\/laxvox-institute.eu\/en\/wp-json\/wp\/v2\/product_cat?post=53365"},{"taxonomy":"product_tag","embeddable":true,"href":"https:\/\/laxvox-institute.eu\/en\/wp-json\/wp\/v2\/product_tag?post=53365"}],"curies":[{"name":"wp","href":"https:\/\/api.w.org\/{rel}","templated":true}]}}