{"id":53464,"date":"2025-11-27T11:09:02","date_gmt":"2025-11-27T10:09:02","guid":{"rendered":"https:\/\/laxvox-institute.eu\/?post_type=product&#038;p=53464"},"modified":"2026-01-23T13:54:21","modified_gmt":"2026-01-23T12:54:21","slug":"einfluss-von-mundatmung-auf-die-stimme","status":"publish","type":"product","link":"https:\/\/laxvox-institute.eu\/en\/product\/einfluss-von-mundatmung-auf-die-stimme\/","title":{"rendered":"Einfluss von Mundatmung auf die Stimme"},"content":{"rendered":"<h3><span style=\"color: #1db8dd;\">Verstehe, wie die Mundatmung deine Stimme beeinflusst \u2013 und warum sie mehr ist als eine \u201eschlechte Angewohnheit\u201c.<\/span><\/h3>\n<p>Die Stimme ist morgens rau, der Hals trocken und die Nase zu. Du r\u00e4usperst dich durch den Tag und fragst dich, woher das kommt? Eventuell hat es mir deiner Mundatmung zu tun.<br \/>\nIn diesem Workshop beleuchtet Logop\u00e4din Melissa Hoxter den physiologischen Zusammenhang von Mundatmung und Stimme.<\/p>\n<div class=\"gap\" style=\"line-height: 10px; height: 10px;\"><\/div>\n<h4><strong><span style=\"color: #1db8dd;\">Du lernst:<\/span><\/strong><\/h4>\n<p><strong>\u2713 Physiologische Grundlagen klar einordnen:<\/strong> Nasen- vs. Mundatmung, Befeuchtung, Erw\u00e4rmung, Filterung &amp; muskul\u00e4re Zusammenh\u00e4nge<br \/>\n<strong>\u2713 Wie Mundatmung die Stimme beeinflusst:<\/strong> Trockenheit der Schleimh\u00e4ute, schnellere Erm\u00fcdung, ver\u00e4nderte Atemf\u00fchrung, reduzierte Effizienz<br \/>\n<strong>\u2713 Typische stimmliche Symptome erkennen:<\/strong> Heiserkeit, eingeschr\u00e4nkte Belastbarkeit, verk\u00fcrzte Phonationsdauer, kompensatorische Spannungen im Hals- und Schulterbereich<br \/>\n<strong>\u2713 Effektive therapeutische Ans\u00e4tze anwenden:<\/strong> SOVTE (z.\u202fB. LAX VOX), F\u00f6rderung der Nasenatmung, myofunktionelle \u00dcbungen, Dentosophie, Taping, Frenotomie, Atem-Stimm-Koordination<br \/>\n<strong>\u2713 Konkrete Tools f\u00fcr Alltag und Therapie:<\/strong> Praktische, sofort einsetzbare \u00dcbungen zu Wahrnehmung, Tonusregulation und stimmlicher Entlastung<\/p>\n<p><strong>Kompakt, praxisnah, evidenzinformiert \u2013 f\u00fcr alle, die den Einfluss der Atemwege auf die Stimme wirklich verstehen und nutzen m\u00f6chten.<\/strong><\/p>\n<div class=\"gap\" style=\"line-height: 10px; height: 10px;\"><\/div>\n<h4 style=\"color: #1db8dd;\"><strong>Zielgruppe:<\/strong><\/h4>\n<p>F\u00fcr Logop\u00e4d*innen, Stimmtherapeut*innen, Atemtherapeut*innen sowie alle, die stimmliche Belastbarkeit, Atemf\u00fchrung und funktionelle Zusammenh\u00e4nge professionell beurteilen und therapeutisch begleiten m\u00f6chten<\/p>\n<div class=\"gap\" style=\"line-height: 10px; height: 10px;\"><\/div>\n<h4 style=\"color: #1db8dd;\"><strong>Deine Dozentin:<\/strong><\/h4>\n<p><strong><img decoding=\"async\" class=\"alignleft wp-image-50296\" src=\"https:\/\/laxvox-institute.eu\/wp-content\/uploads\/2020\/04\/9-300x300.png\" alt=\"\" width=\"100\" height=\"100\" srcset=\"https:\/\/laxvox-institute.eu\/wp-content\/uploads\/2020\/04\/9-300x300.png 300w, https:\/\/laxvox-institute.eu\/wp-content\/uploads\/2020\/04\/9-150x150.png 150w, https:\/\/laxvox-institute.eu\/wp-content\/uploads\/2020\/04\/9-768x768.png 768w, https:\/\/laxvox-institute.eu\/wp-content\/uploads\/2020\/04\/9-500x500.png 500w, https:\/\/laxvox-institute.eu\/wp-content\/uploads\/2020\/04\/9-157x157.png 157w, https:\/\/laxvox-institute.eu\/wp-content\/uploads\/2020\/04\/9-200x200.png 200w, https:\/\/laxvox-institute.eu\/wp-content\/uploads\/2020\/04\/9-400x400.png 400w, https:\/\/laxvox-institute.eu\/wp-content\/uploads\/2020\/04\/9.png 842w\" sizes=\"(max-width: 100px) 100vw, 100px\" \/>Melissa Hoxter<\/strong><br \/>\nPraxisinhaberin, staatlich gepr\u00fcfte Logop\u00e4din, ausgebildete Therapeutin nach der Padovan-Methode\u00ae \u2013 Neurofunktionelle Reorganisation, LAX VOX\u00ae Master Trainerin, Holistic Child Health Mentorin i.A.<br \/>\nMelissa Hoxter verbindet tiefes fachliches Wissen aus Atem-, Stimm- und Sprachtherapie mit praxisnahen, wissenschaftlich fundierten Methoden. Freu dich auf einen Workshop, der Theorie und praktische \u00dcbungen perfekt verbindet.<\/p>\n<p>&nbsp;<\/p>\n<h4 style=\"color: #1db8dd;\"><strong>\u00dcberblick:<\/strong><\/h4>\n<p><strong>\u2713 \u00a02,5 Fortbildungspunkte<\/strong><br \/>\n<strong>\u2713 Zoom-Live \u2013 Keine Aufzeichnung<\/strong><br \/>\n<strong>\u2713 Skript &amp; Link nach Zahlungseingang im Kundenkonto<\/strong><br \/>\n<strong>\u2713 Teilnahme per PC\/Laptop empfohlen<\/strong><br \/>\n<strong>\u2713 Kamera an &amp; Klarname erforderlich<\/strong><\/p>\n","protected":false},"excerpt":{"rendered":"<div class=\"icon-text-block\">Dienstag, 27.01.2026<\/div>\n<div class=\"icon-text-block\"><i class=\"fa fa-clock-o\"><\/i>18:00\u201320:00 Uhr<\/div>\n<div class=\"icon-text-block\"><i class=\"fa fa-user-o\"><\/i> Melissa Hoxter<\/div>\n<div class=\"icon-text-block\"><i class=\"fa fa-certificate\"><\/i>2,5 Fortbildungspunkte<\/div>\n<div class=\"icon-text-block\"><i class=\"fa fa-laptop\"><\/i> Online via Zoom<\/div>\n<div class=\"icon-text-block\"><i class=\"fa fa-folder-open\"><\/i>Zoom-Link &amp; Handout im Kundenkonto<\/div>\n","protected":false},"featured_media":53465,"template":"","meta":[],"product_brand":[],"product_cat":[752,944,249],"product_tag":[],"class_list":{"0":"post-53464","1":"product","2":"type-product","3":"status-publish","4":"has-post-thumbnail","6":"product_cat-lax-vox-intense","7":"product_cat-fuer-deine-stimme","8":"product_cat-lax-vox-singers-training","9":"description-off","11":"first","12":"instock","13":"virtual","14":"sold-individually","15":"product-type-simple"},"bundled_by":[],"bundle_stock_status":"instock","bundle_stock_quantity":null,"bundle_virtual":false,"bundle_layout":"","bundle_add_to_cart_form_location":"","bundle_editable_in_cart":false,"bundle_sold_individually_context":"","bundle_item_grouping":"","bundle_min_size":"","bundle_max_size":"","bundle_price":[],"bundled_items":[],"bundle_sell_ids":[],"yoast_head":"<!-- This site is optimized with the Yoast SEO plugin v27.4 - https:\/\/yoast.com\/product\/yoast-seo-wordpress\/ -->\n<title>Einfluss von Mundatmung auf die Stimme<\/title>\n<meta name=\"description\" content=\"Lerne in dieser Online-Fortbildung, wie die Mundatmung deine Stimme beeinflusst \u2013 und warum sie mehr ist als eine \u201eschlechte Angewohnheit\u201c.\" \/>\n<meta name=\"robots\" content=\"index, follow, max-snippet:-1, max-image-preview:large, max-video-preview:-1\" \/>\n<link rel=\"canonical\" href=\"https:\/\/laxvox-institute.eu\/en\/product\/einfluss-von-mundatmung-auf-die-stimme\/\" \/>\n<meta property=\"og:locale\" content=\"en_US\" \/>\n<meta property=\"og:type\" content=\"article\" \/>\n<meta property=\"og:title\" content=\"Einfluss von Mundatmung auf die Stimme\" \/>\n<meta property=\"og:description\" content=\"Lerne in dieser Online-Fortbildung, wie die Mundatmung deine Stimme beeinflusst \u2013 und warum sie mehr ist als eine \u201eschlechte Angewohnheit\u201c.\" \/>\n<meta property=\"og:url\" content=\"https:\/\/laxvox-institute.eu\/en\/product\/einfluss-von-mundatmung-auf-die-stimme\/\" \/>\n<meta property=\"og:site_name\" content=\"LAX VOX\u00ae Institute by Stephanie A. Kruse\" \/>\n<meta property=\"article:modified_time\" content=\"2026-01-23T12:54:21+00:00\" \/>\n<meta property=\"og:image\" content=\"https:\/\/laxvox-institute.eu\/wp-content\/uploads\/2025\/11\/1-995x1024.png\" \/>\n\t<meta property=\"og:image:width\" content=\"995\" \/>\n\t<meta property=\"og:image:height\" content=\"1024\" \/>\n\t<meta property=\"og:image:type\" content=\"image\/png\" \/>\n<meta name=\"twitter:card\" content=\"summary_large_image\" \/>\n<meta name=\"twitter:label1\" content=\"Est. reading time\" \/>\n\t<meta name=\"twitter:data1\" content=\"2 minutes\" \/>\n<script type=\"application\/ld+json\" class=\"yoast-schema-graph\">{\"@context\":\"https:\\\/\\\/schema.org\",\"@graph\":[{\"@type\":\"WebPage\",\"@id\":\"https:\\\/\\\/laxvox-institute.eu\\\/en\\\/product\\\/einfluss-von-mundatmung-auf-die-stimme\\\/\",\"url\":\"https:\\\/\\\/laxvox-institute.eu\\\/en\\\/product\\\/einfluss-von-mundatmung-auf-die-stimme\\\/\",\"name\":\"Einfluss von Mundatmung auf die Stimme\",\"isPartOf\":{\"@id\":\"https:\\\/\\\/laxvox-institute.eu\\\/en\\\/#website\"},\"primaryImageOfPage\":{\"@id\":\"https:\\\/\\\/laxvox-institute.eu\\\/en\\\/product\\\/einfluss-von-mundatmung-auf-die-stimme\\\/#primaryimage\"},\"image\":{\"@id\":\"https:\\\/\\\/laxvox-institute.eu\\\/en\\\/product\\\/einfluss-von-mundatmung-auf-die-stimme\\\/#primaryimage\"},\"thumbnailUrl\":\"https:\\\/\\\/laxvox-institute.eu\\\/wp-content\\\/uploads\\\/2025\\\/11\\\/1.png\",\"datePublished\":\"2025-11-27T10:09:02+00:00\",\"dateModified\":\"2026-01-23T12:54:21+00:00\",\"description\":\"Lerne in dieser Online-Fortbildung, wie die Mundatmung deine Stimme beeinflusst \u2013 und warum sie mehr ist als eine \u201eschlechte Angewohnheit\u201c.\",\"breadcrumb\":{\"@id\":\"https:\\\/\\\/laxvox-institute.eu\\\/en\\\/product\\\/einfluss-von-mundatmung-auf-die-stimme\\\/#breadcrumb\"},\"inLanguage\":\"en-US\",\"potentialAction\":[{\"@type\":\"ReadAction\",\"target\":[\"https:\\\/\\\/laxvox-institute.eu\\\/en\\\/product\\\/einfluss-von-mundatmung-auf-die-stimme\\\/\"]}]},{\"@type\":\"ImageObject\",\"inLanguage\":\"en-US\",\"@id\":\"https:\\\/\\\/laxvox-institute.eu\\\/en\\\/product\\\/einfluss-von-mundatmung-auf-die-stimme\\\/#primaryimage\",\"url\":\"https:\\\/\\\/laxvox-institute.eu\\\/wp-content\\\/uploads\\\/2025\\\/11\\\/1.png\",\"contentUrl\":\"https:\\\/\\\/laxvox-institute.eu\\\/wp-content\\\/uploads\\\/2025\\\/11\\\/1.png\",\"width\":1656,\"height\":1704},{\"@type\":\"BreadcrumbList\",\"@id\":\"https:\\\/\\\/laxvox-institute.eu\\\/en\\\/product\\\/einfluss-von-mundatmung-auf-die-stimme\\\/#breadcrumb\",\"itemListElement\":[{\"@type\":\"ListItem\",\"position\":1,\"name\":\"Startseite\",\"item\":\"https:\\\/\\\/laxvox-institute.eu\\\/en\\\/\"},{\"@type\":\"ListItem\",\"position\":2,\"name\":\"Shop\",\"item\":\"https:\\\/\\\/laxvox-institute.eu\\\/en\\\/produkt-archiv\\\/\"},{\"@type\":\"ListItem\",\"position\":3,\"name\":\"Einfluss von Mundatmung auf die Stimme\"}]},{\"@type\":\"WebSite\",\"@id\":\"https:\\\/\\\/laxvox-institute.eu\\\/en\\\/#website\",\"url\":\"https:\\\/\\\/laxvox-institute.eu\\\/en\\\/\",\"name\":\"LAX VOX\u00ae Institute by Stephanie A. Kruse\",\"description\":\"Wissen, das hilft! Lerne alles \u00fcber Stimme!\",\"publisher\":{\"@id\":\"https:\\\/\\\/laxvox-institute.eu\\\/en\\\/#organization\"},\"potentialAction\":[{\"@type\":\"SearchAction\",\"target\":{\"@type\":\"EntryPoint\",\"urlTemplate\":\"https:\\\/\\\/laxvox-institute.eu\\\/en\\\/?s={search_term_string}\"},\"query-input\":{\"@type\":\"PropertyValueSpecification\",\"valueRequired\":true,\"valueName\":\"search_term_string\"}}],\"inLanguage\":\"en-US\"},{\"@type\":\"Organization\",\"@id\":\"https:\\\/\\\/laxvox-institute.eu\\\/en\\\/#organization\",\"name\":\"LAX VOX\u00ae Institute by Stephanie A. Kruse\",\"url\":\"https:\\\/\\\/laxvox-institute.eu\\\/en\\\/\",\"logo\":{\"@type\":\"ImageObject\",\"inLanguage\":\"en-US\",\"@id\":\"https:\\\/\\\/laxvox-institute.eu\\\/en\\\/#\\\/schema\\\/logo\\\/image\\\/\",\"url\":\"https:\\\/\\\/laxvox-institute.eu\\\/wp-content\\\/uploads\\\/2021\\\/01\\\/LANDINGPAGE_200px_INSTITUTE.webp\",\"contentUrl\":\"https:\\\/\\\/laxvox-institute.eu\\\/wp-content\\\/uploads\\\/2021\\\/01\\\/LANDINGPAGE_200px_INSTITUTE.webp\",\"width\":200,\"height\":65,\"caption\":\"LAX VOX\u00ae Institute by Stephanie A. Kruse\"},\"image\":{\"@id\":\"https:\\\/\\\/laxvox-institute.eu\\\/en\\\/#\\\/schema\\\/logo\\\/image\\\/\"},\"sameAs\":[\"https:\\\/\\\/www.instagram.com\\\/laxvox_official\\\/\"]}]}<\/script>\n<!-- \/ Yoast SEO plugin. -->","yoast_head_json":{"title":"Einfluss von Mundatmung auf die Stimme","description":"Lerne in dieser Online-Fortbildung, wie die Mundatmung deine Stimme beeinflusst \u2013 und warum sie mehr ist als eine \u201eschlechte Angewohnheit\u201c.","robots":{"index":"index","follow":"follow","max-snippet":"max-snippet:-1","max-image-preview":"max-image-preview:large","max-video-preview":"max-video-preview:-1"},"canonical":"https:\/\/laxvox-institute.eu\/en\/product\/einfluss-von-mundatmung-auf-die-stimme\/","og_locale":"en_US","og_type":"article","og_title":"Einfluss von Mundatmung auf die Stimme","og_description":"Lerne in dieser Online-Fortbildung, wie die Mundatmung deine Stimme beeinflusst \u2013 und warum sie mehr ist als eine \u201eschlechte Angewohnheit\u201c.","og_url":"https:\/\/laxvox-institute.eu\/en\/product\/einfluss-von-mundatmung-auf-die-stimme\/","og_site_name":"LAX VOX\u00ae Institute by Stephanie A. Kruse","article_modified_time":"2026-01-23T12:54:21+00:00","og_image":[{"width":995,"height":1024,"url":"https:\/\/laxvox-institute.eu\/wp-content\/uploads\/2025\/11\/1-995x1024.png","type":"image\/png"}],"twitter_card":"summary_large_image","twitter_misc":{"Est. reading time":"2 minutes"},"schema":{"@context":"https:\/\/schema.org","@graph":[{"@type":"WebPage","@id":"https:\/\/laxvox-institute.eu\/en\/product\/einfluss-von-mundatmung-auf-die-stimme\/","url":"https:\/\/laxvox-institute.eu\/en\/product\/einfluss-von-mundatmung-auf-die-stimme\/","name":"Einfluss von Mundatmung auf die Stimme","isPartOf":{"@id":"https:\/\/laxvox-institute.eu\/en\/#website"},"primaryImageOfPage":{"@id":"https:\/\/laxvox-institute.eu\/en\/product\/einfluss-von-mundatmung-auf-die-stimme\/#primaryimage"},"image":{"@id":"https:\/\/laxvox-institute.eu\/en\/product\/einfluss-von-mundatmung-auf-die-stimme\/#primaryimage"},"thumbnailUrl":"https:\/\/laxvox-institute.eu\/wp-content\/uploads\/2025\/11\/1.png","datePublished":"2025-11-27T10:09:02+00:00","dateModified":"2026-01-23T12:54:21+00:00","description":"Lerne in dieser Online-Fortbildung, wie die Mundatmung deine Stimme beeinflusst \u2013 und warum sie mehr ist als eine \u201eschlechte Angewohnheit\u201c.","breadcrumb":{"@id":"https:\/\/laxvox-institute.eu\/en\/product\/einfluss-von-mundatmung-auf-die-stimme\/#breadcrumb"},"inLanguage":"en-US","potentialAction":[{"@type":"ReadAction","target":["https:\/\/laxvox-institute.eu\/en\/product\/einfluss-von-mundatmung-auf-die-stimme\/"]}]},{"@type":"ImageObject","inLanguage":"en-US","@id":"https:\/\/laxvox-institute.eu\/en\/product\/einfluss-von-mundatmung-auf-die-stimme\/#primaryimage","url":"https:\/\/laxvox-institute.eu\/wp-content\/uploads\/2025\/11\/1.png","contentUrl":"https:\/\/laxvox-institute.eu\/wp-content\/uploads\/2025\/11\/1.png","width":1656,"height":1704},{"@type":"BreadcrumbList","@id":"https:\/\/laxvox-institute.eu\/en\/product\/einfluss-von-mundatmung-auf-die-stimme\/#breadcrumb","itemListElement":[{"@type":"ListItem","position":1,"name":"Startseite","item":"https:\/\/laxvox-institute.eu\/en\/"},{"@type":"ListItem","position":2,"name":"Shop","item":"https:\/\/laxvox-institute.eu\/en\/produkt-archiv\/"},{"@type":"ListItem","position":3,"name":"Einfluss von Mundatmung auf die Stimme"}]},{"@type":"WebSite","@id":"https:\/\/laxvox-institute.eu\/en\/#website","url":"https:\/\/laxvox-institute.eu\/en\/","name":"LAX VOX\u00ae Institute by Stephanie A. Kruse","description":"Wissen, das hilft! Lerne alles \u00fcber Stimme!","publisher":{"@id":"https:\/\/laxvox-institute.eu\/en\/#organization"},"potentialAction":[{"@type":"SearchAction","target":{"@type":"EntryPoint","urlTemplate":"https:\/\/laxvox-institute.eu\/en\/?s={search_term_string}"},"query-input":{"@type":"PropertyValueSpecification","valueRequired":true,"valueName":"search_term_string"}}],"inLanguage":"en-US"},{"@type":"Organization","@id":"https:\/\/laxvox-institute.eu\/en\/#organization","name":"LAX VOX\u00ae Institute by Stephanie A. Kruse","url":"https:\/\/laxvox-institute.eu\/en\/","logo":{"@type":"ImageObject","inLanguage":"en-US","@id":"https:\/\/laxvox-institute.eu\/en\/#\/schema\/logo\/image\/","url":"https:\/\/laxvox-institute.eu\/wp-content\/uploads\/2021\/01\/LANDINGPAGE_200px_INSTITUTE.webp","contentUrl":"https:\/\/laxvox-institute.eu\/wp-content\/uploads\/2021\/01\/LANDINGPAGE_200px_INSTITUTE.webp","width":200,"height":65,"caption":"LAX VOX\u00ae Institute by Stephanie A. Kruse"},"image":{"@id":"https:\/\/laxvox-institute.eu\/en\/#\/schema\/logo\/image\/"},"sameAs":["https:\/\/www.instagram.com\/laxvox_official\/"]}]}},"_links":{"self":[{"href":"https:\/\/laxvox-institute.eu\/en\/wp-json\/wp\/v2\/product\/53464","targetHints":{"allow":["GET"]}}],"collection":[{"href":"https:\/\/laxvox-institute.eu\/en\/wp-json\/wp\/v2\/product"}],"about":[{"href":"https:\/\/laxvox-institute.eu\/en\/wp-json\/wp\/v2\/types\/product"}],"wp:featuredmedia":[{"embeddable":true,"href":"https:\/\/laxvox-institute.eu\/en\/wp-json\/wp\/v2\/media\/53465"}],"wp:attachment":[{"href":"https:\/\/laxvox-institute.eu\/en\/wp-json\/wp\/v2\/media?parent=53464"}],"wp:term":[{"taxonomy":"product_brand","embeddable":true,"href":"https:\/\/laxvox-institute.eu\/en\/wp-json\/wp\/v2\/product_brand?post=53464"},{"taxonomy":"product_cat","embeddable":true,"href":"https:\/\/laxvox-institute.eu\/en\/wp-json\/wp\/v2\/product_cat?post=53464"},{"taxonomy":"product_tag","embeddable":true,"href":"https:\/\/laxvox-institute.eu\/en\/wp-json\/wp\/v2\/product_tag?post=53464"}],"curies":[{"name":"wp","href":"https:\/\/api.w.org\/{rel}","templated":true}]}}