{"id":53483,"date":"2025-11-27T12:36:01","date_gmt":"2025-11-27T11:36:01","guid":{"rendered":"https:\/\/laxvox-institute.eu\/?post_type=product&#038;p=53483"},"modified":"2026-01-30T09:33:07","modified_gmt":"2026-01-30T08:33:07","slug":"einfuehrung-ins-estill-voice-training","status":"publish","type":"product","link":"https:\/\/laxvox-institute.eu\/en\/product\/einfuehrung-ins-estill-voice-training\/","title":{"rendered":"Einf\u00fchrung ins Estill Voice Training\u00ae"},"content":{"rendered":"<h3><span style=\"color: #1db8dd;\">Stimme verstehen, isoliert kontrollieren und bewusst gestalten \u2013 dein Einstieg ins Estill Voice Training\u00ae<\/span><\/h3>\n<p data-start=\"145\" data-end=\"508\">Du willst endlich verstehen, was genau passiert, wenn du singst?<br data-start=\"209\" data-end=\"212\" \/>Du bist Vocal Coach oder Stimmtherapeut*in und suchst klare, wissenschaftlich fundierte und anatomisch nachvollziehbare Erkl\u00e4rungen daf\u00fcr, wie ein Stimmklang entsteht \u2013 und vor allem, was du konkret tun kannst, um Stimmprobleme zu l\u00f6sen, ohne vage Halbwahrheiten oder halbherzige Tipps?<\/p>\n<p data-start=\"510\" data-end=\"580\">Dann ist das <strong data-start=\"523\" data-end=\"549\">Estill Voice Training\u00ae<\/strong> genau das Richtige f\u00fcr dich.<\/p>\n<p data-start=\"145\" data-end=\"291\">Das <strong data-start=\"149\" data-end=\"182\">Estill Voice Training\u00ae (EVT)<\/strong> ist ein weltweit anerkanntes, wissenschaftlich fundiertes Stimmtrainings-System, entwickelt von Jo Estill.<br \/>\nDas EVT\u00ae vermittelt \u00a0S\u00e4nger*innen, Sprecher*innen und Therapeut*innen die bewusste Kontrolle \u00fcber die Strukturen des Vokaltrakts, um den Klang gezielt zu steuern. Mit Hilfe von 13 Voice Figures und 6 Voice Qualities lernst du, deine Stimme flexibel, bewusst und \u00f6konomisch einzusetzen \u2013 f\u00fcr gesundes, ausdrucksstarkes und variabel einsetzbares Singen in allen Genres und Sprechen.<\/p>\n<div class=\"gap\" style=\"line-height: 10px; height: 10px;\"><\/div>\n<h4><strong><span style=\"color: #1db8dd;\">Du lernst:<\/span><\/strong><\/h4>\n<p>\u2713 <strong>Estill Voice System kennenlernen: <\/strong>Grundprinzipien und didaktische Herangehensweise<\/p>\n<p>\u2713\u00a0<strong>Voice Figures kennenlernen:<\/strong> Praktisches \u00dcben ausgew\u00e4hlter Voice Figures zur Stimmkontrolle<\/p>\n<p>\u2713 <strong>Voice Qualities:<\/strong> Kennenlernen und ausprobieren der Voice Qualities<\/p>\n<p>\u2713 <strong>Praxisnah lernen: <\/strong>konkrete \u00dcbungen und 2 Master Classes<\/p>\n<p><strong>Funktional denken, evidenzbasiert anwenden, Stimme gezielt entwickeln.<\/strong><\/p>\n<div class=\"gap\" style=\"line-height: 10px; height: 10px;\"><\/div>\n<h4 style=\"color: #1db8dd;\"><strong>Material:<\/strong><\/h4>\n<p>Bereite eine Stelle aus einem Lied vor, an der du gerne arbeiten m\u00f6chtest. Lege dir den Text bereit.<\/p>\n<div class=\"gap\" style=\"line-height: 10px; height: 10px;\"><\/div>\n<h4 style=\"color: #1db8dd;\"><strong>Zielgruppe:<\/strong><\/h4>\n<p>F\u00fcr Logop\u00e4d*innen, Vocal Coaches, S\u00e4nger*innen, Gesangslehrende und Stimmexpert*innen, die erste Einblicke in das Estill Voice Training gewinnen und Grundlagen praxisnah erlernen m\u00f6chten.<\/p>\n<div class=\"gap\" style=\"line-height: 10px; height: 10px;\"><\/div>\n<h4 style=\"color: #1db8dd;\"><strong>Deine Dozentin:<\/strong><\/h4>\n<p><strong><img decoding=\"async\" class=\"alignleft wp-image-49711\" src=\"https:\/\/laxvox-institute.eu\/wp-content\/uploads\/2025\/07\/Stephanie_Kruse-LVI-Dozentin-300x300.webp\" alt=\"Stephanie A. Kruse\" width=\"100\" height=\"100\" srcset=\"https:\/\/laxvox-institute.eu\/wp-content\/uploads\/2025\/07\/Stephanie_Kruse-LVI-Dozentin-300x300.webp 300w, https:\/\/laxvox-institute.eu\/wp-content\/uploads\/2025\/07\/Stephanie_Kruse-LVI-Dozentin-150x150.webp 150w, https:\/\/laxvox-institute.eu\/wp-content\/uploads\/2025\/07\/Stephanie_Kruse-LVI-Dozentin-500x500.webp 500w, https:\/\/laxvox-institute.eu\/wp-content\/uploads\/2025\/07\/Stephanie_Kruse-LVI-Dozentin-157x157.webp 157w, https:\/\/laxvox-institute.eu\/wp-content\/uploads\/2025\/07\/Stephanie_Kruse-LVI-Dozentin-200x200.webp 200w, https:\/\/laxvox-institute.eu\/wp-content\/uploads\/2025\/07\/Stephanie_Kruse-LVI-Dozentin-400x400.webp 400w, https:\/\/laxvox-institute.eu\/wp-content\/uploads\/2025\/07\/Stephanie_Kruse-LVI-Dozentin.webp 531w\" sizes=\"(max-width: 100px) 100vw, 100px\" \/>Stephanie A. Kruse<\/strong><br \/>\nist Logop\u00e4din (Bachelor of Health), Estill Voice\u00ae Master Trainerin, Vocal Coach, S\u00e4ngerin, Dozentin und Autorin.<br \/>\nSie ist Gr\u00fcnderin und Inhaberin des LAX VOX\u00ae Institutes und bildet seit \u00fcber 20 Jahren Menschen im Bereich Stimmtherapie und Gesang aus. Stephanie unterrichtet praxisnah, leicht verst\u00e4ndlich und mit Humor.<\/p>\n<h4 style=\"color: #1db8dd;\"><strong>\u00dcberblick:<\/strong><\/h4>\n<p><strong>\u2713 6 Fortbildungspunkte<\/strong><br \/>\n\u2713 <strong>Zoom live, keine Aufzeichnung<\/strong><br \/>\n\u2713 <strong>Zoom-Link &amp; Skript im Kundenkonto<\/strong><br \/>\n\u2713 <strong>Teilnahme per PC\/Laptop empfohlen<\/strong><br \/>\n\u2713 <strong>Kamera an &amp; Klarname erforderlich<\/strong><\/p>\n","protected":false},"excerpt":{"rendered":"<div class=\"icon-text-block\"><i class=\"fa fa-calendar\"><\/i>30.01.2026<\/div>\n<div class=\"icon-text-block\"><i class=\"fa fa-clock-o\"><\/i>10:00\u201315:00 Uhr<\/div>\n<div class=\"icon-text-block\"><i class=\"fa fa-user-o\"><\/i>Stephanie A. Kruse<\/div>\n<div class=\"icon-text-block\"><i class=\"fa fa-certificate\"><\/i>6 Fortbildungspunkte<\/div>\n<div class=\"icon-text-block\"><i class=\"fa fa-laptop\"><\/i>Online via Zoom<\/div>\n<div class=\"icon-text-block\"><i class=\"fa fa-folder-open\"><\/i>Zoom-Link &amp; Handout im Kundenkonto<\/div>\n","protected":false},"featured_media":49666,"template":"","meta":[],"product_brand":[],"product_cat":[247,752,767],"product_tag":[],"class_list":{"0":"post-53483","1":"product","2":"type-product","3":"status-publish","4":"has-post-thumbnail","6":"product_cat-lax-vox-voice-therapy","7":"product_cat-lax-vox-intense","8":"product_cat-lv-in-der-logopaedie","9":"description-off","11":"first","12":"instock","13":"virtual","14":"sold-individually","15":"product-type-simple"},"bundled_by":[],"bundle_stock_status":"instock","bundle_stock_quantity":null,"bundle_virtual":false,"bundle_layout":"","bundle_add_to_cart_form_location":"","bundle_editable_in_cart":false,"bundle_sold_individually_context":"","bundle_item_grouping":"","bundle_min_size":"","bundle_max_size":"","bundle_price":[],"bundled_items":[],"bundle_sell_ids":[],"yoast_head":"<!-- This site is optimized with the Yoast SEO plugin v27.3 - https:\/\/yoast.com\/product\/yoast-seo-wordpress\/ -->\n<title>Einf\u00fchrung ins Estill Voice Training\u00ae<\/title>\n<meta name=\"description\" content=\"Lerne in diesem Online-Workshop die Stimmgebung zu verstehen, isoliert zukontrollieren und bewusst zu gestalten \u2013 dein Einstieg ins Estill Voice Training\u00ae.\" \/>\n<meta name=\"robots\" content=\"index, follow, max-snippet:-1, max-image-preview:large, max-video-preview:-1\" \/>\n<link rel=\"canonical\" href=\"https:\/\/laxvox-institute.eu\/en\/product\/einfuehrung-ins-estill-voice-training\/\" \/>\n<meta property=\"og:locale\" content=\"en_US\" \/>\n<meta property=\"og:type\" content=\"article\" \/>\n<meta property=\"og:title\" content=\"Einf\u00fchrung ins Estill Voice Training\u00ae\" \/>\n<meta property=\"og:description\" content=\"Lerne in diesem Online-Workshop die Stimmgebung zu verstehen, isoliert zukontrollieren und bewusst zu gestalten \u2013 dein Einstieg ins Estill Voice Training\u00ae.\" \/>\n<meta property=\"og:url\" content=\"https:\/\/laxvox-institute.eu\/en\/product\/einfuehrung-ins-estill-voice-training\/\" \/>\n<meta property=\"og:site_name\" content=\"LAX VOX\u00ae Institute by Stephanie A. Kruse\" \/>\n<meta property=\"article:modified_time\" content=\"2026-01-30T08:33:07+00:00\" \/>\n<meta property=\"og:image\" content=\"https:\/\/laxvox-institute.eu\/wp-content\/uploads\/2025\/07\/4.png\" \/>\n\t<meta property=\"og:image:width\" content=\"1000\" \/>\n\t<meta property=\"og:image:height\" content=\"1000\" \/>\n\t<meta property=\"og:image:type\" content=\"image\/png\" \/>\n<meta name=\"twitter:card\" content=\"summary_large_image\" \/>\n<meta name=\"twitter:label1\" content=\"Est. reading time\" \/>\n\t<meta name=\"twitter:data1\" content=\"3 minutes\" \/>\n<script type=\"application\/ld+json\" class=\"yoast-schema-graph\">{\"@context\":\"https:\\\/\\\/schema.org\",\"@graph\":[{\"@type\":\"WebPage\",\"@id\":\"https:\\\/\\\/laxvox-institute.eu\\\/en\\\/product\\\/einfuehrung-ins-estill-voice-training\\\/\",\"url\":\"https:\\\/\\\/laxvox-institute.eu\\\/en\\\/product\\\/einfuehrung-ins-estill-voice-training\\\/\",\"name\":\"Einf\u00fchrung ins Estill Voice Training\u00ae\",\"isPartOf\":{\"@id\":\"https:\\\/\\\/laxvox-institute.eu\\\/en\\\/#website\"},\"primaryImageOfPage\":{\"@id\":\"https:\\\/\\\/laxvox-institute.eu\\\/en\\\/product\\\/einfuehrung-ins-estill-voice-training\\\/#primaryimage\"},\"image\":{\"@id\":\"https:\\\/\\\/laxvox-institute.eu\\\/en\\\/product\\\/einfuehrung-ins-estill-voice-training\\\/#primaryimage\"},\"thumbnailUrl\":\"https:\\\/\\\/laxvox-institute.eu\\\/wp-content\\\/uploads\\\/2025\\\/07\\\/4.png\",\"datePublished\":\"2025-11-27T11:36:01+00:00\",\"dateModified\":\"2026-01-30T08:33:07+00:00\",\"description\":\"Lerne in diesem Online-Workshop die Stimmgebung zu verstehen, isoliert zukontrollieren und bewusst zu gestalten \u2013 dein Einstieg ins Estill Voice Training\u00ae.\",\"breadcrumb\":{\"@id\":\"https:\\\/\\\/laxvox-institute.eu\\\/en\\\/product\\\/einfuehrung-ins-estill-voice-training\\\/#breadcrumb\"},\"inLanguage\":\"en-US\",\"potentialAction\":[{\"@type\":\"ReadAction\",\"target\":[\"https:\\\/\\\/laxvox-institute.eu\\\/en\\\/product\\\/einfuehrung-ins-estill-voice-training\\\/\"]}]},{\"@type\":\"ImageObject\",\"inLanguage\":\"en-US\",\"@id\":\"https:\\\/\\\/laxvox-institute.eu\\\/en\\\/product\\\/einfuehrung-ins-estill-voice-training\\\/#primaryimage\",\"url\":\"https:\\\/\\\/laxvox-institute.eu\\\/wp-content\\\/uploads\\\/2025\\\/07\\\/4.png\",\"contentUrl\":\"https:\\\/\\\/laxvox-institute.eu\\\/wp-content\\\/uploads\\\/2025\\\/07\\\/4.png\",\"width\":1000,\"height\":1000},{\"@type\":\"BreadcrumbList\",\"@id\":\"https:\\\/\\\/laxvox-institute.eu\\\/en\\\/product\\\/einfuehrung-ins-estill-voice-training\\\/#breadcrumb\",\"itemListElement\":[{\"@type\":\"ListItem\",\"position\":1,\"name\":\"Startseite\",\"item\":\"https:\\\/\\\/laxvox-institute.eu\\\/en\\\/\"},{\"@type\":\"ListItem\",\"position\":2,\"name\":\"Shop\",\"item\":\"https:\\\/\\\/laxvox-institute.eu\\\/en\\\/produkt-archiv\\\/\"},{\"@type\":\"ListItem\",\"position\":3,\"name\":\"Einf\u00fchrung ins Estill Voice Training\u00ae\"}]},{\"@type\":\"WebSite\",\"@id\":\"https:\\\/\\\/laxvox-institute.eu\\\/en\\\/#website\",\"url\":\"https:\\\/\\\/laxvox-institute.eu\\\/en\\\/\",\"name\":\"LAX VOX\u00ae Institute by Stephanie A. Kruse\",\"description\":\"Wissen, das hilft! Lerne alles \u00fcber Stimme!\",\"publisher\":{\"@id\":\"https:\\\/\\\/laxvox-institute.eu\\\/en\\\/#organization\"},\"potentialAction\":[{\"@type\":\"SearchAction\",\"target\":{\"@type\":\"EntryPoint\",\"urlTemplate\":\"https:\\\/\\\/laxvox-institute.eu\\\/en\\\/?s={search_term_string}\"},\"query-input\":{\"@type\":\"PropertyValueSpecification\",\"valueRequired\":true,\"valueName\":\"search_term_string\"}}],\"inLanguage\":\"en-US\"},{\"@type\":\"Organization\",\"@id\":\"https:\\\/\\\/laxvox-institute.eu\\\/en\\\/#organization\",\"name\":\"LAX VOX\u00ae Institute by Stephanie A. Kruse\",\"url\":\"https:\\\/\\\/laxvox-institute.eu\\\/en\\\/\",\"logo\":{\"@type\":\"ImageObject\",\"inLanguage\":\"en-US\",\"@id\":\"https:\\\/\\\/laxvox-institute.eu\\\/en\\\/#\\\/schema\\\/logo\\\/image\\\/\",\"url\":\"https:\\\/\\\/laxvox-institute.eu\\\/wp-content\\\/uploads\\\/2021\\\/01\\\/LANDINGPAGE_200px_INSTITUTE.webp\",\"contentUrl\":\"https:\\\/\\\/laxvox-institute.eu\\\/wp-content\\\/uploads\\\/2021\\\/01\\\/LANDINGPAGE_200px_INSTITUTE.webp\",\"width\":200,\"height\":65,\"caption\":\"LAX VOX\u00ae Institute by Stephanie A. Kruse\"},\"image\":{\"@id\":\"https:\\\/\\\/laxvox-institute.eu\\\/en\\\/#\\\/schema\\\/logo\\\/image\\\/\"},\"sameAs\":[\"https:\\\/\\\/www.instagram.com\\\/laxvox_official\\\/\"]}]}<\/script>\n<!-- \/ Yoast SEO plugin. -->","yoast_head_json":{"title":"Einf\u00fchrung ins Estill Voice Training\u00ae","description":"Lerne in diesem Online-Workshop die Stimmgebung zu verstehen, isoliert zukontrollieren und bewusst zu gestalten \u2013 dein Einstieg ins Estill Voice Training\u00ae.","robots":{"index":"index","follow":"follow","max-snippet":"max-snippet:-1","max-image-preview":"max-image-preview:large","max-video-preview":"max-video-preview:-1"},"canonical":"https:\/\/laxvox-institute.eu\/en\/product\/einfuehrung-ins-estill-voice-training\/","og_locale":"en_US","og_type":"article","og_title":"Einf\u00fchrung ins Estill Voice Training\u00ae","og_description":"Lerne in diesem Online-Workshop die Stimmgebung zu verstehen, isoliert zukontrollieren und bewusst zu gestalten \u2013 dein Einstieg ins Estill Voice Training\u00ae.","og_url":"https:\/\/laxvox-institute.eu\/en\/product\/einfuehrung-ins-estill-voice-training\/","og_site_name":"LAX VOX\u00ae Institute by Stephanie A. Kruse","article_modified_time":"2026-01-30T08:33:07+00:00","og_image":[{"width":1000,"height":1000,"url":"https:\/\/laxvox-institute.eu\/wp-content\/uploads\/2025\/07\/4.png","type":"image\/png"}],"twitter_card":"summary_large_image","twitter_misc":{"Est. reading time":"3 minutes"},"schema":{"@context":"https:\/\/schema.org","@graph":[{"@type":"WebPage","@id":"https:\/\/laxvox-institute.eu\/en\/product\/einfuehrung-ins-estill-voice-training\/","url":"https:\/\/laxvox-institute.eu\/en\/product\/einfuehrung-ins-estill-voice-training\/","name":"Einf\u00fchrung ins Estill Voice Training\u00ae","isPartOf":{"@id":"https:\/\/laxvox-institute.eu\/en\/#website"},"primaryImageOfPage":{"@id":"https:\/\/laxvox-institute.eu\/en\/product\/einfuehrung-ins-estill-voice-training\/#primaryimage"},"image":{"@id":"https:\/\/laxvox-institute.eu\/en\/product\/einfuehrung-ins-estill-voice-training\/#primaryimage"},"thumbnailUrl":"https:\/\/laxvox-institute.eu\/wp-content\/uploads\/2025\/07\/4.png","datePublished":"2025-11-27T11:36:01+00:00","dateModified":"2026-01-30T08:33:07+00:00","description":"Lerne in diesem Online-Workshop die Stimmgebung zu verstehen, isoliert zukontrollieren und bewusst zu gestalten \u2013 dein Einstieg ins Estill Voice Training\u00ae.","breadcrumb":{"@id":"https:\/\/laxvox-institute.eu\/en\/product\/einfuehrung-ins-estill-voice-training\/#breadcrumb"},"inLanguage":"en-US","potentialAction":[{"@type":"ReadAction","target":["https:\/\/laxvox-institute.eu\/en\/product\/einfuehrung-ins-estill-voice-training\/"]}]},{"@type":"ImageObject","inLanguage":"en-US","@id":"https:\/\/laxvox-institute.eu\/en\/product\/einfuehrung-ins-estill-voice-training\/#primaryimage","url":"https:\/\/laxvox-institute.eu\/wp-content\/uploads\/2025\/07\/4.png","contentUrl":"https:\/\/laxvox-institute.eu\/wp-content\/uploads\/2025\/07\/4.png","width":1000,"height":1000},{"@type":"BreadcrumbList","@id":"https:\/\/laxvox-institute.eu\/en\/product\/einfuehrung-ins-estill-voice-training\/#breadcrumb","itemListElement":[{"@type":"ListItem","position":1,"name":"Startseite","item":"https:\/\/laxvox-institute.eu\/en\/"},{"@type":"ListItem","position":2,"name":"Shop","item":"https:\/\/laxvox-institute.eu\/en\/produkt-archiv\/"},{"@type":"ListItem","position":3,"name":"Einf\u00fchrung ins Estill Voice Training\u00ae"}]},{"@type":"WebSite","@id":"https:\/\/laxvox-institute.eu\/en\/#website","url":"https:\/\/laxvox-institute.eu\/en\/","name":"LAX VOX\u00ae Institute by Stephanie A. Kruse","description":"Wissen, das hilft! Lerne alles \u00fcber Stimme!","publisher":{"@id":"https:\/\/laxvox-institute.eu\/en\/#organization"},"potentialAction":[{"@type":"SearchAction","target":{"@type":"EntryPoint","urlTemplate":"https:\/\/laxvox-institute.eu\/en\/?s={search_term_string}"},"query-input":{"@type":"PropertyValueSpecification","valueRequired":true,"valueName":"search_term_string"}}],"inLanguage":"en-US"},{"@type":"Organization","@id":"https:\/\/laxvox-institute.eu\/en\/#organization","name":"LAX VOX\u00ae Institute by Stephanie A. Kruse","url":"https:\/\/laxvox-institute.eu\/en\/","logo":{"@type":"ImageObject","inLanguage":"en-US","@id":"https:\/\/laxvox-institute.eu\/en\/#\/schema\/logo\/image\/","url":"https:\/\/laxvox-institute.eu\/wp-content\/uploads\/2021\/01\/LANDINGPAGE_200px_INSTITUTE.webp","contentUrl":"https:\/\/laxvox-institute.eu\/wp-content\/uploads\/2021\/01\/LANDINGPAGE_200px_INSTITUTE.webp","width":200,"height":65,"caption":"LAX VOX\u00ae Institute by Stephanie A. Kruse"},"image":{"@id":"https:\/\/laxvox-institute.eu\/en\/#\/schema\/logo\/image\/"},"sameAs":["https:\/\/www.instagram.com\/laxvox_official\/"]}]}},"_links":{"self":[{"href":"https:\/\/laxvox-institute.eu\/en\/wp-json\/wp\/v2\/product\/53483","targetHints":{"allow":["GET"]}}],"collection":[{"href":"https:\/\/laxvox-institute.eu\/en\/wp-json\/wp\/v2\/product"}],"about":[{"href":"https:\/\/laxvox-institute.eu\/en\/wp-json\/wp\/v2\/types\/product"}],"wp:featuredmedia":[{"embeddable":true,"href":"https:\/\/laxvox-institute.eu\/en\/wp-json\/wp\/v2\/media\/49666"}],"wp:attachment":[{"href":"https:\/\/laxvox-institute.eu\/en\/wp-json\/wp\/v2\/media?parent=53483"}],"wp:term":[{"taxonomy":"product_brand","embeddable":true,"href":"https:\/\/laxvox-institute.eu\/en\/wp-json\/wp\/v2\/product_brand?post=53483"},{"taxonomy":"product_cat","embeddable":true,"href":"https:\/\/laxvox-institute.eu\/en\/wp-json\/wp\/v2\/product_cat?post=53483"},{"taxonomy":"product_tag","embeddable":true,"href":"https:\/\/laxvox-institute.eu\/en\/wp-json\/wp\/v2\/product_tag?post=53483"}],"curies":[{"name":"wp","href":"https:\/\/api.w.org\/{rel}","templated":true}]}}