{"id":53608,"date":"2025-11-27T19:38:00","date_gmt":"2025-11-27T18:38:00","guid":{"rendered":"https:\/\/laxvox-institute.eu\/?post_type=product&#038;p=53608"},"modified":"2026-02-06T09:58:26","modified_gmt":"2026-02-06T08:58:26","slug":"lax-vox-voice-weekend-all-inclusive-ticket","status":"publish","type":"product","link":"https:\/\/laxvox-institute.eu\/en\/product\/lax-vox-voice-weekend-all-inclusive-ticket\/","title":{"rendered":"LAX VOX\u00ae VOICE WEEKEND | ALL INCLUSIVE-TICKET"},"content":{"rendered":"<h3><span style=\"color: #1db8dd;\">LAX VOX\u00ae VOICE WEEKEND | ALL INCLUSIVE-TICKET<\/span><\/h3>\n<div class=\"gap\" style=\"line-height: 10px; height: 10px;\"><\/div>\n<h4><div class=\"gap\" style=\"line-height: 10px; height: 10px;\"><\/div><\/h4>\n<p data-start=\"173\" data-end=\"313\"><strong>10 interaktive Stimm-Workshops.<br \/>\n10 LAX VOX\u00ae Master Trainerinnen.<br \/>\n6 exklusive Stimm-Coachings.<br \/>\n100\u202f% LAX VOX\u00ae.<\/strong><\/p>\n<p>Erlebe ein Wochenende voller Stimme &amp; LAX VOX\u00ae:<\/p>\n<p>&#8211; Genie\u00dfe interaktive Workouts f\u00fcr deine Stimme<br \/>\n&#8211; Lerne kreative Impulse zur Stimmtherapie und<br \/>\n&#8211; Erhalte effektive Tipps f\u00fcrs Vocal Coaching.<\/p>\n<p data-start=\"315\" data-end=\"501\">Schnapp dir deinen LAX VOX\u00ae-Schlauch und entdecke, wie du das beliebte Tool effektiv, vielseitig und praxisnah einsetzt und spielerisch leicht deine Stimmziele erreichst.<\/p>\n<p data-start=\"93\" data-end=\"102\"><b>Genie\u00dfe maximale Flexibilit\u00e4t: erlebe manche Workshops live, schau dir andere als Aufzeichnung an \u2013 ganz wie du magst.<\/b><\/p>\n<p data-start=\"104\" data-end=\"187\">\u2714 Sei live dabei an beiden Tagen<br data-start=\"132\" data-end=\"135\" \/>\u2714 Stelle deine Fragen im Chat<br \/>\n\u2714 Erhalte alle Aufzeichnungen und Handouts<br \/>\n\u2714 Lebenslanger Zugriff<\/p>\n<p><span style=\"color: #1db8dd;\"><strong>Nach Zahlungseingang <span style=\"caret-color: #1db8dd;\">findest du den Zoom-Link f\u00fcr beide Tage in deinem Kundenkonto.<\/span><\/strong><\/span><\/p>\n<p><span style=\"color: #1db8dd;\"><strong>Die Aufzeichnungen stehen dir ab dem 27.02.2026 im Kundenkonto als Videokurs zur Verf\u00fcgung. Du erh\u00e4ltst eine E-Mail, sobald er bereit steht.<\/strong><\/span><\/p>\n","protected":false},"excerpt":{"rendered":"<div class=\"icon-text-block\"><i class=\"fa fa-calendar\"><\/i>07.02. + 08.02.2026<\/div>\n<div class=\"icon-text-block\"><i class=\"fa fa-clock-o\"><\/i>je 10.00-17.00 Uhr<\/div>\n<div class=\"icon-text-block\"><i class=\"fa fa-chalkboard-teacher\"><\/i>10 Workshops<\/div>\n<div class=\"icon-text-block\"><i class=\"fa fa-laptop\"><\/i> Online via Zoom<\/div>\n<div class=\"icon-text-block\"><i class=\"fa fa-folder-open\"><\/i>Zoom-Link im Kundenkonto<\/div>\n<p>&nbsp;<\/p>\n","protected":false},"featured_media":53598,"template":"","meta":[],"product_brand":[],"product_cat":[249,752,944],"product_tag":[],"class_list":{"0":"post-53608","1":"product","2":"type-product","3":"status-publish","4":"has-post-thumbnail","6":"product_cat-lax-vox-singers-training","7":"product_cat-lax-vox-intense","8":"product_cat-fuer-deine-stimme","9":"description-off","11":"first","12":"instock","13":"virtual","14":"sold-individually","15":"purchasable","16":"product-type-simple"},"bundled_by":[],"bundle_stock_status":"instock","bundle_stock_quantity":null,"bundle_virtual":false,"bundle_layout":"","bundle_add_to_cart_form_location":"","bundle_editable_in_cart":false,"bundle_sold_individually_context":"","bundle_item_grouping":"","bundle_min_size":"","bundle_max_size":"","bundle_price":[],"bundled_items":[],"bundle_sell_ids":[],"yoast_head":"<!-- This site is optimized with the Yoast SEO plugin v27.3 - https:\/\/yoast.com\/product\/yoast-seo-wordpress\/ -->\n<title>LAX VOX\u00ae VOICE WEEKEND | ALL INCLUSIVE-TICKET<\/title>\n<meta name=\"description\" content=\"Genie\u00dfe interaktive Workouts f\u00fcr deine Stimme, lerne kreative Impulse zur Stimmtherapie und erhalte effektive Tipps f\u00fcrs Vocal Coaching\u00a0\u2013 mit LAX VOX\u00ae.\" \/>\n<meta name=\"robots\" content=\"index, follow, max-snippet:-1, max-image-preview:large, max-video-preview:-1\" \/>\n<link rel=\"canonical\" href=\"https:\/\/laxvox-institute.eu\/en\/product\/lax-vox-voice-weekend-all-inclusive-ticket\/\" \/>\n<meta property=\"og:locale\" content=\"en_US\" \/>\n<meta property=\"og:type\" content=\"article\" \/>\n<meta property=\"og:title\" content=\"LAX VOX\u00ae VOICE WEEKEND | ALL INCLUSIVE-TICKET\" \/>\n<meta property=\"og:description\" content=\"Genie\u00dfe interaktive Workouts f\u00fcr deine Stimme, lerne kreative Impulse zur Stimmtherapie und erhalte effektive Tipps f\u00fcrs Vocal Coaching\u00a0\u2013 mit LAX VOX\u00ae.\" \/>\n<meta property=\"og:url\" content=\"https:\/\/laxvox-institute.eu\/en\/product\/lax-vox-voice-weekend-all-inclusive-ticket\/\" \/>\n<meta property=\"og:site_name\" content=\"LAX VOX\u00ae Institute by Stephanie A. Kruse\" \/>\n<meta property=\"article:modified_time\" content=\"2026-02-06T08:58:26+00:00\" \/>\n<meta property=\"og:image\" content=\"https:\/\/laxvox-institute.eu\/wp-content\/uploads\/2025\/11\/Bildschirmfoto-2025-11-27-um-19.28.03.png\" \/>\n\t<meta property=\"og:image:width\" content=\"1888\" \/>\n\t<meta property=\"og:image:height\" content=\"1580\" \/>\n\t<meta property=\"og:image:type\" content=\"image\/png\" \/>\n<meta name=\"twitter:card\" content=\"summary_large_image\" \/>\n<meta name=\"twitter:label1\" content=\"Est. reading time\" \/>\n\t<meta name=\"twitter:data1\" content=\"2 minutes\" \/>\n<script type=\"application\/ld+json\" class=\"yoast-schema-graph\">{\"@context\":\"https:\\\/\\\/schema.org\",\"@graph\":[{\"@type\":\"WebPage\",\"@id\":\"https:\\\/\\\/laxvox-institute.eu\\\/en\\\/product\\\/lax-vox-voice-weekend-all-inclusive-ticket\\\/\",\"url\":\"https:\\\/\\\/laxvox-institute.eu\\\/en\\\/product\\\/lax-vox-voice-weekend-all-inclusive-ticket\\\/\",\"name\":\"LAX VOX\u00ae VOICE WEEKEND | ALL INCLUSIVE-TICKET\",\"isPartOf\":{\"@id\":\"https:\\\/\\\/laxvox-institute.eu\\\/en\\\/#website\"},\"primaryImageOfPage\":{\"@id\":\"https:\\\/\\\/laxvox-institute.eu\\\/en\\\/product\\\/lax-vox-voice-weekend-all-inclusive-ticket\\\/#primaryimage\"},\"image\":{\"@id\":\"https:\\\/\\\/laxvox-institute.eu\\\/en\\\/product\\\/lax-vox-voice-weekend-all-inclusive-ticket\\\/#primaryimage\"},\"thumbnailUrl\":\"https:\\\/\\\/laxvox-institute.eu\\\/wp-content\\\/uploads\\\/2025\\\/11\\\/Bildschirmfoto-2025-11-27-um-19.28.03.png\",\"datePublished\":\"2025-11-27T18:38:00+00:00\",\"dateModified\":\"2026-02-06T08:58:26+00:00\",\"description\":\"Genie\u00dfe interaktive Workouts f\u00fcr deine Stimme, lerne kreative Impulse zur Stimmtherapie und erhalte effektive Tipps f\u00fcrs Vocal Coaching\u00a0\u2013 mit LAX VOX\u00ae.\",\"breadcrumb\":{\"@id\":\"https:\\\/\\\/laxvox-institute.eu\\\/en\\\/product\\\/lax-vox-voice-weekend-all-inclusive-ticket\\\/#breadcrumb\"},\"inLanguage\":\"en-US\",\"potentialAction\":[{\"@type\":\"ReadAction\",\"target\":[\"https:\\\/\\\/laxvox-institute.eu\\\/en\\\/product\\\/lax-vox-voice-weekend-all-inclusive-ticket\\\/\"]}]},{\"@type\":\"ImageObject\",\"inLanguage\":\"en-US\",\"@id\":\"https:\\\/\\\/laxvox-institute.eu\\\/en\\\/product\\\/lax-vox-voice-weekend-all-inclusive-ticket\\\/#primaryimage\",\"url\":\"https:\\\/\\\/laxvox-institute.eu\\\/wp-content\\\/uploads\\\/2025\\\/11\\\/Bildschirmfoto-2025-11-27-um-19.28.03.png\",\"contentUrl\":\"https:\\\/\\\/laxvox-institute.eu\\\/wp-content\\\/uploads\\\/2025\\\/11\\\/Bildschirmfoto-2025-11-27-um-19.28.03.png\",\"width\":1888,\"height\":1580},{\"@type\":\"BreadcrumbList\",\"@id\":\"https:\\\/\\\/laxvox-institute.eu\\\/en\\\/product\\\/lax-vox-voice-weekend-all-inclusive-ticket\\\/#breadcrumb\",\"itemListElement\":[{\"@type\":\"ListItem\",\"position\":1,\"name\":\"Startseite\",\"item\":\"https:\\\/\\\/laxvox-institute.eu\\\/en\\\/\"},{\"@type\":\"ListItem\",\"position\":2,\"name\":\"Shop\",\"item\":\"https:\\\/\\\/laxvox-institute.eu\\\/en\\\/produkt-archiv\\\/\"},{\"@type\":\"ListItem\",\"position\":3,\"name\":\"LAX VOX\u00ae VOICE WEEKEND | ALL INCLUSIVE-TICKET\"}]},{\"@type\":\"WebSite\",\"@id\":\"https:\\\/\\\/laxvox-institute.eu\\\/en\\\/#website\",\"url\":\"https:\\\/\\\/laxvox-institute.eu\\\/en\\\/\",\"name\":\"LAX VOX\u00ae Institute by Stephanie A. Kruse\",\"description\":\"Wissen, das hilft! Lerne alles \u00fcber Stimme!\",\"publisher\":{\"@id\":\"https:\\\/\\\/laxvox-institute.eu\\\/en\\\/#organization\"},\"potentialAction\":[{\"@type\":\"SearchAction\",\"target\":{\"@type\":\"EntryPoint\",\"urlTemplate\":\"https:\\\/\\\/laxvox-institute.eu\\\/en\\\/?s={search_term_string}\"},\"query-input\":{\"@type\":\"PropertyValueSpecification\",\"valueRequired\":true,\"valueName\":\"search_term_string\"}}],\"inLanguage\":\"en-US\"},{\"@type\":\"Organization\",\"@id\":\"https:\\\/\\\/laxvox-institute.eu\\\/en\\\/#organization\",\"name\":\"LAX VOX\u00ae Institute by Stephanie A. Kruse\",\"url\":\"https:\\\/\\\/laxvox-institute.eu\\\/en\\\/\",\"logo\":{\"@type\":\"ImageObject\",\"inLanguage\":\"en-US\",\"@id\":\"https:\\\/\\\/laxvox-institute.eu\\\/en\\\/#\\\/schema\\\/logo\\\/image\\\/\",\"url\":\"https:\\\/\\\/laxvox-institute.eu\\\/wp-content\\\/uploads\\\/2021\\\/01\\\/LANDINGPAGE_200px_INSTITUTE.webp\",\"contentUrl\":\"https:\\\/\\\/laxvox-institute.eu\\\/wp-content\\\/uploads\\\/2021\\\/01\\\/LANDINGPAGE_200px_INSTITUTE.webp\",\"width\":200,\"height\":65,\"caption\":\"LAX VOX\u00ae Institute by Stephanie A. Kruse\"},\"image\":{\"@id\":\"https:\\\/\\\/laxvox-institute.eu\\\/en\\\/#\\\/schema\\\/logo\\\/image\\\/\"},\"sameAs\":[\"https:\\\/\\\/www.instagram.com\\\/laxvox_official\\\/\"]}]}<\/script>\n<!-- \/ Yoast SEO plugin. -->","yoast_head_json":{"title":"LAX VOX\u00ae VOICE WEEKEND | ALL INCLUSIVE-TICKET","description":"Genie\u00dfe interaktive Workouts f\u00fcr deine Stimme, lerne kreative Impulse zur Stimmtherapie und erhalte effektive Tipps f\u00fcrs Vocal Coaching\u00a0\u2013 mit LAX VOX\u00ae.","robots":{"index":"index","follow":"follow","max-snippet":"max-snippet:-1","max-image-preview":"max-image-preview:large","max-video-preview":"max-video-preview:-1"},"canonical":"https:\/\/laxvox-institute.eu\/en\/product\/lax-vox-voice-weekend-all-inclusive-ticket\/","og_locale":"en_US","og_type":"article","og_title":"LAX VOX\u00ae VOICE WEEKEND | ALL INCLUSIVE-TICKET","og_description":"Genie\u00dfe interaktive Workouts f\u00fcr deine Stimme, lerne kreative Impulse zur Stimmtherapie und erhalte effektive Tipps f\u00fcrs Vocal Coaching\u00a0\u2013 mit LAX VOX\u00ae.","og_url":"https:\/\/laxvox-institute.eu\/en\/product\/lax-vox-voice-weekend-all-inclusive-ticket\/","og_site_name":"LAX VOX\u00ae Institute by Stephanie A. Kruse","article_modified_time":"2026-02-06T08:58:26+00:00","og_image":[{"width":1888,"height":1580,"url":"https:\/\/laxvox-institute.eu\/wp-content\/uploads\/2025\/11\/Bildschirmfoto-2025-11-27-um-19.28.03.png","type":"image\/png"}],"twitter_card":"summary_large_image","twitter_misc":{"Est. reading time":"2 minutes"},"schema":{"@context":"https:\/\/schema.org","@graph":[{"@type":"WebPage","@id":"https:\/\/laxvox-institute.eu\/en\/product\/lax-vox-voice-weekend-all-inclusive-ticket\/","url":"https:\/\/laxvox-institute.eu\/en\/product\/lax-vox-voice-weekend-all-inclusive-ticket\/","name":"LAX VOX\u00ae VOICE WEEKEND | ALL INCLUSIVE-TICKET","isPartOf":{"@id":"https:\/\/laxvox-institute.eu\/en\/#website"},"primaryImageOfPage":{"@id":"https:\/\/laxvox-institute.eu\/en\/product\/lax-vox-voice-weekend-all-inclusive-ticket\/#primaryimage"},"image":{"@id":"https:\/\/laxvox-institute.eu\/en\/product\/lax-vox-voice-weekend-all-inclusive-ticket\/#primaryimage"},"thumbnailUrl":"https:\/\/laxvox-institute.eu\/wp-content\/uploads\/2025\/11\/Bildschirmfoto-2025-11-27-um-19.28.03.png","datePublished":"2025-11-27T18:38:00+00:00","dateModified":"2026-02-06T08:58:26+00:00","description":"Genie\u00dfe interaktive Workouts f\u00fcr deine Stimme, lerne kreative Impulse zur Stimmtherapie und erhalte effektive Tipps f\u00fcrs Vocal Coaching\u00a0\u2013 mit LAX VOX\u00ae.","breadcrumb":{"@id":"https:\/\/laxvox-institute.eu\/en\/product\/lax-vox-voice-weekend-all-inclusive-ticket\/#breadcrumb"},"inLanguage":"en-US","potentialAction":[{"@type":"ReadAction","target":["https:\/\/laxvox-institute.eu\/en\/product\/lax-vox-voice-weekend-all-inclusive-ticket\/"]}]},{"@type":"ImageObject","inLanguage":"en-US","@id":"https:\/\/laxvox-institute.eu\/en\/product\/lax-vox-voice-weekend-all-inclusive-ticket\/#primaryimage","url":"https:\/\/laxvox-institute.eu\/wp-content\/uploads\/2025\/11\/Bildschirmfoto-2025-11-27-um-19.28.03.png","contentUrl":"https:\/\/laxvox-institute.eu\/wp-content\/uploads\/2025\/11\/Bildschirmfoto-2025-11-27-um-19.28.03.png","width":1888,"height":1580},{"@type":"BreadcrumbList","@id":"https:\/\/laxvox-institute.eu\/en\/product\/lax-vox-voice-weekend-all-inclusive-ticket\/#breadcrumb","itemListElement":[{"@type":"ListItem","position":1,"name":"Startseite","item":"https:\/\/laxvox-institute.eu\/en\/"},{"@type":"ListItem","position":2,"name":"Shop","item":"https:\/\/laxvox-institute.eu\/en\/produkt-archiv\/"},{"@type":"ListItem","position":3,"name":"LAX VOX\u00ae VOICE WEEKEND | ALL INCLUSIVE-TICKET"}]},{"@type":"WebSite","@id":"https:\/\/laxvox-institute.eu\/en\/#website","url":"https:\/\/laxvox-institute.eu\/en\/","name":"LAX VOX\u00ae Institute by Stephanie A. Kruse","description":"Wissen, das hilft! Lerne alles \u00fcber Stimme!","publisher":{"@id":"https:\/\/laxvox-institute.eu\/en\/#organization"},"potentialAction":[{"@type":"SearchAction","target":{"@type":"EntryPoint","urlTemplate":"https:\/\/laxvox-institute.eu\/en\/?s={search_term_string}"},"query-input":{"@type":"PropertyValueSpecification","valueRequired":true,"valueName":"search_term_string"}}],"inLanguage":"en-US"},{"@type":"Organization","@id":"https:\/\/laxvox-institute.eu\/en\/#organization","name":"LAX VOX\u00ae Institute by Stephanie A. Kruse","url":"https:\/\/laxvox-institute.eu\/en\/","logo":{"@type":"ImageObject","inLanguage":"en-US","@id":"https:\/\/laxvox-institute.eu\/en\/#\/schema\/logo\/image\/","url":"https:\/\/laxvox-institute.eu\/wp-content\/uploads\/2021\/01\/LANDINGPAGE_200px_INSTITUTE.webp","contentUrl":"https:\/\/laxvox-institute.eu\/wp-content\/uploads\/2021\/01\/LANDINGPAGE_200px_INSTITUTE.webp","width":200,"height":65,"caption":"LAX VOX\u00ae Institute by Stephanie A. Kruse"},"image":{"@id":"https:\/\/laxvox-institute.eu\/en\/#\/schema\/logo\/image\/"},"sameAs":["https:\/\/www.instagram.com\/laxvox_official\/"]}]}},"_links":{"self":[{"href":"https:\/\/laxvox-institute.eu\/en\/wp-json\/wp\/v2\/product\/53608","targetHints":{"allow":["GET"]}}],"collection":[{"href":"https:\/\/laxvox-institute.eu\/en\/wp-json\/wp\/v2\/product"}],"about":[{"href":"https:\/\/laxvox-institute.eu\/en\/wp-json\/wp\/v2\/types\/product"}],"wp:featuredmedia":[{"embeddable":true,"href":"https:\/\/laxvox-institute.eu\/en\/wp-json\/wp\/v2\/media\/53598"}],"wp:attachment":[{"href":"https:\/\/laxvox-institute.eu\/en\/wp-json\/wp\/v2\/media?parent=53608"}],"wp:term":[{"taxonomy":"product_brand","embeddable":true,"href":"https:\/\/laxvox-institute.eu\/en\/wp-json\/wp\/v2\/product_brand?post=53608"},{"taxonomy":"product_cat","embeddable":true,"href":"https:\/\/laxvox-institute.eu\/en\/wp-json\/wp\/v2\/product_cat?post=53608"},{"taxonomy":"product_tag","embeddable":true,"href":"https:\/\/laxvox-institute.eu\/en\/wp-json\/wp\/v2\/product_tag?post=53608"}],"curies":[{"name":"wp","href":"https:\/\/api.w.org\/{rel}","templated":true}]}}