{"id":53980,"date":"2025-12-01T17:17:13","date_gmt":"2025-12-01T16:17:13","guid":{"rendered":"https:\/\/laxvox-institute.eu\/?post_type=product&#038;p=53980"},"modified":"2026-03-17T09:49:03","modified_gmt":"2026-03-17T08:49:03","slug":"laxvox-im-klassischen-gesang","status":"publish","type":"product","link":"https:\/\/laxvox-institute.eu\/en\/product\/laxvox-im-klassischen-gesang\/","title":{"rendered":"LAX VOX\u00ae im klassischen Gesang"},"content":{"rendered":"<h3><span style=\"color: #1db8dd;\">Lerne das Tool kennen, das deinen Gesang noch leichter macht.<\/span><\/h3>\n<p>Du singst klassisch und bist neugierig, wie dich LAX VOX\u00ae bestm\u00f6glich unterst\u00fctzen kann?<br \/>\nOder singst du in einem Kirchenchor und bist nach der Probe heiser?<br \/>\nF\u00e4ngst du gerade erst mit dem Singen an und suchst \u00dcbungen f\u00fcr die H\u00f6he?<\/p>\n<p>Dann bist du in diesem Workshop genau richtig. Zun\u00e4chst sehen wir uns kurz die Anatomie und Physiologie der Stimme an \u2013 und dann geht es auch gleich in die Praxis mit vielen \u00dcbungen. Hier zeige ich dir, wie du eine entspannte und leichte H\u00f6he, eine profunde und klare Tiefe sowie eine tragf\u00e4hige Stimme entwickelst \u2013 immer mit Fokus auf Freude, Spa\u00df und Experimentierfreude beim Singen.<\/p>\n<p>Es geht nicht darum, am Ende eine Oper zu singen \u2013 wir legen den Fokus auf eine gesunde und fundierte Technik, die die Grundlage f\u00fcr alle Stimmgenres ist, und auf Kreativit\u00e4t im Umgang mit deiner Stimme.<\/p>\n<div class=\"gap\" style=\"line-height: 10px; height: 10px;\"><\/div>\n<h4><strong><span style=\"color: #1db8dd;\">Du lernst:<\/span><\/strong><\/h4>\n<p><strong>\u2713 Gesunde Technik <\/strong>f\u00fcr entspannte H\u00f6hen und tragf\u00e4hige Tiefen<br \/>\n<strong>\u2713 Stimmliche Herausforderungen erkennen <\/strong>und souver\u00e4n meistern<br \/>\n<strong>\u2713 Praktische \u00dcbungen<\/strong> f\u00fcr mehr Leichtigkeit, Stabilit\u00e4t und Ausdruckskraft<br \/>\n<strong>\u2713 Mit LAX VOX\u00ae gezielt <\/strong>an Resonanz, Range und Stimmgesundheit arbeiten<br \/>\n<strong>\u2713 Freude, Kreativit\u00e4t und Spa\u00df<\/strong> am Ausprobieren deiner Stimme f\u00f6rdern<\/p>\n<p><strong>Kompakt, praxisnah, kreativ \u2013 geeignet f\u00fcr alle Singenden, egal ob Anf\u00e4nger*innen oder Profis, Gesangsp\u00e4dagog*innen, Chorleitende und alle, die Lust auf stimmliche Entdeckungsreise haben.<\/strong><\/p>\n<div class=\"gap\" style=\"line-height: 10px; height: 10px;\"><\/div>\n<h4 style=\"color: #1db8dd;\"><strong>Zielgruppe:<\/strong><\/h4>\n<p>F\u00fcr Chors\u00e4nger*innen, Chorleiter*innen und alle, die ihre Stimme im Ensemblealltag gesund einsetzen, stimmliche Herausforderungen souver\u00e4n meistern und mehr Freude am Singen haben m\u00f6chten.<\/p>\n<div class=\"gap\" style=\"line-height: 10px; height: 10px;\"><\/div>\n<h4 style=\"color: #1db8dd;\"><strong>Deine Dozentin:<\/strong><\/h4>\n<p><strong><img decoding=\"async\" class=\"alignleft wp-image-53515\" src=\"https:\/\/laxvox-institute.eu\/wp-content\/uploads\/2025\/11\/Dozierenden-fotos-klein-4-1-300x300.png\" alt=\"\" width=\"100\" height=\"100\" srcset=\"https:\/\/laxvox-institute.eu\/wp-content\/uploads\/2025\/11\/Dozierenden-fotos-klein-4-1-300x300.png 300w, https:\/\/laxvox-institute.eu\/wp-content\/uploads\/2025\/11\/Dozierenden-fotos-klein-4-1-150x150.png 150w, https:\/\/laxvox-institute.eu\/wp-content\/uploads\/2025\/11\/Dozierenden-fotos-klein-4-1-157x157.png 157w, https:\/\/laxvox-institute.eu\/wp-content\/uploads\/2025\/11\/Dozierenden-fotos-klein-4-1-200x200.png 200w, https:\/\/laxvox-institute.eu\/wp-content\/uploads\/2025\/11\/Dozierenden-fotos-klein-4-1.png 487w\" sizes=\"(max-width: 100px) 100vw, 100px\" \/>Claudia Mundi<br \/>\n<\/strong>ist klassische S\u00e4ngerin (Diplom), Chorleiterin, Gesangsp\u00e4dagogin und LAX VOX\u00ae Master Trainerin. Ihre Leidenschaft gilt dem spielerischen Entdecken der eigenen Stimme, praxisnahen \u00dcbungen und dem gesunden Singen. Profitiere von \u00fcber 20 Jahren Erfahrung auf der B\u00fchne und im Chor, kreativen Impulsen und jeder Menge Spa\u00df beim Ausprobieren.<\/p>\n<p>&nbsp;<\/p>\n<h4 style=\"color: #1db8dd;\"><strong>\u00dcberblick:<\/strong><\/h4>\n<p><strong>\u2713 2,5 Fortbildungspunkte<\/strong><br \/>\n<strong>\u2713 Zoom-Live \u2013 Keine Aufzeichnung<\/strong><br \/>\n<strong>\u2713 Skript &amp; Link nach Zahlungseingang im Kundenkonto<\/strong><br \/>\n<strong>\u2713 Teilnahme per PC\/Laptop empfohlen<\/strong><br \/>\n<strong>\u2713 Kamera an &amp; Klarname erforderlich<\/strong><\/p>\n","protected":false},"excerpt":{"rendered":"<div class=\"icon-text-block\">Dienstag, 20.10.2026<\/div>\n<div class=\"icon-text-block\"><i class=\"fa fa-clock-o\"><\/i>18:00\u201320:00 Uhr<\/div>\n<div class=\"icon-text-block\"><i class=\"fa fa-user-o\"><\/i> Claudia Mundi<\/div>\n<div class=\"icon-text-block\"><i class=\"fa fa-certificate\"><\/i>2,5 Fortbildungspunkte<\/div>\n<div class=\"icon-text-block\"><i class=\"fa fa-laptop\"><\/i> Online via Zoom<\/div>\n<div class=\"icon-text-block\"><i class=\"fa fa-folder-open\"><\/i>Zoom-Link &amp; Handout im Kundenkonto<\/div>\n","protected":false},"featured_media":52033,"template":"","meta":[],"product_brand":[],"product_cat":[249,752,944],"product_tag":[],"class_list":{"0":"post-53980","1":"product","2":"type-product","3":"status-publish","4":"has-post-thumbnail","6":"product_cat-lax-vox-singers-training","7":"product_cat-lax-vox-intense","8":"product_cat-fuer-deine-stimme","9":"description-off","11":"first","12":"instock","13":"virtual","14":"sold-individually","15":"purchasable","16":"product-type-simple"},"bundled_by":[],"bundle_stock_status":"instock","bundle_stock_quantity":null,"bundle_virtual":false,"bundle_layout":"","bundle_add_to_cart_form_location":"","bundle_editable_in_cart":false,"bundle_sold_individually_context":"","bundle_item_grouping":"","bundle_min_size":"","bundle_max_size":"","bundle_price":[],"bundled_items":[],"bundle_sell_ids":[],"yoast_head":"<!-- This site is optimized with the Yoast SEO plugin v27.4 - https:\/\/yoast.com\/product\/yoast-seo-wordpress\/ -->\n<title>LAX VOX\u00ae im klassischen Gesang<\/title>\n<meta name=\"description\" content=\"Lerne in diesem Online-Workshop, wie du im Chorgesang deine Stimme sch\u00fctzt, typische Probleme vermeidest und Chorproben stimmlich entspannt gestaltest.\" \/>\n<meta name=\"robots\" content=\"index, follow, max-snippet:-1, max-image-preview:large, max-video-preview:-1\" \/>\n<link rel=\"canonical\" href=\"https:\/\/laxvox-institute.eu\/en\/product\/laxvox-im-klassischen-gesang\/\" \/>\n<meta property=\"og:locale\" content=\"en_US\" \/>\n<meta property=\"og:type\" content=\"article\" \/>\n<meta property=\"og:title\" content=\"LAX VOX\u00ae im klassischen Gesang\" \/>\n<meta property=\"og:description\" content=\"Lerne in diesem Online-Workshop, wie du im Chorgesang deine Stimme sch\u00fctzt, typische Probleme vermeidest und Chorproben stimmlich entspannt gestaltest.\" \/>\n<meta property=\"og:url\" content=\"https:\/\/laxvox-institute.eu\/en\/product\/laxvox-im-klassischen-gesang\/\" \/>\n<meta property=\"og:site_name\" content=\"LAX VOX\u00ae Institute by Stephanie A. Kruse\" \/>\n<meta property=\"article:modified_time\" content=\"2026-03-17T08:49:03+00:00\" \/>\n<meta property=\"og:image\" content=\"https:\/\/laxvox-institute.eu\/wp-content\/uploads\/2025\/09\/Bildschirmfoto-2025-09-14-um-23.27.40-823x1024.png\" \/>\n\t<meta property=\"og:image:width\" content=\"823\" \/>\n\t<meta property=\"og:image:height\" content=\"1024\" \/>\n\t<meta property=\"og:image:type\" content=\"image\/png\" \/>\n<meta name=\"twitter:card\" content=\"summary_large_image\" \/>\n<meta name=\"twitter:label1\" content=\"Est. reading time\" \/>\n\t<meta name=\"twitter:data1\" content=\"3 minutes\" \/>\n<script type=\"application\/ld+json\" class=\"yoast-schema-graph\">{\"@context\":\"https:\\\/\\\/schema.org\",\"@graph\":[{\"@type\":\"WebPage\",\"@id\":\"https:\\\/\\\/laxvox-institute.eu\\\/en\\\/product\\\/laxvox-im-klassischen-gesang\\\/\",\"url\":\"https:\\\/\\\/laxvox-institute.eu\\\/en\\\/product\\\/laxvox-im-klassischen-gesang\\\/\",\"name\":\"LAX VOX\u00ae im klassischen Gesang\",\"isPartOf\":{\"@id\":\"https:\\\/\\\/laxvox-institute.eu\\\/en\\\/#website\"},\"primaryImageOfPage\":{\"@id\":\"https:\\\/\\\/laxvox-institute.eu\\\/en\\\/product\\\/laxvox-im-klassischen-gesang\\\/#primaryimage\"},\"image\":{\"@id\":\"https:\\\/\\\/laxvox-institute.eu\\\/en\\\/product\\\/laxvox-im-klassischen-gesang\\\/#primaryimage\"},\"thumbnailUrl\":\"https:\\\/\\\/laxvox-institute.eu\\\/wp-content\\\/uploads\\\/2025\\\/09\\\/Bildschirmfoto-2025-09-14-um-23.27.40.png\",\"datePublished\":\"2025-12-01T16:17:13+00:00\",\"dateModified\":\"2026-03-17T08:49:03+00:00\",\"description\":\"Lerne in diesem Online-Workshop, wie du im Chorgesang deine Stimme sch\u00fctzt, typische Probleme vermeidest und Chorproben stimmlich entspannt gestaltest.\",\"breadcrumb\":{\"@id\":\"https:\\\/\\\/laxvox-institute.eu\\\/en\\\/product\\\/laxvox-im-klassischen-gesang\\\/#breadcrumb\"},\"inLanguage\":\"en-US\",\"potentialAction\":[{\"@type\":\"ReadAction\",\"target\":[\"https:\\\/\\\/laxvox-institute.eu\\\/en\\\/product\\\/laxvox-im-klassischen-gesang\\\/\"]}]},{\"@type\":\"ImageObject\",\"inLanguage\":\"en-US\",\"@id\":\"https:\\\/\\\/laxvox-institute.eu\\\/en\\\/product\\\/laxvox-im-klassischen-gesang\\\/#primaryimage\",\"url\":\"https:\\\/\\\/laxvox-institute.eu\\\/wp-content\\\/uploads\\\/2025\\\/09\\\/Bildschirmfoto-2025-09-14-um-23.27.40.png\",\"contentUrl\":\"https:\\\/\\\/laxvox-institute.eu\\\/wp-content\\\/uploads\\\/2025\\\/09\\\/Bildschirmfoto-2025-09-14-um-23.27.40.png\",\"width\":1462,\"height\":1818},{\"@type\":\"BreadcrumbList\",\"@id\":\"https:\\\/\\\/laxvox-institute.eu\\\/en\\\/product\\\/laxvox-im-klassischen-gesang\\\/#breadcrumb\",\"itemListElement\":[{\"@type\":\"ListItem\",\"position\":1,\"name\":\"Startseite\",\"item\":\"https:\\\/\\\/laxvox-institute.eu\\\/en\\\/\"},{\"@type\":\"ListItem\",\"position\":2,\"name\":\"Shop\",\"item\":\"https:\\\/\\\/laxvox-institute.eu\\\/en\\\/produkt-archiv\\\/\"},{\"@type\":\"ListItem\",\"position\":3,\"name\":\"LAX VOX\u00ae im klassischen Gesang\"}]},{\"@type\":\"WebSite\",\"@id\":\"https:\\\/\\\/laxvox-institute.eu\\\/en\\\/#website\",\"url\":\"https:\\\/\\\/laxvox-institute.eu\\\/en\\\/\",\"name\":\"LAX VOX\u00ae Institute by Stephanie A. Kruse\",\"description\":\"Wissen, das hilft! Lerne alles \u00fcber Stimme!\",\"publisher\":{\"@id\":\"https:\\\/\\\/laxvox-institute.eu\\\/en\\\/#organization\"},\"potentialAction\":[{\"@type\":\"SearchAction\",\"target\":{\"@type\":\"EntryPoint\",\"urlTemplate\":\"https:\\\/\\\/laxvox-institute.eu\\\/en\\\/?s={search_term_string}\"},\"query-input\":{\"@type\":\"PropertyValueSpecification\",\"valueRequired\":true,\"valueName\":\"search_term_string\"}}],\"inLanguage\":\"en-US\"},{\"@type\":\"Organization\",\"@id\":\"https:\\\/\\\/laxvox-institute.eu\\\/en\\\/#organization\",\"name\":\"LAX VOX\u00ae Institute by Stephanie A. Kruse\",\"url\":\"https:\\\/\\\/laxvox-institute.eu\\\/en\\\/\",\"logo\":{\"@type\":\"ImageObject\",\"inLanguage\":\"en-US\",\"@id\":\"https:\\\/\\\/laxvox-institute.eu\\\/en\\\/#\\\/schema\\\/logo\\\/image\\\/\",\"url\":\"https:\\\/\\\/laxvox-institute.eu\\\/wp-content\\\/uploads\\\/2021\\\/01\\\/LANDINGPAGE_200px_INSTITUTE.webp\",\"contentUrl\":\"https:\\\/\\\/laxvox-institute.eu\\\/wp-content\\\/uploads\\\/2021\\\/01\\\/LANDINGPAGE_200px_INSTITUTE.webp\",\"width\":200,\"height\":65,\"caption\":\"LAX VOX\u00ae Institute by Stephanie A. Kruse\"},\"image\":{\"@id\":\"https:\\\/\\\/laxvox-institute.eu\\\/en\\\/#\\\/schema\\\/logo\\\/image\\\/\"},\"sameAs\":[\"https:\\\/\\\/www.instagram.com\\\/laxvox_official\\\/\"]}]}<\/script>\n<!-- \/ Yoast SEO plugin. -->","yoast_head_json":{"title":"LAX VOX\u00ae im klassischen Gesang","description":"Lerne in diesem Online-Workshop, wie du im Chorgesang deine Stimme sch\u00fctzt, typische Probleme vermeidest und Chorproben stimmlich entspannt gestaltest.","robots":{"index":"index","follow":"follow","max-snippet":"max-snippet:-1","max-image-preview":"max-image-preview:large","max-video-preview":"max-video-preview:-1"},"canonical":"https:\/\/laxvox-institute.eu\/en\/product\/laxvox-im-klassischen-gesang\/","og_locale":"en_US","og_type":"article","og_title":"LAX VOX\u00ae im klassischen Gesang","og_description":"Lerne in diesem Online-Workshop, wie du im Chorgesang deine Stimme sch\u00fctzt, typische Probleme vermeidest und Chorproben stimmlich entspannt gestaltest.","og_url":"https:\/\/laxvox-institute.eu\/en\/product\/laxvox-im-klassischen-gesang\/","og_site_name":"LAX VOX\u00ae Institute by Stephanie A. Kruse","article_modified_time":"2026-03-17T08:49:03+00:00","og_image":[{"width":823,"height":1024,"url":"https:\/\/laxvox-institute.eu\/wp-content\/uploads\/2025\/09\/Bildschirmfoto-2025-09-14-um-23.27.40-823x1024.png","type":"image\/png"}],"twitter_card":"summary_large_image","twitter_misc":{"Est. reading time":"3 minutes"},"schema":{"@context":"https:\/\/schema.org","@graph":[{"@type":"WebPage","@id":"https:\/\/laxvox-institute.eu\/en\/product\/laxvox-im-klassischen-gesang\/","url":"https:\/\/laxvox-institute.eu\/en\/product\/laxvox-im-klassischen-gesang\/","name":"LAX VOX\u00ae im klassischen Gesang","isPartOf":{"@id":"https:\/\/laxvox-institute.eu\/en\/#website"},"primaryImageOfPage":{"@id":"https:\/\/laxvox-institute.eu\/en\/product\/laxvox-im-klassischen-gesang\/#primaryimage"},"image":{"@id":"https:\/\/laxvox-institute.eu\/en\/product\/laxvox-im-klassischen-gesang\/#primaryimage"},"thumbnailUrl":"https:\/\/laxvox-institute.eu\/wp-content\/uploads\/2025\/09\/Bildschirmfoto-2025-09-14-um-23.27.40.png","datePublished":"2025-12-01T16:17:13+00:00","dateModified":"2026-03-17T08:49:03+00:00","description":"Lerne in diesem Online-Workshop, wie du im Chorgesang deine Stimme sch\u00fctzt, typische Probleme vermeidest und Chorproben stimmlich entspannt gestaltest.","breadcrumb":{"@id":"https:\/\/laxvox-institute.eu\/en\/product\/laxvox-im-klassischen-gesang\/#breadcrumb"},"inLanguage":"en-US","potentialAction":[{"@type":"ReadAction","target":["https:\/\/laxvox-institute.eu\/en\/product\/laxvox-im-klassischen-gesang\/"]}]},{"@type":"ImageObject","inLanguage":"en-US","@id":"https:\/\/laxvox-institute.eu\/en\/product\/laxvox-im-klassischen-gesang\/#primaryimage","url":"https:\/\/laxvox-institute.eu\/wp-content\/uploads\/2025\/09\/Bildschirmfoto-2025-09-14-um-23.27.40.png","contentUrl":"https:\/\/laxvox-institute.eu\/wp-content\/uploads\/2025\/09\/Bildschirmfoto-2025-09-14-um-23.27.40.png","width":1462,"height":1818},{"@type":"BreadcrumbList","@id":"https:\/\/laxvox-institute.eu\/en\/product\/laxvox-im-klassischen-gesang\/#breadcrumb","itemListElement":[{"@type":"ListItem","position":1,"name":"Startseite","item":"https:\/\/laxvox-institute.eu\/en\/"},{"@type":"ListItem","position":2,"name":"Shop","item":"https:\/\/laxvox-institute.eu\/en\/produkt-archiv\/"},{"@type":"ListItem","position":3,"name":"LAX VOX\u00ae im klassischen Gesang"}]},{"@type":"WebSite","@id":"https:\/\/laxvox-institute.eu\/en\/#website","url":"https:\/\/laxvox-institute.eu\/en\/","name":"LAX VOX\u00ae Institute by Stephanie A. Kruse","description":"Wissen, das hilft! Lerne alles \u00fcber Stimme!","publisher":{"@id":"https:\/\/laxvox-institute.eu\/en\/#organization"},"potentialAction":[{"@type":"SearchAction","target":{"@type":"EntryPoint","urlTemplate":"https:\/\/laxvox-institute.eu\/en\/?s={search_term_string}"},"query-input":{"@type":"PropertyValueSpecification","valueRequired":true,"valueName":"search_term_string"}}],"inLanguage":"en-US"},{"@type":"Organization","@id":"https:\/\/laxvox-institute.eu\/en\/#organization","name":"LAX VOX\u00ae Institute by Stephanie A. Kruse","url":"https:\/\/laxvox-institute.eu\/en\/","logo":{"@type":"ImageObject","inLanguage":"en-US","@id":"https:\/\/laxvox-institute.eu\/en\/#\/schema\/logo\/image\/","url":"https:\/\/laxvox-institute.eu\/wp-content\/uploads\/2021\/01\/LANDINGPAGE_200px_INSTITUTE.webp","contentUrl":"https:\/\/laxvox-institute.eu\/wp-content\/uploads\/2021\/01\/LANDINGPAGE_200px_INSTITUTE.webp","width":200,"height":65,"caption":"LAX VOX\u00ae Institute by Stephanie A. Kruse"},"image":{"@id":"https:\/\/laxvox-institute.eu\/en\/#\/schema\/logo\/image\/"},"sameAs":["https:\/\/www.instagram.com\/laxvox_official\/"]}]}},"_links":{"self":[{"href":"https:\/\/laxvox-institute.eu\/en\/wp-json\/wp\/v2\/product\/53980","targetHints":{"allow":["GET"]}}],"collection":[{"href":"https:\/\/laxvox-institute.eu\/en\/wp-json\/wp\/v2\/product"}],"about":[{"href":"https:\/\/laxvox-institute.eu\/en\/wp-json\/wp\/v2\/types\/product"}],"wp:featuredmedia":[{"embeddable":true,"href":"https:\/\/laxvox-institute.eu\/en\/wp-json\/wp\/v2\/media\/52033"}],"wp:attachment":[{"href":"https:\/\/laxvox-institute.eu\/en\/wp-json\/wp\/v2\/media?parent=53980"}],"wp:term":[{"taxonomy":"product_brand","embeddable":true,"href":"https:\/\/laxvox-institute.eu\/en\/wp-json\/wp\/v2\/product_brand?post=53980"},{"taxonomy":"product_cat","embeddable":true,"href":"https:\/\/laxvox-institute.eu\/en\/wp-json\/wp\/v2\/product_cat?post=53980"},{"taxonomy":"product_tag","embeddable":true,"href":"https:\/\/laxvox-institute.eu\/en\/wp-json\/wp\/v2\/product_tag?post=53980"}],"curies":[{"name":"wp","href":"https:\/\/api.w.org\/{rel}","templated":true}]}}