{"id":54030,"date":"2025-12-08T17:09:05","date_gmt":"2025-12-08T16:09:05","guid":{"rendered":"https:\/\/laxvox-institute.eu\/?post_type=product&#038;p=54030"},"modified":"2026-03-25T15:38:04","modified_gmt":"2026-03-25T14:38:04","slug":"ein-abend-mit-stefanie-heinzmann","status":"publish","type":"product","link":"https:\/\/laxvox-institute.eu\/en\/product\/ein-abend-mit-stefanie-heinzmann\/","title":{"rendered":"EIN ABEND MIT &#8230; STEFANIE HEINZMANN"},"content":{"rendered":"<p style=\"color: #1db8dd;\"><strong><span style=\"color: #ff0000;\">INFO: 25.03. 15.30 Uhr<br \/>\nDie Veranstaltung musste leider aufgrund von Krankheit kurzfristig und ohne Ersatztermin abgesagt werden.<\/span><\/strong><\/p>\n<p>EIN ABEND MIT \u2026 STEFANIE HEINZMANN<\/p>\n<p><strong>Stell dir vor:<\/strong> Dein Telefon klingelt und du wirst gebeten, Stefanie Heinzmann LAX VOX\u00ae-Schl\u00e4uche zur Konzert-Location zu bringen. Zwei Stunden sp\u00e4ter sitzt du mit Stefanie und ihrer Crew beim Abendessen und erlebst einen Abend, der dich nachhaltig ver\u00e4ndern wird. Genau das ist mir vor 11 Jahren passiert.<\/p>\n<p><img decoding=\"async\" class=\"alignleft\" src=\"https:\/\/laxvox-institute.eu\/wp-content\/uploads\/2020\/04\/1-300x300.png\" alt=\"\" width=\"100\" height=\"100\" \/>Ich bin <strong style=\"color: #1db8dd;\">Stephanie Kruse<\/strong>, Inhaberin des LAX VOX\u00ae Institutes. Als Vocal Coach arbeite ich seit \u00fcber 20 Jahren mit Menschen aus der Musikbranche. Durch meine Arbeit mit LAX VOX\u00ae habe ich die wunderbarsten Menschen kennenlernen d\u00fcrfen, einmalige Momente erlebt und einzigartige Einblicke hinter die Kulissen erhalten.<\/p>\n<p>&nbsp;<\/p>\n<p style=\"color: #1db8dd;\"><strong>In meinem Gespr\u00e4chsformat \u201eEIN ABEND MIT \u2026\u201c nehme ich dich jetzt mit \u2013 direkt ins Backstage.<\/strong><\/p>\n<p>Ich lade bekannte K\u00fcnstler*innen zu einem ganz pers\u00f6nlichen Abend ein, online via Zoom \u2013 und du bist hautnah dabei.<\/p>\n<h4 style=\"color: #1db8dd;\"><strong>Heute zu Gast:<\/strong><\/h4>\n<p><strong>Stefanie Heinzmann<\/strong> ist eine der beeindruckendsten Stimmen der Schweiz: Mit ihrer kraftvollen, facettenreichen Soul-Pop-Stimme begeistert sie seit 2008 Fans weltweit. Sie hat \u00fcber 500 Konzerte gespielt, mit internationalen Stars wie Lionel Richie, Joss Stone, Peter Maffay und Udo Lindenberg zusammengearbeitet und gro\u00dfe B\u00fchnen wie die Elbphilharmonie und das Apollo Theatre in New York bespielt. Im Oktober 2025 ver\u00f6ffentlichte sie ihr siebtes Album <em>CIRCLES<\/em>. Dieses Event bietet dir die einmalige Gelegenheit, Stefanie so nah wie nie zuvor zu erleben.<\/p>\n<h4 style=\"color: #1db8dd;\"><strong>Was dich erwartet<\/strong><\/h4>\n<p>Erlebe einen pers\u00f6nlichen Abend mit Stefanie Heinzmann: ehrliche Gespr\u00e4che \u00fcber ihre Karriere, ihre Stimm-Geschichte, pers\u00f6nliche Wendepunkte und den Prozess des Songwritings,<br \/>\nDu bist live dabei, kannst Fragen stellen und mitbestimmen, welche Themen wir vertiefen. Profitiere von einzigartigen Einblicken, die sonst niemand erh\u00e4lt.<\/p>\n<h4 style=\"color: #1db8dd;\"><strong>Das willst du nicht verpassen:<\/strong><\/h4>\n<p>\u2714 <strong>Erlebe Stefanie<\/strong> so nah wie nie zuvor<br \/>\n\u2714 <strong>Stelle deine Fragen<\/strong> direkt an Stefanie<br \/>\n\u2714 <strong>Gewinne Inspiration<\/strong> f\u00fcr deine eigene Karriere und Impulse zu Stimme, Songwriting, Mindset und Selbstf\u00fchrung<br \/>\n\u2714 <strong>Ein exklusiver Abend<\/strong>, der deine Perspektive auf deine eigene Musik und Performance ver\u00e4ndern kann<\/p>\n<h4 style=\"color: #1db8dd;\"><strong>\u00dcberblick<\/strong><\/h4>\n<p>\u2714 Einmaliges Erlebnis \u2013 keine Aufzeichnung erlaubt<br \/>\n\u2714 Exklusiv: nur 100 Pl\u00e4tze \u2013 schnell zugreifen!<br \/>\n\u2714 Teilnahme per PC\/Laptop empfohlen<br \/>\n\u2714 Deine Kamera ist eingeschaltet &amp; dein Klarname erforderlich. Keine anonyme Teilnahme m\u00f6glich<\/p>\n<p style=\"text-align: center; font-size: 1.2em; font-weight: bold; color: #1db8dd;\">\n","protected":false},"excerpt":{"rendered":"<div class=\"icon-text-block\"><i class=\"fa fa-calendar\"><\/i> Donnerstag, 26.03.2026<\/div>\n<div class=\"icon-text-block\"><i class=\"fa fa-clock-o\"><\/i> 20:00\u201321:30 Uhr<\/div>\n<div class=\"icon-text-block\"><i class=\"fa fa-user-o\"><\/i> Stefanie Heinzmann &amp; Stephanie A. Kruse<\/div>\n<div class=\"icon-text-block\"><i class=\"fa fa-laptop\"><\/i> Online via Zoom<\/div>\n<div class=\"icon-text-block\"><i class=\"fa fa-link\"><\/i> Zoom-Link nach Zahlungseingang im Kundenkonto<\/div>\n","protected":false},"featured_media":54031,"template":"","meta":[],"product_brand":[],"product_cat":[249,752,944],"product_tag":[],"class_list":{"0":"post-54030","1":"product","2":"type-product","3":"status-publish","4":"has-post-thumbnail","6":"product_cat-lax-vox-singers-training","7":"product_cat-lax-vox-intense","8":"product_cat-fuer-deine-stimme","9":"description-off","11":"first","12":"instock","13":"virtual","14":"sold-individually","15":"taxable","16":"product-type-simple"},"bundled_by":[],"bundle_stock_status":"instock","bundle_stock_quantity":null,"bundle_virtual":false,"bundle_layout":"","bundle_add_to_cart_form_location":"","bundle_editable_in_cart":false,"bundle_sold_individually_context":"","bundle_item_grouping":"","bundle_min_size":"","bundle_max_size":"","bundle_price":[],"bundled_items":[],"bundle_sell_ids":[],"yoast_head":"<!-- This site is optimized with the Yoast SEO plugin v27.3 - https:\/\/yoast.com\/product\/yoast-seo-wordpress\/ -->\n<title>EIN ABEND MIT ... STEFANIE HEINZMANN<\/title>\n<meta name=\"description\" content=\"Erlebe Stefanie Heinzmann hautnah und ganz pers\u00f6nlich. Ein Abend voller Inspirationen zu Stimme, Mindset, Songwriting und Lebenswegen.\" \/>\n<meta name=\"robots\" content=\"index, follow, max-snippet:-1, max-image-preview:large, max-video-preview:-1\" \/>\n<link rel=\"canonical\" href=\"https:\/\/laxvox-institute.eu\/en\/product\/ein-abend-mit-stefanie-heinzmann\/\" \/>\n<meta property=\"og:locale\" content=\"en_US\" \/>\n<meta property=\"og:type\" content=\"article\" \/>\n<meta property=\"og:title\" content=\"EIN ABEND MIT ... STEFANIE HEINZMANN\" \/>\n<meta property=\"og:description\" content=\"Erlebe Stefanie Heinzmann hautnah und ganz pers\u00f6nlich. Ein Abend voller Inspirationen zu Stimme, Mindset, Songwriting und Lebenswegen.\" \/>\n<meta property=\"og:url\" content=\"https:\/\/laxvox-institute.eu\/en\/product\/ein-abend-mit-stefanie-heinzmann\/\" \/>\n<meta property=\"og:site_name\" content=\"LAX VOX\u00ae Institute by Stephanie A. Kruse\" \/>\n<meta property=\"article:modified_time\" content=\"2026-03-25T14:38:04+00:00\" \/>\n<meta property=\"og:image\" content=\"https:\/\/laxvox-institute.eu\/wp-content\/uploads\/2025\/12\/Design-ohne-Titel-2.png\" \/>\n\t<meta property=\"og:image:width\" content=\"1080\" \/>\n\t<meta property=\"og:image:height\" content=\"1080\" \/>\n\t<meta property=\"og:image:type\" content=\"image\/png\" \/>\n<meta name=\"twitter:card\" content=\"summary_large_image\" \/>\n<meta name=\"twitter:label1\" content=\"Est. reading time\" \/>\n\t<meta name=\"twitter:data1\" content=\"3 minutes\" \/>\n<script type=\"application\/ld+json\" class=\"yoast-schema-graph\">{\"@context\":\"https:\\\/\\\/schema.org\",\"@graph\":[{\"@type\":\"WebPage\",\"@id\":\"https:\\\/\\\/laxvox-institute.eu\\\/en\\\/product\\\/ein-abend-mit-stefanie-heinzmann\\\/\",\"url\":\"https:\\\/\\\/laxvox-institute.eu\\\/en\\\/product\\\/ein-abend-mit-stefanie-heinzmann\\\/\",\"name\":\"EIN ABEND MIT ... STEFANIE HEINZMANN\",\"isPartOf\":{\"@id\":\"https:\\\/\\\/laxvox-institute.eu\\\/en\\\/#website\"},\"primaryImageOfPage\":{\"@id\":\"https:\\\/\\\/laxvox-institute.eu\\\/en\\\/product\\\/ein-abend-mit-stefanie-heinzmann\\\/#primaryimage\"},\"image\":{\"@id\":\"https:\\\/\\\/laxvox-institute.eu\\\/en\\\/product\\\/ein-abend-mit-stefanie-heinzmann\\\/#primaryimage\"},\"thumbnailUrl\":\"https:\\\/\\\/laxvox-institute.eu\\\/wp-content\\\/uploads\\\/2025\\\/12\\\/Design-ohne-Titel-2.png\",\"datePublished\":\"2025-12-08T16:09:05+00:00\",\"dateModified\":\"2026-03-25T14:38:04+00:00\",\"description\":\"Erlebe Stefanie Heinzmann hautnah und ganz pers\u00f6nlich. Ein Abend voller Inspirationen zu Stimme, Mindset, Songwriting und Lebenswegen.\",\"breadcrumb\":{\"@id\":\"https:\\\/\\\/laxvox-institute.eu\\\/en\\\/product\\\/ein-abend-mit-stefanie-heinzmann\\\/#breadcrumb\"},\"inLanguage\":\"en-US\",\"potentialAction\":[{\"@type\":\"ReadAction\",\"target\":[\"https:\\\/\\\/laxvox-institute.eu\\\/en\\\/product\\\/ein-abend-mit-stefanie-heinzmann\\\/\"]}]},{\"@type\":\"ImageObject\",\"inLanguage\":\"en-US\",\"@id\":\"https:\\\/\\\/laxvox-institute.eu\\\/en\\\/product\\\/ein-abend-mit-stefanie-heinzmann\\\/#primaryimage\",\"url\":\"https:\\\/\\\/laxvox-institute.eu\\\/wp-content\\\/uploads\\\/2025\\\/12\\\/Design-ohne-Titel-2.png\",\"contentUrl\":\"https:\\\/\\\/laxvox-institute.eu\\\/wp-content\\\/uploads\\\/2025\\\/12\\\/Design-ohne-Titel-2.png\",\"width\":1080,\"height\":1080},{\"@type\":\"BreadcrumbList\",\"@id\":\"https:\\\/\\\/laxvox-institute.eu\\\/en\\\/product\\\/ein-abend-mit-stefanie-heinzmann\\\/#breadcrumb\",\"itemListElement\":[{\"@type\":\"ListItem\",\"position\":1,\"name\":\"Startseite\",\"item\":\"https:\\\/\\\/laxvox-institute.eu\\\/en\\\/\"},{\"@type\":\"ListItem\",\"position\":2,\"name\":\"Shop\",\"item\":\"https:\\\/\\\/laxvox-institute.eu\\\/en\\\/produkt-archiv\\\/\"},{\"@type\":\"ListItem\",\"position\":3,\"name\":\"EIN ABEND MIT &#8230; STEFANIE HEINZMANN\"}]},{\"@type\":\"WebSite\",\"@id\":\"https:\\\/\\\/laxvox-institute.eu\\\/en\\\/#website\",\"url\":\"https:\\\/\\\/laxvox-institute.eu\\\/en\\\/\",\"name\":\"LAX VOX\u00ae Institute by Stephanie A. Kruse\",\"description\":\"Wissen, das hilft! Lerne alles \u00fcber Stimme!\",\"publisher\":{\"@id\":\"https:\\\/\\\/laxvox-institute.eu\\\/en\\\/#organization\"},\"potentialAction\":[{\"@type\":\"SearchAction\",\"target\":{\"@type\":\"EntryPoint\",\"urlTemplate\":\"https:\\\/\\\/laxvox-institute.eu\\\/en\\\/?s={search_term_string}\"},\"query-input\":{\"@type\":\"PropertyValueSpecification\",\"valueRequired\":true,\"valueName\":\"search_term_string\"}}],\"inLanguage\":\"en-US\"},{\"@type\":\"Organization\",\"@id\":\"https:\\\/\\\/laxvox-institute.eu\\\/en\\\/#organization\",\"name\":\"LAX VOX\u00ae Institute by Stephanie A. Kruse\",\"url\":\"https:\\\/\\\/laxvox-institute.eu\\\/en\\\/\",\"logo\":{\"@type\":\"ImageObject\",\"inLanguage\":\"en-US\",\"@id\":\"https:\\\/\\\/laxvox-institute.eu\\\/en\\\/#\\\/schema\\\/logo\\\/image\\\/\",\"url\":\"https:\\\/\\\/laxvox-institute.eu\\\/wp-content\\\/uploads\\\/2021\\\/01\\\/LANDINGPAGE_200px_INSTITUTE.webp\",\"contentUrl\":\"https:\\\/\\\/laxvox-institute.eu\\\/wp-content\\\/uploads\\\/2021\\\/01\\\/LANDINGPAGE_200px_INSTITUTE.webp\",\"width\":200,\"height\":65,\"caption\":\"LAX VOX\u00ae Institute by Stephanie A. Kruse\"},\"image\":{\"@id\":\"https:\\\/\\\/laxvox-institute.eu\\\/en\\\/#\\\/schema\\\/logo\\\/image\\\/\"},\"sameAs\":[\"https:\\\/\\\/www.instagram.com\\\/laxvox_official\\\/\"]}]}<\/script>\n<!-- \/ Yoast SEO plugin. -->","yoast_head_json":{"title":"EIN ABEND MIT ... STEFANIE HEINZMANN","description":"Erlebe Stefanie Heinzmann hautnah und ganz pers\u00f6nlich. Ein Abend voller Inspirationen zu Stimme, Mindset, Songwriting und Lebenswegen.","robots":{"index":"index","follow":"follow","max-snippet":"max-snippet:-1","max-image-preview":"max-image-preview:large","max-video-preview":"max-video-preview:-1"},"canonical":"https:\/\/laxvox-institute.eu\/en\/product\/ein-abend-mit-stefanie-heinzmann\/","og_locale":"en_US","og_type":"article","og_title":"EIN ABEND MIT ... STEFANIE HEINZMANN","og_description":"Erlebe Stefanie Heinzmann hautnah und ganz pers\u00f6nlich. Ein Abend voller Inspirationen zu Stimme, Mindset, Songwriting und Lebenswegen.","og_url":"https:\/\/laxvox-institute.eu\/en\/product\/ein-abend-mit-stefanie-heinzmann\/","og_site_name":"LAX VOX\u00ae Institute by Stephanie A. Kruse","article_modified_time":"2026-03-25T14:38:04+00:00","og_image":[{"width":1080,"height":1080,"url":"https:\/\/laxvox-institute.eu\/wp-content\/uploads\/2025\/12\/Design-ohne-Titel-2.png","type":"image\/png"}],"twitter_card":"summary_large_image","twitter_misc":{"Est. reading time":"3 minutes"},"schema":{"@context":"https:\/\/schema.org","@graph":[{"@type":"WebPage","@id":"https:\/\/laxvox-institute.eu\/en\/product\/ein-abend-mit-stefanie-heinzmann\/","url":"https:\/\/laxvox-institute.eu\/en\/product\/ein-abend-mit-stefanie-heinzmann\/","name":"EIN ABEND MIT ... STEFANIE HEINZMANN","isPartOf":{"@id":"https:\/\/laxvox-institute.eu\/en\/#website"},"primaryImageOfPage":{"@id":"https:\/\/laxvox-institute.eu\/en\/product\/ein-abend-mit-stefanie-heinzmann\/#primaryimage"},"image":{"@id":"https:\/\/laxvox-institute.eu\/en\/product\/ein-abend-mit-stefanie-heinzmann\/#primaryimage"},"thumbnailUrl":"https:\/\/laxvox-institute.eu\/wp-content\/uploads\/2025\/12\/Design-ohne-Titel-2.png","datePublished":"2025-12-08T16:09:05+00:00","dateModified":"2026-03-25T14:38:04+00:00","description":"Erlebe Stefanie Heinzmann hautnah und ganz pers\u00f6nlich. Ein Abend voller Inspirationen zu Stimme, Mindset, Songwriting und Lebenswegen.","breadcrumb":{"@id":"https:\/\/laxvox-institute.eu\/en\/product\/ein-abend-mit-stefanie-heinzmann\/#breadcrumb"},"inLanguage":"en-US","potentialAction":[{"@type":"ReadAction","target":["https:\/\/laxvox-institute.eu\/en\/product\/ein-abend-mit-stefanie-heinzmann\/"]}]},{"@type":"ImageObject","inLanguage":"en-US","@id":"https:\/\/laxvox-institute.eu\/en\/product\/ein-abend-mit-stefanie-heinzmann\/#primaryimage","url":"https:\/\/laxvox-institute.eu\/wp-content\/uploads\/2025\/12\/Design-ohne-Titel-2.png","contentUrl":"https:\/\/laxvox-institute.eu\/wp-content\/uploads\/2025\/12\/Design-ohne-Titel-2.png","width":1080,"height":1080},{"@type":"BreadcrumbList","@id":"https:\/\/laxvox-institute.eu\/en\/product\/ein-abend-mit-stefanie-heinzmann\/#breadcrumb","itemListElement":[{"@type":"ListItem","position":1,"name":"Startseite","item":"https:\/\/laxvox-institute.eu\/en\/"},{"@type":"ListItem","position":2,"name":"Shop","item":"https:\/\/laxvox-institute.eu\/en\/produkt-archiv\/"},{"@type":"ListItem","position":3,"name":"EIN ABEND MIT &#8230; STEFANIE HEINZMANN"}]},{"@type":"WebSite","@id":"https:\/\/laxvox-institute.eu\/en\/#website","url":"https:\/\/laxvox-institute.eu\/en\/","name":"LAX VOX\u00ae Institute by Stephanie A. Kruse","description":"Wissen, das hilft! Lerne alles \u00fcber Stimme!","publisher":{"@id":"https:\/\/laxvox-institute.eu\/en\/#organization"},"potentialAction":[{"@type":"SearchAction","target":{"@type":"EntryPoint","urlTemplate":"https:\/\/laxvox-institute.eu\/en\/?s={search_term_string}"},"query-input":{"@type":"PropertyValueSpecification","valueRequired":true,"valueName":"search_term_string"}}],"inLanguage":"en-US"},{"@type":"Organization","@id":"https:\/\/laxvox-institute.eu\/en\/#organization","name":"LAX VOX\u00ae Institute by Stephanie A. Kruse","url":"https:\/\/laxvox-institute.eu\/en\/","logo":{"@type":"ImageObject","inLanguage":"en-US","@id":"https:\/\/laxvox-institute.eu\/en\/#\/schema\/logo\/image\/","url":"https:\/\/laxvox-institute.eu\/wp-content\/uploads\/2021\/01\/LANDINGPAGE_200px_INSTITUTE.webp","contentUrl":"https:\/\/laxvox-institute.eu\/wp-content\/uploads\/2021\/01\/LANDINGPAGE_200px_INSTITUTE.webp","width":200,"height":65,"caption":"LAX VOX\u00ae Institute by Stephanie A. Kruse"},"image":{"@id":"https:\/\/laxvox-institute.eu\/en\/#\/schema\/logo\/image\/"},"sameAs":["https:\/\/www.instagram.com\/laxvox_official\/"]}]}},"_links":{"self":[{"href":"https:\/\/laxvox-institute.eu\/en\/wp-json\/wp\/v2\/product\/54030","targetHints":{"allow":["GET"]}}],"collection":[{"href":"https:\/\/laxvox-institute.eu\/en\/wp-json\/wp\/v2\/product"}],"about":[{"href":"https:\/\/laxvox-institute.eu\/en\/wp-json\/wp\/v2\/types\/product"}],"wp:featuredmedia":[{"embeddable":true,"href":"https:\/\/laxvox-institute.eu\/en\/wp-json\/wp\/v2\/media\/54031"}],"wp:attachment":[{"href":"https:\/\/laxvox-institute.eu\/en\/wp-json\/wp\/v2\/media?parent=54030"}],"wp:term":[{"taxonomy":"product_brand","embeddable":true,"href":"https:\/\/laxvox-institute.eu\/en\/wp-json\/wp\/v2\/product_brand?post=54030"},{"taxonomy":"product_cat","embeddable":true,"href":"https:\/\/laxvox-institute.eu\/en\/wp-json\/wp\/v2\/product_cat?post=54030"},{"taxonomy":"product_tag","embeddable":true,"href":"https:\/\/laxvox-institute.eu\/en\/wp-json\/wp\/v2\/product_tag?post=54030"}],"curies":[{"name":"wp","href":"https:\/\/api.w.org\/{rel}","templated":true}]}}