{"id":54126,"date":"2025-12-23T22:54:53","date_gmt":"2025-12-23T21:54:53","guid":{"rendered":"https:\/\/laxvox-institute.eu\/?post_type=product&#038;p=54126"},"modified":"2026-03-17T09:59:58","modified_gmt":"2026-03-17T08:59:58","slug":"lets-sing-summer-camp-deluxe","status":"publish","type":"product","link":"https:\/\/laxvox-institute.eu\/en\/product\/lets-sing-summer-camp-deluxe\/","title":{"rendered":"Let&#8217;s Sing Summer Camp DELUXE"},"content":{"rendered":"<h3><span style=\"color: #1db8dd;\">&#8220;Ich will endlich singen lernen, wei\u00df aber nicht, wo ich anfangen soll.&#8221;<\/span><\/h3>\n<h3><span style=\"color: #1db8dd;\">&#8220;Ich singe seit Jahren, sto\u00dfe aber immer an die gleichen Grenzen.&#8221;<\/span><\/h3>\n<h3><strong><span style=\"color: #1db8dd;\">Wir wissen, was hilft!<\/span><\/strong><\/h3>\n<p>Im <strong>Let\u2019s Sing Summer Camp DELUXE<\/strong>\u00a0entdeckst du deine Stimme neu.<br \/>\nDu lernst, wie sie funktioniert, wie du sie frei einsetzen kannst \u2013 und wie du deine Songs mit Technik, Ausdruck und Emotion f\u00fcllst.<br \/>\nOhne Druck, ohne Scham \u2013 daf\u00fcr mit Spa\u00df, Leichtigkeit und einer Gruppe von Menschen, die genauso Lust aufs Singen haben wie du.<\/p>\n<div class=\"gap\" style=\"line-height: 10px; height: 10px;\"><\/div>\n<h4><strong><span style=\"color: #1db8dd;\">Die Themen:<\/span><\/strong><\/h4>\n<p><strong>Termin 1: GET TO KNOW YOUR VOICE<\/strong><br \/>\nWie funktioniert deine Stimme? Und warum wird\u2019s beim Singen eng?<br \/>\nVerstehe &amp; erfahre deine Stimme neu.<\/p>\n<p><strong>Termin 2: FREE YOUR VOICE<\/strong><br \/>\nEntfalte deine Stimme in allen Lagen und Klangfarben \u2013 ohne Druck, ohne Enge.<\/p>\n<p><strong>Termin 3: CONTROL YOUR VOICE<\/strong><br \/>\nSetze Lautst\u00e4rke &amp; Dynamik gezielt ein \u2013 f\u00fcr stabilen Klang, flie\u00dfende \u00dcberg\u00e4nge und mehr Ausdruck.<\/p>\n<p><strong>Termin 4: LOUD &amp; FREE<\/strong><br \/>\nLaut und hoch singen mit Freiheit und Freude, statt Enge und Angst<\/p>\n<p><strong>Termin 5: GET FLEXIBLE<\/strong><br \/>\nVibrato, Riffs &amp; Variationen f\u00fcr mehr Abwechslung und kreative Gestaltungsfreiheit<\/p>\n<p><strong>Termin 6: MAKE IT YOUR OWN<\/strong><br \/>\nSonginterpretation &amp; Emotion \u2013 so klingt der Song nach dir!<\/p>\n<p><strong>Am Ende des Camps kannst du deine Songs selbstbewusst, ausdrucksstark und frei singen.<\/strong><\/p>\n<div class=\"gap\" style=\"line-height: 10px; height: 10px;\"><\/div>\n<h4 style=\"color: #1db8dd;\"><strong>Die Termine:<\/strong><\/h4>\n<p>jeweils freitags, 10:00\u201312:00 Uhr<br \/>\n19.06., 26.06., 03.07., 10.07., 17.07., 24.07.2026<\/p>\n<div class=\"gap\" style=\"line-height: 10px; height: 10px;\"><\/div>\n<h4><strong><span style=\"color: #1db8dd;\">Das erwartet dich:<\/span><\/strong><\/h4>\n<p>\u2714 <strong>AUSREICHEND ZEIT: <\/strong>6 Termine \u00e0 2 Stunden<\/p>\n<p>\u2714 <strong>STRUKTUR &amp; INPUT:<\/strong> 1,5 Stunden Theorie, Warm-up, Technik-\u00dcbungen &amp; Umsetzung in deinem Song<\/p>\n<p>\u2714 <strong>INDIVIDUALIT\u00c4T: <\/strong>30 Minuten Einzelarbeit am Ende jeder Session (1-2 Personen pro Termin, jeweils ca. 10 Minuten)<\/p>\n<p>\u2714 <strong>MATERIAL: <\/strong>Aufzeichnungen jeder Session, Handout mit \u00dcbungen &amp; der LAX VOX\u00ae Soundtrack ALL IN ONE inkl. f\u00fcr dein Stimmtraining<\/p>\n<p>\u2714 <strong>VERTRAUTHEIT:<\/strong> Exklusive geschlossene Gruppe mit maximal 15 Teilnehmer*innen<\/p>\n<p>\u2714 <strong>SICHERHEIT: <\/strong>Diskrete Abfrage am Anfang jeder Session, wer aktiv vorsingen m\u00f6chte und wer nicht.<\/p>\n<div class=\"gap\" style=\"line-height: 10px; height: 10px;\"><\/div>\n<h4 style=\"color: #1db8dd;\"><strong>Material:<\/strong><\/h4>\n<p>Du brauchst einen LAX VOX\u00ae-Schlauch &amp; eine 0,5-l-Flasche mit Wasser, Papier &amp; bunte Stifte.<br \/>\nBereite pro Session je einen Song vor, an dem du arbeiten m\u00f6chtest. Du ben\u00f6tigst den Text ausgedruckt und ein Playback. Den Text und die Melodie solltest du bereits gut beherrschen.<\/p>\n<div class=\"gap\" style=\"line-height: 10px; height: 10px;\"><\/div>\n<h4 style=\"color: #1db8dd;\"><strong>Zielgruppe:<\/strong><\/h4>\n<p>F\u00fcr alle, die Lust haben, ihre Stimme zu entdecken, zu befreien und Songs mit Ausdruck zu singen \u2013 egal, ob Anf\u00e4nger*in oder Profi.<br \/>\nStephanie holt dich genau dort ab, wo du gerade stehst und kann die \u00dcbung auf jedes Level anpassen.<\/p>\n<h4><strong style=\"color: #1db8dd;\">Deine Fragen:<\/strong><\/h4>\n<p><strong>Geht singen lernen online?<\/strong><br \/>\nJa, sehr gut! Im sicheren Umfeld deines Zuhauses traust du dich mehr, da dich niemand h\u00f6rt. \u00dcber Zoom kann dein Coach dich gut h\u00f6ren und gezielt unterst\u00fctzen.<\/p>\n<p><strong>Muss ich vorsingen?<\/strong><br \/>\nNein! Zu Beginn jeder Session w\u00e4hlst du ein + oder \u2013 im Namensfeld. Damit zeigst du, ob du vorsingen m\u00f6chtest oder nicht. Du kannst das jederzeit \u00e4ndern.<\/p>\n<p><strong>Muss ich schon singen k\u00f6nnen?<\/strong><br \/>\nNein, komm so wie du bist! Das Camp ist f\u00fcr alle Levels. Es geht darum, deine Stimme kennenzulernen und zu entfalten. Egal mit welcher Vorerfahrung, wir teilen alle die gleichen Themen.<\/p>\n<p><strong>Kann ich auch nur einzelne Termine buchen?<\/strong><br \/>\nNein, das Camp ist nur im Ganzen buchbar. Wenn du an einem Termin nicht kannst, kannst du dir bis 7 Tage sp\u00e4ter die Aufzeichnung anschauen. Am effektivsten ist es, wenn du bei allen Terminen anwesend bist.<\/p>\n<div class=\"gap\" style=\"line-height: 10px; height: 10px;\"><\/div>\n<h4><strong style=\"color: #1db8dd;\">Das sagen die Teilnehmenden des letzten Let&#8217;s Sing Summer Camp:<\/strong><\/h4>\n<ul>\n<li class=\"icon-text-block\"><i class=\"fa fa-heart\"><\/i>&#8220;Ich bin immer noch sprachlos, was du in meiner Einzelsession mit mir geschafft hast. Ich habe w\u00f6chentlich Gesangsunterricht, aber so habe ich mich noch nie geh\u00f6rt. Du kannst echt zaubern. DANKE&#8221;<\/li>\n<li class=\"icon-text-block\"><i class=\"fa fa-heart\"><\/i>&#8220;Das Camp hat wirklich Spa\u00df gemacht! Super kurzweilig und informativ. Die einzelnen Themen haben aufeinander aufgebaut und waren schl\u00fcssig strukturiert. Ich konnte auf jeden Fall viel mitnehmen und freue mich, es in der Praxis umzusetzen. Danke, liebe Stephie!&#8221;<\/li>\n<li class=\"icon-text-block\"><i class=\"fa fa-heart\"><\/i>&#8220;Danke, dass du uns immer alles aufzeichnen l\u00e4sst. Als ich mich auf der Aufnahme habe singen h\u00f6ren, war ich sehr ger\u00fchrt. Ich wusste nicht, dass ich so klingen kann. Herzlichen Dank.&#8221;<\/li>\n<li class=\"icon-text-block\"><i class=\"fa fa-heart\"><\/i>&#8220;Das war ein tolles Summer Camp. Stephanie, du hast meine Gedanken lesen k\u00f6nnen. Faszinierend. Wunderbar. Danke.&#8221;<\/li>\n<li class=\"icon-text-block\"><i class=\"fa fa-heart\"><\/i>&#8220;Es ist einfach immer inspirierend und die Erkenntnis bleibt: Man lernt nie aus! Danke f\u00fcr den gro\u00dfartigen Input!&#8221;<\/li>\n<li class=\"icon-text-block\"><i class=\"fa fa-heart\"><\/i>&#8220;Liebe Stephie, danke f\u00fcr die tolle me-time. 1,5 Stunden f\u00fcr mich mit LAX VOX und Gesangstipps und den vielen kleinen Aha-Momenten, die im Gro\u00dfen viel ausmachen. Immer wieder Workshops im Institut!&#8221;<\/li>\n<\/ul>\n<h4 style=\"color: #1db8dd;\"><strong>Deine Dozentin:<\/strong><\/h4>\n<p><strong><img decoding=\"async\" class=\"alignleft wp-image-49711\" src=\"https:\/\/laxvox-institute.eu\/wp-content\/uploads\/2025\/07\/Stephanie_Kruse-LVI-Dozentin-300x300.webp\" alt=\"Stephanie A. Kruse\" width=\"100\" height=\"100\" srcset=\"https:\/\/laxvox-institute.eu\/wp-content\/uploads\/2025\/07\/Stephanie_Kruse-LVI-Dozentin-300x300.webp 300w, https:\/\/laxvox-institute.eu\/wp-content\/uploads\/2025\/07\/Stephanie_Kruse-LVI-Dozentin-150x150.webp 150w, https:\/\/laxvox-institute.eu\/wp-content\/uploads\/2025\/07\/Stephanie_Kruse-LVI-Dozentin-500x500.webp 500w, https:\/\/laxvox-institute.eu\/wp-content\/uploads\/2025\/07\/Stephanie_Kruse-LVI-Dozentin-157x157.webp 157w, https:\/\/laxvox-institute.eu\/wp-content\/uploads\/2025\/07\/Stephanie_Kruse-LVI-Dozentin-200x200.webp 200w, https:\/\/laxvox-institute.eu\/wp-content\/uploads\/2025\/07\/Stephanie_Kruse-LVI-Dozentin-400x400.webp 400w, https:\/\/laxvox-institute.eu\/wp-content\/uploads\/2025\/07\/Stephanie_Kruse-LVI-Dozentin.webp 531w\" sizes=\"(max-width: 100px) 100vw, 100px\" \/>Stephanie A. Kruse<\/strong> ist S\u00e4ngerin, Vocal Coach, Stimmtherapeutin, Estill Voice Master Trainerin seit 2014, arbeitet polyvagal-informiert und ist Gr\u00fcnderin des LAX VOX\u00ae Institutes. Seit \u00fcber 20 Jahren begleitet sie Menschen mit Herz, Humor und Fachwissen auf ihrem Weg zur freien, starken Stimme. Lass dich begeistern von ihrer einzigartigen Energie, ihrem gro\u00dfen Fundus an \u00dcbungen und Wissen und ihrer einf\u00fchlsamen Art zu dozieren.<\/p>\n<div class=\"gap\" style=\"line-height: 10px; height: 10px;\"><\/div>\n<h4 style=\"color: #1db8dd;\"><strong>\u00dcberblick:<\/strong><\/h4>\n<p><strong>\u2713 6 Termine \u00e0 2 Stunden<\/strong><br \/>\n<strong>\u2713 Zoom live \u2013 mit Aufzeichnungen jeder Session (7 Tage verf\u00fcgbar)<\/strong><br \/>\n<strong>\u2713 Handout inklusive<\/strong><br \/>\n<strong>\u2713 LAX VOX\u00ae Soundtrack ALL IN ONE inklusive<\/strong> (wenn du diesen bereits besitzt, kann der Betrag nicht erstattet werden)<br \/>\n<strong>\u2713 Link &amp; Handout nach Zahlungseingang im Kundenkonto<\/strong><br \/>\n<strong>\u2713 Teilnahme per PC\/Laptop empfohlen<\/strong><br \/>\n<strong>\u2713 Kamera an &amp; Klarname erforderlich<\/strong><\/p>\n","protected":false},"excerpt":{"rendered":"<div class=\"icon-text-block\"><i class=\"fa fa-calendar\"><\/i>freitags, 19.06., 26.06., 03.07., 10.07., 17.07., 24.07.2026<\/div>\n<div class=\"icon-text-block\"><i class=\"fa fa-clock-o\"><\/i>jeweils 10:00\u201312:00 Uhr<\/div>\n<div class=\"icon-text-block\"><i class=\"fa fa-user-o\"><\/i>Stephanie A. Kruse<\/div>\n<div class=\"icon-text-block\"><i class=\"fa fa-laptop\"><\/i>Online via Zoom<\/div>\n<div class=\"icon-text-block\"><i class=\"fa fa-book\"><\/i>Zoom-Link &amp; Handout im Kundenkonto<\/div>\n<div class=\"icon-text-block\"><i class=\"fa fa-music\"><\/i>LAX VOX\u00ae Soundtrack ALL IN ONE inklusive<\/div>\n<div class=\"icon-text-block\"><i class=\"fa fa-video-camera\"><\/i>Aufzeichnungen jeder Session (7 Tage verf\u00fcgbar)<\/div>\n","protected":false},"featured_media":50692,"template":"","meta":[],"product_brand":[],"product_cat":[247,752,767],"product_tag":[],"class_list":{"0":"post-54126","1":"product","2":"type-product","3":"status-publish","4":"has-post-thumbnail","6":"product_cat-lax-vox-voice-therapy","7":"product_cat-lax-vox-intense","8":"product_cat-lv-in-der-logopaedie","9":"description-off","11":"first","12":"instock","13":"virtual","14":"sold-individually","15":"purchasable","16":"product-type-simple"},"bundled_by":[],"bundle_stock_status":"instock","bundle_stock_quantity":null,"bundle_virtual":false,"bundle_layout":"","bundle_add_to_cart_form_location":"","bundle_editable_in_cart":false,"bundle_sold_individually_context":"","bundle_item_grouping":"","bundle_min_size":"","bundle_max_size":"","bundle_price":[],"bundled_items":[],"bundle_sell_ids":[],"yoast_head":"<!-- This site is optimized with the Yoast SEO plugin v27.3 - https:\/\/yoast.com\/product\/yoast-seo-wordpress\/ -->\n<title>Let&#039;s Sing Summer Camp DELUXE<\/title>\n<meta name=\"description\" content=\"Verbessere deinen Gesang im Let&#039;s Sing Summer Camp DELUXE: 6 Online-Termine \u00e0 2 Stunden mit Vocal Coach Stephanie A. Kruse.\" \/>\n<meta name=\"robots\" content=\"index, follow, max-snippet:-1, max-image-preview:large, max-video-preview:-1\" \/>\n<link rel=\"canonical\" href=\"https:\/\/laxvox-institute.eu\/en\/product\/lets-sing-summer-camp-deluxe\/\" \/>\n<meta property=\"og:locale\" content=\"en_US\" \/>\n<meta property=\"og:type\" content=\"article\" \/>\n<meta property=\"og:title\" content=\"Let&#039;s Sing Summer Camp DELUXE\" \/>\n<meta property=\"og:description\" content=\"Verbessere deinen Gesang im Let&#039;s Sing Summer Camp DELUXE: 6 Online-Termine \u00e0 2 Stunden mit Vocal Coach Stephanie A. Kruse.\" \/>\n<meta property=\"og:url\" content=\"https:\/\/laxvox-institute.eu\/en\/product\/lets-sing-summer-camp-deluxe\/\" \/>\n<meta property=\"og:site_name\" content=\"LAX VOX\u00ae Institute by Stephanie A. Kruse\" \/>\n<meta property=\"article:modified_time\" content=\"2026-03-17T08:59:58+00:00\" \/>\n<meta property=\"og:image\" content=\"https:\/\/laxvox-institute.eu\/wp-content\/uploads\/2025\/08\/INTENSE-TICKET-SEPTEMBER-2025-12.png\" \/>\n\t<meta property=\"og:image:width\" content=\"1000\" \/>\n\t<meta property=\"og:image:height\" content=\"1000\" \/>\n\t<meta property=\"og:image:type\" content=\"image\/png\" \/>\n<meta name=\"twitter:card\" content=\"summary_large_image\" \/>\n<meta name=\"twitter:label1\" content=\"Est. reading time\" \/>\n\t<meta name=\"twitter:data1\" content=\"6 minutes\" \/>\n<script type=\"application\/ld+json\" class=\"yoast-schema-graph\">{\"@context\":\"https:\\\/\\\/schema.org\",\"@graph\":[{\"@type\":\"WebPage\",\"@id\":\"https:\\\/\\\/laxvox-institute.eu\\\/en\\\/product\\\/lets-sing-summer-camp-deluxe\\\/\",\"url\":\"https:\\\/\\\/laxvox-institute.eu\\\/en\\\/product\\\/lets-sing-summer-camp-deluxe\\\/\",\"name\":\"Let's Sing Summer Camp DELUXE\",\"isPartOf\":{\"@id\":\"https:\\\/\\\/laxvox-institute.eu\\\/en\\\/#website\"},\"primaryImageOfPage\":{\"@id\":\"https:\\\/\\\/laxvox-institute.eu\\\/en\\\/product\\\/lets-sing-summer-camp-deluxe\\\/#primaryimage\"},\"image\":{\"@id\":\"https:\\\/\\\/laxvox-institute.eu\\\/en\\\/product\\\/lets-sing-summer-camp-deluxe\\\/#primaryimage\"},\"thumbnailUrl\":\"https:\\\/\\\/laxvox-institute.eu\\\/wp-content\\\/uploads\\\/2025\\\/08\\\/INTENSE-TICKET-SEPTEMBER-2025-12.png\",\"datePublished\":\"2025-12-23T21:54:53+00:00\",\"dateModified\":\"2026-03-17T08:59:58+00:00\",\"description\":\"Verbessere deinen Gesang im Let's Sing Summer Camp DELUXE: 6 Online-Termine \u00e0 2 Stunden mit Vocal Coach Stephanie A. Kruse.\",\"breadcrumb\":{\"@id\":\"https:\\\/\\\/laxvox-institute.eu\\\/en\\\/product\\\/lets-sing-summer-camp-deluxe\\\/#breadcrumb\"},\"inLanguage\":\"en-US\",\"potentialAction\":[{\"@type\":\"ReadAction\",\"target\":[\"https:\\\/\\\/laxvox-institute.eu\\\/en\\\/product\\\/lets-sing-summer-camp-deluxe\\\/\"]}]},{\"@type\":\"ImageObject\",\"inLanguage\":\"en-US\",\"@id\":\"https:\\\/\\\/laxvox-institute.eu\\\/en\\\/product\\\/lets-sing-summer-camp-deluxe\\\/#primaryimage\",\"url\":\"https:\\\/\\\/laxvox-institute.eu\\\/wp-content\\\/uploads\\\/2025\\\/08\\\/INTENSE-TICKET-SEPTEMBER-2025-12.png\",\"contentUrl\":\"https:\\\/\\\/laxvox-institute.eu\\\/wp-content\\\/uploads\\\/2025\\\/08\\\/INTENSE-TICKET-SEPTEMBER-2025-12.png\",\"width\":1000,\"height\":1000},{\"@type\":\"BreadcrumbList\",\"@id\":\"https:\\\/\\\/laxvox-institute.eu\\\/en\\\/product\\\/lets-sing-summer-camp-deluxe\\\/#breadcrumb\",\"itemListElement\":[{\"@type\":\"ListItem\",\"position\":1,\"name\":\"Startseite\",\"item\":\"https:\\\/\\\/laxvox-institute.eu\\\/en\\\/\"},{\"@type\":\"ListItem\",\"position\":2,\"name\":\"Shop\",\"item\":\"https:\\\/\\\/laxvox-institute.eu\\\/en\\\/produkt-archiv\\\/\"},{\"@type\":\"ListItem\",\"position\":3,\"name\":\"Let&#8217;s Sing Summer Camp DELUXE\"}]},{\"@type\":\"WebSite\",\"@id\":\"https:\\\/\\\/laxvox-institute.eu\\\/en\\\/#website\",\"url\":\"https:\\\/\\\/laxvox-institute.eu\\\/en\\\/\",\"name\":\"LAX VOX\u00ae Institute by Stephanie A. Kruse\",\"description\":\"Wissen, das hilft! Lerne alles \u00fcber Stimme!\",\"publisher\":{\"@id\":\"https:\\\/\\\/laxvox-institute.eu\\\/en\\\/#organization\"},\"potentialAction\":[{\"@type\":\"SearchAction\",\"target\":{\"@type\":\"EntryPoint\",\"urlTemplate\":\"https:\\\/\\\/laxvox-institute.eu\\\/en\\\/?s={search_term_string}\"},\"query-input\":{\"@type\":\"PropertyValueSpecification\",\"valueRequired\":true,\"valueName\":\"search_term_string\"}}],\"inLanguage\":\"en-US\"},{\"@type\":\"Organization\",\"@id\":\"https:\\\/\\\/laxvox-institute.eu\\\/en\\\/#organization\",\"name\":\"LAX VOX\u00ae Institute by Stephanie A. Kruse\",\"url\":\"https:\\\/\\\/laxvox-institute.eu\\\/en\\\/\",\"logo\":{\"@type\":\"ImageObject\",\"inLanguage\":\"en-US\",\"@id\":\"https:\\\/\\\/laxvox-institute.eu\\\/en\\\/#\\\/schema\\\/logo\\\/image\\\/\",\"url\":\"https:\\\/\\\/laxvox-institute.eu\\\/wp-content\\\/uploads\\\/2021\\\/01\\\/LANDINGPAGE_200px_INSTITUTE.webp\",\"contentUrl\":\"https:\\\/\\\/laxvox-institute.eu\\\/wp-content\\\/uploads\\\/2021\\\/01\\\/LANDINGPAGE_200px_INSTITUTE.webp\",\"width\":200,\"height\":65,\"caption\":\"LAX VOX\u00ae Institute by Stephanie A. Kruse\"},\"image\":{\"@id\":\"https:\\\/\\\/laxvox-institute.eu\\\/en\\\/#\\\/schema\\\/logo\\\/image\\\/\"},\"sameAs\":[\"https:\\\/\\\/www.instagram.com\\\/laxvox_official\\\/\"]}]}<\/script>\n<!-- \/ Yoast SEO plugin. -->","yoast_head_json":{"title":"Let's Sing Summer Camp DELUXE","description":"Verbessere deinen Gesang im Let's Sing Summer Camp DELUXE: 6 Online-Termine \u00e0 2 Stunden mit Vocal Coach Stephanie A. Kruse.","robots":{"index":"index","follow":"follow","max-snippet":"max-snippet:-1","max-image-preview":"max-image-preview:large","max-video-preview":"max-video-preview:-1"},"canonical":"https:\/\/laxvox-institute.eu\/en\/product\/lets-sing-summer-camp-deluxe\/","og_locale":"en_US","og_type":"article","og_title":"Let's Sing Summer Camp DELUXE","og_description":"Verbessere deinen Gesang im Let's Sing Summer Camp DELUXE: 6 Online-Termine \u00e0 2 Stunden mit Vocal Coach Stephanie A. Kruse.","og_url":"https:\/\/laxvox-institute.eu\/en\/product\/lets-sing-summer-camp-deluxe\/","og_site_name":"LAX VOX\u00ae Institute by Stephanie A. Kruse","article_modified_time":"2026-03-17T08:59:58+00:00","og_image":[{"width":1000,"height":1000,"url":"https:\/\/laxvox-institute.eu\/wp-content\/uploads\/2025\/08\/INTENSE-TICKET-SEPTEMBER-2025-12.png","type":"image\/png"}],"twitter_card":"summary_large_image","twitter_misc":{"Est. reading time":"6 minutes"},"schema":{"@context":"https:\/\/schema.org","@graph":[{"@type":"WebPage","@id":"https:\/\/laxvox-institute.eu\/en\/product\/lets-sing-summer-camp-deluxe\/","url":"https:\/\/laxvox-institute.eu\/en\/product\/lets-sing-summer-camp-deluxe\/","name":"Let's Sing Summer Camp DELUXE","isPartOf":{"@id":"https:\/\/laxvox-institute.eu\/en\/#website"},"primaryImageOfPage":{"@id":"https:\/\/laxvox-institute.eu\/en\/product\/lets-sing-summer-camp-deluxe\/#primaryimage"},"image":{"@id":"https:\/\/laxvox-institute.eu\/en\/product\/lets-sing-summer-camp-deluxe\/#primaryimage"},"thumbnailUrl":"https:\/\/laxvox-institute.eu\/wp-content\/uploads\/2025\/08\/INTENSE-TICKET-SEPTEMBER-2025-12.png","datePublished":"2025-12-23T21:54:53+00:00","dateModified":"2026-03-17T08:59:58+00:00","description":"Verbessere deinen Gesang im Let's Sing Summer Camp DELUXE: 6 Online-Termine \u00e0 2 Stunden mit Vocal Coach Stephanie A. Kruse.","breadcrumb":{"@id":"https:\/\/laxvox-institute.eu\/en\/product\/lets-sing-summer-camp-deluxe\/#breadcrumb"},"inLanguage":"en-US","potentialAction":[{"@type":"ReadAction","target":["https:\/\/laxvox-institute.eu\/en\/product\/lets-sing-summer-camp-deluxe\/"]}]},{"@type":"ImageObject","inLanguage":"en-US","@id":"https:\/\/laxvox-institute.eu\/en\/product\/lets-sing-summer-camp-deluxe\/#primaryimage","url":"https:\/\/laxvox-institute.eu\/wp-content\/uploads\/2025\/08\/INTENSE-TICKET-SEPTEMBER-2025-12.png","contentUrl":"https:\/\/laxvox-institute.eu\/wp-content\/uploads\/2025\/08\/INTENSE-TICKET-SEPTEMBER-2025-12.png","width":1000,"height":1000},{"@type":"BreadcrumbList","@id":"https:\/\/laxvox-institute.eu\/en\/product\/lets-sing-summer-camp-deluxe\/#breadcrumb","itemListElement":[{"@type":"ListItem","position":1,"name":"Startseite","item":"https:\/\/laxvox-institute.eu\/en\/"},{"@type":"ListItem","position":2,"name":"Shop","item":"https:\/\/laxvox-institute.eu\/en\/produkt-archiv\/"},{"@type":"ListItem","position":3,"name":"Let&#8217;s Sing Summer Camp DELUXE"}]},{"@type":"WebSite","@id":"https:\/\/laxvox-institute.eu\/en\/#website","url":"https:\/\/laxvox-institute.eu\/en\/","name":"LAX VOX\u00ae Institute by Stephanie A. Kruse","description":"Wissen, das hilft! Lerne alles \u00fcber Stimme!","publisher":{"@id":"https:\/\/laxvox-institute.eu\/en\/#organization"},"potentialAction":[{"@type":"SearchAction","target":{"@type":"EntryPoint","urlTemplate":"https:\/\/laxvox-institute.eu\/en\/?s={search_term_string}"},"query-input":{"@type":"PropertyValueSpecification","valueRequired":true,"valueName":"search_term_string"}}],"inLanguage":"en-US"},{"@type":"Organization","@id":"https:\/\/laxvox-institute.eu\/en\/#organization","name":"LAX VOX\u00ae Institute by Stephanie A. Kruse","url":"https:\/\/laxvox-institute.eu\/en\/","logo":{"@type":"ImageObject","inLanguage":"en-US","@id":"https:\/\/laxvox-institute.eu\/en\/#\/schema\/logo\/image\/","url":"https:\/\/laxvox-institute.eu\/wp-content\/uploads\/2021\/01\/LANDINGPAGE_200px_INSTITUTE.webp","contentUrl":"https:\/\/laxvox-institute.eu\/wp-content\/uploads\/2021\/01\/LANDINGPAGE_200px_INSTITUTE.webp","width":200,"height":65,"caption":"LAX VOX\u00ae Institute by Stephanie A. Kruse"},"image":{"@id":"https:\/\/laxvox-institute.eu\/en\/#\/schema\/logo\/image\/"},"sameAs":["https:\/\/www.instagram.com\/laxvox_official\/"]}]}},"_links":{"self":[{"href":"https:\/\/laxvox-institute.eu\/en\/wp-json\/wp\/v2\/product\/54126","targetHints":{"allow":["GET"]}}],"collection":[{"href":"https:\/\/laxvox-institute.eu\/en\/wp-json\/wp\/v2\/product"}],"about":[{"href":"https:\/\/laxvox-institute.eu\/en\/wp-json\/wp\/v2\/types\/product"}],"wp:featuredmedia":[{"embeddable":true,"href":"https:\/\/laxvox-institute.eu\/en\/wp-json\/wp\/v2\/media\/50692"}],"wp:attachment":[{"href":"https:\/\/laxvox-institute.eu\/en\/wp-json\/wp\/v2\/media?parent=54126"}],"wp:term":[{"taxonomy":"product_brand","embeddable":true,"href":"https:\/\/laxvox-institute.eu\/en\/wp-json\/wp\/v2\/product_brand?post=54126"},{"taxonomy":"product_cat","embeddable":true,"href":"https:\/\/laxvox-institute.eu\/en\/wp-json\/wp\/v2\/product_cat?post=54126"},{"taxonomy":"product_tag","embeddable":true,"href":"https:\/\/laxvox-institute.eu\/en\/wp-json\/wp\/v2\/product_tag?post=54126"}],"curies":[{"name":"wp","href":"https:\/\/api.w.org\/{rel}","templated":true}]}}