{"id":54143,"date":"2025-12-23T23:25:11","date_gmt":"2025-12-23T22:25:11","guid":{"rendered":"https:\/\/laxvox-institute.eu\/?post_type=product&#038;p=54143"},"modified":"2026-03-03T19:25:50","modified_gmt":"2026-03-03T18:25:50","slug":"reizhusten-verstehen-ursachen-ausloeser-und-therapeutische-ansaetze-kopie","status":"publish","type":"product","link":"https:\/\/laxvox-institute.eu\/en\/product\/reizhusten-verstehen-ursachen-ausloeser-und-therapeutische-ansaetze-kopie\/","title":{"rendered":"Reizhusten verstehen: Ursachen, Ausl\u00f6ser und therapeutische Ans\u00e4tze"},"content":{"rendered":"<h3><strong><span style=\"color: #1db8dd;\">Reizhusten \u2013 Laryngeal, bronchial und neurogen differenzieren<\/span><\/strong><\/h3>\n<div class=\"gap\" style=\"line-height: 10px; height: 10px;\"><\/div>\n<h3><span style=\"color: #1db8dd;\">&#8220;Immer dieser leidige Reizhusten. Gibt es nicht, das hilft?&#8221;<\/span><\/h3>\n<p>Trocken, hartn\u00e4ckig, belastend \u2013 Reizhusten kann Patient*innen \u00fcber Wochen begleiten und stellt Therapeut*innen vor eine Herausforderung: Liegt die Ursache im Kehlkopf, in den Bronchien oder im Nervensystem? Und welche Ans\u00e4tze sind hilfreich?<\/p>\n<p>In dieser Fortbildung erh\u00e4ltst du einen kompakten \u00dcberblick \u00fcber laryngeale und bronchiale Ursachen, neurogene Ausl\u00f6ser sowie medikament\u00f6se und inhalative Optionen. Du bekommst praxisnahe Impulse, die du direkt in deine Therapie integrieren kannst \u2013 wissenschaftlich fundiert und strukturiert vermittelt.<\/p>\n<div class=\"gap\" style=\"line-height: 10px; height: 10px;\"><\/div>\n<h4><strong><span style=\"color: #1db8dd;\">Du lernst:<\/span><\/strong><\/h4>\n<p><strong>\u2713 Ursachen von Reizhusten differenzieren:<\/strong> laryngeal, bronchial, neurogen<br \/>\n<strong>\u2713 Relevante Erkrankungen erkennen:<\/strong> u. a. Long COVID, Asthma, postinfekti\u00f6ser Husten, laryngeale Hypersensitivit\u00e4t<br \/>\n<strong>\u2713 Atemtechniken gezielt einsetzen:<\/strong> f\u00fcr eine funktionelle Regulation der Atmung<br \/>\n<strong>\u2713 Einfache Vagus-Stimulation:<\/strong> zur Beruhigung neurogener Reizweiterleitung<br \/>\n<strong>\u2713 Medikament\u00f6se &amp; inhalative Ans\u00e4tze verstehen:<\/strong> z.\u202fB. Ipratropium, Gabapentin, Kortikoide<br \/>\n<strong>\u2713 Trigger erkennen &amp; reflektieren:<\/strong> f\u00fcr eine gezielte therapeutische Kommunikation<\/p>\n<p><strong>Kompakt, evidenzbasiert, praxisnah.<\/strong><\/p>\n<div class=\"gap\" style=\"line-height: 10px; height: 10px;\"><\/div>\n<h4 style=\"color: #1db8dd;\"><strong>Zielgruppe:<\/strong><\/h4>\n<p>F\u00fcr Logop\u00e4d*innen, Atemtherapeut*innen, Stimm- und Sprechtrainer*innen sowie alle, die mit Reizhusten in der Praxis arbeiten<\/p>\n<div class=\"gap\" style=\"line-height: 10px; height: 10px;\"><\/div>\n<h4 style=\"color: #1db8dd;\"><strong>Dein Dozent:<\/strong><\/h4>\n<p><strong><img decoding=\"async\" class=\"alignleft wp-image-49719\" src=\"https:\/\/laxvox-institute.eu\/wp-content\/uploads\/2025\/07\/Michel-Helbing-LVI-Dozent-300x300.png\" alt=\"\" width=\"100\" height=\"100\" \/>Michael Helbing<\/strong><br \/>\nist Atem-, Sprech- und Stimmlehrer nach Schlaffhorst-Andersen. Er geh\u00f6rt zu den f\u00fchrenden Experten im Bereich der Atemtherapie, der Behandlung neurologischer Erkrankungen sowie der palliativen Versorgung. Freu dich auf ein Wissensgewitter mit wissenschaftlichem Fundament.<\/p>\n<div class=\"gap\" style=\"line-height: 10px; height: 10px;\"><\/div>\n<h4 style=\"color: #1db8dd;\"><strong>\u00dcberblick:<\/strong><\/h4>\n<p><strong>\u2713 2,5 Fortbildungspunkte<\/strong><br \/>\n<strong>\u2713 Zoom-Live &#8211; Keine Aufzeichnung<\/strong><br \/>\n<strong>\u2713 Skript &amp; Link nach Zahlungseingang im Kundenkonto<\/strong><br \/>\n<strong>\u2713 Teilnahme per PC\/Laptop empfohlen<\/strong><br \/>\n<strong>\u2713 Kamera an &amp; Klarname erforderlich<\/strong><\/p>\n","protected":false},"excerpt":{"rendered":"<div class=\"icon-text-block\">Dienstag, 03.03.2026<\/div>\n<div class=\"icon-text-block\"><i class=\"fa fa-clock-o\"><\/i> 20:00\u201322:00 Uhr<\/div>\n<div class=\"icon-text-block\"><i class=\"fa fa-user-o\"><\/i> Michael Helbing<\/div>\n<div class=\"icon-text-block\"><i class=\"fa fa-certificate\"><\/i>2,5 Fortbildungspunkte<\/div>\n<div class=\"icon-text-block\"><i class=\"fa fa-laptop\"><\/i> Online via Zoom<\/div>\n<div class=\"icon-text-block\"><i class=\"fa fa-link\"><\/i> Zoom-Link &amp; Handout im Kundenkonto<\/div>\n","protected":false},"featured_media":49657,"template":"","meta":[],"product_brand":[],"product_cat":[752,944,249],"product_tag":[],"class_list":{"0":"post-54143","1":"product","2":"type-product","3":"status-publish","4":"has-post-thumbnail","6":"product_cat-lax-vox-intense","7":"product_cat-fuer-deine-stimme","8":"product_cat-lax-vox-singers-training","9":"description-off","11":"first","12":"instock","13":"virtual","14":"sold-individually","15":"product-type-simple"},"bundled_by":[],"bundle_stock_status":"instock","bundle_stock_quantity":null,"bundle_virtual":false,"bundle_layout":"","bundle_add_to_cart_form_location":"","bundle_editable_in_cart":false,"bundle_sold_individually_context":"","bundle_item_grouping":"","bundle_min_size":"","bundle_max_size":"","bundle_price":[],"bundled_items":[],"bundle_sell_ids":[],"yoast_head":"<!-- This site is optimized with the Yoast SEO plugin v27.4 - https:\/\/yoast.com\/product\/yoast-seo-wordpress\/ -->\n<title>Reizhusten verstehen &amp; behandeln<\/title>\n<meta name=\"description\" content=\"Lerne, wie du LAX VOX\u00ae gezielt bei Reizhusten einsetzt \u2013 mit fundiertem Wissen, praxisnahen \u00dcbungen und klaren therapeutischen Ans\u00e4tzen.\" \/>\n<meta name=\"robots\" content=\"index, follow, max-snippet:-1, max-image-preview:large, max-video-preview:-1\" \/>\n<link rel=\"canonical\" href=\"https:\/\/laxvox-institute.eu\/en\/product\/reizhusten-verstehen-ursachen-ausloeser-und-therapeutische-ansaetze-kopie\/\" \/>\n<meta property=\"og:locale\" content=\"en_US\" \/>\n<meta property=\"og:type\" content=\"article\" \/>\n<meta property=\"og:title\" content=\"Reizhusten verstehen &amp; behandeln\" \/>\n<meta property=\"og:description\" content=\"Lerne, wie du LAX VOX\u00ae gezielt bei Reizhusten einsetzt \u2013 mit fundiertem Wissen, praxisnahen \u00dcbungen und klaren therapeutischen Ans\u00e4tzen.\" \/>\n<meta property=\"og:url\" content=\"https:\/\/laxvox-institute.eu\/en\/product\/reizhusten-verstehen-ursachen-ausloeser-und-therapeutische-ansaetze-kopie\/\" \/>\n<meta property=\"og:site_name\" content=\"LAX VOX\u00ae Institute by Stephanie A. Kruse\" \/>\n<meta property=\"article:modified_time\" content=\"2026-03-03T18:25:50+00:00\" \/>\n<meta property=\"og:image\" content=\"https:\/\/laxvox-institute.eu\/wp-content\/uploads\/2025\/07\/1.png\" \/>\n\t<meta property=\"og:image:width\" content=\"1000\" \/>\n\t<meta property=\"og:image:height\" content=\"1000\" \/>\n\t<meta property=\"og:image:type\" content=\"image\/png\" \/>\n<meta name=\"twitter:card\" content=\"summary_large_image\" \/>\n<meta name=\"twitter:label1\" content=\"Est. reading time\" \/>\n\t<meta name=\"twitter:data1\" content=\"2 minutes\" \/>\n<script type=\"application\/ld+json\" class=\"yoast-schema-graph\">{\"@context\":\"https:\\\/\\\/schema.org\",\"@graph\":[{\"@type\":\"WebPage\",\"@id\":\"https:\\\/\\\/laxvox-institute.eu\\\/en\\\/product\\\/reizhusten-verstehen-ursachen-ausloeser-und-therapeutische-ansaetze-kopie\\\/\",\"url\":\"https:\\\/\\\/laxvox-institute.eu\\\/en\\\/product\\\/reizhusten-verstehen-ursachen-ausloeser-und-therapeutische-ansaetze-kopie\\\/\",\"name\":\"Reizhusten verstehen & behandeln\",\"isPartOf\":{\"@id\":\"https:\\\/\\\/laxvox-institute.eu\\\/en\\\/#website\"},\"primaryImageOfPage\":{\"@id\":\"https:\\\/\\\/laxvox-institute.eu\\\/en\\\/product\\\/reizhusten-verstehen-ursachen-ausloeser-und-therapeutische-ansaetze-kopie\\\/#primaryimage\"},\"image\":{\"@id\":\"https:\\\/\\\/laxvox-institute.eu\\\/en\\\/product\\\/reizhusten-verstehen-ursachen-ausloeser-und-therapeutische-ansaetze-kopie\\\/#primaryimage\"},\"thumbnailUrl\":\"https:\\\/\\\/laxvox-institute.eu\\\/wp-content\\\/uploads\\\/2025\\\/07\\\/1.png\",\"datePublished\":\"2025-12-23T22:25:11+00:00\",\"dateModified\":\"2026-03-03T18:25:50+00:00\",\"description\":\"Lerne, wie du LAX VOX\u00ae gezielt bei Reizhusten einsetzt \u2013 mit fundiertem Wissen, praxisnahen \u00dcbungen und klaren therapeutischen Ans\u00e4tzen.\",\"breadcrumb\":{\"@id\":\"https:\\\/\\\/laxvox-institute.eu\\\/en\\\/product\\\/reizhusten-verstehen-ursachen-ausloeser-und-therapeutische-ansaetze-kopie\\\/#breadcrumb\"},\"inLanguage\":\"en-US\",\"potentialAction\":[{\"@type\":\"ReadAction\",\"target\":[\"https:\\\/\\\/laxvox-institute.eu\\\/en\\\/product\\\/reizhusten-verstehen-ursachen-ausloeser-und-therapeutische-ansaetze-kopie\\\/\"]}]},{\"@type\":\"ImageObject\",\"inLanguage\":\"en-US\",\"@id\":\"https:\\\/\\\/laxvox-institute.eu\\\/en\\\/product\\\/reizhusten-verstehen-ursachen-ausloeser-und-therapeutische-ansaetze-kopie\\\/#primaryimage\",\"url\":\"https:\\\/\\\/laxvox-institute.eu\\\/wp-content\\\/uploads\\\/2025\\\/07\\\/1.png\",\"contentUrl\":\"https:\\\/\\\/laxvox-institute.eu\\\/wp-content\\\/uploads\\\/2025\\\/07\\\/1.png\",\"width\":1000,\"height\":1000},{\"@type\":\"BreadcrumbList\",\"@id\":\"https:\\\/\\\/laxvox-institute.eu\\\/en\\\/product\\\/reizhusten-verstehen-ursachen-ausloeser-und-therapeutische-ansaetze-kopie\\\/#breadcrumb\",\"itemListElement\":[{\"@type\":\"ListItem\",\"position\":1,\"name\":\"Startseite\",\"item\":\"https:\\\/\\\/laxvox-institute.eu\\\/en\\\/\"},{\"@type\":\"ListItem\",\"position\":2,\"name\":\"Shop\",\"item\":\"https:\\\/\\\/laxvox-institute.eu\\\/en\\\/produkt-archiv\\\/\"},{\"@type\":\"ListItem\",\"position\":3,\"name\":\"Reizhusten verstehen: Ursachen, Ausl\u00f6ser und therapeutische Ans\u00e4tze\"}]},{\"@type\":\"WebSite\",\"@id\":\"https:\\\/\\\/laxvox-institute.eu\\\/en\\\/#website\",\"url\":\"https:\\\/\\\/laxvox-institute.eu\\\/en\\\/\",\"name\":\"LAX VOX\u00ae Institute by Stephanie A. Kruse\",\"description\":\"Wissen, das hilft! Lerne alles \u00fcber Stimme!\",\"publisher\":{\"@id\":\"https:\\\/\\\/laxvox-institute.eu\\\/en\\\/#organization\"},\"potentialAction\":[{\"@type\":\"SearchAction\",\"target\":{\"@type\":\"EntryPoint\",\"urlTemplate\":\"https:\\\/\\\/laxvox-institute.eu\\\/en\\\/?s={search_term_string}\"},\"query-input\":{\"@type\":\"PropertyValueSpecification\",\"valueRequired\":true,\"valueName\":\"search_term_string\"}}],\"inLanguage\":\"en-US\"},{\"@type\":\"Organization\",\"@id\":\"https:\\\/\\\/laxvox-institute.eu\\\/en\\\/#organization\",\"name\":\"LAX VOX\u00ae Institute by Stephanie A. Kruse\",\"url\":\"https:\\\/\\\/laxvox-institute.eu\\\/en\\\/\",\"logo\":{\"@type\":\"ImageObject\",\"inLanguage\":\"en-US\",\"@id\":\"https:\\\/\\\/laxvox-institute.eu\\\/en\\\/#\\\/schema\\\/logo\\\/image\\\/\",\"url\":\"https:\\\/\\\/laxvox-institute.eu\\\/wp-content\\\/uploads\\\/2021\\\/01\\\/LANDINGPAGE_200px_INSTITUTE.webp\",\"contentUrl\":\"https:\\\/\\\/laxvox-institute.eu\\\/wp-content\\\/uploads\\\/2021\\\/01\\\/LANDINGPAGE_200px_INSTITUTE.webp\",\"width\":200,\"height\":65,\"caption\":\"LAX VOX\u00ae Institute by Stephanie A. Kruse\"},\"image\":{\"@id\":\"https:\\\/\\\/laxvox-institute.eu\\\/en\\\/#\\\/schema\\\/logo\\\/image\\\/\"},\"sameAs\":[\"https:\\\/\\\/www.instagram.com\\\/laxvox_official\\\/\"]}]}<\/script>\n<!-- \/ Yoast SEO plugin. -->","yoast_head_json":{"title":"Reizhusten verstehen & behandeln","description":"Lerne, wie du LAX VOX\u00ae gezielt bei Reizhusten einsetzt \u2013 mit fundiertem Wissen, praxisnahen \u00dcbungen und klaren therapeutischen Ans\u00e4tzen.","robots":{"index":"index","follow":"follow","max-snippet":"max-snippet:-1","max-image-preview":"max-image-preview:large","max-video-preview":"max-video-preview:-1"},"canonical":"https:\/\/laxvox-institute.eu\/en\/product\/reizhusten-verstehen-ursachen-ausloeser-und-therapeutische-ansaetze-kopie\/","og_locale":"en_US","og_type":"article","og_title":"Reizhusten verstehen & behandeln","og_description":"Lerne, wie du LAX VOX\u00ae gezielt bei Reizhusten einsetzt \u2013 mit fundiertem Wissen, praxisnahen \u00dcbungen und klaren therapeutischen Ans\u00e4tzen.","og_url":"https:\/\/laxvox-institute.eu\/en\/product\/reizhusten-verstehen-ursachen-ausloeser-und-therapeutische-ansaetze-kopie\/","og_site_name":"LAX VOX\u00ae Institute by Stephanie A. Kruse","article_modified_time":"2026-03-03T18:25:50+00:00","og_image":[{"width":1000,"height":1000,"url":"https:\/\/laxvox-institute.eu\/wp-content\/uploads\/2025\/07\/1.png","type":"image\/png"}],"twitter_card":"summary_large_image","twitter_misc":{"Est. reading time":"2 minutes"},"schema":{"@context":"https:\/\/schema.org","@graph":[{"@type":"WebPage","@id":"https:\/\/laxvox-institute.eu\/en\/product\/reizhusten-verstehen-ursachen-ausloeser-und-therapeutische-ansaetze-kopie\/","url":"https:\/\/laxvox-institute.eu\/en\/product\/reizhusten-verstehen-ursachen-ausloeser-und-therapeutische-ansaetze-kopie\/","name":"Reizhusten verstehen & behandeln","isPartOf":{"@id":"https:\/\/laxvox-institute.eu\/en\/#website"},"primaryImageOfPage":{"@id":"https:\/\/laxvox-institute.eu\/en\/product\/reizhusten-verstehen-ursachen-ausloeser-und-therapeutische-ansaetze-kopie\/#primaryimage"},"image":{"@id":"https:\/\/laxvox-institute.eu\/en\/product\/reizhusten-verstehen-ursachen-ausloeser-und-therapeutische-ansaetze-kopie\/#primaryimage"},"thumbnailUrl":"https:\/\/laxvox-institute.eu\/wp-content\/uploads\/2025\/07\/1.png","datePublished":"2025-12-23T22:25:11+00:00","dateModified":"2026-03-03T18:25:50+00:00","description":"Lerne, wie du LAX VOX\u00ae gezielt bei Reizhusten einsetzt \u2013 mit fundiertem Wissen, praxisnahen \u00dcbungen und klaren therapeutischen Ans\u00e4tzen.","breadcrumb":{"@id":"https:\/\/laxvox-institute.eu\/en\/product\/reizhusten-verstehen-ursachen-ausloeser-und-therapeutische-ansaetze-kopie\/#breadcrumb"},"inLanguage":"en-US","potentialAction":[{"@type":"ReadAction","target":["https:\/\/laxvox-institute.eu\/en\/product\/reizhusten-verstehen-ursachen-ausloeser-und-therapeutische-ansaetze-kopie\/"]}]},{"@type":"ImageObject","inLanguage":"en-US","@id":"https:\/\/laxvox-institute.eu\/en\/product\/reizhusten-verstehen-ursachen-ausloeser-und-therapeutische-ansaetze-kopie\/#primaryimage","url":"https:\/\/laxvox-institute.eu\/wp-content\/uploads\/2025\/07\/1.png","contentUrl":"https:\/\/laxvox-institute.eu\/wp-content\/uploads\/2025\/07\/1.png","width":1000,"height":1000},{"@type":"BreadcrumbList","@id":"https:\/\/laxvox-institute.eu\/en\/product\/reizhusten-verstehen-ursachen-ausloeser-und-therapeutische-ansaetze-kopie\/#breadcrumb","itemListElement":[{"@type":"ListItem","position":1,"name":"Startseite","item":"https:\/\/laxvox-institute.eu\/en\/"},{"@type":"ListItem","position":2,"name":"Shop","item":"https:\/\/laxvox-institute.eu\/en\/produkt-archiv\/"},{"@type":"ListItem","position":3,"name":"Reizhusten verstehen: Ursachen, Ausl\u00f6ser und therapeutische Ans\u00e4tze"}]},{"@type":"WebSite","@id":"https:\/\/laxvox-institute.eu\/en\/#website","url":"https:\/\/laxvox-institute.eu\/en\/","name":"LAX VOX\u00ae Institute by Stephanie A. Kruse","description":"Wissen, das hilft! Lerne alles \u00fcber Stimme!","publisher":{"@id":"https:\/\/laxvox-institute.eu\/en\/#organization"},"potentialAction":[{"@type":"SearchAction","target":{"@type":"EntryPoint","urlTemplate":"https:\/\/laxvox-institute.eu\/en\/?s={search_term_string}"},"query-input":{"@type":"PropertyValueSpecification","valueRequired":true,"valueName":"search_term_string"}}],"inLanguage":"en-US"},{"@type":"Organization","@id":"https:\/\/laxvox-institute.eu\/en\/#organization","name":"LAX VOX\u00ae Institute by Stephanie A. Kruse","url":"https:\/\/laxvox-institute.eu\/en\/","logo":{"@type":"ImageObject","inLanguage":"en-US","@id":"https:\/\/laxvox-institute.eu\/en\/#\/schema\/logo\/image\/","url":"https:\/\/laxvox-institute.eu\/wp-content\/uploads\/2021\/01\/LANDINGPAGE_200px_INSTITUTE.webp","contentUrl":"https:\/\/laxvox-institute.eu\/wp-content\/uploads\/2021\/01\/LANDINGPAGE_200px_INSTITUTE.webp","width":200,"height":65,"caption":"LAX VOX\u00ae Institute by Stephanie A. Kruse"},"image":{"@id":"https:\/\/laxvox-institute.eu\/en\/#\/schema\/logo\/image\/"},"sameAs":["https:\/\/www.instagram.com\/laxvox_official\/"]}]}},"_links":{"self":[{"href":"https:\/\/laxvox-institute.eu\/en\/wp-json\/wp\/v2\/product\/54143","targetHints":{"allow":["GET"]}}],"collection":[{"href":"https:\/\/laxvox-institute.eu\/en\/wp-json\/wp\/v2\/product"}],"about":[{"href":"https:\/\/laxvox-institute.eu\/en\/wp-json\/wp\/v2\/types\/product"}],"wp:featuredmedia":[{"embeddable":true,"href":"https:\/\/laxvox-institute.eu\/en\/wp-json\/wp\/v2\/media\/49657"}],"wp:attachment":[{"href":"https:\/\/laxvox-institute.eu\/en\/wp-json\/wp\/v2\/media?parent=54143"}],"wp:term":[{"taxonomy":"product_brand","embeddable":true,"href":"https:\/\/laxvox-institute.eu\/en\/wp-json\/wp\/v2\/product_brand?post=54143"},{"taxonomy":"product_cat","embeddable":true,"href":"https:\/\/laxvox-institute.eu\/en\/wp-json\/wp\/v2\/product_cat?post=54143"},{"taxonomy":"product_tag","embeddable":true,"href":"https:\/\/laxvox-institute.eu\/en\/wp-json\/wp\/v2\/product_tag?post=54143"}],"curies":[{"name":"wp","href":"https:\/\/api.w.org\/{rel}","templated":true}]}}