{"id":54527,"date":"2026-01-12T12:20:01","date_gmt":"2026-01-12T11:20:01","guid":{"rendered":"https:\/\/laxvox-institute.eu\/?post_type=product&#038;p=54527"},"modified":"2026-03-02T09:27:29","modified_gmt":"2026-03-02T08:27:29","slug":"pep-positive-ausatemdruckverfahren-in-der-atemtherapie","status":"publish","type":"product","link":"https:\/\/laxvox-institute.eu\/en\/product\/pep-positive-ausatemdruckverfahren-in-der-atemtherapie\/","title":{"rendered":"PEP \u2013\u00a0Positive Ausatemdruckverfahren in der Atemtherapie"},"content":{"rendered":"<h3><span style=\"color: #1db8dd;\">Atemnot, Sekretmanagement und funktionelle Atmungsmodifikation sicher und wirksam behandeln<\/span><\/h3>\n<p>Atemnot, Husten, R\u00e4uspern sowie chronische Atemwegserkrankungen wie Asthma, COPD, Bronchiektasen, Lungenemphysem und Mukoviszidose stellen hohe Anforderungen an die therapeutische Arbeit. PEP-Verfahren (Positive Expiratory Pressure) bieten hier eine strukturierte M\u00f6glichkeit, den Ausatemfluss zu stabilisieren, die Sekretmobilisation zu unterst\u00fctzen und die Atem\u00f6konomie zu verbessern. Der Workshop vermittelt die physiologischen Grundlagen, die Einsatzgebiete und die Grenzen dieser Methoden \u2013 und \u00fcberf\u00fchrt sie in konkrete therapeutische Handlungsans\u00e4tze.<\/p>\n<p><strong>Der Schwerpunkt liegt auf der praktischen Umsetzung: Wir \u00fcben unterschiedliche PEP-Techniken, reflektieren \u00fcber deren Wirkung und entwickeln praxistaugliche Strategien f\u00fcr verschiedene Erkrankungsbilder.<\/strong><\/p>\n<p><strong>Bitte Strohhalme und LAX VOX\u00ae bereitlegen.<\/strong><\/p>\n<div class=\"gap\" style=\"line-height: 10px; height: 10px;\"><\/div>\n<h4><strong><span style=\"color: #1db8dd;\">Du lernst:<\/span><\/strong><\/h4>\n<p><strong>\u2713 Grundlagen des positiven Ausatemdrucks verstehen: <\/strong>physiologische Wirkmechanismen und therapeutische Zielsetzung<\/p>\n<p><strong>\u2713 PEP-Techniken praktisch anwenden: <\/strong>\u00dcbungen bei Atemnot, Husten, R\u00e4uspern und chronischen Atemwegserkrankungen<\/p>\n<p><strong>\u2713 Sekretmanagement gezielt umsetzen: <\/strong>unterst\u00fctzende Atemstrategien zur Mobilisation und \u00d6konomisierung<\/p>\n<p><strong>\u2713 Atmung, Bewegung und \u00d6konomie verbinden: <\/strong>funktionelle Modifikationen f\u00fcr mehr Stabilit\u00e4t und Effizienz<\/p>\n<div class=\"gap\" style=\"line-height: 10px; height: 10px;\"><\/div>\n<h4 style=\"color: #1db8dd;\"><strong>Zielgruppe:<\/strong><\/h4>\n<p>F\u00fcr Logop\u00e4d*innen, Stimmtherapeut*innen, \u00c4rzt*innen, die Menschen mit Atemwegserkrankungen arbeiten.<\/p>\n<div class=\"gap\" style=\"line-height: 10px; height: 10px;\"><\/div>\n<h4 style=\"color: #1db8dd;\"><strong>Dein Dozent:<\/strong><\/h4>\n<p><strong><img decoding=\"async\" class=\"alignleft wp-image-49719\" src=\"https:\/\/laxvox-institute.eu\/wp-content\/uploads\/2025\/07\/Michel-Helbing-LVI-Dozent-300x300.png\" alt=\"Michael Helbing\" width=\"100\" height=\"100\" \/>Michael Helbing<\/strong><br \/>\nist Atem-, Sprech- und Stimmlehrer nach Schlaffhorst-Andersen. Er geh\u00f6rt zu den f\u00fchrenden Experten im Bereich der Atemtherapie, der Behandlung neurologischer Erkrankungen sowie der palliativen Versorgung. Freu dich auf ein Wissensgewitter mit wissenschaftlichem Fundament.<\/p>\n<p>&nbsp;<\/p>\n<h4 style=\"color: #1db8dd;\"><strong>\u00dcberblick:<\/strong><\/h4>\n<p><strong>\u2713 4 Fortbildungspunkte<\/strong><br \/>\n<strong>\u2713 Zoom-Live \u2013 Keine Aufzeichnung<\/strong><br \/>\n<strong>\u2713 Skript &amp; Link nach Zahlungseingang im Kundenkonto<\/strong><br \/>\n<strong>\u2713 Teilnahme per PC\/Laptop empfohlen<\/strong><br \/>\n<strong>\u2713 Kamera an &amp; Klarname erforderlich<\/strong><\/p>\n","protected":false},"excerpt":{"rendered":"<div class=\"icon-text-block\">Montag, 02.03.2026<\/div>\n<div class=\"icon-text-block\"><i class=\"fa fa-clock-o\"><\/i>10:00\u201313:00 Uhr<\/div>\n<div class=\"icon-text-block\"><i class=\"fa fa-user-o\"><\/i> Michael Helbing<\/div>\n<div class=\"icon-text-block\"><i class=\"fa fa-certificate\"><\/i>4 Fortbildungspunkte<\/div>\n<div class=\"icon-text-block\"><i class=\"fa fa-laptop\"><\/i> Online via Zoom<\/div>\n<div class=\"icon-text-block\"><i class=\"fa fa-folder-open\"><\/i>Zoom-Link &amp; Handout im Kundenkonto<\/div>\n","protected":false},"featured_media":54492,"template":"","meta":[],"product_brand":[],"product_cat":[249,752,944],"product_tag":[],"class_list":{"0":"post-54527","1":"product","2":"type-product","3":"status-publish","4":"has-post-thumbnail","6":"product_cat-lax-vox-singers-training","7":"product_cat-lax-vox-intense","8":"product_cat-fuer-deine-stimme","9":"description-off","11":"first","12":"instock","13":"virtual","14":"sold-individually","15":"product-type-simple"},"bundled_by":[],"bundle_stock_status":"instock","bundle_stock_quantity":null,"bundle_virtual":false,"bundle_layout":"","bundle_add_to_cart_form_location":"","bundle_editable_in_cart":false,"bundle_sold_individually_context":"","bundle_item_grouping":"","bundle_min_size":"","bundle_max_size":"","bundle_price":[],"bundled_items":[],"bundle_sell_ids":[],"yoast_head":"<!-- This site is optimized with the Yoast SEO plugin v27.4 - https:\/\/yoast.com\/product\/yoast-seo-wordpress\/ -->\n<title>PEP \u2013\u00a0Positive Ausatemdruckverfahren in der Atemtherapie<\/title>\n<meta name=\"description\" content=\"Lerne in dieser Online-Fortbildung, wie du Positive Ausatemdruckverfahren (PEP) in der Atemtherapie gezielt und sicher anwendest.\" \/>\n<meta name=\"robots\" content=\"index, follow, max-snippet:-1, max-image-preview:large, max-video-preview:-1\" \/>\n<link rel=\"canonical\" href=\"https:\/\/laxvox-institute.eu\/en\/product\/pep-positive-ausatemdruckverfahren-in-der-atemtherapie\/\" \/>\n<meta property=\"og:locale\" content=\"en_US\" \/>\n<meta property=\"og:type\" content=\"article\" \/>\n<meta property=\"og:title\" content=\"PEP \u2013\u00a0Positive Ausatemdruckverfahren in der Atemtherapie\" \/>\n<meta property=\"og:description\" content=\"Lerne in dieser Online-Fortbildung, wie du Positive Ausatemdruckverfahren (PEP) in der Atemtherapie gezielt und sicher anwendest.\" \/>\n<meta property=\"og:url\" content=\"https:\/\/laxvox-institute.eu\/en\/product\/pep-positive-ausatemdruckverfahren-in-der-atemtherapie\/\" \/>\n<meta property=\"og:site_name\" content=\"LAX VOX\u00ae Institute by Stephanie A. Kruse\" \/>\n<meta property=\"article:modified_time\" content=\"2026-03-02T08:27:29+00:00\" \/>\n<meta property=\"og:image\" content=\"https:\/\/laxvox-institute.eu\/wp-content\/uploads\/2026\/01\/Design-ohne-Titel-4.png\" \/>\n\t<meta property=\"og:image:width\" content=\"828\" \/>\n\t<meta property=\"og:image:height\" content=\"852\" \/>\n\t<meta property=\"og:image:type\" content=\"image\/png\" \/>\n<meta name=\"twitter:card\" content=\"summary_large_image\" \/>\n<meta name=\"twitter:label1\" content=\"Est. reading time\" \/>\n\t<meta name=\"twitter:data1\" content=\"2 minutes\" \/>\n<script type=\"application\/ld+json\" class=\"yoast-schema-graph\">{\"@context\":\"https:\\\/\\\/schema.org\",\"@graph\":[{\"@type\":\"WebPage\",\"@id\":\"https:\\\/\\\/laxvox-institute.eu\\\/en\\\/product\\\/pep-positive-ausatemdruckverfahren-in-der-atemtherapie\\\/\",\"url\":\"https:\\\/\\\/laxvox-institute.eu\\\/en\\\/product\\\/pep-positive-ausatemdruckverfahren-in-der-atemtherapie\\\/\",\"name\":\"PEP \u2013\u00a0Positive Ausatemdruckverfahren in der Atemtherapie\",\"isPartOf\":{\"@id\":\"https:\\\/\\\/laxvox-institute.eu\\\/en\\\/#website\"},\"primaryImageOfPage\":{\"@id\":\"https:\\\/\\\/laxvox-institute.eu\\\/en\\\/product\\\/pep-positive-ausatemdruckverfahren-in-der-atemtherapie\\\/#primaryimage\"},\"image\":{\"@id\":\"https:\\\/\\\/laxvox-institute.eu\\\/en\\\/product\\\/pep-positive-ausatemdruckverfahren-in-der-atemtherapie\\\/#primaryimage\"},\"thumbnailUrl\":\"https:\\\/\\\/laxvox-institute.eu\\\/wp-content\\\/uploads\\\/2026\\\/01\\\/Design-ohne-Titel-4.png\",\"datePublished\":\"2026-01-12T11:20:01+00:00\",\"dateModified\":\"2026-03-02T08:27:29+00:00\",\"description\":\"Lerne in dieser Online-Fortbildung, wie du Positive Ausatemdruckverfahren (PEP) in der Atemtherapie gezielt und sicher anwendest.\",\"breadcrumb\":{\"@id\":\"https:\\\/\\\/laxvox-institute.eu\\\/en\\\/product\\\/pep-positive-ausatemdruckverfahren-in-der-atemtherapie\\\/#breadcrumb\"},\"inLanguage\":\"en-US\",\"potentialAction\":[{\"@type\":\"ReadAction\",\"target\":[\"https:\\\/\\\/laxvox-institute.eu\\\/en\\\/product\\\/pep-positive-ausatemdruckverfahren-in-der-atemtherapie\\\/\"]}]},{\"@type\":\"ImageObject\",\"inLanguage\":\"en-US\",\"@id\":\"https:\\\/\\\/laxvox-institute.eu\\\/en\\\/product\\\/pep-positive-ausatemdruckverfahren-in-der-atemtherapie\\\/#primaryimage\",\"url\":\"https:\\\/\\\/laxvox-institute.eu\\\/wp-content\\\/uploads\\\/2026\\\/01\\\/Design-ohne-Titel-4.png\",\"contentUrl\":\"https:\\\/\\\/laxvox-institute.eu\\\/wp-content\\\/uploads\\\/2026\\\/01\\\/Design-ohne-Titel-4.png\",\"width\":828,\"height\":852},{\"@type\":\"BreadcrumbList\",\"@id\":\"https:\\\/\\\/laxvox-institute.eu\\\/en\\\/product\\\/pep-positive-ausatemdruckverfahren-in-der-atemtherapie\\\/#breadcrumb\",\"itemListElement\":[{\"@type\":\"ListItem\",\"position\":1,\"name\":\"Startseite\",\"item\":\"https:\\\/\\\/laxvox-institute.eu\\\/en\\\/\"},{\"@type\":\"ListItem\",\"position\":2,\"name\":\"Shop\",\"item\":\"https:\\\/\\\/laxvox-institute.eu\\\/en\\\/produkt-archiv\\\/\"},{\"@type\":\"ListItem\",\"position\":3,\"name\":\"PEP \u2013\u00a0Positive Ausatemdruckverfahren in der Atemtherapie\"}]},{\"@type\":\"WebSite\",\"@id\":\"https:\\\/\\\/laxvox-institute.eu\\\/en\\\/#website\",\"url\":\"https:\\\/\\\/laxvox-institute.eu\\\/en\\\/\",\"name\":\"LAX VOX\u00ae Institute by Stephanie A. Kruse\",\"description\":\"Wissen, das hilft! Lerne alles \u00fcber Stimme!\",\"publisher\":{\"@id\":\"https:\\\/\\\/laxvox-institute.eu\\\/en\\\/#organization\"},\"potentialAction\":[{\"@type\":\"SearchAction\",\"target\":{\"@type\":\"EntryPoint\",\"urlTemplate\":\"https:\\\/\\\/laxvox-institute.eu\\\/en\\\/?s={search_term_string}\"},\"query-input\":{\"@type\":\"PropertyValueSpecification\",\"valueRequired\":true,\"valueName\":\"search_term_string\"}}],\"inLanguage\":\"en-US\"},{\"@type\":\"Organization\",\"@id\":\"https:\\\/\\\/laxvox-institute.eu\\\/en\\\/#organization\",\"name\":\"LAX VOX\u00ae Institute by Stephanie A. Kruse\",\"url\":\"https:\\\/\\\/laxvox-institute.eu\\\/en\\\/\",\"logo\":{\"@type\":\"ImageObject\",\"inLanguage\":\"en-US\",\"@id\":\"https:\\\/\\\/laxvox-institute.eu\\\/en\\\/#\\\/schema\\\/logo\\\/image\\\/\",\"url\":\"https:\\\/\\\/laxvox-institute.eu\\\/wp-content\\\/uploads\\\/2021\\\/01\\\/LANDINGPAGE_200px_INSTITUTE.webp\",\"contentUrl\":\"https:\\\/\\\/laxvox-institute.eu\\\/wp-content\\\/uploads\\\/2021\\\/01\\\/LANDINGPAGE_200px_INSTITUTE.webp\",\"width\":200,\"height\":65,\"caption\":\"LAX VOX\u00ae Institute by Stephanie A. Kruse\"},\"image\":{\"@id\":\"https:\\\/\\\/laxvox-institute.eu\\\/en\\\/#\\\/schema\\\/logo\\\/image\\\/\"},\"sameAs\":[\"https:\\\/\\\/www.instagram.com\\\/laxvox_official\\\/\"]}]}<\/script>\n<!-- \/ Yoast SEO plugin. -->","yoast_head_json":{"title":"PEP \u2013\u00a0Positive Ausatemdruckverfahren in der Atemtherapie","description":"Lerne in dieser Online-Fortbildung, wie du Positive Ausatemdruckverfahren (PEP) in der Atemtherapie gezielt und sicher anwendest.","robots":{"index":"index","follow":"follow","max-snippet":"max-snippet:-1","max-image-preview":"max-image-preview:large","max-video-preview":"max-video-preview:-1"},"canonical":"https:\/\/laxvox-institute.eu\/en\/product\/pep-positive-ausatemdruckverfahren-in-der-atemtherapie\/","og_locale":"en_US","og_type":"article","og_title":"PEP \u2013\u00a0Positive Ausatemdruckverfahren in der Atemtherapie","og_description":"Lerne in dieser Online-Fortbildung, wie du Positive Ausatemdruckverfahren (PEP) in der Atemtherapie gezielt und sicher anwendest.","og_url":"https:\/\/laxvox-institute.eu\/en\/product\/pep-positive-ausatemdruckverfahren-in-der-atemtherapie\/","og_site_name":"LAX VOX\u00ae Institute by Stephanie A. Kruse","article_modified_time":"2026-03-02T08:27:29+00:00","og_image":[{"width":828,"height":852,"url":"https:\/\/laxvox-institute.eu\/wp-content\/uploads\/2026\/01\/Design-ohne-Titel-4.png","type":"image\/png"}],"twitter_card":"summary_large_image","twitter_misc":{"Est. reading time":"2 minutes"},"schema":{"@context":"https:\/\/schema.org","@graph":[{"@type":"WebPage","@id":"https:\/\/laxvox-institute.eu\/en\/product\/pep-positive-ausatemdruckverfahren-in-der-atemtherapie\/","url":"https:\/\/laxvox-institute.eu\/en\/product\/pep-positive-ausatemdruckverfahren-in-der-atemtherapie\/","name":"PEP \u2013\u00a0Positive Ausatemdruckverfahren in der Atemtherapie","isPartOf":{"@id":"https:\/\/laxvox-institute.eu\/en\/#website"},"primaryImageOfPage":{"@id":"https:\/\/laxvox-institute.eu\/en\/product\/pep-positive-ausatemdruckverfahren-in-der-atemtherapie\/#primaryimage"},"image":{"@id":"https:\/\/laxvox-institute.eu\/en\/product\/pep-positive-ausatemdruckverfahren-in-der-atemtherapie\/#primaryimage"},"thumbnailUrl":"https:\/\/laxvox-institute.eu\/wp-content\/uploads\/2026\/01\/Design-ohne-Titel-4.png","datePublished":"2026-01-12T11:20:01+00:00","dateModified":"2026-03-02T08:27:29+00:00","description":"Lerne in dieser Online-Fortbildung, wie du Positive Ausatemdruckverfahren (PEP) in der Atemtherapie gezielt und sicher anwendest.","breadcrumb":{"@id":"https:\/\/laxvox-institute.eu\/en\/product\/pep-positive-ausatemdruckverfahren-in-der-atemtherapie\/#breadcrumb"},"inLanguage":"en-US","potentialAction":[{"@type":"ReadAction","target":["https:\/\/laxvox-institute.eu\/en\/product\/pep-positive-ausatemdruckverfahren-in-der-atemtherapie\/"]}]},{"@type":"ImageObject","inLanguage":"en-US","@id":"https:\/\/laxvox-institute.eu\/en\/product\/pep-positive-ausatemdruckverfahren-in-der-atemtherapie\/#primaryimage","url":"https:\/\/laxvox-institute.eu\/wp-content\/uploads\/2026\/01\/Design-ohne-Titel-4.png","contentUrl":"https:\/\/laxvox-institute.eu\/wp-content\/uploads\/2026\/01\/Design-ohne-Titel-4.png","width":828,"height":852},{"@type":"BreadcrumbList","@id":"https:\/\/laxvox-institute.eu\/en\/product\/pep-positive-ausatemdruckverfahren-in-der-atemtherapie\/#breadcrumb","itemListElement":[{"@type":"ListItem","position":1,"name":"Startseite","item":"https:\/\/laxvox-institute.eu\/en\/"},{"@type":"ListItem","position":2,"name":"Shop","item":"https:\/\/laxvox-institute.eu\/en\/produkt-archiv\/"},{"@type":"ListItem","position":3,"name":"PEP \u2013\u00a0Positive Ausatemdruckverfahren in der Atemtherapie"}]},{"@type":"WebSite","@id":"https:\/\/laxvox-institute.eu\/en\/#website","url":"https:\/\/laxvox-institute.eu\/en\/","name":"LAX VOX\u00ae Institute by Stephanie A. Kruse","description":"Wissen, das hilft! Lerne alles \u00fcber Stimme!","publisher":{"@id":"https:\/\/laxvox-institute.eu\/en\/#organization"},"potentialAction":[{"@type":"SearchAction","target":{"@type":"EntryPoint","urlTemplate":"https:\/\/laxvox-institute.eu\/en\/?s={search_term_string}"},"query-input":{"@type":"PropertyValueSpecification","valueRequired":true,"valueName":"search_term_string"}}],"inLanguage":"en-US"},{"@type":"Organization","@id":"https:\/\/laxvox-institute.eu\/en\/#organization","name":"LAX VOX\u00ae Institute by Stephanie A. Kruse","url":"https:\/\/laxvox-institute.eu\/en\/","logo":{"@type":"ImageObject","inLanguage":"en-US","@id":"https:\/\/laxvox-institute.eu\/en\/#\/schema\/logo\/image\/","url":"https:\/\/laxvox-institute.eu\/wp-content\/uploads\/2021\/01\/LANDINGPAGE_200px_INSTITUTE.webp","contentUrl":"https:\/\/laxvox-institute.eu\/wp-content\/uploads\/2021\/01\/LANDINGPAGE_200px_INSTITUTE.webp","width":200,"height":65,"caption":"LAX VOX\u00ae Institute by Stephanie A. Kruse"},"image":{"@id":"https:\/\/laxvox-institute.eu\/en\/#\/schema\/logo\/image\/"},"sameAs":["https:\/\/www.instagram.com\/laxvox_official\/"]}]}},"_links":{"self":[{"href":"https:\/\/laxvox-institute.eu\/en\/wp-json\/wp\/v2\/product\/54527","targetHints":{"allow":["GET"]}}],"collection":[{"href":"https:\/\/laxvox-institute.eu\/en\/wp-json\/wp\/v2\/product"}],"about":[{"href":"https:\/\/laxvox-institute.eu\/en\/wp-json\/wp\/v2\/types\/product"}],"wp:featuredmedia":[{"embeddable":true,"href":"https:\/\/laxvox-institute.eu\/en\/wp-json\/wp\/v2\/media\/54492"}],"wp:attachment":[{"href":"https:\/\/laxvox-institute.eu\/en\/wp-json\/wp\/v2\/media?parent=54527"}],"wp:term":[{"taxonomy":"product_brand","embeddable":true,"href":"https:\/\/laxvox-institute.eu\/en\/wp-json\/wp\/v2\/product_brand?post=54527"},{"taxonomy":"product_cat","embeddable":true,"href":"https:\/\/laxvox-institute.eu\/en\/wp-json\/wp\/v2\/product_cat?post=54527"},{"taxonomy":"product_tag","embeddable":true,"href":"https:\/\/laxvox-institute.eu\/en\/wp-json\/wp\/v2\/product_tag?post=54527"}],"curies":[{"name":"wp","href":"https:\/\/api.w.org\/{rel}","templated":true}]}}