{"id":55038,"date":"2026-02-11T13:32:05","date_gmt":"2026-02-11T12:32:05","guid":{"rendered":"https:\/\/laxvox-institute.eu\/?post_type=product&#038;p=55038"},"modified":"2026-03-10T17:27:28","modified_gmt":"2026-03-10T16:27:28","slug":"warm-up-und-einsingen-mit-dem-lax-vox-soundtrack","status":"publish","type":"product","link":"https:\/\/laxvox-institute.eu\/en\/product\/warm-up-und-einsingen-mit-dem-lax-vox-soundtrack\/","title":{"rendered":"Warm-Up und Einsingen mit dem LAX VOX\u00ae Soundtrack"},"content":{"rendered":"<h3><strong><span style=\"color: #1db8dd;\">Mit gezieltem Warm-Up und Einsingen zu einer freien, flexiblen Stimme<\/span><\/strong><\/h3>\n<p>In diesem Online-Workshop zeigt dir Stimm-Expertin Stephanie Kruse, wie du mit dem \u00dcbe-Tool LAX VOX\u00ae und dem LAX VOX\u00ae Soundtrack \u2013 19 speziell komponierten \u00dcbe-Songs \u2013 deine Stimme gezielt aufw\u00e4rmst und sicher einsingst. So bereitest du sie optimal auf dein Genre, deine gew\u00fcnschte Klangfarbe und deine stimmlichen Ziele vor. Gleichzeitig baust du eine t\u00e4gliche \u00dcbe-Routine auf, die deine Stimme flexibel, frei und gesund h\u00e4lt.<\/p>\n<p data-start=\"264\" data-end=\"536\">Die t\u00e4gliche Arbeit mit dem LAX VOX\u00ae Soundtrack trainiert dein Muskelged\u00e4chtnis und hilft dir, schneller und sicherer in die gew\u00fcnschten Stimmfunktionen zu wechseln. So wird deine Stimme flexibel, ausbalanciert und belastbar.<\/p>\n<p><strong>Sanft aktivieren. Pr\u00e4zise einsingen. Direkt sp\u00fcrbare Wirkung.<\/strong><\/p>\n<div class=\"gap\" style=\"line-height: 10px; height: 10px;\"><\/div>\n<h4><strong><span style=\"color: #1db8dd;\">Du lernst<\/span><\/strong><\/h4>\n<ul>\n<li><strong>Was genau ist ein Warm-Up? <\/strong>Lerne den Unterschied zwischen Warm-Up und Einsingen<\/li>\n<li><strong>Einsingen nach Genre und Klangziel:<\/strong> Bereite deine Stimme differenziert auf den Stil vor, den du singen m\u00f6chtest.<\/li>\n<li><strong>Strukturierter und routinierter Trainingsaufbau:<\/strong> Die 19 Songs des LAX VOX\u00ae Soundtracks begleiten dich Schritt f\u00fcr Schritt \u2013 von sanfter Aktivierung bis zum vollen Einsingen<\/li>\n<li><strong>Steigere durch t\u00e4gliches Training die Stimmgesundheit und Flexibilit\u00e4t:<\/strong> Reduziere Druck, Enge und &#8220;Kippeln&#8221; und entwickle neue Stimmtechniken<\/li>\n<li><strong>Praxisnah f\u00fcr S\u00e4nger*innen und Gesangslehrer*innen:<\/strong> Lerne sofort umsetzbare \u00dcbungen f\u00fcr Unterricht, Chorproben und das t\u00e4gliche Training<\/li>\n<\/ul>\n<p><strong>Mit fundiertem Know-how, direkt anwendbaren \u00dcbungen und einem klar strukturierten Konzept.<\/strong><\/p>\n<div class=\"gap\" style=\"line-height: 10px; height: 10px;\"><\/div>\n<h4 style=\"color: #1db8dd;\"><strong>Material:<\/strong><\/h4>\n<p>Du brauchst einen originalen LAX VOX\u00ae-Schlauch und eine 0,5-l-Flasche mit Wasser.<\/p>\n<div class=\"gap\" style=\"line-height: 10px; height: 10px;\"><\/div>\n<h4 style=\"color: #1db8dd;\"><strong>Zielgruppe:<\/strong><\/h4>\n<p>F\u00fcr Singende und Gesangsp\u00e4dagog*innen, die gern neues \u00dcbungs-Material und \u00dcbungen kennenlernen m\u00f6chten<\/p>\n<div class=\"gap\" style=\"line-height: 10px; height: 10px;\"><\/div>\n<h4 style=\"color: #1db8dd;\"><strong>Deine Dozentin:<\/strong><\/h4>\n<p><strong><img decoding=\"async\" class=\"alignleft wp-image-49711\" src=\"https:\/\/laxvox-institute.eu\/wp-content\/uploads\/2025\/07\/Stephanie_Kruse-LVI-Dozentin-300x300.webp\" alt=\"\" width=\"100\" height=\"100\" srcset=\"https:\/\/laxvox-institute.eu\/wp-content\/uploads\/2025\/07\/Stephanie_Kruse-LVI-Dozentin-300x300.webp 300w, https:\/\/laxvox-institute.eu\/wp-content\/uploads\/2025\/07\/Stephanie_Kruse-LVI-Dozentin-150x150.webp 150w, https:\/\/laxvox-institute.eu\/wp-content\/uploads\/2025\/07\/Stephanie_Kruse-LVI-Dozentin-500x500.webp 500w, https:\/\/laxvox-institute.eu\/wp-content\/uploads\/2025\/07\/Stephanie_Kruse-LVI-Dozentin-157x157.webp 157w, https:\/\/laxvox-institute.eu\/wp-content\/uploads\/2025\/07\/Stephanie_Kruse-LVI-Dozentin-200x200.webp 200w, https:\/\/laxvox-institute.eu\/wp-content\/uploads\/2025\/07\/Stephanie_Kruse-LVI-Dozentin-400x400.webp 400w, https:\/\/laxvox-institute.eu\/wp-content\/uploads\/2025\/07\/Stephanie_Kruse-LVI-Dozentin.webp 531w\" sizes=\"(max-width: 100px) 100vw, 100px\" \/>Stephanie A. Kruse<br \/>\n<\/strong> ist Stimmtherapeutin, S\u00e4ngerin, Vocal Coach, Estill Voice Master Trainerin seit 2014, arbeitet polyvagal informiert und ist die Gr\u00fcnderin und Inhaberin des LAX VOX\u00ae Institutes. Seit \u00fcber 20 Jahren bildet sie Menschen im Bereich Stimme aus \u2013 mit Herz, Humor und jede Menge Fachwissen.<\/p>\n<p>&nbsp;<\/p>\n<h4><\/h4>\n<h4 style=\"color: #1db8dd;\"><strong>\u00dcberblick:<\/strong><\/h4>\n<p><strong>\u2713 2,5 Fortbildungspunkte<\/strong><br \/>\n<strong>\u2713 Zoom live, keine Aufzeichnung<\/strong><br \/>\n<strong>\u2713 Link &amp; Skript nach Zahlungseingang im Kundenkonto<\/strong><br \/>\n<strong>\u2713 Teilnahme per PC\/Laptop empfohlen<\/strong><br \/>\n<strong>\u2713 Kamera an &amp; Klarname erforderlich<\/strong><\/p>\n","protected":false},"excerpt":{"rendered":"<div class=\"icon-text-block\"><i class=\"fa fa-calendar\"><\/i>Dienstag, 10.03.2026<\/div>\n<div class=\"icon-text-block\"><i class=\"fa fa-clock-o\"><\/i>18:00\u201320:00 Uhr<\/div>\n<div class=\"icon-text-block\"><i class=\"fa fa-user-o\"><\/i>Stephanie A. Kruse<\/div>\n<div class=\"icon-text-block\"><i class=\"fa fa-certificate\"><\/i>2,5 Fortbildungspunkte<\/div>\n<div class=\"icon-text-block\"><i class=\"fa fa-laptop\"><\/i>Online via Zoom<\/div>\n<div class=\"icon-text-block\"><i class=\"fa fa-folder-open\"><\/i><strong>Zoom-Link &amp; Handout im Kundenkonto<\/strong><\/div>\n","protected":false},"featured_media":49691,"template":"","meta":[],"product_brand":[],"product_cat":[247,752,767,944],"product_tag":[],"class_list":{"0":"post-55038","1":"product","2":"type-product","3":"status-publish","4":"has-post-thumbnail","6":"product_cat-lax-vox-voice-therapy","7":"product_cat-lax-vox-intense","8":"product_cat-lv-in-der-logopaedie","9":"product_cat-fuer-deine-stimme","10":"description-off","12":"first","13":"instock","14":"virtual","15":"sold-individually","16":"product-type-simple"},"bundled_by":[],"bundle_stock_status":"instock","bundle_stock_quantity":null,"bundle_virtual":false,"bundle_layout":"","bundle_add_to_cart_form_location":"","bundle_editable_in_cart":false,"bundle_sold_individually_context":"","bundle_item_grouping":"","bundle_min_size":"","bundle_max_size":"","bundle_price":[],"bundled_items":[],"bundle_sell_ids":[],"yoast_head":"<!-- This site is optimized with the Yoast SEO plugin v27.5 - https:\/\/yoast.com\/product\/yoast-seo-wordpress\/ -->\n<title>Warm-Up und Einsingen mit dem LAX VOX\u00ae Soundtrack<\/title>\n<meta name=\"description\" content=\"Lerne in diesem Online-Workshop mit Stephanie Kruse, wie du deine Singstimme mit LAX VOX\u00ae und dem LAX VOX Soundtrack gezielt aufw\u00e4rmst und einsingst.\" \/>\n<meta name=\"robots\" content=\"index, follow, max-snippet:-1, max-image-preview:large, max-video-preview:-1\" \/>\n<link rel=\"canonical\" href=\"https:\/\/laxvox-institute.eu\/en\/product\/warm-up-und-einsingen-mit-dem-lax-vox-soundtrack\/\" \/>\n<meta property=\"og:locale\" content=\"en_US\" \/>\n<meta property=\"og:type\" content=\"article\" \/>\n<meta property=\"og:title\" content=\"Warm-Up und Einsingen mit dem LAX VOX\u00ae Soundtrack\" \/>\n<meta property=\"og:description\" content=\"Lerne in diesem Online-Workshop mit Stephanie Kruse, wie du deine Singstimme mit LAX VOX\u00ae und dem LAX VOX Soundtrack gezielt aufw\u00e4rmst und einsingst.\" \/>\n<meta property=\"og:url\" content=\"https:\/\/laxvox-institute.eu\/en\/product\/warm-up-und-einsingen-mit-dem-lax-vox-soundtrack\/\" \/>\n<meta property=\"og:site_name\" content=\"LAX VOX\u00ae Institute by Stephanie A. Kruse\" \/>\n<meta property=\"article:modified_time\" content=\"2026-03-10T16:27:28+00:00\" \/>\n<meta property=\"og:image\" content=\"https:\/\/laxvox-institute.eu\/wp-content\/uploads\/2025\/07\/7-1.png\" \/>\n\t<meta property=\"og:image:width\" content=\"1000\" \/>\n\t<meta property=\"og:image:height\" content=\"1000\" \/>\n\t<meta property=\"og:image:type\" content=\"image\/png\" \/>\n<meta name=\"twitter:card\" content=\"summary_large_image\" \/>\n<meta name=\"twitter:label1\" content=\"Est. reading time\" \/>\n\t<meta name=\"twitter:data1\" content=\"3 minutes\" \/>\n<script type=\"application\/ld+json\" class=\"yoast-schema-graph\">{\"@context\":\"https:\\\/\\\/schema.org\",\"@graph\":[{\"@type\":\"WebPage\",\"@id\":\"https:\\\/\\\/laxvox-institute.eu\\\/en\\\/product\\\/warm-up-und-einsingen-mit-dem-lax-vox-soundtrack\\\/\",\"url\":\"https:\\\/\\\/laxvox-institute.eu\\\/en\\\/product\\\/warm-up-und-einsingen-mit-dem-lax-vox-soundtrack\\\/\",\"name\":\"Warm-Up und Einsingen mit dem LAX VOX\u00ae Soundtrack\",\"isPartOf\":{\"@id\":\"https:\\\/\\\/laxvox-institute.eu\\\/en\\\/#website\"},\"primaryImageOfPage\":{\"@id\":\"https:\\\/\\\/laxvox-institute.eu\\\/en\\\/product\\\/warm-up-und-einsingen-mit-dem-lax-vox-soundtrack\\\/#primaryimage\"},\"image\":{\"@id\":\"https:\\\/\\\/laxvox-institute.eu\\\/en\\\/product\\\/warm-up-und-einsingen-mit-dem-lax-vox-soundtrack\\\/#primaryimage\"},\"thumbnailUrl\":\"https:\\\/\\\/laxvox-institute.eu\\\/wp-content\\\/uploads\\\/2025\\\/07\\\/7-1.png\",\"datePublished\":\"2026-02-11T12:32:05+00:00\",\"dateModified\":\"2026-03-10T16:27:28+00:00\",\"description\":\"Lerne in diesem Online-Workshop mit Stephanie Kruse, wie du deine Singstimme mit LAX VOX\u00ae und dem LAX VOX Soundtrack gezielt aufw\u00e4rmst und einsingst.\",\"breadcrumb\":{\"@id\":\"https:\\\/\\\/laxvox-institute.eu\\\/en\\\/product\\\/warm-up-und-einsingen-mit-dem-lax-vox-soundtrack\\\/#breadcrumb\"},\"inLanguage\":\"en-US\",\"potentialAction\":[{\"@type\":\"ReadAction\",\"target\":[\"https:\\\/\\\/laxvox-institute.eu\\\/en\\\/product\\\/warm-up-und-einsingen-mit-dem-lax-vox-soundtrack\\\/\"]}]},{\"@type\":\"ImageObject\",\"inLanguage\":\"en-US\",\"@id\":\"https:\\\/\\\/laxvox-institute.eu\\\/en\\\/product\\\/warm-up-und-einsingen-mit-dem-lax-vox-soundtrack\\\/#primaryimage\",\"url\":\"https:\\\/\\\/laxvox-institute.eu\\\/wp-content\\\/uploads\\\/2025\\\/07\\\/7-1.png\",\"contentUrl\":\"https:\\\/\\\/laxvox-institute.eu\\\/wp-content\\\/uploads\\\/2025\\\/07\\\/7-1.png\",\"width\":1000,\"height\":1000},{\"@type\":\"BreadcrumbList\",\"@id\":\"https:\\\/\\\/laxvox-institute.eu\\\/en\\\/product\\\/warm-up-und-einsingen-mit-dem-lax-vox-soundtrack\\\/#breadcrumb\",\"itemListElement\":[{\"@type\":\"ListItem\",\"position\":1,\"name\":\"Startseite\",\"item\":\"https:\\\/\\\/laxvox-institute.eu\\\/en\\\/\"},{\"@type\":\"ListItem\",\"position\":2,\"name\":\"Shop\",\"item\":\"https:\\\/\\\/laxvox-institute.eu\\\/en\\\/produkt-archiv\\\/\"},{\"@type\":\"ListItem\",\"position\":3,\"name\":\"Warm-Up und Einsingen mit dem LAX VOX\u00ae Soundtrack\"}]},{\"@type\":\"WebSite\",\"@id\":\"https:\\\/\\\/laxvox-institute.eu\\\/en\\\/#website\",\"url\":\"https:\\\/\\\/laxvox-institute.eu\\\/en\\\/\",\"name\":\"LAX VOX\u00ae Institute by Stephanie A. Kruse\",\"description\":\"Wissen, das hilft! Lerne alles \u00fcber Stimme!\",\"publisher\":{\"@id\":\"https:\\\/\\\/laxvox-institute.eu\\\/en\\\/#organization\"},\"potentialAction\":[{\"@type\":\"SearchAction\",\"target\":{\"@type\":\"EntryPoint\",\"urlTemplate\":\"https:\\\/\\\/laxvox-institute.eu\\\/en\\\/?s={search_term_string}\"},\"query-input\":{\"@type\":\"PropertyValueSpecification\",\"valueRequired\":true,\"valueName\":\"search_term_string\"}}],\"inLanguage\":\"en-US\"},{\"@type\":\"Organization\",\"@id\":\"https:\\\/\\\/laxvox-institute.eu\\\/en\\\/#organization\",\"name\":\"LAX VOX\u00ae Institute by Stephanie A. Kruse\",\"url\":\"https:\\\/\\\/laxvox-institute.eu\\\/en\\\/\",\"logo\":{\"@type\":\"ImageObject\",\"inLanguage\":\"en-US\",\"@id\":\"https:\\\/\\\/laxvox-institute.eu\\\/en\\\/#\\\/schema\\\/logo\\\/image\\\/\",\"url\":\"https:\\\/\\\/laxvox-institute.eu\\\/wp-content\\\/uploads\\\/2021\\\/01\\\/LANDINGPAGE_200px_INSTITUTE.webp\",\"contentUrl\":\"https:\\\/\\\/laxvox-institute.eu\\\/wp-content\\\/uploads\\\/2021\\\/01\\\/LANDINGPAGE_200px_INSTITUTE.webp\",\"width\":200,\"height\":65,\"caption\":\"LAX VOX\u00ae Institute by Stephanie A. Kruse\"},\"image\":{\"@id\":\"https:\\\/\\\/laxvox-institute.eu\\\/en\\\/#\\\/schema\\\/logo\\\/image\\\/\"},\"sameAs\":[\"https:\\\/\\\/www.instagram.com\\\/laxvox_official\\\/\"]}]}<\/script>\n<!-- \/ Yoast SEO plugin. -->","yoast_head_json":{"title":"Warm-Up und Einsingen mit dem LAX VOX\u00ae Soundtrack","description":"Lerne in diesem Online-Workshop mit Stephanie Kruse, wie du deine Singstimme mit LAX VOX\u00ae und dem LAX VOX Soundtrack gezielt aufw\u00e4rmst und einsingst.","robots":{"index":"index","follow":"follow","max-snippet":"max-snippet:-1","max-image-preview":"max-image-preview:large","max-video-preview":"max-video-preview:-1"},"canonical":"https:\/\/laxvox-institute.eu\/en\/product\/warm-up-und-einsingen-mit-dem-lax-vox-soundtrack\/","og_locale":"en_US","og_type":"article","og_title":"Warm-Up und Einsingen mit dem LAX VOX\u00ae Soundtrack","og_description":"Lerne in diesem Online-Workshop mit Stephanie Kruse, wie du deine Singstimme mit LAX VOX\u00ae und dem LAX VOX Soundtrack gezielt aufw\u00e4rmst und einsingst.","og_url":"https:\/\/laxvox-institute.eu\/en\/product\/warm-up-und-einsingen-mit-dem-lax-vox-soundtrack\/","og_site_name":"LAX VOX\u00ae Institute by Stephanie A. Kruse","article_modified_time":"2026-03-10T16:27:28+00:00","og_image":[{"width":1000,"height":1000,"url":"https:\/\/laxvox-institute.eu\/wp-content\/uploads\/2025\/07\/7-1.png","type":"image\/png"}],"twitter_card":"summary_large_image","twitter_misc":{"Est. reading time":"3 minutes"},"schema":{"@context":"https:\/\/schema.org","@graph":[{"@type":"WebPage","@id":"https:\/\/laxvox-institute.eu\/en\/product\/warm-up-und-einsingen-mit-dem-lax-vox-soundtrack\/","url":"https:\/\/laxvox-institute.eu\/en\/product\/warm-up-und-einsingen-mit-dem-lax-vox-soundtrack\/","name":"Warm-Up und Einsingen mit dem LAX VOX\u00ae Soundtrack","isPartOf":{"@id":"https:\/\/laxvox-institute.eu\/en\/#website"},"primaryImageOfPage":{"@id":"https:\/\/laxvox-institute.eu\/en\/product\/warm-up-und-einsingen-mit-dem-lax-vox-soundtrack\/#primaryimage"},"image":{"@id":"https:\/\/laxvox-institute.eu\/en\/product\/warm-up-und-einsingen-mit-dem-lax-vox-soundtrack\/#primaryimage"},"thumbnailUrl":"https:\/\/laxvox-institute.eu\/wp-content\/uploads\/2025\/07\/7-1.png","datePublished":"2026-02-11T12:32:05+00:00","dateModified":"2026-03-10T16:27:28+00:00","description":"Lerne in diesem Online-Workshop mit Stephanie Kruse, wie du deine Singstimme mit LAX VOX\u00ae und dem LAX VOX Soundtrack gezielt aufw\u00e4rmst und einsingst.","breadcrumb":{"@id":"https:\/\/laxvox-institute.eu\/en\/product\/warm-up-und-einsingen-mit-dem-lax-vox-soundtrack\/#breadcrumb"},"inLanguage":"en-US","potentialAction":[{"@type":"ReadAction","target":["https:\/\/laxvox-institute.eu\/en\/product\/warm-up-und-einsingen-mit-dem-lax-vox-soundtrack\/"]}]},{"@type":"ImageObject","inLanguage":"en-US","@id":"https:\/\/laxvox-institute.eu\/en\/product\/warm-up-und-einsingen-mit-dem-lax-vox-soundtrack\/#primaryimage","url":"https:\/\/laxvox-institute.eu\/wp-content\/uploads\/2025\/07\/7-1.png","contentUrl":"https:\/\/laxvox-institute.eu\/wp-content\/uploads\/2025\/07\/7-1.png","width":1000,"height":1000},{"@type":"BreadcrumbList","@id":"https:\/\/laxvox-institute.eu\/en\/product\/warm-up-und-einsingen-mit-dem-lax-vox-soundtrack\/#breadcrumb","itemListElement":[{"@type":"ListItem","position":1,"name":"Startseite","item":"https:\/\/laxvox-institute.eu\/en\/"},{"@type":"ListItem","position":2,"name":"Shop","item":"https:\/\/laxvox-institute.eu\/en\/produkt-archiv\/"},{"@type":"ListItem","position":3,"name":"Warm-Up und Einsingen mit dem LAX VOX\u00ae Soundtrack"}]},{"@type":"WebSite","@id":"https:\/\/laxvox-institute.eu\/en\/#website","url":"https:\/\/laxvox-institute.eu\/en\/","name":"LAX VOX\u00ae Institute by Stephanie A. Kruse","description":"Wissen, das hilft! Lerne alles \u00fcber Stimme!","publisher":{"@id":"https:\/\/laxvox-institute.eu\/en\/#organization"},"potentialAction":[{"@type":"SearchAction","target":{"@type":"EntryPoint","urlTemplate":"https:\/\/laxvox-institute.eu\/en\/?s={search_term_string}"},"query-input":{"@type":"PropertyValueSpecification","valueRequired":true,"valueName":"search_term_string"}}],"inLanguage":"en-US"},{"@type":"Organization","@id":"https:\/\/laxvox-institute.eu\/en\/#organization","name":"LAX VOX\u00ae Institute by Stephanie A. Kruse","url":"https:\/\/laxvox-institute.eu\/en\/","logo":{"@type":"ImageObject","inLanguage":"en-US","@id":"https:\/\/laxvox-institute.eu\/en\/#\/schema\/logo\/image\/","url":"https:\/\/laxvox-institute.eu\/wp-content\/uploads\/2021\/01\/LANDINGPAGE_200px_INSTITUTE.webp","contentUrl":"https:\/\/laxvox-institute.eu\/wp-content\/uploads\/2021\/01\/LANDINGPAGE_200px_INSTITUTE.webp","width":200,"height":65,"caption":"LAX VOX\u00ae Institute by Stephanie A. Kruse"},"image":{"@id":"https:\/\/laxvox-institute.eu\/en\/#\/schema\/logo\/image\/"},"sameAs":["https:\/\/www.instagram.com\/laxvox_official\/"]}]}},"_links":{"self":[{"href":"https:\/\/laxvox-institute.eu\/en\/wp-json\/wp\/v2\/product\/55038","targetHints":{"allow":["GET"]}}],"collection":[{"href":"https:\/\/laxvox-institute.eu\/en\/wp-json\/wp\/v2\/product"}],"about":[{"href":"https:\/\/laxvox-institute.eu\/en\/wp-json\/wp\/v2\/types\/product"}],"wp:featuredmedia":[{"embeddable":true,"href":"https:\/\/laxvox-institute.eu\/en\/wp-json\/wp\/v2\/media\/49691"}],"wp:attachment":[{"href":"https:\/\/laxvox-institute.eu\/en\/wp-json\/wp\/v2\/media?parent=55038"}],"wp:term":[{"taxonomy":"product_brand","embeddable":true,"href":"https:\/\/laxvox-institute.eu\/en\/wp-json\/wp\/v2\/product_brand?post=55038"},{"taxonomy":"product_cat","embeddable":true,"href":"https:\/\/laxvox-institute.eu\/en\/wp-json\/wp\/v2\/product_cat?post=55038"},{"taxonomy":"product_tag","embeddable":true,"href":"https:\/\/laxvox-institute.eu\/en\/wp-json\/wp\/v2\/product_tag?post=55038"}],"curies":[{"name":"wp","href":"https:\/\/api.w.org\/{rel}","templated":true}]}}