{"id":55051,"date":"2026-02-11T14:24:40","date_gmt":"2026-02-11T13:24:40","guid":{"rendered":"https:\/\/laxvox-institute.eu\/?post_type=product&#038;p=55051"},"modified":"2026-03-24T11:34:27","modified_gmt":"2026-03-24T10:34:27","slug":"nutze-die-lax-vox-visuals-in-der-stimmtherapie","status":"publish","type":"product","link":"https:\/\/laxvox-institute.eu\/en\/product\/nutze-die-lax-vox-visuals-in-der-stimmtherapie\/","title":{"rendered":"Nutze die LAX VOX\u00ae Visuals in der Stimmtherapie"},"content":{"rendered":"<h3><strong><span style=\"color: #1db8dd;\">Mit den LAX VOX\u00ae Visuals Stimmtherapie anschaulich, verst\u00e4ndlich und wirksam gestalten<\/span><\/strong><\/h3>\n<p>In diesem Online-Workshop zeigt dir Stimmtherapeutin Stephanie Kruse, wie du das \u00dcbungsmaterial <a href=\"https:\/\/shop.laxvox.de\/de\/product_info.php?info=p110_lax-vox---visuals---inkl--lax-vox---einstellungsoptionen.html\"><strong>LAX VOX\u00ae Visuals<\/strong> <\/a>gezielt in der Stimmtherapie einsetzt. Du lernst konkrete \u00dcbungen mit LAX VOX\u00ae kennen, die im Buch grafisch vereinfacht dargestellt sind und Patient*innen dabei helfen, Stimmfunktionen besser zu verstehen und \u00dcbungen sicher umzusetzen. Durch das visuelle Nachvollziehen und das Mitfahren der Grafiken mit den Fingern werden komplexe Abl\u00e4ufe greifbar und k\u00f6rperlich erfahrbar.<\/p>\n<p>Die Kombination aus visueller Darstellung und praktischer LAX VOX\u00ae Arbeit unterst\u00fctzt das motorische Lernen und f\u00f6rdert das Muskelged\u00e4chtnis. So k\u00f6nnen Patient*innen \u00dcbungen schneller erfassen, ausf\u00fchren und eigenst\u00e4ndig abrufen. Das erleichtert Transfer, Nachhaltigkeit und Therapieerfolg.<\/p>\n<p><strong>Sehen. Nachvollziehen. Sp\u00fcrbar umsetzen.<\/strong><\/p>\n<div class=\"gap\" style=\"line-height: 10px; height: 10px;\"><\/div>\n<h4><strong><span style=\"color: #1db8dd;\">Du lernst<\/span><\/strong><\/h4>\n<ul style=\"list-style: none; padding-left: 0;\">\n<li>\u2714 <strong>LAX VOX\u00ae Visuals verstehen und anwenden:<\/strong> So nutzt du die Grafiken gezielt in deiner Stimmtherapie<\/li>\n<li>\u2714 <strong>\u00dcbungen, die sichtbar wirken:<\/strong> Konkrete LAX VOX\u00ae \u00dcbungen mit passenden Visuals \u2013 sofort einsetzbar<\/li>\n<li>\u2714 <strong>Stimmfunktionen begreifbar machen:<\/strong> Patient*innen sehen, f\u00fchlen und verstehen, was sie tun<\/li>\n<li>\u2714 <strong>Mehr Therapieerfolg durch visuelles Lernen:<\/strong> Schnellere Umsetzung, bessere Eigenwahrnehmung, nachhaltigere Ergebnisse<\/li>\n<li>\u2714 <strong>Direkt f\u00fcr deine Praxis:<\/strong> Klar strukturierte Impulse f\u00fcr Logop\u00e4die und Stimmtherapie<\/li>\n<\/ul>\n<p><strong>Mit fundiertem Hintergrundwissen, anschaulichen Materialien und direkt umsetzbaren \u00dcbungen f\u00fcr deine therapeutische Praxis.<\/strong><\/p>\n<div class=\"gap\" style=\"line-height: 10px; height: 10px;\"><\/div>\n<h4 style=\"color: #1db8dd;\"><strong>Material:<\/strong><\/h4>\n<p>Du brauchst einen originalen LAX VOX\u00ae-Schlauch und eine 0,5-l-Flasche mit Wasser.<\/p>\n<div class=\"gap\" style=\"line-height: 10px; height: 10px;\"><\/div>\n<h4 style=\"color: #1db8dd;\"><strong>Zielgruppe:<\/strong><\/h4>\n<p>F\u00fcr Logop\u00e4d*innen und Stimmtherapeut*innen, die neues Material und konkrete \u00dcbungen mit LAX VOX\u00ae lernen m\u00f6chten.<\/p>\n<div class=\"gap\" style=\"line-height: 10px; height: 10px;\"><\/div>\n<h4 style=\"color: #1db8dd;\"><strong>Deine Dozentin:<\/strong><\/h4>\n<p><img decoding=\"async\" class=\"alignleft wp-image-49711\" src=\"https:\/\/laxvox-institute.eu\/wp-content\/uploads\/2025\/07\/Stephanie_Kruse-LVI-Dozentin-300x300.webp\" alt=\"Stephanie A. Kruse\" width=\"100\" height=\"100\" srcset=\"https:\/\/laxvox-institute.eu\/wp-content\/uploads\/2025\/07\/Stephanie_Kruse-LVI-Dozentin-300x300.webp 300w, https:\/\/laxvox-institute.eu\/wp-content\/uploads\/2025\/07\/Stephanie_Kruse-LVI-Dozentin-150x150.webp 150w, https:\/\/laxvox-institute.eu\/wp-content\/uploads\/2025\/07\/Stephanie_Kruse-LVI-Dozentin-500x500.webp 500w, https:\/\/laxvox-institute.eu\/wp-content\/uploads\/2025\/07\/Stephanie_Kruse-LVI-Dozentin-157x157.webp 157w, https:\/\/laxvox-institute.eu\/wp-content\/uploads\/2025\/07\/Stephanie_Kruse-LVI-Dozentin-200x200.webp 200w, https:\/\/laxvox-institute.eu\/wp-content\/uploads\/2025\/07\/Stephanie_Kruse-LVI-Dozentin-400x400.webp 400w, https:\/\/laxvox-institute.eu\/wp-content\/uploads\/2025\/07\/Stephanie_Kruse-LVI-Dozentin.webp 531w\" sizes=\"(max-width: 100px) 100vw, 100px\" \/><br \/>\n<strong>Stephanie A. Kruse<\/strong> ist Stimmtherapeutin, S\u00e4ngerin, Vocal Coach, Estill Voice Master Trainerin seit 2014, arbeitet polyvagal informiert und ist die Gr\u00fcnderin und Inhaberin des LAX VOX\u00ae Institutes. Seit \u00fcber 20 Jahren bildet sie Menschen im Bereich Stimme aus \u2013 mit Herz, Humor und jede Menge Fachwissen.<\/p>\n<div><\/div>\n","protected":false},"excerpt":{"rendered":"<div class=\"icon-text-block\"><i class=\"fa fa-calendar\"><\/i>Dienstag, 24.03.2026<\/div>\n<div class=\"icon-text-block\"><i class=\"fa fa-clock-o\"><\/i>18:00\u201320:00 Uhr<\/div>\n<div class=\"icon-text-block\"><i class=\"fa fa-user-o\"><\/i>Stephanie A. Kruse<\/div>\n<div class=\"icon-text-block\"><i class=\"fa fa-certificate\"><\/i>2,5 Fortbildungspunkte<\/div>\n<div class=\"icon-text-block\"><i class=\"fa fa-laptop\"><\/i>Online via Zoom<\/div>\n<div class=\"icon-text-block\"><i class=\"fa fa-folder-open\"><\/i><strong>Zoom-Link &amp; Handout im Kundenkonto<\/strong><\/div>\n","protected":false},"featured_media":43426,"template":"","meta":[],"product_brand":[],"product_cat":[944,247,752,767],"product_tag":[],"class_list":{"0":"post-55051","1":"product","2":"type-product","3":"status-publish","4":"has-post-thumbnail","6":"product_cat-fuer-deine-stimme","7":"product_cat-lax-vox-voice-therapy","8":"product_cat-lax-vox-intense","9":"product_cat-lv-in-der-logopaedie","10":"description-off","12":"first","13":"instock","14":"virtual","15":"sold-individually","16":"purchasable","17":"product-type-simple"},"bundled_by":[],"bundle_stock_status":"instock","bundle_stock_quantity":null,"bundle_virtual":false,"bundle_layout":"","bundle_add_to_cart_form_location":"","bundle_editable_in_cart":false,"bundle_sold_individually_context":"","bundle_item_grouping":"","bundle_min_size":"","bundle_max_size":"","bundle_price":[],"bundled_items":[],"bundle_sell_ids":[],"yoast_head":"<!-- This site is optimized with the Yoast SEO plugin v27.4 - https:\/\/yoast.com\/product\/yoast-seo-wordpress\/ -->\n<title>Nutze die LAX VOX\u00ae Visuals in der Stimmtherapie<\/title>\n<meta name=\"description\" content=\"Lerne in dieser Online-Fortbildung mit Stephanie Kruse, wie du LAX VOX\u00ae\ufe0f und das \u00dcbungs-Material LAX VOX Visuals gezielt in der Stimmtherapie anwendest.\" \/>\n<meta name=\"robots\" content=\"index, follow, max-snippet:-1, max-image-preview:large, max-video-preview:-1\" \/>\n<link rel=\"canonical\" href=\"https:\/\/laxvox-institute.eu\/en\/product\/nutze-die-lax-vox-visuals-in-der-stimmtherapie\/\" \/>\n<meta property=\"og:locale\" content=\"en_US\" \/>\n<meta property=\"og:type\" content=\"article\" \/>\n<meta property=\"og:title\" content=\"Nutze die LAX VOX\u00ae Visuals in der Stimmtherapie\" \/>\n<meta property=\"og:description\" content=\"Lerne in dieser Online-Fortbildung mit Stephanie Kruse, wie du LAX VOX\u00ae\ufe0f und das \u00dcbungs-Material LAX VOX Visuals gezielt in der Stimmtherapie anwendest.\" \/>\n<meta property=\"og:url\" content=\"https:\/\/laxvox-institute.eu\/en\/product\/nutze-die-lax-vox-visuals-in-der-stimmtherapie\/\" \/>\n<meta property=\"og:site_name\" content=\"LAX VOX\u00ae Institute by Stephanie A. Kruse\" \/>\n<meta property=\"article:modified_time\" content=\"2026-03-24T10:34:27+00:00\" \/>\n<meta property=\"og:image\" content=\"https:\/\/laxvox-institute.eu\/wp-content\/uploads\/2024\/05\/Bildschirmfoto-2024-05-05-um-13.22.58.webp\" \/>\n\t<meta property=\"og:image:width\" content=\"1494\" \/>\n\t<meta property=\"og:image:height\" content=\"1692\" \/>\n\t<meta property=\"og:image:type\" content=\"image\/webp\" \/>\n<meta name=\"twitter:card\" content=\"summary_large_image\" \/>\n<meta name=\"twitter:label1\" content=\"Est. reading time\" \/>\n\t<meta name=\"twitter:data1\" content=\"2 minutes\" \/>\n<script type=\"application\/ld+json\" class=\"yoast-schema-graph\">{\"@context\":\"https:\\\/\\\/schema.org\",\"@graph\":[{\"@type\":\"WebPage\",\"@id\":\"https:\\\/\\\/laxvox-institute.eu\\\/en\\\/product\\\/nutze-die-lax-vox-visuals-in-der-stimmtherapie\\\/\",\"url\":\"https:\\\/\\\/laxvox-institute.eu\\\/en\\\/product\\\/nutze-die-lax-vox-visuals-in-der-stimmtherapie\\\/\",\"name\":\"Nutze die LAX VOX\u00ae Visuals in der Stimmtherapie\",\"isPartOf\":{\"@id\":\"https:\\\/\\\/laxvox-institute.eu\\\/en\\\/#website\"},\"primaryImageOfPage\":{\"@id\":\"https:\\\/\\\/laxvox-institute.eu\\\/en\\\/product\\\/nutze-die-lax-vox-visuals-in-der-stimmtherapie\\\/#primaryimage\"},\"image\":{\"@id\":\"https:\\\/\\\/laxvox-institute.eu\\\/en\\\/product\\\/nutze-die-lax-vox-visuals-in-der-stimmtherapie\\\/#primaryimage\"},\"thumbnailUrl\":\"https:\\\/\\\/laxvox-institute.eu\\\/wp-content\\\/uploads\\\/2024\\\/05\\\/Bildschirmfoto-2024-05-05-um-13.22.58.webp\",\"datePublished\":\"2026-02-11T13:24:40+00:00\",\"dateModified\":\"2026-03-24T10:34:27+00:00\",\"description\":\"Lerne in dieser Online-Fortbildung mit Stephanie Kruse, wie du LAX VOX\u00ae\ufe0f und das \u00dcbungs-Material LAX VOX Visuals gezielt in der Stimmtherapie anwendest.\",\"breadcrumb\":{\"@id\":\"https:\\\/\\\/laxvox-institute.eu\\\/en\\\/product\\\/nutze-die-lax-vox-visuals-in-der-stimmtherapie\\\/#breadcrumb\"},\"inLanguage\":\"en-US\",\"potentialAction\":[{\"@type\":\"ReadAction\",\"target\":[\"https:\\\/\\\/laxvox-institute.eu\\\/en\\\/product\\\/nutze-die-lax-vox-visuals-in-der-stimmtherapie\\\/\"]}]},{\"@type\":\"ImageObject\",\"inLanguage\":\"en-US\",\"@id\":\"https:\\\/\\\/laxvox-institute.eu\\\/en\\\/product\\\/nutze-die-lax-vox-visuals-in-der-stimmtherapie\\\/#primaryimage\",\"url\":\"https:\\\/\\\/laxvox-institute.eu\\\/wp-content\\\/uploads\\\/2024\\\/05\\\/Bildschirmfoto-2024-05-05-um-13.22.58.webp\",\"contentUrl\":\"https:\\\/\\\/laxvox-institute.eu\\\/wp-content\\\/uploads\\\/2024\\\/05\\\/Bildschirmfoto-2024-05-05-um-13.22.58.webp\",\"width\":1494,\"height\":1692},{\"@type\":\"BreadcrumbList\",\"@id\":\"https:\\\/\\\/laxvox-institute.eu\\\/en\\\/product\\\/nutze-die-lax-vox-visuals-in-der-stimmtherapie\\\/#breadcrumb\",\"itemListElement\":[{\"@type\":\"ListItem\",\"position\":1,\"name\":\"Startseite\",\"item\":\"https:\\\/\\\/laxvox-institute.eu\\\/en\\\/\"},{\"@type\":\"ListItem\",\"position\":2,\"name\":\"Shop\",\"item\":\"https:\\\/\\\/laxvox-institute.eu\\\/en\\\/produkt-archiv\\\/\"},{\"@type\":\"ListItem\",\"position\":3,\"name\":\"Nutze die LAX VOX\u00ae Visuals in der Stimmtherapie\"}]},{\"@type\":\"WebSite\",\"@id\":\"https:\\\/\\\/laxvox-institute.eu\\\/en\\\/#website\",\"url\":\"https:\\\/\\\/laxvox-institute.eu\\\/en\\\/\",\"name\":\"LAX VOX\u00ae Institute by Stephanie A. Kruse\",\"description\":\"Wissen, das hilft! Lerne alles \u00fcber Stimme!\",\"publisher\":{\"@id\":\"https:\\\/\\\/laxvox-institute.eu\\\/en\\\/#organization\"},\"potentialAction\":[{\"@type\":\"SearchAction\",\"target\":{\"@type\":\"EntryPoint\",\"urlTemplate\":\"https:\\\/\\\/laxvox-institute.eu\\\/en\\\/?s={search_term_string}\"},\"query-input\":{\"@type\":\"PropertyValueSpecification\",\"valueRequired\":true,\"valueName\":\"search_term_string\"}}],\"inLanguage\":\"en-US\"},{\"@type\":\"Organization\",\"@id\":\"https:\\\/\\\/laxvox-institute.eu\\\/en\\\/#organization\",\"name\":\"LAX VOX\u00ae Institute by Stephanie A. Kruse\",\"url\":\"https:\\\/\\\/laxvox-institute.eu\\\/en\\\/\",\"logo\":{\"@type\":\"ImageObject\",\"inLanguage\":\"en-US\",\"@id\":\"https:\\\/\\\/laxvox-institute.eu\\\/en\\\/#\\\/schema\\\/logo\\\/image\\\/\",\"url\":\"https:\\\/\\\/laxvox-institute.eu\\\/wp-content\\\/uploads\\\/2021\\\/01\\\/LANDINGPAGE_200px_INSTITUTE.webp\",\"contentUrl\":\"https:\\\/\\\/laxvox-institute.eu\\\/wp-content\\\/uploads\\\/2021\\\/01\\\/LANDINGPAGE_200px_INSTITUTE.webp\",\"width\":200,\"height\":65,\"caption\":\"LAX VOX\u00ae Institute by Stephanie A. Kruse\"},\"image\":{\"@id\":\"https:\\\/\\\/laxvox-institute.eu\\\/en\\\/#\\\/schema\\\/logo\\\/image\\\/\"},\"sameAs\":[\"https:\\\/\\\/www.instagram.com\\\/laxvox_official\\\/\"]}]}<\/script>\n<!-- \/ Yoast SEO plugin. -->","yoast_head_json":{"title":"Nutze die LAX VOX\u00ae Visuals in der Stimmtherapie","description":"Lerne in dieser Online-Fortbildung mit Stephanie Kruse, wie du LAX VOX\u00ae\ufe0f und das \u00dcbungs-Material LAX VOX Visuals gezielt in der Stimmtherapie anwendest.","robots":{"index":"index","follow":"follow","max-snippet":"max-snippet:-1","max-image-preview":"max-image-preview:large","max-video-preview":"max-video-preview:-1"},"canonical":"https:\/\/laxvox-institute.eu\/en\/product\/nutze-die-lax-vox-visuals-in-der-stimmtherapie\/","og_locale":"en_US","og_type":"article","og_title":"Nutze die LAX VOX\u00ae Visuals in der Stimmtherapie","og_description":"Lerne in dieser Online-Fortbildung mit Stephanie Kruse, wie du LAX VOX\u00ae\ufe0f und das \u00dcbungs-Material LAX VOX Visuals gezielt in der Stimmtherapie anwendest.","og_url":"https:\/\/laxvox-institute.eu\/en\/product\/nutze-die-lax-vox-visuals-in-der-stimmtherapie\/","og_site_name":"LAX VOX\u00ae Institute by Stephanie A. Kruse","article_modified_time":"2026-03-24T10:34:27+00:00","og_image":[{"width":1494,"height":1692,"url":"https:\/\/laxvox-institute.eu\/wp-content\/uploads\/2024\/05\/Bildschirmfoto-2024-05-05-um-13.22.58.webp","type":"image\/webp"}],"twitter_card":"summary_large_image","twitter_misc":{"Est. reading time":"2 minutes"},"schema":{"@context":"https:\/\/schema.org","@graph":[{"@type":"WebPage","@id":"https:\/\/laxvox-institute.eu\/en\/product\/nutze-die-lax-vox-visuals-in-der-stimmtherapie\/","url":"https:\/\/laxvox-institute.eu\/en\/product\/nutze-die-lax-vox-visuals-in-der-stimmtherapie\/","name":"Nutze die LAX VOX\u00ae Visuals in der Stimmtherapie","isPartOf":{"@id":"https:\/\/laxvox-institute.eu\/en\/#website"},"primaryImageOfPage":{"@id":"https:\/\/laxvox-institute.eu\/en\/product\/nutze-die-lax-vox-visuals-in-der-stimmtherapie\/#primaryimage"},"image":{"@id":"https:\/\/laxvox-institute.eu\/en\/product\/nutze-die-lax-vox-visuals-in-der-stimmtherapie\/#primaryimage"},"thumbnailUrl":"https:\/\/laxvox-institute.eu\/wp-content\/uploads\/2024\/05\/Bildschirmfoto-2024-05-05-um-13.22.58.webp","datePublished":"2026-02-11T13:24:40+00:00","dateModified":"2026-03-24T10:34:27+00:00","description":"Lerne in dieser Online-Fortbildung mit Stephanie Kruse, wie du LAX VOX\u00ae\ufe0f und das \u00dcbungs-Material LAX VOX Visuals gezielt in der Stimmtherapie anwendest.","breadcrumb":{"@id":"https:\/\/laxvox-institute.eu\/en\/product\/nutze-die-lax-vox-visuals-in-der-stimmtherapie\/#breadcrumb"},"inLanguage":"en-US","potentialAction":[{"@type":"ReadAction","target":["https:\/\/laxvox-institute.eu\/en\/product\/nutze-die-lax-vox-visuals-in-der-stimmtherapie\/"]}]},{"@type":"ImageObject","inLanguage":"en-US","@id":"https:\/\/laxvox-institute.eu\/en\/product\/nutze-die-lax-vox-visuals-in-der-stimmtherapie\/#primaryimage","url":"https:\/\/laxvox-institute.eu\/wp-content\/uploads\/2024\/05\/Bildschirmfoto-2024-05-05-um-13.22.58.webp","contentUrl":"https:\/\/laxvox-institute.eu\/wp-content\/uploads\/2024\/05\/Bildschirmfoto-2024-05-05-um-13.22.58.webp","width":1494,"height":1692},{"@type":"BreadcrumbList","@id":"https:\/\/laxvox-institute.eu\/en\/product\/nutze-die-lax-vox-visuals-in-der-stimmtherapie\/#breadcrumb","itemListElement":[{"@type":"ListItem","position":1,"name":"Startseite","item":"https:\/\/laxvox-institute.eu\/en\/"},{"@type":"ListItem","position":2,"name":"Shop","item":"https:\/\/laxvox-institute.eu\/en\/produkt-archiv\/"},{"@type":"ListItem","position":3,"name":"Nutze die LAX VOX\u00ae Visuals in der Stimmtherapie"}]},{"@type":"WebSite","@id":"https:\/\/laxvox-institute.eu\/en\/#website","url":"https:\/\/laxvox-institute.eu\/en\/","name":"LAX VOX\u00ae Institute by Stephanie A. Kruse","description":"Wissen, das hilft! Lerne alles \u00fcber Stimme!","publisher":{"@id":"https:\/\/laxvox-institute.eu\/en\/#organization"},"potentialAction":[{"@type":"SearchAction","target":{"@type":"EntryPoint","urlTemplate":"https:\/\/laxvox-institute.eu\/en\/?s={search_term_string}"},"query-input":{"@type":"PropertyValueSpecification","valueRequired":true,"valueName":"search_term_string"}}],"inLanguage":"en-US"},{"@type":"Organization","@id":"https:\/\/laxvox-institute.eu\/en\/#organization","name":"LAX VOX\u00ae Institute by Stephanie A. Kruse","url":"https:\/\/laxvox-institute.eu\/en\/","logo":{"@type":"ImageObject","inLanguage":"en-US","@id":"https:\/\/laxvox-institute.eu\/en\/#\/schema\/logo\/image\/","url":"https:\/\/laxvox-institute.eu\/wp-content\/uploads\/2021\/01\/LANDINGPAGE_200px_INSTITUTE.webp","contentUrl":"https:\/\/laxvox-institute.eu\/wp-content\/uploads\/2021\/01\/LANDINGPAGE_200px_INSTITUTE.webp","width":200,"height":65,"caption":"LAX VOX\u00ae Institute by Stephanie A. Kruse"},"image":{"@id":"https:\/\/laxvox-institute.eu\/en\/#\/schema\/logo\/image\/"},"sameAs":["https:\/\/www.instagram.com\/laxvox_official\/"]}]}},"_links":{"self":[{"href":"https:\/\/laxvox-institute.eu\/en\/wp-json\/wp\/v2\/product\/55051","targetHints":{"allow":["GET"]}}],"collection":[{"href":"https:\/\/laxvox-institute.eu\/en\/wp-json\/wp\/v2\/product"}],"about":[{"href":"https:\/\/laxvox-institute.eu\/en\/wp-json\/wp\/v2\/types\/product"}],"wp:featuredmedia":[{"embeddable":true,"href":"https:\/\/laxvox-institute.eu\/en\/wp-json\/wp\/v2\/media\/43426"}],"wp:attachment":[{"href":"https:\/\/laxvox-institute.eu\/en\/wp-json\/wp\/v2\/media?parent=55051"}],"wp:term":[{"taxonomy":"product_brand","embeddable":true,"href":"https:\/\/laxvox-institute.eu\/en\/wp-json\/wp\/v2\/product_brand?post=55051"},{"taxonomy":"product_cat","embeddable":true,"href":"https:\/\/laxvox-institute.eu\/en\/wp-json\/wp\/v2\/product_cat?post=55051"},{"taxonomy":"product_tag","embeddable":true,"href":"https:\/\/laxvox-institute.eu\/en\/wp-json\/wp\/v2\/product_tag?post=55051"}],"curies":[{"name":"wp","href":"https:\/\/api.w.org\/{rel}","templated":true}]}}