{"id":55060,"date":"2026-02-11T15:41:29","date_gmt":"2026-02-11T14:41:29","guid":{"rendered":"https:\/\/laxvox-institute.eu\/?post_type=product&#038;p=55060"},"modified":"2026-04-14T18:40:03","modified_gmt":"2026-04-14T16:40:03","slug":"allergie-symptome-lindern-mit-lax-vox","status":"publish","type":"product","link":"https:\/\/laxvox-institute.eu\/en\/product\/allergie-symptome-lindern-mit-lax-vox\/","title":{"rendered":"Allergie-Symptome lindern mit LAX VOX\u00ae"},"content":{"rendered":"<h3><strong><span style=\"color: #1db8dd;\">Mit gezielten \u00dcbungen Allergie-Symptome\u00a0<\/span><span style=\"color: #1db8dd;\"><span style=\"caret-color: #1db8dd;\">lindern<\/span><\/span><\/strong><\/h3>\n<p>Deine Stimme ist in der Allergiesaison st\u00e4ndig belegt, der Hals kratzt und deine Nase ist verstopft? F\u00fchlst du dich wie erk\u00e4ltet, obwohl \u201enur\u201c die Allergie dahintersteckt \u2013 und deine Stimme ist im Alltag nicht belastbar?<\/p>\n<p>In diesem Workshop lernst du, wie du deine Stimme in der Allergie-Zeit gezielt entlastest und schonend von st\u00f6renden Beschwerden befreist \u2013 mit einfachen \u00dcbungen, die sofort sp\u00fcrbar wirken. Lass dich \u00fcberraschen: Selbst beim Dauer-Schnupfen kann LAX VOX\u00ae deine Stimme stabilisieren<\/p>\n<p><strong>Schleim l\u00f6sen. Stimme stabilisieren. Endlich wieder frei atmen.<\/strong><\/p>\n<div class=\"gap\" style=\"line-height: 10px; height: 10px;\"><\/div>\n<h4><strong><span style=\"color: #1db8dd;\">Du lernst<\/span><\/strong><\/h4>\n<ul style=\"list-style: none; padding-left: 0;\">\n<li>\u2714 <strong>Allergie verstehen:<\/strong> So reagieren Schleimh\u00e4ute, Atmung und Stimme<\/li>\n<li>\u2714 <strong>Pr\u00e4ventiv und akut handeln:<\/strong> Leichte \u00dcbungen, um allergischen Symptomen gezielt entgegenzuwirken<\/li>\n<li>\u2714 <strong>Klare Stimme trotz Schleim:<\/strong> Techniken zur Schleiml\u00f6sung und Stimmstabilisierung<\/li>\n<li>\u2714 <strong>LAX VOX\u00ae gezielt einsetzen:<\/strong> Zur Regulation, Entlastung und Pflege deiner Stimme<\/li>\n<li>\u2714 <strong>Sofort sp\u00fcrbare Wirkung:<\/strong> Du merkst den Unterschied direkt<\/li>\n<\/ul>\n<p><strong>Mit fundiertem Know-how, alltagstauglichen \u00dcbungen und einer Portion Leichtigkeit.<\/strong><\/p>\n<div class=\"gap\" style=\"line-height: 10px; height: 10px;\"><\/div>\n<h4 style=\"color: #1db8dd;\"><strong>Material:<\/strong><\/h4>\n<p>Du brauchst zwei originale LAX VOX\u00ae-Schl\u00e4uche und eine 0,5-l-Flasche mit Wasser.<br \/>\n<div class=\"gap\" style=\"line-height: 10px; height: 10px;\"><\/div><\/p>\n<h4 style=\"color: #1db8dd;\"><strong>Zielgruppe:<\/strong><\/h4>\n<p>F\u00fcr alle, deren Stimme durch Allergien betroffen ist, und f\u00fcr jene, die lernen m\u00f6chten, den Stimmapparat bei entsprechenden Symptomen gezielt zu befreien \u2013 ganz ohne Vorkenntnisse.<\/p>\n<div class=\"gap\" style=\"line-height: 10px; height: 10px;\"><\/div>\n<h4 style=\"color: #1db8dd;\"><strong>Deine Dozentin:<\/strong><\/h4>\n<p><img decoding=\"async\" class=\"wp-image-50488 alignleft\" src=\"https:\/\/laxvox-institute.eu\/wp-content\/uploads\/2025\/08\/7-300x300.png\" alt=\"Johanna Wollschl\u00e4ger LAX VOX Master Trainer \" width=\"100\" height=\"100\" srcset=\"https:\/\/laxvox-institute.eu\/wp-content\/uploads\/2025\/08\/7-300x300.png 300w, https:\/\/laxvox-institute.eu\/wp-content\/uploads\/2025\/08\/7-150x150.png 150w, https:\/\/laxvox-institute.eu\/wp-content\/uploads\/2025\/08\/7-768x768.png 768w, https:\/\/laxvox-institute.eu\/wp-content\/uploads\/2025\/08\/7-500x500.png 500w, https:\/\/laxvox-institute.eu\/wp-content\/uploads\/2025\/08\/7-157x157.png 157w, https:\/\/laxvox-institute.eu\/wp-content\/uploads\/2025\/08\/7-200x200.png 200w, https:\/\/laxvox-institute.eu\/wp-content\/uploads\/2025\/08\/7.png 797w\" sizes=\"(max-width: 100px) 100vw, 100px\" \/><\/p>\n<p><strong>Johanna Wollschl\u00e4ger<\/strong> ist Stimmtherapeutin (B. Sc. Logop\u00e4die), Vocal Coach und LAX VOX\u00ae Master Trainerin seit 2026. Sie ist Inhaberin des JoWoice Shop f\u00fcr 3D-gedruckte Kehlkopfmodelle. Ihr Schwerpunkt liegt in der Gender Affirming Stimmarbeit sowie in der Arbeit mit manuellen Techniken und osteopathischen Ans\u00e4tzen.<\/p>\n<div style=\"clear: both;\"><\/div>\n<h4 style=\"color: #1db8dd;\"><strong>\u00dcberblick:<\/strong><\/h4>\n<p><strong>\u2713 2,5 Fortbildungspunkte<\/strong><br \/>\n<strong>\u2713 Zoom live, keine Aufzeichnung<\/strong><br \/>\n<strong>\u2713 Link &amp; Skript nach Zahlungseingang im Kundenkonto<\/strong><br \/>\n<strong>\u2713 Teilnahme per PC\/Laptop empfohlen<\/strong><br \/>\n<strong>\u2713 Kamera an &amp; Klarname erforderlich<\/strong><\/p>\n","protected":false},"excerpt":{"rendered":"<div class=\"icon-text-block\"><i class=\"fa fa-calendar\"><\/i>Dienstag, 14.04.2026<\/div>\n<div class=\"icon-text-block\"><i class=\"fa fa-clock-o\"><\/i>19:00\u201321:00 Uhr<\/div>\n<div class=\"icon-text-block\"><i class=\"fa fa-user-o\"><\/i>Johanna Wollschl\u00e4ger<\/div>\n<div class=\"icon-text-block\"><i class=\"fa fa-certificate\"><\/i>2,5 Fortbildungspunkte<\/div>\n<div class=\"icon-text-block\"><i class=\"fa fa-laptop\"><\/i>Online via Zoom<\/div>\n<div class=\"icon-text-block\"><i class=\"fa fa-folder-open\"><\/i><strong>Zoom-Link &amp; Handout im Kundenkonto<\/strong><\/div>\n","protected":false},"featured_media":49893,"template":"","meta":[],"product_brand":[],"product_cat":[247,752,767,944],"product_tag":[],"class_list":{"0":"post-55060","1":"product","2":"type-product","3":"status-publish","4":"has-post-thumbnail","6":"product_cat-lax-vox-voice-therapy","7":"product_cat-lax-vox-intense","8":"product_cat-lv-in-der-logopaedie","9":"product_cat-fuer-deine-stimme","10":"description-off","12":"first","13":"instock","14":"virtual","15":"sold-individually","16":"product-type-simple"},"bundled_by":[],"bundle_stock_status":"instock","bundle_stock_quantity":null,"bundle_virtual":false,"bundle_layout":"","bundle_add_to_cart_form_location":"","bundle_editable_in_cart":false,"bundle_sold_individually_context":"","bundle_item_grouping":"","bundle_min_size":"","bundle_max_size":"","bundle_price":[],"bundled_items":[],"bundle_sell_ids":[],"yoast_head":"<!-- This site is optimized with the Yoast SEO plugin v27.4 - https:\/\/yoast.com\/product\/yoast-seo-wordpress\/ -->\n<title>Allergie-Symptome lindern mit LAX VOX\u00ae<\/title>\n<meta name=\"description\" content=\"Lerne, wie du mit der \u00dcbung LAX VOX\u00ae\ufe0f deine Allergie-Symptome linderst und deine Stimme auch in der Allergie-Zeit stabil und belastbar bleibt\" \/>\n<meta name=\"robots\" content=\"index, follow, max-snippet:-1, max-image-preview:large, max-video-preview:-1\" \/>\n<link rel=\"canonical\" href=\"https:\/\/laxvox-institute.eu\/en\/product\/allergie-symptome-lindern-mit-lax-vox\/\" \/>\n<meta property=\"og:locale\" content=\"en_US\" \/>\n<meta property=\"og:type\" content=\"article\" \/>\n<meta property=\"og:title\" content=\"Allergie-Symptome lindern mit LAX VOX\u00ae\" \/>\n<meta property=\"og:description\" content=\"Lerne, wie du mit der \u00dcbung LAX VOX\u00ae\ufe0f deine Allergie-Symptome linderst und deine Stimme auch in der Allergie-Zeit stabil und belastbar bleibt\" \/>\n<meta property=\"og:url\" content=\"https:\/\/laxvox-institute.eu\/en\/product\/allergie-symptome-lindern-mit-lax-vox\/\" \/>\n<meta property=\"og:site_name\" content=\"LAX VOX\u00ae Institute by Stephanie A. Kruse\" \/>\n<meta property=\"article:modified_time\" content=\"2026-04-14T16:40:03+00:00\" \/>\n<meta property=\"og:image\" content=\"https:\/\/laxvox-institute.eu\/wp-content\/uploads\/2025\/07\/Design-ohne-Titel-3.webp\" \/>\n\t<meta property=\"og:image:width\" content=\"1656\" \/>\n\t<meta property=\"og:image:height\" content=\"1704\" \/>\n\t<meta property=\"og:image:type\" content=\"image\/webp\" \/>\n<meta name=\"twitter:card\" content=\"summary_large_image\" \/>\n<meta name=\"twitter:label1\" content=\"Est. reading time\" \/>\n\t<meta name=\"twitter:data1\" content=\"2 minutes\" \/>\n<script type=\"application\/ld+json\" class=\"yoast-schema-graph\">{\"@context\":\"https:\\\/\\\/schema.org\",\"@graph\":[{\"@type\":\"WebPage\",\"@id\":\"https:\\\/\\\/laxvox-institute.eu\\\/en\\\/product\\\/allergie-symptome-lindern-mit-lax-vox\\\/\",\"url\":\"https:\\\/\\\/laxvox-institute.eu\\\/en\\\/product\\\/allergie-symptome-lindern-mit-lax-vox\\\/\",\"name\":\"Allergie-Symptome lindern mit LAX VOX\u00ae\",\"isPartOf\":{\"@id\":\"https:\\\/\\\/laxvox-institute.eu\\\/en\\\/#website\"},\"primaryImageOfPage\":{\"@id\":\"https:\\\/\\\/laxvox-institute.eu\\\/en\\\/product\\\/allergie-symptome-lindern-mit-lax-vox\\\/#primaryimage\"},\"image\":{\"@id\":\"https:\\\/\\\/laxvox-institute.eu\\\/en\\\/product\\\/allergie-symptome-lindern-mit-lax-vox\\\/#primaryimage\"},\"thumbnailUrl\":\"https:\\\/\\\/laxvox-institute.eu\\\/wp-content\\\/uploads\\\/2025\\\/07\\\/Design-ohne-Titel-3.webp\",\"datePublished\":\"2026-02-11T14:41:29+00:00\",\"dateModified\":\"2026-04-14T16:40:03+00:00\",\"description\":\"Lerne, wie du mit der \u00dcbung LAX VOX\u00ae\ufe0f deine Allergie-Symptome linderst und deine Stimme auch in der Allergie-Zeit stabil und belastbar bleibt\",\"breadcrumb\":{\"@id\":\"https:\\\/\\\/laxvox-institute.eu\\\/en\\\/product\\\/allergie-symptome-lindern-mit-lax-vox\\\/#breadcrumb\"},\"inLanguage\":\"en-US\",\"potentialAction\":[{\"@type\":\"ReadAction\",\"target\":[\"https:\\\/\\\/laxvox-institute.eu\\\/en\\\/product\\\/allergie-symptome-lindern-mit-lax-vox\\\/\"]}]},{\"@type\":\"ImageObject\",\"inLanguage\":\"en-US\",\"@id\":\"https:\\\/\\\/laxvox-institute.eu\\\/en\\\/product\\\/allergie-symptome-lindern-mit-lax-vox\\\/#primaryimage\",\"url\":\"https:\\\/\\\/laxvox-institute.eu\\\/wp-content\\\/uploads\\\/2025\\\/07\\\/Design-ohne-Titel-3.webp\",\"contentUrl\":\"https:\\\/\\\/laxvox-institute.eu\\\/wp-content\\\/uploads\\\/2025\\\/07\\\/Design-ohne-Titel-3.webp\",\"width\":1656,\"height\":1704},{\"@type\":\"BreadcrumbList\",\"@id\":\"https:\\\/\\\/laxvox-institute.eu\\\/en\\\/product\\\/allergie-symptome-lindern-mit-lax-vox\\\/#breadcrumb\",\"itemListElement\":[{\"@type\":\"ListItem\",\"position\":1,\"name\":\"Startseite\",\"item\":\"https:\\\/\\\/laxvox-institute.eu\\\/en\\\/\"},{\"@type\":\"ListItem\",\"position\":2,\"name\":\"Shop\",\"item\":\"https:\\\/\\\/laxvox-institute.eu\\\/en\\\/produkt-archiv\\\/\"},{\"@type\":\"ListItem\",\"position\":3,\"name\":\"Allergie-Symptome lindern mit LAX VOX\u00ae\"}]},{\"@type\":\"WebSite\",\"@id\":\"https:\\\/\\\/laxvox-institute.eu\\\/en\\\/#website\",\"url\":\"https:\\\/\\\/laxvox-institute.eu\\\/en\\\/\",\"name\":\"LAX VOX\u00ae Institute by Stephanie A. Kruse\",\"description\":\"Wissen, das hilft! Lerne alles \u00fcber Stimme!\",\"publisher\":{\"@id\":\"https:\\\/\\\/laxvox-institute.eu\\\/en\\\/#organization\"},\"potentialAction\":[{\"@type\":\"SearchAction\",\"target\":{\"@type\":\"EntryPoint\",\"urlTemplate\":\"https:\\\/\\\/laxvox-institute.eu\\\/en\\\/?s={search_term_string}\"},\"query-input\":{\"@type\":\"PropertyValueSpecification\",\"valueRequired\":true,\"valueName\":\"search_term_string\"}}],\"inLanguage\":\"en-US\"},{\"@type\":\"Organization\",\"@id\":\"https:\\\/\\\/laxvox-institute.eu\\\/en\\\/#organization\",\"name\":\"LAX VOX\u00ae Institute by Stephanie A. Kruse\",\"url\":\"https:\\\/\\\/laxvox-institute.eu\\\/en\\\/\",\"logo\":{\"@type\":\"ImageObject\",\"inLanguage\":\"en-US\",\"@id\":\"https:\\\/\\\/laxvox-institute.eu\\\/en\\\/#\\\/schema\\\/logo\\\/image\\\/\",\"url\":\"https:\\\/\\\/laxvox-institute.eu\\\/wp-content\\\/uploads\\\/2021\\\/01\\\/LANDINGPAGE_200px_INSTITUTE.webp\",\"contentUrl\":\"https:\\\/\\\/laxvox-institute.eu\\\/wp-content\\\/uploads\\\/2021\\\/01\\\/LANDINGPAGE_200px_INSTITUTE.webp\",\"width\":200,\"height\":65,\"caption\":\"LAX VOX\u00ae Institute by Stephanie A. Kruse\"},\"image\":{\"@id\":\"https:\\\/\\\/laxvox-institute.eu\\\/en\\\/#\\\/schema\\\/logo\\\/image\\\/\"},\"sameAs\":[\"https:\\\/\\\/www.instagram.com\\\/laxvox_official\\\/\"]}]}<\/script>\n<!-- \/ Yoast SEO plugin. -->","yoast_head_json":{"title":"Allergie-Symptome lindern mit LAX VOX\u00ae","description":"Lerne, wie du mit der \u00dcbung LAX VOX\u00ae\ufe0f deine Allergie-Symptome linderst und deine Stimme auch in der Allergie-Zeit stabil und belastbar bleibt","robots":{"index":"index","follow":"follow","max-snippet":"max-snippet:-1","max-image-preview":"max-image-preview:large","max-video-preview":"max-video-preview:-1"},"canonical":"https:\/\/laxvox-institute.eu\/en\/product\/allergie-symptome-lindern-mit-lax-vox\/","og_locale":"en_US","og_type":"article","og_title":"Allergie-Symptome lindern mit LAX VOX\u00ae","og_description":"Lerne, wie du mit der \u00dcbung LAX VOX\u00ae\ufe0f deine Allergie-Symptome linderst und deine Stimme auch in der Allergie-Zeit stabil und belastbar bleibt","og_url":"https:\/\/laxvox-institute.eu\/en\/product\/allergie-symptome-lindern-mit-lax-vox\/","og_site_name":"LAX VOX\u00ae Institute by Stephanie A. Kruse","article_modified_time":"2026-04-14T16:40:03+00:00","og_image":[{"width":1656,"height":1704,"url":"https:\/\/laxvox-institute.eu\/wp-content\/uploads\/2025\/07\/Design-ohne-Titel-3.webp","type":"image\/webp"}],"twitter_card":"summary_large_image","twitter_misc":{"Est. reading time":"2 minutes"},"schema":{"@context":"https:\/\/schema.org","@graph":[{"@type":"WebPage","@id":"https:\/\/laxvox-institute.eu\/en\/product\/allergie-symptome-lindern-mit-lax-vox\/","url":"https:\/\/laxvox-institute.eu\/en\/product\/allergie-symptome-lindern-mit-lax-vox\/","name":"Allergie-Symptome lindern mit LAX VOX\u00ae","isPartOf":{"@id":"https:\/\/laxvox-institute.eu\/en\/#website"},"primaryImageOfPage":{"@id":"https:\/\/laxvox-institute.eu\/en\/product\/allergie-symptome-lindern-mit-lax-vox\/#primaryimage"},"image":{"@id":"https:\/\/laxvox-institute.eu\/en\/product\/allergie-symptome-lindern-mit-lax-vox\/#primaryimage"},"thumbnailUrl":"https:\/\/laxvox-institute.eu\/wp-content\/uploads\/2025\/07\/Design-ohne-Titel-3.webp","datePublished":"2026-02-11T14:41:29+00:00","dateModified":"2026-04-14T16:40:03+00:00","description":"Lerne, wie du mit der \u00dcbung LAX VOX\u00ae\ufe0f deine Allergie-Symptome linderst und deine Stimme auch in der Allergie-Zeit stabil und belastbar bleibt","breadcrumb":{"@id":"https:\/\/laxvox-institute.eu\/en\/product\/allergie-symptome-lindern-mit-lax-vox\/#breadcrumb"},"inLanguage":"en-US","potentialAction":[{"@type":"ReadAction","target":["https:\/\/laxvox-institute.eu\/en\/product\/allergie-symptome-lindern-mit-lax-vox\/"]}]},{"@type":"ImageObject","inLanguage":"en-US","@id":"https:\/\/laxvox-institute.eu\/en\/product\/allergie-symptome-lindern-mit-lax-vox\/#primaryimage","url":"https:\/\/laxvox-institute.eu\/wp-content\/uploads\/2025\/07\/Design-ohne-Titel-3.webp","contentUrl":"https:\/\/laxvox-institute.eu\/wp-content\/uploads\/2025\/07\/Design-ohne-Titel-3.webp","width":1656,"height":1704},{"@type":"BreadcrumbList","@id":"https:\/\/laxvox-institute.eu\/en\/product\/allergie-symptome-lindern-mit-lax-vox\/#breadcrumb","itemListElement":[{"@type":"ListItem","position":1,"name":"Startseite","item":"https:\/\/laxvox-institute.eu\/en\/"},{"@type":"ListItem","position":2,"name":"Shop","item":"https:\/\/laxvox-institute.eu\/en\/produkt-archiv\/"},{"@type":"ListItem","position":3,"name":"Allergie-Symptome lindern mit LAX VOX\u00ae"}]},{"@type":"WebSite","@id":"https:\/\/laxvox-institute.eu\/en\/#website","url":"https:\/\/laxvox-institute.eu\/en\/","name":"LAX VOX\u00ae Institute by Stephanie A. Kruse","description":"Wissen, das hilft! Lerne alles \u00fcber Stimme!","publisher":{"@id":"https:\/\/laxvox-institute.eu\/en\/#organization"},"potentialAction":[{"@type":"SearchAction","target":{"@type":"EntryPoint","urlTemplate":"https:\/\/laxvox-institute.eu\/en\/?s={search_term_string}"},"query-input":{"@type":"PropertyValueSpecification","valueRequired":true,"valueName":"search_term_string"}}],"inLanguage":"en-US"},{"@type":"Organization","@id":"https:\/\/laxvox-institute.eu\/en\/#organization","name":"LAX VOX\u00ae Institute by Stephanie A. Kruse","url":"https:\/\/laxvox-institute.eu\/en\/","logo":{"@type":"ImageObject","inLanguage":"en-US","@id":"https:\/\/laxvox-institute.eu\/en\/#\/schema\/logo\/image\/","url":"https:\/\/laxvox-institute.eu\/wp-content\/uploads\/2021\/01\/LANDINGPAGE_200px_INSTITUTE.webp","contentUrl":"https:\/\/laxvox-institute.eu\/wp-content\/uploads\/2021\/01\/LANDINGPAGE_200px_INSTITUTE.webp","width":200,"height":65,"caption":"LAX VOX\u00ae Institute by Stephanie A. Kruse"},"image":{"@id":"https:\/\/laxvox-institute.eu\/en\/#\/schema\/logo\/image\/"},"sameAs":["https:\/\/www.instagram.com\/laxvox_official\/"]}]}},"_links":{"self":[{"href":"https:\/\/laxvox-institute.eu\/en\/wp-json\/wp\/v2\/product\/55060","targetHints":{"allow":["GET"]}}],"collection":[{"href":"https:\/\/laxvox-institute.eu\/en\/wp-json\/wp\/v2\/product"}],"about":[{"href":"https:\/\/laxvox-institute.eu\/en\/wp-json\/wp\/v2\/types\/product"}],"wp:featuredmedia":[{"embeddable":true,"href":"https:\/\/laxvox-institute.eu\/en\/wp-json\/wp\/v2\/media\/49893"}],"wp:attachment":[{"href":"https:\/\/laxvox-institute.eu\/en\/wp-json\/wp\/v2\/media?parent=55060"}],"wp:term":[{"taxonomy":"product_brand","embeddable":true,"href":"https:\/\/laxvox-institute.eu\/en\/wp-json\/wp\/v2\/product_brand?post=55060"},{"taxonomy":"product_cat","embeddable":true,"href":"https:\/\/laxvox-institute.eu\/en\/wp-json\/wp\/v2\/product_cat?post=55060"},{"taxonomy":"product_tag","embeddable":true,"href":"https:\/\/laxvox-institute.eu\/en\/wp-json\/wp\/v2\/product_tag?post=55060"}],"curies":[{"name":"wp","href":"https:\/\/api.w.org\/{rel}","templated":true}]}}