{"id":55076,"date":"2026-02-11T16:57:07","date_gmt":"2026-02-11T15:57:07","guid":{"rendered":"https:\/\/laxvox-institute.eu\/?post_type=product&#038;p=55076"},"modified":"2026-03-17T09:13:50","modified_gmt":"2026-03-17T08:13:50","slug":"stimme-scham-ein-blick-durch-die-polyvagale-brille-april","status":"publish","type":"product","link":"https:\/\/laxvox-institute.eu\/en\/product\/stimme-scham-ein-blick-durch-die-polyvagale-brille-april\/","title":{"rendered":"Verhalten verstehen \u2013 Gesangsunterricht mit Blick auf das Nervensystem"},"content":{"rendered":"<h3><span style=\"color: #1db8dd;\"><strong>Der <span style=\"color: #1db8dd;\">Workshop<\/span> zum Impuls-Vortrag auf dem SingPosium 2026<\/strong><\/span><\/h3>\n<h3><span style=\"color: #1db8dd;\">Erkenne, wie das Nervensystem unser Verhalten steuert und warum Gesangstechnik alleine uns nicht ans Ziel bringt<\/span><\/h3>\n<p><div class=\"gap\" style=\"line-height: 10px; height: 10px;\"><\/div><br \/>\nHochatmung, Enge im Hals, zu viel Druck sind klare Signale f\u00fcr ein Nervensystem, dass sich um Schutzmodus befindet. Dieser wird ausgel\u00f6st durch Scham, Angst oder Aufregung. Da diese Zust\u00e4nde fester Bestandteil jedes Gesangsunterrichts sind, ist es wichtig, dass Gesangsp\u00e4dagog*innen sich mit den Auswirkungen des Nervensystem auf die Stimme, die Atmung, die Haltung und vor allem das Verhalten besch\u00e4ftigen, um dann mit diesem Wissen ein einen sicheren Raum f\u00fcr das Lernen zu schaffen.<\/p>\n<p>In diesem Workshop lernst du, Verhalten, Stimme und Nervensystem im Gesangsunterricht und Vocal Coaching richtig zu lesen \u2013 und wie du mit gezielten \u00dcbungen und Tools sofort Sicherheit, Entspannung und Lernf\u00e4higkeit herstellen kannst.<\/p>\n<p><strong>Verhalten verstehen. Sicherheit geben. Ver\u00e4nderung erreichen.<\/strong><br \/>\n<div class=\"gap\" style=\"line-height: 10px; height: 10px;\"><\/div><\/p>\n<h4><strong><span style=\"color: #1db8dd;\">Du lernst:<\/span><\/strong><\/h4>\n<p>\u2714 <strong>Warum Technik allein nicht reicht:<\/strong> Verhalten, Atmung, Stimmklang und Haltung im Unterricht richtig einordnen<br \/>\n\u2714 <strong>Signale erkennen:<\/strong> Hochatmung, Enge im Hals undDruck richtig zuordnen und effektiv l\u00f6sen<br \/>\n\u2714 <strong>Atmosph\u00e4re f\u00fcr sicheres Lernen schaffen:<\/strong> Wertfrei begleiten, Wahrnehmung st\u00e4rken und sichere Lernprozesse anbieten<br \/>\n\u2714 <strong>Praxisnah &amp; sofort einsetzbar: <\/strong>\u00dcbungen aus der Polyvagal-Theorie direkt im Gesangsunterricht oder Vocal Coaching anwenden<br \/>\n<div class=\"gap\" style=\"line-height: 10px; height: 10px;\"><\/div><\/p>\n<h4 style=\"color: #1db8dd;\"><strong>Zielgruppe:<\/strong><\/h4>\n<p>Die Inhalte sind auf den Gesangsunterricht ausgerichtet, helfen die aber auch in der Stimmtherapie enorm weiter.<\/p>\n<div class=\"gap\" style=\"line-height: 10px; height: 10px;\"><\/div>\n<h4 style=\"color: #1db8dd;\"><strong>Deine Dozentin:<\/strong><\/h4>\n<p><strong><img decoding=\"async\" class=\"alignleft wp-image-49711\" src=\"https:\/\/laxvox-institute.eu\/wp-content\/uploads\/2025\/07\/Stephanie_Kruse-LVI-Dozentin-300x300.webp\" alt=\"Stephanie A. Kruse\" width=\"100\" height=\"100\" srcset=\"https:\/\/laxvox-institute.eu\/wp-content\/uploads\/2025\/07\/Stephanie_Kruse-LVI-Dozentin-300x300.webp 300w, https:\/\/laxvox-institute.eu\/wp-content\/uploads\/2025\/07\/Stephanie_Kruse-LVI-Dozentin-150x150.webp 150w, https:\/\/laxvox-institute.eu\/wp-content\/uploads\/2025\/07\/Stephanie_Kruse-LVI-Dozentin-500x500.webp 500w, https:\/\/laxvox-institute.eu\/wp-content\/uploads\/2025\/07\/Stephanie_Kruse-LVI-Dozentin-157x157.webp 157w, https:\/\/laxvox-institute.eu\/wp-content\/uploads\/2025\/07\/Stephanie_Kruse-LVI-Dozentin-200x200.webp 200w, https:\/\/laxvox-institute.eu\/wp-content\/uploads\/2025\/07\/Stephanie_Kruse-LVI-Dozentin-400x400.webp 400w, https:\/\/laxvox-institute.eu\/wp-content\/uploads\/2025\/07\/Stephanie_Kruse-LVI-Dozentin.webp 531w\" sizes=\"(max-width: 100px) 100vw, 100px\" \/>Stephanie A. Kruse<\/strong> ist Stimmtherapeutin, S\u00e4ngerin, Vocal Coach, Estill Voice Master Trainerin seit 2014, arbeitet seit polyvagal informiert und ist die Gr\u00fcnderin und Inhaberin des LAX VOX\u00ae Institutes. Seit \u00fcber 20 Jahren bildet sie Menschen im Bereich Stimme aus \u2013 mit Herz, Humor und jeder Menge Fachwissen.<\/p>\n<div class=\"gap\" style=\"line-height: 10px; height: 10px;\"><\/div>\n<p>\u00dcberblick:<\/p>\n<p><strong>\u2713 5 Fortbildungspunkte<\/strong><br \/>\n<strong>\u2713 Zoom live \u2013 keine Aufzeichnung<\/strong><br \/>\n<strong>\u2713 Link &amp; Skript nach Zahlungseingang im Kundenkonto<\/strong><br \/>\n<strong>\u2713 Teilnahme per PC\/Laptop empfohlen<\/strong><br \/>\n<strong>\u2713 Kamera an &amp; Klarname erforderlich<\/strong><\/p>\n","protected":false},"excerpt":{"rendered":"<div class=\"icon-text-block\"><i class=\"fa fa-calendar\"><\/i>Freitag, 17.04.2026<\/div>\n<div class=\"icon-text-block\"><i class=\"fa fa-clock-o\"><\/i>10:00\u201314:00 Uhr<\/div>\n<div class=\"icon-text-block\"><i class=\"fa fa-user-o\"><\/i>Stephanie A. Kruse<\/div>\n<div class=\"icon-text-block\"><i class=\"fa fa-certificate\"><\/i>5 Fortbildungspunkte<\/div>\n<div class=\"icon-text-block\"><i class=\"fa fa-laptop\"><\/i>Online via Zoom<br \/>\n<strong>Zoom-Link &amp; Handout im Kundenkonto<\/strong><\/div>\n","protected":false},"featured_media":49681,"template":"","meta":[],"product_brand":[],"product_cat":[247,752,767],"product_tag":[],"class_list":{"0":"post-55076","1":"product","2":"type-product","3":"status-publish","4":"has-post-thumbnail","6":"product_cat-lax-vox-voice-therapy","7":"product_cat-lax-vox-intense","8":"product_cat-lv-in-der-logopaedie","9":"description-off","11":"first","12":"instock","13":"virtual","14":"sold-individually","15":"purchasable","16":"product-type-simple"},"bundled_by":[],"bundle_stock_status":"instock","bundle_stock_quantity":null,"bundle_virtual":false,"bundle_layout":"","bundle_add_to_cart_form_location":"","bundle_editable_in_cart":false,"bundle_sold_individually_context":"","bundle_item_grouping":"","bundle_min_size":"","bundle_max_size":"","bundle_price":[],"bundled_items":[],"bundle_sell_ids":[],"yoast_head":"<!-- This site is optimized with the Yoast SEO plugin v27.3 - https:\/\/yoast.com\/product\/yoast-seo-wordpress\/ -->\n<title>Gesangsunterricht mit Blick auf das Nervensystem<\/title>\n<meta name=\"description\" content=\"Lerne, wie du Enge im Hals, Hochatmung und Druck im Gesangsunterricht mit Blick auf das Nervensystem verstehst und mit einfachen \u00dcbungen gezielt regulierst.\" \/>\n<meta name=\"robots\" content=\"index, follow, max-snippet:-1, max-image-preview:large, max-video-preview:-1\" \/>\n<link rel=\"canonical\" href=\"https:\/\/laxvox-institute.eu\/en\/product\/stimme-scham-ein-blick-durch-die-polyvagale-brille-april\/\" \/>\n<meta property=\"og:locale\" content=\"en_US\" \/>\n<meta property=\"og:type\" content=\"article\" \/>\n<meta property=\"og:title\" content=\"Gesangsunterricht mit Blick auf das Nervensystem\" \/>\n<meta property=\"og:description\" content=\"Lerne, wie du Enge im Hals, Hochatmung und Druck im Gesangsunterricht mit Blick auf das Nervensystem verstehst und mit einfachen \u00dcbungen gezielt regulierst.\" \/>\n<meta property=\"og:url\" content=\"https:\/\/laxvox-institute.eu\/en\/product\/stimme-scham-ein-blick-durch-die-polyvagale-brille-april\/\" \/>\n<meta property=\"og:site_name\" content=\"LAX VOX\u00ae Institute by Stephanie A. Kruse\" \/>\n<meta property=\"article:modified_time\" content=\"2026-03-17T08:13:50+00:00\" \/>\n<meta property=\"og:image\" content=\"https:\/\/laxvox-institute.eu\/wp-content\/uploads\/2025\/07\/9.png\" \/>\n\t<meta property=\"og:image:width\" content=\"1000\" \/>\n\t<meta property=\"og:image:height\" content=\"1000\" \/>\n\t<meta property=\"og:image:type\" content=\"image\/png\" \/>\n<meta name=\"twitter:card\" content=\"summary_large_image\" \/>\n<meta name=\"twitter:label1\" content=\"Est. reading time\" \/>\n\t<meta name=\"twitter:data1\" content=\"3 minutes\" \/>\n<script type=\"application\/ld+json\" class=\"yoast-schema-graph\">{\"@context\":\"https:\\\/\\\/schema.org\",\"@graph\":[{\"@type\":\"WebPage\",\"@id\":\"https:\\\/\\\/laxvox-institute.eu\\\/en\\\/product\\\/stimme-scham-ein-blick-durch-die-polyvagale-brille-april\\\/\",\"url\":\"https:\\\/\\\/laxvox-institute.eu\\\/en\\\/product\\\/stimme-scham-ein-blick-durch-die-polyvagale-brille-april\\\/\",\"name\":\"Gesangsunterricht mit Blick auf das Nervensystem\",\"isPartOf\":{\"@id\":\"https:\\\/\\\/laxvox-institute.eu\\\/en\\\/#website\"},\"primaryImageOfPage\":{\"@id\":\"https:\\\/\\\/laxvox-institute.eu\\\/en\\\/product\\\/stimme-scham-ein-blick-durch-die-polyvagale-brille-april\\\/#primaryimage\"},\"image\":{\"@id\":\"https:\\\/\\\/laxvox-institute.eu\\\/en\\\/product\\\/stimme-scham-ein-blick-durch-die-polyvagale-brille-april\\\/#primaryimage\"},\"thumbnailUrl\":\"https:\\\/\\\/laxvox-institute.eu\\\/wp-content\\\/uploads\\\/2025\\\/07\\\/9.png\",\"datePublished\":\"2026-02-11T15:57:07+00:00\",\"dateModified\":\"2026-03-17T08:13:50+00:00\",\"description\":\"Lerne, wie du Enge im Hals, Hochatmung und Druck im Gesangsunterricht mit Blick auf das Nervensystem verstehst und mit einfachen \u00dcbungen gezielt regulierst.\",\"breadcrumb\":{\"@id\":\"https:\\\/\\\/laxvox-institute.eu\\\/en\\\/product\\\/stimme-scham-ein-blick-durch-die-polyvagale-brille-april\\\/#breadcrumb\"},\"inLanguage\":\"en-US\",\"potentialAction\":[{\"@type\":\"ReadAction\",\"target\":[\"https:\\\/\\\/laxvox-institute.eu\\\/en\\\/product\\\/stimme-scham-ein-blick-durch-die-polyvagale-brille-april\\\/\"]}]},{\"@type\":\"ImageObject\",\"inLanguage\":\"en-US\",\"@id\":\"https:\\\/\\\/laxvox-institute.eu\\\/en\\\/product\\\/stimme-scham-ein-blick-durch-die-polyvagale-brille-april\\\/#primaryimage\",\"url\":\"https:\\\/\\\/laxvox-institute.eu\\\/wp-content\\\/uploads\\\/2025\\\/07\\\/9.png\",\"contentUrl\":\"https:\\\/\\\/laxvox-institute.eu\\\/wp-content\\\/uploads\\\/2025\\\/07\\\/9.png\",\"width\":1000,\"height\":1000},{\"@type\":\"BreadcrumbList\",\"@id\":\"https:\\\/\\\/laxvox-institute.eu\\\/en\\\/product\\\/stimme-scham-ein-blick-durch-die-polyvagale-brille-april\\\/#breadcrumb\",\"itemListElement\":[{\"@type\":\"ListItem\",\"position\":1,\"name\":\"Startseite\",\"item\":\"https:\\\/\\\/laxvox-institute.eu\\\/en\\\/\"},{\"@type\":\"ListItem\",\"position\":2,\"name\":\"Shop\",\"item\":\"https:\\\/\\\/laxvox-institute.eu\\\/en\\\/produkt-archiv\\\/\"},{\"@type\":\"ListItem\",\"position\":3,\"name\":\"Verhalten verstehen \u2013 Gesangsunterricht mit Blick auf das Nervensystem\"}]},{\"@type\":\"WebSite\",\"@id\":\"https:\\\/\\\/laxvox-institute.eu\\\/en\\\/#website\",\"url\":\"https:\\\/\\\/laxvox-institute.eu\\\/en\\\/\",\"name\":\"LAX VOX\u00ae Institute by Stephanie A. Kruse\",\"description\":\"Wissen, das hilft! Lerne alles \u00fcber Stimme!\",\"publisher\":{\"@id\":\"https:\\\/\\\/laxvox-institute.eu\\\/en\\\/#organization\"},\"potentialAction\":[{\"@type\":\"SearchAction\",\"target\":{\"@type\":\"EntryPoint\",\"urlTemplate\":\"https:\\\/\\\/laxvox-institute.eu\\\/en\\\/?s={search_term_string}\"},\"query-input\":{\"@type\":\"PropertyValueSpecification\",\"valueRequired\":true,\"valueName\":\"search_term_string\"}}],\"inLanguage\":\"en-US\"},{\"@type\":\"Organization\",\"@id\":\"https:\\\/\\\/laxvox-institute.eu\\\/en\\\/#organization\",\"name\":\"LAX VOX\u00ae Institute by Stephanie A. Kruse\",\"url\":\"https:\\\/\\\/laxvox-institute.eu\\\/en\\\/\",\"logo\":{\"@type\":\"ImageObject\",\"inLanguage\":\"en-US\",\"@id\":\"https:\\\/\\\/laxvox-institute.eu\\\/en\\\/#\\\/schema\\\/logo\\\/image\\\/\",\"url\":\"https:\\\/\\\/laxvox-institute.eu\\\/wp-content\\\/uploads\\\/2021\\\/01\\\/LANDINGPAGE_200px_INSTITUTE.webp\",\"contentUrl\":\"https:\\\/\\\/laxvox-institute.eu\\\/wp-content\\\/uploads\\\/2021\\\/01\\\/LANDINGPAGE_200px_INSTITUTE.webp\",\"width\":200,\"height\":65,\"caption\":\"LAX VOX\u00ae Institute by Stephanie A. Kruse\"},\"image\":{\"@id\":\"https:\\\/\\\/laxvox-institute.eu\\\/en\\\/#\\\/schema\\\/logo\\\/image\\\/\"},\"sameAs\":[\"https:\\\/\\\/www.instagram.com\\\/laxvox_official\\\/\"]}]}<\/script>\n<!-- \/ Yoast SEO plugin. -->","yoast_head_json":{"title":"Gesangsunterricht mit Blick auf das Nervensystem","description":"Lerne, wie du Enge im Hals, Hochatmung und Druck im Gesangsunterricht mit Blick auf das Nervensystem verstehst und mit einfachen \u00dcbungen gezielt regulierst.","robots":{"index":"index","follow":"follow","max-snippet":"max-snippet:-1","max-image-preview":"max-image-preview:large","max-video-preview":"max-video-preview:-1"},"canonical":"https:\/\/laxvox-institute.eu\/en\/product\/stimme-scham-ein-blick-durch-die-polyvagale-brille-april\/","og_locale":"en_US","og_type":"article","og_title":"Gesangsunterricht mit Blick auf das Nervensystem","og_description":"Lerne, wie du Enge im Hals, Hochatmung und Druck im Gesangsunterricht mit Blick auf das Nervensystem verstehst und mit einfachen \u00dcbungen gezielt regulierst.","og_url":"https:\/\/laxvox-institute.eu\/en\/product\/stimme-scham-ein-blick-durch-die-polyvagale-brille-april\/","og_site_name":"LAX VOX\u00ae Institute by Stephanie A. Kruse","article_modified_time":"2026-03-17T08:13:50+00:00","og_image":[{"width":1000,"height":1000,"url":"https:\/\/laxvox-institute.eu\/wp-content\/uploads\/2025\/07\/9.png","type":"image\/png"}],"twitter_card":"summary_large_image","twitter_misc":{"Est. reading time":"3 minutes"},"schema":{"@context":"https:\/\/schema.org","@graph":[{"@type":"WebPage","@id":"https:\/\/laxvox-institute.eu\/en\/product\/stimme-scham-ein-blick-durch-die-polyvagale-brille-april\/","url":"https:\/\/laxvox-institute.eu\/en\/product\/stimme-scham-ein-blick-durch-die-polyvagale-brille-april\/","name":"Gesangsunterricht mit Blick auf das Nervensystem","isPartOf":{"@id":"https:\/\/laxvox-institute.eu\/en\/#website"},"primaryImageOfPage":{"@id":"https:\/\/laxvox-institute.eu\/en\/product\/stimme-scham-ein-blick-durch-die-polyvagale-brille-april\/#primaryimage"},"image":{"@id":"https:\/\/laxvox-institute.eu\/en\/product\/stimme-scham-ein-blick-durch-die-polyvagale-brille-april\/#primaryimage"},"thumbnailUrl":"https:\/\/laxvox-institute.eu\/wp-content\/uploads\/2025\/07\/9.png","datePublished":"2026-02-11T15:57:07+00:00","dateModified":"2026-03-17T08:13:50+00:00","description":"Lerne, wie du Enge im Hals, Hochatmung und Druck im Gesangsunterricht mit Blick auf das Nervensystem verstehst und mit einfachen \u00dcbungen gezielt regulierst.","breadcrumb":{"@id":"https:\/\/laxvox-institute.eu\/en\/product\/stimme-scham-ein-blick-durch-die-polyvagale-brille-april\/#breadcrumb"},"inLanguage":"en-US","potentialAction":[{"@type":"ReadAction","target":["https:\/\/laxvox-institute.eu\/en\/product\/stimme-scham-ein-blick-durch-die-polyvagale-brille-april\/"]}]},{"@type":"ImageObject","inLanguage":"en-US","@id":"https:\/\/laxvox-institute.eu\/en\/product\/stimme-scham-ein-blick-durch-die-polyvagale-brille-april\/#primaryimage","url":"https:\/\/laxvox-institute.eu\/wp-content\/uploads\/2025\/07\/9.png","contentUrl":"https:\/\/laxvox-institute.eu\/wp-content\/uploads\/2025\/07\/9.png","width":1000,"height":1000},{"@type":"BreadcrumbList","@id":"https:\/\/laxvox-institute.eu\/en\/product\/stimme-scham-ein-blick-durch-die-polyvagale-brille-april\/#breadcrumb","itemListElement":[{"@type":"ListItem","position":1,"name":"Startseite","item":"https:\/\/laxvox-institute.eu\/en\/"},{"@type":"ListItem","position":2,"name":"Shop","item":"https:\/\/laxvox-institute.eu\/en\/produkt-archiv\/"},{"@type":"ListItem","position":3,"name":"Verhalten verstehen \u2013 Gesangsunterricht mit Blick auf das Nervensystem"}]},{"@type":"WebSite","@id":"https:\/\/laxvox-institute.eu\/en\/#website","url":"https:\/\/laxvox-institute.eu\/en\/","name":"LAX VOX\u00ae Institute by Stephanie A. Kruse","description":"Wissen, das hilft! Lerne alles \u00fcber Stimme!","publisher":{"@id":"https:\/\/laxvox-institute.eu\/en\/#organization"},"potentialAction":[{"@type":"SearchAction","target":{"@type":"EntryPoint","urlTemplate":"https:\/\/laxvox-institute.eu\/en\/?s={search_term_string}"},"query-input":{"@type":"PropertyValueSpecification","valueRequired":true,"valueName":"search_term_string"}}],"inLanguage":"en-US"},{"@type":"Organization","@id":"https:\/\/laxvox-institute.eu\/en\/#organization","name":"LAX VOX\u00ae Institute by Stephanie A. Kruse","url":"https:\/\/laxvox-institute.eu\/en\/","logo":{"@type":"ImageObject","inLanguage":"en-US","@id":"https:\/\/laxvox-institute.eu\/en\/#\/schema\/logo\/image\/","url":"https:\/\/laxvox-institute.eu\/wp-content\/uploads\/2021\/01\/LANDINGPAGE_200px_INSTITUTE.webp","contentUrl":"https:\/\/laxvox-institute.eu\/wp-content\/uploads\/2021\/01\/LANDINGPAGE_200px_INSTITUTE.webp","width":200,"height":65,"caption":"LAX VOX\u00ae Institute by Stephanie A. Kruse"},"image":{"@id":"https:\/\/laxvox-institute.eu\/en\/#\/schema\/logo\/image\/"},"sameAs":["https:\/\/www.instagram.com\/laxvox_official\/"]}]}},"_links":{"self":[{"href":"https:\/\/laxvox-institute.eu\/en\/wp-json\/wp\/v2\/product\/55076","targetHints":{"allow":["GET"]}}],"collection":[{"href":"https:\/\/laxvox-institute.eu\/en\/wp-json\/wp\/v2\/product"}],"about":[{"href":"https:\/\/laxvox-institute.eu\/en\/wp-json\/wp\/v2\/types\/product"}],"wp:featuredmedia":[{"embeddable":true,"href":"https:\/\/laxvox-institute.eu\/en\/wp-json\/wp\/v2\/media\/49681"}],"wp:attachment":[{"href":"https:\/\/laxvox-institute.eu\/en\/wp-json\/wp\/v2\/media?parent=55076"}],"wp:term":[{"taxonomy":"product_brand","embeddable":true,"href":"https:\/\/laxvox-institute.eu\/en\/wp-json\/wp\/v2\/product_brand?post=55076"},{"taxonomy":"product_cat","embeddable":true,"href":"https:\/\/laxvox-institute.eu\/en\/wp-json\/wp\/v2\/product_cat?post=55076"},{"taxonomy":"product_tag","embeddable":true,"href":"https:\/\/laxvox-institute.eu\/en\/wp-json\/wp\/v2\/product_tag?post=55076"}],"curies":[{"name":"wp","href":"https:\/\/api.w.org\/{rel}","templated":true}]}}