{"id":55610,"date":"2026-03-16T09:14:27","date_gmt":"2026-03-16T08:14:27","guid":{"rendered":"https:\/\/laxvox-institute.eu\/?post_type=product&#038;p=55610"},"modified":"2026-03-16T09:29:52","modified_gmt":"2026-03-16T08:29:52","slug":"zusatztermine-practice-group-stimmen-analysieren-gezielt-coachen-nach-estill-voice-training","status":"publish","type":"product","link":"https:\/\/laxvox-institute.eu\/en\/product\/zusatztermine-practice-group-stimmen-analysieren-gezielt-coachen-nach-estill-voice-training\/","title":{"rendered":"ZUSATZTERMINE PRACTICE GROUP: Stimmen analysieren &#038; gezielt coachen nach Estill Voice Training\u00ae"},"content":{"rendered":"<h3><span style=\"color: #1db8dd;\">Stimme h\u00f6ren, verstehen, gezielt verbessern \u2013 praktische Analyse &amp; Coaching mit Stephanie A. Kruse<\/span><\/h3>\n<p>Du willst in der Stimmtherapie oder im Gesangsunterricht schneller erkennen, was dein Gegen\u00fcber braucht? Dann lerne, Stimmkl\u00e4nge zu analysieren und zu verstehen, wie der Klang hergestellt wird.<br \/>\nIn diesem 4-teiligen Kurs f\u00fcr Logop\u00e4d*innen, Vocal Coaches und angehende Estill Voice Master Trainer*innen lernst du, Stimmen professionell zu analysieren und schnell die n\u00f6tigen Ver\u00e4nderungen zu erkennen.<\/p>\n<div class=\"gap\" style=\"line-height: 10px; height: 10px;\"><\/div>\n<h4><strong><span style=\"color: #1db8dd;\">Du lernst:<\/span><\/strong><\/h4>\n<p style=\"margin: 0;\"><strong>\u2713 Stimmen gezielt analysiere<\/strong>n: Gesangsstimmen und Stimmst\u00f6rungen<\/p>\n<p style=\"margin: 0;\"><strong>\u2713 Zusammenhang zwischen Physiologie und Klang verstehen<\/strong><\/p>\n<p style=\"margin: 0;\"><strong>\u2713 Vocal Coaching beobachten:<\/strong> Interventionen nachvollziehen und reflektieren<\/p>\n<p style=\"margin: 0;\"><strong>\u2713 Eigenes Coaching verbessern<\/strong>: Transfer der Erkenntnisse in die eigene Praxis<\/p>\n<p><strong>Praxisnah und sofort umsetzbar \u2013 f\u00fcr alle, die ihre Analyse- und Coaching-F\u00e4higkeiten auf ein neues Level bringen wollen.<\/strong><\/p>\n<div class=\"gap\" style=\"line-height: 10px; height: 10px;\"><\/div>\n<h4 style=\"color: #1db8dd;\"><strong>Ablauf jeder Session:<\/strong><\/h4>\n<p style=\"margin: 0;\"><strong>\u2713 90 Minuten Stimmanalysen nach dem Estill Voice Training\u00ae<\/strong><\/p>\n<p style=\"margin: 0;\"><strong>\u2713 30 Minuten Master Class mit Stephanie:<\/strong> Es wird genau erkl\u00e4rt, was sie h\u00f6rt und warum sie welche Intervention w\u00e4hlt \u2013 nachvollziehbar und verst\u00e4ndlich<\/p>\n<div class=\"gap\" style=\"line-height: 10px; height: 10px;\"><\/div>\n<h4 style=\"color: #1db8dd;\"><strong>Zielgruppe:<\/strong><\/h4>\n<p style=\"margin: 0;\"><strong>!! Voraussetzung: Teilnahme an Estill Level 1 und Estill Level 2 !!\u00a0<\/strong><\/p>\n<p style=\"margin: 0;\">F\u00fcr Logop\u00e4d*innen, Vocal Coaches, Estill Master Trainer*innen und alle, die sich zum Estill Voice Master Trainer*in ausbilden lassen m\u00f6chten.<\/p>\n<div class=\"gap\" style=\"line-height: 10px; height: 10px;\"><\/div>\n<h4 style=\"color: #1db8dd;\"><strong>Material:<\/strong><\/h4>\n<p style=\"margin: 0;\">Es gibt kein Handout und keine Aufzeichnungen.<\/p>\n<p style=\"margin: 0;\">Wir nutzen die Estill Level 1 und Level 2 Handbooks, die du bereits besitzt.<\/p>\n<p style=\"margin: 0;\">Bitte bereite pro Session eine Stelle aus einem Song vor, an der du in der Master Class arbeiten willst.<\/p>\n<div class=\"gap\" style=\"line-height: 10px; height: 10px;\"><\/div>\n<h4 style=\"color: #1db8dd;\"><strong>Deine Dozentin:<\/strong><\/h4>\n<p style=\"margin: 0;\"><img decoding=\"async\" class=\"alignleft wp-image-49711\" src=\"https:\/\/laxvox-institute.eu\/wp-content\/uploads\/2025\/07\/Stephanie_Kruse-LVI-Dozentin-300x300.webp\" alt=\"Stephanie A. Kruse\" width=\"100\" height=\"100\" srcset=\"https:\/\/laxvox-institute.eu\/wp-content\/uploads\/2025\/07\/Stephanie_Kruse-LVI-Dozentin-300x300.webp 300w, https:\/\/laxvox-institute.eu\/wp-content\/uploads\/2025\/07\/Stephanie_Kruse-LVI-Dozentin-150x150.webp 150w, https:\/\/laxvox-institute.eu\/wp-content\/uploads\/2025\/07\/Stephanie_Kruse-LVI-Dozentin-500x500.webp 500w, https:\/\/laxvox-institute.eu\/wp-content\/uploads\/2025\/07\/Stephanie_Kruse-LVI-Dozentin-157x157.webp 157w, https:\/\/laxvox-institute.eu\/wp-content\/uploads\/2025\/07\/Stephanie_Kruse-LVI-Dozentin-200x200.webp 200w, https:\/\/laxvox-institute.eu\/wp-content\/uploads\/2025\/07\/Stephanie_Kruse-LVI-Dozentin-400x400.webp 400w, https:\/\/laxvox-institute.eu\/wp-content\/uploads\/2025\/07\/Stephanie_Kruse-LVI-Dozentin.webp 531w\" sizes=\"(max-width: 100px) 100vw, 100px\" \/><strong>Stephanie A. Kruse<\/strong><\/p>\n<p style=\"margin: 0;\">ist Logop\u00e4din (Bachelor of Health), Estill Voice\u00ae Master Trainerin, Vocal Coach, S\u00e4ngerin, Dozentin und Autorin.<br \/>\nSie ist Gr\u00fcnderin und Inhaberin des LAX VOX\u00ae Institutes und bildet seit \u00fcber 20 Jahren Menschen im Bereich Stimmtherapie und Gesang aus. Stephanie unterrichtet praxisnah, leicht verst\u00e4ndlich und mit Humor.<\/p>\n<div class=\"gap\" style=\"line-height: 10px; height: 10px;\"><\/div>\n<h4 style=\"color: #1db8dd;\"><strong>\u00dcberblick:<\/strong><\/h4>\n<p style=\"margin: 0;\"><strong>\u2713 2 Termine \u00e0 2 Stunden (1,5 Stunden Analyse + 30 Min. Master Class)<br \/>\n\u2713 Fortbildungspunkte<br \/>\n<\/strong><\/p>\n<p style=\"margin: 0;\"><strong>\u2713 Zoom live, keine Aufzeichnung<\/strong><\/p>\n<p style=\"margin: 0;\"><strong>\u2713 Zoom-Link im Kundenkonto<\/strong><\/p>\n<p style=\"margin: 0;\"><strong>\u2713 Teilnahme per PC\/Laptop empfohlen<\/strong><\/p>\n<p style=\"margin: 0;\"><strong>\u2713 Kamera an &amp; Klarname erforderlich<\/strong><\/p>\n","protected":false},"excerpt":{"rendered":"<div class=\"icon-text-block\"><i class=\"fa fa-calendar\"><\/i>je dienstags, 17.03.2026 + 21.04.2026<\/div>\n<div class=\"icon-text-block\"><i class=\"fa fa-clock-o\"><\/i>10:00\u201312:00 Uhr<\/div>\n<div class=\"icon-text-block\"><i class=\"fa fa-user-o\"><\/i>Stephanie A. Kruse<\/div>\n<div class=\"icon-text-block\"><i class=\"fa fa-certificate\"><\/i>10 Fortbildungspunkte<\/div>\n<div class=\"icon-text-block\"><i class=\"fa fa-laptop\"><\/i>Online via Zoom<\/div>\n<div class=\"icon-text-block\"><i class=\"fa fa-folder-open\"><\/i>Zoom-Link im Kundenkonto<\/div>\n","protected":false},"featured_media":49666,"template":"","meta":[],"product_brand":[],"product_cat":[247,752,767],"product_tag":[],"class_list":{"0":"post-55610","1":"product","2":"type-product","3":"status-publish","4":"has-post-thumbnail","6":"product_cat-lax-vox-voice-therapy","7":"product_cat-lax-vox-intense","8":"product_cat-lv-in-der-logopaedie","9":"description-off","11":"first","12":"instock","13":"virtual","14":"sold-individually","15":"purchasable","16":"product-type-simple"},"bundled_by":[],"bundle_stock_status":"instock","bundle_stock_quantity":null,"bundle_virtual":false,"bundle_layout":"","bundle_add_to_cart_form_location":"","bundle_editable_in_cart":false,"bundle_sold_individually_context":"","bundle_item_grouping":"","bundle_min_size":"","bundle_max_size":"","bundle_price":[],"bundled_items":[],"bundle_sell_ids":[],"yoast_head":"<!-- This site is optimized with the Yoast SEO plugin v27.4 - https:\/\/yoast.com\/product\/yoast-seo-wordpress\/ -->\n<title>Stimmen analysieren &amp; gezielt coachen nach Estill Voice Training<\/title>\n<meta name=\"description\" content=\"In diesem 4-teiligen Kurs lernst du, Stimmen professionell nach dem Estill Voice Training\u00ae zu analysieren und effektiv ins Coaching umzusetzen.\" \/>\n<meta name=\"robots\" content=\"index, follow, max-snippet:-1, max-image-preview:large, max-video-preview:-1\" \/>\n<link rel=\"canonical\" href=\"https:\/\/laxvox-institute.eu\/en\/product\/zusatztermine-practice-group-stimmen-analysieren-gezielt-coachen-nach-estill-voice-training\/\" \/>\n<meta property=\"og:locale\" content=\"en_US\" \/>\n<meta property=\"og:type\" content=\"article\" \/>\n<meta property=\"og:title\" content=\"Stimmen analysieren &amp; gezielt coachen nach Estill Voice Training\" \/>\n<meta property=\"og:description\" content=\"In diesem 4-teiligen Kurs lernst du, Stimmen professionell nach dem Estill Voice Training\u00ae zu analysieren und effektiv ins Coaching umzusetzen.\" \/>\n<meta property=\"og:url\" content=\"https:\/\/laxvox-institute.eu\/en\/product\/zusatztermine-practice-group-stimmen-analysieren-gezielt-coachen-nach-estill-voice-training\/\" \/>\n<meta property=\"og:site_name\" content=\"LAX VOX\u00ae Institute by Stephanie A. Kruse\" \/>\n<meta property=\"article:modified_time\" content=\"2026-03-16T08:29:52+00:00\" \/>\n<meta property=\"og:image\" content=\"https:\/\/laxvox-institute.eu\/wp-content\/uploads\/2025\/07\/4.png\" \/>\n\t<meta property=\"og:image:width\" content=\"1000\" \/>\n\t<meta property=\"og:image:height\" content=\"1000\" \/>\n\t<meta property=\"og:image:type\" content=\"image\/png\" \/>\n<meta name=\"twitter:card\" content=\"summary_large_image\" \/>\n<meta name=\"twitter:label1\" content=\"Est. reading time\" \/>\n\t<meta name=\"twitter:data1\" content=\"3 minutes\" \/>\n<script type=\"application\/ld+json\" class=\"yoast-schema-graph\">{\"@context\":\"https:\\\/\\\/schema.org\",\"@graph\":[{\"@type\":\"WebPage\",\"@id\":\"https:\\\/\\\/laxvox-institute.eu\\\/en\\\/product\\\/zusatztermine-practice-group-stimmen-analysieren-gezielt-coachen-nach-estill-voice-training\\\/\",\"url\":\"https:\\\/\\\/laxvox-institute.eu\\\/en\\\/product\\\/zusatztermine-practice-group-stimmen-analysieren-gezielt-coachen-nach-estill-voice-training\\\/\",\"name\":\"Stimmen analysieren & gezielt coachen nach Estill Voice Training\",\"isPartOf\":{\"@id\":\"https:\\\/\\\/laxvox-institute.eu\\\/en\\\/#website\"},\"primaryImageOfPage\":{\"@id\":\"https:\\\/\\\/laxvox-institute.eu\\\/en\\\/product\\\/zusatztermine-practice-group-stimmen-analysieren-gezielt-coachen-nach-estill-voice-training\\\/#primaryimage\"},\"image\":{\"@id\":\"https:\\\/\\\/laxvox-institute.eu\\\/en\\\/product\\\/zusatztermine-practice-group-stimmen-analysieren-gezielt-coachen-nach-estill-voice-training\\\/#primaryimage\"},\"thumbnailUrl\":\"https:\\\/\\\/laxvox-institute.eu\\\/wp-content\\\/uploads\\\/2025\\\/07\\\/4.png\",\"datePublished\":\"2026-03-16T08:14:27+00:00\",\"dateModified\":\"2026-03-16T08:29:52+00:00\",\"description\":\"In diesem 4-teiligen Kurs lernst du, Stimmen professionell nach dem Estill Voice Training\u00ae zu analysieren und effektiv ins Coaching umzusetzen.\",\"breadcrumb\":{\"@id\":\"https:\\\/\\\/laxvox-institute.eu\\\/en\\\/product\\\/zusatztermine-practice-group-stimmen-analysieren-gezielt-coachen-nach-estill-voice-training\\\/#breadcrumb\"},\"inLanguage\":\"en-US\",\"potentialAction\":[{\"@type\":\"ReadAction\",\"target\":[\"https:\\\/\\\/laxvox-institute.eu\\\/en\\\/product\\\/zusatztermine-practice-group-stimmen-analysieren-gezielt-coachen-nach-estill-voice-training\\\/\"]}]},{\"@type\":\"ImageObject\",\"inLanguage\":\"en-US\",\"@id\":\"https:\\\/\\\/laxvox-institute.eu\\\/en\\\/product\\\/zusatztermine-practice-group-stimmen-analysieren-gezielt-coachen-nach-estill-voice-training\\\/#primaryimage\",\"url\":\"https:\\\/\\\/laxvox-institute.eu\\\/wp-content\\\/uploads\\\/2025\\\/07\\\/4.png\",\"contentUrl\":\"https:\\\/\\\/laxvox-institute.eu\\\/wp-content\\\/uploads\\\/2025\\\/07\\\/4.png\",\"width\":1000,\"height\":1000},{\"@type\":\"BreadcrumbList\",\"@id\":\"https:\\\/\\\/laxvox-institute.eu\\\/en\\\/product\\\/zusatztermine-practice-group-stimmen-analysieren-gezielt-coachen-nach-estill-voice-training\\\/#breadcrumb\",\"itemListElement\":[{\"@type\":\"ListItem\",\"position\":1,\"name\":\"Startseite\",\"item\":\"https:\\\/\\\/laxvox-institute.eu\\\/en\\\/\"},{\"@type\":\"ListItem\",\"position\":2,\"name\":\"Shop\",\"item\":\"https:\\\/\\\/laxvox-institute.eu\\\/en\\\/produkt-archiv\\\/\"},{\"@type\":\"ListItem\",\"position\":3,\"name\":\"ZUSATZTERMINE PRACTICE GROUP: Stimmen analysieren &#038; gezielt coachen nach Estill Voice Training\u00ae\"}]},{\"@type\":\"WebSite\",\"@id\":\"https:\\\/\\\/laxvox-institute.eu\\\/en\\\/#website\",\"url\":\"https:\\\/\\\/laxvox-institute.eu\\\/en\\\/\",\"name\":\"LAX VOX\u00ae Institute by Stephanie A. Kruse\",\"description\":\"Wissen, das hilft! Lerne alles \u00fcber Stimme!\",\"publisher\":{\"@id\":\"https:\\\/\\\/laxvox-institute.eu\\\/en\\\/#organization\"},\"potentialAction\":[{\"@type\":\"SearchAction\",\"target\":{\"@type\":\"EntryPoint\",\"urlTemplate\":\"https:\\\/\\\/laxvox-institute.eu\\\/en\\\/?s={search_term_string}\"},\"query-input\":{\"@type\":\"PropertyValueSpecification\",\"valueRequired\":true,\"valueName\":\"search_term_string\"}}],\"inLanguage\":\"en-US\"},{\"@type\":\"Organization\",\"@id\":\"https:\\\/\\\/laxvox-institute.eu\\\/en\\\/#organization\",\"name\":\"LAX VOX\u00ae Institute by Stephanie A. Kruse\",\"url\":\"https:\\\/\\\/laxvox-institute.eu\\\/en\\\/\",\"logo\":{\"@type\":\"ImageObject\",\"inLanguage\":\"en-US\",\"@id\":\"https:\\\/\\\/laxvox-institute.eu\\\/en\\\/#\\\/schema\\\/logo\\\/image\\\/\",\"url\":\"https:\\\/\\\/laxvox-institute.eu\\\/wp-content\\\/uploads\\\/2021\\\/01\\\/LANDINGPAGE_200px_INSTITUTE.webp\",\"contentUrl\":\"https:\\\/\\\/laxvox-institute.eu\\\/wp-content\\\/uploads\\\/2021\\\/01\\\/LANDINGPAGE_200px_INSTITUTE.webp\",\"width\":200,\"height\":65,\"caption\":\"LAX VOX\u00ae Institute by Stephanie A. Kruse\"},\"image\":{\"@id\":\"https:\\\/\\\/laxvox-institute.eu\\\/en\\\/#\\\/schema\\\/logo\\\/image\\\/\"},\"sameAs\":[\"https:\\\/\\\/www.instagram.com\\\/laxvox_official\\\/\"]}]}<\/script>\n<!-- \/ Yoast SEO plugin. -->","yoast_head_json":{"title":"Stimmen analysieren & gezielt coachen nach Estill Voice Training","description":"In diesem 4-teiligen Kurs lernst du, Stimmen professionell nach dem Estill Voice Training\u00ae zu analysieren und effektiv ins Coaching umzusetzen.","robots":{"index":"index","follow":"follow","max-snippet":"max-snippet:-1","max-image-preview":"max-image-preview:large","max-video-preview":"max-video-preview:-1"},"canonical":"https:\/\/laxvox-institute.eu\/en\/product\/zusatztermine-practice-group-stimmen-analysieren-gezielt-coachen-nach-estill-voice-training\/","og_locale":"en_US","og_type":"article","og_title":"Stimmen analysieren & gezielt coachen nach Estill Voice Training","og_description":"In diesem 4-teiligen Kurs lernst du, Stimmen professionell nach dem Estill Voice Training\u00ae zu analysieren und effektiv ins Coaching umzusetzen.","og_url":"https:\/\/laxvox-institute.eu\/en\/product\/zusatztermine-practice-group-stimmen-analysieren-gezielt-coachen-nach-estill-voice-training\/","og_site_name":"LAX VOX\u00ae Institute by Stephanie A. Kruse","article_modified_time":"2026-03-16T08:29:52+00:00","og_image":[{"width":1000,"height":1000,"url":"https:\/\/laxvox-institute.eu\/wp-content\/uploads\/2025\/07\/4.png","type":"image\/png"}],"twitter_card":"summary_large_image","twitter_misc":{"Est. reading time":"3 minutes"},"schema":{"@context":"https:\/\/schema.org","@graph":[{"@type":"WebPage","@id":"https:\/\/laxvox-institute.eu\/en\/product\/zusatztermine-practice-group-stimmen-analysieren-gezielt-coachen-nach-estill-voice-training\/","url":"https:\/\/laxvox-institute.eu\/en\/product\/zusatztermine-practice-group-stimmen-analysieren-gezielt-coachen-nach-estill-voice-training\/","name":"Stimmen analysieren & gezielt coachen nach Estill Voice Training","isPartOf":{"@id":"https:\/\/laxvox-institute.eu\/en\/#website"},"primaryImageOfPage":{"@id":"https:\/\/laxvox-institute.eu\/en\/product\/zusatztermine-practice-group-stimmen-analysieren-gezielt-coachen-nach-estill-voice-training\/#primaryimage"},"image":{"@id":"https:\/\/laxvox-institute.eu\/en\/product\/zusatztermine-practice-group-stimmen-analysieren-gezielt-coachen-nach-estill-voice-training\/#primaryimage"},"thumbnailUrl":"https:\/\/laxvox-institute.eu\/wp-content\/uploads\/2025\/07\/4.png","datePublished":"2026-03-16T08:14:27+00:00","dateModified":"2026-03-16T08:29:52+00:00","description":"In diesem 4-teiligen Kurs lernst du, Stimmen professionell nach dem Estill Voice Training\u00ae zu analysieren und effektiv ins Coaching umzusetzen.","breadcrumb":{"@id":"https:\/\/laxvox-institute.eu\/en\/product\/zusatztermine-practice-group-stimmen-analysieren-gezielt-coachen-nach-estill-voice-training\/#breadcrumb"},"inLanguage":"en-US","potentialAction":[{"@type":"ReadAction","target":["https:\/\/laxvox-institute.eu\/en\/product\/zusatztermine-practice-group-stimmen-analysieren-gezielt-coachen-nach-estill-voice-training\/"]}]},{"@type":"ImageObject","inLanguage":"en-US","@id":"https:\/\/laxvox-institute.eu\/en\/product\/zusatztermine-practice-group-stimmen-analysieren-gezielt-coachen-nach-estill-voice-training\/#primaryimage","url":"https:\/\/laxvox-institute.eu\/wp-content\/uploads\/2025\/07\/4.png","contentUrl":"https:\/\/laxvox-institute.eu\/wp-content\/uploads\/2025\/07\/4.png","width":1000,"height":1000},{"@type":"BreadcrumbList","@id":"https:\/\/laxvox-institute.eu\/en\/product\/zusatztermine-practice-group-stimmen-analysieren-gezielt-coachen-nach-estill-voice-training\/#breadcrumb","itemListElement":[{"@type":"ListItem","position":1,"name":"Startseite","item":"https:\/\/laxvox-institute.eu\/en\/"},{"@type":"ListItem","position":2,"name":"Shop","item":"https:\/\/laxvox-institute.eu\/en\/produkt-archiv\/"},{"@type":"ListItem","position":3,"name":"ZUSATZTERMINE PRACTICE GROUP: Stimmen analysieren &#038; gezielt coachen nach Estill Voice Training\u00ae"}]},{"@type":"WebSite","@id":"https:\/\/laxvox-institute.eu\/en\/#website","url":"https:\/\/laxvox-institute.eu\/en\/","name":"LAX VOX\u00ae Institute by Stephanie A. Kruse","description":"Wissen, das hilft! Lerne alles \u00fcber Stimme!","publisher":{"@id":"https:\/\/laxvox-institute.eu\/en\/#organization"},"potentialAction":[{"@type":"SearchAction","target":{"@type":"EntryPoint","urlTemplate":"https:\/\/laxvox-institute.eu\/en\/?s={search_term_string}"},"query-input":{"@type":"PropertyValueSpecification","valueRequired":true,"valueName":"search_term_string"}}],"inLanguage":"en-US"},{"@type":"Organization","@id":"https:\/\/laxvox-institute.eu\/en\/#organization","name":"LAX VOX\u00ae Institute by Stephanie A. Kruse","url":"https:\/\/laxvox-institute.eu\/en\/","logo":{"@type":"ImageObject","inLanguage":"en-US","@id":"https:\/\/laxvox-institute.eu\/en\/#\/schema\/logo\/image\/","url":"https:\/\/laxvox-institute.eu\/wp-content\/uploads\/2021\/01\/LANDINGPAGE_200px_INSTITUTE.webp","contentUrl":"https:\/\/laxvox-institute.eu\/wp-content\/uploads\/2021\/01\/LANDINGPAGE_200px_INSTITUTE.webp","width":200,"height":65,"caption":"LAX VOX\u00ae Institute by Stephanie A. Kruse"},"image":{"@id":"https:\/\/laxvox-institute.eu\/en\/#\/schema\/logo\/image\/"},"sameAs":["https:\/\/www.instagram.com\/laxvox_official\/"]}]}},"_links":{"self":[{"href":"https:\/\/laxvox-institute.eu\/en\/wp-json\/wp\/v2\/product\/55610","targetHints":{"allow":["GET"]}}],"collection":[{"href":"https:\/\/laxvox-institute.eu\/en\/wp-json\/wp\/v2\/product"}],"about":[{"href":"https:\/\/laxvox-institute.eu\/en\/wp-json\/wp\/v2\/types\/product"}],"wp:featuredmedia":[{"embeddable":true,"href":"https:\/\/laxvox-institute.eu\/en\/wp-json\/wp\/v2\/media\/49666"}],"wp:attachment":[{"href":"https:\/\/laxvox-institute.eu\/en\/wp-json\/wp\/v2\/media?parent=55610"}],"wp:term":[{"taxonomy":"product_brand","embeddable":true,"href":"https:\/\/laxvox-institute.eu\/en\/wp-json\/wp\/v2\/product_brand?post=55610"},{"taxonomy":"product_cat","embeddable":true,"href":"https:\/\/laxvox-institute.eu\/en\/wp-json\/wp\/v2\/product_cat?post=55610"},{"taxonomy":"product_tag","embeddable":true,"href":"https:\/\/laxvox-institute.eu\/en\/wp-json\/wp\/v2\/product_tag?post=55610"}],"curies":[{"name":"wp","href":"https:\/\/api.w.org\/{rel}","templated":true}]}}