{"id":55986,"date":"2026-03-19T09:26:11","date_gmt":"2026-03-19T08:26:11","guid":{"rendered":"https:\/\/laxvox-institute.eu\/?post_type=product&#038;p=55986"},"modified":"2026-03-19T13:14:07","modified_gmt":"2026-03-19T12:14:07","slug":"songinterpretation-im-musical-mit-sophia-riedl-glinda","status":"publish","type":"product","link":"https:\/\/laxvox-institute.eu\/en\/product\/songinterpretation-im-musical-mit-sophia-riedl-glinda\/","title":{"rendered":"Sing wie Glinda \u2013 Storytelling im Disney-Musical mit Sophia Riedl"},"content":{"rendered":"<h3><span style=\"color: #1db8dd;\">Lerne, wie du Songs zum Leben erweckst \u2013 mit Storytelling, Interpretation und Musical-Vocal-Coaching.<\/span><\/h3>\n<p data-path-to-node=\"4\"><strong>Du liebst Disney-Musicals und tr\u00e4umst davon, so magisch zu klingen wie Glinda, Schneewittchen oder Arielle? Dann ist dies deine Chance, von einer echten Branchen-Gr\u00f6\u00dfe zu lernen!<\/strong><\/p>\n<p data-path-to-node=\"5\">In diesem Workshop arbeitest du mit niemand Geringerem als S\u00e4ngerin und Musicaldarstellerin Sophia Riedl pers\u00f6nlich. Als die offizielle deutsche Stimme dieser legend\u00e4ren Charaktere kennt sie die Geheimnisse hinter dem perfekten Disney-Klang wie keine Zweite. Sophia zeigt dir exklusiv, wie du einen Song so gestaltest, dass er die richtige Geschichte erz\u00e4hlt und das Publikum bewegt \u00a0\u2013 ob f\u00fcr die Audition, das Konzert, die gro\u00dfe B\u00fchne oder die n\u00e4chste Studioaufnahme.<\/p>\n<p data-path-to-node=\"6\">Gemeinsam mit Sophia tauchst du tief in die Liedinterpretation, das Storytelling und die klangliche Stilistik ein. Anhand konkreter Beispiele aus den Disney-Meisterwerken zeigt sie dir, wie du Songs nicht nur singst, sondern sie wahrhaftig zum Leben erweckst.<\/p>\n<p data-path-to-node=\"7\">Nutze die einmalige Gelegenheit, von Sophias Erfahrung profitieren. Hier lernst du, wie du deine eigene k\u00fcnstlerische Handschrift entwickelst und dein Publikum tief ber\u00fchrst \u2013 mit Fokus auf Kreativit\u00e4t, Ausdruckskraft und der puren Freude am Singen.<\/p>\n<p data-path-to-node=\"8\"><strong>WICHTIG:<\/strong> Es geht nicht darum, eine Kopie zu sein oder perfekt zu funktionieren \u2013 es geht darum, deinen Song mit deiner Stimme und deinem Storytelling zu deinem ganz eigenen zu machen.<\/p>\n<div class=\"gap\" style=\"line-height: 10px; height: 10px;\"><\/div>\n<h4><strong><span style=\"color: #1db8dd;\">Du lernst:<\/span><\/strong><\/h4>\n<p><strong>\u2713 Storytelling &amp; Songinterpretation <\/strong>f\u00fcr mehr emotionale Tiefe und Authentizit\u00e4t<br \/>\n<strong>\u2713 Deinen Song individuell gestalten <\/strong>und eine klare Aussage entwickeln<br \/>\n<strong>\u2713 Unterschiede verstehen <\/strong>zwischen Audition, Konzert, Show und Studio<br \/>\n<strong>\u2713 Stilistik im Musical- und Disney-Gesang <\/strong>sicher anwenden<br \/>\n<strong>\u2713 Master-Class mit Sophie: <\/strong>Arbeite mit Sophie in einer kurzen Session an deinem Song<\/p>\n<p><strong>Bereite f\u00fcr die Master-Class eine Stelle aus deinem St\u00fcck vor.<br \/>\n<\/strong>Sophia wird spontan im Workshop selbst entscheiden, je nach Zeit und Nachfrage, mit wie vielen Singen sie arbeiten wird.<\/p>\n<div class=\"gap\" style=\"line-height: 10px; height: 10px;\"><\/div>\n<h4 style=\"color: #1db8dd;\"><strong>Zielgruppe:<\/strong><\/h4>\n<p>F\u00fcr S\u00e4nger:innen, Vocal Coaches und alle, die Musical und Disney Songs lieben und ihre Interpretation, Performance und Ausdruckskraft verbessern m\u00f6chten.<br \/>\nIdeal f\u00fcr alle, die stimmliche Herausforderungen meistern und ihre k\u00fcnstlerische Pers\u00f6nlichkeit st\u00e4rken wollen.<\/p>\n<div class=\"gap\" style=\"line-height: 10px; height: 10px;\"><\/div>\n<h4 style=\"color: #1db8dd;\"><strong>Deine Dozentin:<\/strong><\/h4>\n<p><strong><img decoding=\"async\" class=\"wp-image-50892 alignleft\" src=\"https:\/\/laxvox-institute.eu\/wp-content\/uploads\/2025\/08\/2-5-300x300.png\" alt=\"\" width=\"100\" height=\"100\" srcset=\"https:\/\/laxvox-institute.eu\/wp-content\/uploads\/2025\/08\/2-5-300x300.png 300w, https:\/\/laxvox-institute.eu\/wp-content\/uploads\/2025\/08\/2-5-150x150.png 150w, https:\/\/laxvox-institute.eu\/wp-content\/uploads\/2025\/08\/2-5-500x500.png 500w, https:\/\/laxvox-institute.eu\/wp-content\/uploads\/2025\/08\/2-5-157x157.png 157w, https:\/\/laxvox-institute.eu\/wp-content\/uploads\/2025\/08\/2-5-200x200.png 200w, https:\/\/laxvox-institute.eu\/wp-content\/uploads\/2025\/08\/2-5.png 664w\" sizes=\"(max-width: 100px) 100vw, 100px\" \/>Sophia Riedl<br \/>\n<\/strong>ist Musicaldarstellerin, S\u00e4ngerin sowie Synchron- und H\u00f6rbuchsprecherin. Nach ihrem Abschluss an der Folkwang Universit\u00e4t der K\u00fcnste stand sie u.a. in Produktionen wie WEST SIDE STORY, FR\u00dcHLINGSERWACHEN, GRAND HOTEL und JEKYLL &amp; HYDE auf der B\u00fchne. Es folgten Engagements in THE FANTASTICKS, KU\u2019DAMM 56, ONCE, MAMMA MIA! sowie am Schmidt Theater Hamburg. Neben ihrer B\u00fchnenkarriere ist sie regelm\u00e4\u00dfig als Solistin t\u00e4tig und leiht bekannten Figuren ihre Stimme \u2013 darunter Arielle, Schneewittchen und Glinda in aktuellen Disney-Produktionen. Profitiere von ihrer vielseitigen Erfahrung aus B\u00fchne, Studio und Synchronarbeit \u2013 und entdecke neue Wege, deine Stimme ausdrucksstark und kreativ einzusetzen.<\/p>\n<p>&nbsp;<\/p>\n<h4 style=\"color: #1db8dd;\"><strong>\u00dcberblick:<\/strong><\/h4>\n<p><strong>\u2713 4 Fortbildungspunkte<\/strong><br \/>\n<strong>\u2713 Zoom-Live \u2013 Keine Aufzeichnung<\/strong><br \/>\n<strong>\u2713 Skript &amp; Link nach Zahlungseingang im Kundenkonto<\/strong><br \/>\n<strong>\u2713 Teilnahme per PC\/Laptop empfohlen<\/strong><br \/>\n<strong>\u2713 Kamera an &amp; Klarname erforderlich<\/strong><\/p>\n","protected":false},"excerpt":{"rendered":"<div class=\"icon-text-block\">Donnerstag, 18.06.2026<\/div>\n<div class=\"icon-text-block\"><i class=\"fa fa-clock-o\"><\/i>18:00\u201321:00 Uhr<\/div>\n<div class=\"icon-text-block\"><i class=\"fa fa-user-o\"><\/i> Sophia Riedl<\/div>\n<div class=\"icon-text-block\"><i class=\"fa fa-certificate\"><\/i>4 Fortbildungspunkte<\/div>\n<div class=\"icon-text-block\"><i class=\"fa fa-laptop\"><\/i> Online via Zoom<\/div>\n<div class=\"icon-text-block\"><i class=\"fa fa-folder-open\"><\/i>Zoom-Link &amp; Handout im Kundenkonto<\/div>\n","protected":false},"featured_media":56003,"template":"","meta":[],"product_brand":[],"product_cat":[249,752,944],"product_tag":[],"class_list":{"0":"post-55986","1":"product","2":"type-product","3":"status-publish","4":"has-post-thumbnail","6":"product_cat-lax-vox-singers-training","7":"product_cat-lax-vox-intense","8":"product_cat-fuer-deine-stimme","9":"description-off","11":"first","12":"instock","13":"virtual","14":"sold-individually","15":"purchasable","16":"product-type-simple"},"bundled_by":[],"bundle_stock_status":"instock","bundle_stock_quantity":null,"bundle_virtual":false,"bundle_layout":"","bundle_add_to_cart_form_location":"","bundle_editable_in_cart":false,"bundle_sold_individually_context":"","bundle_item_grouping":"","bundle_min_size":"","bundle_max_size":"","bundle_price":[],"bundled_items":[],"bundle_sell_ids":[],"yoast_head":"<!-- This site is optimized with the Yoast SEO plugin v27.4 - https:\/\/yoast.com\/product\/yoast-seo-wordpress\/ -->\n<title>Songinterpretation im Musical mit Sophia Riedl (Glinda)<\/title>\n<meta name=\"description\" content=\"Lerne in diesem Workshoop anhand konkreter Beispiele aus dem Musical- und Disneybereich, wie du Songs nicht nur singst, sondern wirklich erz\u00e4hlst.\" \/>\n<meta name=\"robots\" content=\"index, follow, max-snippet:-1, max-image-preview:large, max-video-preview:-1\" \/>\n<link rel=\"canonical\" href=\"https:\/\/laxvox-institute.eu\/en\/product\/songinterpretation-im-musical-mit-sophia-riedl-glinda\/\" \/>\n<meta property=\"og:locale\" content=\"en_US\" \/>\n<meta property=\"og:type\" content=\"article\" \/>\n<meta property=\"og:title\" content=\"Songinterpretation im Musical mit Sophia Riedl (Glinda)\" \/>\n<meta property=\"og:description\" content=\"Lerne in diesem Workshoop anhand konkreter Beispiele aus dem Musical- und Disneybereich, wie du Songs nicht nur singst, sondern wirklich erz\u00e4hlst.\" \/>\n<meta property=\"og:url\" content=\"https:\/\/laxvox-institute.eu\/en\/product\/songinterpretation-im-musical-mit-sophia-riedl-glinda\/\" \/>\n<meta property=\"og:site_name\" content=\"LAX VOX\u00ae Institute by Stephanie A. Kruse\" \/>\n<meta property=\"article:modified_time\" content=\"2026-03-19T12:14:07+00:00\" \/>\n<meta property=\"og:image\" content=\"https:\/\/laxvox-institute.eu\/wp-content\/uploads\/2026\/03\/Bildschirmfoto-2026-03-19-um-10.56.30.webp\" \/>\n\t<meta property=\"og:image:width\" content=\"1668\" \/>\n\t<meta property=\"og:image:height\" content=\"1896\" \/>\n\t<meta property=\"og:image:type\" content=\"image\/webp\" \/>\n<meta name=\"twitter:card\" content=\"summary_large_image\" \/>\n<meta name=\"twitter:label1\" content=\"Est. reading time\" \/>\n\t<meta name=\"twitter:data1\" content=\"3 minutes\" \/>\n<script type=\"application\/ld+json\" class=\"yoast-schema-graph\">{\"@context\":\"https:\\\/\\\/schema.org\",\"@graph\":[{\"@type\":\"WebPage\",\"@id\":\"https:\\\/\\\/laxvox-institute.eu\\\/en\\\/product\\\/songinterpretation-im-musical-mit-sophia-riedl-glinda\\\/\",\"url\":\"https:\\\/\\\/laxvox-institute.eu\\\/en\\\/product\\\/songinterpretation-im-musical-mit-sophia-riedl-glinda\\\/\",\"name\":\"Songinterpretation im Musical mit Sophia Riedl (Glinda)\",\"isPartOf\":{\"@id\":\"https:\\\/\\\/laxvox-institute.eu\\\/en\\\/#website\"},\"primaryImageOfPage\":{\"@id\":\"https:\\\/\\\/laxvox-institute.eu\\\/en\\\/product\\\/songinterpretation-im-musical-mit-sophia-riedl-glinda\\\/#primaryimage\"},\"image\":{\"@id\":\"https:\\\/\\\/laxvox-institute.eu\\\/en\\\/product\\\/songinterpretation-im-musical-mit-sophia-riedl-glinda\\\/#primaryimage\"},\"thumbnailUrl\":\"https:\\\/\\\/laxvox-institute.eu\\\/wp-content\\\/uploads\\\/2026\\\/03\\\/Bildschirmfoto-2026-03-19-um-10.56.30.webp\",\"datePublished\":\"2026-03-19T08:26:11+00:00\",\"dateModified\":\"2026-03-19T12:14:07+00:00\",\"description\":\"Lerne in diesem Workshoop anhand konkreter Beispiele aus dem Musical- und Disneybereich, wie du Songs nicht nur singst, sondern wirklich erz\u00e4hlst.\",\"breadcrumb\":{\"@id\":\"https:\\\/\\\/laxvox-institute.eu\\\/en\\\/product\\\/songinterpretation-im-musical-mit-sophia-riedl-glinda\\\/#breadcrumb\"},\"inLanguage\":\"en-US\",\"potentialAction\":[{\"@type\":\"ReadAction\",\"target\":[\"https:\\\/\\\/laxvox-institute.eu\\\/en\\\/product\\\/songinterpretation-im-musical-mit-sophia-riedl-glinda\\\/\"]}]},{\"@type\":\"ImageObject\",\"inLanguage\":\"en-US\",\"@id\":\"https:\\\/\\\/laxvox-institute.eu\\\/en\\\/product\\\/songinterpretation-im-musical-mit-sophia-riedl-glinda\\\/#primaryimage\",\"url\":\"https:\\\/\\\/laxvox-institute.eu\\\/wp-content\\\/uploads\\\/2026\\\/03\\\/Bildschirmfoto-2026-03-19-um-10.56.30.webp\",\"contentUrl\":\"https:\\\/\\\/laxvox-institute.eu\\\/wp-content\\\/uploads\\\/2026\\\/03\\\/Bildschirmfoto-2026-03-19-um-10.56.30.webp\",\"width\":1668,\"height\":1896},{\"@type\":\"BreadcrumbList\",\"@id\":\"https:\\\/\\\/laxvox-institute.eu\\\/en\\\/product\\\/songinterpretation-im-musical-mit-sophia-riedl-glinda\\\/#breadcrumb\",\"itemListElement\":[{\"@type\":\"ListItem\",\"position\":1,\"name\":\"Startseite\",\"item\":\"https:\\\/\\\/laxvox-institute.eu\\\/en\\\/\"},{\"@type\":\"ListItem\",\"position\":2,\"name\":\"Shop\",\"item\":\"https:\\\/\\\/laxvox-institute.eu\\\/en\\\/produkt-archiv\\\/\"},{\"@type\":\"ListItem\",\"position\":3,\"name\":\"Sing wie Glinda \u2013 Storytelling im Disney-Musical mit Sophia Riedl\"}]},{\"@type\":\"WebSite\",\"@id\":\"https:\\\/\\\/laxvox-institute.eu\\\/en\\\/#website\",\"url\":\"https:\\\/\\\/laxvox-institute.eu\\\/en\\\/\",\"name\":\"LAX VOX\u00ae Institute by Stephanie A. Kruse\",\"description\":\"Wissen, das hilft! Lerne alles \u00fcber Stimme!\",\"publisher\":{\"@id\":\"https:\\\/\\\/laxvox-institute.eu\\\/en\\\/#organization\"},\"potentialAction\":[{\"@type\":\"SearchAction\",\"target\":{\"@type\":\"EntryPoint\",\"urlTemplate\":\"https:\\\/\\\/laxvox-institute.eu\\\/en\\\/?s={search_term_string}\"},\"query-input\":{\"@type\":\"PropertyValueSpecification\",\"valueRequired\":true,\"valueName\":\"search_term_string\"}}],\"inLanguage\":\"en-US\"},{\"@type\":\"Organization\",\"@id\":\"https:\\\/\\\/laxvox-institute.eu\\\/en\\\/#organization\",\"name\":\"LAX VOX\u00ae Institute by Stephanie A. Kruse\",\"url\":\"https:\\\/\\\/laxvox-institute.eu\\\/en\\\/\",\"logo\":{\"@type\":\"ImageObject\",\"inLanguage\":\"en-US\",\"@id\":\"https:\\\/\\\/laxvox-institute.eu\\\/en\\\/#\\\/schema\\\/logo\\\/image\\\/\",\"url\":\"https:\\\/\\\/laxvox-institute.eu\\\/wp-content\\\/uploads\\\/2021\\\/01\\\/LANDINGPAGE_200px_INSTITUTE.webp\",\"contentUrl\":\"https:\\\/\\\/laxvox-institute.eu\\\/wp-content\\\/uploads\\\/2021\\\/01\\\/LANDINGPAGE_200px_INSTITUTE.webp\",\"width\":200,\"height\":65,\"caption\":\"LAX VOX\u00ae Institute by Stephanie A. Kruse\"},\"image\":{\"@id\":\"https:\\\/\\\/laxvox-institute.eu\\\/en\\\/#\\\/schema\\\/logo\\\/image\\\/\"},\"sameAs\":[\"https:\\\/\\\/www.instagram.com\\\/laxvox_official\\\/\"]}]}<\/script>\n<!-- \/ Yoast SEO plugin. -->","yoast_head_json":{"title":"Songinterpretation im Musical mit Sophia Riedl (Glinda)","description":"Lerne in diesem Workshoop anhand konkreter Beispiele aus dem Musical- und Disneybereich, wie du Songs nicht nur singst, sondern wirklich erz\u00e4hlst.","robots":{"index":"index","follow":"follow","max-snippet":"max-snippet:-1","max-image-preview":"max-image-preview:large","max-video-preview":"max-video-preview:-1"},"canonical":"https:\/\/laxvox-institute.eu\/en\/product\/songinterpretation-im-musical-mit-sophia-riedl-glinda\/","og_locale":"en_US","og_type":"article","og_title":"Songinterpretation im Musical mit Sophia Riedl (Glinda)","og_description":"Lerne in diesem Workshoop anhand konkreter Beispiele aus dem Musical- und Disneybereich, wie du Songs nicht nur singst, sondern wirklich erz\u00e4hlst.","og_url":"https:\/\/laxvox-institute.eu\/en\/product\/songinterpretation-im-musical-mit-sophia-riedl-glinda\/","og_site_name":"LAX VOX\u00ae Institute by Stephanie A. Kruse","article_modified_time":"2026-03-19T12:14:07+00:00","og_image":[{"width":1668,"height":1896,"url":"https:\/\/laxvox-institute.eu\/wp-content\/uploads\/2026\/03\/Bildschirmfoto-2026-03-19-um-10.56.30.webp","type":"image\/webp"}],"twitter_card":"summary_large_image","twitter_misc":{"Est. reading time":"3 minutes"},"schema":{"@context":"https:\/\/schema.org","@graph":[{"@type":"WebPage","@id":"https:\/\/laxvox-institute.eu\/en\/product\/songinterpretation-im-musical-mit-sophia-riedl-glinda\/","url":"https:\/\/laxvox-institute.eu\/en\/product\/songinterpretation-im-musical-mit-sophia-riedl-glinda\/","name":"Songinterpretation im Musical mit Sophia Riedl (Glinda)","isPartOf":{"@id":"https:\/\/laxvox-institute.eu\/en\/#website"},"primaryImageOfPage":{"@id":"https:\/\/laxvox-institute.eu\/en\/product\/songinterpretation-im-musical-mit-sophia-riedl-glinda\/#primaryimage"},"image":{"@id":"https:\/\/laxvox-institute.eu\/en\/product\/songinterpretation-im-musical-mit-sophia-riedl-glinda\/#primaryimage"},"thumbnailUrl":"https:\/\/laxvox-institute.eu\/wp-content\/uploads\/2026\/03\/Bildschirmfoto-2026-03-19-um-10.56.30.webp","datePublished":"2026-03-19T08:26:11+00:00","dateModified":"2026-03-19T12:14:07+00:00","description":"Lerne in diesem Workshoop anhand konkreter Beispiele aus dem Musical- und Disneybereich, wie du Songs nicht nur singst, sondern wirklich erz\u00e4hlst.","breadcrumb":{"@id":"https:\/\/laxvox-institute.eu\/en\/product\/songinterpretation-im-musical-mit-sophia-riedl-glinda\/#breadcrumb"},"inLanguage":"en-US","potentialAction":[{"@type":"ReadAction","target":["https:\/\/laxvox-institute.eu\/en\/product\/songinterpretation-im-musical-mit-sophia-riedl-glinda\/"]}]},{"@type":"ImageObject","inLanguage":"en-US","@id":"https:\/\/laxvox-institute.eu\/en\/product\/songinterpretation-im-musical-mit-sophia-riedl-glinda\/#primaryimage","url":"https:\/\/laxvox-institute.eu\/wp-content\/uploads\/2026\/03\/Bildschirmfoto-2026-03-19-um-10.56.30.webp","contentUrl":"https:\/\/laxvox-institute.eu\/wp-content\/uploads\/2026\/03\/Bildschirmfoto-2026-03-19-um-10.56.30.webp","width":1668,"height":1896},{"@type":"BreadcrumbList","@id":"https:\/\/laxvox-institute.eu\/en\/product\/songinterpretation-im-musical-mit-sophia-riedl-glinda\/#breadcrumb","itemListElement":[{"@type":"ListItem","position":1,"name":"Startseite","item":"https:\/\/laxvox-institute.eu\/en\/"},{"@type":"ListItem","position":2,"name":"Shop","item":"https:\/\/laxvox-institute.eu\/en\/produkt-archiv\/"},{"@type":"ListItem","position":3,"name":"Sing wie Glinda \u2013 Storytelling im Disney-Musical mit Sophia Riedl"}]},{"@type":"WebSite","@id":"https:\/\/laxvox-institute.eu\/en\/#website","url":"https:\/\/laxvox-institute.eu\/en\/","name":"LAX VOX\u00ae Institute by Stephanie A. Kruse","description":"Wissen, das hilft! Lerne alles \u00fcber Stimme!","publisher":{"@id":"https:\/\/laxvox-institute.eu\/en\/#organization"},"potentialAction":[{"@type":"SearchAction","target":{"@type":"EntryPoint","urlTemplate":"https:\/\/laxvox-institute.eu\/en\/?s={search_term_string}"},"query-input":{"@type":"PropertyValueSpecification","valueRequired":true,"valueName":"search_term_string"}}],"inLanguage":"en-US"},{"@type":"Organization","@id":"https:\/\/laxvox-institute.eu\/en\/#organization","name":"LAX VOX\u00ae Institute by Stephanie A. Kruse","url":"https:\/\/laxvox-institute.eu\/en\/","logo":{"@type":"ImageObject","inLanguage":"en-US","@id":"https:\/\/laxvox-institute.eu\/en\/#\/schema\/logo\/image\/","url":"https:\/\/laxvox-institute.eu\/wp-content\/uploads\/2021\/01\/LANDINGPAGE_200px_INSTITUTE.webp","contentUrl":"https:\/\/laxvox-institute.eu\/wp-content\/uploads\/2021\/01\/LANDINGPAGE_200px_INSTITUTE.webp","width":200,"height":65,"caption":"LAX VOX\u00ae Institute by Stephanie A. Kruse"},"image":{"@id":"https:\/\/laxvox-institute.eu\/en\/#\/schema\/logo\/image\/"},"sameAs":["https:\/\/www.instagram.com\/laxvox_official\/"]}]}},"_links":{"self":[{"href":"https:\/\/laxvox-institute.eu\/en\/wp-json\/wp\/v2\/product\/55986","targetHints":{"allow":["GET"]}}],"collection":[{"href":"https:\/\/laxvox-institute.eu\/en\/wp-json\/wp\/v2\/product"}],"about":[{"href":"https:\/\/laxvox-institute.eu\/en\/wp-json\/wp\/v2\/types\/product"}],"wp:featuredmedia":[{"embeddable":true,"href":"https:\/\/laxvox-institute.eu\/en\/wp-json\/wp\/v2\/media\/56003"}],"wp:attachment":[{"href":"https:\/\/laxvox-institute.eu\/en\/wp-json\/wp\/v2\/media?parent=55986"}],"wp:term":[{"taxonomy":"product_brand","embeddable":true,"href":"https:\/\/laxvox-institute.eu\/en\/wp-json\/wp\/v2\/product_brand?post=55986"},{"taxonomy":"product_cat","embeddable":true,"href":"https:\/\/laxvox-institute.eu\/en\/wp-json\/wp\/v2\/product_cat?post=55986"},{"taxonomy":"product_tag","embeddable":true,"href":"https:\/\/laxvox-institute.eu\/en\/wp-json\/wp\/v2\/product_tag?post=55986"}],"curies":[{"name":"wp","href":"https:\/\/api.w.org\/{rel}","templated":true}]}}