{"id":56051,"date":"2026-03-23T16:37:18","date_gmt":"2026-03-23T15:37:18","guid":{"rendered":"https:\/\/laxvox-institute.eu\/?post_type=product&#038;p=56051"},"modified":"2026-03-26T11:11:09","modified_gmt":"2026-03-26T10:11:09","slug":"lauter-singen-ohne-druck-mit-cvt-lax-vox","status":"publish","type":"product","link":"https:\/\/laxvox-institute.eu\/en\/product\/lauter-singen-ohne-druck-mit-cvt-lax-vox\/","title":{"rendered":"Lauter singen ohne Druck &#8211; mit CVT &#038; LAX VOX\u00ae"},"content":{"rendered":"<h3><strong><span style=\"color: #1db8dd;\">Laut singen ohne Druck \u2013 mit CVT &amp; LAX VOX\u00ae \u2013 <\/span><span style=\"color: #1db8dd;\">Stimme frei entfalten. Leichtigkeit im Klang erleben.<\/span><\/strong><\/h3>\n<p>Singst du gern laut \u2013 und merkst, dass sich dabei Druck, Enge oder Unsicherheit in deiner Stimme zeigt? Hast du das Gef\u00fchl, dass dir die n\u00f6tige Stimmtechnik, Stabilit\u00e4t oder das Vertrauen fehlt, um wirklich frei und m\u00fchelos zu singen?<\/p>\n<p>W\u00fcnschst du dir einen klaren, gesunden Zugang zu Lautst\u00e4rke, der deine Stimme unterst\u00fctzt, statt sie zu belasten?<\/p>\n<p>In diesem Intensiv-Workshop lernst du, wie du mit Complete Vocal Technique (CVT) und gezielten LAX VOX\u00ae \u00dcbungen deine Stimme frei, tragf\u00e4hig und ohne Druck einsetzt. Du entwickelst ein sicheres Gef\u00fchl f\u00fcr den Vocal Mode Overdrive und verstehst, wie du Lautst\u00e4rke bewusst, gesund und effektiv steuerst.<\/p>\n<p><strong>Stimme befreien. Ausdruck erweitern. Lautst\u00e4rke neu erleben.<\/strong><\/p>\n<div class=\"gap\" style=\"line-height: 10px; height: 10px;\"><\/div>\n<h4><strong><span style=\"color: #1db8dd;\">Du lernst<\/span><\/strong><\/h4>\n<ul style=\"list-style: none; padding-left: 0;\">\n<li>\u2714 <strong>Laut singen ohne Druck:<\/strong> Grundlagen f\u00fcr eine gesunde, tragf\u00e4hige Stimmgebung ohne Engegef\u00fchl<\/li>\n<li>\u2714 <strong>Complete Vocal Technique (CVT) verstehen:<\/strong> Einf\u00fchrung in den Vocal Mode <strong>Overdrive<\/strong> und seine Anwendung<\/li>\n<li>\u2714 <strong>Overdrive gezielt aktivieren:<\/strong> Mit \u201eBiss\u201c und klarer Technik sicher in pr\u00e4sente Sounds finden<\/li>\n<li>\u2714 <strong>LAX VOX\u00ae effektiv einsetzen:<\/strong> \u00dcbungen f\u00fcr mehr <strong>Stimmstabilit\u00e4t, Ausdauer und Balance<\/strong><\/li>\n<li>\u2714 <strong>K\u00f6rper &amp; Stimme koordinieren:<\/strong> Spannung reduzieren und gleichzeitig <strong>Pr\u00e4senz in der Stimme<\/strong> entwickeln<\/li>\n<\/ul>\n<p><strong>Mit praxisnahen \u00dcbungen, direkt umsetzbaren Tools und einem klaren Verst\u00e4ndnis f\u00fcr gesunde Lautst\u00e4rkeentwicklung.<\/strong><\/p>\n<p>Bitte mitbringen:<br \/>\n<strong>LAX VOX\u00ae Schlauch + 0,5l Flasche Wasser<\/strong> (f\u00fcr die \u00dcbungen mit Soundtrack)<\/p>\n<div class=\"gap\" style=\"line-height: 10px; height: 10px;\"><\/div>\n<h4 style=\"color: #1db8dd;\"><strong>Zielgruppe:<\/strong><\/h4>\n<p>F\u00fcr <strong>S\u00e4nger:innen<\/strong>, <strong>Stimminteressierte<\/strong> und <strong>Logop\u00e4d:innen<\/strong>, die ihre Stimme <strong>lauter, pr\u00e4senter und ohne Druck<\/strong> einsetzen m\u00f6chten \u2013 mit klarer Technik, mehr Selbstvertrauen und sp\u00fcrbarer Leichtigkeit.<\/p>\n<div class=\"gap\" style=\"line-height: 10px; height: 10px;\"><\/div>\n<h4 style=\"color: #1db8dd;\"><strong>Deine Dozentin:<\/strong><\/h4>\n<p><img decoding=\"async\" class=\"alignleft wp-image-50305\" src=\"https:\/\/laxvox-institute.eu\/wp-content\/uploads\/2020\/04\/12-300x300.png\" alt=\"Portrait Tanja Lipp - Authorised CVT Teacher, LAX VOX\u00ae Mastertrainer\" width=\"100\" height=\"100\" srcset=\"https:\/\/laxvox-institute.eu\/wp-content\/uploads\/2020\/04\/12-300x300.png 300w, https:\/\/laxvox-institute.eu\/wp-content\/uploads\/2020\/04\/12-150x150.png 150w, https:\/\/laxvox-institute.eu\/wp-content\/uploads\/2020\/04\/12-768x768.png 768w, https:\/\/laxvox-institute.eu\/wp-content\/uploads\/2020\/04\/12-500x500.png 500w, https:\/\/laxvox-institute.eu\/wp-content\/uploads\/2020\/04\/12-157x157.png 157w, https:\/\/laxvox-institute.eu\/wp-content\/uploads\/2020\/04\/12-200x200.png 200w, https:\/\/laxvox-institute.eu\/wp-content\/uploads\/2020\/04\/12-400x400.png 400w, https:\/\/laxvox-institute.eu\/wp-content\/uploads\/2020\/04\/12.png 842w\" sizes=\"(max-width: 100px) 100vw, 100px\" \/><\/p>\n<p><b>Tanja Lipp <\/b>ist Autorisierte CVT Lehrerin und LAX VOX\u00ae Master Trainer. Ihre gr\u00f6\u00dfte Leidenschaft ist es, die Complete Vocal Technique und LAX VOX\u00ae so zu kombinieren, dass Erwachsene in ihrem Gesang \u00fcber sich hinauswachsen. Ein unschlagbares Duo beim Lernen!<\/p>\n<div style=\"clear: both;\"><\/div>\n<div style=\"clear: both;\"><\/div>\n<h4 style=\"color: #1db8dd;\"><strong>\u00dcberblick:<\/strong><\/h4>\n<p><strong>\u2713 2,5 Fortbildungspunkte<\/strong><br \/>\n<strong>\u2713 Zoom live, keine Aufzeichnung<\/strong><br \/>\n<strong>\u2713 Link &amp; Skript nach Zahlungseingang im Kundenkonto<\/strong><br \/>\n<strong>\u2713 Teilnahme per PC\/Laptop empfohlen<\/strong><br \/>\n<strong>\u2713 Kamera an &amp; Klarname erforderlich<\/strong><\/p>\n","protected":false},"excerpt":{"rendered":"<div class=\"icon-text-block\"><i class=\"fa fa-calendar\"><\/i>Dienstag, 21.04.2026<\/div>\n<div class=\"icon-text-block\"><i class=\"fa fa-clock-o\"><\/i>18:00\u201320:00 Uhr<\/div>\n<div class=\"icon-text-block\"><i class=\"fa fa-user-o\"><\/i>Tanja Lipp<\/div>\n<div class=\"icon-text-block\"><i class=\"fa fa-certificate\"><\/i>2,5 Fortbildungspunkte<\/div>\n<div class=\"icon-text-block\"><i class=\"fa fa-laptop\"><\/i>Online via Zoom<\/div>\n<div class=\"icon-text-block\"><i class=\"fa fa-folder-open\"><\/i><strong>Zoom-Link &amp; Handout im Kundenkonto<\/strong><\/div>\n","protected":false},"featured_media":56113,"template":"","meta":[],"product_brand":[],"product_cat":[249,593,752,944],"product_tag":[],"class_list":{"0":"post-56051","1":"product","2":"type-product","3":"status-publish","4":"has-post-thumbnail","6":"product_cat-lax-vox-singers-training","7":"product_cat-lv-didactics","8":"product_cat-lax-vox-intense","9":"product_cat-fuer-deine-stimme","10":"description-off","12":"first","13":"instock","14":"virtual","15":"sold-individually","16":"purchasable","17":"product-type-simple"},"bundled_by":[],"bundle_stock_status":"instock","bundle_stock_quantity":null,"bundle_virtual":false,"bundle_layout":"","bundle_add_to_cart_form_location":"","bundle_editable_in_cart":false,"bundle_sold_individually_context":"","bundle_item_grouping":"","bundle_min_size":"","bundle_max_size":"","bundle_price":[],"bundled_items":[],"bundle_sell_ids":[],"yoast_head":"<!-- This site is optimized with the Yoast SEO plugin v27.4 - https:\/\/yoast.com\/product\/yoast-seo-wordpress\/ -->\n<title>Lauter singen ohne Druck - mit CVT &amp; LAX VOX\u00ae<\/title>\n<meta name=\"description\" content=\"In diesemWorkshop lernst du, wie du mit Complete Vocal Technique (CVT) und gezielten LAX VOX\u00ae \u00dcbungen deine Stimme frei, tragf\u00e4hig und ohne Druck einsetzt.\" \/>\n<meta name=\"robots\" content=\"index, follow, max-snippet:-1, max-image-preview:large, max-video-preview:-1\" \/>\n<link rel=\"canonical\" href=\"https:\/\/laxvox-institute.eu\/en\/product\/lauter-singen-ohne-druck-mit-cvt-lax-vox\/\" \/>\n<meta property=\"og:locale\" content=\"en_US\" \/>\n<meta property=\"og:type\" content=\"article\" \/>\n<meta property=\"og:title\" content=\"Lauter singen ohne Druck - mit CVT &amp; LAX VOX\u00ae\" \/>\n<meta property=\"og:description\" content=\"In diesemWorkshop lernst du, wie du mit Complete Vocal Technique (CVT) und gezielten LAX VOX\u00ae \u00dcbungen deine Stimme frei, tragf\u00e4hig und ohne Druck einsetzt.\" \/>\n<meta property=\"og:url\" content=\"https:\/\/laxvox-institute.eu\/en\/product\/lauter-singen-ohne-druck-mit-cvt-lax-vox\/\" \/>\n<meta property=\"og:site_name\" content=\"LAX VOX\u00ae Institute by Stephanie A. Kruse\" \/>\n<meta property=\"article:modified_time\" content=\"2026-03-26T10:11:09+00:00\" \/>\n<meta property=\"og:image\" content=\"https:\/\/laxvox-institute.eu\/wp-content\/uploads\/2026\/03\/TanjaLipp-CVT-Teacher-LAXVOX-Mastertrainer-CopyrightSunlaMahn2024.jpg.webp\" \/>\n\t<meta property=\"og:image:width\" content=\"1080\" \/>\n\t<meta property=\"og:image:height\" content=\"1080\" \/>\n\t<meta property=\"og:image:type\" content=\"image\/webp\" \/>\n<meta name=\"twitter:card\" content=\"summary_large_image\" \/>\n<meta name=\"twitter:label1\" content=\"Est. reading time\" \/>\n\t<meta name=\"twitter:data1\" content=\"3 minutes\" \/>\n<script type=\"application\/ld+json\" class=\"yoast-schema-graph\">{\"@context\":\"https:\\\/\\\/schema.org\",\"@graph\":[{\"@type\":\"WebPage\",\"@id\":\"https:\\\/\\\/laxvox-institute.eu\\\/en\\\/product\\\/lauter-singen-ohne-druck-mit-cvt-lax-vox\\\/\",\"url\":\"https:\\\/\\\/laxvox-institute.eu\\\/en\\\/product\\\/lauter-singen-ohne-druck-mit-cvt-lax-vox\\\/\",\"name\":\"Lauter singen ohne Druck - mit CVT & LAX VOX\u00ae\",\"isPartOf\":{\"@id\":\"https:\\\/\\\/laxvox-institute.eu\\\/en\\\/#website\"},\"primaryImageOfPage\":{\"@id\":\"https:\\\/\\\/laxvox-institute.eu\\\/en\\\/product\\\/lauter-singen-ohne-druck-mit-cvt-lax-vox\\\/#primaryimage\"},\"image\":{\"@id\":\"https:\\\/\\\/laxvox-institute.eu\\\/en\\\/product\\\/lauter-singen-ohne-druck-mit-cvt-lax-vox\\\/#primaryimage\"},\"thumbnailUrl\":\"https:\\\/\\\/laxvox-institute.eu\\\/wp-content\\\/uploads\\\/2026\\\/03\\\/TanjaLipp-CVT-Teacher-LAXVOX-Mastertrainer-CopyrightSunlaMahn2024.jpg.webp\",\"datePublished\":\"2026-03-23T15:37:18+00:00\",\"dateModified\":\"2026-03-26T10:11:09+00:00\",\"description\":\"In diesemWorkshop lernst du, wie du mit Complete Vocal Technique (CVT) und gezielten LAX VOX\u00ae \u00dcbungen deine Stimme frei, tragf\u00e4hig und ohne Druck einsetzt.\",\"breadcrumb\":{\"@id\":\"https:\\\/\\\/laxvox-institute.eu\\\/en\\\/product\\\/lauter-singen-ohne-druck-mit-cvt-lax-vox\\\/#breadcrumb\"},\"inLanguage\":\"en-US\",\"potentialAction\":[{\"@type\":\"ReadAction\",\"target\":[\"https:\\\/\\\/laxvox-institute.eu\\\/en\\\/product\\\/lauter-singen-ohne-druck-mit-cvt-lax-vox\\\/\"]}]},{\"@type\":\"ImageObject\",\"inLanguage\":\"en-US\",\"@id\":\"https:\\\/\\\/laxvox-institute.eu\\\/en\\\/product\\\/lauter-singen-ohne-druck-mit-cvt-lax-vox\\\/#primaryimage\",\"url\":\"https:\\\/\\\/laxvox-institute.eu\\\/wp-content\\\/uploads\\\/2026\\\/03\\\/TanjaLipp-CVT-Teacher-LAXVOX-Mastertrainer-CopyrightSunlaMahn2024.jpg.webp\",\"contentUrl\":\"https:\\\/\\\/laxvox-institute.eu\\\/wp-content\\\/uploads\\\/2026\\\/03\\\/TanjaLipp-CVT-Teacher-LAXVOX-Mastertrainer-CopyrightSunlaMahn2024.jpg.webp\",\"width\":1080,\"height\":1080,\"caption\":\"Portrait zeigt TanjaLipp-CVT-Teacher-LAXVOX-Mastertrainer-CopyrightSunlaMahn2024. Auf dem Bild zeigt Tanja Lipp auf eine LAX VOX\u00ae Flasche und einen LAX VOX\u00ae Schlauch sowie auf das Buch der Complete Vocal Technique\"},{\"@type\":\"BreadcrumbList\",\"@id\":\"https:\\\/\\\/laxvox-institute.eu\\\/en\\\/product\\\/lauter-singen-ohne-druck-mit-cvt-lax-vox\\\/#breadcrumb\",\"itemListElement\":[{\"@type\":\"ListItem\",\"position\":1,\"name\":\"Startseite\",\"item\":\"https:\\\/\\\/laxvox-institute.eu\\\/en\\\/\"},{\"@type\":\"ListItem\",\"position\":2,\"name\":\"Shop\",\"item\":\"https:\\\/\\\/laxvox-institute.eu\\\/en\\\/produkt-archiv\\\/\"},{\"@type\":\"ListItem\",\"position\":3,\"name\":\"Lauter singen ohne Druck &#8211; mit CVT &#038; LAX VOX\u00ae\"}]},{\"@type\":\"WebSite\",\"@id\":\"https:\\\/\\\/laxvox-institute.eu\\\/en\\\/#website\",\"url\":\"https:\\\/\\\/laxvox-institute.eu\\\/en\\\/\",\"name\":\"LAX VOX\u00ae Institute by Stephanie A. Kruse\",\"description\":\"Wissen, das hilft! Lerne alles \u00fcber Stimme!\",\"publisher\":{\"@id\":\"https:\\\/\\\/laxvox-institute.eu\\\/en\\\/#organization\"},\"potentialAction\":[{\"@type\":\"SearchAction\",\"target\":{\"@type\":\"EntryPoint\",\"urlTemplate\":\"https:\\\/\\\/laxvox-institute.eu\\\/en\\\/?s={search_term_string}\"},\"query-input\":{\"@type\":\"PropertyValueSpecification\",\"valueRequired\":true,\"valueName\":\"search_term_string\"}}],\"inLanguage\":\"en-US\"},{\"@type\":\"Organization\",\"@id\":\"https:\\\/\\\/laxvox-institute.eu\\\/en\\\/#organization\",\"name\":\"LAX VOX\u00ae Institute by Stephanie A. Kruse\",\"url\":\"https:\\\/\\\/laxvox-institute.eu\\\/en\\\/\",\"logo\":{\"@type\":\"ImageObject\",\"inLanguage\":\"en-US\",\"@id\":\"https:\\\/\\\/laxvox-institute.eu\\\/en\\\/#\\\/schema\\\/logo\\\/image\\\/\",\"url\":\"https:\\\/\\\/laxvox-institute.eu\\\/wp-content\\\/uploads\\\/2021\\\/01\\\/LANDINGPAGE_200px_INSTITUTE.webp\",\"contentUrl\":\"https:\\\/\\\/laxvox-institute.eu\\\/wp-content\\\/uploads\\\/2021\\\/01\\\/LANDINGPAGE_200px_INSTITUTE.webp\",\"width\":200,\"height\":65,\"caption\":\"LAX VOX\u00ae Institute by Stephanie A. Kruse\"},\"image\":{\"@id\":\"https:\\\/\\\/laxvox-institute.eu\\\/en\\\/#\\\/schema\\\/logo\\\/image\\\/\"},\"sameAs\":[\"https:\\\/\\\/www.instagram.com\\\/laxvox_official\\\/\"]}]}<\/script>\n<!-- \/ Yoast SEO plugin. -->","yoast_head_json":{"title":"Lauter singen ohne Druck - mit CVT & LAX VOX\u00ae","description":"In diesemWorkshop lernst du, wie du mit Complete Vocal Technique (CVT) und gezielten LAX VOX\u00ae \u00dcbungen deine Stimme frei, tragf\u00e4hig und ohne Druck einsetzt.","robots":{"index":"index","follow":"follow","max-snippet":"max-snippet:-1","max-image-preview":"max-image-preview:large","max-video-preview":"max-video-preview:-1"},"canonical":"https:\/\/laxvox-institute.eu\/en\/product\/lauter-singen-ohne-druck-mit-cvt-lax-vox\/","og_locale":"en_US","og_type":"article","og_title":"Lauter singen ohne Druck - mit CVT & LAX VOX\u00ae","og_description":"In diesemWorkshop lernst du, wie du mit Complete Vocal Technique (CVT) und gezielten LAX VOX\u00ae \u00dcbungen deine Stimme frei, tragf\u00e4hig und ohne Druck einsetzt.","og_url":"https:\/\/laxvox-institute.eu\/en\/product\/lauter-singen-ohne-druck-mit-cvt-lax-vox\/","og_site_name":"LAX VOX\u00ae Institute by Stephanie A. Kruse","article_modified_time":"2026-03-26T10:11:09+00:00","og_image":[{"width":1080,"height":1080,"url":"https:\/\/laxvox-institute.eu\/wp-content\/uploads\/2026\/03\/TanjaLipp-CVT-Teacher-LAXVOX-Mastertrainer-CopyrightSunlaMahn2024.jpg.webp","type":"image\/webp"}],"twitter_card":"summary_large_image","twitter_misc":{"Est. reading time":"3 minutes"},"schema":{"@context":"https:\/\/schema.org","@graph":[{"@type":"WebPage","@id":"https:\/\/laxvox-institute.eu\/en\/product\/lauter-singen-ohne-druck-mit-cvt-lax-vox\/","url":"https:\/\/laxvox-institute.eu\/en\/product\/lauter-singen-ohne-druck-mit-cvt-lax-vox\/","name":"Lauter singen ohne Druck - mit CVT & LAX VOX\u00ae","isPartOf":{"@id":"https:\/\/laxvox-institute.eu\/en\/#website"},"primaryImageOfPage":{"@id":"https:\/\/laxvox-institute.eu\/en\/product\/lauter-singen-ohne-druck-mit-cvt-lax-vox\/#primaryimage"},"image":{"@id":"https:\/\/laxvox-institute.eu\/en\/product\/lauter-singen-ohne-druck-mit-cvt-lax-vox\/#primaryimage"},"thumbnailUrl":"https:\/\/laxvox-institute.eu\/wp-content\/uploads\/2026\/03\/TanjaLipp-CVT-Teacher-LAXVOX-Mastertrainer-CopyrightSunlaMahn2024.jpg.webp","datePublished":"2026-03-23T15:37:18+00:00","dateModified":"2026-03-26T10:11:09+00:00","description":"In diesemWorkshop lernst du, wie du mit Complete Vocal Technique (CVT) und gezielten LAX VOX\u00ae \u00dcbungen deine Stimme frei, tragf\u00e4hig und ohne Druck einsetzt.","breadcrumb":{"@id":"https:\/\/laxvox-institute.eu\/en\/product\/lauter-singen-ohne-druck-mit-cvt-lax-vox\/#breadcrumb"},"inLanguage":"en-US","potentialAction":[{"@type":"ReadAction","target":["https:\/\/laxvox-institute.eu\/en\/product\/lauter-singen-ohne-druck-mit-cvt-lax-vox\/"]}]},{"@type":"ImageObject","inLanguage":"en-US","@id":"https:\/\/laxvox-institute.eu\/en\/product\/lauter-singen-ohne-druck-mit-cvt-lax-vox\/#primaryimage","url":"https:\/\/laxvox-institute.eu\/wp-content\/uploads\/2026\/03\/TanjaLipp-CVT-Teacher-LAXVOX-Mastertrainer-CopyrightSunlaMahn2024.jpg.webp","contentUrl":"https:\/\/laxvox-institute.eu\/wp-content\/uploads\/2026\/03\/TanjaLipp-CVT-Teacher-LAXVOX-Mastertrainer-CopyrightSunlaMahn2024.jpg.webp","width":1080,"height":1080,"caption":"Portrait zeigt TanjaLipp-CVT-Teacher-LAXVOX-Mastertrainer-CopyrightSunlaMahn2024. Auf dem Bild zeigt Tanja Lipp auf eine LAX VOX\u00ae Flasche und einen LAX VOX\u00ae Schlauch sowie auf das Buch der Complete Vocal Technique"},{"@type":"BreadcrumbList","@id":"https:\/\/laxvox-institute.eu\/en\/product\/lauter-singen-ohne-druck-mit-cvt-lax-vox\/#breadcrumb","itemListElement":[{"@type":"ListItem","position":1,"name":"Startseite","item":"https:\/\/laxvox-institute.eu\/en\/"},{"@type":"ListItem","position":2,"name":"Shop","item":"https:\/\/laxvox-institute.eu\/en\/produkt-archiv\/"},{"@type":"ListItem","position":3,"name":"Lauter singen ohne Druck &#8211; mit CVT &#038; LAX VOX\u00ae"}]},{"@type":"WebSite","@id":"https:\/\/laxvox-institute.eu\/en\/#website","url":"https:\/\/laxvox-institute.eu\/en\/","name":"LAX VOX\u00ae Institute by Stephanie A. Kruse","description":"Wissen, das hilft! Lerne alles \u00fcber Stimme!","publisher":{"@id":"https:\/\/laxvox-institute.eu\/en\/#organization"},"potentialAction":[{"@type":"SearchAction","target":{"@type":"EntryPoint","urlTemplate":"https:\/\/laxvox-institute.eu\/en\/?s={search_term_string}"},"query-input":{"@type":"PropertyValueSpecification","valueRequired":true,"valueName":"search_term_string"}}],"inLanguage":"en-US"},{"@type":"Organization","@id":"https:\/\/laxvox-institute.eu\/en\/#organization","name":"LAX VOX\u00ae Institute by Stephanie A. Kruse","url":"https:\/\/laxvox-institute.eu\/en\/","logo":{"@type":"ImageObject","inLanguage":"en-US","@id":"https:\/\/laxvox-institute.eu\/en\/#\/schema\/logo\/image\/","url":"https:\/\/laxvox-institute.eu\/wp-content\/uploads\/2021\/01\/LANDINGPAGE_200px_INSTITUTE.webp","contentUrl":"https:\/\/laxvox-institute.eu\/wp-content\/uploads\/2021\/01\/LANDINGPAGE_200px_INSTITUTE.webp","width":200,"height":65,"caption":"LAX VOX\u00ae Institute by Stephanie A. Kruse"},"image":{"@id":"https:\/\/laxvox-institute.eu\/en\/#\/schema\/logo\/image\/"},"sameAs":["https:\/\/www.instagram.com\/laxvox_official\/"]}]}},"_links":{"self":[{"href":"https:\/\/laxvox-institute.eu\/en\/wp-json\/wp\/v2\/product\/56051","targetHints":{"allow":["GET"]}}],"collection":[{"href":"https:\/\/laxvox-institute.eu\/en\/wp-json\/wp\/v2\/product"}],"about":[{"href":"https:\/\/laxvox-institute.eu\/en\/wp-json\/wp\/v2\/types\/product"}],"wp:featuredmedia":[{"embeddable":true,"href":"https:\/\/laxvox-institute.eu\/en\/wp-json\/wp\/v2\/media\/56113"}],"wp:attachment":[{"href":"https:\/\/laxvox-institute.eu\/en\/wp-json\/wp\/v2\/media?parent=56051"}],"wp:term":[{"taxonomy":"product_brand","embeddable":true,"href":"https:\/\/laxvox-institute.eu\/en\/wp-json\/wp\/v2\/product_brand?post=56051"},{"taxonomy":"product_cat","embeddable":true,"href":"https:\/\/laxvox-institute.eu\/en\/wp-json\/wp\/v2\/product_cat?post=56051"},{"taxonomy":"product_tag","embeddable":true,"href":"https:\/\/laxvox-institute.eu\/en\/wp-json\/wp\/v2\/product_tag?post=56051"}],"curies":[{"name":"wp","href":"https:\/\/api.w.org\/{rel}","templated":true}]}}