{"id":56117,"date":"2026-03-26T11:16:17","date_gmt":"2026-03-26T10:16:17","guid":{"rendered":"https:\/\/laxvox-institute.eu\/?post_type=product&#038;p=56117"},"modified":"2026-03-26T11:48:05","modified_gmt":"2026-03-26T10:48:05","slug":"toene-treffen-lernen-mit-lax-vox","status":"publish","type":"product","link":"https:\/\/laxvox-institute.eu\/en\/product\/toene-treffen-lernen-mit-lax-vox\/","title":{"rendered":"T\u00f6ne treffen lernen mit LAX VOX\u00ae"},"content":{"rendered":"<h3><strong><span style=\"color: #1db8dd;\"><span style=\"caret-color: #1db8dd;\">Intonation verbessern \u2013 T\u00f6ne sicher treffen und sauber singen.<\/span><\/span><\/strong><\/h3>\n<p>Du hast das Gef\u00fchl, dass du T\u00f6ne nicht immer pr\u00e4zise triffst? Deine Intonation schwankt, vor allem bei schwierigen Passagen \u2013 und du w\u00fcnschst dir mehr Sicherheit beim Singen oder Unterrichten?<\/p>\n<p>In diesem Workshop lernst du, wie du deine Intonation gezielt verbessern und T\u00f6ne pr\u00e4zise treffen kannst \u2013 klar, kontrolliert und zuverl\u00e4ssig. Mit einer strukturierten Methode und effektiven LAX VOX\u00ae \u00dcbungen entwickelst du ein besseres Geh\u00f6r, mehr stimmliche Kontrolle und Sicherheit im Klang.<\/p>\n<p>Intonation verstehen. Geh\u00f6r schulen. Stimme pr\u00e4zise f\u00fchren.<\/p>\n<div class=\"gap\" style=\"line-height: 10px; height: 10px;\"><\/div>\n<h4><strong><span style=\"color: #1db8dd;\">Du lernst<\/span><\/strong><\/h4>\n<ul style=\"list-style: none; padding-left: 0;\">\n<li>\u2714 <strong>Intonation verstehen:<\/strong> Die wichtigsten Grundlagen einfach erkl\u00e4rt \u2013 warum T\u00f6ne unsauber werden<\/li>\n<li>\u2714 <strong>T\u00f6ne sicher treffen:<\/strong> Die bew\u00e4hrte <strong>5-Schritte-Methode<\/strong> f\u00fcr pr\u00e4zises Singen<\/li>\n<li>\u2714 <strong>Geh\u00f6rtraining:<\/strong> Deine Wahrnehmung f\u00fcr Tonh\u00f6hen gezielt verbessern<\/li>\n<li>\u2714 <strong>LAX VOX\u00ae gezielt anwenden:<\/strong> Effektive \u00dcbungen f\u00fcr <strong>Intonation und Stimmkontrolle<\/strong><\/li>\n<li>\u2714 <strong>Stimmliche Sicherheit:<\/strong> Mehr Kontrolle bei schwierigen Passagen<\/li>\n<li>\u2714 <strong>\u00dcbungsroutine aufbauen:<\/strong> Klare Tools f\u00fcr dein t\u00e4gliches Training<\/li>\n<\/ul>\n<p><strong>Praxisnah, sofort umsetzbar und direkt in deinen Gesangs- oder Unterrichtsalltag integrierbar.<\/strong><\/p>\n<div class=\"gap\" style=\"line-height: 10px; height: 10px;\"><\/div>\n<h4 style=\"color: #1db8dd;\"><strong>Praktische Anwendung:<\/strong><\/h4>\n<p>Du arbeitest konkret mit Tonfolgen und \u00dcbungen \u2013 und erlebst unmittelbar, wie sich deine <strong>Intonation, Treffsicherheit und stimmliche Kontrolle<\/strong> verbessern.<\/p>\n<div class=\"gap\" style=\"line-height: 10px; height: 10px;\"><\/div>\n<h4 style=\"color: #1db8dd;\"><strong>Zielgruppe:<\/strong><\/h4>\n<p>F\u00fcr <strong>S\u00e4nger:innen<\/strong>, <strong>Gesangslehrer:innen<\/strong>, <strong>Vocal Coaches<\/strong> und alle, die ihre <strong>Intonation verbessern<\/strong>, T\u00f6ne sicher treffen und ihre Stimme gezielt weiterentwickeln m\u00f6chten.<\/p>\n<div class=\"gap\" style=\"line-height: 10px; height: 10px;\"><\/div>\n<h4 style=\"color: #1db8dd;\"><strong>Deine Dozentin:<\/strong><\/h4>\n<p><img decoding=\"async\" class=\"alignleft wp-image-53047\" src=\"https:\/\/laxvox-institute.eu\/wp-content\/uploads\/2025\/11\/4-1-300x300.png\" alt=\"\" width=\"100\" height=\"100\" srcset=\"https:\/\/laxvox-institute.eu\/wp-content\/uploads\/2025\/11\/4-1-300x300.png 300w, https:\/\/laxvox-institute.eu\/wp-content\/uploads\/2025\/11\/4-1-150x150.png 150w, https:\/\/laxvox-institute.eu\/wp-content\/uploads\/2025\/11\/4-1-768x768.png 768w, https:\/\/laxvox-institute.eu\/wp-content\/uploads\/2025\/11\/4-1-500x500.png 500w, https:\/\/laxvox-institute.eu\/wp-content\/uploads\/2025\/11\/4-1-157x157.png 157w, https:\/\/laxvox-institute.eu\/wp-content\/uploads\/2025\/11\/4-1-200x200.png 200w, https:\/\/laxvox-institute.eu\/wp-content\/uploads\/2025\/11\/4-1.png 886w\" sizes=\"(max-width: 100px) 100vw, 100px\" \/><\/p>\n<p><strong>Gabriele Wohlgemuth<\/strong> ist LAX VOX Master Trainer und Vocal Coach f\u00fcr die Sprech- und Singstimme.<\/p>\n<div style=\"clear: both;\"><\/div>\n<h4 style=\"color: #1db8dd;\"><strong>\u00dcberblick:<\/strong><\/h4>\n<p><strong>\u2713 2,5 Fortbildungspunkte<\/strong><br \/>\n<strong>\u2713 Zoom live, keine Aufzeichnung<\/strong><br \/>\n<strong>\u2713 Link &amp; Skript nach Zahlungseingang im Kundenkonto<\/strong><br \/>\n<strong>\u2713 Teilnahme per PC\/Laptop empfohlen<\/strong><br \/>\n<strong>\u2713 Kamera an &amp; Klarname erforderlich<\/strong><\/p>\n","protected":false},"excerpt":{"rendered":"<div class=\"icon-text-block\"><i class=\"fa fa-calendar\"><\/i>Dienstag, 06.10.2026<\/div>\n<div class=\"icon-text-block\"><i class=\"fa fa-clock-o\"><\/i>18:00\u201320:00 Uhr<\/div>\n<div class=\"icon-text-block\"><i class=\"fa fa-user-o\"><\/i>Gabriele Wohlgemuth<\/div>\n<div class=\"icon-text-block\"><i class=\"fa fa-certificate\"><\/i>2,5 Fortbildungspunkte<\/div>\n<div class=\"icon-text-block\"><i class=\"fa fa-laptop\"><\/i>Online via Zoom<\/div>\n<div class=\"icon-text-block\"><i class=\"fa fa-folder-open\"><\/i><strong>Zoom-Link &amp; Handout im Kundenkonto<\/strong><\/div>\n","protected":false},"featured_media":51737,"template":"","meta":[],"product_brand":[],"product_cat":[249,752,944],"product_tag":[],"class_list":{"0":"post-56117","1":"product","2":"type-product","3":"status-publish","4":"has-post-thumbnail","6":"product_cat-lax-vox-singers-training","7":"product_cat-lax-vox-intense","8":"product_cat-fuer-deine-stimme","9":"description-off","11":"first","12":"instock","13":"virtual","14":"sold-individually","15":"purchasable","16":"product-type-simple"},"bundled_by":[],"bundle_stock_status":"instock","bundle_stock_quantity":null,"bundle_virtual":false,"bundle_layout":"","bundle_add_to_cart_form_location":"","bundle_editable_in_cart":false,"bundle_sold_individually_context":"","bundle_item_grouping":"","bundle_min_size":"","bundle_max_size":"","bundle_price":[],"bundled_items":[],"bundle_sell_ids":[],"yoast_head":"<!-- This site is optimized with the Yoast SEO plugin v27.5 - https:\/\/yoast.com\/product\/yoast-seo-wordpress\/ -->\n<title>T\u00f6ne treffen lernen mit LAX VOX\u00ae<\/title>\n<meta name=\"description\" content=\"Online-Workshop: Intonation verbessern \u2013 T\u00f6ne sicher treffen und sauber singen. Mit effektiven LAX VOX\u00ae \u00dcbungen Geh\u00f6r schulen und Stimme pr\u00e4zise f\u00fchren.\" \/>\n<meta name=\"robots\" content=\"index, follow, max-snippet:-1, max-image-preview:large, max-video-preview:-1\" \/>\n<link rel=\"canonical\" href=\"https:\/\/laxvox-institute.eu\/en\/product\/toene-treffen-lernen-mit-lax-vox\/\" \/>\n<meta property=\"og:locale\" content=\"en_US\" \/>\n<meta property=\"og:type\" content=\"article\" \/>\n<meta property=\"og:title\" content=\"T\u00f6ne treffen lernen mit LAX VOX\u00ae\" \/>\n<meta property=\"og:description\" content=\"Online-Workshop: Intonation verbessern \u2013 T\u00f6ne sicher treffen und sauber singen. Mit effektiven LAX VOX\u00ae \u00dcbungen Geh\u00f6r schulen und Stimme pr\u00e4zise f\u00fchren.\" \/>\n<meta property=\"og:url\" content=\"https:\/\/laxvox-institute.eu\/en\/product\/toene-treffen-lernen-mit-lax-vox\/\" \/>\n<meta property=\"og:site_name\" content=\"LAX VOX\u00ae Institute by Stephanie A. Kruse\" \/>\n<meta property=\"article:modified_time\" content=\"2026-03-26T10:48:05+00:00\" \/>\n<meta property=\"og:image\" content=\"https:\/\/laxvox-institute.eu\/wp-content\/uploads\/2025\/09\/INTENSE-TICKET-SEPTEMBER-2025-Instagram-Post-45-6.png\" \/>\n\t<meta property=\"og:image:width\" content=\"1080\" \/>\n\t<meta property=\"og:image:height\" content=\"1350\" \/>\n\t<meta property=\"og:image:type\" content=\"image\/png\" \/>\n<meta name=\"twitter:card\" content=\"summary_large_image\" \/>\n<meta name=\"twitter:label1\" content=\"Est. reading time\" \/>\n\t<meta name=\"twitter:data1\" content=\"2 minutes\" \/>\n<script type=\"application\/ld+json\" class=\"yoast-schema-graph\">{\"@context\":\"https:\\\/\\\/schema.org\",\"@graph\":[{\"@type\":\"WebPage\",\"@id\":\"https:\\\/\\\/laxvox-institute.eu\\\/en\\\/product\\\/toene-treffen-lernen-mit-lax-vox\\\/\",\"url\":\"https:\\\/\\\/laxvox-institute.eu\\\/en\\\/product\\\/toene-treffen-lernen-mit-lax-vox\\\/\",\"name\":\"T\u00f6ne treffen lernen mit LAX VOX\u00ae\",\"isPartOf\":{\"@id\":\"https:\\\/\\\/laxvox-institute.eu\\\/en\\\/#website\"},\"primaryImageOfPage\":{\"@id\":\"https:\\\/\\\/laxvox-institute.eu\\\/en\\\/product\\\/toene-treffen-lernen-mit-lax-vox\\\/#primaryimage\"},\"image\":{\"@id\":\"https:\\\/\\\/laxvox-institute.eu\\\/en\\\/product\\\/toene-treffen-lernen-mit-lax-vox\\\/#primaryimage\"},\"thumbnailUrl\":\"https:\\\/\\\/laxvox-institute.eu\\\/wp-content\\\/uploads\\\/2025\\\/09\\\/INTENSE-TICKET-SEPTEMBER-2025-Instagram-Post-45-6.png\",\"datePublished\":\"2026-03-26T10:16:17+00:00\",\"dateModified\":\"2026-03-26T10:48:05+00:00\",\"description\":\"Online-Workshop: Intonation verbessern \u2013 T\u00f6ne sicher treffen und sauber singen. Mit effektiven LAX VOX\u00ae \u00dcbungen Geh\u00f6r schulen und Stimme pr\u00e4zise f\u00fchren.\",\"breadcrumb\":{\"@id\":\"https:\\\/\\\/laxvox-institute.eu\\\/en\\\/product\\\/toene-treffen-lernen-mit-lax-vox\\\/#breadcrumb\"},\"inLanguage\":\"en-US\",\"potentialAction\":[{\"@type\":\"ReadAction\",\"target\":[\"https:\\\/\\\/laxvox-institute.eu\\\/en\\\/product\\\/toene-treffen-lernen-mit-lax-vox\\\/\"]}]},{\"@type\":\"ImageObject\",\"inLanguage\":\"en-US\",\"@id\":\"https:\\\/\\\/laxvox-institute.eu\\\/en\\\/product\\\/toene-treffen-lernen-mit-lax-vox\\\/#primaryimage\",\"url\":\"https:\\\/\\\/laxvox-institute.eu\\\/wp-content\\\/uploads\\\/2025\\\/09\\\/INTENSE-TICKET-SEPTEMBER-2025-Instagram-Post-45-6.png\",\"contentUrl\":\"https:\\\/\\\/laxvox-institute.eu\\\/wp-content\\\/uploads\\\/2025\\\/09\\\/INTENSE-TICKET-SEPTEMBER-2025-Instagram-Post-45-6.png\",\"width\":1080,\"height\":1350},{\"@type\":\"BreadcrumbList\",\"@id\":\"https:\\\/\\\/laxvox-institute.eu\\\/en\\\/product\\\/toene-treffen-lernen-mit-lax-vox\\\/#breadcrumb\",\"itemListElement\":[{\"@type\":\"ListItem\",\"position\":1,\"name\":\"Startseite\",\"item\":\"https:\\\/\\\/laxvox-institute.eu\\\/en\\\/\"},{\"@type\":\"ListItem\",\"position\":2,\"name\":\"Shop\",\"item\":\"https:\\\/\\\/laxvox-institute.eu\\\/en\\\/produkt-archiv\\\/\"},{\"@type\":\"ListItem\",\"position\":3,\"name\":\"T\u00f6ne treffen lernen mit LAX VOX\u00ae\"}]},{\"@type\":\"WebSite\",\"@id\":\"https:\\\/\\\/laxvox-institute.eu\\\/en\\\/#website\",\"url\":\"https:\\\/\\\/laxvox-institute.eu\\\/en\\\/\",\"name\":\"LAX VOX\u00ae Institute by Stephanie A. Kruse\",\"description\":\"Wissen, das hilft! Lerne alles \u00fcber Stimme!\",\"publisher\":{\"@id\":\"https:\\\/\\\/laxvox-institute.eu\\\/en\\\/#organization\"},\"potentialAction\":[{\"@type\":\"SearchAction\",\"target\":{\"@type\":\"EntryPoint\",\"urlTemplate\":\"https:\\\/\\\/laxvox-institute.eu\\\/en\\\/?s={search_term_string}\"},\"query-input\":{\"@type\":\"PropertyValueSpecification\",\"valueRequired\":true,\"valueName\":\"search_term_string\"}}],\"inLanguage\":\"en-US\"},{\"@type\":\"Organization\",\"@id\":\"https:\\\/\\\/laxvox-institute.eu\\\/en\\\/#organization\",\"name\":\"LAX VOX\u00ae Institute by Stephanie A. Kruse\",\"url\":\"https:\\\/\\\/laxvox-institute.eu\\\/en\\\/\",\"logo\":{\"@type\":\"ImageObject\",\"inLanguage\":\"en-US\",\"@id\":\"https:\\\/\\\/laxvox-institute.eu\\\/en\\\/#\\\/schema\\\/logo\\\/image\\\/\",\"url\":\"https:\\\/\\\/laxvox-institute.eu\\\/wp-content\\\/uploads\\\/2021\\\/01\\\/LANDINGPAGE_200px_INSTITUTE.webp\",\"contentUrl\":\"https:\\\/\\\/laxvox-institute.eu\\\/wp-content\\\/uploads\\\/2021\\\/01\\\/LANDINGPAGE_200px_INSTITUTE.webp\",\"width\":200,\"height\":65,\"caption\":\"LAX VOX\u00ae Institute by Stephanie A. Kruse\"},\"image\":{\"@id\":\"https:\\\/\\\/laxvox-institute.eu\\\/en\\\/#\\\/schema\\\/logo\\\/image\\\/\"},\"sameAs\":[\"https:\\\/\\\/www.instagram.com\\\/laxvox_official\\\/\"]}]}<\/script>\n<!-- \/ Yoast SEO plugin. -->","yoast_head_json":{"title":"T\u00f6ne treffen lernen mit LAX VOX\u00ae","description":"Online-Workshop: Intonation verbessern \u2013 T\u00f6ne sicher treffen und sauber singen. Mit effektiven LAX VOX\u00ae \u00dcbungen Geh\u00f6r schulen und Stimme pr\u00e4zise f\u00fchren.","robots":{"index":"index","follow":"follow","max-snippet":"max-snippet:-1","max-image-preview":"max-image-preview:large","max-video-preview":"max-video-preview:-1"},"canonical":"https:\/\/laxvox-institute.eu\/en\/product\/toene-treffen-lernen-mit-lax-vox\/","og_locale":"en_US","og_type":"article","og_title":"T\u00f6ne treffen lernen mit LAX VOX\u00ae","og_description":"Online-Workshop: Intonation verbessern \u2013 T\u00f6ne sicher treffen und sauber singen. Mit effektiven LAX VOX\u00ae \u00dcbungen Geh\u00f6r schulen und Stimme pr\u00e4zise f\u00fchren.","og_url":"https:\/\/laxvox-institute.eu\/en\/product\/toene-treffen-lernen-mit-lax-vox\/","og_site_name":"LAX VOX\u00ae Institute by Stephanie A. Kruse","article_modified_time":"2026-03-26T10:48:05+00:00","og_image":[{"width":1080,"height":1350,"url":"https:\/\/laxvox-institute.eu\/wp-content\/uploads\/2025\/09\/INTENSE-TICKET-SEPTEMBER-2025-Instagram-Post-45-6.png","type":"image\/png"}],"twitter_card":"summary_large_image","twitter_misc":{"Est. reading time":"2 minutes"},"schema":{"@context":"https:\/\/schema.org","@graph":[{"@type":"WebPage","@id":"https:\/\/laxvox-institute.eu\/en\/product\/toene-treffen-lernen-mit-lax-vox\/","url":"https:\/\/laxvox-institute.eu\/en\/product\/toene-treffen-lernen-mit-lax-vox\/","name":"T\u00f6ne treffen lernen mit LAX VOX\u00ae","isPartOf":{"@id":"https:\/\/laxvox-institute.eu\/en\/#website"},"primaryImageOfPage":{"@id":"https:\/\/laxvox-institute.eu\/en\/product\/toene-treffen-lernen-mit-lax-vox\/#primaryimage"},"image":{"@id":"https:\/\/laxvox-institute.eu\/en\/product\/toene-treffen-lernen-mit-lax-vox\/#primaryimage"},"thumbnailUrl":"https:\/\/laxvox-institute.eu\/wp-content\/uploads\/2025\/09\/INTENSE-TICKET-SEPTEMBER-2025-Instagram-Post-45-6.png","datePublished":"2026-03-26T10:16:17+00:00","dateModified":"2026-03-26T10:48:05+00:00","description":"Online-Workshop: Intonation verbessern \u2013 T\u00f6ne sicher treffen und sauber singen. Mit effektiven LAX VOX\u00ae \u00dcbungen Geh\u00f6r schulen und Stimme pr\u00e4zise f\u00fchren.","breadcrumb":{"@id":"https:\/\/laxvox-institute.eu\/en\/product\/toene-treffen-lernen-mit-lax-vox\/#breadcrumb"},"inLanguage":"en-US","potentialAction":[{"@type":"ReadAction","target":["https:\/\/laxvox-institute.eu\/en\/product\/toene-treffen-lernen-mit-lax-vox\/"]}]},{"@type":"ImageObject","inLanguage":"en-US","@id":"https:\/\/laxvox-institute.eu\/en\/product\/toene-treffen-lernen-mit-lax-vox\/#primaryimage","url":"https:\/\/laxvox-institute.eu\/wp-content\/uploads\/2025\/09\/INTENSE-TICKET-SEPTEMBER-2025-Instagram-Post-45-6.png","contentUrl":"https:\/\/laxvox-institute.eu\/wp-content\/uploads\/2025\/09\/INTENSE-TICKET-SEPTEMBER-2025-Instagram-Post-45-6.png","width":1080,"height":1350},{"@type":"BreadcrumbList","@id":"https:\/\/laxvox-institute.eu\/en\/product\/toene-treffen-lernen-mit-lax-vox\/#breadcrumb","itemListElement":[{"@type":"ListItem","position":1,"name":"Startseite","item":"https:\/\/laxvox-institute.eu\/en\/"},{"@type":"ListItem","position":2,"name":"Shop","item":"https:\/\/laxvox-institute.eu\/en\/produkt-archiv\/"},{"@type":"ListItem","position":3,"name":"T\u00f6ne treffen lernen mit LAX VOX\u00ae"}]},{"@type":"WebSite","@id":"https:\/\/laxvox-institute.eu\/en\/#website","url":"https:\/\/laxvox-institute.eu\/en\/","name":"LAX VOX\u00ae Institute by Stephanie A. Kruse","description":"Wissen, das hilft! Lerne alles \u00fcber Stimme!","publisher":{"@id":"https:\/\/laxvox-institute.eu\/en\/#organization"},"potentialAction":[{"@type":"SearchAction","target":{"@type":"EntryPoint","urlTemplate":"https:\/\/laxvox-institute.eu\/en\/?s={search_term_string}"},"query-input":{"@type":"PropertyValueSpecification","valueRequired":true,"valueName":"search_term_string"}}],"inLanguage":"en-US"},{"@type":"Organization","@id":"https:\/\/laxvox-institute.eu\/en\/#organization","name":"LAX VOX\u00ae Institute by Stephanie A. Kruse","url":"https:\/\/laxvox-institute.eu\/en\/","logo":{"@type":"ImageObject","inLanguage":"en-US","@id":"https:\/\/laxvox-institute.eu\/en\/#\/schema\/logo\/image\/","url":"https:\/\/laxvox-institute.eu\/wp-content\/uploads\/2021\/01\/LANDINGPAGE_200px_INSTITUTE.webp","contentUrl":"https:\/\/laxvox-institute.eu\/wp-content\/uploads\/2021\/01\/LANDINGPAGE_200px_INSTITUTE.webp","width":200,"height":65,"caption":"LAX VOX\u00ae Institute by Stephanie A. Kruse"},"image":{"@id":"https:\/\/laxvox-institute.eu\/en\/#\/schema\/logo\/image\/"},"sameAs":["https:\/\/www.instagram.com\/laxvox_official\/"]}]}},"_links":{"self":[{"href":"https:\/\/laxvox-institute.eu\/en\/wp-json\/wp\/v2\/product\/56117","targetHints":{"allow":["GET"]}}],"collection":[{"href":"https:\/\/laxvox-institute.eu\/en\/wp-json\/wp\/v2\/product"}],"about":[{"href":"https:\/\/laxvox-institute.eu\/en\/wp-json\/wp\/v2\/types\/product"}],"wp:featuredmedia":[{"embeddable":true,"href":"https:\/\/laxvox-institute.eu\/en\/wp-json\/wp\/v2\/media\/51737"}],"wp:attachment":[{"href":"https:\/\/laxvox-institute.eu\/en\/wp-json\/wp\/v2\/media?parent=56117"}],"wp:term":[{"taxonomy":"product_brand","embeddable":true,"href":"https:\/\/laxvox-institute.eu\/en\/wp-json\/wp\/v2\/product_brand?post=56117"},{"taxonomy":"product_cat","embeddable":true,"href":"https:\/\/laxvox-institute.eu\/en\/wp-json\/wp\/v2\/product_cat?post=56117"},{"taxonomy":"product_tag","embeddable":true,"href":"https:\/\/laxvox-institute.eu\/en\/wp-json\/wp\/v2\/product_tag?post=56117"}],"curies":[{"name":"wp","href":"https:\/\/api.w.org\/{rel}","templated":true}]}}