{"id":56164,"date":"2026-03-26T13:49:23","date_gmt":"2026-03-26T12:49:23","guid":{"rendered":"https:\/\/laxvox-institute.eu\/?post_type=product&#038;p=56164"},"modified":"2026-03-26T14:22:31","modified_gmt":"2026-03-26T13:22:31","slug":"manuelle-strategien-in-der-stimmtherapie","status":"publish","type":"product","link":"https:\/\/laxvox-institute.eu\/en\/product\/manuelle-strategien-in-der-stimmtherapie\/","title":{"rendered":"Manuelle Strategien in der Stimmtherapie"},"content":{"rendered":"<h3><span style=\"color: #1db8dd;\"><strong>Der <span style=\"color: #1db8dd;\">Workshop<\/span> f\u00fcr ganzheitliche Stimmtherapie<\/strong><\/span><\/h3>\n<h3><span style=\"color: #1db8dd;\">Erkenne, welche k\u00f6rperlichen Ursachen hinter Heiserkeit, Husten und Stimmproblemen stecken \u2013 und warum Stimm\u00fcbungen allein oft nicht ausreichen<\/span><\/h3>\n<div class=\"gap\" style=\"line-height: 10px; height: 10px;\"><\/div>\n<p>Heiserkeit, Husten, R\u00e4usperzwang oder eingeschr\u00e4nkte Stimmleistung sind klare Signale daf\u00fcr, dass die Ursache nicht allein in der Stimme liegt. H\u00e4ufig spielen muskul\u00e4re Verspannungen, Reflux, CMD oder ein eingeschr\u00e4nkter Lymphfluss eine entscheidende Rolle.<br \/>\nDiese Faktoren beeinflussen die Stimme direkt \u2013 und genau hier setzt eine moderne, ganzheitliche Stimmtherapie an. Denn nur wenn die Ursachen erkannt und gezielt behandelt werden, k\u00f6nnen Stimm\u00fcbungen ihre volle Wirkung entfalten.<\/p>\n<p>In diesem Workshop lernst du, Zusammenh\u00e4nge zwischen K\u00f6rper, Stimme und Diagnosen sicher zu erkennen \u2013 und wie du mit gezielten manuellen Techniken und alltagstauglichen \u00dcbungen nachhaltig Ver\u00e4nderung bewirken kannst.Ursachen verstehen. Stimme entlasten. Therapie wirksam machen.<br \/>\n<div class=\"gap\" style=\"line-height: 10px; height: 10px;\"><\/div><\/p>\n<h4><strong><span style=\"color: #1db8dd;\">Du lernst:<\/span><\/strong><\/h4>\n<p>\u2714 <strong>Warum Stimm\u00fcbungen allein oft nicht greifen:<\/strong> K\u00f6rperliche Ursachen und Zusammenh\u00e4nge richtig einordnen<\/p>\n<p>\u2714 <strong>Unterschiede verstehen:<\/strong> Manuelle Techniken gezielt ausw\u00e4hlen und anwenden<\/p>\n<p>\u2714 <strong>Zusammenh\u00e4nge erkennen:<\/strong> Verbindung zwischen Anatomie, Diagnosen und Symptomen herstellen<\/p>\n<p>\u2714 <strong>Praxisnah &amp; sofort einsetzbar:<\/strong> \u00dcbungen f\u00fcr den Alltag mit deinen Patient*innen <div class=\"gap\" style=\"line-height: 10px; height: 10px;\"><\/div><\/p>\n<h4 style=\"color: #1db8dd;\"><strong>Zielgruppe:<\/strong><\/h4>\n<p>Die Inhalte sind speziell f\u00fcr <strong>Logop\u00e4d*innen und Stimmtherapeut*innen<\/strong> konzipiert und lassen sich direkt in der therapeutischen Praxis anwenden.<\/p>\n<div class=\"gap\" style=\"line-height: 10px; height: 10px;\"><\/div>\n<h4 style=\"color: #1db8dd;\"><strong>Deine Dozentin:<\/strong><\/h4>\n<p><strong>Nike Sonnentheil\u00a0<\/strong>ist Logop\u00e4din, Sprecherzieherin, Dozentin f\u00fcr Stimmwissenschaften und LAX VOX\u00ae Master Trainerin. Sie hat sich in ihrer Hamburger Praxis auf Stimme, besondere St\u00f6rungsbilder und neurologische Grunderkrankungen von Kindern und S\u00e4uglingen spezialisiert. Ihre Arbeit ist ihre Leidenschaft und mit der will sie dich in ihren Workshops auch anstecken.<\/p>\n<div class=\"gap\" style=\"line-height: 10px; height: 10px;\"><\/div>\n<p>\u00dcberblick:<\/p>\n<p><strong>\u2713 5 Fortbildungspunkte<\/strong><br \/>\n<strong>\u2713 Zoom live \u2013 keine Aufzeichnung<\/strong><br \/>\n<strong>\u2713 Link &amp; Skript nach Zahlungseingang im Kundenkonto<\/strong><br \/>\n<strong>\u2713 Teilnahme per PC\/Laptop empfohlen<\/strong><br \/>\n<strong>\u2713 Kamera an &amp; Klarname erforderlich<\/strong><\/p>\n","protected":false},"excerpt":{"rendered":"<div class=\"icon-text-block\"><i class=\"fa fa-calendar\"><\/i>Donnerstag, 15.10.2026<\/div>\n<div class=\"icon-text-block\"><i class=\"fa fa-clock-o\"><\/i>10:00\u201314:00 Uhr<\/div>\n<div class=\"icon-text-block\"><i class=\"fa fa-user-o\"><\/i>Nike Theresa Sonnentheil<\/div>\n<div class=\"icon-text-block\"><i class=\"fa fa-certificate\"><\/i>5 Fortbildungspunkte<\/div>\n<div class=\"icon-text-block\"><i class=\"fa fa-laptop\"><\/i>Online via Zoom<\/div>\n<div><strong>Zoom-Link &amp; Handout im Kundenkonto<\/strong><\/div>\n","protected":false},"featured_media":52033,"template":"","meta":[],"product_brand":[],"product_cat":[767,821,944],"product_tag":[],"class_list":{"0":"post-56164","1":"product","2":"type-product","3":"status-publish","4":"has-post-thumbnail","6":"product_cat-lv-in-der-logopaedie","7":"product_cat-lv-kiefer","8":"product_cat-fuer-deine-stimme","9":"description-off","11":"first","12":"instock","13":"virtual","14":"sold-individually","15":"purchasable","16":"product-type-simple"},"bundled_by":[],"bundle_stock_status":"instock","bundle_stock_quantity":null,"bundle_virtual":false,"bundle_layout":"","bundle_add_to_cart_form_location":"","bundle_editable_in_cart":false,"bundle_sold_individually_context":"","bundle_item_grouping":"","bundle_min_size":"","bundle_max_size":"","bundle_price":[],"bundled_items":[],"bundle_sell_ids":[],"yoast_head":"<!-- This site is optimized with the Yoast SEO plugin v27.3 - https:\/\/yoast.com\/product\/yoast-seo-wordpress\/ -->\n<title>Manuelle Strategien in der Stimmtherapie<\/title>\n<meta name=\"description\" content=\"Lerne Zusammenh\u00e4nge zwischen K\u00f6rper, Stimme und Diagnosen sicher zu erkennen. Manuelle Techniken und alltagstauglichen \u00dcbungen einzusetzen.\" \/>\n<meta name=\"robots\" content=\"index, follow, max-snippet:-1, max-image-preview:large, max-video-preview:-1\" \/>\n<link rel=\"canonical\" href=\"https:\/\/laxvox-institute.eu\/en\/product\/manuelle-strategien-in-der-stimmtherapie\/\" \/>\n<meta property=\"og:locale\" content=\"en_US\" \/>\n<meta property=\"og:type\" content=\"article\" \/>\n<meta property=\"og:title\" content=\"Manuelle Strategien in der Stimmtherapie\" \/>\n<meta property=\"og:description\" content=\"Lerne Zusammenh\u00e4nge zwischen K\u00f6rper, Stimme und Diagnosen sicher zu erkennen. Manuelle Techniken und alltagstauglichen \u00dcbungen einzusetzen.\" \/>\n<meta property=\"og:url\" content=\"https:\/\/laxvox-institute.eu\/en\/product\/manuelle-strategien-in-der-stimmtherapie\/\" \/>\n<meta property=\"og:site_name\" content=\"LAX VOX\u00ae Institute by Stephanie A. Kruse\" \/>\n<meta property=\"article:modified_time\" content=\"2026-03-26T13:22:31+00:00\" \/>\n<meta property=\"og:image\" content=\"https:\/\/laxvox-institute.eu\/wp-content\/uploads\/2025\/09\/Bildschirmfoto-2025-09-14-um-23.27.40-823x1024.png\" \/>\n\t<meta property=\"og:image:width\" content=\"823\" \/>\n\t<meta property=\"og:image:height\" content=\"1024\" \/>\n\t<meta property=\"og:image:type\" content=\"image\/png\" \/>\n<meta name=\"twitter:card\" content=\"summary_large_image\" \/>\n<meta name=\"twitter:label1\" content=\"Est. reading time\" \/>\n\t<meta name=\"twitter:data1\" content=\"2 minutes\" \/>\n<script type=\"application\/ld+json\" class=\"yoast-schema-graph\">{\"@context\":\"https:\\\/\\\/schema.org\",\"@graph\":[{\"@type\":\"WebPage\",\"@id\":\"https:\\\/\\\/laxvox-institute.eu\\\/en\\\/product\\\/manuelle-strategien-in-der-stimmtherapie\\\/\",\"url\":\"https:\\\/\\\/laxvox-institute.eu\\\/en\\\/product\\\/manuelle-strategien-in-der-stimmtherapie\\\/\",\"name\":\"Manuelle Strategien in der Stimmtherapie\",\"isPartOf\":{\"@id\":\"https:\\\/\\\/laxvox-institute.eu\\\/en\\\/#website\"},\"primaryImageOfPage\":{\"@id\":\"https:\\\/\\\/laxvox-institute.eu\\\/en\\\/product\\\/manuelle-strategien-in-der-stimmtherapie\\\/#primaryimage\"},\"image\":{\"@id\":\"https:\\\/\\\/laxvox-institute.eu\\\/en\\\/product\\\/manuelle-strategien-in-der-stimmtherapie\\\/#primaryimage\"},\"thumbnailUrl\":\"https:\\\/\\\/laxvox-institute.eu\\\/wp-content\\\/uploads\\\/2025\\\/09\\\/Bildschirmfoto-2025-09-14-um-23.27.40.png\",\"datePublished\":\"2026-03-26T12:49:23+00:00\",\"dateModified\":\"2026-03-26T13:22:31+00:00\",\"description\":\"Lerne Zusammenh\u00e4nge zwischen K\u00f6rper, Stimme und Diagnosen sicher zu erkennen. Manuelle Techniken und alltagstauglichen \u00dcbungen einzusetzen.\",\"breadcrumb\":{\"@id\":\"https:\\\/\\\/laxvox-institute.eu\\\/en\\\/product\\\/manuelle-strategien-in-der-stimmtherapie\\\/#breadcrumb\"},\"inLanguage\":\"en-US\",\"potentialAction\":[{\"@type\":\"ReadAction\",\"target\":[\"https:\\\/\\\/laxvox-institute.eu\\\/en\\\/product\\\/manuelle-strategien-in-der-stimmtherapie\\\/\"]}]},{\"@type\":\"ImageObject\",\"inLanguage\":\"en-US\",\"@id\":\"https:\\\/\\\/laxvox-institute.eu\\\/en\\\/product\\\/manuelle-strategien-in-der-stimmtherapie\\\/#primaryimage\",\"url\":\"https:\\\/\\\/laxvox-institute.eu\\\/wp-content\\\/uploads\\\/2025\\\/09\\\/Bildschirmfoto-2025-09-14-um-23.27.40.png\",\"contentUrl\":\"https:\\\/\\\/laxvox-institute.eu\\\/wp-content\\\/uploads\\\/2025\\\/09\\\/Bildschirmfoto-2025-09-14-um-23.27.40.png\",\"width\":1462,\"height\":1818},{\"@type\":\"BreadcrumbList\",\"@id\":\"https:\\\/\\\/laxvox-institute.eu\\\/en\\\/product\\\/manuelle-strategien-in-der-stimmtherapie\\\/#breadcrumb\",\"itemListElement\":[{\"@type\":\"ListItem\",\"position\":1,\"name\":\"Startseite\",\"item\":\"https:\\\/\\\/laxvox-institute.eu\\\/en\\\/\"},{\"@type\":\"ListItem\",\"position\":2,\"name\":\"Shop\",\"item\":\"https:\\\/\\\/laxvox-institute.eu\\\/en\\\/produkt-archiv\\\/\"},{\"@type\":\"ListItem\",\"position\":3,\"name\":\"Manuelle Strategien in der Stimmtherapie\"}]},{\"@type\":\"WebSite\",\"@id\":\"https:\\\/\\\/laxvox-institute.eu\\\/en\\\/#website\",\"url\":\"https:\\\/\\\/laxvox-institute.eu\\\/en\\\/\",\"name\":\"LAX VOX\u00ae Institute by Stephanie A. Kruse\",\"description\":\"Wissen, das hilft! Lerne alles \u00fcber Stimme!\",\"publisher\":{\"@id\":\"https:\\\/\\\/laxvox-institute.eu\\\/en\\\/#organization\"},\"potentialAction\":[{\"@type\":\"SearchAction\",\"target\":{\"@type\":\"EntryPoint\",\"urlTemplate\":\"https:\\\/\\\/laxvox-institute.eu\\\/en\\\/?s={search_term_string}\"},\"query-input\":{\"@type\":\"PropertyValueSpecification\",\"valueRequired\":true,\"valueName\":\"search_term_string\"}}],\"inLanguage\":\"en-US\"},{\"@type\":\"Organization\",\"@id\":\"https:\\\/\\\/laxvox-institute.eu\\\/en\\\/#organization\",\"name\":\"LAX VOX\u00ae Institute by Stephanie A. Kruse\",\"url\":\"https:\\\/\\\/laxvox-institute.eu\\\/en\\\/\",\"logo\":{\"@type\":\"ImageObject\",\"inLanguage\":\"en-US\",\"@id\":\"https:\\\/\\\/laxvox-institute.eu\\\/en\\\/#\\\/schema\\\/logo\\\/image\\\/\",\"url\":\"https:\\\/\\\/laxvox-institute.eu\\\/wp-content\\\/uploads\\\/2021\\\/01\\\/LANDINGPAGE_200px_INSTITUTE.webp\",\"contentUrl\":\"https:\\\/\\\/laxvox-institute.eu\\\/wp-content\\\/uploads\\\/2021\\\/01\\\/LANDINGPAGE_200px_INSTITUTE.webp\",\"width\":200,\"height\":65,\"caption\":\"LAX VOX\u00ae Institute by Stephanie A. Kruse\"},\"image\":{\"@id\":\"https:\\\/\\\/laxvox-institute.eu\\\/en\\\/#\\\/schema\\\/logo\\\/image\\\/\"},\"sameAs\":[\"https:\\\/\\\/www.instagram.com\\\/laxvox_official\\\/\"]}]}<\/script>\n<!-- \/ Yoast SEO plugin. -->","yoast_head_json":{"title":"Manuelle Strategien in der Stimmtherapie","description":"Lerne Zusammenh\u00e4nge zwischen K\u00f6rper, Stimme und Diagnosen sicher zu erkennen. Manuelle Techniken und alltagstauglichen \u00dcbungen einzusetzen.","robots":{"index":"index","follow":"follow","max-snippet":"max-snippet:-1","max-image-preview":"max-image-preview:large","max-video-preview":"max-video-preview:-1"},"canonical":"https:\/\/laxvox-institute.eu\/en\/product\/manuelle-strategien-in-der-stimmtherapie\/","og_locale":"en_US","og_type":"article","og_title":"Manuelle Strategien in der Stimmtherapie","og_description":"Lerne Zusammenh\u00e4nge zwischen K\u00f6rper, Stimme und Diagnosen sicher zu erkennen. Manuelle Techniken und alltagstauglichen \u00dcbungen einzusetzen.","og_url":"https:\/\/laxvox-institute.eu\/en\/product\/manuelle-strategien-in-der-stimmtherapie\/","og_site_name":"LAX VOX\u00ae Institute by Stephanie A. Kruse","article_modified_time":"2026-03-26T13:22:31+00:00","og_image":[{"width":823,"height":1024,"url":"https:\/\/laxvox-institute.eu\/wp-content\/uploads\/2025\/09\/Bildschirmfoto-2025-09-14-um-23.27.40-823x1024.png","type":"image\/png"}],"twitter_card":"summary_large_image","twitter_misc":{"Est. reading time":"2 minutes"},"schema":{"@context":"https:\/\/schema.org","@graph":[{"@type":"WebPage","@id":"https:\/\/laxvox-institute.eu\/en\/product\/manuelle-strategien-in-der-stimmtherapie\/","url":"https:\/\/laxvox-institute.eu\/en\/product\/manuelle-strategien-in-der-stimmtherapie\/","name":"Manuelle Strategien in der Stimmtherapie","isPartOf":{"@id":"https:\/\/laxvox-institute.eu\/en\/#website"},"primaryImageOfPage":{"@id":"https:\/\/laxvox-institute.eu\/en\/product\/manuelle-strategien-in-der-stimmtherapie\/#primaryimage"},"image":{"@id":"https:\/\/laxvox-institute.eu\/en\/product\/manuelle-strategien-in-der-stimmtherapie\/#primaryimage"},"thumbnailUrl":"https:\/\/laxvox-institute.eu\/wp-content\/uploads\/2025\/09\/Bildschirmfoto-2025-09-14-um-23.27.40.png","datePublished":"2026-03-26T12:49:23+00:00","dateModified":"2026-03-26T13:22:31+00:00","description":"Lerne Zusammenh\u00e4nge zwischen K\u00f6rper, Stimme und Diagnosen sicher zu erkennen. Manuelle Techniken und alltagstauglichen \u00dcbungen einzusetzen.","breadcrumb":{"@id":"https:\/\/laxvox-institute.eu\/en\/product\/manuelle-strategien-in-der-stimmtherapie\/#breadcrumb"},"inLanguage":"en-US","potentialAction":[{"@type":"ReadAction","target":["https:\/\/laxvox-institute.eu\/en\/product\/manuelle-strategien-in-der-stimmtherapie\/"]}]},{"@type":"ImageObject","inLanguage":"en-US","@id":"https:\/\/laxvox-institute.eu\/en\/product\/manuelle-strategien-in-der-stimmtherapie\/#primaryimage","url":"https:\/\/laxvox-institute.eu\/wp-content\/uploads\/2025\/09\/Bildschirmfoto-2025-09-14-um-23.27.40.png","contentUrl":"https:\/\/laxvox-institute.eu\/wp-content\/uploads\/2025\/09\/Bildschirmfoto-2025-09-14-um-23.27.40.png","width":1462,"height":1818},{"@type":"BreadcrumbList","@id":"https:\/\/laxvox-institute.eu\/en\/product\/manuelle-strategien-in-der-stimmtherapie\/#breadcrumb","itemListElement":[{"@type":"ListItem","position":1,"name":"Startseite","item":"https:\/\/laxvox-institute.eu\/en\/"},{"@type":"ListItem","position":2,"name":"Shop","item":"https:\/\/laxvox-institute.eu\/en\/produkt-archiv\/"},{"@type":"ListItem","position":3,"name":"Manuelle Strategien in der Stimmtherapie"}]},{"@type":"WebSite","@id":"https:\/\/laxvox-institute.eu\/en\/#website","url":"https:\/\/laxvox-institute.eu\/en\/","name":"LAX VOX\u00ae Institute by Stephanie A. Kruse","description":"Wissen, das hilft! Lerne alles \u00fcber Stimme!","publisher":{"@id":"https:\/\/laxvox-institute.eu\/en\/#organization"},"potentialAction":[{"@type":"SearchAction","target":{"@type":"EntryPoint","urlTemplate":"https:\/\/laxvox-institute.eu\/en\/?s={search_term_string}"},"query-input":{"@type":"PropertyValueSpecification","valueRequired":true,"valueName":"search_term_string"}}],"inLanguage":"en-US"},{"@type":"Organization","@id":"https:\/\/laxvox-institute.eu\/en\/#organization","name":"LAX VOX\u00ae Institute by Stephanie A. Kruse","url":"https:\/\/laxvox-institute.eu\/en\/","logo":{"@type":"ImageObject","inLanguage":"en-US","@id":"https:\/\/laxvox-institute.eu\/en\/#\/schema\/logo\/image\/","url":"https:\/\/laxvox-institute.eu\/wp-content\/uploads\/2021\/01\/LANDINGPAGE_200px_INSTITUTE.webp","contentUrl":"https:\/\/laxvox-institute.eu\/wp-content\/uploads\/2021\/01\/LANDINGPAGE_200px_INSTITUTE.webp","width":200,"height":65,"caption":"LAX VOX\u00ae Institute by Stephanie A. Kruse"},"image":{"@id":"https:\/\/laxvox-institute.eu\/en\/#\/schema\/logo\/image\/"},"sameAs":["https:\/\/www.instagram.com\/laxvox_official\/"]}]}},"_links":{"self":[{"href":"https:\/\/laxvox-institute.eu\/en\/wp-json\/wp\/v2\/product\/56164","targetHints":{"allow":["GET"]}}],"collection":[{"href":"https:\/\/laxvox-institute.eu\/en\/wp-json\/wp\/v2\/product"}],"about":[{"href":"https:\/\/laxvox-institute.eu\/en\/wp-json\/wp\/v2\/types\/product"}],"wp:featuredmedia":[{"embeddable":true,"href":"https:\/\/laxvox-institute.eu\/en\/wp-json\/wp\/v2\/media\/52033"}],"wp:attachment":[{"href":"https:\/\/laxvox-institute.eu\/en\/wp-json\/wp\/v2\/media?parent=56164"}],"wp:term":[{"taxonomy":"product_brand","embeddable":true,"href":"https:\/\/laxvox-institute.eu\/en\/wp-json\/wp\/v2\/product_brand?post=56164"},{"taxonomy":"product_cat","embeddable":true,"href":"https:\/\/laxvox-institute.eu\/en\/wp-json\/wp\/v2\/product_cat?post=56164"},{"taxonomy":"product_tag","embeddable":true,"href":"https:\/\/laxvox-institute.eu\/en\/wp-json\/wp\/v2\/product_tag?post=56164"}],"curies":[{"name":"wp","href":"https:\/\/api.w.org\/{rel}","templated":true}]}}