{"id":56289,"date":"2026-03-28T16:20:34","date_gmt":"2026-03-28T15:20:34","guid":{"rendered":"https:\/\/laxvox-institute.eu\/?post_type=product&#038;p=56289"},"modified":"2026-04-02T15:53:41","modified_gmt":"2026-04-02T13:53:41","slug":"zusatztermin-growlen-shouten-und-screamen-lernen-harsh-vocals-fuer-einsteigerinnen","status":"publish","type":"product","link":"https:\/\/laxvox-institute.eu\/en\/product\/zusatztermin-growlen-shouten-und-screamen-lernen-harsh-vocals-fuer-einsteigerinnen\/","title":{"rendered":"ZUSATZTERMIN\u00a0| Growlen, Shouten und Screamen lernen \u2013 Harsh Vocals f\u00fcr Einsteiger:innen"},"content":{"rendered":"<p><strong><span style=\"color: #ff0000;\">ZUSATZTERMIN: Da der Workshop am 20.05. so schnell ausverkauft war, \u00a0bieten wir den Workshop am Freitag, den 22.05.2026 erneut an.<\/span><\/strong><\/p>\n<p>Harsh Vocals f\u00fcr Einsteiger:innen: Stimme, Atmung und Technik sicher entwickeln<\/p>\n<div class=\"gap\" style=\"line-height: 10px; height: 10px;\"><\/div>\n<h3><span style=\"color: #1db8dd;\">&#8220;Wie kann ich Growlen, Screamen und Shouten lernen \u2013 kraftvoll, kontrolliert und ohne meine Stimme zu sch\u00e4digen?&#8221;<\/span><\/h3>\n<p>Viele Einsteiger:innen sind fasziniert von Harsh Vocals wie Growling, Screaming oder Shouting \u2013 doch ohne fundierte Stimmtechnik, gezielte Atemkontrolle und ein Verst\u00e4ndnis f\u00fcr Stimmfunktion f\u00fchren erste Versuche h\u00e4ufig zu Heiserkeit, Unsicherheit oder \u00dcberlastung.<\/p>\n<p>In diesem Grundlagenkurs lernst du klar strukturierte, funktionelle Strategien, mit denen du Harsh Vocals sicher lernen und deine Stimme kraftvoll entwickeln kannst \u2013 k\u00f6rperfreundlich, verst\u00e4ndlich und sofort umsetzbar.<\/p>\n<p>Praxisnah. Sicher. Sofort umsetzbar.<\/p>\n<div class=\"gap\" style=\"line-height: 10px; height: 10px;\"><\/div>\n<h4><strong><span style=\"color: #1db8dd;\">Du lernst:<\/span><\/strong><\/h4>\n<p><strong>\u2713 Harsh Vocals gezielt aufbauen:<\/strong> Grundlagen von False Cord und Fry Screaming verstehen und sicher anwenden.<br \/>\n<strong>\u2713 Atemkontrolle verbessern:<\/strong> funktionelle Strategien zur Regulation von Druck und Atemfluss f\u00fcr stabile, kraftvolle Sounds.<br \/>\n<strong>\u2713 Stimme gesund einsetzen:<\/strong> Heiserkeit vermeiden und deine Stimme langfristig belastbar halten.<br \/>\n<strong>\u2713 Klang und Ausdruck erweitern:<\/strong> Verzerrung, Intensit\u00e4t und Stimmvariationen bewusst steuern.<\/p>\n<p><strong>Training, das deine Stimme kraftvoll macht \u2013 kontrolliert, gesund und alltagstauglich.<\/strong><\/p>\n<div class=\"gap\" style=\"line-height: 10px; height: 10px;\"><\/div>\n<h4 style=\"color: #1db8dd;\"><strong>Material:<\/strong><\/h4>\n<p>Bequeme Umgebung, ausreichend Wasser, die M\u00f6glichkeit, laut zu \u00fcben<\/p>\n<div class=\"gap\" style=\"line-height: 10px; height: 10px;\"><\/div>\n<h4 style=\"color: #1db8dd;\"><strong>Zielgruppe:<\/strong><\/h4>\n<p>F\u00fcr Einsteiger:innen, Neugierige und alle, die Harsh Vocals lernen, ihre Stimme erweitern und neue Klangm\u00f6glichkeiten entdecken m\u00f6chten \u2013 ganz ohne Vorkenntnisse<\/p>\n<div class=\"gap\" style=\"line-height: 10px; height: 10px;\"><\/div>\n<h4 style=\"color: #1db8dd;\"><strong>Deine Dozentin:<\/strong><\/h4>\n<p><strong><img decoding=\"async\" class=\"alignleft wp-image-56170\" src=\"https:\/\/laxvox-institute.eu\/wp-content\/uploads\/2026\/03\/Dozierenden-fotos-klein-6-300x300.png\" alt=\"\" width=\"100\" height=\"100\" data-wp-editing=\"1\" \/>Britta G\u00f6rtz<br \/>\n<\/strong>ist eine der profiliertesten Extreme-Metal-Vokalistinnen Deutschlands und blickt auf eine \u00fcber 20-j\u00e4hrige Karriere auf internationalen B\u00fchnen und in professionellen Albumproduktionen zur\u00fcck. Bekannt geworden durch ihre enorme stimmliche Gewalt und technische Pr\u00e4zision, hat sie sich fest in der weltweiten Metal-Szene etabliert. Seit 2020 unterrichte ich hauptberuflich Growlen, Shouten und Screamen und ist Veranstalterin des Harsh Vocal Camp, einem Intensiv-Camp \u00a0zum Erlernen von Extreme Vocals in Hannover.<\/p>\n<p>&nbsp;<\/p>\n<p><span style=\"color: #1db8dd;\"><strong>\u00dcberblick:<\/strong><\/span><\/p>\n<p><strong>\u2713 2 Fortbildungspunkte<\/strong><br \/>\n<strong>\u2713 Zoom live, keine Aufzeichnung<\/strong><br \/>\n<strong>\u2713 Link &amp; Skript nach Zahlungseingang im Kundenkonto<\/strong><br \/>\n<strong>\u2713 Teilnahme per PC\/Laptop empfohlen<\/strong><br \/>\n<strong>\u2713 Kamera an &amp; Klarname erforderlich<\/strong><\/p>\n","protected":false},"excerpt":{"rendered":"<div class=\"icon-text-block\"><i class=\"fa fa-calendar\"><\/i>Freitag, 22.05.2026<\/div>\n<div class=\"icon-text-block\"><i class=\"fa fa-clock-o\"><\/i> 18.00\u201321:00 Uhr<\/div>\n<div class=\"icon-text-block\"><i class=\"fa fa-user-o\"><\/i> Britta G\u00f6rtz<\/div>\n<div class=\"icon-text-block\"><i class=\"fa fa-certificate\"><\/i>4 Fortbildungspunkte<\/div>\n<div class=\"icon-text-block\"><i class=\"fa fa-laptop\"><\/i> Online via Zoom<\/div>\n<div class=\"icon-text-block\"><i class=\"fa fa-folder-open\"><\/i><strong>Zoom-Link &amp; Handout im Kundenkonto<\/strong><\/div>\n","protected":false},"featured_media":56166,"template":"","meta":[],"product_brand":[],"product_cat":[247,333,767,944],"product_tag":[],"class_list":{"0":"post-56289","1":"product","2":"type-product","3":"status-publish","4":"has-post-thumbnail","6":"product_cat-lax-vox-voice-therapy","7":"product_cat-lax-vox-neuro","8":"product_cat-lv-in-der-logopaedie","9":"product_cat-fuer-deine-stimme","10":"description-off","12":"first","13":"instock","14":"virtual","15":"sold-individually","16":"purchasable","17":"product-type-simple"},"bundled_by":[],"bundle_stock_status":"instock","bundle_stock_quantity":null,"bundle_virtual":false,"bundle_layout":"","bundle_add_to_cart_form_location":"","bundle_editable_in_cart":false,"bundle_sold_individually_context":"","bundle_item_grouping":"","bundle_min_size":"","bundle_max_size":"","bundle_price":[],"bundled_items":[],"bundle_sell_ids":[],"yoast_head":"<!-- This site is optimized with the Yoast SEO plugin v27.3 - https:\/\/yoast.com\/product\/yoast-seo-wordpress\/ -->\n<title>Harsh Vocals f\u00fcr Einsteiger:innen<\/title>\n<meta name=\"description\" content=\"In diesem Workshop mit Britta G\u00f6rtz lernst du Growlen, Screamen und Shouten \u2013 kraftvoll, kontrolliert und ohne deine Stimme zu sch\u00e4digen.\" \/>\n<meta name=\"robots\" content=\"index, follow, max-snippet:-1, max-image-preview:large, max-video-preview:-1\" \/>\n<link rel=\"canonical\" href=\"https:\/\/laxvox-institute.eu\/en\/product\/zusatztermin-growlen-shouten-und-screamen-lernen-harsh-vocals-fuer-einsteigerinnen\/\" \/>\n<meta property=\"og:locale\" content=\"en_US\" \/>\n<meta property=\"og:type\" content=\"article\" \/>\n<meta property=\"og:title\" content=\"Harsh Vocals f\u00fcr Einsteiger:innen\" \/>\n<meta property=\"og:description\" content=\"In diesem Workshop mit Britta G\u00f6rtz lernst du Growlen, Screamen und Shouten \u2013 kraftvoll, kontrolliert und ohne deine Stimme zu sch\u00e4digen.\" \/>\n<meta property=\"og:url\" content=\"https:\/\/laxvox-institute.eu\/en\/product\/zusatztermin-growlen-shouten-und-screamen-lernen-harsh-vocals-fuer-einsteigerinnen\/\" \/>\n<meta property=\"og:site_name\" content=\"LAX VOX\u00ae Institute by Stephanie A. Kruse\" \/>\n<meta property=\"article:modified_time\" content=\"2026-04-02T13:53:41+00:00\" \/>\n<meta property=\"og:image\" content=\"https:\/\/laxvox-institute.eu\/wp-content\/uploads\/2026\/03\/Bildschirmfoto-2026-03-26-um-11.28.27.webp\" \/>\n\t<meta property=\"og:image:width\" content=\"1920\" \/>\n\t<meta property=\"og:image:height\" content=\"1870\" \/>\n\t<meta property=\"og:image:type\" content=\"image\/webp\" \/>\n<meta name=\"twitter:card\" content=\"summary_large_image\" \/>\n<meta name=\"twitter:label1\" content=\"Est. reading time\" \/>\n\t<meta name=\"twitter:data1\" content=\"3 minutes\" \/>\n<script type=\"application\/ld+json\" class=\"yoast-schema-graph\">{\"@context\":\"https:\\\/\\\/schema.org\",\"@graph\":[{\"@type\":\"WebPage\",\"@id\":\"https:\\\/\\\/laxvox-institute.eu\\\/en\\\/product\\\/zusatztermin-growlen-shouten-und-screamen-lernen-harsh-vocals-fuer-einsteigerinnen\\\/\",\"url\":\"https:\\\/\\\/laxvox-institute.eu\\\/en\\\/product\\\/zusatztermin-growlen-shouten-und-screamen-lernen-harsh-vocals-fuer-einsteigerinnen\\\/\",\"name\":\"Harsh Vocals f\u00fcr Einsteiger:innen\",\"isPartOf\":{\"@id\":\"https:\\\/\\\/laxvox-institute.eu\\\/en\\\/#website\"},\"primaryImageOfPage\":{\"@id\":\"https:\\\/\\\/laxvox-institute.eu\\\/en\\\/product\\\/zusatztermin-growlen-shouten-und-screamen-lernen-harsh-vocals-fuer-einsteigerinnen\\\/#primaryimage\"},\"image\":{\"@id\":\"https:\\\/\\\/laxvox-institute.eu\\\/en\\\/product\\\/zusatztermin-growlen-shouten-und-screamen-lernen-harsh-vocals-fuer-einsteigerinnen\\\/#primaryimage\"},\"thumbnailUrl\":\"https:\\\/\\\/laxvox-institute.eu\\\/wp-content\\\/uploads\\\/2026\\\/03\\\/Bildschirmfoto-2026-03-26-um-11.28.27.webp\",\"datePublished\":\"2026-03-28T15:20:34+00:00\",\"dateModified\":\"2026-04-02T13:53:41+00:00\",\"description\":\"In diesem Workshop mit Britta G\u00f6rtz lernst du Growlen, Screamen und Shouten \u2013 kraftvoll, kontrolliert und ohne deine Stimme zu sch\u00e4digen.\",\"breadcrumb\":{\"@id\":\"https:\\\/\\\/laxvox-institute.eu\\\/en\\\/product\\\/zusatztermin-growlen-shouten-und-screamen-lernen-harsh-vocals-fuer-einsteigerinnen\\\/#breadcrumb\"},\"inLanguage\":\"en-US\",\"potentialAction\":[{\"@type\":\"ReadAction\",\"target\":[\"https:\\\/\\\/laxvox-institute.eu\\\/en\\\/product\\\/zusatztermin-growlen-shouten-und-screamen-lernen-harsh-vocals-fuer-einsteigerinnen\\\/\"]}]},{\"@type\":\"ImageObject\",\"inLanguage\":\"en-US\",\"@id\":\"https:\\\/\\\/laxvox-institute.eu\\\/en\\\/product\\\/zusatztermin-growlen-shouten-und-screamen-lernen-harsh-vocals-fuer-einsteigerinnen\\\/#primaryimage\",\"url\":\"https:\\\/\\\/laxvox-institute.eu\\\/wp-content\\\/uploads\\\/2026\\\/03\\\/Bildschirmfoto-2026-03-26-um-11.28.27.webp\",\"contentUrl\":\"https:\\\/\\\/laxvox-institute.eu\\\/wp-content\\\/uploads\\\/2026\\\/03\\\/Bildschirmfoto-2026-03-26-um-11.28.27.webp\",\"width\":1920,\"height\":1870},{\"@type\":\"BreadcrumbList\",\"@id\":\"https:\\\/\\\/laxvox-institute.eu\\\/en\\\/product\\\/zusatztermin-growlen-shouten-und-screamen-lernen-harsh-vocals-fuer-einsteigerinnen\\\/#breadcrumb\",\"itemListElement\":[{\"@type\":\"ListItem\",\"position\":1,\"name\":\"Startseite\",\"item\":\"https:\\\/\\\/laxvox-institute.eu\\\/en\\\/\"},{\"@type\":\"ListItem\",\"position\":2,\"name\":\"Shop\",\"item\":\"https:\\\/\\\/laxvox-institute.eu\\\/en\\\/produkt-archiv\\\/\"},{\"@type\":\"ListItem\",\"position\":3,\"name\":\"ZUSATZTERMIN\u00a0| Growlen, Shouten und Screamen lernen \u2013 Harsh Vocals f\u00fcr Einsteiger:innen\"}]},{\"@type\":\"WebSite\",\"@id\":\"https:\\\/\\\/laxvox-institute.eu\\\/en\\\/#website\",\"url\":\"https:\\\/\\\/laxvox-institute.eu\\\/en\\\/\",\"name\":\"LAX VOX\u00ae Institute by Stephanie A. Kruse\",\"description\":\"Wissen, das hilft! Lerne alles \u00fcber Stimme!\",\"publisher\":{\"@id\":\"https:\\\/\\\/laxvox-institute.eu\\\/en\\\/#organization\"},\"potentialAction\":[{\"@type\":\"SearchAction\",\"target\":{\"@type\":\"EntryPoint\",\"urlTemplate\":\"https:\\\/\\\/laxvox-institute.eu\\\/en\\\/?s={search_term_string}\"},\"query-input\":{\"@type\":\"PropertyValueSpecification\",\"valueRequired\":true,\"valueName\":\"search_term_string\"}}],\"inLanguage\":\"en-US\"},{\"@type\":\"Organization\",\"@id\":\"https:\\\/\\\/laxvox-institute.eu\\\/en\\\/#organization\",\"name\":\"LAX VOX\u00ae Institute by Stephanie A. Kruse\",\"url\":\"https:\\\/\\\/laxvox-institute.eu\\\/en\\\/\",\"logo\":{\"@type\":\"ImageObject\",\"inLanguage\":\"en-US\",\"@id\":\"https:\\\/\\\/laxvox-institute.eu\\\/en\\\/#\\\/schema\\\/logo\\\/image\\\/\",\"url\":\"https:\\\/\\\/laxvox-institute.eu\\\/wp-content\\\/uploads\\\/2021\\\/01\\\/LANDINGPAGE_200px_INSTITUTE.webp\",\"contentUrl\":\"https:\\\/\\\/laxvox-institute.eu\\\/wp-content\\\/uploads\\\/2021\\\/01\\\/LANDINGPAGE_200px_INSTITUTE.webp\",\"width\":200,\"height\":65,\"caption\":\"LAX VOX\u00ae Institute by Stephanie A. Kruse\"},\"image\":{\"@id\":\"https:\\\/\\\/laxvox-institute.eu\\\/en\\\/#\\\/schema\\\/logo\\\/image\\\/\"},\"sameAs\":[\"https:\\\/\\\/www.instagram.com\\\/laxvox_official\\\/\"]}]}<\/script>\n<!-- \/ Yoast SEO plugin. -->","yoast_head_json":{"title":"Harsh Vocals f\u00fcr Einsteiger:innen","description":"In diesem Workshop mit Britta G\u00f6rtz lernst du Growlen, Screamen und Shouten \u2013 kraftvoll, kontrolliert und ohne deine Stimme zu sch\u00e4digen.","robots":{"index":"index","follow":"follow","max-snippet":"max-snippet:-1","max-image-preview":"max-image-preview:large","max-video-preview":"max-video-preview:-1"},"canonical":"https:\/\/laxvox-institute.eu\/en\/product\/zusatztermin-growlen-shouten-und-screamen-lernen-harsh-vocals-fuer-einsteigerinnen\/","og_locale":"en_US","og_type":"article","og_title":"Harsh Vocals f\u00fcr Einsteiger:innen","og_description":"In diesem Workshop mit Britta G\u00f6rtz lernst du Growlen, Screamen und Shouten \u2013 kraftvoll, kontrolliert und ohne deine Stimme zu sch\u00e4digen.","og_url":"https:\/\/laxvox-institute.eu\/en\/product\/zusatztermin-growlen-shouten-und-screamen-lernen-harsh-vocals-fuer-einsteigerinnen\/","og_site_name":"LAX VOX\u00ae Institute by Stephanie A. Kruse","article_modified_time":"2026-04-02T13:53:41+00:00","og_image":[{"width":1920,"height":1870,"url":"https:\/\/laxvox-institute.eu\/wp-content\/uploads\/2026\/03\/Bildschirmfoto-2026-03-26-um-11.28.27.webp","type":"image\/webp"}],"twitter_card":"summary_large_image","twitter_misc":{"Est. reading time":"3 minutes"},"schema":{"@context":"https:\/\/schema.org","@graph":[{"@type":"WebPage","@id":"https:\/\/laxvox-institute.eu\/en\/product\/zusatztermin-growlen-shouten-und-screamen-lernen-harsh-vocals-fuer-einsteigerinnen\/","url":"https:\/\/laxvox-institute.eu\/en\/product\/zusatztermin-growlen-shouten-und-screamen-lernen-harsh-vocals-fuer-einsteigerinnen\/","name":"Harsh Vocals f\u00fcr Einsteiger:innen","isPartOf":{"@id":"https:\/\/laxvox-institute.eu\/en\/#website"},"primaryImageOfPage":{"@id":"https:\/\/laxvox-institute.eu\/en\/product\/zusatztermin-growlen-shouten-und-screamen-lernen-harsh-vocals-fuer-einsteigerinnen\/#primaryimage"},"image":{"@id":"https:\/\/laxvox-institute.eu\/en\/product\/zusatztermin-growlen-shouten-und-screamen-lernen-harsh-vocals-fuer-einsteigerinnen\/#primaryimage"},"thumbnailUrl":"https:\/\/laxvox-institute.eu\/wp-content\/uploads\/2026\/03\/Bildschirmfoto-2026-03-26-um-11.28.27.webp","datePublished":"2026-03-28T15:20:34+00:00","dateModified":"2026-04-02T13:53:41+00:00","description":"In diesem Workshop mit Britta G\u00f6rtz lernst du Growlen, Screamen und Shouten \u2013 kraftvoll, kontrolliert und ohne deine Stimme zu sch\u00e4digen.","breadcrumb":{"@id":"https:\/\/laxvox-institute.eu\/en\/product\/zusatztermin-growlen-shouten-und-screamen-lernen-harsh-vocals-fuer-einsteigerinnen\/#breadcrumb"},"inLanguage":"en-US","potentialAction":[{"@type":"ReadAction","target":["https:\/\/laxvox-institute.eu\/en\/product\/zusatztermin-growlen-shouten-und-screamen-lernen-harsh-vocals-fuer-einsteigerinnen\/"]}]},{"@type":"ImageObject","inLanguage":"en-US","@id":"https:\/\/laxvox-institute.eu\/en\/product\/zusatztermin-growlen-shouten-und-screamen-lernen-harsh-vocals-fuer-einsteigerinnen\/#primaryimage","url":"https:\/\/laxvox-institute.eu\/wp-content\/uploads\/2026\/03\/Bildschirmfoto-2026-03-26-um-11.28.27.webp","contentUrl":"https:\/\/laxvox-institute.eu\/wp-content\/uploads\/2026\/03\/Bildschirmfoto-2026-03-26-um-11.28.27.webp","width":1920,"height":1870},{"@type":"BreadcrumbList","@id":"https:\/\/laxvox-institute.eu\/en\/product\/zusatztermin-growlen-shouten-und-screamen-lernen-harsh-vocals-fuer-einsteigerinnen\/#breadcrumb","itemListElement":[{"@type":"ListItem","position":1,"name":"Startseite","item":"https:\/\/laxvox-institute.eu\/en\/"},{"@type":"ListItem","position":2,"name":"Shop","item":"https:\/\/laxvox-institute.eu\/en\/produkt-archiv\/"},{"@type":"ListItem","position":3,"name":"ZUSATZTERMIN\u00a0| Growlen, Shouten und Screamen lernen \u2013 Harsh Vocals f\u00fcr Einsteiger:innen"}]},{"@type":"WebSite","@id":"https:\/\/laxvox-institute.eu\/en\/#website","url":"https:\/\/laxvox-institute.eu\/en\/","name":"LAX VOX\u00ae Institute by Stephanie A. Kruse","description":"Wissen, das hilft! Lerne alles \u00fcber Stimme!","publisher":{"@id":"https:\/\/laxvox-institute.eu\/en\/#organization"},"potentialAction":[{"@type":"SearchAction","target":{"@type":"EntryPoint","urlTemplate":"https:\/\/laxvox-institute.eu\/en\/?s={search_term_string}"},"query-input":{"@type":"PropertyValueSpecification","valueRequired":true,"valueName":"search_term_string"}}],"inLanguage":"en-US"},{"@type":"Organization","@id":"https:\/\/laxvox-institute.eu\/en\/#organization","name":"LAX VOX\u00ae Institute by Stephanie A. Kruse","url":"https:\/\/laxvox-institute.eu\/en\/","logo":{"@type":"ImageObject","inLanguage":"en-US","@id":"https:\/\/laxvox-institute.eu\/en\/#\/schema\/logo\/image\/","url":"https:\/\/laxvox-institute.eu\/wp-content\/uploads\/2021\/01\/LANDINGPAGE_200px_INSTITUTE.webp","contentUrl":"https:\/\/laxvox-institute.eu\/wp-content\/uploads\/2021\/01\/LANDINGPAGE_200px_INSTITUTE.webp","width":200,"height":65,"caption":"LAX VOX\u00ae Institute by Stephanie A. Kruse"},"image":{"@id":"https:\/\/laxvox-institute.eu\/en\/#\/schema\/logo\/image\/"},"sameAs":["https:\/\/www.instagram.com\/laxvox_official\/"]}]}},"_links":{"self":[{"href":"https:\/\/laxvox-institute.eu\/en\/wp-json\/wp\/v2\/product\/56289","targetHints":{"allow":["GET"]}}],"collection":[{"href":"https:\/\/laxvox-institute.eu\/en\/wp-json\/wp\/v2\/product"}],"about":[{"href":"https:\/\/laxvox-institute.eu\/en\/wp-json\/wp\/v2\/types\/product"}],"wp:featuredmedia":[{"embeddable":true,"href":"https:\/\/laxvox-institute.eu\/en\/wp-json\/wp\/v2\/media\/56166"}],"wp:attachment":[{"href":"https:\/\/laxvox-institute.eu\/en\/wp-json\/wp\/v2\/media?parent=56289"}],"wp:term":[{"taxonomy":"product_brand","embeddable":true,"href":"https:\/\/laxvox-institute.eu\/en\/wp-json\/wp\/v2\/product_brand?post=56289"},{"taxonomy":"product_cat","embeddable":true,"href":"https:\/\/laxvox-institute.eu\/en\/wp-json\/wp\/v2\/product_cat?post=56289"},{"taxonomy":"product_tag","embeddable":true,"href":"https:\/\/laxvox-institute.eu\/en\/wp-json\/wp\/v2\/product_tag?post=56289"}],"curies":[{"name":"wp","href":"https:\/\/api.w.org\/{rel}","templated":true}]}}