{"id":56610,"date":"2026-04-13T10:50:31","date_gmt":"2026-04-13T08:50:31","guid":{"rendered":"https:\/\/laxvox-institute.eu\/?post_type=product&#038;p=56610"},"modified":"2026-04-13T11:18:53","modified_gmt":"2026-04-13T09:18:53","slug":"was-sind-diese-sovte","status":"publish","type":"product","link":"https:\/\/laxvox-institute.eu\/en\/product\/was-sind-diese-sovte\/","title":{"rendered":"Was sind diese SOVTE?"},"content":{"rendered":"<p><strong><span style=\"color: #1db8dd;\">SOVTE in der Stimmtherapie: Stimme gezielt verbessern und wirksam trainieren<\/span><\/strong><\/p>\n<div class=\"gap\" style=\"line-height: 10px; height: 10px;\"><\/div>\n<h3><span style=\"color: #1db8dd;\">&#8220;Wie kann ich mit einfachen, evidenzbasierten \u00dcbungen Stimmqualit\u00e4t, Belastbarkeit und Effizienz nachhaltig verbessern?&#8221;<\/span><\/h3>\n<p>Semi-Occluded Vocal Tract Exercises (SOVTE) geh\u00f6ren zu den effektivsten Methoden in der modernen Stimmtherapie und Stimmbildung. Sie f\u00f6rdern einen \u00f6konomischen Stimmeinsatz, verbessern den Glottisschluss und unterst\u00fctzen eine stabile, belastbare Stimme im Praxisalltag.<\/p>\n<p>Gerade in der Arbeit mit Patient*innen und Klient*innen bieten SOVTE eine leicht erlernbare, alltagstaugliche und individuell anpassbare M\u00f6glichkeit, Stimmfunktion gezielt zu verbessern. International l\u00e4ngst evidenzbasiert etabliert, gewinnen sie auch im deutschsprachigen Raum zunehmend an Bedeutung.<\/p>\n<p>In dieser Fortbildung f\u00fcr Logop\u00e4d*innen und Stimmtherapeut*innen lernst du, wie du SOVTE gezielt und wirkungsvoll in Therapie, Gesang und Sprechtraining einsetzt.<\/p>\n<p>Praxisnah. Evidenzbasiert. Sofort umsetzbar.<\/p>\n<div class=\"gap\" style=\"line-height: 10px; height: 10px;\"><\/div>\n<h4><strong><span style=\"color: #1db8dd;\">Du lernst:<\/span><\/strong><\/h4>\n<p><strong>\u2713 Stimmqualit\u00e4t und Belastbarkeit gezielt verbessern:<\/strong> effektiver Einsatz von SOVTE f\u00fcr eine \u00f6konomische und stabile Stimme.<br \/>\n<strong>\u2713 SOVTE sicher anwenden:<\/strong> verschiedene \u00dcbungsformen verstehen und individuell anpassen.<br \/>\n<strong>\u2713 Therapie und Training optimal gestalten:<\/strong> Integration von SOVTE in bestehende Stimmtherapie-Konzepte.<br \/>\n<strong>\u2713 Geh\u00f6r und Wahrnehmung schulen:<\/strong> feine Unterschiede im Stimmklang erkennen und gezielt nutzen.<br \/>\n<strong>\u2713 Evidenzbasiert arbeiten:<\/strong> aktueller Stand der Forschung zu SOVTE und deren Wirksamkeit in der Praxis.<\/p>\n<p>Training, das deine Klient*innen stimmlich effizienter, belastbarer und sicherer macht \u2013 strukturiert, praxisnah und wissenschaftlich fundiert.<\/p>\n<div class=\"gap\" style=\"line-height: 10px; height: 10px;\"><\/div>\n<h4 style=\"color: #1db8dd;\"><strong>Zielgruppe:<\/strong><\/h4>\n<p>F\u00fcr <strong>Logop\u00e4d*innen<\/strong>, <strong>Stimmtherapeut*innen<\/strong>, Gesangsp\u00e4dagog*innen sowie Fachpersonen aus den Bereichen <strong>Stimme, Atmung und Sprechtraining<\/strong><br \/>\n<div class=\"gap\" style=\"line-height: 10px; height: 10px;\"><\/div><\/p>\n<h4 style=\"color: #1db8dd;\"><strong><br \/>\nDein Dozent:<\/strong><\/h4>\n<p><strong><img decoding=\"async\" class=\"alignleft wp-image-49719\" src=\"https:\/\/laxvox-institute.eu\/wp-content\/uploads\/2025\/07\/Michel-Helbing-LVI-Dozent-300x300.png\" alt=\"Michael Helbing\" width=\"100\" height=\"100\" \/>Michael Helbing<\/strong><br \/>\nist Atem-, Sprech- und Stimmlehrer nach Schlaffhorst-Andersen. Er geh\u00f6rt zu den f\u00fchrenden Expert*innen im Bereich der Atemtherapie, der Behandlung neurologischer Erkrankungen sowie der palliativen Versorgung. Freu dich auf ein Wissensgewitter mit wissenschaftlichem Fundament.<\/p>\n<p><span style=\"color: #1db8dd;\"><strong>\u00dcberblick:<\/strong><\/span><\/p>\n<p><strong>\u2713 4 Fortbildungspunkte<\/strong><br \/>\n<strong>\u2713 Zoom live, keine Aufzeichnung<\/strong><br \/>\n<strong>\u2713 Link &amp; Skript nach Zahlungseingang im Kundenkonto<\/strong><br \/>\n<strong>\u2713 Teilnahme per PC\/Laptop empfohlen<\/strong><br \/>\n<strong>\u2713 Kamera an &amp; Klarname erforderlich<\/strong><\/p>\n","protected":false},"excerpt":{"rendered":"<div class=\"icon-text-block\"><i class=\"fa fa-calendar\"><\/i> Montag, 09.11.2026<\/div>\n<div class=\"icon-text-block\"><i class=\"fa fa-clock-o\"><\/i> 17.00\u201320:00 Uhr<\/div>\n<div class=\"icon-text-block\"><i class=\"fa fa-user-o\"><\/i> Michael Helbing<\/div>\n<div class=\"icon-text-block\"><i class=\"fa fa-certificate\"><\/i>4 Fortbildungspunkte<\/div>\n<div class=\"icon-text-block\"><i class=\"fa fa-laptop\"><\/i> Online via Zoom<\/div>\n<div class=\"icon-text-block\"><i class=\"fa fa-folder-open\"><\/i><strong>Zoom-Link &amp; Handout im Kundenkonto<\/strong><\/div>\n","protected":false},"featured_media":54492,"template":"","meta":[],"product_brand":[],"product_cat":[247,333,595,767,944],"product_tag":[],"class_list":{"0":"post-56610","1":"product","2":"type-product","3":"status-publish","4":"has-post-thumbnail","6":"product_cat-lax-vox-voice-therapy","7":"product_cat-lax-vox-neuro","8":"product_cat-sprechen","9":"product_cat-lv-in-der-logopaedie","10":"product_cat-fuer-deine-stimme","11":"description-off","13":"first","14":"instock","15":"virtual","16":"sold-individually","17":"purchasable","18":"product-type-simple"},"bundled_by":[],"bundle_stock_status":"instock","bundle_stock_quantity":null,"bundle_virtual":false,"bundle_layout":"","bundle_add_to_cart_form_location":"","bundle_editable_in_cart":false,"bundle_sold_individually_context":"","bundle_item_grouping":"","bundle_min_size":"","bundle_max_size":"","bundle_price":[],"bundled_items":[],"bundle_sell_ids":[],"yoast_head":"<!-- This site is optimized with the Yoast SEO plugin v27.4 - https:\/\/yoast.com\/product\/yoast-seo-wordpress\/ -->\n<title>Was sind diese SOVTE?<\/title>\n<meta name=\"description\" content=\"Lerne, wie du SOVTE f\u00fcr eine \u00f6konomische und stabile Stimme gezielt und wirkungsvoll in Therapie, Gesang und Sprechtraining einsetzt.\" \/>\n<meta name=\"robots\" content=\"index, follow, max-snippet:-1, max-image-preview:large, max-video-preview:-1\" \/>\n<link rel=\"canonical\" href=\"https:\/\/laxvox-institute.eu\/en\/product\/was-sind-diese-sovte\/\" \/>\n<meta property=\"og:locale\" content=\"en_US\" \/>\n<meta property=\"og:type\" content=\"article\" \/>\n<meta property=\"og:title\" content=\"Was sind diese SOVTE?\" \/>\n<meta property=\"og:description\" content=\"Lerne, wie du SOVTE f\u00fcr eine \u00f6konomische und stabile Stimme gezielt und wirkungsvoll in Therapie, Gesang und Sprechtraining einsetzt.\" \/>\n<meta property=\"og:url\" content=\"https:\/\/laxvox-institute.eu\/en\/product\/was-sind-diese-sovte\/\" \/>\n<meta property=\"og:site_name\" content=\"LAX VOX\u00ae Institute by Stephanie A. Kruse\" \/>\n<meta property=\"article:modified_time\" content=\"2026-04-13T09:18:53+00:00\" \/>\n<meta property=\"og:image\" content=\"https:\/\/laxvox-institute.eu\/wp-content\/uploads\/2026\/01\/Design-ohne-Titel-4.png\" \/>\n\t<meta property=\"og:image:width\" content=\"828\" \/>\n\t<meta property=\"og:image:height\" content=\"852\" \/>\n\t<meta property=\"og:image:type\" content=\"image\/png\" \/>\n<meta name=\"twitter:card\" content=\"summary_large_image\" \/>\n<meta name=\"twitter:label1\" content=\"Est. reading time\" \/>\n\t<meta name=\"twitter:data1\" content=\"3 minutes\" \/>\n<script type=\"application\/ld+json\" class=\"yoast-schema-graph\">{\"@context\":\"https:\\\/\\\/schema.org\",\"@graph\":[{\"@type\":\"WebPage\",\"@id\":\"https:\\\/\\\/laxvox-institute.eu\\\/en\\\/product\\\/was-sind-diese-sovte\\\/\",\"url\":\"https:\\\/\\\/laxvox-institute.eu\\\/en\\\/product\\\/was-sind-diese-sovte\\\/\",\"name\":\"Was sind diese SOVTE?\",\"isPartOf\":{\"@id\":\"https:\\\/\\\/laxvox-institute.eu\\\/en\\\/#website\"},\"primaryImageOfPage\":{\"@id\":\"https:\\\/\\\/laxvox-institute.eu\\\/en\\\/product\\\/was-sind-diese-sovte\\\/#primaryimage\"},\"image\":{\"@id\":\"https:\\\/\\\/laxvox-institute.eu\\\/en\\\/product\\\/was-sind-diese-sovte\\\/#primaryimage\"},\"thumbnailUrl\":\"https:\\\/\\\/laxvox-institute.eu\\\/wp-content\\\/uploads\\\/2026\\\/01\\\/Design-ohne-Titel-4.png\",\"datePublished\":\"2026-04-13T08:50:31+00:00\",\"dateModified\":\"2026-04-13T09:18:53+00:00\",\"description\":\"Lerne, wie du SOVTE f\u00fcr eine \u00f6konomische und stabile Stimme gezielt und wirkungsvoll in Therapie, Gesang und Sprechtraining einsetzt.\",\"breadcrumb\":{\"@id\":\"https:\\\/\\\/laxvox-institute.eu\\\/en\\\/product\\\/was-sind-diese-sovte\\\/#breadcrumb\"},\"inLanguage\":\"en-US\",\"potentialAction\":[{\"@type\":\"ReadAction\",\"target\":[\"https:\\\/\\\/laxvox-institute.eu\\\/en\\\/product\\\/was-sind-diese-sovte\\\/\"]}]},{\"@type\":\"ImageObject\",\"inLanguage\":\"en-US\",\"@id\":\"https:\\\/\\\/laxvox-institute.eu\\\/en\\\/product\\\/was-sind-diese-sovte\\\/#primaryimage\",\"url\":\"https:\\\/\\\/laxvox-institute.eu\\\/wp-content\\\/uploads\\\/2026\\\/01\\\/Design-ohne-Titel-4.png\",\"contentUrl\":\"https:\\\/\\\/laxvox-institute.eu\\\/wp-content\\\/uploads\\\/2026\\\/01\\\/Design-ohne-Titel-4.png\",\"width\":828,\"height\":852},{\"@type\":\"BreadcrumbList\",\"@id\":\"https:\\\/\\\/laxvox-institute.eu\\\/en\\\/product\\\/was-sind-diese-sovte\\\/#breadcrumb\",\"itemListElement\":[{\"@type\":\"ListItem\",\"position\":1,\"name\":\"Startseite\",\"item\":\"https:\\\/\\\/laxvox-institute.eu\\\/en\\\/\"},{\"@type\":\"ListItem\",\"position\":2,\"name\":\"Shop\",\"item\":\"https:\\\/\\\/laxvox-institute.eu\\\/en\\\/produkt-archiv\\\/\"},{\"@type\":\"ListItem\",\"position\":3,\"name\":\"Was sind diese SOVTE?\"}]},{\"@type\":\"WebSite\",\"@id\":\"https:\\\/\\\/laxvox-institute.eu\\\/en\\\/#website\",\"url\":\"https:\\\/\\\/laxvox-institute.eu\\\/en\\\/\",\"name\":\"LAX VOX\u00ae Institute by Stephanie A. Kruse\",\"description\":\"Wissen, das hilft! Lerne alles \u00fcber Stimme!\",\"publisher\":{\"@id\":\"https:\\\/\\\/laxvox-institute.eu\\\/en\\\/#organization\"},\"potentialAction\":[{\"@type\":\"SearchAction\",\"target\":{\"@type\":\"EntryPoint\",\"urlTemplate\":\"https:\\\/\\\/laxvox-institute.eu\\\/en\\\/?s={search_term_string}\"},\"query-input\":{\"@type\":\"PropertyValueSpecification\",\"valueRequired\":true,\"valueName\":\"search_term_string\"}}],\"inLanguage\":\"en-US\"},{\"@type\":\"Organization\",\"@id\":\"https:\\\/\\\/laxvox-institute.eu\\\/en\\\/#organization\",\"name\":\"LAX VOX\u00ae Institute by Stephanie A. Kruse\",\"url\":\"https:\\\/\\\/laxvox-institute.eu\\\/en\\\/\",\"logo\":{\"@type\":\"ImageObject\",\"inLanguage\":\"en-US\",\"@id\":\"https:\\\/\\\/laxvox-institute.eu\\\/en\\\/#\\\/schema\\\/logo\\\/image\\\/\",\"url\":\"https:\\\/\\\/laxvox-institute.eu\\\/wp-content\\\/uploads\\\/2021\\\/01\\\/LANDINGPAGE_200px_INSTITUTE.webp\",\"contentUrl\":\"https:\\\/\\\/laxvox-institute.eu\\\/wp-content\\\/uploads\\\/2021\\\/01\\\/LANDINGPAGE_200px_INSTITUTE.webp\",\"width\":200,\"height\":65,\"caption\":\"LAX VOX\u00ae Institute by Stephanie A. Kruse\"},\"image\":{\"@id\":\"https:\\\/\\\/laxvox-institute.eu\\\/en\\\/#\\\/schema\\\/logo\\\/image\\\/\"},\"sameAs\":[\"https:\\\/\\\/www.instagram.com\\\/laxvox_official\\\/\"]}]}<\/script>\n<!-- \/ Yoast SEO plugin. -->","yoast_head_json":{"title":"Was sind diese SOVTE?","description":"Lerne, wie du SOVTE f\u00fcr eine \u00f6konomische und stabile Stimme gezielt und wirkungsvoll in Therapie, Gesang und Sprechtraining einsetzt.","robots":{"index":"index","follow":"follow","max-snippet":"max-snippet:-1","max-image-preview":"max-image-preview:large","max-video-preview":"max-video-preview:-1"},"canonical":"https:\/\/laxvox-institute.eu\/en\/product\/was-sind-diese-sovte\/","og_locale":"en_US","og_type":"article","og_title":"Was sind diese SOVTE?","og_description":"Lerne, wie du SOVTE f\u00fcr eine \u00f6konomische und stabile Stimme gezielt und wirkungsvoll in Therapie, Gesang und Sprechtraining einsetzt.","og_url":"https:\/\/laxvox-institute.eu\/en\/product\/was-sind-diese-sovte\/","og_site_name":"LAX VOX\u00ae Institute by Stephanie A. Kruse","article_modified_time":"2026-04-13T09:18:53+00:00","og_image":[{"width":828,"height":852,"url":"https:\/\/laxvox-institute.eu\/wp-content\/uploads\/2026\/01\/Design-ohne-Titel-4.png","type":"image\/png"}],"twitter_card":"summary_large_image","twitter_misc":{"Est. reading time":"3 minutes"},"schema":{"@context":"https:\/\/schema.org","@graph":[{"@type":"WebPage","@id":"https:\/\/laxvox-institute.eu\/en\/product\/was-sind-diese-sovte\/","url":"https:\/\/laxvox-institute.eu\/en\/product\/was-sind-diese-sovte\/","name":"Was sind diese SOVTE?","isPartOf":{"@id":"https:\/\/laxvox-institute.eu\/en\/#website"},"primaryImageOfPage":{"@id":"https:\/\/laxvox-institute.eu\/en\/product\/was-sind-diese-sovte\/#primaryimage"},"image":{"@id":"https:\/\/laxvox-institute.eu\/en\/product\/was-sind-diese-sovte\/#primaryimage"},"thumbnailUrl":"https:\/\/laxvox-institute.eu\/wp-content\/uploads\/2026\/01\/Design-ohne-Titel-4.png","datePublished":"2026-04-13T08:50:31+00:00","dateModified":"2026-04-13T09:18:53+00:00","description":"Lerne, wie du SOVTE f\u00fcr eine \u00f6konomische und stabile Stimme gezielt und wirkungsvoll in Therapie, Gesang und Sprechtraining einsetzt.","breadcrumb":{"@id":"https:\/\/laxvox-institute.eu\/en\/product\/was-sind-diese-sovte\/#breadcrumb"},"inLanguage":"en-US","potentialAction":[{"@type":"ReadAction","target":["https:\/\/laxvox-institute.eu\/en\/product\/was-sind-diese-sovte\/"]}]},{"@type":"ImageObject","inLanguage":"en-US","@id":"https:\/\/laxvox-institute.eu\/en\/product\/was-sind-diese-sovte\/#primaryimage","url":"https:\/\/laxvox-institute.eu\/wp-content\/uploads\/2026\/01\/Design-ohne-Titel-4.png","contentUrl":"https:\/\/laxvox-institute.eu\/wp-content\/uploads\/2026\/01\/Design-ohne-Titel-4.png","width":828,"height":852},{"@type":"BreadcrumbList","@id":"https:\/\/laxvox-institute.eu\/en\/product\/was-sind-diese-sovte\/#breadcrumb","itemListElement":[{"@type":"ListItem","position":1,"name":"Startseite","item":"https:\/\/laxvox-institute.eu\/en\/"},{"@type":"ListItem","position":2,"name":"Shop","item":"https:\/\/laxvox-institute.eu\/en\/produkt-archiv\/"},{"@type":"ListItem","position":3,"name":"Was sind diese SOVTE?"}]},{"@type":"WebSite","@id":"https:\/\/laxvox-institute.eu\/en\/#website","url":"https:\/\/laxvox-institute.eu\/en\/","name":"LAX VOX\u00ae Institute by Stephanie A. Kruse","description":"Wissen, das hilft! Lerne alles \u00fcber Stimme!","publisher":{"@id":"https:\/\/laxvox-institute.eu\/en\/#organization"},"potentialAction":[{"@type":"SearchAction","target":{"@type":"EntryPoint","urlTemplate":"https:\/\/laxvox-institute.eu\/en\/?s={search_term_string}"},"query-input":{"@type":"PropertyValueSpecification","valueRequired":true,"valueName":"search_term_string"}}],"inLanguage":"en-US"},{"@type":"Organization","@id":"https:\/\/laxvox-institute.eu\/en\/#organization","name":"LAX VOX\u00ae Institute by Stephanie A. Kruse","url":"https:\/\/laxvox-institute.eu\/en\/","logo":{"@type":"ImageObject","inLanguage":"en-US","@id":"https:\/\/laxvox-institute.eu\/en\/#\/schema\/logo\/image\/","url":"https:\/\/laxvox-institute.eu\/wp-content\/uploads\/2021\/01\/LANDINGPAGE_200px_INSTITUTE.webp","contentUrl":"https:\/\/laxvox-institute.eu\/wp-content\/uploads\/2021\/01\/LANDINGPAGE_200px_INSTITUTE.webp","width":200,"height":65,"caption":"LAX VOX\u00ae Institute by Stephanie A. Kruse"},"image":{"@id":"https:\/\/laxvox-institute.eu\/en\/#\/schema\/logo\/image\/"},"sameAs":["https:\/\/www.instagram.com\/laxvox_official\/"]}]}},"_links":{"self":[{"href":"https:\/\/laxvox-institute.eu\/en\/wp-json\/wp\/v2\/product\/56610","targetHints":{"allow":["GET"]}}],"collection":[{"href":"https:\/\/laxvox-institute.eu\/en\/wp-json\/wp\/v2\/product"}],"about":[{"href":"https:\/\/laxvox-institute.eu\/en\/wp-json\/wp\/v2\/types\/product"}],"wp:featuredmedia":[{"embeddable":true,"href":"https:\/\/laxvox-institute.eu\/en\/wp-json\/wp\/v2\/media\/54492"}],"wp:attachment":[{"href":"https:\/\/laxvox-institute.eu\/en\/wp-json\/wp\/v2\/media?parent=56610"}],"wp:term":[{"taxonomy":"product_brand","embeddable":true,"href":"https:\/\/laxvox-institute.eu\/en\/wp-json\/wp\/v2\/product_brand?post=56610"},{"taxonomy":"product_cat","embeddable":true,"href":"https:\/\/laxvox-institute.eu\/en\/wp-json\/wp\/v2\/product_cat?post=56610"},{"taxonomy":"product_tag","embeddable":true,"href":"https:\/\/laxvox-institute.eu\/en\/wp-json\/wp\/v2\/product_tag?post=56610"}],"curies":[{"name":"wp","href":"https:\/\/api.w.org\/{rel}","templated":true}]}}