{"id":56793,"date":"2026-04-27T14:36:43","date_gmt":"2026-04-27T12:36:43","guid":{"rendered":"https:\/\/laxvox-institute.eu\/?post_type=product&#038;p=56793"},"modified":"2026-04-27T17:04:39","modified_gmt":"2026-04-27T15:04:39","slug":"stimmtherapie-fuer-wiedereinsteigerinnen","status":"publish","type":"product","link":"https:\/\/laxvox-institute.eu\/en\/product\/stimmtherapie-fuer-wiedereinsteigerinnen\/","title":{"rendered":"Stimmtherapie f\u00fcr Wiedereinsteiger*innen"},"content":{"rendered":"<p><strong><span style=\"color: #1db8dd;\">Neustart in der Stimmtherapie: Wissen auffrischen und sicher in die Praxis zur\u00fcckkehren<\/span><\/strong><\/p>\n<div class=\"gap\" style=\"line-height: 10px; height: 10px;\"><\/div>\n<h3><span style=\"color: #1db8dd;\">&#8220;Wie finde ich nach einer Pause wieder sicher in die Stimmtherapie zur\u00fcck \u2013 mit aktuellem Wissen, klarer Orientierung und praxisnahen Methoden?&#8221;<\/span><\/h3>\n<p>Nach einer Auszeit f\u00e4llt der Wiedereinstieg in die Stimmtherapie oft schwer: Neue Erkenntnisse, ver\u00e4nderte Ans\u00e4tze und eine Vielzahl an Methoden k\u00f6nnen verunsichern. Genau hier setzt dieser Workshop an.<\/p>\n<p>Diese Fortbildung unterst\u00fctzt dich dabei, dein Wissen gezielt zu aktualisieren, deine therapeutische Sicherheit zur\u00fcckzugewinnen und dich wieder souver\u00e4n im Praxisalltag zu bewegen. Du erh\u00e4ltst einen klaren \u00dcberblick \u00fcber aktuelle, evidenzbasierte Konzepte, bew\u00e4hrte \u00dcbungen und relevante Entwicklungen der letzten Jahre.<\/p>\n<p>In diesem Kurs f\u00fcr Logop\u00e4d*innen und Stimmtherapeut*innen lernst du, wie du dich fachlich sicher orientierst und moderne Ans\u00e4tze gezielt in deine Therapie integrierst.<\/p>\n<p>Praxisnah. Strukturiert. Sofort umsetzbar.<\/p>\n<div class=\"gap\" style=\"line-height: 10px; height: 10px;\"><\/div>\n<h4><strong><span style=\"color: #1db8dd;\">Du lernst:<\/span><\/strong><\/h4>\n<p><strong>\u2713 Sicher wiedereinsteigen:<\/strong> dein Wissen in der Stimmtherapie gezielt auffrischen und auf den neuesten Stand bringen.<br \/>\n<strong>\u2713 Orientierung gewinnen:<\/strong> relevante Therapieans\u00e4tze und evidenzbasierte Methoden klar einordnen.<br \/>\n<strong>\u2713 Praxiskompetenz st\u00e4rken:<\/strong> bew\u00e4hrte \u00dcbungen und Techniken effektiv im Alltag einsetzen.<br \/>\n<strong>\u2713 Stimmliche Befunde fundiert einsch\u00e4tzen:<\/strong> funktionelle Zusammenh\u00e4nge erkennen und sicher interpretieren.<br \/>\n<strong>\u2713 Therapeutisch entscheiden:<\/strong> klare, strukturierte und fachlich fundierte Entscheidungen treffen.<\/p>\n<p>Training, das dir hilft, wieder mit Sicherheit, Klarheit und fachlicher Kompetenz in der Stimmtherapie zu arbeiten \u2013 effizient, praxisnah und wissenschaftlich fundiert.<\/p>\n<div class=\"gap\" style=\"line-height: 10px; height: 10px;\"><\/div>\n<h4 style=\"color: #1db8dd;\"><strong>Zielgruppe:<\/strong><\/h4>\n<p>F\u00fcr <strong>Logop\u00e4d*innen<\/strong>, <strong>Stimmtherapeut*innen<\/strong> und Fachpersonen aus den Bereichen Stimme, Sprechen und Atmung, die nach einer Pause wieder einsteigen oder ihr therapeutisches Fundament auffrischen und aktualisieren m\u00f6chten.<\/p>\n<div class=\"gap\" style=\"line-height: 10px; height: 10px;\"><\/div>\n<h4 style=\"color: #1db8dd;\"><strong>Dein Dozent:<\/strong><\/h4>\n<p><strong><img decoding=\"async\" class=\"alignleft wp-image-49719\" src=\"https:\/\/laxvox-institute.eu\/wp-content\/uploads\/2025\/07\/Michel-Helbing-LVI-Dozent-300x300.png\" alt=\"Michael Helbing\" width=\"100\" height=\"100\" \/>Michael Helbing<\/strong><br \/>\nist Atem-, Sprech- und Stimmlehrer nach Schlaffhorst-Andersen. Er geh\u00f6rt zu den f\u00fchrenden Expert*innen im Bereich der Atemtherapie, der Behandlung neurologischer Erkrankungen sowie der palliativen Versorgung. Freu dich auf ein Wissensgewitter mit wissenschaftlichem Fundament.<\/p>\n<p><span style=\"color: #1db8dd;\"><strong>\u00dcberblick:<\/strong><\/span><\/p>\n<p><strong>\u2713 6 Fortbildungspunkte<\/strong><br \/>\n<strong>\u2713 Zoom live, keine Aufzeichnung<\/strong><br \/>\n<strong>\u2713 Link &amp; Skript nach Zahlungseingang im Kundenkonto<\/strong><br \/>\n<strong>\u2713 Teilnahme per PC\/Laptop empfohlen<\/strong><br \/>\n<strong>\u2713 Kamera an &amp; Klarname erforderlich<\/strong><\/p>\n","protected":false},"excerpt":{"rendered":"<div class=\"icon-text-block\"><i class=\"fa fa-calendar\"><\/i> Montag, 30.11.2026<\/div>\n<div class=\"icon-text-block\"><i class=\"fa fa-clock-o\"><\/i> 10.00\u201315:00 Uhr<\/div>\n<div class=\"icon-text-block\"><i class=\"fa fa-user-o\"><\/i> Michael Helbing<\/div>\n<div class=\"icon-text-block\"><i class=\"fa fa-certificate\"><\/i>6 Fortbildungspunkte<\/div>\n<div class=\"icon-text-block\"><i class=\"fa fa-laptop\"><\/i> Online via Zoom<\/div>\n<div class=\"icon-text-block\"><i class=\"fa fa-folder-open\"><\/i><strong>Zoom-Link &amp; Handout im Kundenkonto<\/strong><\/div>\n","protected":false},"featured_media":54492,"template":"","meta":[],"product_brand":[],"product_cat":[247,767,944],"product_tag":[],"class_list":{"0":"post-56793","1":"product","2":"type-product","3":"status-publish","4":"has-post-thumbnail","6":"product_cat-lax-vox-voice-therapy","7":"product_cat-lv-in-der-logopaedie","8":"product_cat-fuer-deine-stimme","9":"description-off","11":"first","12":"instock","13":"virtual","14":"sold-individually","15":"purchasable","16":"product-type-simple"},"bundled_by":[],"bundle_stock_status":"instock","bundle_stock_quantity":null,"bundle_virtual":false,"bundle_layout":"","bundle_add_to_cart_form_location":"","bundle_editable_in_cart":false,"bundle_sold_individually_context":"","bundle_item_grouping":"","bundle_min_size":"","bundle_max_size":"","bundle_price":[],"bundled_items":[],"bundle_sell_ids":[],"yoast_head":"<!-- This site is optimized with the Yoast SEO plugin v27.5 - https:\/\/yoast.com\/product\/yoast-seo-wordpress\/ -->\n<title>Stimmtherapie f\u00fcr Wiedereinsteiger*innen<\/title>\n<meta name=\"description\" content=\"Lerne, wie du nach einer Pause wieder sicher in die Stimmtherapie zur\u00fcckfindest \u2013 mit aktuellem Wissen, klarer Orientierung und praxisnahen Methoden.\" \/>\n<meta name=\"robots\" content=\"index, follow, max-snippet:-1, max-image-preview:large, max-video-preview:-1\" \/>\n<link rel=\"canonical\" href=\"https:\/\/laxvox-institute.eu\/en\/product\/stimmtherapie-fuer-wiedereinsteigerinnen\/\" \/>\n<meta property=\"og:locale\" content=\"en_US\" \/>\n<meta property=\"og:type\" content=\"article\" \/>\n<meta property=\"og:title\" content=\"Stimmtherapie f\u00fcr Wiedereinsteiger*innen\" \/>\n<meta property=\"og:description\" content=\"Lerne, wie du nach einer Pause wieder sicher in die Stimmtherapie zur\u00fcckfindest \u2013 mit aktuellem Wissen, klarer Orientierung und praxisnahen Methoden.\" \/>\n<meta property=\"og:url\" content=\"https:\/\/laxvox-institute.eu\/en\/product\/stimmtherapie-fuer-wiedereinsteigerinnen\/\" \/>\n<meta property=\"og:site_name\" content=\"LAX VOX\u00ae Institute by Stephanie A. Kruse\" \/>\n<meta property=\"article:modified_time\" content=\"2026-04-27T15:04:39+00:00\" \/>\n<meta property=\"og:image\" content=\"https:\/\/laxvox-institute.eu\/wp-content\/uploads\/2026\/01\/Design-ohne-Titel-4.png\" \/>\n\t<meta property=\"og:image:width\" content=\"828\" \/>\n\t<meta property=\"og:image:height\" content=\"852\" \/>\n\t<meta property=\"og:image:type\" content=\"image\/png\" \/>\n<meta name=\"twitter:card\" content=\"summary_large_image\" \/>\n<meta name=\"twitter:label1\" content=\"Est. reading time\" \/>\n\t<meta name=\"twitter:data1\" content=\"3 minutes\" \/>\n<script type=\"application\/ld+json\" class=\"yoast-schema-graph\">{\"@context\":\"https:\\\/\\\/schema.org\",\"@graph\":[{\"@type\":\"WebPage\",\"@id\":\"https:\\\/\\\/laxvox-institute.eu\\\/en\\\/product\\\/stimmtherapie-fuer-wiedereinsteigerinnen\\\/\",\"url\":\"https:\\\/\\\/laxvox-institute.eu\\\/en\\\/product\\\/stimmtherapie-fuer-wiedereinsteigerinnen\\\/\",\"name\":\"Stimmtherapie f\u00fcr Wiedereinsteiger*innen\",\"isPartOf\":{\"@id\":\"https:\\\/\\\/laxvox-institute.eu\\\/en\\\/#website\"},\"primaryImageOfPage\":{\"@id\":\"https:\\\/\\\/laxvox-institute.eu\\\/en\\\/product\\\/stimmtherapie-fuer-wiedereinsteigerinnen\\\/#primaryimage\"},\"image\":{\"@id\":\"https:\\\/\\\/laxvox-institute.eu\\\/en\\\/product\\\/stimmtherapie-fuer-wiedereinsteigerinnen\\\/#primaryimage\"},\"thumbnailUrl\":\"https:\\\/\\\/laxvox-institute.eu\\\/wp-content\\\/uploads\\\/2026\\\/01\\\/Design-ohne-Titel-4.png\",\"datePublished\":\"2026-04-27T12:36:43+00:00\",\"dateModified\":\"2026-04-27T15:04:39+00:00\",\"description\":\"Lerne, wie du nach einer Pause wieder sicher in die Stimmtherapie zur\u00fcckfindest \u2013 mit aktuellem Wissen, klarer Orientierung und praxisnahen Methoden.\",\"breadcrumb\":{\"@id\":\"https:\\\/\\\/laxvox-institute.eu\\\/en\\\/product\\\/stimmtherapie-fuer-wiedereinsteigerinnen\\\/#breadcrumb\"},\"inLanguage\":\"en-US\",\"potentialAction\":[{\"@type\":\"ReadAction\",\"target\":[\"https:\\\/\\\/laxvox-institute.eu\\\/en\\\/product\\\/stimmtherapie-fuer-wiedereinsteigerinnen\\\/\"]}]},{\"@type\":\"ImageObject\",\"inLanguage\":\"en-US\",\"@id\":\"https:\\\/\\\/laxvox-institute.eu\\\/en\\\/product\\\/stimmtherapie-fuer-wiedereinsteigerinnen\\\/#primaryimage\",\"url\":\"https:\\\/\\\/laxvox-institute.eu\\\/wp-content\\\/uploads\\\/2026\\\/01\\\/Design-ohne-Titel-4.png\",\"contentUrl\":\"https:\\\/\\\/laxvox-institute.eu\\\/wp-content\\\/uploads\\\/2026\\\/01\\\/Design-ohne-Titel-4.png\",\"width\":828,\"height\":852},{\"@type\":\"BreadcrumbList\",\"@id\":\"https:\\\/\\\/laxvox-institute.eu\\\/en\\\/product\\\/stimmtherapie-fuer-wiedereinsteigerinnen\\\/#breadcrumb\",\"itemListElement\":[{\"@type\":\"ListItem\",\"position\":1,\"name\":\"Startseite\",\"item\":\"https:\\\/\\\/laxvox-institute.eu\\\/en\\\/\"},{\"@type\":\"ListItem\",\"position\":2,\"name\":\"Shop\",\"item\":\"https:\\\/\\\/laxvox-institute.eu\\\/en\\\/produkt-archiv\\\/\"},{\"@type\":\"ListItem\",\"position\":3,\"name\":\"Stimmtherapie f\u00fcr Wiedereinsteiger*innen\"}]},{\"@type\":\"WebSite\",\"@id\":\"https:\\\/\\\/laxvox-institute.eu\\\/en\\\/#website\",\"url\":\"https:\\\/\\\/laxvox-institute.eu\\\/en\\\/\",\"name\":\"LAX VOX\u00ae Institute by Stephanie A. Kruse\",\"description\":\"Wissen, das hilft! Lerne alles \u00fcber Stimme!\",\"publisher\":{\"@id\":\"https:\\\/\\\/laxvox-institute.eu\\\/en\\\/#organization\"},\"potentialAction\":[{\"@type\":\"SearchAction\",\"target\":{\"@type\":\"EntryPoint\",\"urlTemplate\":\"https:\\\/\\\/laxvox-institute.eu\\\/en\\\/?s={search_term_string}\"},\"query-input\":{\"@type\":\"PropertyValueSpecification\",\"valueRequired\":true,\"valueName\":\"search_term_string\"}}],\"inLanguage\":\"en-US\"},{\"@type\":\"Organization\",\"@id\":\"https:\\\/\\\/laxvox-institute.eu\\\/en\\\/#organization\",\"name\":\"LAX VOX\u00ae Institute by Stephanie A. Kruse\",\"url\":\"https:\\\/\\\/laxvox-institute.eu\\\/en\\\/\",\"logo\":{\"@type\":\"ImageObject\",\"inLanguage\":\"en-US\",\"@id\":\"https:\\\/\\\/laxvox-institute.eu\\\/en\\\/#\\\/schema\\\/logo\\\/image\\\/\",\"url\":\"https:\\\/\\\/laxvox-institute.eu\\\/wp-content\\\/uploads\\\/2021\\\/01\\\/LANDINGPAGE_200px_INSTITUTE.webp\",\"contentUrl\":\"https:\\\/\\\/laxvox-institute.eu\\\/wp-content\\\/uploads\\\/2021\\\/01\\\/LANDINGPAGE_200px_INSTITUTE.webp\",\"width\":200,\"height\":65,\"caption\":\"LAX VOX\u00ae Institute by Stephanie A. Kruse\"},\"image\":{\"@id\":\"https:\\\/\\\/laxvox-institute.eu\\\/en\\\/#\\\/schema\\\/logo\\\/image\\\/\"},\"sameAs\":[\"https:\\\/\\\/www.instagram.com\\\/laxvox_official\\\/\"]}]}<\/script>\n<!-- \/ Yoast SEO plugin. -->","yoast_head_json":{"title":"Stimmtherapie f\u00fcr Wiedereinsteiger*innen","description":"Lerne, wie du nach einer Pause wieder sicher in die Stimmtherapie zur\u00fcckfindest \u2013 mit aktuellem Wissen, klarer Orientierung und praxisnahen Methoden.","robots":{"index":"index","follow":"follow","max-snippet":"max-snippet:-1","max-image-preview":"max-image-preview:large","max-video-preview":"max-video-preview:-1"},"canonical":"https:\/\/laxvox-institute.eu\/en\/product\/stimmtherapie-fuer-wiedereinsteigerinnen\/","og_locale":"en_US","og_type":"article","og_title":"Stimmtherapie f\u00fcr Wiedereinsteiger*innen","og_description":"Lerne, wie du nach einer Pause wieder sicher in die Stimmtherapie zur\u00fcckfindest \u2013 mit aktuellem Wissen, klarer Orientierung und praxisnahen Methoden.","og_url":"https:\/\/laxvox-institute.eu\/en\/product\/stimmtherapie-fuer-wiedereinsteigerinnen\/","og_site_name":"LAX VOX\u00ae Institute by Stephanie A. Kruse","article_modified_time":"2026-04-27T15:04:39+00:00","og_image":[{"width":828,"height":852,"url":"https:\/\/laxvox-institute.eu\/wp-content\/uploads\/2026\/01\/Design-ohne-Titel-4.png","type":"image\/png"}],"twitter_card":"summary_large_image","twitter_misc":{"Est. reading time":"3 minutes"},"schema":{"@context":"https:\/\/schema.org","@graph":[{"@type":"WebPage","@id":"https:\/\/laxvox-institute.eu\/en\/product\/stimmtherapie-fuer-wiedereinsteigerinnen\/","url":"https:\/\/laxvox-institute.eu\/en\/product\/stimmtherapie-fuer-wiedereinsteigerinnen\/","name":"Stimmtherapie f\u00fcr Wiedereinsteiger*innen","isPartOf":{"@id":"https:\/\/laxvox-institute.eu\/en\/#website"},"primaryImageOfPage":{"@id":"https:\/\/laxvox-institute.eu\/en\/product\/stimmtherapie-fuer-wiedereinsteigerinnen\/#primaryimage"},"image":{"@id":"https:\/\/laxvox-institute.eu\/en\/product\/stimmtherapie-fuer-wiedereinsteigerinnen\/#primaryimage"},"thumbnailUrl":"https:\/\/laxvox-institute.eu\/wp-content\/uploads\/2026\/01\/Design-ohne-Titel-4.png","datePublished":"2026-04-27T12:36:43+00:00","dateModified":"2026-04-27T15:04:39+00:00","description":"Lerne, wie du nach einer Pause wieder sicher in die Stimmtherapie zur\u00fcckfindest \u2013 mit aktuellem Wissen, klarer Orientierung und praxisnahen Methoden.","breadcrumb":{"@id":"https:\/\/laxvox-institute.eu\/en\/product\/stimmtherapie-fuer-wiedereinsteigerinnen\/#breadcrumb"},"inLanguage":"en-US","potentialAction":[{"@type":"ReadAction","target":["https:\/\/laxvox-institute.eu\/en\/product\/stimmtherapie-fuer-wiedereinsteigerinnen\/"]}]},{"@type":"ImageObject","inLanguage":"en-US","@id":"https:\/\/laxvox-institute.eu\/en\/product\/stimmtherapie-fuer-wiedereinsteigerinnen\/#primaryimage","url":"https:\/\/laxvox-institute.eu\/wp-content\/uploads\/2026\/01\/Design-ohne-Titel-4.png","contentUrl":"https:\/\/laxvox-institute.eu\/wp-content\/uploads\/2026\/01\/Design-ohne-Titel-4.png","width":828,"height":852},{"@type":"BreadcrumbList","@id":"https:\/\/laxvox-institute.eu\/en\/product\/stimmtherapie-fuer-wiedereinsteigerinnen\/#breadcrumb","itemListElement":[{"@type":"ListItem","position":1,"name":"Startseite","item":"https:\/\/laxvox-institute.eu\/en\/"},{"@type":"ListItem","position":2,"name":"Shop","item":"https:\/\/laxvox-institute.eu\/en\/produkt-archiv\/"},{"@type":"ListItem","position":3,"name":"Stimmtherapie f\u00fcr Wiedereinsteiger*innen"}]},{"@type":"WebSite","@id":"https:\/\/laxvox-institute.eu\/en\/#website","url":"https:\/\/laxvox-institute.eu\/en\/","name":"LAX VOX\u00ae Institute by Stephanie A. Kruse","description":"Wissen, das hilft! Lerne alles \u00fcber Stimme!","publisher":{"@id":"https:\/\/laxvox-institute.eu\/en\/#organization"},"potentialAction":[{"@type":"SearchAction","target":{"@type":"EntryPoint","urlTemplate":"https:\/\/laxvox-institute.eu\/en\/?s={search_term_string}"},"query-input":{"@type":"PropertyValueSpecification","valueRequired":true,"valueName":"search_term_string"}}],"inLanguage":"en-US"},{"@type":"Organization","@id":"https:\/\/laxvox-institute.eu\/en\/#organization","name":"LAX VOX\u00ae Institute by Stephanie A. Kruse","url":"https:\/\/laxvox-institute.eu\/en\/","logo":{"@type":"ImageObject","inLanguage":"en-US","@id":"https:\/\/laxvox-institute.eu\/en\/#\/schema\/logo\/image\/","url":"https:\/\/laxvox-institute.eu\/wp-content\/uploads\/2021\/01\/LANDINGPAGE_200px_INSTITUTE.webp","contentUrl":"https:\/\/laxvox-institute.eu\/wp-content\/uploads\/2021\/01\/LANDINGPAGE_200px_INSTITUTE.webp","width":200,"height":65,"caption":"LAX VOX\u00ae Institute by Stephanie A. Kruse"},"image":{"@id":"https:\/\/laxvox-institute.eu\/en\/#\/schema\/logo\/image\/"},"sameAs":["https:\/\/www.instagram.com\/laxvox_official\/"]}]}},"_links":{"self":[{"href":"https:\/\/laxvox-institute.eu\/en\/wp-json\/wp\/v2\/product\/56793","targetHints":{"allow":["GET"]}}],"collection":[{"href":"https:\/\/laxvox-institute.eu\/en\/wp-json\/wp\/v2\/product"}],"about":[{"href":"https:\/\/laxvox-institute.eu\/en\/wp-json\/wp\/v2\/types\/product"}],"wp:featuredmedia":[{"embeddable":true,"href":"https:\/\/laxvox-institute.eu\/en\/wp-json\/wp\/v2\/media\/54492"}],"wp:attachment":[{"href":"https:\/\/laxvox-institute.eu\/en\/wp-json\/wp\/v2\/media?parent=56793"}],"wp:term":[{"taxonomy":"product_brand","embeddable":true,"href":"https:\/\/laxvox-institute.eu\/en\/wp-json\/wp\/v2\/product_brand?post=56793"},{"taxonomy":"product_cat","embeddable":true,"href":"https:\/\/laxvox-institute.eu\/en\/wp-json\/wp\/v2\/product_cat?post=56793"},{"taxonomy":"product_tag","embeddable":true,"href":"https:\/\/laxvox-institute.eu\/en\/wp-json\/wp\/v2\/product_tag?post=56793"}],"curies":[{"name":"wp","href":"https:\/\/api.w.org\/{rel}","templated":true}]}}