{"id":56853,"date":"2026-05-06T13:14:36","date_gmt":"2026-05-06T11:14:36","guid":{"rendered":"https:\/\/laxvox-institute.eu\/?post_type=product&#038;p=56853"},"modified":"2026-05-06T15:19:28","modified_gmt":"2026-05-06T13:19:28","slug":"jahreslizenz-lax-vox-master-trainer","status":"publish","type":"product","link":"https:\/\/laxvox-institute.eu\/en\/product\/jahreslizenz-lax-vox-master-trainer\/","title":{"rendered":"Jahreslizenz LAX VOX\u00ae\u00a0Master Trainer"},"content":{"rendered":"<h3><span style=\"color: #1db8dd;\">Sichtbarkeit. Zugeh\u00f6rigkeit. Exklusive Markennutzung.<\/span><\/h3>\n<p>Als LAX VOX\u00ae Master Trainer tr\u00e4gst du unsere Lieblings-\u00dcbung LAX VOX\u00ae in die Welt hinaus. LAX VOX\u00ae ist eine etablierte Marke im Stimmbereich \u2013 deine Zertifizierung und die Nutzung der Marke bringen dir mehr Sichtbarkeit und st\u00e4rken dein berufliches Profil.<\/p>\n<p>Die Jahreslizenzgeb\u00fchr deckt dein Recht ab, die Marke offiziell zur Bewerbung deiner LAX VOX\u00ae-bezogenen Angebote zu nutzen.<\/p>\n<div class=\"gap\" style=\"line-height: 10px; height: 10px;\"><\/div>\n<h4><span style=\"color: #1db8dd;\">Du erh\u00e4ltst:<\/span><\/h4>\n<p><strong>\u2713 Markennutzung:<\/strong> Nutzung der Marke LAX VOX\u00ae zur Bewerbung deiner LAX VOX\u00ae-bezogenen Angebote*<br \/>\n<strong>\u2713 Web-Pr\u00e4senz:<\/strong> Sichtbarkeit auf der Website www.laxvox-institute.eu (befindet sich aktuell im Neuaufbau)<br \/>\n<strong>\u2713 Social Media:<\/strong> M\u00f6glichkeit zur Sichtbarkeit auf Instagram im Rahmen der Aktion &#8220;LAX VOX\u00ae Master Trainer of the Month&#8221;<br \/>\n<strong>\u2713 Fortbildungs-Rabatt:<\/strong> 10 % Rabatt auf Angebote des LAX VOX\u00ae Institute<br \/>\n<strong>\u2713 Shop-Rabatt:<\/strong> 40 % Rabatt im Shop f\u00fcr LAX VOX\u00ae Produkte<br \/>\n<strong>\u2713 Community-Event:<\/strong> Kostenfreie Teilnahme am Programm des LAX VOX\u00ae Master Trainer Summit<br \/>\n<strong>\u2713 Weiterbildung:<\/strong> Kostenfreie Teilnahme an Online-Fortbildungen im LAX VOX\u00ae Institute in der Funktion des Tech-Support<br \/>\n<strong>\u2713 Networking:<\/strong> 24\/7 Zugang zur Networking-Plattform Discord<\/p>\n<div class=\"gap\" style=\"line-height: 10px; height: 10px;\"><\/div>\n<h4><span style=\"color: #1db8dd;\">Aktualisierung &amp; Konditionen:<\/span><\/h4>\n<p>Die Jahreslizenz lag seit 2020 stabil bei 120,00 \u20ac zzgl. MwSt. Ab 2026 wird sie auf <strong>140,00 \u20ac zzgl. 19 % MwSt.<\/strong> angepasst (166,60 \u20ac inkl. MwSt. j\u00e4hrlich \/ ca. 13,88 \u20ac monatlich). Mit der Preisanpassung sind k\u00fcnftig auch alle PayPal-Geb\u00fchren unsererseits abgedeckt.<\/p>\n<p><em>Hinweis: Im ersten Jahr nach deinem Abschluss als LAX VOX\u00ae Master Trainer f\u00e4llt keine Lizenzgeb\u00fchr an.<\/em><\/p>\n<div class=\"gap\" style=\"line-height: 10px; height: 10px;\"><\/div>\n<h4><span style=\"color: #1db8dd;\">Zahlung &amp; Titelnutzung:<\/span><\/h4>\n<p>Mit der Buchung des PayPal-Abos stimmst du den hier beschriebenen Aktualisierungen zu. Das Abonnement wird j\u00e4hrlich zum Zeitpunkt deiner Buchung automatisch verl\u00e4ngert. So musst du an nichts denken und hast volle Planungssicherheit.<\/p>\n<p>Bitte beachte: Da der Titel LAX VOX\u00ae Master Trainer die gesch\u00fctzte Marke beinhaltet, ist die Zahlung der Lizenzgeb\u00fchr verpflichtend f\u00fcr die Nutzung des Titels.<\/p>\n<div class=\"gap\" style=\"line-height: 20px; height: 20px;\"><\/div>\n<div style=\"line-height: 1.6; font-family: sans-serif;\">\n<div style=\"display: flex; align-items: center; margin-top: 10px;\"><\/div>\n<\/div>\n","protected":false},"excerpt":{"rendered":"<div style=\"line-height: 1.6; font-family: sans-serif;\">\n<div style=\"display: flex; align-items: center; margin-bottom: 8px;\">\n        <i class=\"fa fa-refresh\" style=\"margin-right: 12px; width: 20px; text-align: center; color: #1db8dd;\" aria-hidden=\"true\"><\/i><br \/>\n        <span>Zahle bequem per PayPal-Abo<\/span>\n    <\/div>\n<div style=\"display: flex; align-items: center; margin-bottom: 8px;\">\n        <i class=\"fa fa-check-circle-o\" style=\"margin-right: 12px; width: 20px; text-align: center; color: #1db8dd;\" aria-hidden=\"true\"><\/i><br \/>\n        <span>Keine Zahlung vergessen<\/span>\n    <\/div>\n<div style=\"display: flex; align-items: center; margin-bottom: 8px;\">\n        <i class=\"fa fa-calendar-check-o\" style=\"margin-right: 12px; width: 20px; text-align: center; color: #1db8dd;\" aria-hidden=\"true\"><\/i><br \/>\n        <span>Keine \u00fcberraschende Rechnung<\/span>\n    <\/div>\n<div style=\"display: flex; align-items: center; margin-bottom: 20px;\">\n        <i class=\"fa fa-shield\" style=\"margin-right: 12px; width: 20px; text-align: center; color: #1db8dd;\" aria-hidden=\"true\"><\/i><br \/>\n        <span>Sicher &#038; planbar<\/span>\n    <\/div>\n<div style=\"display: flex; align-items: center; margin-bottom: 20px;\">\n        <i class=\"fa fa-tag\" style=\"margin-right: 12px; width: 20px; text-align: center; color: #1db8dd;\" aria-hidden=\"true\"><\/i><br \/>\n        <span><strong>Lizenzgeb\u00fchr: 140,00 \u20ac zzgl. 19 % MwSt.<\/strong><\/span>\n    <\/div>\n<p>    <!-- PayPal Button Container --><\/p>\n<div id=\"paypal-button-container-P-33222019VH864704UNH5T6VY\" style=\"max-width: 300px;\"><\/div>\n<\/div>\n<p><!-- PayPal SDK --><br \/>\n<script src=\"https:\/\/www.paypal.com\/sdk\/js?client-id=AXt4XzqziT4z59CDTwe0vcMYCkafDulMXdavfBhjX7nAZ8BCRs2fD3MMuDkDYMdDD8wjz391X4dbpV_z&#038;vault=true&#038;intent=subscription\" data-sdk-integration-source=\"button-factory\"><\/script><\/p>\n<p><script>\n  paypal.Buttons({\n      style: {\n          shape: 'pill',\n          color: 'blue',\n          layout: 'vertical',\n          label: 'subscribe'\n      },\n      createSubscription: function(data, actions) {\n        return actions.subscription.create({\n          'plan_id': 'P-33222019VH864704UNH5T6VY'\n        });\n      },\n      onApprove: function(data, actions) {\n        alert('Vielen Dank f\u00fcr deine Buchung! Deine Subscription ID lautet: ' + data.subscriptionID);\n      }\n  }).render('#paypal-button-container-P-33222019VH864704UNH5T6VY');\n<\/script><\/p>\n","protected":false},"featured_media":49675,"template":"","meta":[],"product_brand":[],"product_cat":[249,752,944],"product_tag":[],"class_list":{"0":"post-56853","1":"product","2":"type-product","3":"status-publish","4":"has-post-thumbnail","6":"product_cat-lax-vox-singers-training","7":"product_cat-lax-vox-intense","8":"product_cat-fuer-deine-stimme","9":"description-off","11":"first","12":"instock","13":"virtual","14":"sold-individually","15":"product-type-simple"},"bundled_by":[],"bundle_stock_status":"instock","bundle_stock_quantity":null,"bundle_virtual":false,"bundle_layout":"","bundle_add_to_cart_form_location":"","bundle_editable_in_cart":false,"bundle_sold_individually_context":"","bundle_item_grouping":"","bundle_min_size":"","bundle_max_size":"","bundle_price":[],"bundled_items":[],"bundle_sell_ids":[],"yoast_head":"<!-- This site is optimized with the Yoast SEO plugin v27.5 - https:\/\/yoast.com\/product\/yoast-seo-wordpress\/ -->\n<title>Jahreslizenz LAX VOX\u00ae\u00a0Master Trainer - LAX VOX\u00ae Institute by Stephanie A. Kruse<\/title>\n<meta name=\"robots\" content=\"index, follow, max-snippet:-1, max-image-preview:large, max-video-preview:-1\" \/>\n<link rel=\"canonical\" href=\"https:\/\/laxvox-institute.eu\/en\/product\/jahreslizenz-lax-vox-master-trainer\/\" \/>\n<meta property=\"og:locale\" content=\"en_US\" \/>\n<meta property=\"og:type\" content=\"article\" \/>\n<meta property=\"og:title\" content=\"Jahreslizenz LAX VOX\u00ae\u00a0Master Trainer - LAX VOX\u00ae Institute by Stephanie A. Kruse\" \/>\n<meta property=\"og:description\" content=\"Zahle bequem per PayPal-Abo                 Keine Zahlung vergessen                 Keine \u00fcberraschende Rechnung                 Sicher &amp; planbar                    Lizenzgeb\u00fchr: 140,00 \u20ac zzgl. 19 % MwSt.\" \/>\n<meta property=\"og:url\" content=\"https:\/\/laxvox-institute.eu\/en\/product\/jahreslizenz-lax-vox-master-trainer\/\" \/>\n<meta property=\"og:site_name\" content=\"LAX VOX\u00ae Institute by Stephanie A. Kruse\" \/>\n<meta property=\"article:modified_time\" content=\"2026-05-06T13:19:28+00:00\" \/>\n<meta property=\"og:image\" content=\"https:\/\/laxvox-institute.eu\/wp-content\/uploads\/2025\/07\/7.png\" \/>\n\t<meta property=\"og:image:width\" content=\"1000\" \/>\n\t<meta property=\"og:image:height\" content=\"1000\" \/>\n\t<meta property=\"og:image:type\" content=\"image\/png\" \/>\n<meta name=\"twitter:card\" content=\"summary_large_image\" \/>\n<meta name=\"twitter:label1\" content=\"Est. reading time\" \/>\n\t<meta name=\"twitter:data1\" content=\"2 minutes\" \/>\n<script type=\"application\/ld+json\" class=\"yoast-schema-graph\">{\"@context\":\"https:\\\/\\\/schema.org\",\"@graph\":[{\"@type\":\"WebPage\",\"@id\":\"https:\\\/\\\/laxvox-institute.eu\\\/en\\\/product\\\/jahreslizenz-lax-vox-master-trainer\\\/\",\"url\":\"https:\\\/\\\/laxvox-institute.eu\\\/en\\\/product\\\/jahreslizenz-lax-vox-master-trainer\\\/\",\"name\":\"Jahreslizenz LAX VOX\u00ae\u00a0Master Trainer - LAX VOX\u00ae Institute by Stephanie A. Kruse\",\"isPartOf\":{\"@id\":\"https:\\\/\\\/laxvox-institute.eu\\\/en\\\/#website\"},\"primaryImageOfPage\":{\"@id\":\"https:\\\/\\\/laxvox-institute.eu\\\/en\\\/product\\\/jahreslizenz-lax-vox-master-trainer\\\/#primaryimage\"},\"image\":{\"@id\":\"https:\\\/\\\/laxvox-institute.eu\\\/en\\\/product\\\/jahreslizenz-lax-vox-master-trainer\\\/#primaryimage\"},\"thumbnailUrl\":\"https:\\\/\\\/laxvox-institute.eu\\\/wp-content\\\/uploads\\\/2025\\\/07\\\/7.png\",\"datePublished\":\"2026-05-06T11:14:36+00:00\",\"dateModified\":\"2026-05-06T13:19:28+00:00\",\"breadcrumb\":{\"@id\":\"https:\\\/\\\/laxvox-institute.eu\\\/en\\\/product\\\/jahreslizenz-lax-vox-master-trainer\\\/#breadcrumb\"},\"inLanguage\":\"en-US\",\"potentialAction\":[{\"@type\":\"ReadAction\",\"target\":[\"https:\\\/\\\/laxvox-institute.eu\\\/en\\\/product\\\/jahreslizenz-lax-vox-master-trainer\\\/\"]}]},{\"@type\":\"ImageObject\",\"inLanguage\":\"en-US\",\"@id\":\"https:\\\/\\\/laxvox-institute.eu\\\/en\\\/product\\\/jahreslizenz-lax-vox-master-trainer\\\/#primaryimage\",\"url\":\"https:\\\/\\\/laxvox-institute.eu\\\/wp-content\\\/uploads\\\/2025\\\/07\\\/7.png\",\"contentUrl\":\"https:\\\/\\\/laxvox-institute.eu\\\/wp-content\\\/uploads\\\/2025\\\/07\\\/7.png\",\"width\":1000,\"height\":1000},{\"@type\":\"BreadcrumbList\",\"@id\":\"https:\\\/\\\/laxvox-institute.eu\\\/en\\\/product\\\/jahreslizenz-lax-vox-master-trainer\\\/#breadcrumb\",\"itemListElement\":[{\"@type\":\"ListItem\",\"position\":1,\"name\":\"Startseite\",\"item\":\"https:\\\/\\\/laxvox-institute.eu\\\/en\\\/\"},{\"@type\":\"ListItem\",\"position\":2,\"name\":\"Shop\",\"item\":\"https:\\\/\\\/laxvox-institute.eu\\\/en\\\/produkt-archiv\\\/\"},{\"@type\":\"ListItem\",\"position\":3,\"name\":\"Jahreslizenz LAX VOX\u00ae\u00a0Master Trainer\"}]},{\"@type\":\"WebSite\",\"@id\":\"https:\\\/\\\/laxvox-institute.eu\\\/en\\\/#website\",\"url\":\"https:\\\/\\\/laxvox-institute.eu\\\/en\\\/\",\"name\":\"LAX VOX\u00ae Institute by Stephanie A. Kruse\",\"description\":\"Wissen, das hilft! Lerne alles \u00fcber Stimme!\",\"publisher\":{\"@id\":\"https:\\\/\\\/laxvox-institute.eu\\\/en\\\/#organization\"},\"potentialAction\":[{\"@type\":\"SearchAction\",\"target\":{\"@type\":\"EntryPoint\",\"urlTemplate\":\"https:\\\/\\\/laxvox-institute.eu\\\/en\\\/?s={search_term_string}\"},\"query-input\":{\"@type\":\"PropertyValueSpecification\",\"valueRequired\":true,\"valueName\":\"search_term_string\"}}],\"inLanguage\":\"en-US\"},{\"@type\":\"Organization\",\"@id\":\"https:\\\/\\\/laxvox-institute.eu\\\/en\\\/#organization\",\"name\":\"LAX VOX\u00ae Institute by Stephanie A. Kruse\",\"url\":\"https:\\\/\\\/laxvox-institute.eu\\\/en\\\/\",\"logo\":{\"@type\":\"ImageObject\",\"inLanguage\":\"en-US\",\"@id\":\"https:\\\/\\\/laxvox-institute.eu\\\/en\\\/#\\\/schema\\\/logo\\\/image\\\/\",\"url\":\"https:\\\/\\\/laxvox-institute.eu\\\/wp-content\\\/uploads\\\/2021\\\/01\\\/LANDINGPAGE_200px_INSTITUTE.webp\",\"contentUrl\":\"https:\\\/\\\/laxvox-institute.eu\\\/wp-content\\\/uploads\\\/2021\\\/01\\\/LANDINGPAGE_200px_INSTITUTE.webp\",\"width\":200,\"height\":65,\"caption\":\"LAX VOX\u00ae Institute by Stephanie A. Kruse\"},\"image\":{\"@id\":\"https:\\\/\\\/laxvox-institute.eu\\\/en\\\/#\\\/schema\\\/logo\\\/image\\\/\"},\"sameAs\":[\"https:\\\/\\\/www.instagram.com\\\/laxvox_official\\\/\"]}]}<\/script>\n<!-- \/ Yoast SEO plugin. -->","yoast_head_json":{"title":"Jahreslizenz LAX VOX\u00ae\u00a0Master Trainer - LAX VOX\u00ae Institute by Stephanie A. Kruse","robots":{"index":"index","follow":"follow","max-snippet":"max-snippet:-1","max-image-preview":"max-image-preview:large","max-video-preview":"max-video-preview:-1"},"canonical":"https:\/\/laxvox-institute.eu\/en\/product\/jahreslizenz-lax-vox-master-trainer\/","og_locale":"en_US","og_type":"article","og_title":"Jahreslizenz LAX VOX\u00ae\u00a0Master Trainer - LAX VOX\u00ae Institute by Stephanie A. Kruse","og_description":"Zahle bequem per PayPal-Abo                 Keine Zahlung vergessen                 Keine \u00fcberraschende Rechnung                 Sicher & planbar                    Lizenzgeb\u00fchr: 140,00 \u20ac zzgl. 19 % MwSt.","og_url":"https:\/\/laxvox-institute.eu\/en\/product\/jahreslizenz-lax-vox-master-trainer\/","og_site_name":"LAX VOX\u00ae Institute by Stephanie A. Kruse","article_modified_time":"2026-05-06T13:19:28+00:00","og_image":[{"width":1000,"height":1000,"url":"https:\/\/laxvox-institute.eu\/wp-content\/uploads\/2025\/07\/7.png","type":"image\/png"}],"twitter_card":"summary_large_image","twitter_misc":{"Est. reading time":"2 minutes"},"schema":{"@context":"https:\/\/schema.org","@graph":[{"@type":"WebPage","@id":"https:\/\/laxvox-institute.eu\/en\/product\/jahreslizenz-lax-vox-master-trainer\/","url":"https:\/\/laxvox-institute.eu\/en\/product\/jahreslizenz-lax-vox-master-trainer\/","name":"Jahreslizenz LAX VOX\u00ae\u00a0Master Trainer - LAX VOX\u00ae Institute by Stephanie A. Kruse","isPartOf":{"@id":"https:\/\/laxvox-institute.eu\/en\/#website"},"primaryImageOfPage":{"@id":"https:\/\/laxvox-institute.eu\/en\/product\/jahreslizenz-lax-vox-master-trainer\/#primaryimage"},"image":{"@id":"https:\/\/laxvox-institute.eu\/en\/product\/jahreslizenz-lax-vox-master-trainer\/#primaryimage"},"thumbnailUrl":"https:\/\/laxvox-institute.eu\/wp-content\/uploads\/2025\/07\/7.png","datePublished":"2026-05-06T11:14:36+00:00","dateModified":"2026-05-06T13:19:28+00:00","breadcrumb":{"@id":"https:\/\/laxvox-institute.eu\/en\/product\/jahreslizenz-lax-vox-master-trainer\/#breadcrumb"},"inLanguage":"en-US","potentialAction":[{"@type":"ReadAction","target":["https:\/\/laxvox-institute.eu\/en\/product\/jahreslizenz-lax-vox-master-trainer\/"]}]},{"@type":"ImageObject","inLanguage":"en-US","@id":"https:\/\/laxvox-institute.eu\/en\/product\/jahreslizenz-lax-vox-master-trainer\/#primaryimage","url":"https:\/\/laxvox-institute.eu\/wp-content\/uploads\/2025\/07\/7.png","contentUrl":"https:\/\/laxvox-institute.eu\/wp-content\/uploads\/2025\/07\/7.png","width":1000,"height":1000},{"@type":"BreadcrumbList","@id":"https:\/\/laxvox-institute.eu\/en\/product\/jahreslizenz-lax-vox-master-trainer\/#breadcrumb","itemListElement":[{"@type":"ListItem","position":1,"name":"Startseite","item":"https:\/\/laxvox-institute.eu\/en\/"},{"@type":"ListItem","position":2,"name":"Shop","item":"https:\/\/laxvox-institute.eu\/en\/produkt-archiv\/"},{"@type":"ListItem","position":3,"name":"Jahreslizenz LAX VOX\u00ae\u00a0Master Trainer"}]},{"@type":"WebSite","@id":"https:\/\/laxvox-institute.eu\/en\/#website","url":"https:\/\/laxvox-institute.eu\/en\/","name":"LAX VOX\u00ae Institute by Stephanie A. Kruse","description":"Wissen, das hilft! Lerne alles \u00fcber Stimme!","publisher":{"@id":"https:\/\/laxvox-institute.eu\/en\/#organization"},"potentialAction":[{"@type":"SearchAction","target":{"@type":"EntryPoint","urlTemplate":"https:\/\/laxvox-institute.eu\/en\/?s={search_term_string}"},"query-input":{"@type":"PropertyValueSpecification","valueRequired":true,"valueName":"search_term_string"}}],"inLanguage":"en-US"},{"@type":"Organization","@id":"https:\/\/laxvox-institute.eu\/en\/#organization","name":"LAX VOX\u00ae Institute by Stephanie A. Kruse","url":"https:\/\/laxvox-institute.eu\/en\/","logo":{"@type":"ImageObject","inLanguage":"en-US","@id":"https:\/\/laxvox-institute.eu\/en\/#\/schema\/logo\/image\/","url":"https:\/\/laxvox-institute.eu\/wp-content\/uploads\/2021\/01\/LANDINGPAGE_200px_INSTITUTE.webp","contentUrl":"https:\/\/laxvox-institute.eu\/wp-content\/uploads\/2021\/01\/LANDINGPAGE_200px_INSTITUTE.webp","width":200,"height":65,"caption":"LAX VOX\u00ae Institute by Stephanie A. Kruse"},"image":{"@id":"https:\/\/laxvox-institute.eu\/en\/#\/schema\/logo\/image\/"},"sameAs":["https:\/\/www.instagram.com\/laxvox_official\/"]}]}},"_links":{"self":[{"href":"https:\/\/laxvox-institute.eu\/en\/wp-json\/wp\/v2\/product\/56853","targetHints":{"allow":["GET"]}}],"collection":[{"href":"https:\/\/laxvox-institute.eu\/en\/wp-json\/wp\/v2\/product"}],"about":[{"href":"https:\/\/laxvox-institute.eu\/en\/wp-json\/wp\/v2\/types\/product"}],"wp:featuredmedia":[{"embeddable":true,"href":"https:\/\/laxvox-institute.eu\/en\/wp-json\/wp\/v2\/media\/49675"}],"wp:attachment":[{"href":"https:\/\/laxvox-institute.eu\/en\/wp-json\/wp\/v2\/media?parent=56853"}],"wp:term":[{"taxonomy":"product_brand","embeddable":true,"href":"https:\/\/laxvox-institute.eu\/en\/wp-json\/wp\/v2\/product_brand?post=56853"},{"taxonomy":"product_cat","embeddable":true,"href":"https:\/\/laxvox-institute.eu\/en\/wp-json\/wp\/v2\/product_cat?post=56853"},{"taxonomy":"product_tag","embeddable":true,"href":"https:\/\/laxvox-institute.eu\/en\/wp-json\/wp\/v2\/product_tag?post=56853"}],"curies":[{"name":"wp","href":"https:\/\/api.w.org\/{rel}","templated":true}]}}